{"id":177171,"date":"2022-09-05T13:12:14","date_gmt":"2022-09-05T13:12:14","guid":{"rendered":"http:\/\/get-involved\/devenir-un-defenseur-de-linternet\/"},"modified":"2024-04-26T18:04:16","modified_gmt":"2024-04-26T18:04:16","slug":"devenir-un-defenseur-de-linternet","status":"publish","type":"page","link":"https:\/\/www.internetsociety.org\/fr\/get-involved\/advocate\/","title":{"rendered":"Devenir un d\u00e9fenseur de l&rsquo;Internet"},"content":{"rendered":"\n<section class=\"wp-block-uagb-columns uagb-columns__wrap uagb-columns__background-image uagb-columns__stack-mobile uagb-columns__valign- uagb-columns__gap-10 align uagb-block-d6a40f3e uagb-columns__columns-1 uagb-columns__max_width-theme background-image-fallback-black\"><div class=\"uagb-columns__overlay\"><\/div><div class=\"uagb-columns__inner-wrap uagb-columns__columns-1\">\n<div class=\"wp-block-uagb-column uagb-column__wrap uagb-column__background-undefined uagb-block-87a6a79b\"><div class=\"uagb-column__overlay\"><\/div>\n<h1 class=\"wp-block-heading has-neutral-white-color has-text-color\">Devenir un d\u00e9fenseur <br>de l&rsquo;Internet<\/h1>\n<\/div>\n<\/div><\/section>\n\n\n\n<div class=\"wp-block-columns is-layout-flex wp-container-core-columns-is-layout-9d6595d7 wp-block-columns-is-layout-flex\">\n<div class=\"wp-block-column is-layout-flow wp-block-column-is-layout-flow\" style=\"flex-basis:10%\"><\/div>\n\n\n\n<div class=\"wp-block-column is-layout-flow wp-block-column-is-layout-flow\" style=\"flex-basis:80%\">\n<div style=\"height:40px\" aria-hidden=\"true\" class=\"wp-block-spacer uag-hide-mob\"><\/div>\n\n\n\n<h2 class=\"wp-block-heading has-accent-purple-color has-text-color has-32-font-size\" id=\"ixps-improve-the-end-user-experience-lower-cost-of-access-and-prompt-development-of-local-internet-ecosystems-and-cross-border-interconnection\">Il est vrai que l&rsquo;Internet a radicalement chang\u00e9 notre vie pour le mieux. Il nous offre des possibilit\u00e9s virtuellement infinies d&rsquo;innover et de collaborer pour le bien collectif.<\/h2>\n\n\n\n<div style=\"height:40px\" aria-hidden=\"true\" class=\"wp-block-spacer\"><\/div>\n\n\n\n<p class=\"has-18-font-size\">Son succ\u00e8s repose sur un ensemble de cinq caract\u00e9ristiques dont l&rsquo;Internet a besoin pour fonctionner au b\u00e9n\u00e9fice de tous. Nous appelons ce principe le \u00ab\u00a0mode de fonctionnement du r\u00e9seau Internet\u00a0\u00bb et ne devons pas le consid\u00e9rer comme acquis.<\/p>\n\n\n\n<p class=\"has-18-font-size\">Ce qui fait la grandeur de l&rsquo;Internet le rend \u00e9galement vuln\u00e9rable. Les gouvernements et les entreprises prennent de plus en plus de d\u00e9cisions susceptibles de nuire \u00e0 l&rsquo;Internet, sans m\u00eame le savoir. Nous devons le prot\u00e9ger des mauvaises d\u00e9cisions, sous peine de le voir dispara\u00eetre compl\u00e8tement.<\/p>\n\n\n\n<p class=\"has-18-font-size\">Il nous incombe \u00e0 tous de prot\u00e9ger et de d\u00e9fendre ce dont l&rsquo;Internet a besoin pour <a href=\"https:\/\/www.internetsociety.org\/fr\/resources\/doc\/2020\/internet-impact-assessment-toolkit\/critical-properties-of-the-internet\/\" target=\"_blank\" rel=\"noreferrer noopener\">exister<\/a> et <a href=\"https:\/\/www.internetsociety.org\/fr\/resources\/doc\/2021\/enablers-of-open-globally-connected-secure-trustworthy-internet\/\" target=\"_blank\" rel=\"noreferrer noopener\">prosp\u00e9rer<\/a>. Il faut \u00e9viter \u00e0 tout prix que <a href=\"https:\/\/www.internetsociety.org\/fr\/action-plan\/protecting-the-internet-against-fragmentation\/\">l&rsquo;Internet ne devienne un \u00ab\u00a0Splinternet\u00a0\u00bb<\/a>.<\/p>\n\n\n\n<div style=\"height:20px\" aria-hidden=\"true\" class=\"wp-block-spacer uag-hide-mob\"><\/div>\n<\/div>\n\n\n\n<div class=\"wp-block-column uag-hide-mob is-layout-flow wp-block-column-is-layout-flow\" style=\"flex-basis:10%\"><\/div>\n<\/div>\n\n\n\n<div class=\"wp-block-columns margin-bottom-0 has-neutral-white-background-color has-background is-layout-flex wp-container-core-columns-is-layout-9d6595d7 wp-block-columns-is-layout-flex\">\n<div class=\"wp-block-column is-layout-flow wp-block-column-is-layout-flow\" style=\"flex-basis:10%\"><\/div>\n\n\n\n<div class=\"wp-block-column is-layout-flow wp-block-column-is-layout-flow\" style=\"flex-basis:80%\">\n<div style=\"height:40px\" aria-hidden=\"true\" class=\"wp-block-spacer uag-hide-mob\"><\/div>\n\n\n\n<h3 class=\"wp-block-heading has-32-font-size\">Comment puis-je d\u00e9fendre l&rsquo;Internet ?<\/h3>\n\n\n\n<div style=\"height:20px\" aria-hidden=\"true\" class=\"wp-block-spacer\"><\/div>\n\n\n\n<p class=\"has-18-font-size\">Nous avons besoin de votre aide. Si vous disposez de cinq minutes, cinq heures, ou m\u00eame plus, vous pouvez promouvoir, prot\u00e9ger et d\u00e9fendre un Internet ouvert, connect\u00e9 au monde entier, s\u00e9curis\u00e9 et digne de confiance. L&rsquo;union fait la force. Toujours.<\/p>\n\n\n\n<p class=\"has-18-font-size\">Voici comment vous pouvez nous aider :<\/p>\n\n\n\n<section class=\"wp-block-uagb-columns uagb-columns__wrap uagb-columns__background-none uagb-columns__stack-mobile uagb-columns__valign- uagb-columns__gap-10 align uagb-block-1e8f26b5 uagb-columns__columns-2 uagb-columns__max_width-theme\"><div class=\"uagb-columns__overlay\"><\/div><div class=\"uagb-columns__inner-wrap uagb-columns__columns-2\">\n<div class=\"wp-block-uagb-column uagb-column__wrap uagb-column__background-color uagb-block-00ccde81 background-image-fallback-black\"><div class=\"uagb-column__overlay\"><\/div>\n<div class=\"wp-block-columns are-vertically-aligned-center is-layout-flex wp-container-core-columns-is-layout-9d6595d7 wp-block-columns-is-layout-flex\">\n<div class=\"wp-block-column is-vertically-aligned-center is-layout-flow wp-block-column-is-layout-flow\" style=\"flex-basis:10%\"><div id=\"svgItem-1\" aria-label=\"SVG image showing numbers: 1\" class=\"number_wrapper\" style=\"background-color:transparent; text-align:center\"><svg aria-labelledby=\"svgItem-1\" aria-label=\"1\" role=\"img\" class=\"number number-1 medium-small\"><use xmlns:xlink=\"http:\/\/www.w3.org\/1999\/xlink\" xlink:href=\"#icon-1\"><\/use><\/svg><\/div><\/div>\n\n\n\n<div class=\"wp-block-column is-vertically-aligned-center is-layout-flow wp-block-column-is-layout-flow\" style=\"flex-basis:90%\">\n<div style=\"height:20px\" aria-hidden=\"true\" class=\"wp-block-spacer\"><\/div>\n\n\n\n<h4 class=\"wp-block-heading has-neutral-white-color has-text-color\">En flairant<\/h4>\n\n\n\n<div style=\"height:20px\" aria-hidden=\"true\" class=\"wp-block-spacer\"><\/div>\n\n\n\n<p class=\"has-neutral-white-color has-text-color has-18-font-size\">Rep\u00e9rez un projet de loi, une d\u00e9cision commerciale ou un d\u00e9veloppement technologique qui pourrait compromettre un Internet ouvert, connect\u00e9 au monde entier, s\u00fbr et fiable.<\/p>\n\n\n\n<p class=\"has-neutral-white-color has-text-color has-18-font-size\"><a href=\"https:\/\/app.smartsheet.com\/b\/form\/fe81a0ff61fd4fd497d8f41084e34faa\">Faites-nous savoir<\/a>.<\/p>\n<\/div>\n<\/div>\n<\/div>\n\n\n\n<div class=\"wp-block-uagb-column uagb-column__wrap uagb-column__background-color uagb-block-96a5913a background-image-fallback-black\"><div class=\"uagb-column__overlay\"><\/div>\n<div class=\"wp-block-columns are-vertically-aligned-center is-layout-flex wp-container-core-columns-is-layout-9d6595d7 wp-block-columns-is-layout-flex\">\n<div class=\"wp-block-column is-vertically-aligned-center is-layout-flow wp-block-column-is-layout-flow\" style=\"flex-basis:10%\"><div id=\"svgItem-2\" aria-label=\"SVG image showing numbers: 2\" class=\"number_wrapper\" style=\"background-color:transparent; text-align:center\"><svg aria-labelledby=\"svgItem-2\" aria-label=\"2\" role=\"img\" class=\"number number-2 medium-small\"><use xmlns:xlink=\"http:\/\/www.w3.org\/1999\/xlink\" xlink:href=\"#icon-2\"><\/use><\/svg><\/div><\/div>\n\n\n\n<div class=\"wp-block-column is-vertically-aligned-center is-layout-flow wp-block-column-is-layout-flow\" style=\"flex-basis:90%\">\n<div style=\"height:20px\" aria-hidden=\"true\" class=\"wp-block-spacer\"><\/div>\n\n\n\n<h4 class=\"wp-block-heading o-typing-delay-1s has-neutral-white-color has-text-color\">En analysant<\/h4>\n\n\n\n<div style=\"height:20px\" aria-hidden=\"true\" class=\"wp-block-spacer\"><\/div>\n\n\n\n<p class=\"has-neutral-white-color has-text-color has-18-font-size\">Utilisez le kit d\u2019\u00e9valuation de l\u2019impact sur l\u2019Internet pour comprendre comment un probl\u00e8me est susceptible de favoriser ou de menacer ce dont l\u2019Internet a besoin pour exister et prosp\u00e9rer.<\/p>\n\n\n\n<p class=\"has-neutral-white-color has-text-color has-18-font-size\"><a href=\"https:\/\/www.internetsociety.org\/fr\/blog\/2021\/11\/fiches-dimpact-internet-une-nouvelle-facon-devaluer-comment-les-politiques-peuvent-affecter-linternet-et-comment-creer-la-votre\/\">Apprendre \u00e0 analyser une menace<\/a>.<\/p>\n<\/div>\n<\/div>\n<\/div>\n<\/div><\/section>\n\n\n\n<section class=\"wp-block-uagb-columns uagb-columns__wrap uagb-columns__background-none uagb-columns__stack-mobile uagb-columns__valign- uagb-columns__gap-10 align uagb-block-54f56c6c uagb-columns__columns-2 uagb-columns__max_width-theme\"><div class=\"uagb-columns__overlay\"><\/div><div class=\"uagb-columns__inner-wrap uagb-columns__columns-2\">\n<div class=\"wp-block-uagb-column uagb-column__wrap uagb-column__background-color uagb-block-ce8bc33b background-image-fallback-black\"><div class=\"uagb-column__overlay\"><\/div>\n<div class=\"wp-block-columns are-vertically-aligned-center is-layout-flex wp-container-core-columns-is-layout-9d6595d7 wp-block-columns-is-layout-flex\">\n<div class=\"wp-block-column is-vertically-aligned-center is-layout-flow wp-block-column-is-layout-flow\" style=\"flex-basis:10%\"><div id=\"svgItem-3\" aria-label=\"SVG image showing numbers: 3\" class=\"number_wrapper\" style=\"background-color:transparent; text-align:center\"><svg aria-labelledby=\"svgItem-3\" aria-label=\"3\" role=\"img\" class=\"number number-3 medium-small\"><use xmlns:xlink=\"http:\/\/www.w3.org\/1999\/xlink\" xlink:href=\"#icon-3\"><\/use><\/svg><\/div><\/div>\n\n\n\n<div class=\"wp-block-column is-vertically-aligned-center is-layout-flow wp-block-column-is-layout-flow\" style=\"flex-basis:90%\">\n<div style=\"height:20px\" aria-hidden=\"true\" class=\"wp-block-spacer\"><\/div>\n\n\n\n<h4 class=\"wp-block-heading o-typing-delay-3s has-neutral-white-color has-text-color\">En \u00e9laborant des strat\u00e9gies<\/h4>\n\n\n\n<div style=\"height:20px\" aria-hidden=\"true\" class=\"wp-block-spacer\"><\/div>\n\n\n\n<p class=\"has-neutral-white-color has-text-color has-18-font-size\">Identifiez les enjeux de sensibilisation et \u00e9laborez une strat\u00e9gie visant \u00e0 promouvoir, prot\u00e9ger et d\u00e9fendre l\u2019Internet.<\/p>\n\n\n\n<p class=\"has-neutral-white-color has-text-color has-18-font-size\"><a href=\"https:\/\/www.internetsociety.org\/wp-content\/uploads\/2022\/09\/SMART-Advocacy-Goals-FR.pdf\">Commencez avec des objectifs de plaidoyer SMART<\/a>.<\/p>\n<\/div>\n<\/div>\n<\/div>\n\n\n\n<div class=\"wp-block-uagb-column uagb-column__wrap uagb-column__background-color uagb-block-b950ad1d background-image-fallback-black\"><div class=\"uagb-column__overlay\"><\/div>\n<div class=\"wp-block-columns are-vertically-aligned-center is-layout-flex wp-container-core-columns-is-layout-9d6595d7 wp-block-columns-is-layout-flex\">\n<div class=\"wp-block-column is-vertically-aligned-center is-layout-flow wp-block-column-is-layout-flow\" style=\"flex-basis:10%\"><div id=\"svgItem-4\" aria-label=\"SVG image showing numbers: 4\" class=\"number_wrapper\" style=\"background-color:transparent; text-align:center\"><svg aria-labelledby=\"svgItem-4\" aria-label=\"4\" role=\"img\" class=\"number number-4 medium-small\"><use xmlns:xlink=\"http:\/\/www.w3.org\/1999\/xlink\" xlink:href=\"#icon-4\"><\/use><\/svg><\/div><\/div>\n\n\n\n<div class=\"wp-block-column is-vertically-aligned-center is-layout-flow wp-block-column-is-layout-flow\" style=\"flex-basis:90%\">\n<div style=\"height:20px\" aria-hidden=\"true\" class=\"wp-block-spacer\"><\/div>\n\n\n\n<h4 class=\"wp-block-heading o-typing-delay-5s has-neutral-white-color has-text-color\">Ensemble<\/h4>\n\n\n\n<div style=\"height:20px\" aria-hidden=\"true\" class=\"wp-block-spacer\"><\/div>\n\n\n\n<p class=\"has-neutral-white-color has-text-color has-18-font-size\">Adh\u00e9rez \u00e0 un mouvement mondial de d\u00e9fenseurs de l\u2019Internet partageant les m\u00eames id\u00e9es afin que nous maximisions notre impact.<\/p>\n\n\n\n<p class=\"has-neutral-white-color has-text-color has-18-font-size\"><a href=\"https:\/\/www.internetsociety.org\/fr\/become-a-member\/\">Devenir un membre de l\u2019Internet Society<\/a>.<\/p>\n<\/div>\n<\/div>\n<\/div>\n<\/div><\/section>\n\n\n\n<p class=\"has-18-font-size\">Pour acc\u00e9der \u00e0 ces ressources,\u00a0<a href=\"https:\/\/www.internetsociety.org\/get-involved\/advocate\/#resources\">visitez notre page en anglais<\/a>.<\/p>\n\n\n\n<div style=\"height:40px\" aria-hidden=\"true\" class=\"wp-block-spacer uag-hide-mob\"><\/div>\n<\/div>\n\n\n\n<div class=\"wp-block-column is-layout-flow wp-block-column-is-layout-flow\" style=\"flex-basis:10%\"><\/div>\n<\/div>\n\n\n\n<div class=\"wp-block-columns is-layout-flex wp-container-core-columns-is-layout-9d6595d7 wp-block-columns-is-layout-flex\">\n<div class=\"wp-block-column is-layout-flow wp-block-column-is-layout-flow\" style=\"flex-basis:10%\"><\/div>\n\n\n\n<div class=\"wp-block-column is-layout-flow wp-block-column-is-layout-flow\" style=\"flex-basis:50%\">\n<div style=\"height:40px\" aria-hidden=\"true\" class=\"wp-block-spacer uag-hide-mob\"><\/div>\n\n\n\n<h4 class=\"wp-block-heading\" id=\"ixps-improve-the-end-user-experience-lower-cost-of-access-and-prompt-development-of-local-internet-ecosystems-and-cross-border-interconnection\">Nos membres en action<\/h4>\n\n\n\n<div style=\"height:20px\" aria-hidden=\"true\" class=\"wp-block-spacer\"><\/div>\n\n\n\n<p class=\"has-18-font-size\">Voici comment certains membres de l&rsquo;Internet Society d\u00e9fendent.<\/p>\n\n\n\n<ul style=\"color:#1d69d3\" class=\"has-text-color has-link-color has-18-font-size wp-block-list wp-elements-660e222ba73bfe81257516375b80113f\">\n<li><a href=\"https:\/\/vimeo.com\/742399083\/8b3897c0fa?share=copy\">Br\u00e9sil<\/a><\/li>\n\n\n\n<li><a href=\"https:\/\/vimeo.com\/742402021\/9426fa24e2?share=copy\">Inde<\/a><\/li>\n\n\n\n<li><a href=\"https:\/\/vimeo.com\/742400527\/c961682041\">Nig\u00e9ria<\/a><\/li>\n\n\n\n<li><a href=\"https:\/\/vimeo.com\/742396849\/ed82664cde?share=copy\">Royaume-Uni<\/a><\/li>\n<\/ul>\n\n\n\n<div style=\"height:20px\" aria-hidden=\"true\" class=\"wp-block-spacer uag-hide-mob\"><\/div>\n<\/div>\n\n\n\n<div class=\"wp-block-column is-layout-flow wp-block-column-is-layout-flow\" style=\"flex-basis:30%\">\n<div style=\"height:40px\" aria-hidden=\"true\" class=\"wp-block-spacer uag-hide-mob\"><\/div>\n\n\n\n<div style=\"padding:56.25% 0 0 0;position:relative;\"><iframe src=\"https:\/\/player.vimeo.com\/video\/742396849?h=ed82664cde&amp;badge=0&amp;autopause=0&amp;player_id=0&amp;app_id=58479\" frameborder=\"0\" allow=\"autoplay; fullscreen; picture-in-picture\" allowfullscreen=\"\" style=\"position:absolute;top:0;left:0;width:100%;height:100%;\" title=\"Internet Way of Networking Case Study: United Kingdom\"><\/iframe><\/div><script src=\"https:\/\/player.vimeo.com\/api\/player.js\"><\/script>\n\n\n\n<div style=\"height:30px\" aria-hidden=\"true\" class=\"wp-block-spacer\"><\/div>\n<\/div>\n\n\n\n<div class=\"wp-block-column is-layout-flow wp-block-column-is-layout-flow\" style=\"flex-basis:10%\"><\/div>\n<\/div>\n\n\n\n<p class=\"has-text-align-center has-neutral-white-color has-ground-navy-background-color has-text-color has-background has-12-font-size\">Droit de auteur:<br>\u00a9\u00a9Frederic Courbet\/Panos Pictures<\/p>\n","protected":false},"excerpt":{"rendered":"<p>Nous invitons tout le monde \u00e0 d\u00e9fendre l\u2019Internet et pour cela nous avons rendu la t\u00e2che facile. Voici quelques id\u00e9es pour vous aider \u00e0 d\u00e9marrer.<\/p>\n","protected":false},"author":46,"featured_media":176800,"parent":147584,"menu_order":0,"comment_status":"closed","ping_status":"closed","template":"page-wide.php","meta":{"_acf_changed":false,"_uag_custom_page_level_css":"","footnotes":""},"categories":[],"tags":[],"region_news_regions":[],"content_category":[],"ppma_author":[4057],"class_list":["post-177171","page","type-page","status-publish","has-post-thumbnail","hentry"],"acf":[],"uagb_featured_image_src":{"full":["https:\/\/www.internetsociety.org\/wp-content\/uploads\/2022\/08\/fellow_portraits-56-min.jpg",1400,783,false],"thumbnail":["https:\/\/www.internetsociety.org\/wp-content\/uploads\/2022\/08\/fellow_portraits-56-min-150x150.jpg",150,150,true],"medium":["https:\/\/www.internetsociety.org\/wp-content\/uploads\/2022\/08\/fellow_portraits-56-min-450x252.jpg",450,252,true],"medium_large":["https:\/\/www.internetsociety.org\/wp-content\/uploads\/2022\/08\/fellow_portraits-56-min-768x430.jpg",768,430,true],"large":["https:\/\/www.internetsociety.org\/wp-content\/uploads\/2022\/08\/fellow_portraits-56-min-1024x573.jpg",1024,573,true],"1536x1536":["https:\/\/www.internetsociety.org\/wp-content\/uploads\/2022\/08\/fellow_portraits-56-min.jpg",1400,783,false],"2048x2048":["https:\/\/www.internetsociety.org\/wp-content\/uploads\/2022\/08\/fellow_portraits-56-min.jpg",1400,783,false],"post-thumbnail":["https:\/\/www.internetsociety.org\/wp-content\/uploads\/2022\/08\/fellow_portraits-56-min-250x140.jpg",250,140,true],"square":["https:\/\/www.internetsociety.org\/wp-content\/uploads\/2022\/08\/fellow_portraits-56-min-600x600.jpg",600,600,true],"gform-image-choice-sm":["https:\/\/www.internetsociety.org\/wp-content\/uploads\/2022\/08\/fellow_portraits-56-min.jpg",300,168,false],"gform-image-choice-md":["https:\/\/www.internetsociety.org\/wp-content\/uploads\/2022\/08\/fellow_portraits-56-min.jpg",400,224,false],"gform-image-choice-lg":["https:\/\/www.internetsociety.org\/wp-content\/uploads\/2022\/08\/fellow_portraits-56-min.jpg",600,336,false]},"uagb_author_info":{"display_name":"Ivana Trbovic","author_link":"https:\/\/www.internetsociety.org\/fr\/author\/trbovic\/"},"uagb_comment_info":0,"uagb_excerpt":"Nous invitons tout le monde \u00e0 d\u00e9fendre l\u2019Internet et pour cela nous avons rendu la t\u00e2che facile. Voici quelques id\u00e9es pour vous aider \u00e0 d\u00e9marrer.","_links":{"self":[{"href":"https:\/\/www.internetsociety.org\/fr\/wp-json\/wp\/v2\/pages\/177171","targetHints":{"allow":["GET"]}}],"collection":[{"href":"https:\/\/www.internetsociety.org\/fr\/wp-json\/wp\/v2\/pages"}],"about":[{"href":"https:\/\/www.internetsociety.org\/fr\/wp-json\/wp\/v2\/types\/page"}],"author":[{"embeddable":true,"href":"https:\/\/www.internetsociety.org\/fr\/wp-json\/wp\/v2\/users\/46"}],"replies":[{"embeddable":true,"href":"https:\/\/www.internetsociety.org\/fr\/wp-json\/wp\/v2\/comments?post=177171"}],"version-history":[{"count":0,"href":"https:\/\/www.internetsociety.org\/fr\/wp-json\/wp\/v2\/pages\/177171\/revisions"}],"up":[{"embeddable":true,"href":"https:\/\/www.internetsociety.org\/fr\/wp-json\/wp\/v2\/pages\/147584"}],"wp:featuredmedia":[{"embeddable":true,"href":"https:\/\/www.internetsociety.org\/fr\/wp-json\/wp\/v2\/media\/176800"}],"wp:attachment":[{"href":"https:\/\/www.internetsociety.org\/fr\/wp-json\/wp\/v2\/media?parent=177171"}],"wp:term":[{"taxonomy":"category","embeddable":true,"href":"https:\/\/www.internetsociety.org\/fr\/wp-json\/wp\/v2\/categories?post=177171"},{"taxonomy":"post_tag","embeddable":true,"href":"https:\/\/www.internetsociety.org\/fr\/wp-json\/wp\/v2\/tags?post=177171"},{"taxonomy":"region_news_regions","embeddable":true,"href":"https:\/\/www.internetsociety.org\/fr\/wp-json\/wp\/v2\/region_news_regions?post=177171"},{"taxonomy":"content_category","embeddable":true,"href":"https:\/\/www.internetsociety.org\/fr\/wp-json\/wp\/v2\/content_category?post=177171"},{"taxonomy":"author","embeddable":true,"href":"https:\/\/www.internetsociety.org\/fr\/wp-json\/wp\/v2\/ppma_author?post=177171"}],"curies":[{"name":"wp","href":"https:\/\/api.w.org\/{rel}","templated":true}]}}