{"id":177169,"date":"2022-09-05T13:22:42","date_gmt":"2022-09-05T13:22:42","guid":{"rendered":"https:\/\/www.internetsociety.org\/?page_id=177169"},"modified":"2025-09-22T11:52:43","modified_gmt":"2025-09-22T11:52:43","slug":"alumni-network","status":"publish","type":"page","link":"https:\/\/www.internetsociety.org\/fr\/shaping-future-of-the-internet\/alumni-network\/","title":{"rendered":"Pr\u00e9sentation de notre r\u00e9seau d\u2019anciens \u00e9l\u00e8ves"},"content":{"rendered":"\n<div class=\"wp-block-cover\" style=\"min-height:470px;aspect-ratio:unset;\"><img loading=\"lazy\" decoding=\"async\" width=\"1497\" height=\"711\" class=\"wp-block-cover__image-background wp-image-177211\" alt=\"a young woman and a man talk at a conference\" src=\"https:\/\/www.internetsociety.org\/wp-content\/uploads\/2022\/09\/woman-man-talk.jpg\" style=\"object-position:50% 50%\" data-object-fit=\"cover\" data-object-position=\"50% 50%\" srcset=\"https:\/\/www.internetsociety.org\/wp-content\/uploads\/2022\/09\/woman-man-talk.jpg 1497w, https:\/\/www.internetsociety.org\/wp-content\/uploads\/2022\/09\/woman-man-talk-450x214.jpg 450w, https:\/\/www.internetsociety.org\/wp-content\/uploads\/2022\/09\/woman-man-talk-1024x486.jpg 1024w, https:\/\/www.internetsociety.org\/wp-content\/uploads\/2022\/09\/woman-man-talk-768x365.jpg 768w, https:\/\/www.internetsociety.org\/wp-content\/uploads\/2022\/09\/woman-man-talk-250x119.jpg 250w\" sizes=\"auto, (max-width: 1497px) 100vw, 1497px\" \/><span aria-hidden=\"true\" class=\"wp-block-cover__background has-background-dim-0 has-background-dim\"><\/span><div class=\"wp-block-cover__inner-container is-layout-flow wp-block-cover-is-layout-flow\">\n<p class=\"has-text-align-center has-large-font-size\"><\/p>\n<\/div><\/div>\n\n\n\n<section class=\"wp-block-uagb-columns uagb-columns__wrap uagb-columns__background-color uagb-columns__stack-mobile uagb-columns__valign- uagb-columns__gap-10 align uagb-block-a8c518b3 uagb-columns__columns-2 uagb-columns__max_width-theme\"><div class=\"uagb-columns__overlay\"><\/div><div class=\"uagb-columns__inner-wrap uagb-columns__columns-2\">\n<div class=\"wp-block-uagb-column uagb-column__wrap uagb-column__background-color uagb-block-8fef04e1\"><div class=\"uagb-column__overlay\"><\/div>\n<section class=\"wp-block-uagb-columns uagb-columns__wrap uagb-columns__background-color uagb-columns__stack-mobile uagb-columns__valign- uagb-columns__gap-10 align uagb-block-5e369266 uagb-columns__columns-1 uagb-columns__max_width-theme background-image-fallback-black\"><div class=\"uagb-columns__overlay\"><\/div><div class=\"uagb-columns__inner-wrap uagb-columns__columns-1\">\n<div class=\"wp-block-uagb-column uagb-column__wrap uagb-column__background-undefined uagb-block-eb7ec96a\"><div class=\"uagb-column__overlay\"><\/div>\n<h5 class=\"wp-block-heading has-neutral-white-color has-text-color\" id=\"at-a-glance\">En un coup d&rsquo;\u0153il<\/h5>\n\n\n\n<div style=\"height:20px\" aria-hidden=\"true\" class=\"wp-block-spacer\"><\/div>\n\n\n\n<p class=\"has-neutral-white-color has-text-color has-18-font-size\">Statut actuel : <br>Ouvert<\/p>\n\n\n\n<p class=\"has-neutral-white-color has-text-color has-18-font-size\"><a href=\"#eligibility\">Admissibilit\u00e9<\/a><\/p>\n\n\n\n<p class=\"has-neutral-white-color has-text-color has-18-font-size\"><a href=\"#join\">Rejoindre le r\u00e9seau<\/a><\/p>\n<\/div>\n<\/div><\/section>\n<\/div>\n\n\n\n<div class=\"wp-block-uagb-column uagb-column__wrap uagb-column__background-undefined uagb-block-433f0e6c\"><div class=\"uagb-column__overlay\"><\/div>\n<h1 class=\"wp-block-heading has-accent-purple-color has-text-color\" id=\"early-career-fellowship\">R\u00e9seau d&rsquo;anciens \u00e9l\u00e8ves<\/h1>\n\n\n\n<div style=\"height:30px\" aria-hidden=\"true\" class=\"wp-block-spacer\"><\/div>\n\n\n\n<p>Une fois que votre dipl\u00f4me est obtenu dans le cadre de l\u2019un de nos programmes de formation \u00e0 la direction, \u00e0 l\u2019\u00e9laboration de politiques ou \u00e0 l\u2019expertise technique, ou que vous compl\u00e9tez un parcours de formation, votre chemin ne doit pas s\u2019arr\u00eater l\u00e0. Vous pourrez rejoindre un r\u00e9seau interactif de d\u00e9fenseurs de l&rsquo;Internet.<\/p>\n\n\n\n<p>Le r\u00e9seau d&rsquo;anciens \u00e9l\u00e8ves vous aide \u00e0 rester en contact, \u00e0 d\u00e9velopper vos comp\u00e9tences et \u00e0 mieux r\u00e9ussir sur le march\u00e9 du travail. <\/p>\n\n\n\n<p class=\"has-accent-purple-color has-text-color\"><strong>En rejoignant le r\u00e9seau d&rsquo;anciens \u00e9l\u00e8ves, il vous sera possible de continuer \u00e0 collaborer pour d\u00e9fendre un Internet ouvert, connect\u00e9 au monde entier, s\u00e9curis\u00e9 et digne de confiance.<\/strong><\/p>\n\n\n\n<div style=\"height:20px\" aria-hidden=\"true\" class=\"wp-block-spacer\"><\/div>\n\n\n\n<h2 class=\"wp-block-heading has-accent-purple-color has-text-color has-48-font-size\">Une occasion de nouer des liens de qualit\u00e9, d\u2019apprendre en permanence et de prendre des initiatives au sein de la communaut\u00e9<\/h2>\n\n\n\n<div style=\"height:20px\" aria-hidden=\"true\" class=\"wp-block-spacer\"><\/div>\n\n\n\n<p>Cr\u00e9ez des liens de qualit\u00e9 en vous engageant aupr\u00e8s d&rsquo;une communaut\u00e9 dynamique de pairs pour r\u00e9soudre les probl\u00e8mes et d\u00e9fendre l&rsquo;Internet tout en restant inform\u00e9 des nouvelles opportunit\u00e9s de collaboration.<\/p>\n\n\n\n<p>En ayant acc\u00e8s \u00e0 vie \u00e0 nos programmes d\u2019apprentissage, aux formations des partenaires et aux opportunit\u00e9s de carri\u00e8re, vous continuerez \u00e0 am\u00e9liorer vos comp\u00e9tences et \u00e0 d\u00e9velopper vos aptitudes.<\/p>\n\n\n\n<p>Vous aurez acc\u00e8s aux lanceurs d\u2019id\u00e9e du secteur, aux pionniers de l\u2019Internet et aux experts en la mati\u00e8re, ce qui vous apportera le soutien dont vous avez besoin pour continuer \u00e0 d\u00e9velopper et \u00e0 renforcer l\u2019Internet. Et bien \u00e9videmment, en tant que leader d\u2019Internet vous-m\u00eame, vous pouvez \u00e9galement partager vos exp\u00e9riences et vos connaissances avec d\u2019autres personnes.<\/p>\n\n\n\n<div style=\"height:20px\" aria-hidden=\"true\" class=\"wp-block-spacer\"><\/div>\n\n\n\n<h3 class=\"wp-block-heading has-accent-purple-color has-text-color\">Quelles sont les implications ?<\/h3>\n\n\n\n<div style=\"height:20px\" aria-hidden=\"true\" class=\"wp-block-spacer\"><\/div>\n\n\n\n<p>Via le r\u00e9seau d&rsquo;anciens \u00e9l\u00e8ves, vous pourrez : <\/p>\n\n\n\n<ul class=\"wp-block-list\">\n<li>Participer activement \u00e0 l\u2019avancement des projets, des initiatives et de la mission de l\u2019Internet Society.<\/li>\n\n\n\n<li>Rejoindre un \u00e9v\u00e9nement annuel r\u00e9serv\u00e9 aux anciens \u00e9l\u00e8ves pour saluer les r\u00e9sultats obtenus tout au long de l\u2019ann\u00e9e et rencontrer la communaut\u00e9 de l\u2019Internet Society dans son ensemble.<\/li>\n\n\n\n<li>Acc\u00e9l\u00e9rez la progression de votre carri\u00e8re \u00e0 travers les opportunit\u00e9s de formation et d\u2019apprentissage du secteur de l\u2019Internet.<\/li>\n\n\n\n<li>\u00c9tablir des liens avec les membres et les partenaires de l\u2019Internet Society.<\/li>\n\n\n\n<li>Participer \u00e0 des discussions de groupe, des discussions informelles, des caf\u00e9s virtuels et des tables rondes.<\/li>\n\n\n\n<li>Apprenez aupr\u00e8s des lanceurs d\u2019id\u00e9e du secteur industriel, du monde politique et universitaire.<\/li>\n\n\n\n<li>D\u00e9velopper des comp\u00e9tences sp\u00e9cifiques pour \u00eatre plus efficace sur le march\u00e9 du travail.<\/li>\n\n\n\n<li>Acqu\u00e9rir les comp\u00e9tences pertinentes et d\u00e9couvrir \u00e0 propos d\u2019autres vocations li\u00e9es \u00e0 l\u2019Internet.<\/li>\n\n\n\n<li>Et bien plus encore !<\/li>\n<\/ul>\n\n\n\n<div style=\"height:20px\" aria-hidden=\"true\" class=\"wp-block-spacer\"><\/div>\n\n\n\n<h3 class=\"wp-block-heading has-accent-purple-color has-text-color\" id=\"eligibility\">Qui peut participer ? <\/h3>\n\n\n\n<div style=\"height:20px\" aria-hidden=\"true\" class=\"wp-block-spacer\"><\/div>\n\n\n\n<p>Le r\u00e9seau d&rsquo;anciens \u00e9l\u00e8ves est ouvert aux groupes suivants : <\/p>\n\n\n\n<ul class=\"wp-block-list\">\n<li>Boursiers en d\u00e9but de carri\u00e8re <\/li>\n\n\n\n<li>Boursiers en milieu de carri\u00e8re <\/li>\n\n\n\n<li>Jeunes ambassadeurs <\/li>\n\n\n\n<li>Jeunes ambassadeurs de l&rsquo;IGF <\/li>\n\n\n\n<li>Boursiers Youth@IGF <\/li>\n\n\n\n<li>Ambassadeurs IGF <\/li>\n\n\n\n<li>Boursiers de peering<\/li>\n\n\n\n<li>Boursiers communautaires<\/li>\n\n\n\n<li>Les participants au Programme des d\u00e9cideurs politiques<\/li>\n\n\n\n<li>Formateurs <\/li>\n\n\n\n<li>Les apprenants qui ont suivi sur une ann\u00e9e au moins un parcours de formation Learning @ Internet Society.<\/li>\n<\/ul>\n\n\n\n<div style=\"height:40px\" aria-hidden=\"true\" class=\"wp-block-spacer\"><\/div>\n\n\n\n<h3 class=\"wp-block-heading has-text-align-left has-accent-purple-color has-text-color\" id=\"join\">Comment rejoindre le r\u00e9seau<\/h3>\n\n\n\n<div style=\"height:30px\" aria-hidden=\"true\" class=\"wp-block-spacer\"><\/div>\n\n\n\n<p>Si vous \u00eates \u00e9ligible pour rejoindre ce r\u00e9seau parce que vous avez termin\u00e9 un programme, vous recevrez une invitation : une autre bonne raison de <a href=\"https:\/\/www.internetsociety.org\/fr\/shaping-future-of-the-internet\/\">s&rsquo;inscrire \u00e0 l&rsquo;un de nos programmes<\/a> d\u00e8s maintenant !<\/p>\n\n\n\n<p>Pour plus d&rsquo;informations, contactez <a href=\"mailto:alumni@isoc.org\">alumni@isoc.org<\/a>.<\/p>\n<\/div>\n<\/div><\/section>\n\n\n\n<section class=\"wp-block-uagb-columns uagb-columns__wrap uagb-columns__background-color uagb-columns__stack-mobile uagb-columns__valign- uagb-columns__gap-10 align uagb-block-ac6ef7f9 uagb-columns__columns-2 uagb-columns__max_width-theme background-image-fallback-black\"><div class=\"uagb-columns__overlay\"><\/div><div class=\"uagb-columns__inner-wrap uagb-columns__columns-2\">\n<div class=\"wp-block-uagb-column uagb-column__wrap uagb-column__background-none uagb-block-1e8f48b7\"><div class=\"uagb-column__overlay\"><\/div><\/div>\n\n\n\n<div class=\"wp-block-uagb-column uagb-column__wrap uagb-column__background-undefined uagb-block-e379d3f7\"><div class=\"uagb-column__overlay\"><\/div>\n<p class=\"has-neutral-white-color has-text-color has-12-font-size\">Droit d\u2019auteur:: \u00a9 Wes Hardaker<\/p>\n<\/div>\n<\/div><\/section>\n","protected":false},"excerpt":{"rendered":"<p><b>Lieu o\u00f9 les champions talentueux et passionn\u00e9s en mati\u00e8re de l\u2019Internet peuvent apprendre, d\u00e9fendre leurs int\u00e9r\u00eats et partager des opportunit\u00e9s de carri\u00e8re passionnantes. <\/b><br \/>\n<br \/>Une fois que vous \u00eates dipl\u00f4m\u00e9 de l\u2019un de nos programmes de leadership, de politique ou de technique, votre parcours ne doit pas n\u00e9cessairement s\u2019arr\u00eater l\u00e0. Vous pouvez rejoindre un r\u00e9seau de champions de l\u2019Internet. D\u00e9velopper vos relations avec notre tout nouveau r\u00e9seau d\u2019anciens \u00e9l\u00e8ves !<\/p>\n","protected":false},"author":46,"featured_media":177419,"parent":158170,"menu_order":0,"comment_status":"closed","ping_status":"closed","template":"page-wide.php","meta":{"_acf_changed":false,"_uag_custom_page_level_css":"","footnotes":""},"categories":[5695,118],"tags":[6157],"region_news_regions":[6029],"content_category":[],"ppma_author":[4057],"class_list":["post-177169","page","type-page","status-publish","has-post-thumbnail","hentry","category-communaute","category-qui-sommes-nous","tag-bourses","region_news_regions-mondial"],"acf":[],"uagb_featured_image_src":{"full":["https:\/\/www.internetsociety.org\/wp-content\/uploads\/2022\/09\/woman-man-talk-small.jpeg",600,275,false],"thumbnail":["https:\/\/www.internetsociety.org\/wp-content\/uploads\/2022\/09\/woman-man-talk-small-150x150.jpeg",150,150,true],"medium":["https:\/\/www.internetsociety.org\/wp-content\/uploads\/2022\/09\/woman-man-talk-small-450x206.jpeg",450,206,true],"medium_large":["https:\/\/www.internetsociety.org\/wp-content\/uploads\/2022\/09\/woman-man-talk-small.jpeg",600,275,false],"large":["https:\/\/www.internetsociety.org\/wp-content\/uploads\/2022\/09\/woman-man-talk-small.jpeg",600,275,false],"1536x1536":["https:\/\/www.internetsociety.org\/wp-content\/uploads\/2022\/09\/woman-man-talk-small.jpeg",600,275,false],"2048x2048":["https:\/\/www.internetsociety.org\/wp-content\/uploads\/2022\/09\/woman-man-talk-small.jpeg",600,275,false],"post-thumbnail":["https:\/\/www.internetsociety.org\/wp-content\/uploads\/2022\/09\/woman-man-talk-small-250x115.jpeg",250,115,true],"square":["https:\/\/www.internetsociety.org\/wp-content\/uploads\/2022\/09\/woman-man-talk-small.jpeg",600,275,false],"gform-image-choice-sm":["https:\/\/www.internetsociety.org\/wp-content\/uploads\/2022\/09\/woman-man-talk-small.jpeg",300,138,false],"gform-image-choice-md":["https:\/\/www.internetsociety.org\/wp-content\/uploads\/2022\/09\/woman-man-talk-small.jpeg",400,183,false],"gform-image-choice-lg":["https:\/\/www.internetsociety.org\/wp-content\/uploads\/2022\/09\/woman-man-talk-small.jpeg",600,275,false]},"uagb_author_info":{"display_name":"Ivana Trbovic","author_link":"https:\/\/www.internetsociety.org\/fr\/author\/trbovic\/"},"uagb_comment_info":0,"uagb_excerpt":"Lieu o\u00f9 les champions talentueux et passionn\u00e9s en mati\u00e8re de l\u2019Internet peuvent apprendre, d\u00e9fendre leurs int\u00e9r\u00eats et partager des opportunit\u00e9s de carri\u00e8re passionnantes. Une fois que vous \u00eates dipl\u00f4m\u00e9 de l\u2019un de nos programmes de leadership, de politique ou de technique, votre parcours ne doit pas n\u00e9cessairement s\u2019arr\u00eater l\u00e0. Vous pouvez rejoindre un r\u00e9seau de\u2026","_links":{"self":[{"href":"https:\/\/www.internetsociety.org\/fr\/wp-json\/wp\/v2\/pages\/177169","targetHints":{"allow":["GET"]}}],"collection":[{"href":"https:\/\/www.internetsociety.org\/fr\/wp-json\/wp\/v2\/pages"}],"about":[{"href":"https:\/\/www.internetsociety.org\/fr\/wp-json\/wp\/v2\/types\/page"}],"author":[{"embeddable":true,"href":"https:\/\/www.internetsociety.org\/fr\/wp-json\/wp\/v2\/users\/46"}],"replies":[{"embeddable":true,"href":"https:\/\/www.internetsociety.org\/fr\/wp-json\/wp\/v2\/comments?post=177169"}],"version-history":[{"count":0,"href":"https:\/\/www.internetsociety.org\/fr\/wp-json\/wp\/v2\/pages\/177169\/revisions"}],"up":[{"embeddable":true,"href":"https:\/\/www.internetsociety.org\/fr\/wp-json\/wp\/v2\/pages\/158170"}],"wp:featuredmedia":[{"embeddable":true,"href":"https:\/\/www.internetsociety.org\/fr\/wp-json\/wp\/v2\/media\/177419"}],"wp:attachment":[{"href":"https:\/\/www.internetsociety.org\/fr\/wp-json\/wp\/v2\/media?parent=177169"}],"wp:term":[{"taxonomy":"category","embeddable":true,"href":"https:\/\/www.internetsociety.org\/fr\/wp-json\/wp\/v2\/categories?post=177169"},{"taxonomy":"post_tag","embeddable":true,"href":"https:\/\/www.internetsociety.org\/fr\/wp-json\/wp\/v2\/tags?post=177169"},{"taxonomy":"region_news_regions","embeddable":true,"href":"https:\/\/www.internetsociety.org\/fr\/wp-json\/wp\/v2\/region_news_regions?post=177169"},{"taxonomy":"content_category","embeddable":true,"href":"https:\/\/www.internetsociety.org\/fr\/wp-json\/wp\/v2\/content_category?post=177169"},{"taxonomy":"author","embeddable":true,"href":"https:\/\/www.internetsociety.org\/fr\/wp-json\/wp\/v2\/ppma_author?post=177169"}],"curies":[{"name":"wp","href":"https:\/\/api.w.org\/{rel}","templated":true}]}}