{"id":176944,"date":"2018-06-01T15:54:18","date_gmt":"2018-06-01T15:54:18","guid":{"rendered":"https:\/\/www.internetsociety.org\/?page_id=176944"},"modified":"2025-10-31T13:03:53","modified_gmt":"2025-10-31T13:03:53","slug":"carrieres","status":"publish","type":"page","link":"https:\/\/www.internetsociety.org\/fr\/careers\/","title":{"rendered":"Carri\u00e8res"},"content":{"rendered":"\n<section class=\"wp-block-uagb-columns uagb-columns__wrap uagb-columns__background-image uagb-columns__stack-mobile uagb-columns__valign- uagb-columns__gap-10 align uagb-block-d6a40f3e uagb-columns__columns-1 uagb-columns__max_width-custom\"><div class=\"uagb-columns__overlay\"><\/div><div class=\"uagb-columns__inner-wrap uagb-columns__columns-1\">\n<div class=\"wp-block-uagb-column uagb-column__wrap uagb-column__background-undefined uagb-block-87a6a79b\"><div class=\"uagb-column__overlay\"><\/div>\n<h1 class=\"wp-block-heading\">Carri\u00e8res<\/h1>\n<\/div>\n<\/div><\/section>\n\n\n\n<section class=\"wp-block-uagb-columns uagb-columns__wrap uagb-columns__background-color uagb-columns__stack-tablet uagb-columns__valign- uagb-columns__gap-10 align uagb-block-29daa086 uagb-columns__columns-1 uagb-columns__max_width-custom\"><div class=\"uagb-columns__overlay\"><\/div><div class=\"uagb-columns__inner-wrap uagb-columns__columns-1\">\n<div class=\"wp-block-uagb-column uagb-column__wrap uagb-column__background-undefined uagb-block-48634806\"><div class=\"uagb-column__overlay\"><\/div>\n<h2 class=\"wp-block-heading has-text-align-left has-accent-purple-color has-text-color has-32-font-size\"><strong>Si vous croyez au pouvoir et aux possibilit\u00e9s de l\u2019Internet, prenez part \u00e0 notre mission.<\/strong><\/h2>\n\n\n\n<div style=\"height:40px\" aria-hidden=\"true\" class=\"wp-block-spacer\"><\/div>\n\n\n\n<p class=\"has-18-font-size\">Nous sommes une organisation mondiale \u00e0 but non lucratif qui \u0153uvre \u00e0 la protection de l&rsquo;Internet. Nous connectons les communaut\u00e9s et leur donnons les moyens de s&rsquo;assurer que l&rsquo;Internet reste ouvert, mondialement connect\u00e9, s\u00e9curis\u00e9 et digne de confiance : une ressource au service du bien dans le monde. L&rsquo;Internet est pour tous, mais c&rsquo;est plus qu&rsquo;un privil\u00e8ge, il est de notre responsabilit\u00e9 de l&rsquo;am\u00e9liorer.<\/p>\n\n\n\n<p class=\"has-18-font-size\">Nous mobilisons les technologues, les utilisateurs finaux, les utilisateurs potentiels, les d\u00e9cideurs, les agences gouvernementales et les partenaires institutionnels et commerciaux en vue de d\u00e9fendre et de promouvoir le mode de fonctionnement du r\u00e9seau Internet, les normes techniques et les protocoles qui font cro\u00eetre et renforcent l&rsquo;Internet.<\/p>\n\n\n\n<p class=\"has-18-font-size\">L&rsquo;Internet Society est un employeur soucieux de l&rsquo;\u00e9galit\u00e9 des chances. Le recrutement et les d\u00e9cisions connexes sont r\u00e9alis\u00e9s sans \u00e9gard au sexe, \u00e0 la race, \u00e0 l&rsquo;\u00e2ge, au handicap, \u00e0 la religion, \u00e0 l&rsquo;origine nationale, \u00e0 la couleur ni \u00e0 tout autre crit\u00e8re de distinction.<\/p>\n\n\n\n<p class=\"has-18-font-size\"><em>Les offres d&#8217;emploi sont publi\u00e9es en anglais uniquement.<\/em><\/p>\n\n\n\n<div style=\"height:20px\" aria-hidden=\"true\" class=\"wp-block-spacer\"><\/div>\n\n\n\n<div class=\"wp-block-cover is-light\" style=\"min-height:200px;aspect-ratio:unset;\"><span aria-hidden=\"true\" class=\"wp-block-cover__background has-neutral-white-background-color has-background-dim-100 has-background-dim\"><\/span><div class=\"wp-block-cover__inner-container is-layout-constrained wp-block-cover-is-layout-constrained\">\n<style>\n#BambooHR-Footer {\ndisplay:none;\nvisibility: hidden\n}\n.BambooHR-ATS-Department-List div, .BambooHR-ATS-Department-List a {\ncolor:#0c1c2c;\nfont-size: 18px\n}\n\n.BambooHR-ATS-Department-List a {\ncolor:#1D69D3\n}\n\n\n#BambooHR h2 {\nfont-size: 32px;\nmargin-bottom:20px\n}\n\n.page-template-page-wide .content ul li {\n    list-style-type: none;\nmargin-left:0px;\npadding:0px;\npadding-bottom: 8px\n\n}\n.page-template-page-wide .content ul, .page-template-page-wide .content ol {\n    padding-left: 0px;\n}\n<\/style><div id=\"BambooHR\"><script src=\"https:\/\/internetsociety.bamboohr.com\/js\/jobs2.php\" type=\"text\/javascript\"><\/script><\/div>\n<\/div><\/div>\n\n\n\n<div style=\"height:30px\" aria-hidden=\"true\" class=\"wp-block-spacer\"><\/div>\n\n\n\n<p class=\"has-18-font-size\">Pour toute question g\u00e9n\u00e9rale concernant les perspectives de carri\u00e8re, contactez&nbsp;<a href=\"mailto:careers@isoc.org\">careers@isoc.org<\/a>.<\/p>\n<\/div>\n<\/div><\/section>\n\n\n\n<div style=\"height:40px\" aria-hidden=\"true\" class=\"wp-block-spacer\"><\/div>\n","protected":false},"excerpt":{"rendered":"<p>Si vous croyez au pouvoir et aux possibilit\u00e9s de l\u2019Internet, prenez part \u00e0 notre mission. Postulez pour un poste \u00e0 l\u2019Internet Society.<\/p>\n","protected":false},"author":46,"featured_media":0,"parent":0,"menu_order":0,"comment_status":"closed","ping_status":"closed","template":"page-wide.php","meta":{"_acf_changed":false,"_uag_custom_page_level_css":"","footnotes":""},"categories":[118],"tags":[],"region_news_regions":[],"content_category":[],"ppma_author":[4057],"class_list":["post-176944","page","type-page","status-publish","hentry","category-qui-sommes-nous"],"acf":[],"uagb_featured_image_src":{"full":false,"thumbnail":false,"medium":false,"medium_large":false,"large":false,"1536x1536":false,"2048x2048":false,"post-thumbnail":false,"square":false,"gform-image-choice-sm":false,"gform-image-choice-md":false,"gform-image-choice-lg":false},"uagb_author_info":{"display_name":"Ivana Trbovic","author_link":"https:\/\/www.internetsociety.org\/fr\/author\/trbovic\/"},"uagb_comment_info":0,"uagb_excerpt":"Si vous croyez au pouvoir et aux possibilit\u00e9s de l\u2019Internet, prenez part \u00e0 notre mission. Postulez pour un poste \u00e0 l\u2019Internet Society.","_links":{"self":[{"href":"https:\/\/www.internetsociety.org\/fr\/wp-json\/wp\/v2\/pages\/176944","targetHints":{"allow":["GET"]}}],"collection":[{"href":"https:\/\/www.internetsociety.org\/fr\/wp-json\/wp\/v2\/pages"}],"about":[{"href":"https:\/\/www.internetsociety.org\/fr\/wp-json\/wp\/v2\/types\/page"}],"author":[{"embeddable":true,"href":"https:\/\/www.internetsociety.org\/fr\/wp-json\/wp\/v2\/users\/46"}],"replies":[{"embeddable":true,"href":"https:\/\/www.internetsociety.org\/fr\/wp-json\/wp\/v2\/comments?post=176944"}],"version-history":[{"count":0,"href":"https:\/\/www.internetsociety.org\/fr\/wp-json\/wp\/v2\/pages\/176944\/revisions"}],"wp:attachment":[{"href":"https:\/\/www.internetsociety.org\/fr\/wp-json\/wp\/v2\/media?parent=176944"}],"wp:term":[{"taxonomy":"category","embeddable":true,"href":"https:\/\/www.internetsociety.org\/fr\/wp-json\/wp\/v2\/categories?post=176944"},{"taxonomy":"post_tag","embeddable":true,"href":"https:\/\/www.internetsociety.org\/fr\/wp-json\/wp\/v2\/tags?post=176944"},{"taxonomy":"region_news_regions","embeddable":true,"href":"https:\/\/www.internetsociety.org\/fr\/wp-json\/wp\/v2\/region_news_regions?post=176944"},{"taxonomy":"content_category","embeddable":true,"href":"https:\/\/www.internetsociety.org\/fr\/wp-json\/wp\/v2\/content_category?post=176944"},{"taxonomy":"author","embeddable":true,"href":"https:\/\/www.internetsociety.org\/fr\/wp-json\/wp\/v2\/ppma_author?post=176944"}],"curies":[{"name":"wp","href":"https:\/\/api.w.org\/{rel}","templated":true}]}}