{"id":176869,"date":"2022-08-12T15:07:03","date_gmt":"2022-08-12T15:07:03","guid":{"rendered":"https:\/\/www.internetsociety.org\/?page_id=176869"},"modified":"2025-12-23T17:28:25","modified_gmt":"2025-12-23T17:28:25","slug":"ce-dont-internet-a-besoin-pour-prosperer","status":"publish","type":"page","link":"https:\/\/www.internetsociety.org\/fr\/learning\/what-internet-needs-to-thrive\/","title":{"rendered":"Ce dont l&rsquo;Internet a besoin pour prosp\u00e9rer"},"content":{"rendered":"\n<section class=\"wp-block-uagb-columns uagb-columns__wrap uagb-columns__background-image uagb-columns__stack-mobile uagb-columns__valign- uagb-columns__gap-10 align uagb-block-33cfcbb9 uagb-columns__columns-1 uagb-columns__max_width-theme background-image-fallback-black\"><div class=\"uagb-columns__overlay\"><\/div><div class=\"uagb-columns__inner-wrap uagb-columns__columns-1\">\n<div class=\"wp-block-uagb-column uagb-column__wrap uagb-column__background-undefined uagb-block-16c659d9\"><div class=\"uagb-column__overlay\"><\/div>\n<p class=\"has-neutral-white-color has-text-color has-18-font-size\"><a href=\"https:\/\/www.internetsociety.org\/fr\/learning\/\">Learning<\/a> &gt; Ce dont l&rsquo;Internet a besoin pour prosp\u00e9rer<\/p>\n\n\n\n<div style=\"height:30px\" aria-hidden=\"true\" class=\"wp-block-spacer\"><\/div>\n\n\n\n<h1 class=\"wp-block-heading has-neutral-white-color has-text-color\">Ce dont l&rsquo;Internet a besoin pour prosp\u00e9rer<\/h1>\n<\/div>\n<\/div><\/section>\n\n\n\n<section class=\"wp-block-uagb-columns uagb-columns__wrap uagb-columns__background-none uagb-columns__stack-tablet uagb-columns__valign- uagb-columns__gap-5 align uagb-columns__reverse-tablet uagb-block-a69680d4 uagb-columns__columns-2 uagb-columns__max_width-theme\"><div class=\"uagb-columns__overlay\"><\/div><div class=\"uagb-columns__inner-wrap uagb-columns__columns-2\">\n<div class=\"wp-block-uagb-column uagb-column__wrap uagb-column__background-undefined uagb-block-2e031bcd\"><div class=\"uagb-column__overlay\"><\/div>\n<h2 class=\"wp-block-heading has-48-font-size\" id=\"en-quoi-consiste-cryptage\">En quoi consiste cette formation?<\/h2>\n\n\n\n<div style=\"height:20px\" aria-hidden=\"true\" class=\"wp-block-spacer\"><\/div>\n\n\n\n<p>Internet a \u00e9t\u00e9 cr\u00e9\u00e9 avec la capacit\u00e9 de donner aux utilisateurs au-del\u00e0 des fronti\u00e8res les moyens de fa\u00e7onner collectivement son \u00e9volution. Un ensemble d&rsquo;objectifs communs guide notre cheminement collectif vers un meilleur Internet. Ces objectifs nous disent comment nous voulons qu&rsquo;Internet soit, aujourd&rsquo;hui et \u00e0 l&rsquo;avenir.&nbsp;<\/p>\n\n\n\n<p>En \u00e9tudiant les changements propos\u00e9s dans les politiques, les technologies et les applications au regard de ces objectifs, nous pouvons mieux comprendre si nous progressons effectivement vers un Internet prosp\u00e8re, ou si nous nous en \u00e9cartons. Au cours de cette formation, nous donnons un aper\u00e7u de l&rsquo;ensemble d&rsquo;objectifs partag\u00e9s pour Internet et de la mani\u00e8re dont les caract\u00e9ristiques de soutien, ou \u00ab facilitateurs \u00bb, aident \u00e0 atteindre ces objectifs.<\/p>\n\n\n\n<div style=\"height:30px\" aria-hidden=\"true\" class=\"wp-block-spacer\"><\/div>\n\n\n\n<h3 class=\"wp-block-heading\" id=\"quels-sont-les-objectifs-de-la-formation\">Quels sont les objectifs de la formation?<\/h3>\n\n\n\n<div style=\"height:20px\" aria-hidden=\"true\" class=\"wp-block-spacer\"><\/div>\n\n\n\n<ul class=\"wp-block-list\">\n<li>D\u00e9crire les facilitateurs d&rsquo;un Internet ouvert, mondialement connect\u00e9, s\u00e9curis\u00e9 et fiable<\/li>\n\n\n\n<li>Expliquer comment les facilitateurs peuvent \u00eatre utilis\u00e9s pour simplifier la t\u00e2che d&rsquo;analyse des effets potentiels des changements propos\u00e9s par rapport aux objectifs<\/li>\n\n\n\n<li>Fournir des exemples de divers d\u00e9veloppements qui ont un impact positif ou n\u00e9gatif sur les facilitateurs et, par cons\u00e9quent, sur la possibilit\u00e9 d&rsquo;atteindre les objectifs d&rsquo;Internet<\/li>\n<\/ul>\n\n\n\n<div style=\"height:30px\" aria-hidden=\"true\" class=\"wp-block-spacer\"><\/div>\n\n\n\n<h3 class=\"wp-block-heading\" id=\"a-qui-est-destinee-cette-formation\">Quels sont les acquis attendus de ce cours ?<\/h3>\n\n\n\n<div style=\"height:20px\" aria-hidden=\"true\" class=\"wp-block-spacer\"><\/div>\n\n\n\n<ul class=\"wp-block-list\">\n<li>D\u00e9crire les facteurs importants et leur contribution \u00e0 un Internet ouvert, connect\u00e9 \u00e0 l\u2019\u00e9chelle mondiale, s\u00e9curis\u00e9 et digne de confiance.<\/li>\n\n\n\n<li>Comprendre comment les acteurs cl\u00e9s facilitent la connectivit\u00e9 mondiale de l&rsquo;Internet, son d\u00e9veloppement et sa s\u00e9curit\u00e9.<\/li>\n\n\n\n<li>Proposer des changements ou des \u00e9volutions qui pourraient avoir un impact sur ces acteurs cl\u00e9s.<\/li>\n\n\n\n<li>\u00c9valuer les effets des changements propos\u00e9s par rapport aux objectifs g\u00e9n\u00e9raux de l\u2019Internet (un Internet ouvert, connect\u00e9 \u00e0 l\u2019\u00e9chelle mondiale, s\u00e9curis\u00e9 et digne de confiance).<\/li>\n\n\n\n<li>Donner des exemples de la mani\u00e8re dont les \u00e9volutions (positives et n\u00e9gatives) sont li\u00e9es aux acteurs cl\u00e9s.<\/li>\n\n\n\n<li>\u00c9valuer les r\u00e9sultats et les effets de ces \u00e9volutions sur Internet (un Internet ouvert, connect\u00e9 \u00e0 l\u2019\u00e9chelle mondiale, s\u00e9curis\u00e9 et digne de confiance).<\/li>\n\n\n\n<li>Appliquer les connaissances et la compr\u00e9hension des impacts des acteurs cl\u00e9s \u00e0 des \u00e9tudes r\u00e9elles (sc\u00e9narios et cas).<\/li>\n\n\n\n<li>Utiliser les connaissances, la cr\u00e9ativit\u00e9 et les comp\u00e9tences analytiques pour proposer des solutions ou des am\u00e9liorations bas\u00e9es sur le cours et les connaissances du monde r\u00e9el.<\/li>\n<\/ul>\n\n\n\n<div style=\"height:30px\" aria-hidden=\"true\" class=\"wp-block-spacer\"><\/div>\n\n\n\n<h3 class=\"wp-block-heading\" id=\"a-qui-est-destinee-cette-formation\">\u00c0 qui est destin\u00e9e cette formation?<\/h3>\n\n\n\n<div style=\"height:20px\" aria-hidden=\"true\" class=\"wp-block-spacer\"><\/div>\n\n\n\n<p>Vous pouvez suivre cette formation si :<\/p>\n\n\n\n<ul class=\"wp-block-list\">\n<li>Vous \u00eates un d\u00e9cideur, un technologue ou un d\u00e9fenseur travaillant sur des questions li\u00e9es \u00e0 la r\u00e9glementation d&rsquo;Internet<\/li>\n\n\n\n<li>Vous disposez de connaissances de base sur le fonctionnement d&rsquo;Internet et souhaitez en savoir plus sur les propri\u00e9t\u00e9s essentielles gr\u00e2ce auxquels il fonctionne pour tous<\/li>\n\n\n\n<li>Vous souhaitez sensibiliser \u00e0 l&rsquo;importance de la protection des propri\u00e9t\u00e9s essentielles \u00e0 Internet<\/li>\n\n\n\n<li>Vous souhaitez contribuer \u00e0 \u00e9viter qu&rsquo;une politique, une technologie ou une tendance nuise \u00e0 l&rsquo;un des propri\u00e9t\u00e9s essentielles d&rsquo;Internet<\/li>\n\n\n\n<li>Vous souhaitez conna\u00eetre les \u00e9l\u00e9ments de base \u00e0 prendre en compte dans une \u00e9valuation de l&rsquo;impact sur Internet<\/li>\n<\/ul>\n\n\n\n<p>Pr\u00e9requis :<\/p>\n\n\n\n<ul class=\"wp-block-list\">\n<li>&nbsp;Vous devez avoir une bonne compr\u00e9hension du <a href=\"https:\/\/www.internetsociety.org\/action-plan\/internet-way-of-networking\/\" target=\"_blank\" rel=\"noreferrer noopener\">mode de fonctionnement du r\u00e9seau Internet<\/a> et de ses propri\u00e9t\u00e9s essentielles<\/li>\n<\/ul>\n\n\n\n<div style=\"height:30px\" aria-hidden=\"true\" class=\"wp-block-spacer\"><\/div>\n\n\n\n<h3 class=\"wp-block-heading\" id=\"comment-s-inscrire-a-un-cours\">Comment s\u2019inscrire \u00e0 un cours?<\/h3>\n\n\n\n<div style=\"height:20px\" aria-hidden=\"true\" class=\"wp-block-spacer\"><\/div>\n\n\n<div class=\"wp-block-uagb-faq uagb-faq__outer-wrap uagb-block-2d5bd2ba uagb-faq-icon-row-reverse uagb-faq-layout-accordion uagb-faq-expand-first-false uagb-faq-inactive-other-true uagb-faq__wrap uagb-buttons-layout-wrap uagb-faq-equal-height     \" data-faqtoggle=\"true\" role=\"tablist\"><div class=\"wp-block-uagb-faq-child uagb-faq-child__outer-wrap uagb-faq-item uagb-block-5995a645 \" role=\"tab\" tabindex=\"0\"><div class=\"uagb-faq-questions-button uagb-faq-questions\">\t\t\t<span class=\"uagb-icon uagb-faq-icon-wrap\">\n\t\t\t\t\t\t\t\t<svg xmlns=\"https:\/\/www.w3.org\/2000\/svg\" viewBox= \"0 0 448 512\"><path d=\"M432 256c0 17.69-14.33 32.01-32 32.01H256v144c0 17.69-14.33 31.99-32 31.99s-32-14.3-32-31.99v-144H48c-17.67 0-32-14.32-32-32.01s14.33-31.99 32-31.99H192v-144c0-17.69 14.33-32.01 32-32.01s32 14.32 32 32.01v144h144C417.7 224 432 238.3 432 256z\"><\/path><\/svg>\n\t\t\t\t\t\t\t<\/span>\n\t\t\t\t\t\t<span class=\"uagb-icon-active uagb-faq-icon-wrap\">\n\t\t\t\t\t\t\t\t<svg xmlns=\"https:\/\/www.w3.org\/2000\/svg\" viewBox= \"0 0 448 512\"><path d=\"M400 288h-352c-17.69 0-32-14.32-32-32.01s14.31-31.99 32-31.99h352c17.69 0 32 14.3 32 31.99S417.7 288 400 288z\"><\/path><\/svg>\n\t\t\t\t\t\t\t<\/span>\n\t\t\t<h3 class=\"uagb-question\">Comment puis-je acc\u00e9der \u00e0 la plateforme d&rsquo;apprentissage en tant que membre de l&rsquo;Internet Society ?<\/h3><\/div><div class=\"uagb-faq-content\"><p>En tant que membre de l&rsquo;Internet Society, vous pouvez acc\u00e9der au lien suivant : <a href=\"https:\/\/learning.internetsociety.org\/\">learning.internetsociety.org<\/a>, avec vos identifiants de connexion de membre. Il n&rsquo;est pas n\u00e9cessaire de cr\u00e9er un nouveau compte. Si vous ne vous souvenez pas de vos informations de connexion, s\u00e9lectionnez <strong>Forgot Login ?<\/strong> pour recevoir votre nom d&rsquo;utilisateur et un lien pour r\u00e9initialiser votre mot de passe. Une fois connect\u00e9, vous allez pouvoir consulter le catalogue des cours et s\u00e9lectionner le cours auquel vous souhaitez vous inscrire.<\/p><\/div><\/div><div class=\"wp-block-uagb-faq-child uagb-faq-child__outer-wrap uagb-faq-item uagb-block-71b3d2d6 \" role=\"tab\" tabindex=\"0\"><div class=\"uagb-faq-questions-button uagb-faq-questions\">\t\t\t<span class=\"uagb-icon uagb-faq-icon-wrap\">\n\t\t\t\t\t\t\t\t<svg xmlns=\"https:\/\/www.w3.org\/2000\/svg\" viewBox= \"0 0 448 512\"><path d=\"M432 256c0 17.69-14.33 32.01-32 32.01H256v144c0 17.69-14.33 31.99-32 31.99s-32-14.3-32-31.99v-144H48c-17.67 0-32-14.32-32-32.01s14.33-31.99 32-31.99H192v-144c0-17.69 14.33-32.01 32-32.01s32 14.32 32 32.01v144h144C417.7 224 432 238.3 432 256z\"><\/path><\/svg>\n\t\t\t\t\t\t\t<\/span>\n\t\t\t\t\t\t<span class=\"uagb-icon-active uagb-faq-icon-wrap\">\n\t\t\t\t\t\t\t\t<svg xmlns=\"https:\/\/www.w3.org\/2000\/svg\" viewBox= \"0 0 448 512\"><path d=\"M400 288h-352c-17.69 0-32-14.32-32-32.01s14.31-31.99 32-31.99h352c17.69 0 32 14.3 32 31.99S417.7 288 400 288z\"><\/path><\/svg>\n\t\t\t\t\t\t\t<\/span>\n\t\t\t<h3 class=\"uagb-question\">Comment puis-je acc\u00e9der \u00e0 la plateforme d&rsquo;apprentissage en tant que non-membre ?<\/h3><\/div><div class=\"uagb-faq-content\"><p>Tant les visiteurs que les membres de l&rsquo;Internet Society peuvent acc\u00e9der \u00e0 la plateforme d&rsquo;apprentissage. Pour s&rsquo;inscrire comme l&rsquo;un ou l&rsquo;autre, cliquez sur <strong>Register <\/strong>dans la case de connexion \u00e0 <a href=\"https:\/\/learning.internetsociety.org\/\">learning.internetsociety.org<\/a>. Ensuite, soit inscrivez-vous en tant que membre, ou cliquez sur <strong>le formulaire d&rsquo;inscription<\/strong> pour vous inscrire en tant que visiteur. Une fois que vous avez cr\u00e9\u00e9 un compte, vous pouvez utiliser les informations d&rsquo;identification que vous avez cr\u00e9\u00e9es (nom d&rsquo;utilisateur et mot de passe) pour vous connecter \u00e0 <a href=\"https:\/\/learning.internetsociety.org\/\">learning.internetsociety.org<\/a>. Une fois connect\u00e9, vous allez pouvoir consulter le catalogue des cours et vous inscrire \u00e0 des cours.<\/p><\/div><\/div><div class=\"wp-block-uagb-faq-child uagb-faq-child__outer-wrap uagb-faq-item uagb-block-6e6a9e59 \" role=\"tab\" tabindex=\"0\"><div class=\"uagb-faq-questions-button uagb-faq-questions\">\t\t\t<span class=\"uagb-icon uagb-faq-icon-wrap\">\n\t\t\t\t\t\t\t\t<svg xmlns=\"https:\/\/www.w3.org\/2000\/svg\" viewBox= \"0 0 448 512\"><path d=\"M432 256c0 17.69-14.33 32.01-32 32.01H256v144c0 17.69-14.33 31.99-32 31.99s-32-14.3-32-31.99v-144H48c-17.67 0-32-14.32-32-32.01s14.33-31.99 32-31.99H192v-144c0-17.69 14.33-32.01 32-32.01s32 14.32 32 32.01v144h144C417.7 224 432 238.3 432 256z\"><\/path><\/svg>\n\t\t\t\t\t\t\t<\/span>\n\t\t\t\t\t\t<span class=\"uagb-icon-active uagb-faq-icon-wrap\">\n\t\t\t\t\t\t\t\t<svg xmlns=\"https:\/\/www.w3.org\/2000\/svg\" viewBox= \"0 0 448 512\"><path d=\"M400 288h-352c-17.69 0-32-14.32-32-32.01s14.31-31.99 32-31.99h352c17.69 0 32 14.3 32 31.99S417.7 288 400 288z\"><\/path><\/svg>\n\t\t\t\t\t\t\t<\/span>\n\t\t\t<h3 class=\"uagb-question\">Comment puis-je m\u2019inscrire \u00e0 un cours ?<\/h3><\/div><div class=\"uagb-faq-content\"><p>Parcourez les cours disponibles dans le catalogue des cours ou utilisez la barre de recherche pour trouver le cours auquel vous souhaitez vous inscrire. Sur chaque page de cours, cliquez sur le bouton \u00ab <strong>Enroll <\/strong>\u00bb dans le coin en haut, \u00e0 droite de la page pour \u00eatre imm\u00e9diatement ajout\u00e9 \u00e0 un cours. Une fois votre inscription r\u00e9ussie, vous pourrez voir le cours sous \u00ab <strong>My Courses and Learning Plans<\/strong> \u00bb. Vous allez \u00e9galement voir des informations sur le formateur du cours, consulter les forums du cours et acc\u00e9der \u00e0 tous les modules qui sont disponibles. Si le cours n&rsquo;a pas encore commenc\u00e9, vous ne verrez aucun module tant que ce dernier n&rsquo;aura pas commenc\u00e9.\u00a0\u00a0<\/p><\/div><\/div><div class=\"wp-block-uagb-faq-child uagb-faq-child__outer-wrap uagb-faq-item uagb-block-771a6a7e \" role=\"tab\" tabindex=\"0\"><div class=\"uagb-faq-questions-button uagb-faq-questions\">\t\t\t<span class=\"uagb-icon uagb-faq-icon-wrap\">\n\t\t\t\t\t\t\t\t<svg xmlns=\"https:\/\/www.w3.org\/2000\/svg\" viewBox= \"0 0 448 512\"><path d=\"M432 256c0 17.69-14.33 32.01-32 32.01H256v144c0 17.69-14.33 31.99-32 31.99s-32-14.3-32-31.99v-144H48c-17.67 0-32-14.32-32-32.01s14.33-31.99 32-31.99H192v-144c0-17.69 14.33-32.01 32-32.01s32 14.32 32 32.01v144h144C417.7 224 432 238.3 432 256z\"><\/path><\/svg>\n\t\t\t\t\t\t\t<\/span>\n\t\t\t\t\t\t<span class=\"uagb-icon-active uagb-faq-icon-wrap\">\n\t\t\t\t\t\t\t\t<svg xmlns=\"https:\/\/www.w3.org\/2000\/svg\" viewBox= \"0 0 448 512\"><path d=\"M400 288h-352c-17.69 0-32-14.32-32-32.01s14.31-31.99 32-31.99h352c17.69 0 32 14.3 32 31.99S417.7 288 400 288z\"><\/path><\/svg>\n\t\t\t\t\t\t\t<\/span>\n\t\t\t<h3 class=\"uagb-question\">Comment puis-je m&rsquo;inscrire sur la liste d&rsquo;attente d&rsquo;un cours ?<\/h3><\/div><div class=\"uagb-faq-content\"><p>Si vous \u00eates sur la page d&rsquo;un cours et que le bouton en haut \u00e0 droite de la page indique \u00ab <strong>Enroll (Waiting List)<\/strong> \u00bb cela signifie que le cours a atteint le nombre maximum de participants pouvant s&rsquo;inscrire. Vous pouvez cliquer sur le bouton pour vous inscrire sur la liste d&rsquo;attente du cours et vous serez notifi\u00e9 si une place se lib\u00e8re.<\/p><\/div><\/div><div class=\"wp-block-uagb-faq-child uagb-faq-child__outer-wrap uagb-faq-item uagb-block-445a6f4e \" role=\"tab\" tabindex=\"0\"><div class=\"uagb-faq-questions-button uagb-faq-questions\">\t\t\t<span class=\"uagb-icon uagb-faq-icon-wrap\">\n\t\t\t\t\t\t\t\t<svg xmlns=\"https:\/\/www.w3.org\/2000\/svg\" viewBox= \"0 0 448 512\"><path d=\"M432 256c0 17.69-14.33 32.01-32 32.01H256v144c0 17.69-14.33 31.99-32 31.99s-32-14.3-32-31.99v-144H48c-17.67 0-32-14.32-32-32.01s14.33-31.99 32-31.99H192v-144c0-17.69 14.33-32.01 32-32.01s32 14.32 32 32.01v144h144C417.7 224 432 238.3 432 256z\"><\/path><\/svg>\n\t\t\t\t\t\t\t<\/span>\n\t\t\t\t\t\t<span class=\"uagb-icon-active uagb-faq-icon-wrap\">\n\t\t\t\t\t\t\t\t<svg xmlns=\"https:\/\/www.w3.org\/2000\/svg\" viewBox= \"0 0 448 512\"><path d=\"M400 288h-352c-17.69 0-32-14.32-32-32.01s14.31-31.99 32-31.99h352c17.69 0 32 14.3 32 31.99S417.7 288 400 288z\"><\/path><\/svg>\n\t\t\t\t\t\t\t<\/span>\n\t\t\t<h3 class=\"uagb-question\">Comment puis-je choisir le bon format de cours ?<\/h3><\/div><div class=\"uagb-faq-content\"><p>En parcourant le catalogue de cours, vous verrez plusieurs versions d&rsquo;un m\u00eame cours mises \u00e0 disposition. Tous les cours \u00e9tant disponibles en anglais, en fran\u00e7ais et en espagnol, vous devez d&rsquo;abord s\u00e9lectionner la langue qui vous convient. Vous pouvez le faire en s\u00e9lectionnant la langue de votre choix dans le filtre de gauche du catalogue de cours ou en choisissant le cours qui indique la bonne langue (EN=Anglais, FR=Fran\u00e7ais, ES=Espagnol).<br>\u00a0<br>Vous avez \u00e9galement la possibilit\u00e9 de choisir le format qui convient le mieux \u00e0 votre type de connexion. Tous les cours ont trois options de format : haut d\u00e9bit, bas d\u00e9bit et \u00e0 base de texte pour toutes les connexions. Vous pouvez filtrer par option de bande passante dans le filtre de gauche du catalogue de cours ou s\u00e9lectionner l&rsquo;onglet \u00ab <strong>Additional Information<\/strong> \u00bb lorsque vous consultez un cours pour voir quelle connexion de bande passante vous avez s\u00e9lectionn\u00e9e.<br>\u00a0<br>Si vous avez des questions sur la version qui vous correspond le mieux, n&rsquo;h\u00e9sitez pas \u00e0 nous contacter \u00e0 l&rsquo;adresse <a href=\"mailto:learning@isoc.org\" target=\"_blank\" rel=\"noreferrer noopener\">learning@isoc.org<\/a> pour obtenir de l&rsquo;aide.<\/p><\/div><\/div><\/div>\n\n\n<div style=\"height:20px\" aria-hidden=\"true\" class=\"wp-block-spacer\"><\/div>\n\n\n\n\n<div class=\"wp-block-buttons is-vertical is-content-justification-left is-layout-flex wp-container-core-buttons-is-layout-c0ca7d81 wp-block-buttons-is-layout-flex\">\n<div class=\"wp-block-button\"><a class=\"wp-block-button__link has-depth-teal-background-color has-background wp-element-button\" href=\"https:\/\/learning.internetsociety.org\/learn\/lp\/1744\/ce-dont-linternet-a-besoin-pour-prosperer-2026?generated_by=13044&amp;hash=ee5623a9259acd5a5502fc3cb331c9a257d09567\">Inscrivez-vous maintenant<\/a><\/div>\n<\/div>\n\n<\/div>\n\n\n\n<div class=\"wp-block-uagb-column uagb-column__wrap uagb-column__background-none uagb-block-4e6a3636\"><div class=\"uagb-column__overlay\"><\/div>\n<div class=\"wp-block-cover is-light\" style=\"min-height:200px;aspect-ratio:unset;\"><span aria-hidden=\"true\" class=\"wp-block-cover__background has-neutral-white-background-color has-background-dim-100 has-background-dim\"><\/span><div class=\"wp-block-cover__inner-container is-layout-flow wp-block-cover-is-layout-flow\">\n<p class=\"has-text-align-center\">Tutoriel<br>\u00e0 suivre \u00e0 votre propre rythme<\/p>\n\n\n\n<p class=\"has-text-align-center\">Dur\u00e9e:<br>approximative 10 heures<\/p>\n\n\n\n<p class=\"has-text-align-center\">Disponibles en anglais, fran\u00e7ais et espagnol<\/p>\n\n\n\n<p class=\"has-text-align-center\">Offert en ligne toute l\u2019ann\u00e9e<\/p>\n\n\n\n\n<div class=\"wp-block-buttons is-vertical is-content-justification-center is-layout-flex wp-container-core-buttons-is-layout-4b2eccd6 wp-block-buttons-is-layout-flex\">\n<div class=\"wp-block-button\"><a class=\"wp-block-button__link has-depth-teal-background-color has-background wp-element-button\" href=\"https:\/\/learning.internetsociety.org\/learn\/lp\/1744\/ce-dont-linternet-a-besoin-pour-prosperer-2026?generated_by=13044&amp;hash=ee5623a9259acd5a5502fc3cb331c9a257d09567\">Inscrivez-vous maintenant<\/a><\/div>\n<\/div>\n\n<\/div><\/div>\n<\/div>\n<\/div><\/section>\n","protected":false},"excerpt":{"rendered":"<p>Au cours de cette formation, nous donnons un aper\u00e7u de l&rsquo;ensemble d&rsquo;objectifs partag\u00e9s pour Internet et de la mani\u00e8re dont les caract\u00e9ristiques de soutien, ou \u00ab facilitateurs \u00bb, aident \u00e0 atteindre ces objectifs.<\/p>\n","protected":false},"author":46,"featured_media":187808,"parent":133586,"menu_order":14,"comment_status":"closed","ping_status":"closed","template":"page-wide.php","meta":{"_acf_changed":false,"_uag_custom_page_level_css":"","footnotes":""},"categories":[],"tags":[6028],"region_news_regions":[6029],"content_category":[],"ppma_author":[4057],"class_list":["post-176869","page","type-page","status-publish","has-post-thumbnail","hentry","tag-cours-en-autoformation","region_news_regions-mondial"],"acf":[],"uagb_featured_image_src":{"full":["https:\/\/www.internetsociety.org\/wp-content\/uploads\/2023\/03\/TeL-What-the-Internet-Needs-to-Thrive-Course.jpg",800,400,false],"thumbnail":["https:\/\/www.internetsociety.org\/wp-content\/uploads\/2023\/03\/TeL-What-the-Internet-Needs-to-Thrive-Course-150x150.jpg",150,150,true],"medium":["https:\/\/www.internetsociety.org\/wp-content\/uploads\/2023\/03\/TeL-What-the-Internet-Needs-to-Thrive-Course-450x225.jpg",450,225,true],"medium_large":["https:\/\/www.internetsociety.org\/wp-content\/uploads\/2023\/03\/TeL-What-the-Internet-Needs-to-Thrive-Course-768x384.jpg",768,384,true],"large":["https:\/\/www.internetsociety.org\/wp-content\/uploads\/2023\/03\/TeL-What-the-Internet-Needs-to-Thrive-Course.jpg",800,400,false],"1536x1536":["https:\/\/www.internetsociety.org\/wp-content\/uploads\/2023\/03\/TeL-What-the-Internet-Needs-to-Thrive-Course.jpg",800,400,false],"2048x2048":["https:\/\/www.internetsociety.org\/wp-content\/uploads\/2023\/03\/TeL-What-the-Internet-Needs-to-Thrive-Course.jpg",800,400,false],"post-thumbnail":["https:\/\/www.internetsociety.org\/wp-content\/uploads\/2023\/03\/TeL-What-the-Internet-Needs-to-Thrive-Course-250x125.jpg",250,125,true],"square":["https:\/\/www.internetsociety.org\/wp-content\/uploads\/2023\/03\/TeL-What-the-Internet-Needs-to-Thrive-Course-600x400.jpg",600,400,true],"gform-image-choice-sm":["https:\/\/www.internetsociety.org\/wp-content\/uploads\/2023\/03\/TeL-What-the-Internet-Needs-to-Thrive-Course.jpg",300,150,false],"gform-image-choice-md":["https:\/\/www.internetsociety.org\/wp-content\/uploads\/2023\/03\/TeL-What-the-Internet-Needs-to-Thrive-Course.jpg",400,200,false],"gform-image-choice-lg":["https:\/\/www.internetsociety.org\/wp-content\/uploads\/2023\/03\/TeL-What-the-Internet-Needs-to-Thrive-Course.jpg",600,300,false]},"uagb_author_info":{"display_name":"Ivana Trbovic","author_link":"https:\/\/www.internetsociety.org\/fr\/author\/trbovic\/"},"uagb_comment_info":0,"uagb_excerpt":"Au cours de cette formation, nous donnons un aper\u00e7u de l'ensemble d'objectifs partag\u00e9s pour Internet et de la mani\u00e8re dont les caract\u00e9ristiques de soutien, ou \u00ab facilitateurs \u00bb, aident \u00e0 atteindre ces objectifs.","_links":{"self":[{"href":"https:\/\/www.internetsociety.org\/fr\/wp-json\/wp\/v2\/pages\/176869","targetHints":{"allow":["GET"]}}],"collection":[{"href":"https:\/\/www.internetsociety.org\/fr\/wp-json\/wp\/v2\/pages"}],"about":[{"href":"https:\/\/www.internetsociety.org\/fr\/wp-json\/wp\/v2\/types\/page"}],"author":[{"embeddable":true,"href":"https:\/\/www.internetsociety.org\/fr\/wp-json\/wp\/v2\/users\/46"}],"replies":[{"embeddable":true,"href":"https:\/\/www.internetsociety.org\/fr\/wp-json\/wp\/v2\/comments?post=176869"}],"version-history":[{"count":0,"href":"https:\/\/www.internetsociety.org\/fr\/wp-json\/wp\/v2\/pages\/176869\/revisions"}],"up":[{"embeddable":true,"href":"https:\/\/www.internetsociety.org\/fr\/wp-json\/wp\/v2\/pages\/133586"}],"wp:featuredmedia":[{"embeddable":true,"href":"https:\/\/www.internetsociety.org\/fr\/wp-json\/wp\/v2\/media\/187808"}],"wp:attachment":[{"href":"https:\/\/www.internetsociety.org\/fr\/wp-json\/wp\/v2\/media?parent=176869"}],"wp:term":[{"taxonomy":"category","embeddable":true,"href":"https:\/\/www.internetsociety.org\/fr\/wp-json\/wp\/v2\/categories?post=176869"},{"taxonomy":"post_tag","embeddable":true,"href":"https:\/\/www.internetsociety.org\/fr\/wp-json\/wp\/v2\/tags?post=176869"},{"taxonomy":"region_news_regions","embeddable":true,"href":"https:\/\/www.internetsociety.org\/fr\/wp-json\/wp\/v2\/region_news_regions?post=176869"},{"taxonomy":"content_category","embeddable":true,"href":"https:\/\/www.internetsociety.org\/fr\/wp-json\/wp\/v2\/content_category?post=176869"},{"taxonomy":"author","embeddable":true,"href":"https:\/\/www.internetsociety.org\/fr\/wp-json\/wp\/v2\/ppma_author?post=176869"}],"curies":[{"name":"wp","href":"https:\/\/api.w.org\/{rel}","templated":true}]}}