{"id":167446,"date":"2022-03-25T18:33:43","date_gmt":"2022-03-25T18:33:43","guid":{"rendered":"https:\/\/www.internetsociety.org\/?page_id=167446"},"modified":"2025-08-06T14:35:56","modified_gmt":"2025-08-06T14:35:56","slug":"securiser-le-routage-mondial","status":"publish","type":"page","link":"https:\/\/www.internetsociety.org\/fr\/action-plan\/securing-global-routing\/","title":{"rendered":"S\u00e9curiser le routage mondial"},"content":{"rendered":"\n<section class=\"wp-block-uagb-columns uagb-columns__wrap uagb-columns__background-image uagb-columns__stack-mobile uagb-columns__valign- uagb-columns__gap-10 align uagb-block-d6a40f3e uagb-columns__columns-1 uagb-columns__max_width-theme background-image-fallback-black\"><div class=\"uagb-columns__overlay\"><\/div><div class=\"uagb-columns__inner-wrap uagb-columns__columns-1\">\n<div class=\"wp-block-uagb-column uagb-column__wrap uagb-column__background-undefined uagb-block-87a6a79b\"><div class=\"uagb-column__overlay\"><\/div>\n<h1 class=\"wp-block-heading has-neutral-white-color has-text-color\">S\u00e9curiser  <br>le routage mondial<\/h1>\n<\/div>\n<\/div><\/section>\n\n\n\n<div class=\"wp-block-columns is-layout-flex wp-container-core-columns-is-layout-9d6595d7 wp-block-columns-is-layout-flex\">\n<div class=\"wp-block-column is-layout-flow wp-block-column-is-layout-flow\" style=\"flex-basis:10%\"><\/div>\n\n\n\n<div class=\"wp-block-column is-layout-flow wp-block-column-is-layout-flow\" style=\"flex-basis:80%\">\n<div style=\"height:40px\" aria-hidden=\"true\" class=\"wp-block-spacer uag-hide-mob\"><\/div>\n\n\n\n<h2 class=\"wp-block-heading has-accent-purple-color has-text-color has-32-font-size\" id=\"by-virtue-of-being-open-the-internet-s-global-routing-system-is-vulnerable-to-leaks-errors-and-even-attacks-from-nefarious-actors\">Le monde a besoin d&rsquo;un Internet r\u00e9silient et s\u00e9curis\u00e9.<\/h2>\n\n\n\n<div style=\"height:40px\" aria-hidden=\"true\" class=\"wp-block-spacer\"><\/div>\n\n\n\n<p class=\"has-18-font-size\">Si aucune mesure n&rsquo;est prise pour prot\u00e9ger le syst\u00e8me de routage mondial, celui-ci est sujet \u00e0 des fuites et \u00e0 d&rsquo;autres erreurs, ainsi qu&rsquo;\u00e0 des piratages par des acteurs mal intentionn\u00e9s. Cela peut conduire \u00e0 une mauvaise orientation du trafic et \u00e0 un d\u00e9ni de service, et peut entra\u00eener une atteinte \u00e0 la r\u00e9putation, une perte de revenus et l&rsquo;exposition de donn\u00e9es sensibles.<\/p>\n\n\n\n<p class=\"has-18-font-size\"><a href=\"https:\/\/www.manrs.org\">Les Normes pour la s\u00e9curisation du routage mutuellement agr\u00e9\u00e9es (MANRS)<\/a> sont une initiative soutenue par le secteur, qui renforce les bonnes pratiques en vigueur en organisant des actions visant \u00e0 r\u00e9pondre aux menaces qui p\u00e8sent le plus fr\u00e9quemment sur le syst\u00e8me de routage mondial. En adoptant MANRS, les op\u00e9rateurs de r\u00e9seau et les autres acteurs peuvent veiller \u00e0 ce que les informations, qu&rsquo;il s&rsquo;agisse d&rsquo;un courriel ou de vid\u00e9os en streaming, parviennent \u00e0 leur destination. Nous avons besoin de MANRS pour la s\u00e9curit\u00e9 mondiale de tout ce qui circule sur Internet.<\/p>\n\n\n\n<p class=\"has-18-font-size\">Les Normes pour la s\u00e9curisation du routage mutuellement agr\u00e9\u00e9es soit MANRS a \u00e9t\u00e9 une initiative \u00e9tablit par les membres de la communaut\u00e9 des op\u00e9rateurs de r\u00e9seaux. L\u2019Internet Society a soutenu MANRS jusqu\u2019en janvier 2024, date \u00e0 laquelle la&nbsp;<a href=\"https:\/\/www.globalcyberalliance.org\/\" target=\"_blank\" rel=\"noreferrer noopener\">Global Cyber Alliance<\/a>&nbsp;a pris le relais du secr\u00e9tariat et des fonctions op\u00e9rationnelles. L\u2019Internet Society continue de lui fournir un appui financier, de plaidoyer et de formation.&nbsp;<a href=\"https:\/\/manrs.org\/about\/history\/\" target=\"_blank\" rel=\"noreferrer noopener\">Lire l\u2019histoire<\/a>.<\/p>\n<\/div>\n\n\n\n<div class=\"wp-block-column is-layout-flow wp-block-column-is-layout-flow\" style=\"flex-basis:10%\"><\/div>\n<\/div>\n\n\n\n<div style=\"height:30px\" aria-hidden=\"true\" class=\"wp-block-spacer uag-hide-mob\"><\/div>\n\n\n\n<div class=\"wp-block-columns margin-bottom-0 has-neutral-white-background-color has-background is-layout-flex wp-container-core-columns-is-layout-9d6595d7 wp-block-columns-is-layout-flex\">\n<div class=\"wp-block-column is-layout-flow wp-block-column-is-layout-flow\" style=\"flex-basis:10%\"><\/div>\n\n\n\n<div class=\"wp-block-column is-layout-flow wp-block-column-is-layout-flow\" style=\"flex-basis:80%\">\n<div style=\"height:40px\" aria-hidden=\"true\" class=\"wp-block-spacer uag-hide-mob\"><\/div>\n\n\n\n<div class=\"wp-block-columns uag-hide-tab uag-hide-mob is-layout-flex wp-container-core-columns-is-layout-9d6595d7 wp-block-columns-is-layout-flex\">\n<div class=\"wp-block-column is-layout-flow wp-block-column-is-layout-flow\" style=\"flex-basis:67%\">\n<div style=\"height:20px\" aria-hidden=\"true\" class=\"wp-block-spacer uag-hide-desktop uag-hide-tab\"><\/div>\n\n\n\n<div class=\"wp-block-uagb-info-box uagb-block-fbf14fa1 uagb-infobox__content-wrap  uagb-infobox-icon-above-title uagb-infobox-image-valign-top\"><div class=\"uagb-ifb-content\"><div class=\"uagb-ifb-title-wrap\"><h3 class=\"uagb-ifb-title\">En ce qui concerne la s\u00e9curit\u00e9 du routage, pas de nouvelles, bonne nouvelle<\/h3><\/div><p class=\"uagb-ifb-desc\">De nombreux \u00e9l\u00e9ments sont susceptibles de perturber Internet. Mais, la plupart du temps, tout se d\u00e9roule comme si de rien n\u2019\u00e9tait. Rares sont les annonces de coupures massives ou d&rsquo;efforts de reconstruction suite \u00e0 un piratage. Les gens travaillent, partagent avec leurs proches, d\u00e9couvrent des opportunit\u00e9s pouvant changer leur vie, tout cela gr\u00e2ce aux acteurs qui mettent en \u0153uvre MANRS pour rendre Internet plus s\u00fbr.<\/p><\/div><\/div>\n\n\n\n<div style=\"height:20px\" aria-hidden=\"true\" class=\"wp-block-spacer\"><\/div>\n\n\n\n<div class=\"wp-block-buttons is-vertical is-content-justification-left is-layout-flex wp-container-core-buttons-is-layout-41619b2b wp-block-buttons-is-layout-flex\">\n<div class=\"wp-block-button is-style-fill\"><a class=\"wp-block-button__link has-neutral-white-color has-depth-green-background-color has-text-color has-background wp-element-button\" href=\"https:\/\/www.manrs.org\/resources\/training\/tutorials\/\">Suivez un tutoriel sur MANRS<\/a><\/div>\n<\/div>\n<\/div>\n\n\n\n<div class=\"wp-block-column is-layout-flow wp-block-column-is-layout-flow\" style=\"flex-basis:33%\">\n<figure class=\"wp-block-embed is-type-video is-provider-youtube wp-block-embed-youtube wp-embed-aspect-16-9 wp-has-aspect-ratio\"><div class=\"wp-block-embed__wrapper\">\n<iframe loading=\"lazy\" title=\"What is MANRS?\" width=\"500\" height=\"281\" src=\"https:\/\/www.youtube.com\/embed\/nJINk5p-HEE?feature=oembed\" frameborder=\"0\" allow=\"accelerometer; autoplay; clipboard-write; encrypted-media; gyroscope; picture-in-picture; web-share\" referrerpolicy=\"strict-origin-when-cross-origin\" allowfullscreen><\/iframe>\n<\/div><\/figure>\n<\/div>\n<\/div>\n\n\n\n<div class=\"wp-block-uagb-info-box uagb-block-ed69b982 uagb-infobox__content-wrap  uagb-infobox-icon-above-title uagb-infobox-image-valign-top uag-hide-desktop\"><div class=\"uagb-ifb-content\"><div class=\"uagb-ifb-title-wrap\"><h3 class=\"uagb-ifb-title\">En ce qui concerne la s\u00e9curit\u00e9 du routage, pas de nouvelles, bonne nouvelle<\/h3><\/div><p class=\"uagb-ifb-desc\">De nombreux \u00e9l\u00e9ments sont susceptibles de perturber Internet. Mais, la plupart du temps, tout se d\u00e9roule comme si de rien n\u2019\u00e9tait. Rares sont les annonces de coupures massives ou d&rsquo;efforts de reconstruction suite \u00e0 un piratage. Les gens travaillent, partagent avec leurs proches, d\u00e9couvrent des opportunit\u00e9s pouvant changer leur vie, tout cela gr\u00e2ce aux acteurs qui mettent en \u0153uvre MANRS pour rendre Internet plus s\u00fbr.<\/p><\/div><\/div>\n\n\n\n<div style=\"height:20px\" aria-hidden=\"true\" class=\"wp-block-spacer\"><\/div>\n\n\n\n<div class=\"wp-block-buttons uag-hide-desktop is-vertical is-content-justification-left is-layout-flex wp-container-core-buttons-is-layout-41619b2b wp-block-buttons-is-layout-flex\">\n<div class=\"wp-block-button is-style-fill\"><a class=\"wp-block-button__link has-neutral-white-color has-depth-green-background-color has-text-color has-background wp-element-button\" href=\"https:\/\/www.manrs.org\/resources\/training\/tutorials\/\">Suivez un tutoriel sur MANRS<\/a><\/div>\n<\/div>\n\n\n\n<div style=\"height:40px\" aria-hidden=\"true\" class=\"wp-block-spacer uag-hide-desktop\"><\/div>\n\n\n\n<figure class=\"wp-block-embed is-type-video is-provider-youtube wp-block-embed-youtube wp-embed-aspect-16-9 wp-has-aspect-ratio uag-hide-desktop\"><div class=\"wp-block-embed__wrapper\">\n<iframe loading=\"lazy\" title=\"What is MANRS?\" width=\"500\" height=\"281\" src=\"https:\/\/www.youtube.com\/embed\/nJINk5p-HEE?feature=oembed\" frameborder=\"0\" allow=\"accelerometer; autoplay; clipboard-write; encrypted-media; gyroscope; picture-in-picture; web-share\" referrerpolicy=\"strict-origin-when-cross-origin\" allowfullscreen><\/iframe>\n<\/div><\/figure>\n<\/div>\n\n\n\n<div class=\"wp-block-column is-layout-flow wp-block-column-is-layout-flow\" style=\"flex-basis:10%\"><\/div>\n<\/div>\n\n\n\n<div class=\"wp-block-columns is-layout-flex wp-container-core-columns-is-layout-9d6595d7 wp-block-columns-is-layout-flex\">\n<div class=\"wp-block-column is-layout-flow wp-block-column-is-layout-flow\" style=\"flex-basis:10%\"><\/div>\n\n\n\n<div class=\"wp-block-column is-layout-flow wp-block-column-is-layout-flow\" style=\"flex-basis:80%\">\n<div style=\"height:40px\" aria-hidden=\"true\" class=\"wp-block-spacer uag-hide-mob\"><\/div>\n\n\n\n<h4 class=\"wp-block-heading has-green-color has-text-color\">D\u00e9fendre l\u2019Internet<\/h4>\n\n\n\n<div style=\"height:20px\" aria-hidden=\"true\" class=\"wp-block-spacer\"><\/div>\n\n\n\n<p class=\"has-18-font-size\">La s\u00e9curit\u00e9 du routage est \u00e0 la base de la fiabilit\u00e9 d&rsquo;Internet. En cons\u00e9quence :<\/p>\n\n\n\n<ul class=\"wp-block-list has-18-font-size\">\n<li>La poursuite du fonctionnement des programmes de formation de MANRS.<\/li>\n\n\n\n<li>Notre pr\u00e9sence constante au sein de la communaut\u00e9 MANRS et la d\u00e9fense de l\u2019am\u00e9lioration de la s\u00e9curit\u00e9 du routage.<\/li>\n<\/ul>\n\n\n\n<div style=\"height:40px\" aria-hidden=\"true\" class=\"wp-block-spacer\"><\/div>\n\n\n\n<h4 class=\"wp-block-heading has-green-color has-text-color\">Participer<\/h4>\n<\/div>\n\n\n\n<div class=\"wp-block-column is-layout-flow wp-block-column-is-layout-flow\" style=\"flex-basis:10%\"><\/div>\n<\/div>\n\n\n\n<section class=\"wp-block-uagb-columns uagb-columns__wrap uagb-columns__background-color uagb-columns__stack-tablet uagb-columns__valign-top uagb-columns__gap-10 align uagb-block-0c8abc1f uagb-columns__columns-3 uagb-columns__max_width-theme\"><div class=\"uagb-columns__overlay\"><\/div><div class=\"uagb-columns__inner-wrap uagb-columns__columns-3\">\n<div class=\"wp-block-uagb-column uagb-column__wrap uagb-column__background-color uagb-block-c5cbb46e\"><div class=\"uagb-column__overlay\"><\/div>\n<figure class=\"wp-block-image size-full is-style-default margin-bottom-0 vertical-align-bottom\"><img loading=\"lazy\" decoding=\"async\" width=\"598\" height=\"275\" src=\"https:\/\/www.internetsociety.org\/wp-content\/uploads\/2024\/03\/woman-training.jpg\" alt=\"Woman in an orange turban writing on paper.\" class=\"wp-image-207578\" srcset=\"https:\/\/www.internetsociety.org\/wp-content\/uploads\/2024\/03\/woman-training.jpg 598w, https:\/\/www.internetsociety.org\/wp-content\/uploads\/2024\/03\/woman-training-450x207.jpg 450w, https:\/\/www.internetsociety.org\/wp-content\/uploads\/2024\/03\/woman-training-250x115.jpg 250w\" sizes=\"auto, (max-width: 598px) 100vw, 598px\" \/><\/figure>\n\n\n\n<div style=\"height:20px\" aria-hidden=\"true\" class=\"wp-block-spacer\"><\/div>\n\n\n\n<div class=\"wp-block-uagb-info-box uagb-block-6e38d95b uagb-infobox__content-wrap  uagb-infobox_cta-type-all uagb-infobox-icon-above-title uagb-infobox-image-valign-top\"><a href=\"https:\/\/www.internetsociety.org\/fr\/learning\/manrs\/\" class=\"uagb-infobox-link-wrap uagb-infbox__link-to-all\" target=\"_self\" aria-label=\"Infobox Link\" rel=\"noopener noreferrer\" onclick=\"return true;\"><\/a><div class=\"uagb-ifb-content\"><div class=\"uagb-ifb-title-wrap\"><h5 class=\"uagb-ifb-title\">En savoir plus sur MANRS<\/h5><\/div><p class=\"uagb-ifb-desc\">Suivez notre cours en ligne et d\u00e9couvrez l&rsquo;importance de la s\u00e9curit\u00e9 du routage.<\/p><div class=\"uagb-ifb-button-wrapper wp-block-button\"><\/div><\/div><\/div>\n<\/div>\n\n\n\n<div class=\"wp-block-uagb-column uagb-column__wrap uagb-column__background-color uagb-block-74b7a2c7\"><div class=\"uagb-column__overlay\"><\/div>\n<figure class=\"wp-block-image size-full is-style-default margin-bottom-0 vertical-align-bottom\"><img loading=\"lazy\" decoding=\"async\" width=\"450\" height=\"200\" src=\"https:\/\/www.internetsociety.org\/wp-content\/uploads\/2022\/03\/MANRS-observatory-min.png\" alt=\"A world map\" class=\"wp-image-166977\" srcset=\"https:\/\/www.internetsociety.org\/wp-content\/uploads\/2022\/03\/MANRS-observatory-min.png 450w, https:\/\/www.internetsociety.org\/wp-content\/uploads\/2022\/03\/MANRS-observatory-min-250x111.png 250w\" sizes=\"auto, (max-width: 450px) 100vw, 450px\" \/><\/figure>\n\n\n\n<div style=\"height:20px\" aria-hidden=\"true\" class=\"wp-block-spacer\"><\/div>\n\n\n\n<div class=\"wp-block-uagb-info-box uagb-block-8afe33bc uagb-infobox__content-wrap  uagb-infobox_cta-type-all uagb-infobox-icon-above-title uagb-infobox-image-valign-top\"><a href=\"https:\/\/observatory.manrs.org\/#\/overview\" class=\"uagb-infobox-link-wrap uagb-infbox__link-to-all\" target=\"_self\" aria-label=\"Infobox Link\" rel=\"noopener noreferrer\" onclick=\"return true;\"><\/a><div class=\"uagb-ifb-content\"><div class=\"uagb-ifb-title-wrap\"><h5 class=\"uagb-ifb-title\">Voir la s\u00e9curit\u00e9 du routage en action<\/h5><\/div><p class=\"uagb-ifb-desc\">D\u00e9couvrir l&rsquo;observatoire MANRS.<\/p><div class=\"uagb-ifb-button-wrapper wp-block-button\"><\/div><\/div><\/div>\n<\/div>\n\n\n\n<div class=\"wp-block-uagb-column uagb-column__wrap uagb-column__background-color uagb-block-4d8f3576\"><div class=\"uagb-column__overlay\"><\/div>\n<figure class=\"wp-block-image size-full is-style-default margin-bottom-0 vertical-align-bottom\"><img loading=\"lazy\" decoding=\"async\" width=\"450\" height=\"200\" src=\"https:\/\/www.internetsociety.org\/wp-content\/uploads\/2022\/02\/MANRS-small.jpeg\" alt=\"MANRS logo\" class=\"wp-image-164869\" srcset=\"https:\/\/www.internetsociety.org\/wp-content\/uploads\/2022\/02\/MANRS-small.jpeg 450w, https:\/\/www.internetsociety.org\/wp-content\/uploads\/2022\/02\/MANRS-small-250x111.jpeg 250w\" sizes=\"auto, (max-width: 450px) 100vw, 450px\" \/><\/figure>\n\n\n\n<div style=\"height:20px\" aria-hidden=\"true\" class=\"wp-block-spacer\"><\/div>\n\n\n\n<div class=\"wp-block-uagb-info-box uagb-block-4be958dc uagb-infobox__content-wrap  uagb-infobox_cta-type-all uagb-infobox-icon-above-title uagb-infobox-image-valign-top\"><a href=\"https:\/\/www.manrs.org\/join\/\" class=\"uagb-infobox-link-wrap uagb-infbox__link-to-all\" target=\"_self\" aria-label=\"Infobox Link\" rel=\"noopener noreferrer\" onclick=\"return true;\"><\/a><div class=\"uagb-ifb-content\"><div class=\"uagb-ifb-title-wrap\"><h5 class=\"uagb-ifb-title\">Rejoindre MANRS<\/h5><\/div><p class=\"uagb-ifb-desc\">Rejoignez nos programmes pour les op\u00e9rateurs de r\u00e9seau, les IXP, les r\u00e9seaux de diffusion de contenus et les fournisseurs de cloud et de mat\u00e9riel.<\/p><div class=\"uagb-ifb-button-wrapper wp-block-button\"><\/div><\/div><\/div>\n<\/div>\n<\/div><\/section>\n\n\n\n<div class=\"wp-block-columns margin-bottom-0 has-neutral-white-background-color has-background is-layout-flex wp-container-core-columns-is-layout-9d6595d7 wp-block-columns-is-layout-flex\">\n<div class=\"wp-block-column is-layout-flow wp-block-column-is-layout-flow\" style=\"flex-basis:10%\"><\/div>\n\n\n\n<div class=\"wp-block-column is-layout-flow wp-block-column-is-layout-flow\" style=\"flex-basis:80%\">\n<div style=\"height:40px\" aria-hidden=\"true\" class=\"wp-block-spacer uag-hide-mob\"><\/div>\n\n\n\n<h4 class=\"wp-block-heading has-depth-teal-color has-text-color\" id=\"how-the-ndss-symposium-helps-to-strengthen-the-internet\">Actualit\u00e9s<\/h4>\n\n\n\n<div style=\"height:20px\" aria-hidden=\"true\" class=\"wp-block-spacer uag-hide-mob\"><\/div>\n<\/div>\n\n\n\n<div class=\"wp-block-column is-layout-flow wp-block-column-is-layout-flow\" style=\"flex-basis:10%\"><\/div>\n<\/div>\n\n\n\n<div class=\"wp-block-columns margin-bottom-0 has-neutral-white-background-color has-background is-layout-flex wp-container-core-columns-is-layout-9d6595d7 wp-block-columns-is-layout-flex\">\n<div class=\"wp-block-column is-layout-flow wp-block-column-is-layout-flow\" style=\"flex-basis:7.5%\"><\/div>\n\n\n\n<div class=\"wp-block-column is-layout-flow wp-block-column-is-layout-flow\" style=\"flex-basis:85%\"><div class=\"components-placeholder\"><div class=\"notice notice-error\"><strong>Erreur RSS\u00a0:<\/strong> Retrieved unsupported status code &quot;415&quot;<\/div><\/div>\n\n\n<div style=\"height:40px\" aria-hidden=\"true\" class=\"wp-block-spacer\"><\/div>\n\n\n\n<div class=\"wp-block-buttons is-vertical is-content-justification-center is-layout-flex wp-container-core-buttons-is-layout-52c8502b wp-block-buttons-is-layout-flex\">\n<div class=\"wp-block-button is-style-fill\"><a class=\"wp-block-button__link has-neutral-white-color has-depth-green-background-color has-text-color has-background wp-element-button\" href=\"https:\/\/manrs.org\/blog\/\">Voir toutes les actualit\u00e9s<\/a><\/div>\n<\/div>\n<\/div>\n\n\n\n<div class=\"wp-block-column is-layout-flow wp-block-column-is-layout-flow\" style=\"flex-basis:7.5%\"><\/div>\n<\/div>\n\n\n\n<div class=\"wp-block-columns margin-bottom-0 has-neutral-white-background-color has-background is-layout-flex wp-container-core-columns-is-layout-9d6595d7 wp-block-columns-is-layout-flex\">\n<div class=\"wp-block-column is-layout-flow wp-block-column-is-layout-flow\" style=\"flex-basis:10%\"><\/div>\n\n\n\n<div class=\"wp-block-column is-layout-flow wp-block-column-is-layout-flow\" style=\"flex-basis:80%\">\n<div style=\"height:40px\" aria-hidden=\"true\" class=\"wp-block-spacer uag-hide-mob\"><\/div>\n\n\n\n<h4 class=\"wp-block-heading has-depth-teal-color has-text-color\" id=\"how-the-ndss-symposium-helps-to-strengthen-the-internet\">Ressources<\/h4>\n\n\n\n<div style=\"height:20px\" aria-hidden=\"true\" class=\"wp-block-spacer\"><\/div>\n\n\n\n\t\t\t<div class=\"wp-block-uagb-post-grid uagb-post-grid  uagb-post__image-position-top uagb-post__image-disabled uagb-block-3dda45b8     uagb-post__items uagb-post__columns-3 is-grid uagb-post__columns-tablet-2 uagb-post__columns-mobile-1 uagb-post__equal-height\" data-total=\"1\" style=\"\">\n\n\t\t\t\t\t\t\t\t\t\t\t\t<article class=\"uagb-post__inner-wrap\">\t\t\t\t\t\t\t\t<div class='uagb-post__text uagb-post-grid-byline'>\n\t\t\t\t\t\t\t\t<time datetime=\"2018-10-24T16:34:52+00:00\" class=\"uagb-post__date\">\n\t\t\t\t\t\t\t\t\t24 octobre 2018\t\t\t\t<\/time>\n\t\t\t\t\t\t<\/div>\n\t\t\t\t\t\t<h5 class=\"uagb-post__title uagb-post__text\">\n\t\t\t\t<a href=\"https:\/\/www.internetsociety.org\/fr\/resources\/doc\/2018\/securisation-du-routage-pour-les-decideurs-politiques\/\" target=\"_self\" rel=\"bookmark noopener noreferrer\">S\u00e9curisation du routage pour les d\u00e9cideurs politiques<\/a>\n\t\t\t<\/h5>\n\t\t\t\n\t\t\t\t\t\t\t\t\t<\/article>\n\t\t\t\t\t\t\t\t\t\t\t\t\t<div class=\"uagb-post-pagination-wrap\">\n\t\t\t\t\t\t\t\t\t\t\t<\/div>\n\t\t\t\t\t\t\t\t<\/div>\n\t\t\t\n\n\n<div style=\"height:40px\" aria-hidden=\"true\" class=\"wp-block-spacer\"><\/div>\n<\/div>\n\n\n\n<div class=\"wp-block-column is-layout-flow wp-block-column-is-layout-flow\" style=\"flex-basis:10%\"><\/div>\n<\/div>\n\n\n\n<p class=\"has-text-align-center has-neutral-white-color has-ground-navy-background-color has-text-color has-background has-12-font-size\">Droits d\u2019auteur:<br>\u00a9 Nyani Quarmyne, \u00a9 Gagny Traor\u00e9<\/p>\n","protected":false},"excerpt":{"rendered":"<p><b>Le monde a besoin d\u2019un Internet robuste et r\u00e9silient.<\/b><br \/>\nD\u00e9couvrez comment une collaboration de confiance et l\u2019initiative MANRS, soutenue par l\u2019industrie, permettent d\u2019y parvenir, gr\u00e2ce \u00e0 des actions permettant de faire face aux menaces les plus courantes dans le syst\u00e8me de routage mondial. <\/p>\n","protected":false},"author":46,"featured_media":201820,"parent":205198,"menu_order":0,"comment_status":"closed","ping_status":"closed","template":"page-wide.php","meta":{"_acf_changed":false,"_uag_custom_page_level_css":"","footnotes":""},"categories":[118,4909],"tags":[669],"region_news_regions":[],"content_category":[],"ppma_author":[4057],"class_list":["post-167446","page","type-page","status-publish","has-post-thumbnail","hentry","category-qui-sommes-nous","category-renforcer-internet","tag-actionplan"],"acf":[],"uagb_featured_image_src":{"full":["https:\/\/www.internetsociety.org\/wp-content\/uploads\/2023\/11\/Himalayah-peak-min-1.jpg",1440,600,false],"thumbnail":["https:\/\/www.internetsociety.org\/wp-content\/uploads\/2023\/11\/Himalayah-peak-min-1-150x150.jpg",150,150,true],"medium":["https:\/\/www.internetsociety.org\/wp-content\/uploads\/2023\/11\/Himalayah-peak-min-1-450x188.jpg",450,188,true],"medium_large":["https:\/\/www.internetsociety.org\/wp-content\/uploads\/2023\/11\/Himalayah-peak-min-1-768x320.jpg",768,320,true],"large":["https:\/\/www.internetsociety.org\/wp-content\/uploads\/2023\/11\/Himalayah-peak-min-1-1024x427.jpg",1024,427,true],"1536x1536":["https:\/\/www.internetsociety.org\/wp-content\/uploads\/2023\/11\/Himalayah-peak-min-1.jpg",1440,600,false],"2048x2048":["https:\/\/www.internetsociety.org\/wp-content\/uploads\/2023\/11\/Himalayah-peak-min-1.jpg",1440,600,false],"post-thumbnail":["https:\/\/www.internetsociety.org\/wp-content\/uploads\/2023\/11\/Himalayah-peak-min-1-250x104.jpg",250,104,true],"square":["https:\/\/www.internetsociety.org\/wp-content\/uploads\/2023\/11\/Himalayah-peak-min-1-600x600.jpg",600,600,true],"gform-image-choice-sm":["https:\/\/www.internetsociety.org\/wp-content\/uploads\/2023\/11\/Himalayah-peak-min-1.jpg",300,125,false],"gform-image-choice-md":["https:\/\/www.internetsociety.org\/wp-content\/uploads\/2023\/11\/Himalayah-peak-min-1.jpg",400,167,false],"gform-image-choice-lg":["https:\/\/www.internetsociety.org\/wp-content\/uploads\/2023\/11\/Himalayah-peak-min-1.jpg",600,250,false]},"uagb_author_info":{"display_name":"Ivana Trbovic","author_link":"https:\/\/www.internetsociety.org\/fr\/author\/trbovic\/"},"uagb_comment_info":0,"uagb_excerpt":"Le monde a besoin d\u2019un Internet robuste et r\u00e9silient. D\u00e9couvrez comment une collaboration de confiance et l\u2019initiative MANRS, soutenue par l\u2019industrie, permettent d\u2019y parvenir, gr\u00e2ce \u00e0 des actions permettant de faire face aux menaces les plus courantes dans le syst\u00e8me de routage mondial.","_links":{"self":[{"href":"https:\/\/www.internetsociety.org\/fr\/wp-json\/wp\/v2\/pages\/167446","targetHints":{"allow":["GET"]}}],"collection":[{"href":"https:\/\/www.internetsociety.org\/fr\/wp-json\/wp\/v2\/pages"}],"about":[{"href":"https:\/\/www.internetsociety.org\/fr\/wp-json\/wp\/v2\/types\/page"}],"author":[{"embeddable":true,"href":"https:\/\/www.internetsociety.org\/fr\/wp-json\/wp\/v2\/users\/46"}],"replies":[{"embeddable":true,"href":"https:\/\/www.internetsociety.org\/fr\/wp-json\/wp\/v2\/comments?post=167446"}],"version-history":[{"count":0,"href":"https:\/\/www.internetsociety.org\/fr\/wp-json\/wp\/v2\/pages\/167446\/revisions"}],"up":[{"embeddable":true,"href":"https:\/\/www.internetsociety.org\/fr\/wp-json\/wp\/v2\/pages\/205198"}],"wp:featuredmedia":[{"embeddable":true,"href":"https:\/\/www.internetsociety.org\/fr\/wp-json\/wp\/v2\/media\/201820"}],"wp:attachment":[{"href":"https:\/\/www.internetsociety.org\/fr\/wp-json\/wp\/v2\/media?parent=167446"}],"wp:term":[{"taxonomy":"category","embeddable":true,"href":"https:\/\/www.internetsociety.org\/fr\/wp-json\/wp\/v2\/categories?post=167446"},{"taxonomy":"post_tag","embeddable":true,"href":"https:\/\/www.internetsociety.org\/fr\/wp-json\/wp\/v2\/tags?post=167446"},{"taxonomy":"region_news_regions","embeddable":true,"href":"https:\/\/www.internetsociety.org\/fr\/wp-json\/wp\/v2\/region_news_regions?post=167446"},{"taxonomy":"content_category","embeddable":true,"href":"https:\/\/www.internetsociety.org\/fr\/wp-json\/wp\/v2\/content_category?post=167446"},{"taxonomy":"author","embeddable":true,"href":"https:\/\/www.internetsociety.org\/fr\/wp-json\/wp\/v2\/ppma_author?post=167446"}],"curies":[{"name":"wp","href":"https:\/\/api.w.org\/{rel}","templated":true}]}}