{"id":167048,"date":"2022-03-22T15:10:44","date_gmt":"2022-03-22T15:10:44","guid":{"rendered":"https:\/\/www.internetsociety.org\/?page_id=167048"},"modified":"2025-07-25T21:17:51","modified_gmt":"2025-07-25T21:17:51","slug":"mesurer-internet","status":"publish","type":"page","link":"https:\/\/www.internetsociety.org\/fr\/action-plan\/measuring-the-internet\/","title":{"rendered":"Mesurer Internet"},"content":{"rendered":"\n<section class=\"wp-block-uagb-columns uagb-columns__wrap uagb-columns__background-image uagb-columns__stack-mobile uagb-columns__valign- uagb-columns__gap-10 align uagb-block-d6a40f3e uagb-columns__columns-1 uagb-columns__max_width-theme background-image-fallback-black\"><div class=\"uagb-columns__overlay\"><\/div><div class=\"uagb-columns__inner-wrap uagb-columns__columns-1\">\n<div class=\"wp-block-uagb-column uagb-column__wrap uagb-column__background-undefined uagb-block-87a6a79b\"><div class=\"uagb-column__overlay\"><\/div>\n<h1 class=\"wp-block-heading has-neutral-white-color has-text-color\">Mesurer <br>Internet<\/h1>\n<\/div>\n<\/div><\/section>\n\n\n\n<div class=\"wp-block-columns is-layout-flex wp-container-core-columns-is-layout-9d6595d7 wp-block-columns-is-layout-flex\">\n<div class=\"wp-block-column is-layout-flow wp-block-column-is-layout-flow\" style=\"flex-basis:10%\"><\/div>\n\n\n\n<div class=\"wp-block-column is-layout-flow wp-block-column-is-layout-flow\" style=\"flex-basis:80%\">\n<div style=\"height:40px\" aria-hidden=\"true\" class=\"wp-block-spacer uag-hide-mob\"><\/div>\n\n\n\n<h2 class=\"wp-block-heading has-accent-purple-color has-text-color has-32-font-size\">Accro\u00eetre la port\u00e9e, la fiabilit\u00e9 et la r\u00e9silience d&rsquo;Internet est un \u00e9l\u00e9ment cl\u00e9 de notre travail.<\/h2>\n\n\n\n<div style=\"height:40px\" aria-hidden=\"true\" class=\"wp-block-spacer\"><\/div>\n\n\n\n<p class=\"has-18-font-size\">Nous avons besoin de donn\u00e9es et d&rsquo;analyses pr\u00e9cises concernant ces \u00e9l\u00e9ments pour comprendre comment Internet \u00e9volue.&nbsp;<a href=\"https:\/\/pulse.internetsociety.org\/fr\" target=\"_blank\" rel=\"noreferrer noopener\">Internet Society Pulse<\/a> consolide des donn\u00e9es de mesure Internet tierces et fiables provenant de nombreuses sources en les regroupant sur un seul site Web.<\/p>\n\n\n\n<p class=\"has-18-font-size\">Lanc\u00e9e en 2020, la plateforme propose des informations, des exp\u00e9riences bas\u00e9es sur des donn\u00e9es et examine les tendances mondiales d\u2019Internet pour aider les journalistes, les d\u00e9cideurs, les organisations de la soci\u00e9t\u00e9 civile et tous ceux qui se situent entre eux \u00e0 comprendre l\u2019\u00e9tat de sant\u00e9 de l\u2019Internet. Nous pr\u00e9sentons actuellement des statistiques relatives aux technologies Internet, aux coupures d\u2019Internet, \u00e0 la r\u00e9silience Internet, et \u00e0 la concentration du march\u00e9.<\/p>\n<\/div>\n\n\n\n<div class=\"wp-block-column is-layout-flow wp-block-column-is-layout-flow\" style=\"flex-basis:10%\"><\/div>\n<\/div>\n\n\n\n<div style=\"height:30px\" aria-hidden=\"true\" class=\"wp-block-spacer uag-hide-mob\"><\/div>\n\n\n\n<div class=\"wp-block-columns margin-bottom-0 has-neutral-white-background-color has-background is-layout-flex wp-container-core-columns-is-layout-9d6595d7 wp-block-columns-is-layout-flex\">\n<div class=\"wp-block-column is-layout-flow wp-block-column-is-layout-flow\" style=\"flex-basis:5.5%\"><\/div>\n\n\n\n<div class=\"wp-block-column is-layout-flow wp-block-column-is-layout-flow\" style=\"flex-basis:89%\">\n<div style=\"height:40px\" aria-hidden=\"true\" class=\"wp-block-spacer uag-hide-mob\"><\/div>\n\n\n\n<div class=\"wp-block-media-text alignwide has-media-on-the-right is-stacked-on-mobile is-vertically-aligned-top is-image-fill-element\" style=\"grid-template-columns:auto 33%\"><div class=\"wp-block-media-text__content\">\n<div style=\"height:20px\" aria-hidden=\"true\" class=\"wp-block-spacer uag-hide-desktop uag-hide-tab\"><\/div>\n\n\n\n<div class=\"wp-block-uagb-info-box uagb-block-5d9a0088 uagb-infobox__content-wrap  uagb-infobox-icon-above-title uagb-infobox-image-valign-top\"><div class=\"uagb-ifb-content\"><div class=\"uagb-ifb-title-wrap\"><h3 class=\"uagb-ifb-title\">Mappage de l\u2019infrastructure terrestre en fibre optique<\/h3><\/div><p class=\"uagb-ifb-desc\">La disponibilit\u00e9 de donn\u00e9es ad\u00e9quates sur les infrastructures de t\u00e9l\u00e9communications existantes, en particulier les fibres optiques, peut aider les secteurs public et priv\u00e9 \u00e0 prendre des d\u00e9cisions d\u2019investissements plus cibl\u00e9s et plus rentables.<br><br>La norme ouverte de donn\u00e9es sur les fibres optiques ( soit en anglais l\u2019Open Fiber Data Standard, OFDS) s\u2019attaque au probl\u00e8me du manque de donn\u00e9es ad\u00e9quates en proposant l\u2019\u00e9tablissement d\u2019une norme ouverte mondiale pour les donn\u00e9es relatives aux infrastructures de fibre optique.<\/p><\/div><\/div>\n\n\n\n<div style=\"height:20px\" aria-hidden=\"true\" class=\"wp-block-spacer\"><\/div>\n\n\n\n<div class=\"wp-block-buttons is-vertical is-content-justification-left is-layout-flex wp-container-core-buttons-is-layout-41619b2b wp-block-buttons-is-layout-flex\">\n<div class=\"wp-block-button is-style-fill\"><a class=\"wp-block-button__link has-neutral-white-color has-depth-green-background-color has-text-color has-background wp-element-button\" href=\"https:\/\/pulse.internetsociety.org\/fr\/blog\/mapping-terrestrial-fibre-optic-networks-is-essential-for-measuring-internet-resilience\"><strong>En savoir plus<\/strong><\/a><\/div>\n<\/div>\n<\/div><figure class=\"wp-block-media-text__media\"><img loading=\"lazy\" decoding=\"async\" width=\"900\" height=\"600\" src=\"https:\/\/www.internetsociety.org\/wp-content\/uploads\/2022\/03\/children-computer.jpeg\" alt=\"Enfants en classe devant des ordinateurs\" class=\"wp-image-166531 size-large\" style=\"object-position:50% 50%\" srcset=\"https:\/\/www.internetsociety.org\/wp-content\/uploads\/2022\/03\/children-computer.jpeg 900w, https:\/\/www.internetsociety.org\/wp-content\/uploads\/2022\/03\/children-computer-450x300.jpeg 450w, https:\/\/www.internetsociety.org\/wp-content\/uploads\/2022\/03\/children-computer-768x512.jpeg 768w, https:\/\/www.internetsociety.org\/wp-content\/uploads\/2022\/03\/children-computer-250x167.jpeg 250w\" sizes=\"auto, (max-width: 900px) 100vw, 900px\" \/><\/figure><\/div>\n\n\n\n<div style=\"height:40px\" aria-hidden=\"true\" class=\"wp-block-spacer uag-hide-mob\"><\/div>\n<\/div>\n\n\n\n<div class=\"wp-block-column is-layout-flow wp-block-column-is-layout-flow\" style=\"flex-basis:10%\"><\/div>\n<\/div>\n\n\n\n<div class=\"wp-block-columns is-layout-flex wp-container-core-columns-is-layout-9d6595d7 wp-block-columns-is-layout-flex\">\n<div class=\"wp-block-column is-layout-flow wp-block-column-is-layout-flow\" style=\"flex-basis:10%\"><\/div>\n\n\n\n<div class=\"wp-block-column is-layout-flow wp-block-column-is-layout-flow\" style=\"flex-basis:80%\">\n<div style=\"height:40px\" aria-hidden=\"true\" class=\"wp-block-spacer uag-hide-mob\"><\/div>\n\n\n\n<h4 class=\"wp-block-heading has-green-color has-text-color\">Lutter contre l\u2019in\u00e9galit\u00e9 mondiale<\/h4>\n\n\n\n<div style=\"height:20px\" aria-hidden=\"true\" class=\"wp-block-spacer\"><\/div>\n\n\n\n<p class=\"has-18-font-size\">Nous rendant \u00e0 l&rsquo;\u00e9vidence qu&rsquo;on ne peut imaginer un Internet prosp\u00e8re sans donn\u00e9es fiables sur les forces qui le fa\u00e7onnent, nous:<\/p>\n\n\n\n<ul class=\"wp-block-list has-18-font-size\">\n<li>ajoutons de nouvelles sources \u00e0 Pulse et d\u00e9veloppons davantage de partenariats avec des fournisseurs de donn\u00e9es et des chercheurs pour \u00e9largir son ensemble de donn\u00e9es;<\/li>\n\n\n\n<li>proposons un nombre plus important de visualisations de donn\u00e9es, d&rsquo;analyses approfondies et d&rsquo;exp\u00e9riences bas\u00e9es sur les donn\u00e9es;<\/li>\n\n\n\n<li>publions des r\u00e9cits issus du monde r\u00e9el quant \u00e0 la fa\u00e7on dont la vie des gens est affect\u00e9e par les interruptions d&rsquo;Internet.<\/li>\n<\/ul>\n\n\n\n<div style=\"height:40px\" aria-hidden=\"true\" class=\"wp-block-spacer\"><\/div>\n\n\n\n<h4 class=\"wp-block-heading has-green-color has-text-color\">Participer<\/h4>\n<\/div>\n\n\n\n<div class=\"wp-block-column is-layout-flow wp-block-column-is-layout-flow\" style=\"flex-basis:10%\"><\/div>\n<\/div>\n\n\n\n<section class=\"wp-block-uagb-columns uagb-columns__wrap uagb-columns__background-color uagb-columns__stack-tablet uagb-columns__valign-top uagb-columns__gap-10 align uagb-block-0c8abc1f uagb-columns__columns-4 uagb-columns__max_width-theme\"><div class=\"uagb-columns__overlay\"><\/div><div class=\"uagb-columns__inner-wrap uagb-columns__columns-4\">\n<div class=\"wp-block-uagb-column uagb-column__wrap uagb-column__background-color uagb-block-c5cbb46e\"><div class=\"uagb-column__overlay\"><\/div>\n<figure class=\"wp-block-image size-large is-style-default margin-bottom-0 vertical-align-bottom\"><img decoding=\"async\" src=\"https:\/\/www.internetsociety.org\/wp-content\/uploads\/2022\/03\/pulse-platform-small-min.png\" alt=\"Symbole d'un globe\" style=\"aspect-ratio:3\/2;object-fit:cover\"\/><\/figure>\n\n\n\n<div style=\"height:20px\" aria-hidden=\"true\" class=\"wp-block-spacer\"><\/div>\n\n\n\n<div class=\"wp-block-uagb-info-box uagb-block-6e38d95b uagb-infobox__content-wrap  uagb-infobox_cta-type-all uagb-infobox-icon-above-title uagb-infobox-image-valign-top\"><a href=\"https:\/\/pulse.internetsociety.org\/fr\/resilience\" class=\"uagb-infobox-link-wrap uagb-infbox__link-to-all\" target=\"_self\" aria-label=\"Infobox Link\" rel=\"noopener noreferrer\" onclick=\"return true;\"><\/a><div class=\"uagb-ifb-content\"><div class=\"uagb-ifb-title-wrap\"><h5 class=\"uagb-ifb-title\">Quel est le niveau de r\u00e9silience d&rsquo;Internet dans votre pays<\/h5><\/div><p class=\"uagb-ifb-desc\">D\u00e9couvrez le score de votre pays sur l&rsquo;Indice de r\u00e9silience Internet.<\/p><div class=\"uagb-ifb-button-wrapper wp-block-button\"><\/div><\/div><\/div>\n<\/div>\n\n\n\n<div class=\"wp-block-uagb-column uagb-column__wrap uagb-column__background-color uagb-block-74b7a2c7\"><div class=\"uagb-column__overlay\"><\/div>\n<figure class=\"wp-block-image size-large is-style-default margin-bottom-0 vertical-align-bottom\"><img decoding=\"async\" src=\"https:\/\/www.internetsociety.org\/wp-content\/uploads\/2022\/03\/pulse-light-plug.png\" alt=\"rallonge \u00e9lectrique\" style=\"aspect-ratio:3\/2;object-fit:cover\"\/><\/figure>\n\n\n\n<div style=\"height:20px\" aria-hidden=\"true\" class=\"wp-block-spacer\"><\/div>\n\n\n\n<div class=\"wp-block-uagb-info-box uagb-block-8afe33bc uagb-infobox__content-wrap  uagb-infobox_cta-type-all uagb-infobox-icon-above-title uagb-infobox-image-valign-top\"><a href=\"https:\/\/pulse.internetsociety.org\/fr\/shutdowns\" class=\"uagb-infobox-link-wrap uagb-infbox__link-to-all\" target=\"_self\" aria-label=\"Infobox Link\" rel=\"noopener noreferrer\" onclick=\"return true;\"><\/a><div class=\"uagb-ifb-content\"><div class=\"uagb-ifb-title-wrap\"><h5 class=\"uagb-ifb-title\">Suivez les incidents de coupure dans le monde<\/h5><\/div><p class=\"uagb-ifb-desc\">Tenez-vous au courant des endroits o\u00f9 les perturbations \u00e0 l\u2019acc\u00e8s \u00e0 Internet impos\u00e9es par le gouvernement se produisent et de leur raison.<\/p><div class=\"uagb-ifb-button-wrapper wp-block-button\"><\/div><\/div><\/div>\n<\/div>\n\n\n\n<div class=\"wp-block-uagb-column uagb-column__wrap uagb-column__background-color uagb-block-4d8f3576\"><div class=\"uagb-column__overlay\"><\/div>\n<figure class=\"wp-block-image size-large is-style-default margin-bottom-0 vertical-align-bottom\"><img decoding=\"async\" src=\"https:\/\/www.internetsociety.org\/wp-content\/uploads\/2022\/03\/https-by-country-pulse.png\" alt=\"Une carte avec une couleur diff\u00e9rente par pays\" style=\"aspect-ratio:3\/2;object-fit:cover\"\/><\/figure>\n\n\n\n<div style=\"height:20px\" aria-hidden=\"true\" class=\"wp-block-spacer\"><\/div>\n\n\n\n<div class=\"wp-block-uagb-info-box uagb-block-d9cd8911 uagb-infobox__content-wrap  uagb-infobox_cta-type-all uagb-infobox-icon-above-title uagb-infobox-image-valign-top\"><a href=\"https:\/\/pulse.internetsociety.org\/fr\/technologies\/\" class=\"uagb-infobox-link-wrap uagb-infbox__link-to-all\" target=\"_self\" aria-label=\"Infobox Link\" rel=\"noopener noreferrer\" onclick=\"return true;\"><\/a><div class=\"uagb-ifb-content\"><div class=\"uagb-ifb-title-wrap\"><h5 class=\"uagb-ifb-title\">O\u00f9 les nouvelles technologies sont-elles adopt\u00e9es?<\/h5><\/div><p class=\"uagb-ifb-desc\">D\u00e9couvrez comment les meilleurs sites Web adoptent des mesures de s\u00e9curit\u00e9.<\/p><div class=\"uagb-ifb-button-wrapper wp-block-button\"><\/div><\/div><\/div>\n<\/div>\n\n\n\n<div class=\"wp-block-uagb-column uagb-column__wrap uagb-column__background-color uagb-block-e6ad69ef\"><div class=\"uagb-column__overlay\"><\/div>\n<figure class=\"wp-block-image size-large is-style-default margin-bottom-0 vertical-align-bottom\"><img decoding=\"async\" src=\"https:\/\/www.internetsociety.org\/wp-content\/uploads\/2022\/03\/globe-light.jpeg\" alt=\"globe avec des lumi\u00e8res \u00e0 travers\" style=\"aspect-ratio:3\/2;object-fit:cover\"\/><\/figure>\n\n\n\n<div style=\"height:20px\" aria-hidden=\"true\" class=\"wp-block-spacer\"><\/div>\n\n\n\n<div class=\"wp-block-uagb-info-box uagb-block-4be958dc uagb-infobox__content-wrap  uagb-infobox_cta-type-all uagb-infobox-icon-above-title uagb-infobox-image-valign-top\"><a href=\"https:\/\/pulse.internetsociety.org\/fr\/partners\" class=\"uagb-infobox-link-wrap uagb-infbox__link-to-all\" target=\"_self\" aria-label=\"Infobox Link\" rel=\"noopener noreferrer\" onclick=\"return true;\"><\/a><div class=\"uagb-ifb-content\"><div class=\"uagb-ifb-title-wrap\"><h5 class=\"uagb-ifb-title\">En savoir plus sur nos partenaires de donn\u00e9es<\/h5><\/div><p class=\"uagb-ifb-desc\">D\u00e9couvrez les diff\u00e9rentes sources de donn\u00e9es qui sont utilis\u00e9es pour fournir un aper\u00e7u d&rsquo;Internet.<\/p><div class=\"uagb-ifb-button-wrapper wp-block-button\"><\/div><\/div><\/div>\n<\/div>\n<\/div><\/section>\n\n\n\n<div class=\"wp-block-columns margin-bottom-0 has-neutral-white-background-color has-background is-layout-flex wp-container-core-columns-is-layout-9d6595d7 wp-block-columns-is-layout-flex\">\n<div class=\"wp-block-column is-layout-flow wp-block-column-is-layout-flow\" style=\"flex-basis:10%\"><\/div>\n\n\n\n<div class=\"wp-block-column is-layout-flow wp-block-column-is-layout-flow\" style=\"flex-basis:80%\">\n<div style=\"height:40px\" aria-hidden=\"true\" class=\"wp-block-spacer uag-hide-mob\"><\/div>\n\n\n\n<h4 class=\"wp-block-heading has-depth-teal-color has-text-color\" id=\"how-the-ndss-symposium-helps-to-strengthen-the-internet\">Actualit\u00e9s<\/h4>\n\n\n\n<div style=\"height:20px\" aria-hidden=\"true\" class=\"wp-block-spacer uag-hide-mob\"><\/div>\n<\/div>\n\n\n\n<div class=\"wp-block-column is-layout-flow wp-block-column-is-layout-flow\" style=\"flex-basis:10%\"><\/div>\n<\/div>\n\n\n\n<div class=\"wp-block-columns margin-bottom-0 has-neutral-white-background-color has-background is-layout-flex wp-container-core-columns-is-layout-9d6595d7 wp-block-columns-is-layout-flex\">\n<div class=\"wp-block-column is-layout-flow wp-block-column-is-layout-flow\" style=\"flex-basis:7.5%\"><\/div>\n\n\n\n<div class=\"wp-block-column is-layout-flow wp-block-column-is-layout-flow\" style=\"flex-basis:85%\"><div class=\"components-placeholder\"><div class=\"notice notice-error\"><strong>Erreur RSS\u00a0:<\/strong> Retrieved unsupported status code &quot;404&quot;<\/div><\/div>\n\n\n<div style=\"height:40px\" aria-hidden=\"true\" class=\"wp-block-spacer\"><\/div>\n\n\n\n<div class=\"wp-block-buttons is-vertical is-content-justification-center is-layout-flex wp-container-core-buttons-is-layout-52c8502b wp-block-buttons-is-layout-flex\">\n<div class=\"wp-block-button is-style-fill\"><a class=\"wp-block-button__link has-neutral-white-color has-depth-green-background-color has-text-color has-background wp-element-button\" href=\"https:\/\/pulse.internetsociety.org\/fr\/blog\">Voir toutes les actualit\u00e9s<\/a><\/div>\n<\/div>\n<\/div>\n\n\n\n<div class=\"wp-block-column is-layout-flow wp-block-column-is-layout-flow\" style=\"flex-basis:7.5%\"><\/div>\n<\/div>\n\n\n\n<div class=\"wp-block-columns margin-bottom-0 has-neutral-white-background-color has-background is-layout-flex wp-container-core-columns-is-layout-9d6595d7 wp-block-columns-is-layout-flex\">\n<div class=\"wp-block-column is-layout-flow wp-block-column-is-layout-flow\" style=\"flex-basis:10%\"><\/div>\n\n\n\n<div class=\"wp-block-column is-layout-flow wp-block-column-is-layout-flow\" style=\"flex-basis:80%\">\n<div style=\"height:40px\" aria-hidden=\"true\" class=\"wp-block-spacer uag-hide-mob\"><\/div>\n\n\n\n<h4 class=\"wp-block-heading has-depth-teal-color has-text-color\" id=\"how-the-ndss-symposium-helps-to-strengthen-the-internet\">Ressources<\/h4>\n\n\n\n<div style=\"height:20px\" aria-hidden=\"true\" class=\"wp-block-spacer\"><\/div>\n\n\n\n\t\t\t<div class=\"wp-block-uagb-post-grid uagb-post-grid  uagb-post__image-position-top uagb-post__image-disabled uagb-block-3dda45b8     uagb-post__items uagb-post__columns-3 is-grid uagb-post__columns-tablet-2 uagb-post__columns-mobile-1 uagb-post__equal-height\" data-total=\"1\" style=\"\">\n\n\t\t\t\t\t\t\t\t\t\t\t\t<article class=\"uagb-post__inner-wrap\">\t\t\t\t\t\t\t\t<div class='uagb-post__text uagb-post-grid-byline'>\n\t\t\t\t\t\t\t\t<time datetime=\"2025-10-28T19:12:48+00:00\" class=\"uagb-post__date\">\n\t\t\t\t\t\t\t\t\t28 octobre 2025\t\t\t\t<\/time>\n\t\t\t\t\t\t<\/div>\n\t\t\t\t\t\t<h5 class=\"uagb-post__title uagb-post__text\">\n\t\t\t\t<a href=\"https:\/\/www.internetsociety.org\/fr\/resources\/policybriefs\/2025\/internet-shutdowns\/\" target=\"_self\" rel=\"bookmark noopener noreferrer\">Fiche d\u2019orientation : Coupures d\u2019Internet<\/a>\n\t\t\t<\/h5>\n\t\t\t\n\t\t\t\t\t\t\t\t\t<\/article>\n\t\t\t\t\t\t\t\t\t\t\t\t\t\t\t\t<article class=\"uagb-post__inner-wrap\">\t\t\t\t\t\t\t\t<div class='uagb-post__text uagb-post-grid-byline'>\n\t\t\t\t\t\t\t\t<time datetime=\"2019-12-17T17:42:47+00:00\" class=\"uagb-post__date\">\n\t\t\t\t\t\t\t\t\t17 d\u00e9cembre 2019\t\t\t\t<\/time>\n\t\t\t\t\t\t<\/div>\n\t\t\t\t\t\t<h5 class=\"uagb-post__title uagb-post__text\">\n\t\t\t\t<a href=\"https:\/\/www.internetsociety.org\/fr\/resources\/doc\/2019\/position-de-linternet-society-sur-les-fermetures-dinternet\/\" target=\"_self\" rel=\"bookmark noopener noreferrer\">Position de l&rsquo;Internet Society sur les fermetures d&rsquo;Internet<\/a>\n\t\t\t<\/h5>\n\t\t\t\n\t\t\t\t\t\t\t\t\t<\/article>\n\t\t\t\t\t\t\t\t\t\t\t\t\t<div class=\"uagb-post-pagination-wrap\">\n\t\t\t\t\t\t\t\t\t\t\t<\/div>\n\t\t\t\t\t\t\t\t<\/div>\n\t\t\t\n\n\n<div style=\"height:40px\" aria-hidden=\"true\" class=\"wp-block-spacer\"><\/div>\n<\/div>\n\n\n\n<div class=\"wp-block-column is-layout-flow wp-block-column-is-layout-flow\" style=\"flex-basis:10%\"><\/div>\n<\/div>\n","protected":false},"excerpt":{"rendered":"<p>Nous avons besoin de donn\u00e9es pr\u00e9cises et d&rsquo;analyses sur la port\u00e9e, la fiabilit\u00e9 et la r\u00e9silience d&rsquo;Internet pour comprendre comment il \u00e9volue.<\/p>\n","protected":false},"author":1720,"featured_media":166532,"parent":47369,"menu_order":0,"comment_status":"closed","ping_status":"closed","template":"page-wide.php","meta":{"_acf_changed":false,"_uag_custom_page_level_css":"","footnotes":""},"categories":[32,118,120],"tags":[669,6066,5939],"region_news_regions":[],"content_category":[],"ppma_author":[5657],"class_list":["post-167048","page","type-page","status-publish","has-post-thumbnail","hentry","category-internet-access","category-qui-sommes-nous","category-acces","tag-actionplan","tag-actionplan-fr","tag-plan-daction"],"acf":[],"uagb_featured_image_src":{"full":["https:\/\/www.internetsociety.org\/wp-content\/uploads\/2022\/03\/children-computer.jpeg",900,600,false],"thumbnail":["https:\/\/www.internetsociety.org\/wp-content\/uploads\/2022\/03\/children-computer-150x150.jpeg",150,150,true],"medium":["https:\/\/www.internetsociety.org\/wp-content\/uploads\/2022\/03\/children-computer-450x300.jpeg",450,300,true],"medium_large":["https:\/\/www.internetsociety.org\/wp-content\/uploads\/2022\/03\/children-computer-768x512.jpeg",768,512,true],"large":["https:\/\/www.internetsociety.org\/wp-content\/uploads\/2022\/03\/children-computer.jpeg",900,600,false],"1536x1536":["https:\/\/www.internetsociety.org\/wp-content\/uploads\/2022\/03\/children-computer.jpeg",900,600,false],"2048x2048":["https:\/\/www.internetsociety.org\/wp-content\/uploads\/2022\/03\/children-computer.jpeg",900,600,false],"post-thumbnail":["https:\/\/www.internetsociety.org\/wp-content\/uploads\/2022\/03\/children-computer-250x167.jpeg",250,167,true],"square":["https:\/\/www.internetsociety.org\/wp-content\/uploads\/2022\/03\/children-computer-600x600.jpeg",600,600,true],"gform-image-choice-sm":["https:\/\/www.internetsociety.org\/wp-content\/uploads\/2022\/03\/children-computer.jpeg",300,200,false],"gform-image-choice-md":["https:\/\/www.internetsociety.org\/wp-content\/uploads\/2022\/03\/children-computer.jpeg",400,267,false],"gform-image-choice-lg":["https:\/\/www.internetsociety.org\/wp-content\/uploads\/2022\/03\/children-computer.jpeg",600,400,false]},"uagb_author_info":{"display_name":"Jelena Mirkovic","author_link":"https:\/\/www.internetsociety.org\/fr\/author\/"},"uagb_comment_info":0,"uagb_excerpt":"Nous avons besoin de donn\u00e9es pr\u00e9cises et d'analyses sur la port\u00e9e, la fiabilit\u00e9 et la r\u00e9silience d'Internet pour comprendre comment il \u00e9volue.","_links":{"self":[{"href":"https:\/\/www.internetsociety.org\/fr\/wp-json\/wp\/v2\/pages\/167048","targetHints":{"allow":["GET"]}}],"collection":[{"href":"https:\/\/www.internetsociety.org\/fr\/wp-json\/wp\/v2\/pages"}],"about":[{"href":"https:\/\/www.internetsociety.org\/fr\/wp-json\/wp\/v2\/types\/page"}],"author":[{"embeddable":true,"href":"https:\/\/www.internetsociety.org\/fr\/wp-json\/wp\/v2\/users\/1720"}],"replies":[{"embeddable":true,"href":"https:\/\/www.internetsociety.org\/fr\/wp-json\/wp\/v2\/comments?post=167048"}],"version-history":[{"count":0,"href":"https:\/\/www.internetsociety.org\/fr\/wp-json\/wp\/v2\/pages\/167048\/revisions"}],"up":[{"embeddable":true,"href":"https:\/\/www.internetsociety.org\/fr\/wp-json\/wp\/v2\/pages\/47369"}],"wp:featuredmedia":[{"embeddable":true,"href":"https:\/\/www.internetsociety.org\/fr\/wp-json\/wp\/v2\/media\/166532"}],"wp:attachment":[{"href":"https:\/\/www.internetsociety.org\/fr\/wp-json\/wp\/v2\/media?parent=167048"}],"wp:term":[{"taxonomy":"category","embeddable":true,"href":"https:\/\/www.internetsociety.org\/fr\/wp-json\/wp\/v2\/categories?post=167048"},{"taxonomy":"post_tag","embeddable":true,"href":"https:\/\/www.internetsociety.org\/fr\/wp-json\/wp\/v2\/tags?post=167048"},{"taxonomy":"region_news_regions","embeddable":true,"href":"https:\/\/www.internetsociety.org\/fr\/wp-json\/wp\/v2\/region_news_regions?post=167048"},{"taxonomy":"content_category","embeddable":true,"href":"https:\/\/www.internetsociety.org\/fr\/wp-json\/wp\/v2\/content_category?post=167048"},{"taxonomy":"author","embeddable":true,"href":"https:\/\/www.internetsociety.org\/fr\/wp-json\/wp\/v2\/ppma_author?post=167048"}],"curies":[{"name":"wp","href":"https:\/\/api.w.org\/{rel}","templated":true}]}}