{"id":167043,"date":"2022-03-22T10:25:20","date_gmt":"2022-03-22T10:25:20","guid":{"rendered":"https:\/\/www.internetsociety.org\/?page_id=167043"},"modified":"2023-10-18T18:22:37","modified_gmt":"2023-10-18T18:22:37","slug":"decouverte-de-la-souverainete-numerique","status":"publish","type":"page","link":"https:\/\/www.internetsociety.org\/fr\/action-plan\/digital-sovereignty\/","title":{"rendered":"D\u00e9couverte de la souverainet\u00e9 num\u00e9rique"},"content":{"rendered":"\n<section class=\"wp-block-uagb-columns uagb-columns__wrap uagb-columns__background-image uagb-columns__stack-mobile uagb-columns__valign- uagb-columns__gap-10 align uagb-block-ee30dfc8 uagb-columns__columns-1 uagb-columns__max_width-theme background-image-fallback-black\"><div class=\"uagb-columns__overlay\"><\/div><div class=\"uagb-columns__inner-wrap uagb-columns__columns-1\">\n<div class=\"wp-block-uagb-column uagb-column__wrap uagb-column__background-undefined uagb-block-dc88a493\"><div class=\"uagb-column__overlay\"><\/div>\n<div style=\"height:60px\" aria-hidden=\"true\" class=\"wp-block-spacer\"><\/div>\n\n\n\n<h1 class=\"wp-block-heading has-neutral-white-color has-text-color\">\u00c9tude de la souverainet\u00e9 num\u00e9rique <\/h1>\n\n\n\n<div style=\"height:60px\" aria-hidden=\"true\" class=\"wp-block-spacer\"><\/div>\n<\/div>\n<\/div><\/section>\n\n\n\n<div class=\"wp-block-columns is-layout-flex wp-container-core-columns-is-layout-9d6595d7 wp-block-columns-is-layout-flex\">\n<div class=\"wp-block-column is-layout-flow wp-block-column-is-layout-flow\" style=\"flex-basis:10%\"><\/div>\n\n\n\n<div class=\"wp-block-column is-layout-flow wp-block-column-is-layout-flow\" style=\"flex-basis:80%\">\n<div style=\"height:40px\" aria-hidden=\"true\" class=\"wp-block-spacer\"><\/div>\n\n\n\n<h2 class=\"wp-block-heading has-accent-purple-color has-text-color has-32-font-size\">De par sa conception, Internet ne conna\u00eet pas de fronti\u00e8res. Mais cette id\u00e9e m\u00eame se trouve-t-elle \u00e0 pr\u00e9sent menac\u00e9e?<\/h2>\n\n\n\n<div style=\"height:40px\" aria-hidden=\"true\" class=\"wp-block-spacer\"><\/div>\n\n\n\n<p class=\"has-18-font-size\">Les gouvernements utilisent de plus en plus souvent le terme de \u00ab souverainet\u00e9 num\u00e9rique \u00bb pour justifier leurs politiques et actions visant \u00e0 contr\u00f4ler le fonctionnement d&rsquo;Internet. Ils tentent d&rsquo;imposer des fronti\u00e8res g\u00e9ographiques au r\u00e9seau Internet mondial. En quoi cela affectera-t-il Internet ? Que devrions-nous dire et comment r\u00e9agir \u00e0 ce sujet ? Nous d\u00e9veloppons un positionnement au sein de notre communaut\u00e9 que nous pouvons partager avec le monde et utiliser pour fa\u00e7onner les discussions sur l&rsquo;avenir d&rsquo;Internet.<\/p>\n\n\n\n<div style=\"height:20px\" aria-hidden=\"true\" class=\"wp-block-spacer\"><\/div>\n<\/div>\n\n\n\n<div class=\"wp-block-column is-layout-flow wp-block-column-is-layout-flow\" style=\"flex-basis:10%\"><\/div>\n<\/div>\n\n\n\n<div class=\"wp-block-columns margin-bottom-0 has-neutral-white-background-color has-background is-layout-flex wp-container-core-columns-is-layout-9d6595d7 wp-block-columns-is-layout-flex\">\n<div class=\"wp-block-column is-layout-flow wp-block-column-is-layout-flow\" style=\"flex-basis:5.5%\"><\/div>\n\n\n\n<div class=\"wp-block-column is-layout-flow wp-block-column-is-layout-flow\" style=\"flex-basis:89%\">\n<div style=\"height:20px\" aria-hidden=\"true\" class=\"wp-block-spacer\"><\/div>\n\n\n\n<div class=\"wp-block-media-text alignwide has-media-on-the-right is-stacked-on-mobile is-vertically-aligned-top is-image-fill\" style=\"grid-template-columns:auto 33%\"><div class=\"wp-block-media-text__content\">\n<div style=\"height:20px\" aria-hidden=\"true\" class=\"wp-block-spacer\"><\/div>\n\n\n\n<div class=\"wp-block-uagb-info-box uagb-block-ecf792a5 uagb-infobox__content-wrap  uagb-infobox-icon-above-title uagb-infobox-image-valign-top\"><div class=\"uagb-ifb-content\"><div class=\"uagb-ifb-title-wrap\"><h3 class=\"uagb-ifb-title\">Aborder la souverainet\u00e9 num\u00e9rique et son impact sur Internet<\/h3><\/div><p class=\"uagb-ifb-desc\">Nous avons explor\u00e9 comment les politiques de la souverainet\u00e9 num\u00e9rique pourraient affecter le d\u00e9veloppement technique et l\u2019\u00e9volution de l\u2019Internet. Nos donn\u00e9es font progresser le d\u00e9bat mondial sur ce sujet tr\u00e8s important, et ouvrent la voie \u00e0 de nouvelles \u00e9tudes sur une tendance \u00e9mergente qui pourrait fa\u00e7onner l\u2019avenir de l\u2019Internet.<\/p><\/div><\/div>\n\n\n\n<div style=\"height:20px\" aria-hidden=\"true\" class=\"wp-block-spacer\"><\/div>\n\n\n\n<div class=\"wp-block-buttons is-vertical is-content-justification-left is-layout-flex wp-container-core-buttons-is-layout-41619b2b wp-block-buttons-is-layout-flex\">\n<div class=\"wp-block-button is-style-fill\"><a class=\"wp-block-button__link has-neutral-white-color has-depth-green-background-color has-text-color has-background wp-element-button\" href=\"https:\/\/www.internetsociety.org\/fr\/resources\/doc\/2022\/explorer-la-souverainete-numerique-et-son-impact-sur-linternet\/\">Lisez l&rsquo;article<\/a><\/div>\n<\/div>\n<\/div><figure class=\"wp-block-media-text__media\" style=\"background-image:url(https:\/\/www.internetsociety.org\/wp-content\/uploads\/2022\/03\/globe-net.jpg);background-position:50% 50%\"><img loading=\"lazy\" decoding=\"async\" width=\"1000\" height=\"641\" src=\"https:\/\/www.internetsociety.org\/wp-content\/uploads\/2022\/03\/globe-net.jpg\" alt=\"Black and silver round ball\" class=\"wp-image-166408 size-large\" srcset=\"https:\/\/www.internetsociety.org\/wp-content\/uploads\/2022\/03\/globe-net.jpg 1000w, https:\/\/www.internetsociety.org\/wp-content\/uploads\/2022\/03\/globe-net-450x288.jpg 450w, https:\/\/www.internetsociety.org\/wp-content\/uploads\/2022\/03\/globe-net-768x492.jpg 768w, https:\/\/www.internetsociety.org\/wp-content\/uploads\/2022\/03\/globe-net-250x160.jpg 250w\" sizes=\"auto, (max-width: 1000px) 100vw, 1000px\" \/><\/figure><\/div>\n\n\n\n<div style=\"height:20px\" aria-hidden=\"true\" class=\"wp-block-spacer\"><\/div>\n<\/div>\n\n\n\n<div class=\"wp-block-column is-layout-flow wp-block-column-is-layout-flow\" style=\"flex-basis:5.5%\"><\/div>\n<\/div>\n\n\n\n<div class=\"wp-block-columns is-layout-flex wp-container-core-columns-is-layout-9d6595d7 wp-block-columns-is-layout-flex\">\n<div class=\"wp-block-column is-layout-flow wp-block-column-is-layout-flow\" style=\"flex-basis:10%\"><\/div>\n\n\n\n<div class=\"wp-block-column is-layout-flow wp-block-column-is-layout-flow\" style=\"flex-basis:80%\">\n<div style=\"height:40px\" aria-hidden=\"true\" class=\"wp-block-spacer\"><\/div>\n\n\n\n<h4 class=\"wp-block-heading has-green-color has-text-color\">Renforcer Internet&nbsp;<\/h4>\n\n\n\n<div style=\"height:30px\" aria-hidden=\"true\" class=\"wp-block-spacer\"><\/div>\n\n\n\n<p class=\"has-18-font-size\">Si l&rsquo;on prend le temps d&rsquo;examiner les possibles r\u00e9percussions de la souverainet\u00e9 num\u00e9rique sur Internet, nous contribuons \u00e0 rendre Internet plus fort en:<\/p>\n\n\n\n<ul class=\"has-18-font-size wp-block-list\">\n<li>\u00e9tudiant la mani\u00e8re dont la souverainet\u00e9 num\u00e9rique s&rsquo;\u00e9labore dans diff\u00e9rentes r\u00e9gions du monde;<\/li>\n\n\n\n<li>d\u00e9veloppant notre positionnement en mati\u00e8re de souverainet\u00e9 num\u00e9rique aupr\u00e8s de notre communaut\u00e9;<\/li>\n\n\n\n<li>fournissant une base pour une analyse future enracin\u00e9e dans le cadre du Mode de fonctionnement du r\u00e9seau Internet.<\/li>\n<\/ul>\n\n\n\n<div style=\"height:40px\" aria-hidden=\"true\" class=\"wp-block-spacer\"><\/div>\n\n\n\n<h4 class=\"wp-block-heading has-green-color has-text-color\">Participer<\/h4>\n\n\n\n<div style=\"height:20px\" aria-hidden=\"true\" class=\"wp-block-spacer\"><\/div>\n<\/div>\n\n\n\n<div class=\"wp-block-column is-layout-flow wp-block-column-is-layout-flow\" style=\"flex-basis:10%\"><\/div>\n<\/div>\n\n\n\n<div class=\"wp-block-columns is-layout-flex wp-container-core-columns-is-layout-9d6595d7 wp-block-columns-is-layout-flex\">\n<div class=\"wp-block-column is-layout-flow wp-block-column-is-layout-flow\" style=\"flex-basis:11%\"><\/div>\n\n\n\n<div class=\"wp-block-column is-layout-flow wp-block-column-is-layout-flow\" style=\"flex-basis:26%\">\n<figure class=\"wp-block-image size-full is-style-default margin-bottom-0 vertical-align-bottom\"><img loading=\"lazy\" decoding=\"async\" width=\"450\" height=\"200\" src=\"https:\/\/www.internetsociety.org\/wp-content\/uploads\/2022\/03\/courtroom.jpg\" alt=\"Pillars of courtroom\" class=\"wp-image-166417\" srcset=\"https:\/\/www.internetsociety.org\/wp-content\/uploads\/2022\/03\/courtroom.jpg 450w, https:\/\/www.internetsociety.org\/wp-content\/uploads\/2022\/03\/courtroom-250x111.jpg 250w\" sizes=\"auto, (max-width: 450px) 100vw, 450px\" \/><\/figure>\n\n\n\n<div class=\"wp-block-cover is-light\" style=\"min-height:100px;aspect-ratio:unset;\"><span aria-hidden=\"true\" class=\"wp-block-cover__background has-neutral-white-background-color has-background-dim-100 has-background-dim\"><\/span><div class=\"wp-block-cover__inner-container is-layout-flow wp-block-cover-is-layout-flow\">\n<div class=\"wp-block-uagb-info-box uagb-block-350c97ad uagb-infobox__content-wrap  uagb-infobox_cta-type-all uagb-infobox-icon-above-title uagb-infobox-image-valign-top\"><a href=\"mailto:digisov@isoc.org\" class=\"uagb-infobox-link-wrap uagb-infbox__link-to-all\" target=\"_self\" aria-label=\"Infobox Link\" rel=\"noopener noreferrer\" onclick=\"return true;\"><\/a><div class=\"uagb-ifb-content\"><div class=\"uagb-ifb-title-wrap\"><h5 class=\"uagb-ifb-title\">Expliquez-nous comment la souverainet\u00e9 num\u00e9rique vous affecte ou influe sur votre travail<\/h5><\/div><p class=\"uagb-ifb-desc\">La souverainet\u00e9 num\u00e9rique est-elle en train de se produire l\u00e0 o\u00f9 vous vous trouvez? Quel sera, \u00e0 votre avis, son impact sur Internet dans votre pays ? Faites-nous parvenir vos r\u00e9flexions. <\/p><div class=\"uagb-ifb-button-wrapper wp-block-button\"><\/div><\/div><\/div>\n\n\n\n<div style=\"height:5px\" aria-hidden=\"true\" class=\"wp-block-spacer\"><\/div>\n<\/div><\/div>\n\n\n\n<div style=\"height:30px\" aria-hidden=\"true\" class=\"wp-block-spacer\"><\/div>\n<\/div>\n\n\n\n<div class=\"wp-block-column is-layout-flow wp-block-column-is-layout-flow\" style=\"flex-basis:26%\">\n<figure class=\"wp-block-image size-full is-style-default margin-bottom-0 vertical-align-bottom\"><img loading=\"lazy\" decoding=\"async\" width=\"450\" height=\"200\" src=\"https:\/\/www.internetsociety.org\/wp-content\/uploads\/2022\/03\/library.jpeg\" alt=\"Books on the bookshelves and light blurbs hanging next to them\" class=\"wp-image-166414\" srcset=\"https:\/\/www.internetsociety.org\/wp-content\/uploads\/2022\/03\/library.jpeg 450w, https:\/\/www.internetsociety.org\/wp-content\/uploads\/2022\/03\/library-250x111.jpeg 250w\" sizes=\"auto, (max-width: 450px) 100vw, 450px\" \/><\/figure>\n\n\n\n<div class=\"wp-block-cover is-light\" style=\"min-height:100px;aspect-ratio:unset;\"><span aria-hidden=\"true\" class=\"wp-block-cover__background has-neutral-white-background-color has-background-dim-100 has-background-dim\"><\/span><div class=\"wp-block-cover__inner-container is-layout-flow wp-block-cover-is-layout-flow\">\n<div class=\"wp-block-uagb-info-box uagb-block-9d8a6435 uagb-infobox__content-wrap  uagb-infobox_cta-type-all uagb-infobox-icon-above-title uagb-infobox-image-valign-top\"><a href=\"mailto:digisov@isoc.org\" class=\"uagb-infobox-link-wrap uagb-infbox__link-to-all\" target=\"_self\" aria-label=\"Infobox Link\" rel=\"noopener noreferrer\" onclick=\"return true;\"><\/a><div class=\"uagb-ifb-content\"><div class=\"uagb-ifb-title-wrap\"><h5 class=\"uagb-ifb-title\">Orientez-nous vers les bonnes ressources<\/h5><\/div><p class=\"uagb-ifb-desc\">Avez-vous lu une \u00e9tude ou un article sur la souverainet\u00e9 num\u00e9rique derni\u00e8rement? Partagez-les avec nous. <\/p><div class=\"uagb-ifb-button-wrapper wp-block-button\"><\/div><\/div><\/div>\n\n\n\n<div style=\"height:45px\" aria-hidden=\"true\" class=\"wp-block-spacer\"><\/div>\n<\/div><\/div>\n\n\n\n<div style=\"height:30px\" aria-hidden=\"true\" class=\"wp-block-spacer\"><\/div>\n<\/div>\n\n\n\n<div class=\"wp-block-column is-layout-flow wp-block-column-is-layout-flow\" style=\"flex-basis:26%\"><\/div>\n\n\n\n<div class=\"wp-block-column is-layout-flow wp-block-column-is-layout-flow\" style=\"flex-basis:11%\"><\/div>\n<\/div>\n\n\n\n<div style=\"height:10px\" aria-hidden=\"true\" class=\"wp-block-spacer\"><\/div>\n","protected":false},"excerpt":{"rendered":"<p>Les gouvernements tentent d&rsquo;imposer des fronti\u00e8res g\u00e9ographiques \u00e0 l&rsquo;Internet mondial. Comment cela affectera-t-il Internet?<\/p>\n","protected":false},"author":11,"featured_media":160386,"parent":160438,"menu_order":0,"comment_status":"closed","ping_status":"closed","template":"page-wide.php","meta":{"_acf_changed":false,"_uag_custom_page_level_css":"","footnotes":""},"categories":[4909],"tags":[],"region_news_regions":[],"content_category":[],"ppma_author":[5657],"class_list":["post-167043","page","type-page","status-publish","has-post-thumbnail","hentry","category-renforcer-internet"],"acf":[],"uagb_featured_image_src":{"full":["https:\/\/www.internetsociety.org\/wp-content\/uploads\/2021\/12\/m-exploring-digital-sovereignty-1.jpg",1280,720,false],"thumbnail":["https:\/\/www.internetsociety.org\/wp-content\/uploads\/2021\/12\/m-exploring-digital-sovereignty-1-150x150.jpg",150,150,true],"medium":["https:\/\/www.internetsociety.org\/wp-content\/uploads\/2021\/12\/m-exploring-digital-sovereignty-1-450x253.jpg",450,253,true],"medium_large":["https:\/\/www.internetsociety.org\/wp-content\/uploads\/2021\/12\/m-exploring-digital-sovereignty-1-768x432.jpg",768,432,true],"large":["https:\/\/www.internetsociety.org\/wp-content\/uploads\/2021\/12\/m-exploring-digital-sovereignty-1-1024x576.jpg",1024,576,true],"1536x1536":["https:\/\/www.internetsociety.org\/wp-content\/uploads\/2021\/12\/m-exploring-digital-sovereignty-1.jpg",1280,720,false],"2048x2048":["https:\/\/www.internetsociety.org\/wp-content\/uploads\/2021\/12\/m-exploring-digital-sovereignty-1.jpg",1280,720,false],"post-thumbnail":["https:\/\/www.internetsociety.org\/wp-content\/uploads\/2021\/12\/m-exploring-digital-sovereignty-1-250x141.jpg",250,141,true],"square":["https:\/\/www.internetsociety.org\/wp-content\/uploads\/2021\/12\/m-exploring-digital-sovereignty-1-600x600.jpg",600,600,true],"gform-image-choice-sm":["https:\/\/www.internetsociety.org\/wp-content\/uploads\/2021\/12\/m-exploring-digital-sovereignty-1.jpg",300,169,false],"gform-image-choice-md":["https:\/\/www.internetsociety.org\/wp-content\/uploads\/2021\/12\/m-exploring-digital-sovereignty-1.jpg",400,225,false],"gform-image-choice-lg":["https:\/\/www.internetsociety.org\/wp-content\/uploads\/2021\/12\/m-exploring-digital-sovereignty-1.jpg",600,338,false]},"uagb_author_info":{"display_name":"Internet Society","author_link":"https:\/\/www.internetsociety.org\/fr\/author\/isoc\/"},"uagb_comment_info":0,"uagb_excerpt":"Les gouvernements tentent d'imposer des fronti\u00e8res g\u00e9ographiques \u00e0 l'Internet mondial. Comment cela affectera-t-il Internet?","_links":{"self":[{"href":"https:\/\/www.internetsociety.org\/fr\/wp-json\/wp\/v2\/pages\/167043","targetHints":{"allow":["GET"]}}],"collection":[{"href":"https:\/\/www.internetsociety.org\/fr\/wp-json\/wp\/v2\/pages"}],"about":[{"href":"https:\/\/www.internetsociety.org\/fr\/wp-json\/wp\/v2\/types\/page"}],"author":[{"embeddable":true,"href":"https:\/\/www.internetsociety.org\/fr\/wp-json\/wp\/v2\/users\/11"}],"replies":[{"embeddable":true,"href":"https:\/\/www.internetsociety.org\/fr\/wp-json\/wp\/v2\/comments?post=167043"}],"version-history":[{"count":0,"href":"https:\/\/www.internetsociety.org\/fr\/wp-json\/wp\/v2\/pages\/167043\/revisions"}],"up":[{"embeddable":true,"href":"https:\/\/www.internetsociety.org\/fr\/wp-json\/wp\/v2\/pages\/160438"}],"wp:featuredmedia":[{"embeddable":true,"href":"https:\/\/www.internetsociety.org\/fr\/wp-json\/wp\/v2\/media\/160386"}],"wp:attachment":[{"href":"https:\/\/www.internetsociety.org\/fr\/wp-json\/wp\/v2\/media?parent=167043"}],"wp:term":[{"taxonomy":"category","embeddable":true,"href":"https:\/\/www.internetsociety.org\/fr\/wp-json\/wp\/v2\/categories?post=167043"},{"taxonomy":"post_tag","embeddable":true,"href":"https:\/\/www.internetsociety.org\/fr\/wp-json\/wp\/v2\/tags?post=167043"},{"taxonomy":"region_news_regions","embeddable":true,"href":"https:\/\/www.internetsociety.org\/fr\/wp-json\/wp\/v2\/region_news_regions?post=167043"},{"taxonomy":"content_category","embeddable":true,"href":"https:\/\/www.internetsociety.org\/fr\/wp-json\/wp\/v2\/content_category?post=167043"},{"taxonomy":"author","embeddable":true,"href":"https:\/\/www.internetsociety.org\/fr\/wp-json\/wp\/v2\/ppma_author?post=167043"}],"curies":[{"name":"wp","href":"https:\/\/api.w.org\/{rel}","templated":true}]}}