{"id":167040,"date":"2022-03-22T10:48:41","date_gmt":"2022-03-22T10:48:41","guid":{"rendered":"https:\/\/www.internetsociety.org\/?page_id=167040"},"modified":"2023-10-18T17:57:06","modified_gmt":"2023-10-18T17:57:06","slug":"satellites-a-orbite-terrestre-basse","status":"publish","type":"page","link":"https:\/\/www.internetsociety.org\/fr\/action-plan\/leos\/","title":{"rendered":"Satellites en orbite terrestre basse"},"content":{"rendered":"\n<section class=\"wp-block-uagb-columns uagb-columns__wrap uagb-columns__background-image uagb-columns__stack-mobile uagb-columns__valign- uagb-columns__gap-10 align uagb-block-cfa8fffb uagb-columns__columns-1 uagb-columns__max_width-theme background-image-fallback-black\"><div class=\"uagb-columns__overlay\"><\/div><div class=\"uagb-columns__inner-wrap uagb-columns__columns-1\">\n<div class=\"wp-block-uagb-column uagb-column__wrap uagb-column__background-undefined uagb-block-04ea42cb\"><div class=\"uagb-column__overlay\"><\/div>\n<div style=\"height:60px\" aria-hidden=\"true\" class=\"wp-block-spacer\"><\/div>\n\n\n\n<h1 class=\"wp-block-heading has-neutral-white-color has-text-color\">Satellites en orbite terrestre basse<\/h1>\n\n\n\n<div style=\"height:60px\" aria-hidden=\"true\" class=\"wp-block-spacer\"><\/div>\n<\/div>\n<\/div><\/section>\n\n\n\n<div class=\"wp-block-columns is-layout-flex wp-container-core-columns-is-layout-9d6595d7 wp-block-columns-is-layout-flex\">\n<div class=\"wp-block-column is-layout-flow wp-block-column-is-layout-flow\" style=\"flex-basis:10%\"><\/div>\n\n\n\n<div class=\"wp-block-column is-layout-flow wp-block-column-is-layout-flow\" style=\"flex-basis:80%\">\n<div style=\"height:40px\" aria-hidden=\"true\" class=\"wp-block-spacer\"><\/div>\n\n\n\n<h2 class=\"wp-block-heading has-accent-purple-color has-text-color has-32-font-size\">Des constellations de satellites en orbite terrestre basse pour un acc\u00e8s \u00e0 Internet se profilent \u00e0 l\u2019horizon.<\/h2>\n\n\n\n<div style=\"height:40px\" aria-hidden=\"true\" class=\"wp-block-spacer\"><\/div>\n\n\n\n<p class=\"has-18-font-size\">Elles pourraient aider \u00e0 r\u00e9duire les co\u00fbts d\u2019acc\u00e8s \u00e0 Internet, \u00e0 accro\u00eetre la vitesse d\u2019acc\u00e8s pour les utilisateurs, ou \u00e0 r\u00e9duire la fracture num\u00e9rique. Ou sinon, elles pourraient mettre l\u2019acc\u00e8s \u00e0 Internet entre les mains de quelques grandes entreprises ainsi engendrant des probl\u00e8mes de s\u00e9curit\u00e9 et de confidentialit\u00e9. Le d\u00e9ploiement de la plupart des constellations LEO n\u2019en \u00e9tant qu\u2019\u00e0 ses d\u00e9buts, plusieurs facteurs restent encore inconnus.<\/p>\n\n\n\n<p class=\"has-18-font-size\">L\u2019industrie des satellites en orbite terrestre basse \u00e9tant en pleine croissance qui continuera sur les prochaines ann\u00e9es, vous aurez l\u2019opportunit\u00e9 d\u2019orienter le d\u00e9bat et de fa\u00e7onner l\u2019avenir de cette nouvelle forme d\u2019acc\u00e8s \u00e0 Internet.<\/p>\n<\/div>\n\n\n\n<div class=\"wp-block-column is-layout-flow wp-block-column-is-layout-flow\" style=\"flex-basis:10%\"><\/div>\n<\/div>\n\n\n\n<div style=\"height:30px\" aria-hidden=\"true\" class=\"wp-block-spacer\"><\/div>\n\n\n\n<div class=\"wp-block-columns margin-bottom-0 has-neutral-white-background-color has-background is-layout-flex wp-container-core-columns-is-layout-9d6595d7 wp-block-columns-is-layout-flex\">\n<div class=\"wp-block-column is-layout-flow wp-block-column-is-layout-flow\" style=\"flex-basis:5.5%\"><\/div>\n\n\n\n<div class=\"wp-block-column is-layout-flow wp-block-column-is-layout-flow\" style=\"flex-basis:89%\">\n<div style=\"height:20px\" aria-hidden=\"true\" class=\"wp-block-spacer\"><\/div>\n\n\n\n<div class=\"wp-block-media-text alignwide has-media-on-the-right is-stacked-on-mobile is-vertically-aligned-top is-image-fill\" style=\"grid-template-columns:auto 33%\"><div class=\"wp-block-media-text__content\">\n<div style=\"height:20px\" aria-hidden=\"true\" class=\"wp-block-spacer\"><\/div>\n\n\n\n<div class=\"wp-block-uagb-info-box uagb-block-76e71e54 uagb-infobox__content-wrap  uagb-infobox-icon-above-title uagb-infobox-image-valign-top\"><div class=\"uagb-ifb-content\"><div class=\"uagb-ifb-title-wrap\"><h3 class=\"uagb-ifb-title\">Les LEO repr\u00e9sentent -ils l\u2019avenir de l\u2019Internet, et quelles en sont les avantages et les inconv\u00e9nients ?<\/h3><\/div><p class=\"uagb-ifb-desc\">Des start-ups tels que le syst\u00e8me Starlink de SpaceX, le projet Kuiper d\u2019Amazon, OneWeb, et Telesat sont en comp\u00e9tition pour lancer d\u2019importants syst\u00e8mes de satellites en orbite terrestre basse pour offrir un acc\u00e8s \u00e0 Internet. Permettront-ils \u00e0 r\u00e9sorber la fracture num\u00e9rique ou engendreront-ils de nouveaux d\u00e9fis ?<br><br>L\u2019article en anglais intitul\u00e9 \u201cPerspectives on LEO Satellites\u201d vous aide \u00e0 comprendre ce que sont les LEO, leurs fonctionnements, et les opportunit\u00e9s qu\u2019ils offrent \u00e0 tout le monde. Cet article examine en profondeur les questions qu\u2019ils soul\u00e8vent &#8211; concernant l\u2019accessibilit\u00e9 financi\u00e8re, l\u2019utilisation du spectre, les d\u00e9bris spatiaux, l\u2019interop\u00e9rabilit\u00e9, la s\u00e9curit\u00e9, la confidentialit\u00e9 et les normes ouvertes &#8211; et certaines des questions auxquelles nous devrions r\u00e9fl\u00e9chir d\u00e8s maintenant, alors que nous pouvons encore fa\u00e7onner l\u2019avenir de cette technologie \u00e9mergente.<\/p><\/div><\/div>\n\n\n\n<div style=\"height:20px\" aria-hidden=\"true\" class=\"wp-block-spacer\"><\/div>\n\n\n\n<div class=\"wp-block-buttons is-vertical is-content-justification-left is-layout-flex wp-container-core-buttons-is-layout-41619b2b wp-block-buttons-is-layout-flex\">\n<div class=\"wp-block-button is-style-fill\"><a class=\"wp-block-button__link has-neutral-white-color has-depth-green-background-color has-text-color has-background wp-element-button\" href=\"https:\/\/www.internetsociety.org\/resources\/doc\/2022\/perspectives-on-leo-satellites\/\">Lisez l&rsquo;article complet<\/a><\/div>\n<\/div>\n<\/div><figure class=\"wp-block-media-text__media\" style=\"background-image:url(https:\/\/www.internetsociety.org\/wp-content\/uploads\/2022\/03\/leo-sats-2-min.jpg);background-position:50% 50%\"><img loading=\"lazy\" decoding=\"async\" width=\"900\" height=\"532\" src=\"https:\/\/www.internetsociety.org\/wp-content\/uploads\/2022\/03\/leo-sats-2-min.jpg\" alt=\"A globe with satellites floating around it\" class=\"wp-image-166354 size-large\" srcset=\"https:\/\/www.internetsociety.org\/wp-content\/uploads\/2022\/03\/leo-sats-2-min.jpg 900w, https:\/\/www.internetsociety.org\/wp-content\/uploads\/2022\/03\/leo-sats-2-min-450x266.jpg 450w, https:\/\/www.internetsociety.org\/wp-content\/uploads\/2022\/03\/leo-sats-2-min-768x454.jpg 768w, https:\/\/www.internetsociety.org\/wp-content\/uploads\/2022\/03\/leo-sats-2-min-250x148.jpg 250w\" sizes=\"auto, (max-width: 900px) 100vw, 900px\" \/><\/figure><\/div>\n\n\n\n<div style=\"height:20px\" aria-hidden=\"true\" class=\"wp-block-spacer\"><\/div>\n<\/div>\n\n\n\n<div class=\"wp-block-column is-layout-flow wp-block-column-is-layout-flow\" style=\"flex-basis:5.5%\"><\/div>\n<\/div>\n\n\n\n<div class=\"wp-block-columns is-layout-flex wp-container-core-columns-is-layout-9d6595d7 wp-block-columns-is-layout-flex\">\n<div class=\"wp-block-column is-layout-flow wp-block-column-is-layout-flow\" style=\"flex-basis:10%\"><\/div>\n\n\n\n<div class=\"wp-block-column is-layout-flow wp-block-column-is-layout-flow\" style=\"flex-basis:80%\">\n<div style=\"height:40px\" aria-hidden=\"true\" class=\"wp-block-spacer\"><\/div>\n\n\n\n<h4 class=\"wp-block-heading has-green-color has-text-color\" id=\"how-the-ndss-symposium-helps-to-strengthen-the-internet\">D\u00e9velopper Internet<\/h4>\n\n\n\n<div style=\"height:30px\" aria-hidden=\"true\" class=\"wp-block-spacer\"><\/div>\n\n\n\n<p class=\"has-18-font-size\">Mieux comprendre les satellites en orbite terrestre basse nous permet de faire des choix plus intelligents et d\u2019aider l\u2019Internet \u00e0 prosp\u00e9rer en :<\/p>\n\n\n\n<ul class=\"has-18-font-size wp-block-list\">\n<li>analysant les avantages et les inconv\u00e9nients des syst\u00e8mes satellitaires LEO pour combler la fracture num\u00e9rique<\/li>\n\n\n\n<li>identifiant les facteurs que les d\u00e9cideurs politiques et les technologues devraient prendre en compte<\/li>\n<\/ul>\n\n\n\n<div style=\"height:40px\" aria-hidden=\"true\" class=\"wp-block-spacer\"><\/div>\n\n\n\n<h4 class=\"wp-block-heading has-green-color has-text-color\" id=\"how-the-ndss-symposium-helps-to-strengthen-the-internet\">Participer<\/h4>\n\n\n\n<div style=\"height:20px\" aria-hidden=\"true\" class=\"wp-block-spacer\"><\/div>\n<\/div>\n\n\n\n<div class=\"wp-block-column is-layout-flow wp-block-column-is-layout-flow\" style=\"flex-basis:10%\"><\/div>\n<\/div>\n\n\n\n<div class=\"wp-block-columns is-layout-flex wp-container-core-columns-is-layout-9d6595d7 wp-block-columns-is-layout-flex\">\n<div class=\"wp-block-column is-layout-flow wp-block-column-is-layout-flow\" style=\"flex-basis:11%\"><\/div>\n\n\n\n<div class=\"wp-block-column is-layout-flow wp-block-column-is-layout-flow\" style=\"flex-basis:26%\">\n<figure class=\"wp-block-image size-full is-style-default margin-bottom-0 vertical-align-bottom\"><img loading=\"lazy\" decoding=\"async\" width=\"450\" height=\"200\" src=\"https:\/\/www.internetsociety.org\/wp-content\/uploads\/2022\/12\/satellite-sky.jpeg\" alt=\"a rocket blast on the sky\" class=\"wp-image-184291\" srcset=\"https:\/\/www.internetsociety.org\/wp-content\/uploads\/2022\/12\/satellite-sky.jpeg 450w, https:\/\/www.internetsociety.org\/wp-content\/uploads\/2022\/12\/satellite-sky-250x111.jpeg 250w\" sizes=\"auto, (max-width: 450px) 100vw, 450px\" \/><\/figure>\n\n\n\n<div class=\"wp-block-cover is-light\" style=\"min-height:100px;aspect-ratio:unset;\"><span aria-hidden=\"true\" class=\"wp-block-cover__background has-neutral-white-background-color has-background-dim-100 has-background-dim\"><\/span><div class=\"wp-block-cover__inner-container is-layout-flow wp-block-cover-is-layout-flow\">\n<div class=\"wp-block-uagb-info-box uagb-block-f49ba133 uagb-infobox__content-wrap  uagb-infobox_cta-type-all uagb-infobox-icon-above-title uagb-infobox-image-valign-top\"><a href=\"https:\/\/www.internetsociety.org\/fr\/blog\/2022\/02\/quest-ce-quun-systeme-satellitaire-leo-et-peut-il-aider-a-construire-un-internet-plus-grand\/\" class=\"uagb-infobox-link-wrap uagb-infbox__link-to-all\" target=\"_self\" aria-label=\"Infobox Link\" rel=\"noopener noreferrer\" onclick=\"return true;\"><\/a><div class=\"uagb-ifb-content\"><div class=\"uagb-ifb-title-wrap\"><h5 class=\"uagb-ifb-title\">Qu\u2019est-ce qu\u2019un syst\u00e8me satellitaire LEO ?<\/h5><\/div><p class=\"uagb-ifb-desc\">Apprenez les principes de base\u2014et pourquoi c\u2019est si important.<\/p><div class=\"uagb-ifb-button-wrapper wp-block-button\"><\/div><\/div><\/div>\n<\/div><\/div>\n\n\n\n<div style=\"height:30px\" aria-hidden=\"true\" class=\"wp-block-spacer\"><\/div>\n<\/div>\n\n\n\n<div class=\"wp-block-column is-layout-flow wp-block-column-is-layout-flow\" style=\"flex-basis:26%\">\n<figure class=\"wp-block-image size-full is-style-default margin-bottom-0 vertical-align-bottom\"><img loading=\"lazy\" decoding=\"async\" width=\"450\" height=\"200\" src=\"https:\/\/www.internetsociety.org\/wp-content\/uploads\/2022\/03\/CN-event-delegate.jpeg\" alt=\"A person with headphones sitting in front of laptop\" class=\"wp-image-166373\" srcset=\"https:\/\/www.internetsociety.org\/wp-content\/uploads\/2022\/03\/CN-event-delegate.jpeg 450w, https:\/\/www.internetsociety.org\/wp-content\/uploads\/2022\/03\/CN-event-delegate-250x111.jpeg 250w\" sizes=\"auto, (max-width: 450px) 100vw, 450px\" \/><\/figure>\n\n\n\n<div class=\"wp-block-cover is-light\" style=\"min-height:100px;aspect-ratio:unset;\"><span aria-hidden=\"true\" class=\"wp-block-cover__background has-neutral-white-background-color has-background-dim-100 has-background-dim\"><\/span><div class=\"wp-block-cover__inner-container is-layout-flow wp-block-cover-is-layout-flow\">\n<div class=\"wp-block-uagb-info-box uagb-block-220cb62c uagb-infobox__content-wrap  uagb-infobox_cta-type-all uagb-infobox-icon-above-title uagb-infobox-image-valign-top\"><a href=\"https:\/\/sso.internetsociety.org\/Account\/Login?ReturnUrl=%2Fconnect%2Fauthorize%2Fcallback%3Fclient_id%3DHL%26redirect_uri%3Dhttps%253A%252F%252Fconnect.internetsociety.org%26response_type%3Dcode%26scope%3Dopenid%26state%3Dhttps%253A%252F%252Fconnect.internetsociety.org%252Fcommunities%252Fcommunity-home%253FCommunityKey%253D515345b3-c36e-4937-ae1f-c495b16b1d59\" class=\"uagb-infobox-link-wrap uagb-infbox__link-to-all\" target=\"_self\" aria-label=\"Infobox Link\" rel=\"noopener noreferrer\" onclick=\"return true;\"><\/a><div class=\"uagb-ifb-content\"><div class=\"uagb-ifb-title-wrap\"><h5 class=\"uagb-ifb-title\">Faites du r\u00e9seautage avec des experts<\/h5><\/div><p class=\"uagb-ifb-desc\">Acc\u00e9dez aux derni\u00e8res r\u00e9flexions concernant cette technologie et associez-vous \u00e0 d\u2019autres personnes int\u00e9ress\u00e9es par les LEO pour l\u2019acc\u00e8s \u00e0 Internet.<\/p><div class=\"uagb-ifb-button-wrapper wp-block-button\"><\/div><\/div><\/div>\n<\/div><\/div>\n\n\n\n<div style=\"height:30px\" aria-hidden=\"true\" class=\"wp-block-spacer\"><\/div>\n<\/div>\n\n\n\n<div class=\"wp-block-column is-layout-flow wp-block-column-is-layout-flow\" style=\"flex-basis:26%\">\n<figure class=\"wp-block-image size-full is-style-default margin-bottom-0 vertical-align-bottom\"><img loading=\"lazy\" decoding=\"async\" width=\"450\" height=\"200\" src=\"https:\/\/www.internetsociety.org\/wp-content\/uploads\/2022\/03\/Policy-talk.jpeg\" alt=\"A group of people brainstorming at an event, some sitting, some standing\" class=\"wp-image-166367\" srcset=\"https:\/\/www.internetsociety.org\/wp-content\/uploads\/2022\/03\/Policy-talk.jpeg 450w, https:\/\/www.internetsociety.org\/wp-content\/uploads\/2022\/03\/Policy-talk-250x111.jpeg 250w\" sizes=\"auto, (max-width: 450px) 100vw, 450px\" \/><\/figure>\n\n\n\n<div class=\"wp-block-cover is-light\" style=\"min-height:100px;aspect-ratio:unset;\"><span aria-hidden=\"true\" class=\"wp-block-cover__background has-neutral-white-background-color has-background-dim-100 has-background-dim\"><\/span><div class=\"wp-block-cover__inner-container is-layout-flow wp-block-cover-is-layout-flow\">\n<div class=\"wp-block-uagb-info-box uagb-block-04b58985 uagb-infobox__content-wrap  uagb-infobox_cta-type-all uagb-infobox-icon-above-title uagb-infobox-image-valign-top\"><a href=\"https:\/\/www.internetsociety.org\/about-internet-society\/policy-development-process\/\" class=\"uagb-infobox-link-wrap uagb-infbox__link-to-all\" target=\"_self\" aria-label=\"Infobox Link\" rel=\"noopener noreferrer\" onclick=\"return true;\"><\/a><div class=\"uagb-ifb-content\"><div class=\"uagb-ifb-title-wrap\"><h5 class=\"uagb-ifb-title\">Prenez part au processus d\u2019\u00e9laboration des politiques<\/h5><\/div><p class=\"uagb-ifb-desc\">Apprenez plus sur le processus d\u2019\u00e9laboration des politiques de l\u2019Internet Society, et comment vous pouvez influencer le d\u00e9bat autour des sujets \u00e9mergeants de l\u2019Internet.<\/p><div class=\"uagb-ifb-button-wrapper wp-block-button\"><\/div><\/div><\/div>\n<\/div><\/div>\n\n\n\n<div style=\"height:30px\" aria-hidden=\"true\" class=\"wp-block-spacer\"><\/div>\n<\/div>\n\n\n\n<div class=\"wp-block-column is-layout-flow wp-block-column-is-layout-flow\" style=\"flex-basis:11%\"><\/div>\n<\/div>\n\n\n\n<div class=\"wp-block-columns margin-bottom-0 has-neutral-white-background-color has-background is-layout-flex wp-container-core-columns-is-layout-9d6595d7 wp-block-columns-is-layout-flex\">\n<div class=\"wp-block-column is-layout-flow wp-block-column-is-layout-flow\" style=\"flex-basis:10%\"><\/div>\n\n\n\n<div class=\"wp-block-column is-layout-flow wp-block-column-is-layout-flow\" style=\"flex-basis:80%\">\n<div style=\"height:40px\" aria-hidden=\"true\" class=\"wp-block-spacer\"><\/div>\n\n\n\n<h4 class=\"wp-block-heading has-green-color has-text-color\">Actualit\u00e9s<\/h4>\n\n\n\n<div style=\"height:30px\" aria-hidden=\"true\" class=\"wp-block-spacer\"><\/div>\n\n\n\n\t\t\t<div class=\"wp-block-uagb-post-grid uagb-post-grid  uagb-post__image-position-top uagb-post__image-disabled uagb-block-bdc4b150     uagb-post__items uagb-post__columns-3 is-grid uagb-post__columns-tablet-2 uagb-post__columns-mobile-1 uagb-post__equal-height\" data-total=\"1\" style=\"\">\n\n\t\t\t\t\t\t\t\t\t\t\t\t<article class=\"uagb-post__inner-wrap\">\t\t\t\t\t\t\t\t<h5 class=\"uagb-post__title uagb-post__text\">\n\t\t\t\t<a href=\"https:\/\/www.internetsociety.org\/fr\/blog\/2022\/11\/les-satellites-en-otb-destines-a-linternet-pourquoi-les-deux-prochaines-annees-sont-essentielles\/\" target=\"_self\" rel=\"bookmark noopener noreferrer\">Les satellites en OTB destin\u00e9s \u00e0 l&rsquo;Internet : Pourquoi les deux prochaines ann\u00e9es sont essentielles<\/a>\n\t\t\t<\/h5>\n\t\t\t\t\t\t<div class='uagb-post__text uagb-post-grid-byline'>\n\t\t\t\t\t\t\t\t<time datetime=\"2022-11-21T11:00:00+00:00\" class=\"uagb-post__date\">\n\t\t\t\t<span class=\"dashicons-calendar dashicons\"><\/span>\t\t\t\t\t21 novembre 2022\t\t\t\t<\/time>\n\t\t\t\t\t\t<\/div>\n\t\t\t\n\t\t\t\t\t\t\t\t\t<\/article>\n\t\t\t\t\t\t\t\t\t\t\t\t\t\t\t\t<article class=\"uagb-post__inner-wrap\">\t\t\t\t\t\t\t\t<h5 class=\"uagb-post__title uagb-post__text\">\n\t\t\t\t<a href=\"https:\/\/www.internetsociety.org\/fr\/blog\/2022\/02\/quest-ce-quun-systeme-satellitaire-leo-et-peut-il-aider-a-construire-un-internet-plus-grand\/\" target=\"_self\" rel=\"bookmark noopener noreferrer\">Qu&rsquo;est-ce qu&rsquo;un syst\u00e8me satellitaire LEO et peut-il aider \u00e0 construire un Internet plus grand ?<\/a>\n\t\t\t<\/h5>\n\t\t\t\t\t\t<div class='uagb-post__text uagb-post-grid-byline'>\n\t\t\t\t\t\t\t\t<time datetime=\"2022-02-02T21:10:30+00:00\" class=\"uagb-post__date\">\n\t\t\t\t<span class=\"dashicons-calendar dashicons\"><\/span>\t\t\t\t\t2 f\u00e9vrier 2022\t\t\t\t<\/time>\n\t\t\t\t\t\t<\/div>\n\t\t\t\n\t\t\t\t\t\t\t\t\t<\/article>\n\t\t\t\t\t\t\t\t\t\t\t\t\t<div class=\"uagb-post-pagination-wrap\">\n\t\t\t\t\t\t\t\t\t\t\t<\/div>\n\t\t\t\t\t\t\t\t<\/div>\n\t\t\t\n\n\n<div style=\"height:40px\" aria-hidden=\"true\" class=\"wp-block-spacer\"><\/div>\n<\/div>\n\n\n\n<div class=\"wp-block-column is-layout-flow wp-block-column-is-layout-flow\" style=\"flex-basis:10%\"><\/div>\n<\/div>\n\n\n\n<p class=\"has-text-align-center has-neutral-white-color has-ground-navy-background-color has-text-color has-background has-12-font-size\">Droits d\u2019auteur:<br>Lire le processus d&rsquo;\u00e9laboration des politiques: \u00a9 Urban Pixel Lebanon, Rejoignez communaut\u00e9 de LEO: \u00a9 Nyani Quarmyne<\/p>\n","protected":false},"excerpt":{"rendered":"<p>Satellites \u00e0 orbite terrestre basse pourraient aider \u00e0 r\u00e9duire la fracture num\u00e9rique, en particulier dans les r\u00e9gions rurales.<\/p>\n","protected":false},"author":11,"featured_media":166354,"parent":160438,"menu_order":0,"comment_status":"closed","ping_status":"closed","template":"page-wide.php","meta":{"_acf_changed":false,"_uag_custom_page_level_css":"","footnotes":""},"categories":[32],"tags":[],"region_news_regions":[],"content_category":[],"ppma_author":[5657],"class_list":["post-167040","page","type-page","status-publish","has-post-thumbnail","hentry","category-internet-access"],"acf":[],"uagb_featured_image_src":{"full":["https:\/\/www.internetsociety.org\/wp-content\/uploads\/2022\/03\/leo-sats-2-min.jpg",900,532,false],"thumbnail":["https:\/\/www.internetsociety.org\/wp-content\/uploads\/2022\/03\/leo-sats-2-min-150x150.jpg",150,150,true],"medium":["https:\/\/www.internetsociety.org\/wp-content\/uploads\/2022\/03\/leo-sats-2-min-450x266.jpg",450,266,true],"medium_large":["https:\/\/www.internetsociety.org\/wp-content\/uploads\/2022\/03\/leo-sats-2-min-768x454.jpg",768,454,true],"large":["https:\/\/www.internetsociety.org\/wp-content\/uploads\/2022\/03\/leo-sats-2-min.jpg",900,532,false],"1536x1536":["https:\/\/www.internetsociety.org\/wp-content\/uploads\/2022\/03\/leo-sats-2-min.jpg",900,532,false],"2048x2048":["https:\/\/www.internetsociety.org\/wp-content\/uploads\/2022\/03\/leo-sats-2-min.jpg",900,532,false],"post-thumbnail":["https:\/\/www.internetsociety.org\/wp-content\/uploads\/2022\/03\/leo-sats-2-min-250x148.jpg",250,148,true],"square":["https:\/\/www.internetsociety.org\/wp-content\/uploads\/2022\/03\/leo-sats-2-min-600x532.jpg",600,532,true],"gform-image-choice-sm":["https:\/\/www.internetsociety.org\/wp-content\/uploads\/2022\/03\/leo-sats-2-min.jpg",300,177,false],"gform-image-choice-md":["https:\/\/www.internetsociety.org\/wp-content\/uploads\/2022\/03\/leo-sats-2-min.jpg",400,236,false],"gform-image-choice-lg":["https:\/\/www.internetsociety.org\/wp-content\/uploads\/2022\/03\/leo-sats-2-min.jpg",600,355,false]},"uagb_author_info":{"display_name":"Internet Society","author_link":"https:\/\/www.internetsociety.org\/fr\/author\/isoc\/"},"uagb_comment_info":0,"uagb_excerpt":"Satellites \u00e0 orbite terrestre basse pourraient aider \u00e0 r\u00e9duire la fracture num\u00e9rique, en particulier dans les r\u00e9gions rurales.","_links":{"self":[{"href":"https:\/\/www.internetsociety.org\/fr\/wp-json\/wp\/v2\/pages\/167040","targetHints":{"allow":["GET"]}}],"collection":[{"href":"https:\/\/www.internetsociety.org\/fr\/wp-json\/wp\/v2\/pages"}],"about":[{"href":"https:\/\/www.internetsociety.org\/fr\/wp-json\/wp\/v2\/types\/page"}],"author":[{"embeddable":true,"href":"https:\/\/www.internetsociety.org\/fr\/wp-json\/wp\/v2\/users\/11"}],"replies":[{"embeddable":true,"href":"https:\/\/www.internetsociety.org\/fr\/wp-json\/wp\/v2\/comments?post=167040"}],"version-history":[{"count":0,"href":"https:\/\/www.internetsociety.org\/fr\/wp-json\/wp\/v2\/pages\/167040\/revisions"}],"up":[{"embeddable":true,"href":"https:\/\/www.internetsociety.org\/fr\/wp-json\/wp\/v2\/pages\/160438"}],"wp:featuredmedia":[{"embeddable":true,"href":"https:\/\/www.internetsociety.org\/fr\/wp-json\/wp\/v2\/media\/166354"}],"wp:attachment":[{"href":"https:\/\/www.internetsociety.org\/fr\/wp-json\/wp\/v2\/media?parent=167040"}],"wp:term":[{"taxonomy":"category","embeddable":true,"href":"https:\/\/www.internetsociety.org\/fr\/wp-json\/wp\/v2\/categories?post=167040"},{"taxonomy":"post_tag","embeddable":true,"href":"https:\/\/www.internetsociety.org\/fr\/wp-json\/wp\/v2\/tags?post=167040"},{"taxonomy":"region_news_regions","embeddable":true,"href":"https:\/\/www.internetsociety.org\/fr\/wp-json\/wp\/v2\/region_news_regions?post=167040"},{"taxonomy":"content_category","embeddable":true,"href":"https:\/\/www.internetsociety.org\/fr\/wp-json\/wp\/v2\/content_category?post=167040"},{"taxonomy":"author","embeddable":true,"href":"https:\/\/www.internetsociety.org\/fr\/wp-json\/wp\/v2\/ppma_author?post=167040"}],"curies":[{"name":"wp","href":"https:\/\/api.w.org\/{rel}","templated":true}]}}