{"id":167003,"date":"2022-03-28T10:38:32","date_gmt":"2022-03-28T10:38:32","guid":{"rendered":"https:\/\/www.internetsociety.org\/?page_id=167003"},"modified":"2023-07-12T11:21:18","modified_gmt":"2023-07-12T11:21:18","slug":"fondamentaux-2022","status":"publish","type":"page","link":"https:\/\/www.internetsociety.org\/fr\/chapters\/fundamentals-program\/2022\/","title":{"rendered":"Fondamentaux de l\u2019Internet Society"},"content":{"rendered":"\n<div class=\"wp-block-cover\" style=\"min-height:400px;aspect-ratio:unset;\"><span aria-hidden=\"true\" class=\"wp-block-cover__background has-background-dim-0 has-background-dim\"><\/span><img loading=\"lazy\" decoding=\"async\" width=\"1280\" height=\"555\" class=\"wp-block-cover__image-background wp-image-195686\" alt=\"Un groupe de personnes posant pour une photo\" src=\"https:\/\/www.internetsociety.org\/wp-content\/uploads\/2023\/07\/Young-leaders.jpg\" data-object-fit=\"cover\" srcset=\"https:\/\/www.internetsociety.org\/wp-content\/uploads\/2023\/07\/Young-leaders.jpg 1280w, https:\/\/www.internetsociety.org\/wp-content\/uploads\/2023\/07\/Young-leaders-450x195.jpg 450w, https:\/\/www.internetsociety.org\/wp-content\/uploads\/2023\/07\/Young-leaders-1024x444.jpg 1024w, https:\/\/www.internetsociety.org\/wp-content\/uploads\/2023\/07\/Young-leaders-768x333.jpg 768w, https:\/\/www.internetsociety.org\/wp-content\/uploads\/2023\/07\/Young-leaders-250x108.jpg 250w\" sizes=\"auto, (max-width: 1280px) 100vw, 1280px\" \/><div class=\"wp-block-cover__inner-container is-layout-flow wp-block-cover-is-layout-flow\">\n<p class=\"has-text-align-center has-large-font-size\"><\/p>\n<\/div><\/div>\n\n\n\n<section class=\"wp-block-uagb-columns uagb-columns__wrap uagb-columns__background-color uagb-columns__stack-mobile uagb-columns__valign- uagb-columns__gap-10 align uagb-block-143764e0 uagb-columns__columns-2 uagb-columns__max_width-theme\"><div class=\"uagb-columns__overlay\"><\/div><div class=\"uagb-columns__inner-wrap uagb-columns__columns-2\">\n<div class=\"wp-block-uagb-column uagb-column__wrap uagb-column__background-color uagb-block-2ffd8a0f\"><div class=\"uagb-column__overlay\"><\/div>\n<div style=\"height:40px\" aria-hidden=\"true\" class=\"wp-block-spacer\"><\/div>\n\n\n\n<section class=\"wp-block-uagb-columns uagb-columns__wrap uagb-columns__background-color uagb-columns__stack-mobile uagb-columns__valign- uagb-columns__gap-10 align uagb-block-ca0cdf68 uagb-columns__columns-1 uagb-columns__max_width-theme background-image-fallback-black\"><div class=\"uagb-columns__overlay\"><\/div><div class=\"uagb-columns__inner-wrap uagb-columns__columns-1\">\n<div class=\"wp-block-uagb-column uagb-column__wrap uagb-column__background-undefined uagb-block-f084716d\"><div class=\"uagb-column__overlay\"><\/div>\n<h2 class=\"wp-block-heading has-neutral-white-color has-text-color has-28-font-size\">En quelques mot<\/h2>\n\n\n\n<div style=\"height:20px\" aria-hidden=\"true\" class=\"wp-block-spacer\"><\/div>\n\n\n\n<p class=\"has-neutral-white-color has-text-color has-18-font-size\">Statut du programme:<br>Commence en juin 2022<\/p>\n\n\n\n<p class=\"has-neutral-white-color has-text-color has-18-font-size\">Pour les chapitres de l&rsquo;Internet Society, les dirigeants et les membres des chapitres, des groupes d&rsquo;int\u00e9r\u00eats sp\u00e9ciaux (GIS) ou des groupes permanents (SG):<\/p>\n<\/div>\n<\/div><\/section>\n<\/div>\n\n\n\n<div class=\"wp-block-uagb-column uagb-column__wrap uagb-column__background-undefined uagb-block-5e863a6d\"><div class=\"uagb-column__overlay\"><\/div>\n<div style=\"height:40px\" aria-hidden=\"true\" class=\"wp-block-spacer\"><\/div>\n\n\n\n<h1 class=\"wp-block-heading has-depth-blue-color has-text-color\">Fondamentaux de l\u2019Internet Society 2022<\/h1>\n\n\n\n<div style=\"height:20px\" aria-hidden=\"true\" class=\"wp-block-spacer\"><\/div>\n\n\n\n<h2 class=\"wp-block-heading has-ground-blue-color has-text-color has-32-font-size\">Vous souhaitez en savoir plus sur les satellites en orbite terrestre basse, le cryptage ou d&rsquo;autres projets 2022? Mieux encore, aimeriez-vous apprendre \u00e0 amplifier le travail de l&rsquo;Internet Society afin qu&rsquo;il profite \u00e0 votre communaut\u00e9 locale?<\/h2>\n\n\n\n<div style=\"height:20px\" aria-hidden=\"true\" class=\"wp-block-spacer\"><\/div>\n\n\n\n<p>Le programme Fondamentaux de l&rsquo;Internet Society vise \u00e0 d\u00e9velopper la prochaine g\u00e9n\u00e9ration de leaders communautaires, en vous fournissant les outils et les connaissances de base dont vous avez besoin pour faire la diff\u00e9rence, o\u00f9 que vous soyez. <\/p>\n\n\n\n<p>Gr\u00e2ce \u00e0 une s\u00e9rie de courtes vid\u00e9os sur les sujets abord\u00e9s dans notre <a href=\"https:\/\/www.internetsociety.org\/fr\/action-plan\/2022\/\">plan d&rsquo;action 2022<\/a>, suivies de discussions en ligne en direct, vous pouvez faire votre premier pas vers l&rsquo;extension de la port\u00e9e d&rsquo;Internet et la protection de son bien-\u00eatre \u00e0 long terme. <\/p>\n\n\n\n<p>Ce programme est une opportunit\u00e9 pour les dirigeants et les membres des chapitres, des groupes d&rsquo;int\u00e9r\u00eats sp\u00e9ciaux (GIS) ou des groupes permanents (SG):<\/p>\n\n\n\n<ul class=\"wp-block-list\">\n<li>Pour \u00eatre pr\u00e9sent\u00e9 \u00e0 nos projets cl\u00e9s 2022 et repartir avec une compr\u00e9hension globale du travail que nous entreprenons dans chacun<\/li>\n\n\n\n<li>R\u00e9seauter et partager des id\u00e9es avec le personnel, les dirigeants et membres des chapitres, SIGs et SGs de l&rsquo;Internet Society partageant les m\u00eames id\u00e9es<\/li>\n\n\n\n<li>Sur la base de vos connaissances nouvellement acquises, comprendre comment contribuer directement au travail de votre chapitre, SIG ou SG<\/li>\n\n\n\n<li>D\u2019\u00eatre \u00e9quip\u00e9 et pr\u00eat \u00e0 suivre une formation technique plus approfondie via notre plateforme d&rsquo;apprentissage<\/li>\n<\/ul>\n\n\n\n<div style=\"height:10px\" aria-hidden=\"true\" class=\"wp-block-spacer\"><\/div>\n\n\n\n<p>Nous enverrons une invitation \u00e0 tous les membres des chapitres ainsi qu&rsquo;aux membres des groupes d&rsquo;int\u00e9r\u00eats sp\u00e9ciaux et permanents, \u00e0 participer au programme.<\/p>\n\n\n\n<p class=\"has-depth-blue-color has-text-color\">Vous n&rsquo;\u00eates pas encore membre d&rsquo;un chapitre ou d&rsquo;un groupe d&rsquo;int\u00e9r\u00eat sp\u00e9cial de l&rsquo;Internet Society? Rejoignez-en un maintenant!<\/p>\n\n\n\n<div class=\"wp-block-buttons is-vertical is-content-justification-left is-nowrap is-layout-flex wp-container-core-buttons-is-layout-c3acae67 wp-block-buttons-is-layout-flex\">\n<div class=\"wp-block-button\"><a class=\"wp-block-button__link has-neutral-white-color has-depth-blue-background-color has-text-color has-background wp-element-button\" href=\"https:\/\/www.internetsociety.org\/fr\/chapters\/\">Rejoindre un chapitre<\/a><\/div>\n\n\n\n<div class=\"wp-block-button is-style-outline is-style-outline--1\"><a class=\"wp-block-button__link has-depth-blue-color has-text-color wp-element-button\" href=\"https:\/\/www.internetsociety.org\/fr\/sigs\/\">Rejoindre un groupe d&rsquo;int\u00e9r\u00eat sp\u00e9cial<\/a><\/div>\n<\/div>\n\n\n\n<div style=\"height:40px\" aria-hidden=\"true\" class=\"wp-block-spacer\"><\/div>\n\n\n\n<h3 class=\"wp-block-heading has-text-align-left has-depth-blue-color has-text-color\" id=\"timeline\">Calendrier<\/h3>\n\n\n\n<div style=\"height:20px\" aria-hidden=\"true\" class=\"wp-block-spacer\"><\/div>\n\n\n\n<div class=\"wp-block-uagb-content-timeline uagb-timeline__outer-wrap uagb-block-05bd1255-239a-4b22-95d5-d1464e372cf7 uagb-timeline__content-wrap uagb-timeline__left-block uagb-timeline__arrow-top  uagb-timeline\">\n<article class=\"wp-block-uagb-content-timeline-child uagb-timeline__field uagb-timeline-child-eff6fa97-6187-4b10-8fd8-d7c63294c86c uagb-timeline__left uagb-timeline__field-wrap animated fadeIn delay-100ms\"><div class=\"uagb-timeline__marker out-view-uagb-timeline__icon\"><svg xmlns=\"https:\/\/www.w3.org\/2000\/svg\" viewBox=\"0 0 448 512\"><path d=\"M160 32V64H288V32C288 14.33 302.3 0 320 0C337.7 0 352 14.33 352 32V64H400C426.5 64 448 85.49 448 112V160H0V112C0 85.49 21.49 64 48 64H96V32C96 14.33 110.3 0 128 0C145.7 0 160 14.33 160 32zM0 192H448V464C448 490.5 426.5 512 400 512H48C21.49 512 0 490.5 0 464V192zM64 304C64 312.8 71.16 320 80 320H112C120.8 320 128 312.8 128 304V272C128 263.2 120.8 256 112 256H80C71.16 256 64 263.2 64 272V304zM192 304C192 312.8 199.2 320 208 320H240C248.8 320 256 312.8 256 304V272C256 263.2 248.8 256 240 256H208C199.2 256 192 263.2 192 272V304zM336 256C327.2 256 320 263.2 320 272V304C320 312.8 327.2 320 336 320H368C376.8 320 384 312.8 384 304V272C384 263.2 376.8 256 368 256H336zM64 432C64 440.8 71.16 448 80 448H112C120.8 448 128 440.8 128 432V400C128 391.2 120.8 384 112 384H80C71.16 384 64 391.2 64 400V432zM208 384C199.2 384 192 391.2 192 400V432C192 440.8 199.2 448 208 448H240C248.8 448 256 440.8 256 432V400C256 391.2 248.8 384 240 384H208zM320 432C320 440.8 327.2 448 336 448H368C376.8 448 384 440.8 384 432V400C384 391.2 376.8 384 368 384H336C327.2 384 320 391.2 320 400V432z\"><\/path><\/svg><\/div><div class=\"uagb-timeline__day-new uagb-timeline__day-left uagb-timeline__events-inner-new\"><div class=\"uagb-timeline__events-inner--content\"><h4 class=\"uagb-timeline__heading\">1er juin 2022<\/h4><p class=\"uagb-timeline-desc-content\">Vid\u00e9os d&rsquo;apprentissage disponibles<\/p><div class=\"uagb-timeline__arrow\"><\/div><\/div><\/div><div class=\"uagb-timeline__date-new\"><\/div><\/article>\n\n\n\n<article class=\"wp-block-uagb-content-timeline-child uagb-timeline__field uagb-timeline-child-16c7edcf-9eef-43f7-9fa5-5a121dbfa9a1 uagb-timeline__left uagb-timeline__field-wrap animated fadeIn delay-200ms\"><div class=\"uagb-timeline__marker out-view-uagb-timeline__icon\"><svg xmlns=\"https:\/\/www.w3.org\/2000\/svg\" viewBox=\"0 0 448 512\"><path d=\"M160 32V64H288V32C288 14.33 302.3 0 320 0C337.7 0 352 14.33 352 32V64H400C426.5 64 448 85.49 448 112V160H0V112C0 85.49 21.49 64 48 64H96V32C96 14.33 110.3 0 128 0C145.7 0 160 14.33 160 32zM0 192H448V464C448 490.5 426.5 512 400 512H48C21.49 512 0 490.5 0 464V192zM64 304C64 312.8 71.16 320 80 320H112C120.8 320 128 312.8 128 304V272C128 263.2 120.8 256 112 256H80C71.16 256 64 263.2 64 272V304zM192 304C192 312.8 199.2 320 208 320H240C248.8 320 256 312.8 256 304V272C256 263.2 248.8 256 240 256H208C199.2 256 192 263.2 192 272V304zM336 256C327.2 256 320 263.2 320 272V304C320 312.8 327.2 320 336 320H368C376.8 320 384 312.8 384 304V272C384 263.2 376.8 256 368 256H336zM64 432C64 440.8 71.16 448 80 448H112C120.8 448 128 440.8 128 432V400C128 391.2 120.8 384 112 384H80C71.16 384 64 391.2 64 400V432zM208 384C199.2 384 192 391.2 192 400V432C192 440.8 199.2 448 208 448H240C248.8 448 256 440.8 256 432V400C256 391.2 248.8 384 240 384H208zM320 432C320 440.8 327.2 448 336 448H368C376.8 448 384 440.8 384 432V400C384 391.2 376.8 384 368 384H336C327.2 384 320 391.2 320 400V432z\"><\/path><\/svg><\/div><div class=\"uagb-timeline__day-new uagb-timeline__day-left uagb-timeline__events-inner-new\"><div class=\"uagb-timeline__events-inner--content\"><h4 class=\"uagb-timeline__heading\">28 &#8211; 30 juin 2022<\/h4><p class=\"uagb-timeline-desc-content\">Sessions en direct pour discuter d&rsquo;activit\u00e9s concr\u00e8tes<\/p><div class=\"uagb-timeline__arrow\"><\/div><\/div><\/div><div class=\"uagb-timeline__date-new\"><\/div><\/article>\n\n\n\n<article class=\"wp-block-uagb-content-timeline-child uagb-timeline__field uagb-timeline-child-d3a19db9-0c02-4d14-a5a9-d2f0c4254ed6 uagb-timeline__left uagb-timeline__field-wrap animated fadeIn delay-500ms\"><div class=\"uagb-timeline__marker out-view-uagb-timeline__icon\"><svg xmlns=\"https:\/\/www.w3.org\/2000\/svg\" viewBox=\"0 0 448 512\"><path d=\"M160 32V64H288V32C288 14.33 302.3 0 320 0C337.7 0 352 14.33 352 32V64H400C426.5 64 448 85.49 448 112V160H0V112C0 85.49 21.49 64 48 64H96V32C96 14.33 110.3 0 128 0C145.7 0 160 14.33 160 32zM0 192H448V464C448 490.5 426.5 512 400 512H48C21.49 512 0 490.5 0 464V192zM64 304C64 312.8 71.16 320 80 320H112C120.8 320 128 312.8 128 304V272C128 263.2 120.8 256 112 256H80C71.16 256 64 263.2 64 272V304zM192 304C192 312.8 199.2 320 208 320H240C248.8 320 256 312.8 256 304V272C256 263.2 248.8 256 240 256H208C199.2 256 192 263.2 192 272V304zM336 256C327.2 256 320 263.2 320 272V304C320 312.8 327.2 320 336 320H368C376.8 320 384 312.8 384 304V272C384 263.2 376.8 256 368 256H336zM64 432C64 440.8 71.16 448 80 448H112C120.8 448 128 440.8 128 432V400C128 391.2 120.8 384 112 384H80C71.16 384 64 391.2 64 400V432zM208 384C199.2 384 192 391.2 192 400V432C192 440.8 199.2 448 208 448H240C248.8 448 256 440.8 256 432V400C256 391.2 248.8 384 240 384H208zM320 432C320 440.8 327.2 448 336 448H368C376.8 448 384 440.8 384 432V400C384 391.2 376.8 384 368 384H336C327.2 384 320 391.2 320 400V432z\"><\/path><\/svg><\/div><div class=\"uagb-timeline__day-new uagb-timeline__day-left uagb-timeline__events-inner-new\"><div class=\"uagb-timeline__events-inner--content\"><h4 class=\"uagb-timeline__heading\">Juin &#8211; octobre 2022<\/h4><p class=\"uagb-timeline-desc-content\">Les participants travaillent sur des activit\u00e9s locales, soutenus par des appels d&rsquo;enregistrement r\u00e9guliers<\/p><div class=\"uagb-timeline__arrow\"><\/div><\/div><\/div><div class=\"uagb-timeline__date-new\"><\/div><\/article>\n\n\n\n<article class=\"wp-block-uagb-content-timeline-child uagb-timeline__field uagb-timeline-child-4afec70d-96e6-4c89-9997-a39453753b84 uagb-timeline__left uagb-timeline__field-wrap animated fadeIn delay-500ms\"><div class=\"uagb-timeline__marker out-view-uagb-timeline__icon\"><svg xmlns=\"https:\/\/www.w3.org\/2000\/svg\" viewBox=\"0 0 448 512\"><path d=\"M160 32V64H288V32C288 14.33 302.3 0 320 0C337.7 0 352 14.33 352 32V64H400C426.5 64 448 85.49 448 112V160H0V112C0 85.49 21.49 64 48 64H96V32C96 14.33 110.3 0 128 0C145.7 0 160 14.33 160 32zM0 192H448V464C448 490.5 426.5 512 400 512H48C21.49 512 0 490.5 0 464V192zM64 304C64 312.8 71.16 320 80 320H112C120.8 320 128 312.8 128 304V272C128 263.2 120.8 256 112 256H80C71.16 256 64 263.2 64 272V304zM192 304C192 312.8 199.2 320 208 320H240C248.8 320 256 312.8 256 304V272C256 263.2 248.8 256 240 256H208C199.2 256 192 263.2 192 272V304zM336 256C327.2 256 320 263.2 320 272V304C320 312.8 327.2 320 336 320H368C376.8 320 384 312.8 384 304V272C384 263.2 376.8 256 368 256H336zM64 432C64 440.8 71.16 448 80 448H112C120.8 448 128 440.8 128 432V400C128 391.2 120.8 384 112 384H80C71.16 384 64 391.2 64 400V432zM208 384C199.2 384 192 391.2 192 400V432C192 440.8 199.2 448 208 448H240C248.8 448 256 440.8 256 432V400C256 391.2 248.8 384 240 384H208zM320 432C320 440.8 327.2 448 336 448H368C376.8 448 384 440.8 384 432V400C384 391.2 376.8 384 368 384H336C327.2 384 320 391.2 320 400V432z\"><\/path><\/svg><\/div><div class=\"uagb-timeline__day-new uagb-timeline__day-left uagb-timeline__events-inner-new\"><div class=\"uagb-timeline__events-inner--content\"><h4 class=\"uagb-timeline__heading\">6 &#8211; 7 septembre 2022<\/h4><p class=\"uagb-timeline-desc-content\">Certaines des activit\u00e9s fondamentales seront mises en avant lors de la <a href=\"https:\/\/www.internetsociety.org\/fr\/events\/community-week\/2022\/\"><mark style=\"background-color:rgba(0, 0, 0, 0)\" class=\"has-inline-color has-depth-blue-color\">Semaine de la communaut\u00e9<\/mark><\/a><\/p><div class=\"uagb-timeline__arrow\"><\/div><\/div><\/div><div class=\"uagb-timeline__date-new\"><\/div><\/article>\n<div class=\"uagb-timeline__line\"><div class=\"uagb-timeline__line__inner\"><\/div><\/div><\/div>\n<\/div>\n<\/div><\/section>\n\n\n\n<p class=\"has-text-align-center has-white-color has-ground-navy-background-color has-text-color has-background has-12-font-size\">Cr\u00e9dit photo: \u00a9 Wes Hardaker<\/p>\n","protected":false},"excerpt":{"rendered":"<p>Apprenez-en davantage sur les sujets abord\u00e9s dans le Plan d&rsquo;action 2022, partagez vos id\u00e9es et contribuez au travail de votre propre chapitre.<\/p>\n","protected":false},"author":15,"featured_media":0,"parent":62276,"menu_order":0,"comment_status":"closed","ping_status":"closed","template":"page-wide.php","meta":{"_acf_changed":false,"_uag_custom_page_level_css":"","footnotes":""},"categories":[5695,118],"tags":[],"region_news_regions":[],"content_category":[],"ppma_author":[4040],"class_list":["post-167003","page","type-page","status-publish","hentry","category-communaute","category-qui-sommes-nous"],"acf":[],"uagb_featured_image_src":{"full":false,"thumbnail":false,"medium":false,"medium_large":false,"large":false,"1536x1536":false,"2048x2048":false,"post-thumbnail":false,"square":false,"gform-image-choice-sm":false,"gform-image-choice-md":false,"gform-image-choice-lg":false},"uagb_author_info":{"display_name":"April Froncek","author_link":"https:\/\/www.internetsociety.org\/fr\/author\/froncek\/"},"uagb_comment_info":0,"uagb_excerpt":"Apprenez-en davantage sur les sujets abord\u00e9s dans le Plan d'action 2022, partagez vos id\u00e9es et contribuez au travail de votre propre chapitre.","_links":{"self":[{"href":"https:\/\/www.internetsociety.org\/fr\/wp-json\/wp\/v2\/pages\/167003","targetHints":{"allow":["GET"]}}],"collection":[{"href":"https:\/\/www.internetsociety.org\/fr\/wp-json\/wp\/v2\/pages"}],"about":[{"href":"https:\/\/www.internetsociety.org\/fr\/wp-json\/wp\/v2\/types\/page"}],"author":[{"embeddable":true,"href":"https:\/\/www.internetsociety.org\/fr\/wp-json\/wp\/v2\/users\/15"}],"replies":[{"embeddable":true,"href":"https:\/\/www.internetsociety.org\/fr\/wp-json\/wp\/v2\/comments?post=167003"}],"version-history":[{"count":0,"href":"https:\/\/www.internetsociety.org\/fr\/wp-json\/wp\/v2\/pages\/167003\/revisions"}],"up":[{"embeddable":true,"href":"https:\/\/www.internetsociety.org\/fr\/wp-json\/wp\/v2\/pages\/62276"}],"wp:attachment":[{"href":"https:\/\/www.internetsociety.org\/fr\/wp-json\/wp\/v2\/media?parent=167003"}],"wp:term":[{"taxonomy":"category","embeddable":true,"href":"https:\/\/www.internetsociety.org\/fr\/wp-json\/wp\/v2\/categories?post=167003"},{"taxonomy":"post_tag","embeddable":true,"href":"https:\/\/www.internetsociety.org\/fr\/wp-json\/wp\/v2\/tags?post=167003"},{"taxonomy":"region_news_regions","embeddable":true,"href":"https:\/\/www.internetsociety.org\/fr\/wp-json\/wp\/v2\/region_news_regions?post=167003"},{"taxonomy":"content_category","embeddable":true,"href":"https:\/\/www.internetsociety.org\/fr\/wp-json\/wp\/v2\/content_category?post=167003"},{"taxonomy":"author","embeddable":true,"href":"https:\/\/www.internetsociety.org\/fr\/wp-json\/wp\/v2\/ppma_author?post=167003"}],"curies":[{"name":"wp","href":"https:\/\/api.w.org\/{rel}","templated":true}]}}