{"id":166187,"date":"2022-03-22T09:58:48","date_gmt":"2022-03-22T09:58:48","guid":{"rendered":"https:\/\/www.internetsociety.org\/?page_id=166187"},"modified":"2025-09-22T11:51:29","modified_gmt":"2025-09-22T11:51:29","slug":"bourses-en-milieu-de-carriere","status":"publish","type":"page","link":"https:\/\/www.internetsociety.org\/fr\/fellowships\/mid-career\/","title":{"rendered":"Bourses en milieu de carri\u00e8re"},"content":{"rendered":"\n<div class=\"wp-block-cover is-light has-background-dim-20 has-depth-blue-background-color has-background-dim\" style=\"min-height:600px;aspect-ratio:unset;\"><img decoding=\"async\" class=\"wp-block-cover__image-background wp-image-166103\" alt=\"Man with long hair smiling walking between the lines at an event\" src=\"https:\/\/www.internetsociety.org\/wp-content\/uploads\/2022\/03\/Fellows-mid-e1647859347233.jpg\" style=\"object-position:50% 50%\" data-object-fit=\"cover\" data-object-position=\"50% 50%\"\/><span aria-hidden=\"true\" class=\"wp-block-cover__background has-background-dim-0 has-background-dim\"><\/span><div class=\"wp-block-cover__inner-container is-layout-flow wp-block-cover-is-layout-flow\">\n<p class=\"has-text-align-center has-large-font-size\"><\/p>\n<\/div><\/div>\n\n\n\n<section class=\"wp-block-uagb-columns uagb-columns__wrap uagb-columns__background-color uagb-columns__stack-mobile uagb-columns__valign- uagb-columns__gap-10 align uagb-block-483db077 uagb-columns__columns-2 uagb-columns__max_width-theme\"><div class=\"uagb-columns__overlay\"><\/div><div class=\"uagb-columns__inner-wrap uagb-columns__columns-2\">\n<div class=\"wp-block-uagb-column uagb-column__wrap uagb-column__background-color uagb-block-a520f38e\"><div class=\"uagb-column__overlay\"><\/div>\n<h1 class=\"wp-block-heading has-accent-purple-color has-text-color uag-hide-desktop uag-hide-tab\">Bourses en milieu de carri\u00e8re<\/h1>\n\n\n\n<div style=\"height:20px\" aria-hidden=\"true\" class=\"wp-block-spacer uag-hide-desktop uag-hide-tab\"><\/div>\n\n\n\n<section class=\"wp-block-uagb-columns uagb-columns__wrap uagb-columns__background-color uagb-columns__stack-mobile uagb-columns__valign- uagb-columns__gap-10 align uagb-block-d419938b uagb-columns__columns-1 uagb-columns__max_width-theme background-image-fallback-black\"><div class=\"uagb-columns__overlay\"><\/div><div class=\"uagb-columns__inner-wrap uagb-columns__columns-1\">\n<div class=\"wp-block-uagb-column uagb-column__wrap uagb-column__background-undefined uagb-block-595c3f5a\"><div class=\"uagb-column__overlay\"><\/div>\n<h2 class=\"wp-block-heading has-neutral-white-color has-text-color has-28-font-size\" id=\"at-a-glance\">En bref<\/h2>\n\n\n\n<div style=\"height:20px\" aria-hidden=\"true\" class=\"wp-block-spacer\"><\/div>\n\n\n\n<p class=\"has-neutral-white-color has-text-color has-18-font-size\">Statut actuel:<br>ferm\u00e9<\/p>\n\n\n\n<p class=\"has-neutral-white-color has-text-color has-18-font-size\"><\/p>\n\n\n\n<div class=\"wp-block-buttons is-content-justification-left is-layout-flex wp-container-core-buttons-is-layout-fdcfc74e wp-block-buttons-is-layout-flex\">\n<div class=\"wp-block-button is-style-fill\"><a class=\"wp-block-button__link has-accent-purple-color has-neutral-white-background-color has-text-color has-background wp-element-button\" href=\"https:\/\/www.internetsociety.org\/fellowships\/mid-career\/\"><strong>En savoir plus<\/strong><\/a><\/div>\n<\/div>\n\n\n\n<p class=\"has-neutral-white-color has-text-color has-18-font-size\"><\/p>\n<\/div>\n<\/div><\/section>\n<\/div>\n\n\n\n<div class=\"wp-block-uagb-column uagb-column__wrap uagb-column__background-undefined uagb-block-5c672ad5\"><div class=\"uagb-column__overlay\"><\/div>\n<h1 class=\"wp-block-heading has-accent-purple-color has-text-color uag-hide-mob\" id=\"early-career-fellowship\">Bourses en milieu de carri\u00e8re<\/h1>\n\n\n\n<div style=\"height:20px\" aria-hidden=\"true\" class=\"wp-block-spacer uag-hide-mob\"><\/div>\n\n\n\n<p>Anticiper, accepter et s\u2019adapter aux changements induits par les avanc\u00e9es technologiques exige une plus grande compr\u00e9hension de la myriade de forces interconnect\u00e9es qui fa\u00e7onnent nos soci\u00e9t\u00e9s et nos \u00e9conomies. Le programme de bourses en milieu de carri\u00e8re permet aux leaders d\u2019aujourd\u2019hui d\u2019acqu\u00e9rir ce savoir-faire.<\/p>\n\n\n\n<h3 class=\"wp-block-heading has-32-font-size\">\u00c0 propos du programme<\/h3>\n\n\n\n<div style=\"height:20px\" aria-hidden=\"true\" class=\"wp-block-spacer\"><\/div>\n\n\n\n<p>Le programme de bourses en milieu de carri\u00e8re offre \u00e0 15 boursiers un acc\u00e8s unique \u00e0 des \u00e9tablissements d\u2019enseignement et des experts de classe mondiale dans le cadre d\u2019un parcours de sept mois, allant de juin \u00e0 d\u00e9cembre.<\/p>\n\n\n\n<p>Il permettra aux champions de l\u2019Internet en milieu de carri\u00e8re d\u2019acqu\u00e9rir les connaissances, les comp\u00e9tences et les outils dont ils ont besoin pour assurer un leadership inclusif, innovant et int\u00e9gral par le biais de la transformation et de la remise en cause.<\/p>\n\n\n\n<h3 class=\"wp-block-heading has-32-font-size\">Qui est \u00e9ligible pour d\u00e9poser sa candidature?<\/h3>\n\n\n\n<div style=\"height:20px\" aria-hidden=\"true\" class=\"wp-block-spacer\"><\/div>\n\n\n\n<p>Les candidats doivent \u00eatre des professionnels en milieu de carri\u00e8re occupant des postes de direction et travaillant dans l\u2019\u00e9cosyst\u00e8me de l\u2019Internet, assurant des fonctions techniques, politiques, \u00e9conomiques ou sociales.<\/p>\n\n\n\n<p>Ils devraient \u00e9galement:<\/p>\n\n\n\n<ul class=\"wp-block-list\">\n<li>Avoir un dipl\u00f4me universitaire de premier cycle et 10 ans d\u2019exp\u00e9rience pertinente, y compris dans les domaines de la direction ou de la gestion d\u2019\u00e9quipes et\/ou de projets.<\/li>\n\n\n\n<li>Avoir une exp\u00e9rience autour de l\u2019espace Internet sur le plan technique, politique, \u00e9conomique, soci\u00e9tal ou autre.<\/li>\n\n\n\n<li>Travailler dans un poste ou une organisation qui aborde les d\u00e9fis num\u00e9riques ou qui est confront\u00e9e \u00e0 la transition et \u00e0 la transformation num\u00e9riques.<\/li>\n\n\n\n<li>Avoir la volont\u00e9 de r\u00e9soudre des probl\u00e8mes, de travailler dans des \u00e9quipes pluridisciplinaires et d\u2019acqu\u00e9rir de nouvelles connaissances et comp\u00e9tences.<\/li>\n\n\n\n<li>Vouloir s\u2019assurer que l\u2019Internet reste ouvert, connect\u00e9 au niveau mondial, s\u00e9curis\u00e9 et digne de confiance.<\/li>\n\n\n\n<li>Disposer d\u2019un acc\u00e8s fiable \u00e0 une connexion Internet \u00e0 large bande et des outils appropri\u00e9s.<\/li>\n\n\n\n<li>\u00catre en mesure de participer \u00e0 l\u2019ensemble des sept mois, \u00e0 raison d\u2019environ six heures par semaine.<\/li>\n\n\n\n<li>Ma\u00eetriser la langue anglaise \u00e0 l\u2019oral et \u00e0 l\u2019\u00e9crit.<\/li>\n\n\n\n<li>\u00catre membre de l\u2019Internet Society<\/li>\n<\/ul>\n\n\n\n<div style=\"height:20px\" aria-hidden=\"true\" class=\"wp-block-spacer\"><\/div>\n\n\n\n<h2 class=\"wp-block-heading has-accent-purple-color has-text-color has-26-font-size\"><span style=\"line-height: 1.4\"><span class=\"tadv-color\" style=\"color:#7e245c\">Si vous r\u00e9pondez \u00e0 ces crit\u00e8res, veuillez vous rendre sur la <a href=\"https:\/\/www.internetsociety.org\/fellowships\/mid-career\/\"><span style=\"text-decoration: underline;\">page Web en anglais<\/span><\/a><\/span><\/span>.<\/h2>\n<\/div>\n<\/div><\/section>\n\n\n\n<p class=\"has-text-align-center has-neutral-white-color has-ground-navy-background-color has-text-color has-background has-12-font-size\">Cr\u00e9dit d&rsquo;image: \u00a9Frederic Courbet\/Panos Pictures<\/p>\n","protected":false},"excerpt":{"rendered":"<p><b>Amenez votre carri\u00e8re au niveau sup\u00e9rieur et d\u00e9fendez l&rsquo;Internet de demain. <\/b><br \/>\n<br \/>Les champions mondiaux de l&rsquo;Internet en milieu de carri\u00e8re acquerront les connaissances, les comp\u00e9tences et les outils n\u00e9cessaires pour permettre un leadership inclusif, innovant, holistique et strat\u00e9gique. D\u00e9posez votre candidature aujourd&rsquo;hui.<\/p>\n","protected":false},"author":46,"featured_media":167527,"parent":224071,"menu_order":0,"comment_status":"closed","ping_status":"closed","template":"page-wide.php","meta":{"_acf_changed":false,"_uag_custom_page_level_css":"","footnotes":""},"categories":[5695,5674,118],"tags":[6193,6157],"region_news_regions":[6029],"content_category":[],"ppma_author":[4057],"class_list":["post-166187","page","type-page","status-publish","has-post-thumbnail","hentry","category-communaute","category-faconner-le-futur-de-linternet","category-qui-sommes-nous","tag-anciens-eleves","tag-bourses","region_news_regions-mondial"],"acf":[],"uagb_featured_image_src":{"full":["https:\/\/www.internetsociety.org\/wp-content\/uploads\/2022\/04\/Fellows-mid-small.jpeg",600,275,false],"thumbnail":["https:\/\/www.internetsociety.org\/wp-content\/uploads\/2022\/04\/Fellows-mid-small-150x150.jpeg",150,150,true],"medium":["https:\/\/www.internetsociety.org\/wp-content\/uploads\/2022\/04\/Fellows-mid-small-450x206.jpeg",450,206,true],"medium_large":["https:\/\/www.internetsociety.org\/wp-content\/uploads\/2022\/04\/Fellows-mid-small.jpeg",600,275,false],"large":["https:\/\/www.internetsociety.org\/wp-content\/uploads\/2022\/04\/Fellows-mid-small.jpeg",600,275,false],"1536x1536":["https:\/\/www.internetsociety.org\/wp-content\/uploads\/2022\/04\/Fellows-mid-small.jpeg",600,275,false],"2048x2048":["https:\/\/www.internetsociety.org\/wp-content\/uploads\/2022\/04\/Fellows-mid-small.jpeg",600,275,false],"post-thumbnail":["https:\/\/www.internetsociety.org\/wp-content\/uploads\/2022\/04\/Fellows-mid-small-250x115.jpeg",250,115,true],"square":["https:\/\/www.internetsociety.org\/wp-content\/uploads\/2022\/04\/Fellows-mid-small.jpeg",600,275,false],"gform-image-choice-sm":["https:\/\/www.internetsociety.org\/wp-content\/uploads\/2022\/04\/Fellows-mid-small.jpeg",300,138,false],"gform-image-choice-md":["https:\/\/www.internetsociety.org\/wp-content\/uploads\/2022\/04\/Fellows-mid-small.jpeg",400,183,false],"gform-image-choice-lg":["https:\/\/www.internetsociety.org\/wp-content\/uploads\/2022\/04\/Fellows-mid-small.jpeg",600,275,false]},"uagb_author_info":{"display_name":"Ivana Trbovic","author_link":"https:\/\/www.internetsociety.org\/fr\/author\/trbovic\/"},"uagb_comment_info":0,"uagb_excerpt":"Amenez votre carri\u00e8re au niveau sup\u00e9rieur et d\u00e9fendez l'Internet de demain. Les champions mondiaux de l'Internet en milieu de carri\u00e8re acquerront les connaissances, les comp\u00e9tences et les outils n\u00e9cessaires pour permettre un leadership inclusif, innovant, holistique et strat\u00e9gique. D\u00e9posez votre candidature aujourd'hui.","_links":{"self":[{"href":"https:\/\/www.internetsociety.org\/fr\/wp-json\/wp\/v2\/pages\/166187","targetHints":{"allow":["GET"]}}],"collection":[{"href":"https:\/\/www.internetsociety.org\/fr\/wp-json\/wp\/v2\/pages"}],"about":[{"href":"https:\/\/www.internetsociety.org\/fr\/wp-json\/wp\/v2\/types\/page"}],"author":[{"embeddable":true,"href":"https:\/\/www.internetsociety.org\/fr\/wp-json\/wp\/v2\/users\/46"}],"replies":[{"embeddable":true,"href":"https:\/\/www.internetsociety.org\/fr\/wp-json\/wp\/v2\/comments?post=166187"}],"version-history":[{"count":0,"href":"https:\/\/www.internetsociety.org\/fr\/wp-json\/wp\/v2\/pages\/166187\/revisions"}],"up":[{"embeddable":true,"href":"https:\/\/www.internetsociety.org\/fr\/wp-json\/wp\/v2\/pages\/224071"}],"wp:featuredmedia":[{"embeddable":true,"href":"https:\/\/www.internetsociety.org\/fr\/wp-json\/wp\/v2\/media\/167527"}],"wp:attachment":[{"href":"https:\/\/www.internetsociety.org\/fr\/wp-json\/wp\/v2\/media?parent=166187"}],"wp:term":[{"taxonomy":"category","embeddable":true,"href":"https:\/\/www.internetsociety.org\/fr\/wp-json\/wp\/v2\/categories?post=166187"},{"taxonomy":"post_tag","embeddable":true,"href":"https:\/\/www.internetsociety.org\/fr\/wp-json\/wp\/v2\/tags?post=166187"},{"taxonomy":"region_news_regions","embeddable":true,"href":"https:\/\/www.internetsociety.org\/fr\/wp-json\/wp\/v2\/region_news_regions?post=166187"},{"taxonomy":"content_category","embeddable":true,"href":"https:\/\/www.internetsociety.org\/fr\/wp-json\/wp\/v2\/content_category?post=166187"},{"taxonomy":"author","embeddable":true,"href":"https:\/\/www.internetsociety.org\/fr\/wp-json\/wp\/v2\/ppma_author?post=166187"}],"curies":[{"name":"wp","href":"https:\/\/api.w.org\/{rel}","templated":true}]}}