{"id":161593,"date":"2018-11-10T02:15:27","date_gmt":"2018-11-10T02:15:27","guid":{"rendered":"https:\/\/www.internetsociety.org\/fondation\/"},"modified":"2023-10-11T12:29:35","modified_gmt":"2023-10-11T12:29:35","slug":"fondation","status":"publish","type":"page","link":"https:\/\/www.internetsociety.org\/fr\/fondation\/","title":{"rendered":"Fondation Internet Society"},"content":{"rendered":"\n<section class=\"wp-block-uagb-columns uagb-columns__wrap uagb-columns__background-image uagb-columns__stack-mobile uagb-columns__valign- uagb-columns__gap-10 align uagb-block-02442341 uagb-columns__columns-1 uagb-columns__max_width-theme background-image-fallback-black\"><div class=\"uagb-columns__overlay\"><\/div><div class=\"uagb-columns__inner-wrap uagb-columns__columns-1\">\n<div class=\"wp-block-uagb-column uagb-column__wrap uagb-column__background-undefined uagb-block-dd1699c5\"><div class=\"uagb-column__overlay\"><\/div>\n<div style=\"height:100px\" aria-hidden=\"true\" class=\"wp-block-spacer\"><\/div>\n\n\n\n<h1 class=\"wp-block-heading has-neutral-white-color has-text-color\">Fondation Internet Society<\/h1>\n\n\n\n<div style=\"height:100px\" aria-hidden=\"true\" class=\"wp-block-spacer\"><\/div>\n<\/div>\n<\/div><\/section>\n\n\n\n<div class=\"wp-block-columns is-layout-flex wp-container-core-columns-is-layout-9d6595d7 wp-block-columns-is-layout-flex\">\n<div class=\"wp-block-column is-layout-flow wp-block-column-is-layout-flow\" style=\"flex-basis:10%\"><\/div>\n\n\n\n<div class=\"wp-block-column is-layout-flow wp-block-column-is-layout-flow\" style=\"flex-basis:80%\">\n<div style=\"height:40px\" aria-hidden=\"true\" class=\"wp-block-spacer\"><\/div>\n\n\n\n<h2 class=\"wp-block-heading has-accent-purple-color has-text-color\">Au fil des ans, l&rsquo;Internet Society a soutenu le travail inspirant de personnes qui croient en la puissance de l&rsquo;Internet. <\/h2>\n\n\n\n<div style=\"height:40px\" aria-hidden=\"true\" class=\"wp-block-spacer\"><\/div>\n\n\n\n<p class=\"has-18-font-size\">Le lancement de la Fondation Internet Society a \u00e9t\u00e9 une \u00e9tape importante pour notre organisation et pour notre action en faveur d&rsquo;un Internet plus \u00e9tendu et plus performant pour tous. Elle refl\u00e8te la prochaine \u00e9tape de nos programmes de bourses et ouvre de nouvelles opportunit\u00e9s en faveur d&rsquo;initiatives \u00e9troitement li\u00e9es \u00e0 notre mission.<\/p>\n\n\n\n<p class=\"has-18-font-size\">En tant que principale source pour tous les <a href=\"https:\/\/www.isocfoundation.org\/fr\/programmes-de-bourses\/\" target=\"_blank\" rel=\"noreferrer noopener\">programmes de bourses<\/a>, la Fondation Internet Society propose des financements destin\u00e9s \u00e0 notre communaut\u00e9 et \u00e9tend sa port\u00e9e \u00e0 de nouveaux domaines susceptibles d&rsquo;avoir un impact positif gr\u00e2ce \u00e0 la philanthropie. Organisation cr\u00e9\u00e9e pour venir en soutien \u00e0 l&rsquo;Internet Society, la Fondation Internet Society a continu\u00e9 \u00e0 \u00e9voluer, assumant r\u00e9cemment un r\u00f4le plus important dans le soutien et la promotion du travail effectu\u00e9 par l&rsquo;Internet Society.<\/p>\n\n\n\n<div style=\"height:10px\" aria-hidden=\"true\" class=\"wp-block-spacer\"><\/div>\n\n\n\n<div class=\"wp-block-buttons is-vertical is-layout-flex wp-container-core-buttons-is-layout-8cf370e7 wp-block-buttons-is-layout-flex\">\n<div class=\"wp-block-button\"><a class=\"wp-block-button__link has-white-color has-accent-purple-background-color has-text-color has-background wp-element-button\" href=\"https:\/\/www.isocfoundation.org\/fr\/\">En savoir plus sur la Fondation et son travail<\/a><\/div>\n<\/div>\n\n\n\n<div style=\"height:30px\" aria-hidden=\"true\" class=\"wp-block-spacer\"><\/div>\n<\/div>\n\n\n\n<div class=\"wp-block-column is-layout-flow wp-block-column-is-layout-flow\" style=\"flex-basis:10%\"><\/div>\n<\/div>\n\n\n\n<p class=\"has-text-align-center has-neutral-white-color has-ground-navy-background-color has-text-color has-background has-12-font-size\">Droit d&rsquo;auteur : \u00a9<em style=\"font-size: 14px;\"> <\/em>Roopa Gogineni \/ Panos Pictures<\/p>\n","protected":false},"excerpt":{"rendered":"<p>En tant que source centrale pour tous nos programmes de bourses, la Fondation nous donne un maximum de flexibilit\u00e9 pour \u00e9largir les opportunit\u00e9s pour notre communaut\u00e9 et \u00e9tendre notre port\u00e9e dans de nouveaux domaines o\u00f9 nous pouvons avoir un impact positif. <\/p>\n","protected":false},"author":14,"featured_media":124304,"parent":0,"menu_order":0,"comment_status":"closed","ping_status":"closed","template":"page-wide.php","meta":{"_acf_changed":false,"_uag_custom_page_level_css":"","footnotes":""},"categories":[118],"tags":[],"region_news_regions":[],"content_category":[],"ppma_author":[4048],"class_list":["post-161593","page","type-page","status-publish","has-post-thumbnail","hentry","category-qui-sommes-nous"],"acf":[],"uagb_featured_image_src":{"full":["https:\/\/www.internetsociety.org\/wp-content\/uploads\/2020\/09\/foundation-image-e1601315801995.jpg",1400,900,false],"thumbnail":["https:\/\/www.internetsociety.org\/wp-content\/uploads\/2020\/09\/foundation-image-150x150.jpg",150,150,true],"medium":["https:\/\/www.internetsociety.org\/wp-content\/uploads\/2020\/09\/foundation-image-450x289.jpg",450,289,true],"medium_large":["https:\/\/www.internetsociety.org\/wp-content\/uploads\/2020\/09\/foundation-image-768x494.jpg",768,494,true],"large":["https:\/\/www.internetsociety.org\/wp-content\/uploads\/2020\/09\/foundation-image-1024x658.jpg",1024,658,true],"1536x1536":["https:\/\/www.internetsociety.org\/wp-content\/uploads\/2020\/09\/foundation-image-e1601315801995.jpg",1400,900,false],"2048x2048":["https:\/\/www.internetsociety.org\/wp-content\/uploads\/2020\/09\/foundation-image-e1601315801995.jpg",1400,900,false],"post-thumbnail":["https:\/\/www.internetsociety.org\/wp-content\/uploads\/2020\/09\/foundation-image-250x161.jpg",250,161,true],"square":["https:\/\/www.internetsociety.org\/wp-content\/uploads\/2020\/09\/foundation-image-600x600.jpg",600,600,true],"gform-image-choice-sm":["https:\/\/www.internetsociety.org\/wp-content\/uploads\/2020\/09\/foundation-image-e1601315801995.jpg",300,193,false],"gform-image-choice-md":["https:\/\/www.internetsociety.org\/wp-content\/uploads\/2020\/09\/foundation-image-e1601315801995.jpg",400,257,false],"gform-image-choice-lg":["https:\/\/www.internetsociety.org\/wp-content\/uploads\/2020\/09\/foundation-image-e1601315801995.jpg",600,386,false]},"uagb_author_info":{"display_name":"Dan York","author_link":"https:\/\/www.internetsociety.org\/fr\/author\/york\/"},"uagb_comment_info":0,"uagb_excerpt":"En tant que source centrale pour tous nos programmes de bourses, la Fondation nous donne un maximum de flexibilit\u00e9 pour \u00e9largir les opportunit\u00e9s pour notre communaut\u00e9 et \u00e9tendre notre port\u00e9e dans de nouveaux domaines o\u00f9 nous pouvons avoir un impact positif.","_links":{"self":[{"href":"https:\/\/www.internetsociety.org\/fr\/wp-json\/wp\/v2\/pages\/161593","targetHints":{"allow":["GET"]}}],"collection":[{"href":"https:\/\/www.internetsociety.org\/fr\/wp-json\/wp\/v2\/pages"}],"about":[{"href":"https:\/\/www.internetsociety.org\/fr\/wp-json\/wp\/v2\/types\/page"}],"author":[{"embeddable":true,"href":"https:\/\/www.internetsociety.org\/fr\/wp-json\/wp\/v2\/users\/14"}],"replies":[{"embeddable":true,"href":"https:\/\/www.internetsociety.org\/fr\/wp-json\/wp\/v2\/comments?post=161593"}],"version-history":[{"count":0,"href":"https:\/\/www.internetsociety.org\/fr\/wp-json\/wp\/v2\/pages\/161593\/revisions"}],"wp:featuredmedia":[{"embeddable":true,"href":"https:\/\/www.internetsociety.org\/fr\/wp-json\/wp\/v2\/media\/124304"}],"wp:attachment":[{"href":"https:\/\/www.internetsociety.org\/fr\/wp-json\/wp\/v2\/media?parent=161593"}],"wp:term":[{"taxonomy":"category","embeddable":true,"href":"https:\/\/www.internetsociety.org\/fr\/wp-json\/wp\/v2\/categories?post=161593"},{"taxonomy":"post_tag","embeddable":true,"href":"https:\/\/www.internetsociety.org\/fr\/wp-json\/wp\/v2\/tags?post=161593"},{"taxonomy":"region_news_regions","embeddable":true,"href":"https:\/\/www.internetsociety.org\/fr\/wp-json\/wp\/v2\/region_news_regions?post=161593"},{"taxonomy":"content_category","embeddable":true,"href":"https:\/\/www.internetsociety.org\/fr\/wp-json\/wp\/v2\/content_category?post=161593"},{"taxonomy":"author","embeddable":true,"href":"https:\/\/www.internetsociety.org\/fr\/wp-json\/wp\/v2\/ppma_author?post=161593"}],"curies":[{"name":"wp","href":"https:\/\/api.w.org\/{rel}","templated":true}]}}