{"id":161236,"date":"2021-12-01T13:29:39","date_gmt":"2021-12-01T13:29:39","guid":{"rendered":"https:\/\/www.internetsociety.org\/?page_id=161236"},"modified":"2026-03-13T16:58:38","modified_gmt":"2026-03-13T16:58:38","slug":"evenements-a-venir","status":"publish","type":"page","link":"https:\/\/www.internetsociety.org\/fr\/events\/upcoming\/","title":{"rendered":"Assister \u00e0 un \u00e9v\u00e9nement"},"content":{"rendered":"\n<section class=\"wp-block-uagb-columns uagb-columns__wrap uagb-columns__background-color uagb-columns__stack-tablet uagb-columns__valign-top uagb-columns__gap-10 align uagb-block-70afd3e2 uagb-columns__columns-1 uagb-columns__max_width-theme uag-hide-desktop uag-hide-tab\"><div class=\"uagb-columns__overlay\"><\/div><div class=\"uagb-columns__inner-wrap uagb-columns__columns-1\">\n<div class=\"wp-block-uagb-column uagb-column__wrap uagb-column__background-color uagb-block-1c88c709 animated fadeIn slow\"><div class=\"uagb-column__overlay\"><\/div>\n<h1 class=\"wp-block-heading\">\u00c9v\u00e9nements<\/h1>\n\n\n\n<div style=\"height:30px\" aria-hidden=\"true\" class=\"wp-block-spacer\"><\/div>\n\n\n\n<figure class=\"wp-block-image size-full uag-hide-desktop\"><img loading=\"lazy\" decoding=\"async\" width=\"1000\" height=\"450\" src=\"https:\/\/www.internetsociety.org\/wp-content\/uploads\/2024\/05\/Medium-_DSC7643-e1715264549436.jpg\" alt=\"des participants \u00e0 une conf\u00e9rence \u00e9coutent\" class=\"wp-image-210180\" srcset=\"https:\/\/www.internetsociety.org\/wp-content\/uploads\/2024\/05\/Medium-_DSC7643-e1715264549436.jpg 1000w, https:\/\/www.internetsociety.org\/wp-content\/uploads\/2024\/05\/Medium-_DSC7643-e1715264549436-450x203.jpg 450w, https:\/\/www.internetsociety.org\/wp-content\/uploads\/2024\/05\/Medium-_DSC7643-e1715264549436-768x346.jpg 768w, https:\/\/www.internetsociety.org\/wp-content\/uploads\/2024\/05\/Medium-_DSC7643-e1715264549436-250x113.jpg 250w\" sizes=\"auto, (max-width: 1000px) 100vw, 1000px\" \/><\/figure>\n<\/div>\n<\/div><\/section>\n\n\n\n<section class=\"wp-block-uagb-columns uagb-columns__wrap uagb-columns__background-image uagb-columns__stack-mobile uagb-columns__valign- uagb-columns__gap-10 align uagb-block-d6a40f3e uagb-columns__columns-1 uagb-columns__max_width-custom background-image-fallback-black uag-hide-mob\"><div class=\"uagb-columns__overlay\"><\/div><div class=\"uagb-columns__inner-wrap uagb-columns__columns-1\">\n<div class=\"wp-block-uagb-column uagb-column__wrap uagb-column__background-undefined uagb-block-87a6a79b\"><div class=\"uagb-column__overlay\"><\/div>\n<h1 class=\"wp-block-heading has-text-color has-link-color wp-elements-460bea9e68d5689a632880875ede229a\" style=\"color:#ffffff\">\u00c9v\u00e9nements<\/h1>\n<\/div>\n<\/div><\/section>\n\n\n\n<section class=\"wp-block-uagb-columns uagb-columns__wrap uagb-columns__background-color uagb-columns__stack-tablet uagb-columns__valign- uagb-columns__gap-10 align uagb-block-29daa086 uagb-columns__columns-1 uagb-columns__max_width-custom\"><div class=\"uagb-columns__overlay\"><\/div><div class=\"uagb-columns__inner-wrap uagb-columns__columns-1\">\n<div class=\"wp-block-uagb-column uagb-column__wrap uagb-column__background-undefined uagb-block-48634806\"><div class=\"uagb-column__overlay\"><\/div>\n<h2 class=\"wp-block-heading has-text-align-left has-depth-blue-color has-text-color has-32-font-size\"><strong>Engagez-vous avec les personnes qui sont au c\u0153ur de l\u2019Internet.<\/strong><\/h2>\n\n\n\n<div style=\"height:40px\" aria-hidden=\"true\" class=\"wp-block-spacer\"><\/div>\n\n\n\n<h3 class=\"wp-block-heading has-32-font-size uag-hide-tab uag-hide-mob\">\u00c9v\u00e9nements en vedette<\/h3>\n\n\n\n<h3 class=\"wp-block-heading uag-hide-desktop\">\u00c9v\u00e9nements en vedette<\/h3>\n\n\n\n<div style=\"height:20px\" aria-hidden=\"true\" class=\"wp-block-spacer\"><\/div>\n\n\n\n<section class=\"wp-block-uagb-columns uagb-columns__wrap uagb-columns__background-none uagb-columns__stack-tablet uagb-columns__valign-top uagb-columns__gap-10 align uagb-block-0c8abc1f uagb-columns__columns-3 uagb-columns__max_width-custom\"><div class=\"uagb-columns__overlay\"><\/div><div class=\"uagb-columns__inner-wrap uagb-columns__columns-3\">\n<div class=\"wp-block-uagb-column uagb-column__wrap uagb-column__background-color uagb-block-c5cbb46e\"><div class=\"uagb-column__overlay\"><\/div>\n<figure class=\"wp-block-image size-full is-style-default margin-bottom-0 vertical-align-bottom\"><img loading=\"lazy\" decoding=\"async\" width=\"1500\" height=\"750\" src=\"https:\/\/www.internetsociety.org\/wp-content\/uploads\/2026\/01\/woman-computer-screen-1.jpg\" alt=\"Une femme assise \u00e0 une table, concentr\u00e9e sur son ordinateur portable, en train de travailler ou d'\u00e9tudier.\" class=\"wp-image-244251\" style=\"aspect-ratio:3\/2;object-fit:cover\" srcset=\"https:\/\/www.internetsociety.org\/wp-content\/uploads\/2026\/01\/woman-computer-screen-1.jpg 1500w, https:\/\/www.internetsociety.org\/wp-content\/uploads\/2026\/01\/woman-computer-screen-1-450x225.jpg 450w, https:\/\/www.internetsociety.org\/wp-content\/uploads\/2026\/01\/woman-computer-screen-1-1024x512.jpg 1024w, https:\/\/www.internetsociety.org\/wp-content\/uploads\/2026\/01\/woman-computer-screen-1-768x384.jpg 768w, https:\/\/www.internetsociety.org\/wp-content\/uploads\/2026\/01\/woman-computer-screen-1-250x125.jpg 250w\" sizes=\"auto, (max-width: 1500px) 100vw, 1500px\" \/><\/figure>\n\n\n\n<div style=\"height:20px\" aria-hidden=\"true\" class=\"wp-block-spacer\"><\/div>\n\n\n\n<div class=\"wp-block-uagb-info-box uagb-block-7475369c uagb-infobox__content-wrap  uagb-infobox_cta-type-all uagb-infobox-icon-above-title uagb-infobox-image-valign-top\"><a href=\"https:\/\/www.internetsociety.org\/events\/community-calls-2026\/\" class=\"uagb-infobox-link-wrap uagb-infbox__link-to-all\" target=\"_self\" aria-label=\"Infobox Link\" rel=\"noopener noreferrer\" onclick=\"return true;\"><\/a><div class=\"uagb-ifb-content\"><div class=\"uagb-ifb-title-wrap\"><h3 class=\"uagb-ifb-title\">Appels de la communaut\u00e9 2026<\/h3><\/div><p class=\"uagb-ifb-desc\">Rejoignez-nous pour susciter une action collective au sein de l\u2019\u00e9cosyst\u00e8me Internet et mettre en valeur les r\u00e9ussites de notre communaut\u00e9.<\/p><div class=\"uagb-ifb-button-wrapper wp-block-button\"><\/div><\/div><\/div>\n<\/div>\n\n\n\n<div class=\"wp-block-uagb-column uagb-column__wrap uagb-column__background-color uagb-block-74b7a2c7\"><div class=\"uagb-column__overlay\"><\/div>\n<figure class=\"wp-block-image size-full is-style-default margin-bottom-0 vertical-align-bottom\"><img loading=\"lazy\" decoding=\"async\" width=\"1500\" height=\"772\" src=\"https:\/\/www.internetsociety.org\/wp-content\/uploads\/2025\/02\/APAC-workshop-woman-smiling.jpg\" alt=\"Une femme voil\u00e9e sourit chaleureusement, assise \u00e0 une table.\" class=\"wp-image-244254\" style=\"aspect-ratio:3\/2;object-fit:cover\" srcset=\"https:\/\/www.internetsociety.org\/wp-content\/uploads\/2025\/02\/APAC-workshop-woman-smiling.jpg 1500w, https:\/\/www.internetsociety.org\/wp-content\/uploads\/2025\/02\/APAC-workshop-woman-smiling-450x232.jpg 450w, https:\/\/www.internetsociety.org\/wp-content\/uploads\/2025\/02\/APAC-workshop-woman-smiling-1024x527.jpg 1024w, https:\/\/www.internetsociety.org\/wp-content\/uploads\/2025\/02\/APAC-workshop-woman-smiling-768x395.jpg 768w, https:\/\/www.internetsociety.org\/wp-content\/uploads\/2025\/02\/APAC-workshop-woman-smiling-250x129.jpg 250w\" sizes=\"auto, (max-width: 1500px) 100vw, 1500px\" \/><\/figure>\n\n\n\n<div style=\"height:20px\" aria-hidden=\"true\" class=\"wp-block-spacer\"><\/div>\n\n\n\n<div class=\"wp-block-uagb-info-box uagb-block-8987a0a2 uagb-infobox__content-wrap  uagb-infobox_cta-type-all uagb-infobox-icon-above-title uagb-infobox-image-valign-top\"><a href=\"https:\/\/www.internetsociety.org\/fr\/events\/community-workshops\/\" class=\"uagb-infobox-link-wrap uagb-infbox__link-to-all\" target=\"_self\" aria-label=\"Infobox Link\" rel=\"noopener noreferrer\" onclick=\"return true;\"><\/a><div class=\"uagb-ifb-content\"><div class=\"uagb-ifb-title-wrap\"><h3 class=\"uagb-ifb-title\">Ateliers communautaires<\/h3><\/div><p class=\"uagb-ifb-desc\">Destin\u00e9s aux membres de la communaut\u00e9, ils visent \u00e0 int\u00e9grer des outils et renforcer les comp\u00e9tences pratiques n\u00e9cessaires \u00e0 la construction et \u00e0 la protection d\u2019un Internet abordable, fiable et s\u00e9curis\u00e9 pour tout le monde.<\/p><div class=\"uagb-ifb-button-wrapper wp-block-button\"><\/div><\/div><\/div>\n<\/div>\n\n\n\n<div class=\"wp-block-uagb-column uagb-column__wrap uagb-column__background-color uagb-block-4d8f3576\"><div class=\"uagb-column__overlay\"><\/div>\n<figure class=\"wp-block-image size-full is-style-default margin-bottom-0 vertical-align-bottom\"><img decoding=\"async\" src=\"https:\/\/www.internetsociety.org\/wp-content\/uploads\/2025\/03\/Medium-62.jpg\" alt=\"Un groupe de personnes discute lors d'un \u00e9v\u00e9nement anim\u00e9.\" class=\"wp-image-246301\" style=\"aspect-ratio:3\/2;object-fit:cover\"\/><\/figure>\n\n\n\n<div style=\"height:20px\" aria-hidden=\"true\" class=\"wp-block-spacer\"><\/div>\n\n\n\n<div class=\"wp-block-uagb-info-box uagb-block-4fea2dee uagb-infobox__content-wrap  uagb-infobox_cta-type-all uagb-infobox-icon-above-title uagb-infobox-image-valign-top\"><a href=\"https:\/\/www.internetsociety.org\/events\/isoc-at-events-2026\/\" class=\"uagb-infobox-link-wrap uagb-infbox__link-to-all\" target=\"_self\" aria-label=\"Infobox Link\" rel=\"noopener noreferrer\" onclick=\"return true;\"><\/a><div class=\"uagb-ifb-content\"><div class=\"uagb-ifb-title-wrap\"><h3 class=\"uagb-ifb-title\">\u00c9v\u00e9nements ISOC@ 2026<\/h3><\/div><p class=\"uagb-ifb-desc\">Les \u00e9v\u00e9nements ISOC@ sont l\u2019occasion pour les membres de l\u2019Internet Society d\u2019entrer en contact avec leurs pairs, les repr\u00e9sentants des chapitres, les repr\u00e9sentants des membres organisationnels, les membres du conseil d\u2019administration, le personnel de l\u2019Internet Society et les principales parties prenantes.<\/p><div class=\"uagb-ifb-button-wrapper wp-block-button\"><\/div><\/div><\/div>\n<\/div>\n<\/div><\/section>\n\n\n\n<section class=\"wp-block-uagb-columns uagb-columns__wrap uagb-columns__background-none uagb-columns__stack-tablet uagb-columns__valign-top uagb-columns__gap-10 align uagb-block-48db6465 uagb-columns__columns-3 uagb-columns__max_width-custom\"><div class=\"uagb-columns__overlay\"><\/div><div class=\"uagb-columns__inner-wrap uagb-columns__columns-3\">\n<div class=\"wp-block-uagb-column uagb-column__wrap uagb-column__background-color uagb-block-6b97c79e\"><div class=\"uagb-column__overlay\"><\/div>\n<figure class=\"wp-block-image size-full is-style-default margin-bottom-0 vertical-align-bottom\"><img decoding=\"async\" src=\"https:\/\/www.internetsociety.org\/wp-content\/uploads\/2021\/12\/GEC_background_450.png\" alt=\"Des carr\u00e9s de couleurs diff\u00e9rentes.\" class=\"wp-image-246300\" style=\"aspect-ratio:3\/2;object-fit:cover\"\/><\/figure>\n\n\n\n<div style=\"height:20px\" aria-hidden=\"true\" class=\"wp-block-spacer\"><\/div>\n\n\n\n<div class=\"wp-block-uagb-info-box uagb-block-631a0812 uagb-infobox__content-wrap  uagb-infobox_cta-type-all uagb-infobox-icon-above-title uagb-infobox-image-valign-top\"><a href=\"https:\/\/www.globalencryption.org\/events\/ged\/\" class=\"uagb-infobox-link-wrap uagb-infbox__link-to-all\" target=\"_self\" aria-label=\"Infobox Link\" rel=\"noopener noreferrer\" onclick=\"return true;\"><\/a><div class=\"uagb-ifb-content\"><div class=\"uagb-ifb-title-wrap\"><h3 class=\"uagb-ifb-title\">Journ\u00e9e mondiale du cryptage<\/h3><\/div><p class=\"uagb-ifb-desc\">Fait savoir aux gouvernements du monde entier que la protection et le renforcement du cryptage sont indispensables pour rendre l\u2019Internet plus s\u00e9curis\u00e9 pour leurs citoyens.<\/p><div class=\"uagb-ifb-button-wrapper wp-block-button\"><\/div><\/div><\/div>\n<\/div>\n\n\n\n<div class=\"wp-block-uagb-column uagb-column__wrap uagb-column__background-color uagb-block-20d62d34\"><div class=\"uagb-column__overlay\"><\/div>\n<figure class=\"wp-block-image size-full is-style-default margin-bottom-0 vertical-align-bottom\"><img loading=\"lazy\" decoding=\"async\" width=\"1000\" height=\"667\" src=\"https:\/\/www.internetsociety.org\/wp-content\/uploads\/2025\/03\/Medium-AFPIF-270.jpg\" alt=\"Un homme et une femme se serrent la main en souriant\" class=\"wp-image-222881\" style=\"aspect-ratio:3\/2;object-fit:cover\" srcset=\"https:\/\/www.internetsociety.org\/wp-content\/uploads\/2025\/03\/Medium-AFPIF-270.jpg 1000w, https:\/\/www.internetsociety.org\/wp-content\/uploads\/2025\/03\/Medium-AFPIF-270-450x300.jpg 450w, https:\/\/www.internetsociety.org\/wp-content\/uploads\/2025\/03\/Medium-AFPIF-270-768x512.jpg 768w, https:\/\/www.internetsociety.org\/wp-content\/uploads\/2025\/03\/Medium-AFPIF-270-250x167.jpg 250w\" sizes=\"auto, (max-width: 1000px) 100vw, 1000px\" \/><\/figure>\n\n\n\n<div style=\"height:20px\" aria-hidden=\"true\" class=\"wp-block-spacer\"><\/div>\n\n\n\n<div class=\"wp-block-uagb-info-box uagb-block-918574a3 uagb-infobox__content-wrap  uagb-infobox_cta-type-all uagb-infobox-icon-above-title uagb-infobox-image-valign-top\"><a href=\"https:\/\/www.internetsociety.org\/events\/peering-roadshows\/\" class=\"uagb-infobox-link-wrap uagb-infbox__link-to-all\" target=\"_self\" aria-label=\"Infobox Link\" rel=\"noopener noreferrer\" onclick=\"return true;\"><\/a><div class=\"uagb-ifb-content\"><div class=\"uagb-ifb-title-wrap\"><h3 class=\"uagb-ifb-title\">Roadshows sur le peering<\/h3><\/div><p class=\"uagb-ifb-desc\">Des \u00e9v\u00e9nements permettant aux gestionnaires de r\u00e9seaux d\u2019acqu\u00e9rir les meilleures pratiques en mati\u00e8re de peering, afin d\u2019assurer une connectivit\u00e9 locale fiable et abordable, de rencontrer d\u2019autres experts locaux et de renforcer leurs comp\u00e9tences techniques.<\/p><div class=\"uagb-ifb-button-wrapper wp-block-button\"><\/div><\/div><\/div>\n<\/div>\n\n\n\n<div class=\"wp-block-uagb-column uagb-column__wrap uagb-column__background-color uagb-block-f7183249\"><div class=\"uagb-column__overlay\"><\/div>\n<figure class=\"wp-block-image size-full is-style-default margin-bottom-0 vertical-align-bottom\"><img decoding=\"async\" src=\"https:\/\/www.internetsociety.org\/wp-content\/uploads\/2024\/05\/conference-room-ndss.jpg\" alt=\"Des personnes assises dans une salle de r\u00e9union, participant \u00e0 une conf\u00e9rence.\" class=\"wp-image-246302\" style=\"aspect-ratio:3\/2;object-fit:cover\"\/><\/figure>\n\n\n\n<div style=\"height:20px\" aria-hidden=\"true\" class=\"wp-block-spacer\"><\/div>\n\n\n\n<div class=\"wp-block-uagb-info-box uagb-block-428ecaf1 uagb-infobox__content-wrap  uagb-infobox_cta-type-all uagb-infobox-icon-above-title uagb-infobox-image-valign-top\"><a href=\"https:\/\/internetsociety.org\/fr\/action-plan\/ndss-symposium\/\" class=\"uagb-infobox-link-wrap uagb-infbox__link-to-all\" target=\"_self\" aria-label=\"Infobox Link\" rel=\"noopener noreferrer\" onclick=\"return true;\"><\/a><div class=\"uagb-ifb-content\"><div class=\"uagb-ifb-title-wrap\"><h3 class=\"uagb-ifb-title\">Symposium NDSS<\/h3><\/div><p class=\"uagb-ifb-desc\">Favorise l\u2019\u00e9change d\u2019informations entre chercheurs et praticiens de la s\u00e9curit\u00e9 des r\u00e9seaux et des syst\u00e8mes distribu\u00e9s (NDSS)<\/p><div class=\"uagb-ifb-button-wrapper wp-block-button\"><\/div><\/div><\/div>\n<\/div>\n<\/div><\/section>\n\n\n\n<div style=\"height:20px\" aria-hidden=\"true\" class=\"wp-block-spacer\"><\/div>\n\n\n\n<h3 class=\"wp-block-heading has-32-font-size uag-hide-tab uag-hide-mob\">\u00c9v\u00e8nements \u00e0 venir<\/h3>\n\n\n\n<h3 class=\"wp-block-heading uag-hide-desktop\">\u00c9v\u00e8nements \u00e0 venir<\/h3>\n\n\n<div class=\"pt-cv-wrapper\"><div class=\"pt-cv-view pt-cv-grid pt-cv-colsys pt-cv-same-height pt-cv-pgregular\" id=\"pt-cv-view-79569c20tp\"><div data-id=\"pt-cv-page-1\" class=\"pt-cv-page cv-npf\" data-cvc=\"3\" data-cvct=\"2\" data-cvcm=\"1\"><div class=\"col-md-4 col-sm-6 col-xs-12 pt-cv-content-item pt-cv-1-col\"  data-pid=\"0\"><div class='pt-cv-ifield'><div class=\"pt-cv-no-post\">Aucune publication trouv\u00e9e.<\/div><\/div><\/div><\/div><\/div><\/div>\t\t\t<style type=\"text\/css\" id=\"pt-cv-inline-style-7f00e98uov\">#pt-cv-view-79569c20tp .pt-cv-title a, #pt-cv-view-79569c20tp  .panel-title { font-weight: 600 !important; }\n#pt-cv-view-79569c20tp .pt-cv-readmore  { color: #ffffff !important; background-color: #00aeef !important; }\n#pt-cv-view-79569c20tp .pt-cv-readmore:hover  { color: #ffffff !important; background-color: #00aeef !important; }\n#pt-cv-view-79569c20tp  + .pt-cv-pagination-wrapper .pt-cv-more , #pt-cv-view-79569c20tp  + .pt-cv-pagination-wrapper .pagination .active a, .pt-cv-pagination[data-sid='79569c20tp'] .active a { color: #3a82e4 !important; }\n#pt-cv-view-79569c20tp .img-rounded, #pt-cv-view-79569c20tp .pt-cv-hover-wrapper { -webkit-border-radius: 6px !important; -moz-border-radius: 6px !important; border-radius: 6px !important; }\n#pt-cv-view-79569c20tp .pt-cv-cap-w-img { border-bottom-left-radius: 6px !important; border-bottom-right-radius: 6px !important; }<\/style>\r\n\t\t\t\n\n\n\n<div style=\"height:40px\" aria-hidden=\"true\" class=\"wp-block-spacer\"><\/div>\n\n\n\n<div class=\"wp-block-buttons uag-hide-tab uag-hide-mob is-content-justification-right is-layout-flex wp-container-core-buttons-is-layout-1888cafc wp-block-buttons-is-layout-flex\">\n<div class=\"wp-block-button\"><a class=\"wp-block-button__link has-ground-navy-color has-neutral-putty-background-color has-text-color has-background wp-element-button\" href=\"https:\/\/www.internetsociety.org\/fr\/events\/past\/\" style=\"border-radius:200px\">Voir les \u00e9v\u00e9nements pass\u00e9s<\/a><\/div>\n<\/div>\n\n\n\n<div class=\"wp-block-buttons uag-hide-desktop is-content-justification-center is-layout-flex wp-container-core-buttons-is-layout-5590e8cb wp-block-buttons-is-layout-flex\">\n<div class=\"wp-block-button\"><a class=\"wp-block-button__link has-ground-navy-color has-neutral-putty-background-color has-text-color has-background wp-element-button\" href=\"https:\/\/www.internetsociety.org\/fr\/events\/past\/\" style=\"border-radius:200px\">Voir les \u00e9v\u00e9nements pass\u00e9s<\/a><\/div>\n<\/div>\n\n\n\n<div style=\"height:40px\" aria-hidden=\"true\" class=\"wp-block-spacer\"><\/div>\n<\/div>\n<\/div><\/section>\n\n\n\n<p class=\"has-text-align-center has-neutral-white-color has-ground-navy-background-color has-text-color has-background has-link-color has-12-font-size wp-elements-9b65ecb07b7118380ea6cb5f51f4f53a\">Droits d&rsquo;auteur : \u00a9Roopa Gogineni \/ Panos Pictures<\/p>\n","protected":false},"excerpt":{"rendered":"<p><b>Connectez-vous avec nous dans le monde entier et en ligne.<\/b><br \/>\nConsultez nos \u00e9v\u00e9nements \u00e0 venir pour voir o\u00f9 nous serons ensuite. Virtuellement et en personne, nous avons h\u00e2te de vous voir lors d&rsquo;\u00e9v\u00e9nements ax\u00e9s sur la protection et la croissance d&rsquo;Internet.<\/p>\n","protected":false},"author":46,"featured_media":246635,"parent":0,"menu_order":0,"comment_status":"closed","ping_status":"closed","template":"page-wide.php","meta":{"_acf_changed":false,"_uag_custom_page_level_css":"","footnotes":""},"categories":[118],"tags":[6034],"region_news_regions":[],"content_category":[],"ppma_author":[4057],"class_list":["post-161236","page","type-page","status-publish","has-post-thumbnail","hentry","category-qui-sommes-nous","tag-accueil"],"acf":[],"uagb_featured_image_src":{"full":["https:\/\/www.internetsociety.org\/wp-content\/uploads\/2024\/05\/Medium-_DSC7643-e1715264549436.jpg",1000,450,false],"thumbnail":["https:\/\/www.internetsociety.org\/wp-content\/uploads\/2024\/05\/Medium-_DSC7643-e1715264549436-150x150.jpg",150,150,true],"medium":["https:\/\/www.internetsociety.org\/wp-content\/uploads\/2024\/05\/Medium-_DSC7643-e1715264549436-450x203.jpg",450,203,true],"medium_large":["https:\/\/www.internetsociety.org\/wp-content\/uploads\/2024\/05\/Medium-_DSC7643-e1715264549436-768x346.jpg",768,346,true],"large":["https:\/\/www.internetsociety.org\/wp-content\/uploads\/2024\/05\/Medium-_DSC7643-e1715264549436.jpg",1000,450,false],"1536x1536":["https:\/\/www.internetsociety.org\/wp-content\/uploads\/2024\/05\/Medium-_DSC7643-e1715264549436.jpg",1000,450,false],"2048x2048":["https:\/\/www.internetsociety.org\/wp-content\/uploads\/2024\/05\/Medium-_DSC7643-e1715264549436.jpg",1000,450,false],"post-thumbnail":["https:\/\/www.internetsociety.org\/wp-content\/uploads\/2024\/05\/Medium-_DSC7643-e1715264549436-250x113.jpg",250,113,true],"square":["https:\/\/www.internetsociety.org\/wp-content\/uploads\/2024\/05\/Medium-_DSC7643-e1715264549436-600x450.jpg",600,450,true],"gform-image-choice-sm":["https:\/\/www.internetsociety.org\/wp-content\/uploads\/2024\/05\/Medium-_DSC7643-e1715264549436.jpg",300,135,false],"gform-image-choice-md":["https:\/\/www.internetsociety.org\/wp-content\/uploads\/2024\/05\/Medium-_DSC7643-e1715264549436.jpg",400,180,false],"gform-image-choice-lg":["https:\/\/www.internetsociety.org\/wp-content\/uploads\/2024\/05\/Medium-_DSC7643-e1715264549436.jpg",600,270,false]},"uagb_author_info":{"display_name":"Ivana Trbovic","author_link":"https:\/\/www.internetsociety.org\/fr\/author\/trbovic\/"},"uagb_comment_info":0,"uagb_excerpt":"Connectez-vous avec nous dans le monde entier et en ligne. Consultez nos \u00e9v\u00e9nements \u00e0 venir pour voir o\u00f9 nous serons ensuite. Virtuellement et en personne, nous avons h\u00e2te de vous voir lors d'\u00e9v\u00e9nements ax\u00e9s sur la protection et la croissance d'Internet.","_links":{"self":[{"href":"https:\/\/www.internetsociety.org\/fr\/wp-json\/wp\/v2\/pages\/161236","targetHints":{"allow":["GET"]}}],"collection":[{"href":"https:\/\/www.internetsociety.org\/fr\/wp-json\/wp\/v2\/pages"}],"about":[{"href":"https:\/\/www.internetsociety.org\/fr\/wp-json\/wp\/v2\/types\/page"}],"author":[{"embeddable":true,"href":"https:\/\/www.internetsociety.org\/fr\/wp-json\/wp\/v2\/users\/46"}],"replies":[{"embeddable":true,"href":"https:\/\/www.internetsociety.org\/fr\/wp-json\/wp\/v2\/comments?post=161236"}],"version-history":[{"count":0,"href":"https:\/\/www.internetsociety.org\/fr\/wp-json\/wp\/v2\/pages\/161236\/revisions"}],"wp:featuredmedia":[{"embeddable":true,"href":"https:\/\/www.internetsociety.org\/fr\/wp-json\/wp\/v2\/media\/246635"}],"wp:attachment":[{"href":"https:\/\/www.internetsociety.org\/fr\/wp-json\/wp\/v2\/media?parent=161236"}],"wp:term":[{"taxonomy":"category","embeddable":true,"href":"https:\/\/www.internetsociety.org\/fr\/wp-json\/wp\/v2\/categories?post=161236"},{"taxonomy":"post_tag","embeddable":true,"href":"https:\/\/www.internetsociety.org\/fr\/wp-json\/wp\/v2\/tags?post=161236"},{"taxonomy":"region_news_regions","embeddable":true,"href":"https:\/\/www.internetsociety.org\/fr\/wp-json\/wp\/v2\/region_news_regions?post=161236"},{"taxonomy":"content_category","embeddable":true,"href":"https:\/\/www.internetsociety.org\/fr\/wp-json\/wp\/v2\/content_category?post=161236"},{"taxonomy":"author","embeddable":true,"href":"https:\/\/www.internetsociety.org\/fr\/wp-json\/wp\/v2\/ppma_author?post=161236"}],"curies":[{"name":"wp","href":"https:\/\/api.w.org\/{rel}","templated":true}]}}