{"id":159627,"date":"2021-12-03T20:21:41","date_gmt":"2021-12-03T20:21:41","guid":{"rendered":"https:\/\/www.internetsociety.org\/?page_id=159627"},"modified":"2023-12-11T15:19:26","modified_gmt":"2023-12-11T15:19:26","slug":"chapterthon-2020","status":"publish","type":"page","link":"https:\/\/www.internetsociety.org\/fr\/grants\/chapterthon\/2020\/","title":{"rendered":"Chapterthon 2020"},"content":{"rendered":"\n<div class=\"wp-block-cover is-light\" style=\"min-height:400px;aspect-ratio:unset;\"><span aria-hidden=\"true\" class=\"wp-block-cover__background has-background-dim-0 has-background-dim\"><\/span><video class=\"wp-block-cover__video-background intrinsic-ignore\" autoplay muted loop playsinline src=\"https:\/\/www.internetsociety.org\/wp-content\/uploads\/2020\/08\/I-Heart-The-Internet-Education-1920x1080-1.mp4\" data-object-fit=\"cover\"><\/video><div class=\"wp-block-cover__inner-container is-layout-flow wp-block-cover-is-layout-flow\">\n<p class=\"has-large-font-size\"><\/p>\n<\/div><\/div>\n\n\n\n<section class=\"wp-block-uagb-columns uagb-columns__wrap uagb-columns__background-color uagb-columns__stack-mobile uagb-columns__valign- uagb-columns__gap-10 align uagb-block-4cd5d52a uagb-columns__columns-2 uagb-columns__max_width-theme\"><div class=\"uagb-columns__overlay\"><\/div><div class=\"uagb-columns__inner-wrap uagb-columns__columns-2\">\n<div class=\"wp-block-uagb-column uagb-column__wrap uagb-column__background-color uagb-block-3f7d3127\"><div class=\"uagb-column__overlay\"><\/div>\n<div style=\"height:40px\" aria-hidden=\"true\" class=\"wp-block-spacer\"><\/div>\n\n\n\n<figure class=\"wp-block-embed is-type-video is-provider-youtube wp-block-embed-youtube wp-embed-aspect-16-9 wp-has-aspect-ratio\"><div class=\"wp-block-embed__wrapper\">\n<iframe loading=\"lazy\" title=\"Chapterthon 2020 Winners\" width=\"500\" height=\"281\" src=\"https:\/\/www.youtube.com\/embed\/ArTMMFskuGk?feature=oembed\" frameborder=\"0\" allow=\"accelerometer; autoplay; clipboard-write; encrypted-media; gyroscope; picture-in-picture; web-share\" referrerpolicy=\"strict-origin-when-cross-origin\" allowfullscreen><\/iframe>\n<\/div><\/figure>\n<\/div>\n\n\n\n<div class=\"wp-block-uagb-column uagb-column__wrap uagb-column__background-undefined uagb-block-5166efc6\"><div class=\"uagb-column__overlay\"><\/div>\n<div style=\"height:40px\" aria-hidden=\"true\" class=\"wp-block-spacer\"><\/div>\n\n\n\n<h1 class=\"wp-block-heading has-text-align-left has-depth-green-color has-text-color\">Chapterthon 2020<\/h1>\n\n\n\n<div style=\"height:30px\" aria-hidden=\"true\" class=\"wp-block-spacer\"><\/div>\n\n\n\n<h2 class=\"wp-block-heading has-green-color has-text-color has-26-font-size\">Nous voulons mettre en valeur vos activit\u00e9s cr\u00e9atives, innovantes et ayant un impact sur la communaut\u00e9, avec la communaut\u00e9 et par la communaut\u00e9. <\/h2>\n\n\n\n<div style=\"height:30px\" aria-hidden=\"true\" class=\"wp-block-spacer\"><\/div>\n\n\n\n<h2 class=\"wp-block-heading has-depth-green-color has-text-color has-48-font-size\">Gagnantes<\/h2>\n\n\n\n<div style=\"height:30px\" aria-hidden=\"true\" class=\"wp-block-spacer\"><\/div>\n\n\n\n<p>Gr\u00e2ce \u00e0 deux tours de scrutin, vous avez fait entendre votre voix en \u00e9lisant trois laur\u00e9ats du Chapterthon. F\u00e9licitations \u00e0: <\/p>\n\n\n\n<ol class=\"wp-block-list\">\n<li>Chapitre Ha\u00efti qui a d\u00e9velopp\u00e9 le programme SmartMom 2020 et form\u00e9 les femmes et les m\u00e8res locales \u00e0 l&rsquo;utilisation de l&rsquo;argent mobile.<\/li>\n\n\n\n<li>Chapitre Panama qui a d\u00e9velopp\u00e9 un manuel incroyable pour l&rsquo;inclusion num\u00e9rique gr\u00e2ce \u00e0 l&rsquo;utilisation de Raspberry PI<\/li>\n\n\n\n<li>Chapitre Y\u00e9men&nbsp;qui a renforc\u00e9 la sensibilisation au num\u00e9rique dans les \u00e9coles et form\u00e9 des \u00e9l\u00e8ves du secondaire \u00e0 la poursuite de leurs \u00e9tudes en cas d&rsquo;urgence. <\/li>\n<\/ol>\n\n\n\n<div style=\"height:10px\" aria-hidden=\"true\" class=\"wp-block-spacer\"><\/div>\n\n\n\n<p class=\"has-green-color has-text-color\">Un grand merci \u00e0 nos chapitres! D\u00e9couvrez les projets Chapterthon et t\u00e9l\u00e9chargez un plan de projet pour aider \u00e0 construire un Internet plus grand et plus fort. <\/p>\n\n\n\n<div style=\"height:20px\" aria-hidden=\"true\" class=\"wp-block-spacer\"><\/div>\n\n\n\n<div class=\"wp-block-buttons is-vertical is-layout-flex wp-container-core-buttons-is-layout-8cf370e7 wp-block-buttons-is-layout-flex\">\n<div class=\"wp-block-button is-style-fill\"><a class=\"wp-block-button__link has-neutral-white-color has-depth-green-background-color has-text-color has-background wp-element-button\" href=\"https:\/\/www.internetsociety.org\/grants\/chapterthon\/2020\/projects\/\">D\u00e9couvrez tous les projets 2020<\/a><\/div>\n<\/div>\n<\/div>\n<\/div><\/section>\n\n\n\n<section class=\"wp-block-uagb-columns uagb-columns__wrap uagb-columns__background-color uagb-columns__stack-mobile uagb-columns__valign- uagb-columns__gap-10 align uagb-block-70c2e3a9 uagb-columns__columns-2 uagb-columns__max_width-theme\"><div class=\"uagb-columns__overlay\"><\/div><div class=\"uagb-columns__inner-wrap uagb-columns__columns-2\">\n<div class=\"wp-block-uagb-column uagb-column__wrap uagb-column__background-color uagb-block-a93cb460\"><div class=\"uagb-column__overlay\"><\/div>\n<section class=\"wp-block-uagb-columns uagb-columns__wrap uagb-columns__background-image uagb-columns__stack-mobile uagb-columns__valign- uagb-columns__gap-10 align uagb-block-3c6b6055 uagb-columns__columns-1 uagb-columns__max_width-theme background-image-fallback-black\"><div class=\"uagb-columns__overlay\"><\/div><div class=\"uagb-columns__inner-wrap uagb-columns__columns-1\">\n<div class=\"wp-block-uagb-column uagb-column__wrap uagb-column__background-undefined uagb-block-56df06b3\"><div class=\"uagb-column__overlay\"><\/div>\n<p class=\"has-neutral-white-color has-text-color\">Le Chapterthon est l\u2019occasion pour les chapitres d\u2019engager leurs membres dans un marathon mondial de l\u2019Internet Society. Les membres pr\u00e9sentent leurs id\u00e9es de projets aux dirigeants de leur chapitre. Ce dernier s\u00e9lectionne et envoie un dossier de projet pour participer au Chapterthon. Les projets du Chapterthon sont ex\u00e9cut\u00e9s selon un calendrier et un budget pr\u00e9\u00e9tablis afin d\u2019atteindre un objectif commun pour le d\u00e9veloppement de l\u2019Internet. <\/p>\n<\/div>\n<\/div><\/section>\n<\/div>\n\n\n\n<div class=\"wp-block-uagb-column uagb-column__wrap uagb-column__background-undefined uagb-block-8c159ed4\"><div class=\"uagb-column__overlay\"><\/div>\n<h2 class=\"wp-block-heading has-depth-green-color has-text-color has-48-font-size\">J\u2019adore l\u2019Internet <\/h2>\n\n\n\n<div style=\"height:30px\" aria-hidden=\"true\" class=\"wp-block-spacer\"><\/div>\n\n\n\n<p>Alors que l\u2019ann\u00e9e continue d\u2019\u00eatre marqu\u00e9e par des perturbations dans le monde entier, nous d\u00e9dions le Chapterthon aux personnes et aux m\u00e9dias qui nous aident \u00e0 traverser cette \u00e9preuve. <\/p>\n\n\n\n<p>Proposez un manuel et un tutoriel \u00ab&nbsp;\u00e0 faire soi-m\u00eame&nbsp;\u00bb comme activit\u00e9 qui explique comment votre chapitre contribue \u00e0 faire en sorte qu\u2019Internet continue d\u2019\u00eatre une bou\u00e9e de sauvetage, enrichissant la vie des gens pendant la COVID-19 et les ann\u00e9es \u00e0 venir. <\/p>\n\n\n\n<p>Votre projet fera partie d\u2019un p\u00f4le de connaissances \u00ab&nbsp;\u00e0 faire soi-m\u00eame&nbsp;\u00bb pilot\u00e9 par la communaut\u00e9 \u2013 une r\u00e9f\u00e9rence pour les pairs et les partenaires du monde entier afin de renforcer l\u2019impact qu\u2019ont vos innovations et vos solutions. <\/p>\n\n\n\n<div style=\"height:30px\" aria-hidden=\"true\" class=\"wp-block-spacer\"><\/div>\n\n\n\n<h2 class=\"wp-block-heading has-depth-green-color has-text-color has-48-font-size\">Comment participer?<\/h2>\n\n\n\n<div style=\"height:30px\" aria-hidden=\"true\" class=\"wp-block-spacer\"><\/div>\n\n\n\n<p>Tous les membres des chapitres sont encourag\u00e9s \u00e0: <\/p>\n\n\n\n<ol class=\"wp-block-list\">\n<li>Penser \u00e0 un projet qui s\u2019inscrit dans le cadre des th\u00e8mes mentionn\u00e9s ci-dessus.<\/li>\n\n\n\n<li>Contacter d\u2019autres membres du chapitre et former une \u00e9quipe.<\/li>\n\n\n\n<li>S\u2019assurer que la communaut\u00e9 que vous voulez aider est int\u00e9ress\u00e9e \u00e0 vous rejoindre sur le projet.<\/li>\n\n\n\n<li>Envisager des possibilit\u00e9s de parrainage au niveau local.<\/li>\n\n\n\n<li>Envoyer leur id\u00e9e de projet et un budget pr\u00e9visionnel au conseil d\u2019administration du chapitre. <\/li>\n<\/ol>\n\n\n\n<p>Le conseil d\u2019administration du chapitre est responsable de la s\u00e9lection du projet qui repr\u00e9sentera le chapitre dans la comp\u00e9tition du Chapterthon et du d\u00e9p\u00f4t de la candidature. Un seul projet peut \u00eatre pr\u00e9sent\u00e9 par chapitre.<\/p>\n\n\n\n<div style=\"height:30px\" aria-hidden=\"true\" class=\"wp-block-spacer\"><\/div>\n\n\n\n<h2 class=\"wp-block-heading has-depth-green-color has-text-color has-48-font-size\">Comment pr\u00e9senter sa candidature?<\/h2>\n\n\n\n<div style=\"height:30px\" aria-hidden=\"true\" class=\"wp-block-spacer\"><\/div>\n\n\n\n<ul class=\"wp-block-list\">\n<li>Les membres sont invit\u00e9s \u00e0 pr\u00e9senter leurs id\u00e9es de projets pour le Chapterthon \u00e0 l\u2019\u00e9quipe\/au conseil de direction de leur chapitre local.<\/li>\n\n\n\n<li>Les dirigeants du chapitre sont ensuite charg\u00e9s de s\u00e9lectionner et de d\u00e9poser le projet qui repr\u00e9sentera le chapitre dans le cadre du concours Chapterthon.<\/li>\n\n\n\n<li>Une seule candidature de projet peut \u00eatre pr\u00e9sent\u00e9e par chapitre.<\/li>\n\n\n\n<li>Seules les candidatures soumises par l\u2019interm\u00e9diaire de MemberNova seront accept\u00e9es.<\/li>\n\n\n\n<li>Les projets du Chapterthon doivent \u00eatre pr\u00e9sent\u00e9s en anglais, en fran\u00e7ais ou en espagnol.<\/li>\n<\/ul>\n\n\n\n<div style=\"height:30px\" aria-hidden=\"true\" class=\"wp-block-spacer\"><\/div>\n\n\n\n<h2 class=\"wp-block-heading has-depth-green-color has-text-color has-48-font-size\">Processus d\u2019examen des candidatures <\/h2>\n\n\n\n<div style=\"height:30px\" aria-hidden=\"true\" class=\"wp-block-spacer\"><\/div>\n\n\n\n<p>Les candidatures sont examin\u00e9es par le personnel de l\u2019Internet Society afin de d\u00e9terminer si les activit\u00e9s correspondent aux crit\u00e8res d\u2019\u00e9ligibilit\u00e9 et aux lignes directrices du programme, d\u2019une mani\u00e8re qui refl\u00e8te les valeurs et la mission de l\u2019Internet Society. Durant cette p\u00e9riode, il est possible que le personnel prenne contact avec les candidats pour obtenir des informations suppl\u00e9mentaires.<\/p>\n\n\n\n<p>Le groupe d\u2019experts du Chapterthon, en collaboration avec la communaut\u00e9 des membres de l\u2019Internet Society, s\u00e9lectionnera le meilleur projet.<\/p>\n\n\n\n<div style=\"height:20px\" aria-hidden=\"true\" class=\"wp-block-spacer\"><\/div>\n\n\n\n<h3 class=\"wp-block-heading has-32-font-size\">Candidats retenus<\/h3>\n\n\n\n<div style=\"height:20px\" aria-hidden=\"true\" class=\"wp-block-spacer\"><\/div>\n\n\n\n<p>Les chapitres et les SIG qui re\u00e7oivent des subventions de l\u2019Internet Society sont tenus de signer un accord de subvention pour permettre le versement des fonds. <\/p>\n\n\n\n<p>Ils doivent \u00e9galement: <\/p>\n\n\n\n<p>R\u00e9aliser le projet : un plan (manuel et tutoriel vid\u00e9o de type \u00ab&nbsp;\u00e0 faire soi-m\u00eame&nbsp;\u00bb) selon le calendrier du programme (tableau ci-dessus).<\/p>\n\n\n\n<ul class=\"wp-block-list\">\n<li><a href=\"https:\/\/www.internetsociety.org\/wp-content\/uploads\/2017\/11\/Easy_Guide_to_Video_Making.pdf\" target=\"_blank\" rel=\"noreferrer noopener\">Guide facile pour la r\u00e9alisation de vid\u00e9os<\/a><\/li>\n\n\n\n<li><a href=\"https:\/\/www.internetsociety.org\/wp-content\/uploads\/2019\/06\/Chapterthon_Video_Production_Guide.pdf\" target=\"_blank\" rel=\"noreferrer noopener\">Les cinq phases de la production vid\u00e9o<\/a><\/li>\n<\/ul>\n\n\n\n<p>Les instructions sur la mani\u00e8re de fournir ces informations se trouvent sur le\u00a0<a href=\"https:\/\/community.internetsociety.org\/s\/home-community?locale=fr\" target=\"_blank\" rel=\"noreferrer noopener\">portail des membres<\/a>.<\/p>\n\n\n\n<div style=\"height:40px\" aria-hidden=\"true\" class=\"wp-block-spacer\"><\/div>\n\n\n\n<h2 class=\"wp-block-heading has-depth-green-color has-text-color has-48-font-size\">Que recevront les chapitres gagnants?<\/h2>\n\n\n\n<div style=\"height:30px\" aria-hidden=\"true\" class=\"wp-block-spacer\"><\/div>\n\n\n\n<p>Le groupe d\u2019experts du Chapterthon, en collaboration avec la communaut\u00e9 des membres de l\u2019Internet Society, s\u00e9lectionnera le meilleur projet. Les trois projets gagnants recevront un prix.<\/p>\n\n\n\n<p>Les gagnants seront annonc\u00e9s par le biais de listes de diffusion, de r\u00e9seaux sociaux, de blogs et d\u2019appels \u00e0 la communaut\u00e9.<\/p>\n\n\n\n<p>Toutes les vid\u00e9os des projets seront t\u00e9l\u00e9charg\u00e9es sur le site Web de l\u2019Internet Society et sur le canal YouTube afin de cr\u00e9er un p\u00f4le de connaissances \u00ab&nbsp;J\u2019adore l\u2019Internet&nbsp;\u00bb. Celui-ci comprendra des tutoriels et des manuels qui montreront comment les chapitres et les membres de l\u2019Internet Society contribuent \u00e0 faire en sorte que l\u2019Internet continue d\u2019\u00eatre une bou\u00e9e de sauvetage et d\u2019enrichir la vie des gens pendant la COVID-19 et au-del\u00e0.<\/p>\n<\/div>\n<\/div><\/section>\n\n\n\n<section class=\"wp-block-uagb-columns uagb-columns__wrap uagb-columns__background-color uagb-columns__stack-mobile uagb-columns__valign- uagb-columns__gap-10 align uagb-block-849c219c uagb-columns__columns-2 uagb-columns__max_width-theme\"><div class=\"uagb-columns__overlay\"><\/div><div class=\"uagb-columns__inner-wrap uagb-columns__columns-2\">\n<div class=\"wp-block-uagb-column uagb-column__wrap uagb-column__background-color uagb-block-b2b3bfcc\"><div class=\"uagb-column__overlay\"><\/div>\n<section class=\"wp-block-uagb-columns uagb-columns__wrap uagb-columns__background-color uagb-columns__stack-mobile uagb-columns__valign- uagb-columns__gap-10 align uagb-block-b7d0ed2b uagb-columns__columns-1 uagb-columns__max_width-theme background-image-fallback-black\"><div class=\"uagb-columns__overlay\"><\/div><div class=\"uagb-columns__inner-wrap uagb-columns__columns-1\">\n<div class=\"wp-block-uagb-column uagb-column__wrap uagb-column__background-image uagb-block-5a269caa\"><div class=\"uagb-column__overlay\"><\/div>\n<h2 class=\"wp-block-heading has-neutral-white-color has-text-color has-26-font-size\">Qu\u2019entendons-nous par \u00ab&nbsp;projet&nbsp;\u00bb ? <\/h2>\n\n\n\n<div style=\"height:20px\" aria-hidden=\"true\" class=\"wp-block-spacer\"><\/div>\n\n\n\n<p class=\"has-neutral-white-color has-text-color\">Il s\u2019agit d\u2019un concept, ou d\u2019un \u00ab&nbsp;manuel et tutoriel \u00e0 faire soi-m\u00eame&nbsp;\u00bb, d\u2019une solution innovante pour aider votre communaut\u00e9 pendant la COVID-19. Votre projet contribuera au p\u00f4le de connaissances \u00ab&nbsp;J\u2019adore l\u2019Internet&nbsp;\u00bb. Veuillez noter que le projet est le&nbsp;<em>concept<\/em>&nbsp;et non la mise en \u0153uvre de l\u2019activit\u00e9. <\/p>\n<\/div>\n<\/div><\/section>\n<\/div>\n\n\n\n<div class=\"wp-block-uagb-column uagb-column__wrap uagb-column__background-undefined uagb-block-5b9c5ab7\"><div class=\"uagb-column__overlay\"><\/div>\n<h2 class=\"wp-block-heading has-depth-green-color has-text-color has-48-font-size\" id=\"eligibility\">\u00c9ligibilit\u00e9 et conditions <\/h2>\n\n\n\n<div style=\"height:30px\" aria-hidden=\"true\" class=\"wp-block-spacer\"><\/div>\n\n\n\n<p>Pour \u00eatre \u00e9ligible au financement du Chapterthon 2020, votre solution J\u2019adore l\u2019Internet doit r\u00e9pondre \u00e0 l\u2019une des cat\u00e9gories suivantes: <\/p>\n\n\n\n<ul class=\"wp-block-list\">\n<li>Assurer la connectivit\u00e9 et l\u2019acc\u00e8s aux services Internet<\/li>\n\n\n\n<li>Sensibiliser et d\u00e9velopper les comp\u00e9tences num\u00e9riques pour une meilleure int\u00e9gration de l\u2019ensemble de la communaut\u00e9<\/li>\n\n\n\n<li>Renforcer la confiance dans l\u2019internet pour que les gens puissent se connecter en toute s\u00e9curit\u00e9 et dans le respect de leur vie priv\u00e9e<\/li>\n\n\n\n<li>Promouvoir les services Internet qui offrent des possibilit\u00e9s de d\u00e9veloppement \u00e9conomique et social<\/li>\n\n\n\n<li>Place \u00e0 l\u2019innovation ! Lancer de nouvelles initiatives pour lutter contre les effets de la COVID-19 <\/li>\n<\/ul>\n\n\n\n<div style=\"height:20px\" aria-hidden=\"true\" class=\"wp-block-spacer\"><\/div>\n\n\n\n<h3 class=\"wp-block-heading has-32-font-size\">Crit\u00e8res d\u2019\u00e9ligibilit\u00e9&nbsp;<\/h3>\n\n\n\n<div style=\"height:20px\" aria-hidden=\"true\" class=\"wp-block-spacer\"><\/div>\n\n\n\n<ul class=\"wp-block-list\">\n<li>Le Chapterthon est strictement r\u00e9serv\u00e9 aux chapitres de l\u2019Internet Society et aux SIG.<\/li>\n\n\n\n<li>Les chapitres de l\u2019Internet Society en r\u00e8gle (pr\u00e9-renouvellement au cas par cas) sont \u00e9ligibles et doivent r\u00e9pondre aux normes minimales des chapitres, telles que d\u00e9crites dans la&nbsp;<a href=\"https:\/\/www.internetsociety.org\/chapters\/start\/application\/chapter-charter\/\" target=\"_blank\" rel=\"noreferrer noopener\">lettre de charte du chapitre<\/a>.<\/li>\n\n\n\n<li>Les demandes des chapitres en cours de renouvellement ne peuvent pas \u00eatre prises en compte.<\/li>\n\n\n\n<li>Pour \u00eatre \u00e9ligibles au financement de cette ann\u00e9e, les chapitres et les SIG doivent avoir soumis les rapports de financement requis des ann\u00e9es pr\u00e9c\u00e9dentes.<\/li>\n\n\n\n<li>Pour recevoir un financement, les chapitres doivent disposer d\u2019un compte bancaire officiel au nom l\u00e9gal du chapitre.<\/li>\n\n\n\n<li>Les membres des chapitres et des SIG doivent collaborer avec la direction de leur chapitre ou de leur SIG pour d\u00e9velopper leurs projets. <\/li>\n<\/ul>\n\n\n\n<div style=\"height:30px\" aria-hidden=\"true\" class=\"wp-block-spacer\"><\/div>\n\n\n\n<h3 class=\"wp-block-heading has-32-font-size\">Financement <\/h3>\n\n\n\n<div style=\"height:20px\" aria-hidden=\"true\" class=\"wp-block-spacer\"><\/div>\n\n\n\n<p>Chaque projet retenu recevra une aide allant jusqu\u2019\u00e0 2 000 USD ; les participants auront deux mois pour le mener \u00e0 bien.  <\/p>\n\n\n\n<div style=\"height:30px\" aria-hidden=\"true\" class=\"wp-block-spacer\"><\/div>\n\n\n\n<h2 class=\"wp-block-heading has-depth-green-color has-text-color has-48-font-size\">Informations suppl\u00e9mentaires <\/h2>\n\n\n\n<div style=\"height:30px\" aria-hidden=\"true\" class=\"wp-block-spacer\"><\/div>\n\n\n\n<ul class=\"wp-block-list\">\n<li><a href=\"https:\/\/www.internetsociety.org\/fr\/become-a-member\/\">Devenir membre<\/a><\/li>\n\n\n\n<li><a href=\"https:\/\/www.internetsociety.org\/tag\/community-networks\/\">Rejoindre un&nbsp;<\/a><a href=\"https:\/\/www.internetsociety.org\/fr\/chapters\/\">Chapitre<\/a>&nbsp;ou un&nbsp;<a href=\"https:\/\/www.internetsociety.org\/sigs\/\">Groupes de l\u2019int\u00e9r\u00eat sp\u00e9cial<\/a><\/li>\n\n\n\n<li><a href=\"https:\/\/www.internetsociety.org\/tag\/community-networks\/\">D\u00e9couvrir comment aider \u00e0&nbsp;<\/a><a href=\"\/?cat_ID=29\">connecter le monde<\/a><\/li>\n\n\n\n<li><a href=\"https:\/\/www.internetsociety.org\/tag\/community-networks\/\">En savoir plus sur les&nbsp;<\/a><a href=\"https:\/\/www.internetsociety.org\/fr\/issues\/reseaux-communautaires\/\">r\u00e9seaux communautaires<\/a> <\/li>\n\n\n\n<li>Questions? Contacter&nbsp;<a href=\"mailto:chapter-support@isoc.org\" target=\"_blank\" rel=\"noreferrer noopener\">chapter-support@isoc.org<\/a>.<\/li>\n<\/ul>\n<\/div>\n<\/div><\/section>\n","protected":false},"excerpt":{"rendered":"<p>Alors que l\u2019ann\u00e9e continue d\u2019\u00eatre marqu\u00e9e par des perturbations dans le monde entier, nous d\u00e9dions le Chapterthon aux personnes et aux m\u00e9dias qui nous aident \u00e0 traverser cette \u00e9preuve. <\/p>\n","protected":false},"author":11,"featured_media":129031,"parent":0,"menu_order":0,"comment_status":"closed","ping_status":"closed","template":"page-wide.php","meta":{"_acf_changed":false,"_uag_custom_page_level_css":"","footnotes":""},"categories":[5695],"tags":[],"region_news_regions":[],"content_category":[],"ppma_author":[5657],"class_list":["post-159627","page","type-page","status-publish","has-post-thumbnail","hentry","category-communaute"],"acf":[],"uagb_featured_image_src":{"full":["https:\/\/www.internetsociety.org\/wp-content\/uploads\/2020\/12\/I-Heart-the-Internet-Yellow.jpg",1200,675,false],"thumbnail":["https:\/\/www.internetsociety.org\/wp-content\/uploads\/2020\/12\/I-Heart-the-Internet-Yellow-150x150.jpg",150,150,true],"medium":["https:\/\/www.internetsociety.org\/wp-content\/uploads\/2020\/12\/I-Heart-the-Internet-Yellow-450x253.jpg",450,253,true],"medium_large":["https:\/\/www.internetsociety.org\/wp-content\/uploads\/2020\/12\/I-Heart-the-Internet-Yellow-768x432.jpg",768,432,true],"large":["https:\/\/www.internetsociety.org\/wp-content\/uploads\/2020\/12\/I-Heart-the-Internet-Yellow-1024x576.jpg",1024,576,true],"1536x1536":["https:\/\/www.internetsociety.org\/wp-content\/uploads\/2020\/12\/I-Heart-the-Internet-Yellow.jpg",1200,675,false],"2048x2048":["https:\/\/www.internetsociety.org\/wp-content\/uploads\/2020\/12\/I-Heart-the-Internet-Yellow.jpg",1200,675,false],"post-thumbnail":["https:\/\/www.internetsociety.org\/wp-content\/uploads\/2020\/12\/I-Heart-the-Internet-Yellow-250x141.jpg",250,141,true],"square":["https:\/\/www.internetsociety.org\/wp-content\/uploads\/2020\/12\/I-Heart-the-Internet-Yellow-600x600.jpg",600,600,true],"gform-image-choice-sm":["https:\/\/www.internetsociety.org\/wp-content\/uploads\/2020\/12\/I-Heart-the-Internet-Yellow.jpg",300,169,false],"gform-image-choice-md":["https:\/\/www.internetsociety.org\/wp-content\/uploads\/2020\/12\/I-Heart-the-Internet-Yellow.jpg",400,225,false],"gform-image-choice-lg":["https:\/\/www.internetsociety.org\/wp-content\/uploads\/2020\/12\/I-Heart-the-Internet-Yellow.jpg",600,338,false]},"uagb_author_info":{"display_name":"Internet Society","author_link":"https:\/\/www.internetsociety.org\/fr\/author\/isoc\/"},"uagb_comment_info":0,"uagb_excerpt":"Alors que l\u2019ann\u00e9e continue d\u2019\u00eatre marqu\u00e9e par des perturbations dans le monde entier, nous d\u00e9dions le Chapterthon aux personnes et aux m\u00e9dias qui nous aident \u00e0 traverser cette \u00e9preuve.","_links":{"self":[{"href":"https:\/\/www.internetsociety.org\/fr\/wp-json\/wp\/v2\/pages\/159627","targetHints":{"allow":["GET"]}}],"collection":[{"href":"https:\/\/www.internetsociety.org\/fr\/wp-json\/wp\/v2\/pages"}],"about":[{"href":"https:\/\/www.internetsociety.org\/fr\/wp-json\/wp\/v2\/types\/page"}],"author":[{"embeddable":true,"href":"https:\/\/www.internetsociety.org\/fr\/wp-json\/wp\/v2\/users\/11"}],"replies":[{"embeddable":true,"href":"https:\/\/www.internetsociety.org\/fr\/wp-json\/wp\/v2\/comments?post=159627"}],"version-history":[{"count":0,"href":"https:\/\/www.internetsociety.org\/fr\/wp-json\/wp\/v2\/pages\/159627\/revisions"}],"wp:featuredmedia":[{"embeddable":true,"href":"https:\/\/www.internetsociety.org\/fr\/wp-json\/wp\/v2\/media\/129031"}],"wp:attachment":[{"href":"https:\/\/www.internetsociety.org\/fr\/wp-json\/wp\/v2\/media?parent=159627"}],"wp:term":[{"taxonomy":"category","embeddable":true,"href":"https:\/\/www.internetsociety.org\/fr\/wp-json\/wp\/v2\/categories?post=159627"},{"taxonomy":"post_tag","embeddable":true,"href":"https:\/\/www.internetsociety.org\/fr\/wp-json\/wp\/v2\/tags?post=159627"},{"taxonomy":"region_news_regions","embeddable":true,"href":"https:\/\/www.internetsociety.org\/fr\/wp-json\/wp\/v2\/region_news_regions?post=159627"},{"taxonomy":"content_category","embeddable":true,"href":"https:\/\/www.internetsociety.org\/fr\/wp-json\/wp\/v2\/content_category?post=159627"},{"taxonomy":"author","embeddable":true,"href":"https:\/\/www.internetsociety.org\/fr\/wp-json\/wp\/v2\/ppma_author?post=159627"}],"curies":[{"name":"wp","href":"https:\/\/api.w.org\/{rel}","templated":true}]}}