{"id":158778,"date":"2021-12-01T17:33:00","date_gmt":"2021-12-01T17:33:00","guid":{"rendered":"https:\/\/www.internetsociety.org\/?page_id=158778"},"modified":"2025-09-19T17:44:37","modified_gmt":"2025-09-19T17:44:37","slug":"programme-beyond-the-net","status":"publish","type":"page","link":"https:\/\/www.internetsociety.org\/fr\/beyond-the-net\/","title":{"rendered":"Programme Beyond the Net"},"content":{"rendered":"\n<div class=\"wp-block-cover\" style=\"min-height:400px;aspect-ratio:unset;\"><span aria-hidden=\"true\" class=\"wp-block-cover__background has-background-dim-0 has-background-dim\"><\/span><img loading=\"lazy\" decoding=\"async\" width=\"1280\" height=\"550\" class=\"wp-block-cover__image-background wp-image-86576\" alt=\"une jeune fille frappant dans ses mains\" src=\"https:\/\/www.internetsociety.org\/wp-content\/uploads\/2018\/09\/Beyond_the_Net_Funding_Programme_2.jpg\" data-object-fit=\"cover\" srcset=\"https:\/\/www.internetsociety.org\/wp-content\/uploads\/2018\/09\/Beyond_the_Net_Funding_Programme_2.jpg 1280w, https:\/\/www.internetsociety.org\/wp-content\/uploads\/2018\/09\/Beyond_the_Net_Funding_Programme_2-300x129.jpg 300w, https:\/\/www.internetsociety.org\/wp-content\/uploads\/2018\/09\/Beyond_the_Net_Funding_Programme_2-768x330.jpg 768w, https:\/\/www.internetsociety.org\/wp-content\/uploads\/2018\/09\/Beyond_the_Net_Funding_Programme_2-1024x440.jpg 1024w, https:\/\/www.internetsociety.org\/wp-content\/uploads\/2018\/09\/Beyond_the_Net_Funding_Programme_2-250x107.jpg 250w\" sizes=\"auto, (max-width: 1280px) 100vw, 1280px\" \/><div class=\"wp-block-cover__inner-container is-layout-flow wp-block-cover-is-layout-flow\">\n<p class=\"has-large-font-size\"><\/p>\n<\/div><\/div>\n\n\n\n<section class=\"wp-block-uagb-columns uagb-columns__wrap uagb-columns__background-color uagb-columns__stack-mobile uagb-columns__valign- uagb-columns__gap-10 align uagb-block-70bcf00b uagb-columns__columns-2 uagb-columns__max_width-theme\"><div class=\"uagb-columns__overlay\"><\/div><div class=\"uagb-columns__inner-wrap uagb-columns__columns-2\">\n<div class=\"wp-block-uagb-column uagb-column__wrap uagb-column__background-color uagb-block-e34b0291\"><div class=\"uagb-column__overlay\"><\/div>\n<div style=\"height:40px\" aria-hidden=\"true\" class=\"wp-block-spacer\"><\/div>\n\n\n\n<section class=\"wp-block-uagb-columns uagb-columns__wrap uagb-columns__background-color uagb-columns__stack-mobile uagb-columns__valign- uagb-columns__gap-10 align uagb-block-ddc60ff1 uagb-columns__columns-1 uagb-columns__max_width-theme background-image-fallback-black\"><div class=\"uagb-columns__overlay\"><\/div><div class=\"uagb-columns__inner-wrap uagb-columns__columns-1\">\n<div class=\"wp-block-uagb-column uagb-column__wrap uagb-column__background-undefined uagb-block-68385fb9\"><div class=\"uagb-column__overlay\"><\/div>\n<h2 class=\"wp-block-heading has-text-align-left has-white-color has-text-color has-32-font-size\" id=\"timeline\">Fait maintenant partie de la Fondation de l&rsquo;Internet Society<\/h2>\n\n\n\n<div style=\"height:40px\" aria-hidden=\"true\" class=\"wp-block-spacer\"><\/div>\n\n\n\n<p class=\"has-white-color has-text-color has-18-font-size\">Depuis f\u00e9vrier 2019, le programme de financement Beyond the Net fait partie du portefeuille de subventions de la Fondation d\u2019Internet Society. En tant que source centrale pour tous nos programmes de subventions, la Fondation nous donne une plus grande flexibilit\u00e9 pour \u00e9largir les opportunit\u00e9s pour notre communaut\u00e9 et pour \u00e9tendre notre port\u00e9e dans de nouveaux domaines dans lesquels nous pouvons avoir un impact positif. <\/p>\n<\/div>\n<\/div><\/section>\n<\/div>\n\n\n\n<div class=\"wp-block-uagb-column uagb-column__wrap uagb-column__background-undefined uagb-block-6f0e2b46\"><div class=\"uagb-column__overlay\"><\/div>\n<div style=\"height:40px\" aria-hidden=\"true\" class=\"wp-block-spacer\"><\/div>\n\n\n\n<h1 class=\"wp-block-heading has-text-align-left has-depth-blue-color has-text-color\">Programme Beyond the Net<\/h1>\n\n\n\n<div style=\"height:30px\" aria-hidden=\"true\" class=\"wp-block-spacer\"><\/div>\n\n\n\n<p>Internet Society est persuad\u00e9e qu\u2019Internet peut changer de fa\u00e7on positive la vie des gens. C\u2019est pour cette raison que nous avons lanc\u00e9 le programme de financement Beyond the Net, qui permet \u00e0 tous d\u2019avoir un impact positif et de collaborer \u00e0 notre mission consistant \u00e0 fournir \u00e0 tous, en toute s\u00e9curit\u00e9, un acc\u00e8s libre \u00e0 Internet.<\/p>\n\n\n\n<p>Notre programme de financement Beyond the Net offre aux membres d\u2019Internet Society l\u2019opportunit\u00e9 d\u2019apporter leur contribution au niveau local ou r\u00e9gional, via un chapitre de l\u2019Internet Society. Nous encourageons les id\u00e9es brillantes qui favorisent le partenariat avec des organismes locaux pour renforcer l\u2019autonomie des personnes dans le monde entier.<\/p>\n\n\n\n<div style=\"height:10px\" aria-hidden=\"true\" class=\"wp-block-spacer\"><\/div>\n\n\n\n<div class=\"wp-block-buttons is-vertical is-content-justification-left is-layout-flex wp-container-core-buttons-is-layout-c0ca7d81 wp-block-buttons-is-layout-flex\">\n<div class=\"wp-block-button\"><a class=\"wp-block-button__link has-neutral-white-color has-depth-blue-background-color has-text-color has-background wp-element-button\" href=\"https:\/\/www.isocfoundation.org\/fr\/\">Visitez le site de la Fondation<\/a><\/div>\n\n\n\n<div class=\"wp-block-button is-style-outline is-style-outline--1\"><a class=\"wp-block-button__link has-depth-blue-color has-text-color wp-element-button\" href=\"https:\/\/www.internetsociety.org\/beyond-the-net\/grants\/\">Rencontrez les bourses pr\u00e9-2019<\/a><\/div>\n<\/div>\n\n\n\n<div style=\"height:30px\" aria-hidden=\"true\" class=\"wp-block-spacer\"><\/div>\n<\/div>\n<\/div><\/section>\n","protected":false},"excerpt":{"rendered":"<p>Le programme de financement Beyond the Net fait partie du portefeuille de subventions de la Fondation d\u2019Internet Society.<\/p>\n","protected":false},"author":1720,"featured_media":0,"parent":0,"menu_order":0,"comment_status":"closed","ping_status":"closed","template":"page-wide.php","meta":{"_acf_changed":false,"_uag_custom_page_level_css":"","footnotes":""},"categories":[5695,118],"tags":[],"region_news_regions":[],"content_category":[],"ppma_author":[5657],"class_list":["post-158778","page","type-page","status-publish","hentry","category-communaute","category-qui-sommes-nous"],"acf":[],"uagb_featured_image_src":{"full":false,"thumbnail":false,"medium":false,"medium_large":false,"large":false,"1536x1536":false,"2048x2048":false,"post-thumbnail":false,"square":false,"gform-image-choice-sm":false,"gform-image-choice-md":false,"gform-image-choice-lg":false},"uagb_author_info":{"display_name":"Jelena Mirkovic","author_link":"https:\/\/www.internetsociety.org\/fr\/author\/"},"uagb_comment_info":0,"uagb_excerpt":"Le programme de financement Beyond the Net fait partie du portefeuille de subventions de la Fondation d\u2019Internet Society.","_links":{"self":[{"href":"https:\/\/www.internetsociety.org\/fr\/wp-json\/wp\/v2\/pages\/158778","targetHints":{"allow":["GET"]}}],"collection":[{"href":"https:\/\/www.internetsociety.org\/fr\/wp-json\/wp\/v2\/pages"}],"about":[{"href":"https:\/\/www.internetsociety.org\/fr\/wp-json\/wp\/v2\/types\/page"}],"author":[{"embeddable":true,"href":"https:\/\/www.internetsociety.org\/fr\/wp-json\/wp\/v2\/users\/1720"}],"replies":[{"embeddable":true,"href":"https:\/\/www.internetsociety.org\/fr\/wp-json\/wp\/v2\/comments?post=158778"}],"version-history":[{"count":0,"href":"https:\/\/www.internetsociety.org\/fr\/wp-json\/wp\/v2\/pages\/158778\/revisions"}],"wp:attachment":[{"href":"https:\/\/www.internetsociety.org\/fr\/wp-json\/wp\/v2\/media?parent=158778"}],"wp:term":[{"taxonomy":"category","embeddable":true,"href":"https:\/\/www.internetsociety.org\/fr\/wp-json\/wp\/v2\/categories?post=158778"},{"taxonomy":"post_tag","embeddable":true,"href":"https:\/\/www.internetsociety.org\/fr\/wp-json\/wp\/v2\/tags?post=158778"},{"taxonomy":"region_news_regions","embeddable":true,"href":"https:\/\/www.internetsociety.org\/fr\/wp-json\/wp\/v2\/region_news_regions?post=158778"},{"taxonomy":"content_category","embeddable":true,"href":"https:\/\/www.internetsociety.org\/fr\/wp-json\/wp\/v2\/content_category?post=158778"},{"taxonomy":"author","embeddable":true,"href":"https:\/\/www.internetsociety.org\/fr\/wp-json\/wp\/v2\/ppma_author?post=158778"}],"curies":[{"name":"wp","href":"https:\/\/api.w.org\/{rel}","templated":true}]}}