{"id":158217,"date":"2021-12-01T13:05:54","date_gmt":"2021-12-01T13:05:54","guid":{"rendered":"https:\/\/www.internetsociety.org\/?page_id=158217"},"modified":"2023-07-12T10:36:09","modified_gmt":"2023-07-12T10:36:09","slug":"chapterthon-2019","status":"publish","type":"page","link":"https:\/\/www.internetsociety.org\/fr\/grants\/chapterthon\/2019\/","title":{"rendered":"Chapterthon 2019"},"content":{"rendered":"\n<div class=\"wp-block-cover background-image-fallback-black\" style=\"min-height:400px;aspect-ratio:unset;\"><span aria-hidden=\"true\" class=\"wp-block-cover__background has-background-dim-0 has-background-dim\"><\/span><img loading=\"lazy\" decoding=\"async\" width=\"1396\" height=\"796\" class=\"wp-block-cover__image-background wp-image-102020\" alt=\"Un homme et une femme avec trois enfants, dont l'un tient un coq, posant pour une photo\" src=\"https:\/\/www.internetsociety.org\/wp-content\/uploads\/2019\/06\/Community-Networks-Murambinda-Zimbabwe-August-2018.jpg\" style=\"object-position:50% 35%\" data-object-fit=\"cover\" data-object-position=\"50% 35%\" srcset=\"https:\/\/www.internetsociety.org\/wp-content\/uploads\/2019\/06\/Community-Networks-Murambinda-Zimbabwe-August-2018.jpg 1396w, https:\/\/www.internetsociety.org\/wp-content\/uploads\/2019\/06\/Community-Networks-Murambinda-Zimbabwe-August-2018-450x257.jpg 450w, https:\/\/www.internetsociety.org\/wp-content\/uploads\/2019\/06\/Community-Networks-Murambinda-Zimbabwe-August-2018-768x438.jpg 768w, https:\/\/www.internetsociety.org\/wp-content\/uploads\/2019\/06\/Community-Networks-Murambinda-Zimbabwe-August-2018-1024x584.jpg 1024w, https:\/\/www.internetsociety.org\/wp-content\/uploads\/2019\/06\/Community-Networks-Murambinda-Zimbabwe-August-2018-250x143.jpg 250w\" sizes=\"auto, (max-width: 1396px) 100vw, 1396px\" \/><div class=\"wp-block-cover__inner-container is-layout-flow wp-block-cover-is-layout-flow\">\n<p class=\"has-large-font-size\"><\/p>\n<\/div><\/div>\n\n\n\n<section class=\"wp-block-uagb-columns uagb-columns__wrap uagb-columns__background-color uagb-columns__stack-mobile uagb-columns__valign- uagb-columns__gap-10 align uagb-block-b279a9ee uagb-columns__columns-2 uagb-columns__max_width-theme\"><div class=\"uagb-columns__overlay\"><\/div><div class=\"uagb-columns__inner-wrap uagb-columns__columns-2\">\n<div class=\"wp-block-uagb-column uagb-column__wrap uagb-column__background-color uagb-block-30f88866\"><div class=\"uagb-column__overlay\"><\/div>\n<div style=\"height:40px\" aria-hidden=\"true\" class=\"wp-block-spacer\"><\/div>\n\n\n\n<figure class=\"wp-block-embed is-type-video is-provider-youtube wp-block-embed-youtube wp-embed-aspect-16-9 wp-has-aspect-ratio\"><div class=\"wp-block-embed__wrapper\">\n<iframe loading=\"lazy\" title=\"Chapterthon 2019 Winners\" width=\"500\" height=\"281\" src=\"https:\/\/www.youtube.com\/embed\/lLY_f-85EVg?feature=oembed\" frameborder=\"0\" allow=\"accelerometer; autoplay; clipboard-write; encrypted-media; gyroscope; picture-in-picture; web-share\" referrerpolicy=\"strict-origin-when-cross-origin\" allowfullscreen><\/iframe>\n<\/div><\/figure>\n<\/div>\n\n\n\n<div class=\"wp-block-uagb-column uagb-column__wrap uagb-column__background-undefined uagb-block-2bd4dd08\"><div class=\"uagb-column__overlay\"><\/div>\n<div style=\"height:40px\" aria-hidden=\"true\" class=\"wp-block-spacer\"><\/div>\n\n\n\n<h1 class=\"wp-block-heading has-text-align-left has-depth-green-color has-text-color\">Chapterthon 2019<\/h1>\n\n\n\n<div style=\"height:30px\" aria-hidden=\"true\" class=\"wp-block-spacer\"><\/div>\n\n\n\n<h2 class=\"wp-block-heading has-depth-green-color has-text-color has-48-font-size\">Gagnantes<\/h2>\n\n\n\n<div style=\"height:30px\" aria-hidden=\"true\" class=\"wp-block-spacer\"><\/div>\n\n\n\n<p>1er prix: <a href=\"https:\/\/isoc-ny.org\/\">Chapitre am\u00e9ricain de New York<\/a><br>Premier NYC Mesh Installathon annuel: ce projet vise \u00e0 mobiliser une grande \u00e9quipe de b\u00e9n\u00e9voles en une seule journ\u00e9e pour \u00e9tendre le r\u00e9seau communautaire NYC Mesh \u00e0 au moins six nouveaux emplacements et connecter les zones mal desservies de la ville de New York.<\/p>\n\n\n\n<p>2e prix: <a href=\"https:\/\/internetsouthafrica.org.za\/\">Chapitre Afrique du Sud<\/a><br>Points d&rsquo;acc\u00e8s Wi-Fi Qokolweni: Ce projet fournira des points d&rsquo;acc\u00e8s pour les petites communaut\u00e9s d\u00e9favoris\u00e9es qui ont besoin d&rsquo;une connexion Internet pour communiquer et apprendre.<\/p>\n\n\n\n<p>3e prix: <a href=\"http:\/\/www.isoc.gh\/\">Chapitre ghan\u00e9en<\/a><br>RADIONET: Ce projet vise \u00e0 cr\u00e9er un syst\u00e8me d&rsquo;acc\u00e8s \u00e0 l&rsquo;information pour les communaut\u00e9s locales, dans leur propre langue, en fournissant un syst\u00e8me de diffusion FM auquel les communaut\u00e9s rurales ne peuvent pas acc\u00e9der.<\/p>\n\n\n\n<p class=\"has-green-color has-text-color\">Un grand merci \u00e0 nos chapitres pour vos progr\u00e8s importants vers la connexion du monde &#8211; une communaut\u00e9 \u00e0 la fois!<\/p>\n\n\n\n<div style=\"height:20px\" aria-hidden=\"true\" class=\"wp-block-spacer\"><\/div>\n\n\n\n<div class=\"wp-block-buttons is-vertical is-layout-flex wp-container-core-buttons-is-layout-8cf370e7 wp-block-buttons-is-layout-flex\">\n<div class=\"wp-block-button is-style-fill\"><a class=\"wp-block-button__link has-neutral-white-color has-depth-green-background-color has-text-color has-background wp-element-button\" href=\"https:\/\/www.internetsociety.org\/grants\/chapterthon\/2019\/projects\/\">Voyez les projets<\/a><\/div>\n<\/div>\n<\/div>\n<\/div><\/section>\n\n\n\n<section class=\"wp-block-uagb-columns uagb-columns__wrap uagb-columns__background-color uagb-columns__stack-mobile uagb-columns__valign- uagb-columns__gap-10 align uagb-block-b5b04df3 uagb-columns__columns-2 uagb-columns__max_width-theme\"><div class=\"uagb-columns__overlay\"><\/div><div class=\"uagb-columns__inner-wrap uagb-columns__columns-2\">\n<div class=\"wp-block-uagb-column uagb-column__wrap uagb-column__background-color uagb-block-426330cb\"><div class=\"uagb-column__overlay\"><\/div>\n<section class=\"wp-block-uagb-columns uagb-columns__wrap uagb-columns__background-image uagb-columns__stack-mobile uagb-columns__valign- uagb-columns__gap-10 align uagb-block-bbed0a76 uagb-columns__columns-1 uagb-columns__max_width-theme background-image-fallback-black\"><div class=\"uagb-columns__overlay\"><\/div><div class=\"uagb-columns__inner-wrap uagb-columns__columns-1\">\n<div class=\"wp-block-uagb-column uagb-column__wrap uagb-column__background-undefined uagb-block-20c3e1bd\"><div class=\"uagb-column__overlay\"><\/div>\n<p class=\"has-neutral-white-color has-text-color\">Le Chapterthon est un marathon international des Chapitres&nbsp;de l\u2019Internet Society, auquel tous les Chapitres&nbsp;de l\u2019Internet Society peuvent participer en \u00e9laborant un projet avec un calendrier et un budget afin d\u2019atteindre un objectif commun pour le d\u00e9veloppement de l\u2019Internet. Chaque projet inclura&nbsp;une vid\u00e9o de 3 minutes qui pr\u00e9sentera les caract\u00e9ristiques du projet et ses avantages pour la communaut\u00e9. Les projets gagnants seront r\u00e9compens\u00e9s par un prix. <\/p>\n<\/div>\n<\/div><\/section>\n<\/div>\n\n\n\n<div class=\"wp-block-uagb-column uagb-column__wrap uagb-column__background-undefined uagb-block-1ebe7e2f\"><div class=\"uagb-column__overlay\"><\/div>\n<h2 class=\"wp-block-heading has-depth-green-color has-text-color has-48-font-size\">Qu\u2019est-ce qu\u2019un Chapterthon? <\/h2>\n\n\n\n<div style=\"height:30px\" aria-hidden=\"true\" class=\"wp-block-spacer\"><\/div>\n\n\n\n<p>Notre monde est plus connect\u00e9 num\u00e9riquement qu\u2019il ne l\u2019a&nbsp;jamais \u00e9t\u00e9, pourtant des obstacles subsistent pour la moiti\u00e9 de la population mondiale qui n\u2019est toujours pas connect\u00e9e.<\/p>\n\n\n\n<p>Pour y rem\u00e9dier, nous travaillons avec les communaut\u00e9s du monde entier pour connecter certaines des zones les plus difficiles \u00e0 atteindre.<\/p>\n\n\n\n<p>En 2019, les projets des Chapitres ont aid\u00e9 \u00e0 Connecter les Non-connect\u00e9s \u2014 Parce que toutes les personnes dans le monde s\u2019inscrivent dans la logique d\u2019un Internet pour \u00ab tous \u00bb, et nous continuerons \u00e0 \u0153uvrer&nbsp;jusqu\u2019\u00e0 ce que chacun ait la possibilit\u00e9 de choisir d\u2019\u00eatre connect\u00e9.&nbsp;<\/p>\n\n\n\n<p>Nous recherchions des projets \u00e0 court terme, cr\u00e9atifs, novateurs et impactants, de la part de nos Chapitres et&nbsp;Groupes de l\u2019int\u00e9r\u00eat sp\u00e9cial (SIG) qui \u0153uvrent \u00ab pour la communaut\u00e9, avec la communaut\u00e9 et par la communaut\u00e9 \u00bb.<\/p>\n\n\n\n<div style=\"height:30px\" aria-hidden=\"true\" class=\"wp-block-spacer\"><\/div>\n\n\n\n<h2 class=\"wp-block-heading has-depth-green-color has-text-color has-48-font-size\">Comment participer?  <\/h2>\n\n\n\n<div style=\"height:30px\" aria-hidden=\"true\" class=\"wp-block-spacer\"><\/div>\n\n\n\n<p>Nous avons encourag\u00e9 tous les membres des Chapitres \u00e0:<\/p>\n\n\n\n<ol class=\"wp-block-list\" id=\"block-0b703016-187a-4e01-b187-0c7bdb1bbf3e\">\n<li>R\u00e9fl\u00e9chir \u00e0 un projet qui corresponde aux th\u00e8mes \u00e9nonc\u00e9s ci-dessus.<\/li>\n\n\n\n<li>Contacter d\u2019autres membres du Chapitre&nbsp;et \u00e0 former une \u00e9quipe.<\/li>\n\n\n\n<li>S\u2019assurer que la communaut\u00e9 \u00e0 laquelle vous&nbsp;souhaitez apporter votre aide est int\u00e9ress\u00e9e par le projet.<\/li>\n\n\n\n<li>\u00c9valuer les possibilit\u00e9s de parrainage local.<\/li>\n\n\n\n<li>Envoyer votre id\u00e9e de projet et une estimation de budget au Conseil du Chapitre.<\/li>\n\n\n\n<li>Pour pr\u00e9parer votre candidature, veuillez t\u00e9l\u00e9charger le&nbsp;<a href=\"https:\/\/www.internetsociety.org\/wp-content\/uploads\/2019\/06\/Chapterthon2019-Questionnaire_French.docx\">questionnaire<\/a>.<\/li>\n<\/ol>\n\n\n\n<p>Le Conseil du Chapitre \u00e9tait responsable de s\u00e9lectionner le projet qui repr\u00e9sentait le Chapitre au concours Chapterthon&nbsp;et de d\u00e9poser la candidature.&nbsp;Chaque Chapitre ne pouvait pr\u00e9senter qu\u2019un seul projet.<\/p>\n\n\n\n<div style=\"height:30px\" aria-hidden=\"true\" class=\"wp-block-spacer\"><\/div>\n\n\n\n<h2 class=\"wp-block-heading has-depth-green-color has-text-color has-48-font-size\">Processus d&rsquo;examen des candidatures <\/h2>\n\n\n\n<div style=\"height:30px\" aria-hidden=\"true\" class=\"wp-block-spacer\"><\/div>\n\n\n\n<p>Les candidatures ont \u00e9t\u00e9 examin\u00e9es par le personnel de l\u2019Internet Society&nbsp;pour d\u00e9terminer si les activit\u00e9s correspondent aux crit\u00e8res d\u2019\u00e9ligibilit\u00e9 et aux orientations du programme,&nbsp;de mani\u00e8re qui refl\u00e9tait les valeurs et la mission de l\u2019Internet Society. Au cours de ce processus, le personnel peut avoir contact\u00e9 les candidats pour obtenir de plus amples informations.<\/p>\n\n\n\n<p>Le Panel d\u2019experts du Chapterthon, en collaboration avec la communaut\u00e9 membre de l\u2019Internet Society a choisi le meilleur projet.<\/p>\n\n\n\n<div style=\"height:20px\" aria-hidden=\"true\" class=\"wp-block-spacer\"><\/div>\n\n\n\n<h3 class=\"wp-block-heading has-32-font-size\">Candidats<strong>&nbsp;<\/strong>retenus<\/h3>\n\n\n\n<div style=\"height:20px\" aria-hidden=\"true\" class=\"wp-block-spacer\"><\/div>\n\n\n\n<p>Les Chapitres et les SIG&nbsp;ayant re\u00e7u des bourses de l\u2019Internet Society ont \u00e9t\u00e9 tenus de signer une convention de subvention pour permettre le versement des fonds.<\/p>\n\n\n\n<div style=\"height:40px\" aria-hidden=\"true\" class=\"wp-block-spacer\"><\/div>\n\n\n\n<h2 class=\"wp-block-heading has-depth-green-color has-text-color has-48-font-size\">Que recevront les chapitres gagnants?<\/h2>\n\n\n\n<div style=\"height:30px\" aria-hidden=\"true\" class=\"wp-block-spacer\"><\/div>\n\n\n\n<ul class=\"wp-block-list\">\n<li>Le Panel d\u2019experts du Chapterthon, en collaboration avec la communaut\u00e9 membre de l\u2019Internet Society a s\u00e9lectionn\u00e9 le meilleur projet.<\/li>\n\n\n\n<li>Les trois meilleurs projets ont \u00e9t\u00e9 r\u00e9compens\u00e9s.<\/li>\n\n\n\n<li>Chaque participant a re\u00e7u un Certificat de participation, apr\u00e8s l\u2019envoi du rapport sur le projet et de la vid\u00e9o.<\/li>\n\n\n\n<li>Toutes les vid\u00e9os des projets ont \u00e9t\u00e9 t\u00e9l\u00e9charg\u00e9es sur le site Web et la cha\u00eene&nbsp;YouTube de l\u2019Internet Society.<\/li>\n\n\n\n<li>Le gagnant a \u00e9t\u00e9 annonc\u00e9 sur les listes de diffusion, les m\u00e9dias sociaux et le blog des projets communautaires.<\/li>\n<\/ul>\n\n\n\n<div style=\"height:30px\" aria-hidden=\"true\" class=\"wp-block-spacer\"><\/div>\n\n\n\n<h2 class=\"wp-block-heading has-depth-green-color has-text-color has-48-font-size\" id=\"eligibility\">\u00c9ligibilit\u00e9 et conditions<\/h2>\n\n\n\n<div style=\"height:30px\" aria-hidden=\"true\" class=\"wp-block-spacer\"><\/div>\n\n\n\n<p class=\"has-green-color has-text-color\">Pour \u00eatre \u00e9ligible au financement du Chapterthon 2019, votre projet \u00ab&nbsp;Connecter les Non-connect\u00e9s \u00bb devait appartenir \u00e0 l\u2019une des cat\u00e9gories suivantes:<\/p>\n\n\n\n<ul class=\"wp-block-list\">\n<li>Fournir un acc\u00e8s \u00e0 des r\u00e9gions rurales, isol\u00e9es et urbaines mal desservies,<\/li>\n\n\n\n<li>Renforcer les plateformes de&nbsp;r\u00e9seaux communautaires existantes en fournissant un meilleur acc\u00e8s \u00e0 l\u2019information et aux services,<\/li>\n\n\n\n<li>Am\u00e9liorer le d\u00e9veloppement des comp\u00e9tences num\u00e9riques pour permettre une meilleure int\u00e9gration de la communaut\u00e9 dans son ensemble.<\/li>\n\n\n\n<li>Promouvoir les r\u00e9seaux communautaires offrant des opportunit\u00e9s de d\u00e9veloppement \u00e9conomique et social, et<\/li>\n\n\n\n<li>Innover! Permettre de d\u00e9velopper de nouvelles mani\u00e8res de fournir un acc\u00e8s \u00e0 Internet.<\/li>\n<\/ul>\n\n\n\n<div style=\"height:20px\" aria-hidden=\"true\" class=\"wp-block-spacer\"><\/div>\n\n\n\n<h3 class=\"wp-block-heading has-32-font-size\">Crit\u00e8res d\u2019\u00e9ligibilit\u00e9 <strong>&nbsp;<\/strong><\/h3>\n\n\n\n<div style=\"height:20px\" aria-hidden=\"true\" class=\"wp-block-spacer\"><\/div>\n\n\n\n<ul class=\"wp-block-list\">\n<li>Les Chapitres et les SIG de l\u2019Internet Society en r\u00e8gle (y compris le pr\u00e9-renouvellement) pourraient poser leur candidature, et devaient r\u00e9pondre les exigences minimales des Chapitres, tel qu\u2019\u00e9nonc\u00e9 dans&nbsp;<a href=\"https:\/\/www.internetsociety.org\/chapters\/start\/application\/chapter-charter\/\">la chartre du Chapitre<\/a>.<\/li>\n\n\n\n<li>Les candidatures des Chapitres en cours de renouvellement&nbsp;n&rsquo;ont pu \u00eatre prises en compte.<\/li>\n\n\n\n<li>Les SIG pouvaient postuler leur candidature pour des projets, de pr\u00e9f\u00e9rence en collaboration avec&nbsp;<a href=\"https:\/\/www.internetsociety.org\/fr\/chapters\/#find-your-chapter\">un Chapitre local<\/a>, et devaient avoir les r\u00f4les et les responsabilit\u00e9s d\u00e9finis via un M\u00e9morandum de compr\u00e9hension, pr\u00e9sent\u00e9 en m\u00eame temps que la candidature du Chapitre. Si le projet \u00e9tait approuv\u00e9, le Chapitre \u00e9tait responsable des fonds et devait rendre compte de l\u2019\u00e9volution du projet et des r\u00e9sultats obtenus.<\/li>\n\n\n\n<li>Pour \u00eatre \u00e9ligibles aux bourses 2019, les Chapitres et les SIG devaient avoir soumis les rapports de financement des ann\u00e9es pr\u00e9c\u00e9dentes requis.<\/li>\n\n\n\n<li>Les fonds de l&rsquo;Internet Society ne pouvaient \u00eatre allou\u00e9s qu&rsquo;aux chapitres ayant un compte bancaire officiel \u00e0 leur nom.<\/li>\n\n\n\n<li>Le Chapterthon&nbsp;est un programme de financement pour les Chapitres. Les membres des Chapitres ont d\u00fb travailler avec leurs dirigeants pour mener \u00e0 bien leurs projets.<\/li>\n<\/ul>\n\n\n\n<div style=\"height:20px\" aria-hidden=\"true\" class=\"wp-block-spacer\"><\/div>\n\n\n\n<h3 class=\"wp-block-heading has-32-font-size\">Financement <\/h3>\n\n\n\n<div style=\"height:20px\" aria-hidden=\"true\" class=\"wp-block-spacer\"><\/div>\n\n\n\n<p>Chaque projet a re\u00e7u un financement jusqu\u2019\u00e0 hauteur de 2,000 USD et les participants ont eu deux mois pour r\u00e9aliser le projet.<\/p>\n\n\n\n<div style=\"height:30px\" aria-hidden=\"true\" class=\"wp-block-spacer\"><\/div>\n\n\n\n<h2 class=\"wp-block-heading has-text-align-left has-depth-green-color has-text-color has-48-font-size\" id=\"timeline\">Informations suppl\u00e9mentaires  <\/h2>\n\n\n\n<div style=\"height:30px\" aria-hidden=\"true\" class=\"wp-block-spacer\"><\/div>\n\n\n\n<ul class=\"wp-block-list\">\n<li><a href=\"https:\/\/www.internetsociety.org\/fr\/become-a-member\/\">Devenir membre<\/a><\/li>\n\n\n\n<li><a href=\"https:\/\/www.internetsociety.org\/tag\/community-networks\/\">Rejoindre un&nbsp;<\/a><a href=\"https:\/\/www.internetsociety.org\/fr\/chapters\/\">Chapitre<\/a>&nbsp;ou un&nbsp;<a href=\"https:\/\/www.internetsociety.org\/sigs\/\">Groupes de l\u2019int\u00e9r\u00eat sp\u00e9cial<\/a><\/li>\n\n\n\n<li><a href=\"https:\/\/www.internetsociety.org\/tag\/community-networks\/\">D\u00e9couvrir comment aider \u00e0&nbsp;<\/a><a href=\"\/?cat_ID=29\">connecter le monde<\/a><\/li>\n\n\n\n<li><a href=\"https:\/\/www.internetsociety.org\/tag\/community-networks\/\">En savoir plus sur les&nbsp;<\/a><a href=\"https:\/\/www.internetsociety.org\/fr\/issues\/reseaux-communautaires\/\">r\u00e9seaux communautaires<\/a><\/li>\n<\/ul>\n\n\n\n<div style=\"height:20px\" aria-hidden=\"true\" class=\"wp-block-spacer\"><\/div>\n\n\n\n<h3 class=\"wp-block-heading has-32-font-size\">Questions?<\/h3>\n\n\n\n<div style=\"height:20px\" aria-hidden=\"true\" class=\"wp-block-spacer\"><\/div>\n\n\n\n<ul class=\"wp-block-list\">\n<li>Si vous avez des questions sur ce programme ou sur le processus de candidature, veuillez contacter <a href=\"mailto:chapter-support@isoc.org\">chapter-support@isoc.org<\/a>.<\/li>\n<\/ul>\n<\/div>\n<\/div><\/section>\n\n\n\n<p class=\"has-text-align-center has-white-color has-ground-navy-background-color has-text-color has-background has-12-font-size\">Cr\u00e9dit d\u2019image:<em>&nbsp;\u00a9<\/em> Internet Society \/ Nyani Quarmyne \/ Panos Pictures <\/p>\n","protected":false},"excerpt":{"rendered":"<p>En 2019, les projets des chapitres ont aid\u00e9 \u00e0 connecter les non-connect\u00e9s \u2014 parce que toutes les personnes dans le monde s\u2019inscrivent dans la logique d\u2019un Internet pour \u00ab tous \u00bb.<\/p>\n","protected":false},"author":11,"featured_media":102021,"parent":0,"menu_order":0,"comment_status":"closed","ping_status":"closed","template":"page-wide.php","meta":{"_acf_changed":false,"_uag_custom_page_level_css":"","footnotes":""},"categories":[5695],"tags":[],"region_news_regions":[],"content_category":[],"ppma_author":[5657],"class_list":["post-158217","page","type-page","status-publish","has-post-thumbnail","hentry","category-communaute"],"acf":[],"uagb_featured_image_src":{"full":["https:\/\/www.internetsociety.org\/wp-content\/uploads\/2019\/06\/Community-Networks-Murambinda-Zimbabwe-August-2018.jpg",1396,796,false],"thumbnail":["https:\/\/www.internetsociety.org\/wp-content\/uploads\/2019\/06\/Community-Networks-Murambinda-Zimbabwe-August-2018-150x150.jpg",150,150,true],"medium":["https:\/\/www.internetsociety.org\/wp-content\/uploads\/2019\/06\/Community-Networks-Murambinda-Zimbabwe-August-2018-450x257.jpg",450,257,true],"medium_large":["https:\/\/www.internetsociety.org\/wp-content\/uploads\/2019\/06\/Community-Networks-Murambinda-Zimbabwe-August-2018-768x438.jpg",768,438,true],"large":["https:\/\/www.internetsociety.org\/wp-content\/uploads\/2019\/06\/Community-Networks-Murambinda-Zimbabwe-August-2018-1024x584.jpg",1024,584,true],"1536x1536":["https:\/\/www.internetsociety.org\/wp-content\/uploads\/2019\/06\/Community-Networks-Murambinda-Zimbabwe-August-2018.jpg",1396,796,false],"2048x2048":["https:\/\/www.internetsociety.org\/wp-content\/uploads\/2019\/06\/Community-Networks-Murambinda-Zimbabwe-August-2018.jpg",1396,796,false],"post-thumbnail":["https:\/\/www.internetsociety.org\/wp-content\/uploads\/2019\/06\/Community-Networks-Murambinda-Zimbabwe-August-2018-250x143.jpg",250,143,true],"square":["https:\/\/www.internetsociety.org\/wp-content\/uploads\/2019\/06\/Community-Networks-Murambinda-Zimbabwe-August-2018-600x600.jpg",600,600,true],"gform-image-choice-sm":["https:\/\/www.internetsociety.org\/wp-content\/uploads\/2019\/06\/Community-Networks-Murambinda-Zimbabwe-August-2018.jpg",300,171,false],"gform-image-choice-md":["https:\/\/www.internetsociety.org\/wp-content\/uploads\/2019\/06\/Community-Networks-Murambinda-Zimbabwe-August-2018.jpg",400,228,false],"gform-image-choice-lg":["https:\/\/www.internetsociety.org\/wp-content\/uploads\/2019\/06\/Community-Networks-Murambinda-Zimbabwe-August-2018.jpg",600,342,false]},"uagb_author_info":{"display_name":"Internet Society","author_link":"https:\/\/www.internetsociety.org\/fr\/author\/isoc\/"},"uagb_comment_info":0,"uagb_excerpt":"En 2019, les projets des chapitres ont aid\u00e9 \u00e0 connecter les non-connect\u00e9s \u2014 parce que toutes les personnes dans le monde s\u2019inscrivent dans la logique d\u2019un Internet pour \u00ab tous \u00bb.","_links":{"self":[{"href":"https:\/\/www.internetsociety.org\/fr\/wp-json\/wp\/v2\/pages\/158217","targetHints":{"allow":["GET"]}}],"collection":[{"href":"https:\/\/www.internetsociety.org\/fr\/wp-json\/wp\/v2\/pages"}],"about":[{"href":"https:\/\/www.internetsociety.org\/fr\/wp-json\/wp\/v2\/types\/page"}],"author":[{"embeddable":true,"href":"https:\/\/www.internetsociety.org\/fr\/wp-json\/wp\/v2\/users\/11"}],"replies":[{"embeddable":true,"href":"https:\/\/www.internetsociety.org\/fr\/wp-json\/wp\/v2\/comments?post=158217"}],"version-history":[{"count":0,"href":"https:\/\/www.internetsociety.org\/fr\/wp-json\/wp\/v2\/pages\/158217\/revisions"}],"wp:featuredmedia":[{"embeddable":true,"href":"https:\/\/www.internetsociety.org\/fr\/wp-json\/wp\/v2\/media\/102021"}],"wp:attachment":[{"href":"https:\/\/www.internetsociety.org\/fr\/wp-json\/wp\/v2\/media?parent=158217"}],"wp:term":[{"taxonomy":"category","embeddable":true,"href":"https:\/\/www.internetsociety.org\/fr\/wp-json\/wp\/v2\/categories?post=158217"},{"taxonomy":"post_tag","embeddable":true,"href":"https:\/\/www.internetsociety.org\/fr\/wp-json\/wp\/v2\/tags?post=158217"},{"taxonomy":"region_news_regions","embeddable":true,"href":"https:\/\/www.internetsociety.org\/fr\/wp-json\/wp\/v2\/region_news_regions?post=158217"},{"taxonomy":"content_category","embeddable":true,"href":"https:\/\/www.internetsociety.org\/fr\/wp-json\/wp\/v2\/content_category?post=158217"},{"taxonomy":"author","embeddable":true,"href":"https:\/\/www.internetsociety.org\/fr\/wp-json\/wp\/v2\/ppma_author?post=158217"}],"curies":[{"name":"wp","href":"https:\/\/api.w.org\/{rel}","templated":true}]}}