{"id":158187,"date":"2021-11-29T19:09:42","date_gmt":"2021-11-29T19:09:42","guid":{"rendered":"https:\/\/www.internetsociety.org\/?page_id=158187"},"modified":"2023-07-12T10:25:00","modified_gmt":"2023-07-12T10:25:00","slug":"chapterthon-2017","status":"publish","type":"page","link":"https:\/\/www.internetsociety.org\/fr\/grants\/chapterthon\/2017\/","title":{"rendered":"Chapterthon 2017"},"content":{"rendered":"\n<div class=\"wp-block-cover is-light\" style=\"min-height:400px;aspect-ratio:unset;\"><span aria-hidden=\"true\" class=\"wp-block-cover__background has-background-dim-0 has-background-dim\"><\/span><img loading=\"lazy\" decoding=\"async\" width=\"1280\" height=\"516\" class=\"wp-block-cover__image-background wp-image-158668\" alt=\"une fille avec des s\u0153urs de codage signe \u00e0 c\u00f4t\u00e9 d'elle\" src=\"https:\/\/www.internetsociety.org\/wp-content\/uploads\/2021\/11\/chapterthon2017-winner.png\" data-object-fit=\"cover\" srcset=\"https:\/\/www.internetsociety.org\/wp-content\/uploads\/2021\/11\/chapterthon2017-winner.png 1280w, https:\/\/www.internetsociety.org\/wp-content\/uploads\/2021\/11\/chapterthon2017-winner-450x181.png 450w, https:\/\/www.internetsociety.org\/wp-content\/uploads\/2021\/11\/chapterthon2017-winner-1024x413.png 1024w, https:\/\/www.internetsociety.org\/wp-content\/uploads\/2021\/11\/chapterthon2017-winner-768x310.png 768w, https:\/\/www.internetsociety.org\/wp-content\/uploads\/2021\/11\/chapterthon2017-winner-250x101.png 250w\" sizes=\"auto, (max-width: 1280px) 100vw, 1280px\" \/><div class=\"wp-block-cover__inner-container is-layout-flow wp-block-cover-is-layout-flow\">\n<p class=\"has-large-font-size\"><\/p>\n<\/div><\/div>\n\n\n\n<section class=\"wp-block-uagb-columns uagb-columns__wrap uagb-columns__background-color uagb-columns__stack-mobile uagb-columns__valign- uagb-columns__gap-10 align uagb-block-4a3adfec uagb-columns__columns-2 uagb-columns__max_width-theme\"><div class=\"uagb-columns__overlay\"><\/div><div class=\"uagb-columns__inner-wrap uagb-columns__columns-2\">\n<div class=\"wp-block-uagb-column uagb-column__wrap uagb-column__background-color uagb-block-55b8c4bc\"><div class=\"uagb-column__overlay\"><\/div>\n<div style=\"height:40px\" aria-hidden=\"true\" class=\"wp-block-spacer\"><\/div>\n\n\n\n<figure class=\"wp-block-embed is-type-video is-provider-youtube wp-block-embed-youtube wp-embed-aspect-16-9 wp-has-aspect-ratio\"><div class=\"wp-block-embed__wrapper\">\n<iframe loading=\"lazy\" title=\"Chapterthon 2017 - Coding Sisters\" width=\"500\" height=\"281\" src=\"https:\/\/www.youtube.com\/embed\/DZZt7YMS7fA?feature=oembed\" frameborder=\"0\" allow=\"accelerometer; autoplay; clipboard-write; encrypted-media; gyroscope; picture-in-picture; web-share\" referrerpolicy=\"strict-origin-when-cross-origin\" allowfullscreen><\/iframe>\n<\/div><\/figure>\n<\/div>\n\n\n\n<div class=\"wp-block-uagb-column uagb-column__wrap uagb-column__background-undefined uagb-block-3a269a52\"><div class=\"uagb-column__overlay\"><\/div>\n<div style=\"height:40px\" aria-hidden=\"true\" class=\"wp-block-spacer\"><\/div>\n\n\n\n<h1 class=\"wp-block-heading has-text-align-left has-depth-green-color has-text-color\">Chapterthon 2017: Ecoles Num\u00e9riques<\/h1>\n\n\n\n<div style=\"height:30px\" aria-hidden=\"true\" class=\"wp-block-spacer\"><\/div>\n\n\n\n<h2 class=\"wp-block-heading has-depth-green-color has-text-color has-48-font-size\">Gagnantes <\/h2>\n\n\n\n<div style=\"height:30px\" aria-hidden=\"true\" class=\"wp-block-spacer\"><\/div>\n\n\n\n<p>Trente Chapitres ont travaill\u00e9 ensemble autour des projets du d\u00e9veloppement de l\u2019\u00e9ducation et de l\u2019Internet dans leurs r\u00e9gions. Connecter les \u00e9coles \u00e0 Internet, enseigner le codage aux filles, former les enseignants et les parents, sensibiliser \u00e0 l&rsquo;utilisation s\u00fbre d&rsquo;Internet, d\u00e9velopper une plate-forme en ligne pour une \u00e9cole et aider \u00e0 cr\u00e9er du contenu \u00e9ducatif et local ne sont que quelques exemples du travail incroyable nos chapitres ont fait.<\/p>\n\n\n\n<p>Chaque projet a d\u00e9montr\u00e9 une fois de plus qu\u2019Internet joue un r\u00f4le important dans la r\u00e9alisation de l\u2019objectif de d\u00e9veloppement durable en mati\u00e8re d\u2019\u00e9ducation. Chaque projet a contribu\u00e9 \u00e0 fa\u00e7onner l\u2019avenir des enfants, des parents et des enseignants.<\/p>\n\n\n\n<p class=\"has-green-color has-text-color\">Tous les projets ont marqu\u00e9 d\u2019une fa\u00e7on importante les \u00e9coles locales, les membres de la communaut\u00e9 Internet Society ont vot\u00e9 et s\u00e9lectionn\u00e9 celui qui \u00e9tait le meilleur. Le laur\u00e9at du Chapterthon 2017 est l\u2019Internet Society Turkey Chapter pour le projet Coding Sisters, qui avait pour but d\u2019am\u00e9liorer les opportunit\u00e9s pour les filles qui voudraient s\u2019impliquer dans le domaine des STEM.<\/p>\n\n\n\n<div style=\"height:10px\" aria-hidden=\"true\" class=\"wp-block-spacer\"><\/div>\n\n\n\n<div class=\"wp-block-buttons is-vertical is-layout-flex wp-container-core-buttons-is-layout-8cf370e7 wp-block-buttons-is-layout-flex\">\n<div class=\"wp-block-button is-style-fill\"><a class=\"wp-block-button__link has-neutral-white-color has-depth-green-background-color has-text-color has-background wp-element-button\" href=\"https:\/\/www.internetsociety.org\/fr\/grants\/chapterthon\/2017\/projects\/\"> Voyez les projets <\/a><\/div>\n<\/div>\n\n\n\n<div style=\"height:30px\" aria-hidden=\"true\" class=\"wp-block-spacer\"><\/div>\n\n\n\n<h2 class=\"wp-block-heading has-depth-green-color has-text-color has-48-font-size\">Le Chapterthon \u00ab\u00c9coles du num\u00e9rique!\u00bb est le laur\u00e9at du Prix du SMSI 2018 <\/h2>\n\n\n\n<div style=\"height:30px\" aria-hidden=\"true\" class=\"wp-block-spacer\"><\/div>\n\n\n\n<p>Le Chapterthon 2017 a remport\u00e9 le Prix du SMSI 2018 pour la cat\u00e9gorie C11: Coop\u00e9ration internationale et r\u00e9gionale.&nbsp;<a href=\"https:\/\/www.itu.int\/net4\/wsis\/prizes\/2018\/\" target=\"_blank\" rel=\"noreferrer noopener\">WSIS Prizes<\/a>&nbsp;est un concours international unique d\u00e9velopp\u00e9 pour pr\u00e9senter les projets qui met en valeur des TIC pour atteindre les ODD des Nations Unies, 17 objectifs mondiaux d\u00e9di\u00e9s \u00e0 la construction d\u2019un monde meilleur d\u2019ici 2030. <\/p>\n\n\n\n<p>30 Chapitres de Internet Society, dont les sections de toutes les r\u00e9gions ont travaill\u00e9 dur pour \u00e9tendre les avantages de l\u2019utilisation d\u2019Internet dans l\u2019\u00e9ducation \u00e0 leurs communaut\u00e9s. Connecter les \u00e9coles \u00e0 Internet, enseigner le codage aux filles, former les enseignants et les parents, sensibiliser \u00e0 l\u2019utilisation s\u00fbre de l\u2019Internet, d\u00e9velopper une plateforme en ligne pour une \u00e9cole et aider \u00e0 cr\u00e9er du contenu \u00e9ducatif et local ce n\u2019est que quelques exemples du extraordinaire travail de nos Chapitres.<\/p>\n<\/div>\n<\/div><\/section>\n\n\n\n<section class=\"wp-block-uagb-columns uagb-columns__wrap uagb-columns__background-color uagb-columns__stack-mobile uagb-columns__valign- uagb-columns__gap-10 align uagb-block-353a1609 uagb-columns__columns-2 uagb-columns__max_width-theme\"><div class=\"uagb-columns__overlay\"><\/div><div class=\"uagb-columns__inner-wrap uagb-columns__columns-2\">\n<div class=\"wp-block-uagb-column uagb-column__wrap uagb-column__background-color uagb-block-04509898\"><div class=\"uagb-column__overlay\"><\/div>\n<section class=\"wp-block-uagb-columns uagb-columns__wrap uagb-columns__background-image uagb-columns__stack-mobile uagb-columns__valign- uagb-columns__gap-10 align uagb-block-f2a923f4 uagb-columns__columns-1 uagb-columns__max_width-theme background-image-fallback-black\"><div class=\"uagb-columns__overlay\"><\/div><div class=\"uagb-columns__inner-wrap uagb-columns__columns-1\">\n<div class=\"wp-block-uagb-column uagb-column__wrap uagb-column__background-undefined uagb-block-dc57f017\"><div class=\"uagb-column__overlay\"><\/div>\n<p class=\"has-neutral-white-color has-text-color\">Un Chapterthon est un concours mondial des Chapitres locaux de l\u2019Internet Society, o\u00f9 tous les Chapitres locaux de l\u2019Internet Society peuvent participer en \u00e9laborant un projet avec un m\u00eame calendrier et un m\u00eame budget afin d\u2019atteindre un objectif commun pour le d\u00e9veloppement de l\u2019\u00e9ducation et de l\u2019Internet. Une fois le projet finalis\u00e9, le meilleur projet re\u00e7oit un prix.<\/p>\n<\/div>\n<\/div><\/section>\n<\/div>\n\n\n\n<div class=\"wp-block-uagb-column uagb-column__wrap uagb-column__background-undefined uagb-block-24146f28\"><div class=\"uagb-column__overlay\"><\/div>\n<h2 class=\"wp-block-heading has-depth-green-color has-text-color has-48-font-size\">Qu\u2019est-ce qu\u2019un Chapterthon? <\/h2>\n\n\n\n<div style=\"height:30px\" aria-hidden=\"true\" class=\"wp-block-spacer\"><\/div>\n\n\n\n<p>L\u2019Internet Society cherche \u00e0 am\u00e9liorer la qualit\u00e9 de vie des gens dans toutes les parties du monde en leur fournissant un v\u00e9ritable acc\u00e8s \u00e0 un Internet ouvert, fiable et mondial. L\u2019adoption des 17 objectifs de d\u00e9veloppement durable (SDG) par les Nations Unies le 17 septembre 2015 nous a donn\u00e9 un cadre clair pour accro\u00eetre nos efforts de d\u00e9veloppement et renforcer notre engagement pour apporter \u00e0 tous les avantages d\u2019un Internet globalement connect\u00e9.<\/p>\n\n\n\n<p>Nous avons toujours vu Internet comme un vecteur cl\u00e9 du d\u00e9veloppement durable et nous croyons que l\u2019acc\u00e8s \u00e0 l\u2019Internet aidera \u00e0 acc\u00e9l\u00e9rer la r\u00e9alisation de tous les SDG.<\/p>\n\n\n\n<p>Pour le rendre r\u00e9el et pour montrer l\u2019impact d\u2019Internet dans la r\u00e9alisation des SDG, nous voulons aider nos Chapitres locaux \u00e0 prendre le virage d\u2019un SDG, en particulier le SDG4 \u2013 Assurer une \u00e9ducation inclusive et \u00e9quitable de qualit\u00e9 et promouvoir des possibilit\u00e9s d\u2019apprentissage tout au long de la vie pour tous.<\/p>\n\n\n\n<p>Pour 2017, le th\u00e8me est l\u2019\u00e9ducation et l\u2019Internet. Les projets doivent correspondre \u00e0 l\u2019une des cat\u00e9gories suivantes: <\/p>\n\n\n\n<ul class=\"wp-block-list\">\n<li>Culture num\u00e9rique<\/li>\n\n\n\n<li>Empreinte num\u00e9rique<\/li>\n\n\n\n<li>Codage d\u2019\u00e9v\u00e9nements<\/li>\n\n\n\n<li>Conf\u00e9rences en ligne<\/li>\n\n\n\n<li>Formation de gens dans votre communaut\u00e9<\/li>\n\n\n\n<li>D\u00e9veloppement de la connectivit\u00e9 d\u2019une \u00e9cole ou d\u2019un \u00e9tablissement d\u2019enseignement<\/li>\n<\/ul>\n<\/div>\n<\/div><\/section>\n","protected":false},"excerpt":{"rendered":"<p>Trente Chapitres ont travaill\u00e9 ensemble autour des projets du d\u00e9veloppement de l\u2019\u00e9ducation et de l\u2019Internet dans leurs r\u00e9gions.<\/p>\n","protected":false},"author":11,"featured_media":158668,"parent":0,"menu_order":0,"comment_status":"closed","ping_status":"closed","template":"page-wide.php","meta":{"_acf_changed":false,"_uag_custom_page_level_css":"","footnotes":""},"categories":[5695],"tags":[],"region_news_regions":[],"content_category":[],"ppma_author":[5657],"class_list":["post-158187","page","type-page","status-publish","has-post-thumbnail","hentry","category-communaute"],"acf":[],"uagb_featured_image_src":{"full":["https:\/\/www.internetsociety.org\/wp-content\/uploads\/2021\/11\/chapterthon2017-winner.png",1280,516,false],"thumbnail":["https:\/\/www.internetsociety.org\/wp-content\/uploads\/2021\/11\/chapterthon2017-winner-150x150.png",150,150,true],"medium":["https:\/\/www.internetsociety.org\/wp-content\/uploads\/2021\/11\/chapterthon2017-winner-450x181.png",450,181,true],"medium_large":["https:\/\/www.internetsociety.org\/wp-content\/uploads\/2021\/11\/chapterthon2017-winner-768x310.png",768,310,true],"large":["https:\/\/www.internetsociety.org\/wp-content\/uploads\/2021\/11\/chapterthon2017-winner-1024x413.png",1024,413,true],"1536x1536":["https:\/\/www.internetsociety.org\/wp-content\/uploads\/2021\/11\/chapterthon2017-winner.png",1280,516,false],"2048x2048":["https:\/\/www.internetsociety.org\/wp-content\/uploads\/2021\/11\/chapterthon2017-winner.png",1280,516,false],"post-thumbnail":["https:\/\/www.internetsociety.org\/wp-content\/uploads\/2021\/11\/chapterthon2017-winner-250x101.png",250,101,true],"square":["https:\/\/www.internetsociety.org\/wp-content\/uploads\/2021\/11\/chapterthon2017-winner-600x516.png",600,516,true],"gform-image-choice-sm":["https:\/\/www.internetsociety.org\/wp-content\/uploads\/2021\/11\/chapterthon2017-winner.png",300,121,false],"gform-image-choice-md":["https:\/\/www.internetsociety.org\/wp-content\/uploads\/2021\/11\/chapterthon2017-winner.png",400,161,false],"gform-image-choice-lg":["https:\/\/www.internetsociety.org\/wp-content\/uploads\/2021\/11\/chapterthon2017-winner.png",600,242,false]},"uagb_author_info":{"display_name":"Internet Society","author_link":"https:\/\/www.internetsociety.org\/fr\/author\/isoc\/"},"uagb_comment_info":0,"uagb_excerpt":"Trente Chapitres ont travaill\u00e9 ensemble autour des projets du d\u00e9veloppement de l\u2019\u00e9ducation et de l\u2019Internet dans leurs r\u00e9gions.","_links":{"self":[{"href":"https:\/\/www.internetsociety.org\/fr\/wp-json\/wp\/v2\/pages\/158187","targetHints":{"allow":["GET"]}}],"collection":[{"href":"https:\/\/www.internetsociety.org\/fr\/wp-json\/wp\/v2\/pages"}],"about":[{"href":"https:\/\/www.internetsociety.org\/fr\/wp-json\/wp\/v2\/types\/page"}],"author":[{"embeddable":true,"href":"https:\/\/www.internetsociety.org\/fr\/wp-json\/wp\/v2\/users\/11"}],"replies":[{"embeddable":true,"href":"https:\/\/www.internetsociety.org\/fr\/wp-json\/wp\/v2\/comments?post=158187"}],"version-history":[{"count":0,"href":"https:\/\/www.internetsociety.org\/fr\/wp-json\/wp\/v2\/pages\/158187\/revisions"}],"wp:featuredmedia":[{"embeddable":true,"href":"https:\/\/www.internetsociety.org\/fr\/wp-json\/wp\/v2\/media\/158668"}],"wp:attachment":[{"href":"https:\/\/www.internetsociety.org\/fr\/wp-json\/wp\/v2\/media?parent=158187"}],"wp:term":[{"taxonomy":"category","embeddable":true,"href":"https:\/\/www.internetsociety.org\/fr\/wp-json\/wp\/v2\/categories?post=158187"},{"taxonomy":"post_tag","embeddable":true,"href":"https:\/\/www.internetsociety.org\/fr\/wp-json\/wp\/v2\/tags?post=158187"},{"taxonomy":"region_news_regions","embeddable":true,"href":"https:\/\/www.internetsociety.org\/fr\/wp-json\/wp\/v2\/region_news_regions?post=158187"},{"taxonomy":"content_category","embeddable":true,"href":"https:\/\/www.internetsociety.org\/fr\/wp-json\/wp\/v2\/content_category?post=158187"},{"taxonomy":"author","embeddable":true,"href":"https:\/\/www.internetsociety.org\/fr\/wp-json\/wp\/v2\/ppma_author?post=158187"}],"curies":[{"name":"wp","href":"https:\/\/api.w.org\/{rel}","templated":true}]}}