{"id":158170,"date":"2021-11-15T18:49:21","date_gmt":"2021-11-15T18:49:21","guid":{"rendered":"https:\/\/www.internetsociety.org\/?page_id=158170"},"modified":"2025-04-30T12:54:02","modified_gmt":"2025-04-30T12:54:02","slug":"shaping-future-of-the-internet","status":"publish","type":"page","link":"https:\/\/www.internetsociety.org\/fr\/shaping-future-of-the-internet\/","title":{"rendered":"D\u00e9veloppez votre potentiel en tant que Champion de l\u2019Internet. Pour tous."},"content":{"rendered":"\n<section class=\"wp-block-uagb-columns uagb-columns__wrap uagb-columns__background-image uagb-columns__stack-mobile uagb-columns__valign- uagb-columns__gap-10 align uagb-block-d6a40f3e uagb-columns__columns-1 uagb-columns__max_width-theme background-image-fallback-black uag-hide-tab uag-hide-mob\"><div class=\"uagb-columns__overlay\"><\/div><div class=\"uagb-columns__inner-wrap uagb-columns__columns-1\">\n<div class=\"wp-block-uagb-column uagb-column__wrap uagb-column__background-undefined uagb-block-87a6a79b\"><div class=\"uagb-column__overlay\"><\/div>\n<h1 class=\"wp-block-heading has-neutral-white-color has-text-color\">D\u00e9veloppez votre potentiel <br>en tant que Champion de l\u2019Internet. <br>Pour tous.<\/h1>\n<\/div>\n<\/div><\/section>\n\n\n\n<div class=\"wp-block-columns uag-hide-desktop is-layout-flex wp-container-core-columns-is-layout-9d6595d7 wp-block-columns-is-layout-flex\">\n<div class=\"wp-block-column uag-hide-mob is-layout-flow wp-block-column-is-layout-flow\" style=\"flex-basis:10%\"><\/div>\n\n\n\n<div class=\"wp-block-column is-layout-flow wp-block-column-is-layout-flow\" style=\"flex-basis:80%\">\n<div style=\"height:30px\" aria-hidden=\"true\" class=\"wp-block-spacer\"><\/div>\n\n\n\n<h1 class=\"wp-block-heading has-text-align-left\">D\u00e9veloppez votre potentiel en tant que Champion de l\u2019Internet. Pour tous.<\/h1>\n\n\n\n<div style=\"height:30px\" aria-hidden=\"true\" class=\"wp-block-spacer\"><\/div>\n\n\n\n<figure class=\"wp-block-image size-large\"><img loading=\"lazy\" decoding=\"async\" width=\"1172\" height=\"659\" src=\"https:\/\/www.internetsociety.org\/wp-content\/uploads\/2021\/11\/170917_IS-4-e1704801138448.jpg\" alt=\"A young woman talking to a man turned with his back\" class=\"wp-image-156613\" srcset=\"https:\/\/www.internetsociety.org\/wp-content\/uploads\/2021\/11\/170917_IS-4-e1704801138448.jpg 1172w, https:\/\/www.internetsociety.org\/wp-content\/uploads\/2021\/11\/170917_IS-4-e1704801138448-450x253.jpg 450w, https:\/\/www.internetsociety.org\/wp-content\/uploads\/2021\/11\/170917_IS-4-e1704801138448-1024x576.jpg 1024w, https:\/\/www.internetsociety.org\/wp-content\/uploads\/2021\/11\/170917_IS-4-e1704801138448-768x432.jpg 768w, https:\/\/www.internetsociety.org\/wp-content\/uploads\/2021\/11\/170917_IS-4-e1704801138448-250x141.jpg 250w\" sizes=\"auto, (max-width: 1172px) 100vw, 1172px\" \/><\/figure>\n<\/div>\n\n\n\n<div class=\"wp-block-column uag-hide-mob is-layout-flow wp-block-column-is-layout-flow\" style=\"flex-basis:10%\"><\/div>\n<\/div>\n\n\n\n<div class=\"wp-block-columns is-layout-flex wp-container-core-columns-is-layout-9d6595d7 wp-block-columns-is-layout-flex\">\n<div class=\"wp-block-column is-layout-flow wp-block-column-is-layout-flow\" style=\"flex-basis:10%\"><\/div>\n\n\n\n<div class=\"wp-block-column is-layout-flow wp-block-column-is-layout-flow\" style=\"flex-basis:80%\">\n<div style=\"height:40px\" aria-hidden=\"true\" class=\"wp-block-spacer uag-hide-mob\"><\/div>\n\n\n\n<h2 class=\"wp-block-heading has-accent-purple-color has-text-color has-48-font-size\">L&rsquo;avenir d&rsquo;Internet est entre vos mains. Nos programmes sont con\u00e7us pour vous donner les outils n\u00e9cessaires \u00e0 votre succ\u00e8s.<\/h2>\n\n\n\n<div style=\"height:40px\" aria-hidden=\"true\" class=\"wp-block-spacer\"><\/div>\n\n\n\n<p class=\"has-18-font-size\">Internet s&rsquo;est \u00e9panoui gr\u00e2ce \u00e0 la communaut\u00e9 d&rsquo;individus qui a \u0153uvr\u00e9 sans rel\u00e2che \u00e0 son d\u00e9veloppement. Internet, m\u00eame s&rsquo;il continue \u00e0 se d\u00e9velopper et \u00e0 \u00e9voluer au quotidien, est confront\u00e9 \u00e0 de nombreuses menaces et \u00e0 de nombreux d\u00e9fis. C&rsquo;est pourquoi nous avons d\u00e9velopp\u00e9 une gamme de programmes pour vous aider \u00e0 fa\u00e7onner l&rsquo;avenir d&rsquo;Internet. <\/p>\n\n\n\n<p class=\"has-18-font-size\">Nos programmes :<\/p>\n\n\n\n<ul class=\"wp-block-list has-18-font-size\">\n<li>\u00c9largiront vos connaissances.<\/li>\n\n\n\n<li>Vous donneront les connaissances, les comp\u00e9tences et les aptitudes n\u00e9cessaires pour devenir un leader d&rsquo;Internet.<\/li>\n\n\n\n<li>Acc\u00e9l\u00e9reront votre carri\u00e8re.<\/li>\n\n\n\n<li>Vous donneront acc\u00e8s aux principaux penseurs et organisations d&rsquo;Internet d&rsquo;aujourd&rsquo;hui.<\/li>\n\n\n\n<li>Vous permettront de diriger des projets qui vous donneront une exp\u00e9rience pratique tout en faisant progresser l&rsquo;Internet mondial.<\/li>\n<\/ul>\n<\/div>\n\n\n\n<div class=\"wp-block-column is-layout-flow wp-block-column-is-layout-flow\" style=\"flex-basis:10%\"><\/div>\n<\/div>\n\n\n\n<div style=\"height:30px\" aria-hidden=\"true\" class=\"wp-block-spacer uag-hide-mob\"><\/div>\n\n\n\n<div class=\"wp-block-columns margin-bottom-0 has-neutral-white-background-color has-background is-layout-flex wp-container-core-columns-is-layout-9d6595d7 wp-block-columns-is-layout-flex\">\n<div class=\"wp-block-column is-layout-flow wp-block-column-is-layout-flow\" style=\"flex-basis:5.5%\"><\/div>\n\n\n\n<div class=\"wp-block-column is-layout-flow wp-block-column-is-layout-flow\" style=\"flex-basis:89%\">\n<div style=\"height:40px\" aria-hidden=\"true\" class=\"wp-block-spacer\"><\/div>\n\n\n\n<div class=\"wp-block-media-text alignwide has-media-on-the-right is-stacked-on-mobile is-vertically-aligned-top is-image-fill-element\" style=\"grid-template-columns:auto 33%\"><div class=\"wp-block-media-text__content\">\n<div style=\"height:20px\" aria-hidden=\"true\" class=\"wp-block-spacer\"><\/div>\n\n\n\n<div class=\"wp-block-uagb-info-box uagb-block-be6031fd uagb-infobox__content-wrap  uagb-infobox-icon-above-title uagb-infobox-image-valign-top\"><div class=\"uagb-ifb-content\"><div class=\"uagb-ifb-title-wrap\"><h3 class=\"uagb-ifb-title\">Rejoignez un r\u00e9seau mondial de leaders Internet<\/h3><\/div><p class=\"uagb-ifb-desc\">Obtenir votre dipl\u00f4me dans l&rsquo;un de nos programmes n&rsquo;est que le d\u00e9but de votre parcours. Le r\u00e9seau des anciens \u00e9l\u00e8ves de l&rsquo;Internet Society vous attendra ! Poursuivez votre croissance en tant que leader de l&rsquo;Internet en rejoignant une communaut\u00e9 d&rsquo;experts Internet influents. Laissez votre empreinte sur l&rsquo;avenir d&rsquo;un Internet ouvert, connect\u00e9 au niveau mondial, s\u00fbre et digne de confiance.<\/p><\/div><\/div>\n\n\n\n<div style=\"height:20px\" aria-hidden=\"true\" class=\"wp-block-spacer\"><\/div>\n\n\n\n<div class=\"wp-block-buttons is-vertical is-content-justification-left is-layout-flex wp-container-core-buttons-is-layout-c0ca7d81 wp-block-buttons-is-layout-flex\">\n<div class=\"wp-block-button is-style-fill\"><a class=\"wp-block-button__link has-neutral-white-color has-depth-green-background-color has-text-color has-background wp-element-button\" href=\"https:\/\/www.internetsociety.org\/fr\/shaping-future-of-the-internet\/alumni-network\/\">En savoir plus<\/a><\/div>\n<\/div>\n<\/div><figure class=\"wp-block-media-text__media\"><img loading=\"lazy\" decoding=\"async\" width=\"1000\" height=\"667\" src=\"https:\/\/www.internetsociety.org\/wp-content\/uploads\/2021\/11\/Medium-_DSC8616.jpg\" alt=\"Une photo d'une femme, participante \u00e0 une conf\u00e9rence\" class=\"wp-image-156617 size-large\" style=\"object-position:50% 50%\" srcset=\"https:\/\/www.internetsociety.org\/wp-content\/uploads\/2021\/11\/Medium-_DSC8616.jpg 1000w, https:\/\/www.internetsociety.org\/wp-content\/uploads\/2021\/11\/Medium-_DSC8616-450x300.jpg 450w, https:\/\/www.internetsociety.org\/wp-content\/uploads\/2021\/11\/Medium-_DSC8616-768x512.jpg 768w, https:\/\/www.internetsociety.org\/wp-content\/uploads\/2021\/11\/Medium-_DSC8616-250x167.jpg 250w\" sizes=\"auto, (max-width: 1000px) 100vw, 1000px\" \/><\/figure><\/div>\n\n\n\n<div style=\"height:40px\" aria-hidden=\"true\" class=\"wp-block-spacer\"><\/div>\n<\/div>\n\n\n\n<div class=\"wp-block-column is-layout-flow wp-block-column-is-layout-flow\" style=\"flex-basis:10%\"><\/div>\n<\/div>\n\n\n\n<div class=\"wp-block-columns is-layout-flex wp-container-core-columns-is-layout-9d6595d7 wp-block-columns-is-layout-flex\">\n<div class=\"wp-block-column is-layout-flow wp-block-column-is-layout-flow\" style=\"flex-basis:10%\"><\/div>\n\n\n\n<div class=\"wp-block-column is-layout-flow wp-block-column-is-layout-flow\" style=\"flex-basis:80%\">\n<div style=\"height:40px\" aria-hidden=\"true\" class=\"wp-block-spacer uag-hide-mob\"><\/div>\n\n\n\n<h3 class=\"wp-block-heading has-green-color has-text-color has-32-font-size uag-hide-tab uag-hide-mob\" id=\"fellowships\">Programmes que nous offrons<\/h3>\n\n\n\n<h3 class=\"wp-block-heading has-green-color has-text-color uag-hide-desktop\">Programmes que nous offrons<\/h3>\n\n\n\n<div style=\"height:30px\" aria-hidden=\"true\" class=\"wp-block-spacer\"><\/div>\n\n\n\n<p class=\"has-18-font-size\">Quelle que soit l\u2019\u00e9tape de votre carri\u00e8re, nous avons un programme pour vous. Que vous souhaitiez d\u00e9velopper de nouvelles comp\u00e9tences ou renforcer vos comp\u00e9tences actuelles, vous pourrez le faire tout en vous entourant d\u2019une communaut\u00e9 mondiale de leaders Internet partageant les m\u00eames id\u00e9es.<\/p>\n\n\n\n<p class=\"has-18-font-size\">Ce que vous choisissez de faire aujourd\u2019hui changera l\u2019Internet de demain.<\/p>\n<\/div>\n\n\n\n<div class=\"wp-block-column uag-hide-mob is-layout-flow wp-block-column-is-layout-flow\" style=\"flex-basis:10%\"><\/div>\n<\/div>\n\n\n\n<section class=\"wp-block-uagb-columns uagb-columns__wrap uagb-columns__background-color uagb-columns__stack-tablet uagb-columns__valign-top uagb-columns__gap-10 align uagb-block-0c8abc1f uagb-columns__columns-2 uagb-columns__max_width-theme\"><div class=\"uagb-columns__overlay\"><\/div><div class=\"uagb-columns__inner-wrap uagb-columns__columns-2\">\n<div class=\"wp-block-uagb-column uagb-column__wrap uagb-column__background-color uagb-block-c5cbb46e\"><div class=\"uagb-column__overlay\"><\/div>\n<figure class=\"wp-block-image size-full is-style-default margin-bottom-0 vertical-align-bottom\"><img loading=\"lazy\" decoding=\"async\" width=\"1350\" height=\"900\" src=\"https:\/\/www.internetsociety.org\/wp-content\/uploads\/2021\/03\/Day-1-197-min.jpg\" alt=\"a group of people looking at camera smiling\" class=\"wp-image-134860\" style=\"aspect-ratio:16\/9;object-fit:cover\" srcset=\"https:\/\/www.internetsociety.org\/wp-content\/uploads\/2021\/03\/Day-1-197-min.jpg 1350w, https:\/\/www.internetsociety.org\/wp-content\/uploads\/2021\/03\/Day-1-197-min-450x300.jpg 450w, https:\/\/www.internetsociety.org\/wp-content\/uploads\/2021\/03\/Day-1-197-min-1024x683.jpg 1024w, https:\/\/www.internetsociety.org\/wp-content\/uploads\/2021\/03\/Day-1-197-min-768x512.jpg 768w, https:\/\/www.internetsociety.org\/wp-content\/uploads\/2021\/03\/Day-1-197-min-250x167.jpg 250w\" sizes=\"auto, (max-width: 1350px) 100vw, 1350px\" \/><\/figure>\n\n\n\n<div style=\"height:20px\" aria-hidden=\"true\" class=\"wp-block-spacer\"><\/div>\n\n\n\n<div class=\"wp-block-uagb-info-box uagb-block-3bce8a59 uagb-infobox__content-wrap  uagb-infobox-icon-above-title uagb-infobox-image-valign-top\"><div class=\"uagb-ifb-content\"><div class=\"uagb-ifb-title-wrap\"><h4 class=\"uagb-ifb-title\">Programmes de Leadership<\/h4><\/div><p class=\"uagb-ifb-desc\">D\u00e9veloppez une perspective unique sur l\u2019Internet et dynamisez votre carri\u00e8re en tant que leader de l\u2019Internet. <br><br><a href=\"https:\/\/www.internetsociety.org\/fr\/fellowships\/early-career\/\">Programme de d\u00e9but de carri\u00e8re<\/a> <br><br><a href=\"https:\/\/www.internetsociety.org\/fr\/fellowships\/mid-career\/\">Bourses en milieu de carri\u00e8re<\/a><\/p><\/div><\/div>\n<\/div>\n\n\n\n<div class=\"wp-block-uagb-column uagb-column__wrap uagb-column__background-color uagb-block-74b7a2c7\"><div class=\"uagb-column__overlay\"><\/div>\n<figure class=\"wp-block-image size-full is-style-default margin-bottom-0 vertical-align-bottom\"><img loading=\"lazy\" decoding=\"async\" width=\"1280\" height=\"705\" src=\"https:\/\/www.internetsociety.org\/wp-content\/uploads\/2021\/10\/IETF-Hackathon-IETF95.jpg\" alt=\"three persons sit at a desk and discuss\" class=\"wp-image-151724\" style=\"aspect-ratio:16\/9;object-fit:cover\" srcset=\"https:\/\/www.internetsociety.org\/wp-content\/uploads\/2021\/10\/IETF-Hackathon-IETF95.jpg 1280w, https:\/\/www.internetsociety.org\/wp-content\/uploads\/2021\/10\/IETF-Hackathon-IETF95-450x248.jpg 450w, https:\/\/www.internetsociety.org\/wp-content\/uploads\/2021\/10\/IETF-Hackathon-IETF95-1024x564.jpg 1024w, https:\/\/www.internetsociety.org\/wp-content\/uploads\/2021\/10\/IETF-Hackathon-IETF95-768x423.jpg 768w, https:\/\/www.internetsociety.org\/wp-content\/uploads\/2021\/10\/IETF-Hackathon-IETF95-250x138.jpg 250w\" sizes=\"auto, (max-width: 1280px) 100vw, 1280px\" \/><\/figure>\n\n\n\n<div style=\"height:20px\" aria-hidden=\"true\" class=\"wp-block-spacer\"><\/div>\n\n\n\n<div class=\"wp-block-uagb-info-box uagb-block-db51008b uagb-infobox__content-wrap  uagb-infobox-icon-above-title uagb-infobox-image-valign-top\"><div class=\"uagb-ifb-content\"><div class=\"uagb-ifb-title-wrap\"><h4 class=\"uagb-ifb-title\">Programmes Politiques<\/h4><\/div><p class=\"uagb-ifb-desc\">Relevez les d\u00e9fis de nature politique auxquels l&rsquo;Internet est confront\u00e9 \u00e0 l&rsquo;intersection de la technologie et de la gouvernance. <br><br><a href=\"https:\/\/www.internetsociety.org\/deploy360\/dnssec\/community\/\">Bourse communautaire<\/a><br><br><a href=\"https:\/\/www.internetsociety.org\/fr\/policy-programs\/igf-youth-ambassadors\/\">Programme jeunes ambassadeurs<\/a> <br><br><a href=\"https:\/\/www.internetsociety.org\/policy-programs\/policymakers-program-to-ietf\/\">Programme des d\u00e9cideurs politiques<\/a><\/p><\/div><\/div>\n<\/div>\n<\/div><\/section>\n\n\n\n<section class=\"wp-block-uagb-columns uagb-columns__wrap uagb-columns__background-color uagb-columns__stack-tablet uagb-columns__valign-top uagb-columns__gap-10 align uagb-block-54e3e97d uagb-columns__columns-2 uagb-columns__max_width-theme\"><div class=\"uagb-columns__overlay\"><\/div><div class=\"uagb-columns__inner-wrap uagb-columns__columns-2\">\n<div class=\"wp-block-uagb-column uagb-column__wrap uagb-column__background-color uagb-block-876cb58f\"><div class=\"uagb-column__overlay\"><\/div>\n<figure class=\"wp-block-image size-full is-style-default margin-bottom-0 vertical-align-bottom\"><img loading=\"lazy\" decoding=\"async\" width=\"1440\" height=\"700\" src=\"https:\/\/www.internetsociety.org\/wp-content\/uploads\/2024\/04\/AFPIF-2023-participants.jpg\" alt=\"A diverse group of individuals engaged in a meeting, seated around a conference table.\" class=\"wp-image-209354\" srcset=\"https:\/\/www.internetsociety.org\/wp-content\/uploads\/2024\/04\/AFPIF-2023-participants.jpg 1440w, https:\/\/www.internetsociety.org\/wp-content\/uploads\/2024\/04\/AFPIF-2023-participants-450x219.jpg 450w, https:\/\/www.internetsociety.org\/wp-content\/uploads\/2024\/04\/AFPIF-2023-participants-1024x498.jpg 1024w, https:\/\/www.internetsociety.org\/wp-content\/uploads\/2024\/04\/AFPIF-2023-participants-768x373.jpg 768w, https:\/\/www.internetsociety.org\/wp-content\/uploads\/2024\/04\/AFPIF-2023-participants-250x122.jpg 250w\" sizes=\"auto, (max-width: 1440px) 100vw, 1440px\" \/><\/figure>\n\n\n\n<div style=\"height:20px\" aria-hidden=\"true\" class=\"wp-block-spacer\"><\/div>\n\n\n\n<div class=\"wp-block-uagb-info-box uagb-block-8cc00990 uagb-infobox__content-wrap  uagb-infobox-icon-above-title uagb-infobox-image-valign-top\"><div class=\"uagb-ifb-content\"><div class=\"uagb-ifb-title-wrap\"><h4 class=\"uagb-ifb-title\">Programmes techniques<\/h4><\/div><p class=\"uagb-ifb-desc\">D\u00e9veloppez vos comp\u00e9tences techniques dans le d\u00e9veloppement d\u2019Internet.<br><br><a href=\"https:\/\/www.internetsociety.org\/fr\/fellowships\/afpif\/\">Bourse peering<\/a><br><br><a href=\"https:\/\/www.internetsociety.org\/fellowships\/ndss-symposium\/\">Bourse pour le Symposium NDSS<\/a><\/p><\/div><\/div>\n<\/div>\n\n\n\n<div class=\"wp-block-uagb-column uagb-column__wrap uagb-column__background-color uagb-block-dc93bfde\"><div class=\"uagb-column__overlay\"><\/div>\n<figure class=\"wp-block-image size-full is-style-default margin-bottom-0 vertical-align-bottom\"><img loading=\"lazy\" decoding=\"async\" width=\"1450\" height=\"700\" src=\"https:\/\/www.internetsociety.org\/wp-content\/uploads\/2023\/09\/morocco-training-class.jpg\" alt=\"a woman and men listening to a class\" class=\"wp-image-199335\" srcset=\"https:\/\/www.internetsociety.org\/wp-content\/uploads\/2023\/09\/morocco-training-class.jpg 1450w, https:\/\/www.internetsociety.org\/wp-content\/uploads\/2023\/09\/morocco-training-class-450x217.jpg 450w, https:\/\/www.internetsociety.org\/wp-content\/uploads\/2023\/09\/morocco-training-class-1024x494.jpg 1024w, https:\/\/www.internetsociety.org\/wp-content\/uploads\/2023\/09\/morocco-training-class-768x371.jpg 768w, https:\/\/www.internetsociety.org\/wp-content\/uploads\/2023\/09\/morocco-training-class-250x121.jpg 250w\" sizes=\"auto, (max-width: 1450px) 100vw, 1450px\" \/><\/figure>\n\n\n\n<div style=\"height:20px\" aria-hidden=\"true\" class=\"wp-block-spacer\"><\/div>\n\n\n\n<div class=\"wp-block-uagb-info-box uagb-block-99eeee14 uagb-infobox__content-wrap  uagb-infobox-icon-above-title uagb-infobox-image-valign-top\"><div class=\"uagb-ifb-content\"><div class=\"uagb-ifb-title-wrap\"><h4 class=\"uagb-ifb-title\">Learning @ Internet Society<\/h4><\/div><p class=\"uagb-ifb-desc\">Prenez des formations&nbsp;<a href=\"https:\/\/www.internetsociety.org\/fr\/learning\/\">en ligne et mod\u00e9r\u00e9es con\u00e7ues<\/a>&nbsp;en fonction de vos int\u00e9r\u00eats et de vos besoins.<\/p><\/div><\/div>\n<\/div>\n<\/div><\/section>\n\n\n\n<div class=\"wp-block-columns margin-bottom-0 has-neutral-white-background-color has-background is-layout-flex wp-container-core-columns-is-layout-9d6595d7 wp-block-columns-is-layout-flex\">\n<div class=\"wp-block-column is-layout-flow wp-block-column-is-layout-flow\" style=\"flex-basis:10%\"><\/div>\n\n\n\n<div class=\"wp-block-column is-layout-flow wp-block-column-is-layout-flow\" style=\"flex-basis:80%\">\n<div style=\"height:40px\" aria-hidden=\"true\" class=\"wp-block-spacer\"><\/div>\n\n\n\n<div class=\"wp-block-media-text alignwide is-stacked-on-mobile is-image-fill-element\" style=\"grid-template-columns:33% auto\"><figure class=\"wp-block-media-text__media\"><img loading=\"lazy\" decoding=\"async\" width=\"700\" height=\"467\" src=\"https:\/\/www.internetsociety.org\/wp-content\/uploads\/2021\/11\/Medium-Community-Networks-Summit-South-Africa-September-2018.jpg\" alt=\"A man smiling and holding papers\" class=\"wp-image-156622 size-large\" style=\"object-position:50% 50%\" srcset=\"https:\/\/www.internetsociety.org\/wp-content\/uploads\/2021\/11\/Medium-Community-Networks-Summit-South-Africa-September-2018.jpg 700w, https:\/\/www.internetsociety.org\/wp-content\/uploads\/2021\/11\/Medium-Community-Networks-Summit-South-Africa-September-2018-450x300.jpg 450w, https:\/\/www.internetsociety.org\/wp-content\/uploads\/2021\/11\/Medium-Community-Networks-Summit-South-Africa-September-2018-250x167.jpg 250w\" sizes=\"auto, (max-width: 700px) 100vw, 700px\" \/><\/figure><div class=\"wp-block-media-text__content\">\n<div style=\"height:20px\" aria-hidden=\"true\" class=\"wp-block-spacer\"><\/div>\n\n\n\n<div class=\"wp-block-uagb-info-box uagb-block-4f6a4e25 uagb-infobox__content-wrap  uagb-infobox-icon-above-title uagb-infobox-image-valign-top\"><div class=\"uagb-ifb-content\"><div class=\"uagb-ifb-title-wrap\"><h4 class=\"uagb-ifb-title\">Pourquoi l\u2019Internet Society?<\/h4><\/div><p class=\"uagb-ifb-desc\">Depuis 30 ans, l&rsquo;Internet Society donne \u00e0 des individus du monde entier les moyens de contribuer au d\u00e9veloppement d&rsquo;Internet, pour veiller \u00e0 ce que cet incroyable r\u00e9seau mondial, utilis\u00e9 par des milliards de personnes, reste ouvert, mondialement connect\u00e9, s\u00e9curis\u00e9 et digne de confiance. Nous avons la confiance des leaders d&rsquo;Internet, car nous avons contribu\u00e9 \u00e0 la cr\u00e9ation et au d\u00e9veloppement d&rsquo;Internet. <br>&nbsp;<br>Nos programmes donnent des moyens, du mat\u00e9riel et du soutien aux champions d&rsquo;Internet dans le monde entier depuis plus de 10 ans. Notre approche p\u00e9dagogique s&rsquo;inscrit dans l&rsquo;apprentissage social: nous voulons vous \u00e9couter et vous inciter \u00e0 apprendre avec nous. Nous donnons aux participants au programme la possibilit\u00e9 de se mettre en relation et d&rsquo;apprendre de l&rsquo;Internet Society et d&rsquo;experts techniques, ainsi que de nos partenaires issus du monde de l&rsquo;enseignement. <\/p><\/div><\/div>\n<\/div><\/div>\n\n\n\n<div style=\"height:40px\" aria-hidden=\"true\" class=\"wp-block-spacer uag-hide-mob\"><\/div>\n<\/div>\n\n\n\n<div class=\"wp-block-column is-layout-flow wp-block-column-is-layout-flow\" style=\"flex-basis:10%\"><\/div>\n<\/div>\n\n\n\n<p class=\"has-text-align-center has-neutral-white-color has-ground-navy-background-color has-text-color has-background has-12-font-size\">Droits d\u2019auteur : <br>\u00a9Tsutsumida Pictures, \u00a9 Levani Zhorzholiani, \u00a9 Urban Pixel Lebanon, \u00a9 Internet Society, \u00a9 Aubrey Attuquaye Korley, \u00a9 Rachid ait Mansour, \u00a9 Internet Society \/ Nyani Quarmyne \/ Panos Pictures<\/p>\n","protected":false},"excerpt":{"rendered":"<p>L&rsquo;avenir d&rsquo;Internet est entre vos mains. Nos programmes sont con\u00e7us pour vous donner les outils n\u00e9cessaires \u00e0 votre succ\u00e8s.<\/p>\n","protected":false},"author":1720,"featured_media":156614,"parent":0,"menu_order":0,"comment_status":"closed","ping_status":"closed","template":"page-wide.php","meta":{"_acf_changed":false,"_uag_custom_page_level_css":"","footnotes":""},"categories":[118],"tags":[],"region_news_regions":[],"content_category":[],"ppma_author":[5657],"class_list":["post-158170","page","type-page","status-publish","has-post-thumbnail","hentry","category-qui-sommes-nous"],"acf":[],"uagb_featured_image_src":{"full":["https:\/\/www.internetsociety.org\/wp-content\/uploads\/2021\/11\/170917_IS-4-e1704801138448.jpg",1350,660,false],"thumbnail":["https:\/\/www.internetsociety.org\/wp-content\/uploads\/2021\/11\/170917_IS-4-150x150.jpg",150,150,true],"medium":["https:\/\/www.internetsociety.org\/wp-content\/uploads\/2021\/11\/170917_IS-4-450x220.jpg",450,220,true],"medium_large":["https:\/\/www.internetsociety.org\/wp-content\/uploads\/2021\/11\/170917_IS-4-768x375.jpg",768,375,true],"large":["https:\/\/www.internetsociety.org\/wp-content\/uploads\/2021\/11\/170917_IS-4-1024x501.jpg",1024,501,true],"1536x1536":["https:\/\/www.internetsociety.org\/wp-content\/uploads\/2021\/11\/170917_IS-4-e1704801138448.jpg",1350,660,false],"2048x2048":["https:\/\/www.internetsociety.org\/wp-content\/uploads\/2021\/11\/170917_IS-4-e1704801138448.jpg",1350,660,false],"post-thumbnail":["https:\/\/www.internetsociety.org\/wp-content\/uploads\/2021\/11\/170917_IS-4-250x122.jpg",250,122,true],"square":["https:\/\/www.internetsociety.org\/wp-content\/uploads\/2021\/11\/170917_IS-4-600x600.jpg",600,600,true],"gform-image-choice-sm":["https:\/\/www.internetsociety.org\/wp-content\/uploads\/2021\/11\/170917_IS-4-e1704801138448.jpg",300,147,false],"gform-image-choice-md":["https:\/\/www.internetsociety.org\/wp-content\/uploads\/2021\/11\/170917_IS-4-e1704801138448.jpg",400,196,false],"gform-image-choice-lg":["https:\/\/www.internetsociety.org\/wp-content\/uploads\/2021\/11\/170917_IS-4-e1704801138448.jpg",600,293,false]},"uagb_author_info":{"display_name":"Jelena Mirkovic","author_link":"https:\/\/www.internetsociety.org\/fr\/author\/"},"uagb_comment_info":0,"uagb_excerpt":"L'avenir d'Internet est entre vos mains. Nos programmes sont con\u00e7us pour vous donner les outils n\u00e9cessaires \u00e0 votre succ\u00e8s.","_links":{"self":[{"href":"https:\/\/www.internetsociety.org\/fr\/wp-json\/wp\/v2\/pages\/158170","targetHints":{"allow":["GET"]}}],"collection":[{"href":"https:\/\/www.internetsociety.org\/fr\/wp-json\/wp\/v2\/pages"}],"about":[{"href":"https:\/\/www.internetsociety.org\/fr\/wp-json\/wp\/v2\/types\/page"}],"author":[{"embeddable":true,"href":"https:\/\/www.internetsociety.org\/fr\/wp-json\/wp\/v2\/users\/1720"}],"replies":[{"embeddable":true,"href":"https:\/\/www.internetsociety.org\/fr\/wp-json\/wp\/v2\/comments?post=158170"}],"version-history":[{"count":0,"href":"https:\/\/www.internetsociety.org\/fr\/wp-json\/wp\/v2\/pages\/158170\/revisions"}],"wp:featuredmedia":[{"embeddable":true,"href":"https:\/\/www.internetsociety.org\/fr\/wp-json\/wp\/v2\/media\/156614"}],"wp:attachment":[{"href":"https:\/\/www.internetsociety.org\/fr\/wp-json\/wp\/v2\/media?parent=158170"}],"wp:term":[{"taxonomy":"category","embeddable":true,"href":"https:\/\/www.internetsociety.org\/fr\/wp-json\/wp\/v2\/categories?post=158170"},{"taxonomy":"post_tag","embeddable":true,"href":"https:\/\/www.internetsociety.org\/fr\/wp-json\/wp\/v2\/tags?post=158170"},{"taxonomy":"region_news_regions","embeddable":true,"href":"https:\/\/www.internetsociety.org\/fr\/wp-json\/wp\/v2\/region_news_regions?post=158170"},{"taxonomy":"content_category","embeddable":true,"href":"https:\/\/www.internetsociety.org\/fr\/wp-json\/wp\/v2\/content_category?post=158170"},{"taxonomy":"author","embeddable":true,"href":"https:\/\/www.internetsociety.org\/fr\/wp-json\/wp\/v2\/ppma_author?post=158170"}],"curies":[{"name":"wp","href":"https:\/\/api.w.org\/{rel}","templated":true}]}}