{"id":158136,"date":"2021-11-29T09:12:16","date_gmt":"2021-11-29T09:12:16","guid":{"rendered":"https:\/\/www.internetsociety.org\/?page_id=158136"},"modified":"2023-07-12T10:09:45","modified_gmt":"2023-07-12T10:09:45","slug":"chapterthon-2018","status":"publish","type":"page","link":"https:\/\/www.internetsociety.org\/fr\/grants\/chapterthon\/2018\/","title":{"rendered":"Chapterthon 2018"},"content":{"rendered":"\n<div class=\"wp-block-cover\" style=\"min-height:400px;aspect-ratio:unset;\"><span aria-hidden=\"true\" class=\"wp-block-cover__background has-background-dim-0 has-background-dim\"><\/span><img loading=\"lazy\" decoding=\"async\" width=\"1280\" height=\"550\" class=\"wp-block-cover__image-background wp-image-91891\" alt=\"collage\" src=\"https:\/\/www.internetsociety.org\/wp-content\/uploads\/2018\/12\/Chapterthon_Blog_cover.jpg\" data-object-fit=\"cover\" srcset=\"https:\/\/www.internetsociety.org\/wp-content\/uploads\/2018\/12\/Chapterthon_Blog_cover.jpg 1280w, https:\/\/www.internetsociety.org\/wp-content\/uploads\/2018\/12\/Chapterthon_Blog_cover-450x193.jpg 450w, https:\/\/www.internetsociety.org\/wp-content\/uploads\/2018\/12\/Chapterthon_Blog_cover-768x330.jpg 768w, https:\/\/www.internetsociety.org\/wp-content\/uploads\/2018\/12\/Chapterthon_Blog_cover-1024x440.jpg 1024w, https:\/\/www.internetsociety.org\/wp-content\/uploads\/2018\/12\/Chapterthon_Blog_cover-250x107.jpg 250w\" sizes=\"auto, (max-width: 1280px) 100vw, 1280px\" \/><div class=\"wp-block-cover__inner-container is-layout-flow wp-block-cover-is-layout-flow\">\n<p class=\"has-large-font-size\"><\/p>\n<\/div><\/div>\n\n\n\n<section class=\"wp-block-uagb-columns uagb-columns__wrap uagb-columns__background-color uagb-columns__stack-mobile uagb-columns__valign- uagb-columns__gap-10 align uagb-block-644ac539 uagb-columns__columns-2 uagb-columns__max_width-theme\"><div class=\"uagb-columns__overlay\"><\/div><div class=\"uagb-columns__inner-wrap uagb-columns__columns-2\">\n<div class=\"wp-block-uagb-column uagb-column__wrap uagb-column__background-color uagb-block-e10f2d33\"><div class=\"uagb-column__overlay\"><\/div>\n<div style=\"height:40px\" aria-hidden=\"true\" class=\"wp-block-spacer\"><\/div>\n\n\n\n<figure class=\"wp-block-embed is-type-video is-provider-youtube wp-block-embed-youtube wp-embed-aspect-16-9 wp-has-aspect-ratio\"><div class=\"wp-block-embed__wrapper\">\n<iframe loading=\"lazy\" title=\"Benin Chapter  \u2013 Chapterthon 2018 - IoT Low Hightech\" width=\"500\" height=\"281\" src=\"https:\/\/www.youtube.com\/embed\/Zr-mReztMYc?feature=oembed\" frameborder=\"0\" allow=\"accelerometer; autoplay; clipboard-write; encrypted-media; gyroscope; picture-in-picture; web-share\" referrerpolicy=\"strict-origin-when-cross-origin\" allowfullscreen><\/iframe>\n<\/div><\/figure>\n\n\n\n<div style=\"height:100px\" aria-hidden=\"true\" class=\"wp-block-spacer\"><\/div>\n\n\n\n<section class=\"wp-block-uagb-columns uagb-columns__wrap uagb-columns__background-image uagb-columns__stack-mobile uagb-columns__valign- uagb-columns__gap-10 align uagb-block-b972dbac uagb-columns__columns-1 uagb-columns__max_width-theme background-image-fallback-black\"><div class=\"uagb-columns__overlay\"><\/div><div class=\"uagb-columns__inner-wrap uagb-columns__columns-1\">\n<div class=\"wp-block-uagb-column uagb-column__wrap uagb-column__background-undefined uagb-block-c0eca29f\"><div class=\"uagb-column__overlay\"><\/div>\n<p class=\"has-neutral-white-color has-text-color\">Un Chapterthon est un concours mondial des Chapitres locaux de l\u2019Internet Society, o\u00f9 tous les Chapitres locaux de l\u2019Internet Society peuvent participer en \u00e9laborant un projet avec un m\u00eame calendrier et un m\u00eame budget afin d\u2019atteindre un objectif commun pour le d\u00e9veloppement de l\u2019\u00e9ducation et de l\u2019Internet. &nbsp;Une fois le projet finalis\u00e9, le meilleur projet re\u00e7oit un prix.common goal for the development of Internet. Once the project is finalized, the best project receives a prize.<\/p>\n<\/div>\n<\/div><\/section>\n<\/div>\n\n\n\n<div class=\"wp-block-uagb-column uagb-column__wrap uagb-column__background-undefined uagb-block-a463fb20\"><div class=\"uagb-column__overlay\"><\/div>\n<div style=\"height:40px\" aria-hidden=\"true\" class=\"wp-block-spacer\"><\/div>\n\n\n\n<h1 class=\"wp-block-heading has-text-align-left has-depth-green-color has-text-color\">Chapterthon 2018<\/h1>\n\n\n\n<div style=\"height:30px\" aria-hidden=\"true\" class=\"wp-block-spacer\"><\/div>\n\n\n\n<h2 class=\"wp-block-heading has-depth-green-color has-text-color has-48-font-size\">Gagnantes<\/h2>\n\n\n\n<div style=\"height:30px\" aria-hidden=\"true\" class=\"wp-block-spacer\"><\/div>\n\n\n\n<p>Quarante-trois chapitres ont particip\u00e9 au d\u00e9fi 2018 de l&rsquo;Internet des objets (IoT).<\/p>\n\n\n\n<p class=\"has-green-color has-text-color\"><a href=\"https:\/\/www.internetsociety.org\/fr\/blog\/2018\/12\/the-benin-chapter-wins-chapterthon-2018\/\">F\u00e9licitations au B\u00e9nin Chapter<\/a>, Gagnant du Chapterthon 2018, et aux autres finalistes: Chapitre Afghanistan et Chapitre Br\u00e9sil! <\/p>\n\n\n\n<div style=\"height:20px\" aria-hidden=\"true\" class=\"wp-block-spacer\"><\/div>\n\n\n\n<div class=\"wp-block-buttons is-vertical is-layout-flex wp-container-core-buttons-is-layout-8cf370e7 wp-block-buttons-is-layout-flex\">\n<div class=\"wp-block-button is-style-fill\"><a class=\"wp-block-button__link has-neutral-white-color has-depth-green-background-color has-text-color has-background wp-element-button\" href=\"https:\/\/www.internetsociety.org\/grants\/chapterthon\/2018\/projects\/\">Voyez les projets<\/a><\/div>\n<\/div>\n\n\n\n<div style=\"height:50px\" aria-hidden=\"true\" class=\"wp-block-spacer\"><\/div>\n\n\n\n<h2 class=\"wp-block-heading has-depth-green-color has-text-color has-48-font-size\">Qu\u2019est-ce qu\u2019un Chapterthon?<\/h2>\n\n\n\n<div style=\"height:30px\" aria-hidden=\"true\" class=\"wp-block-spacer\"><\/div>\n\n\n\n<p>L\u2019Internet Society cherche \u00e0 am\u00e9liorer la qualit\u00e9 de vie des gens dans toutes les parties du monde en leur fournissant un v\u00e9ritable acc\u00e8s \u00e0 un Internet ouvert, fiable et mondial. <\/p>\n\n\n\n<p>Selon le rapport&nbsp;<a href=\"https:\/\/future.internetsociety.org\/fr\/\">Global Internet Report 2017<\/a>&nbsp;un de plus grands d\u00e9fis de la prochaine d\u00e9cennie est la gestion de la probl\u00e9matique li\u00e9 \u00e0 l\u2019Internet des objets. <\/p>\n\n\n\n<p><a href=\"https:\/\/www.internetsociety.org\/fr\/iot\/\">L\u2019Internet des objets (IdO<\/a>) promet de changer notre fa\u00e7on de vivre en mieux. Les projections relatives \u00e0 l\u2019impact de l\u2019IdO sur Internet et l\u2019\u00e9conomie mondiale sont impressionnantes: elles pr\u00e9voient une croissance explosive du nombre d\u2019appareils IoT et leur utilisation dans une grande vari\u00e9t\u00e9 d\u2019applications nouvelles et passionnantes. Selon une estimation, \u00ab&nbsp;les appareils connect\u00e9s seront au nombre de 38,5 milliards en 2020, contre 13,4 milliards en 2015.&nbsp;\u00bb <\/p>\n\n\n\n<p>Nous invitons tous nos Chapitres \u00e0 se joindre au 2018 Chaperthon et \u00e0 travailler ensemble pour faire de notre monde de plus en plus connect\u00e9 un endroit plus s\u00fbr. <\/p>\n\n\n\n<p>Pour 2018, le sujet est l\u2019Internet des Objets (IoT) \u2013 Ensemble nous pouvons fa\u00e7onner le futur. Le projet doit correspondre \u00e0 l\u2019une des cat\u00e9gories suivantes: <\/p>\n\n\n\n<ul class=\"wp-block-list\">\n<li>Les campagnes de sensibilisation et d\u2019\u00e9ducation des consommateurs \u00e0 l\u2019Internet des Objets (IoT) en g\u00e9n\u00e9ral, ainsi que \u00e0 la s\u00e9curit\u00e9 des objets l\u2019IdO en particulier et&nbsp; la raison pour laquelle il est important de maintenir leur s\u00e9curit\u00e9.<\/li>\n\n\n\n<li>Le programme de sensibilisation pour les d\u00e9cideurs afin de les encourager \u00e0 jouer un r\u00f4le actif dans l\u2019orientation du march\u00e9 de l\u2019IdO et \u00e0 renforcer la protection des consommateurs.<\/li>\n\n\n\n<li>La promotion du cadre de confiance de l\u2019OTA (<a href=\"https:\/\/www.internetsociety.org\/fr\/iot\/trust-framework\/\">OTA IoT Trust Framework<\/a>) pour l\u2019IdO qui n\u00e9cessite une responsabilit\u00e9 partag\u00e9e incluant l\u2019industrie (fabricants et d\u00e9taillants) en mati\u00e8re de s\u00e9curit\u00e9 et de confidentialit\u00e9.<\/li>\n\n\n\n<li>D\u00e9veloppement des solutions l\u2019IdO intelligentes, en prenant bien en connaissance le calendrier du programme (1,5 mois pour le compl\u00e9ter).<\/li>\n\n\n\n<li>Cr\u00e9ation des vid\u00e9os dans les langues locales pour les points ci-dessus.<\/li>\n<\/ul>\n<\/div>\n<\/div><\/section>\n","protected":false},"excerpt":{"rendered":"<p>Quarante-trois chapitres ont particip\u00e9 au d\u00e9fi 2018 de l&rsquo;Internet des objets (IoT).<\/p>\n","protected":false},"author":11,"featured_media":79963,"parent":0,"menu_order":0,"comment_status":"closed","ping_status":"closed","template":"page-wide.php","meta":{"_acf_changed":false,"_uag_custom_page_level_css":"","footnotes":""},"categories":[5695],"tags":[],"region_news_regions":[],"content_category":[],"ppma_author":[5657],"class_list":["post-158136","page","type-page","status-publish","has-post-thumbnail","hentry","category-communaute"],"acf":[],"uagb_featured_image_src":{"full":["https:\/\/www.internetsociety.org\/wp-content\/uploads\/2018\/05\/markus-spiske-197281-unsplash-e1638293270368.jpg",1280,1920,false],"thumbnail":["https:\/\/www.internetsociety.org\/wp-content\/uploads\/2018\/05\/markus-spiske-197281-unsplash-150x150.jpg",150,150,true],"medium":["https:\/\/www.internetsociety.org\/wp-content\/uploads\/2018\/05\/markus-spiske-197281-unsplash-200x300.jpg",200,300,true],"medium_large":["https:\/\/www.internetsociety.org\/wp-content\/uploads\/2018\/05\/markus-spiske-197281-unsplash-768x1152.jpg",768,1152,true],"large":["https:\/\/www.internetsociety.org\/wp-content\/uploads\/2018\/05\/markus-spiske-197281-unsplash-683x1024.jpg",683,1024,true],"1536x1536":["https:\/\/www.internetsociety.org\/wp-content\/uploads\/2018\/05\/markus-spiske-197281-unsplash-e1638293270368.jpg",1024,1536,false],"2048x2048":["https:\/\/www.internetsociety.org\/wp-content\/uploads\/2018\/05\/markus-spiske-197281-unsplash-e1638293270368.jpg",1280,1920,false],"post-thumbnail":["https:\/\/www.internetsociety.org\/wp-content\/uploads\/2018\/05\/markus-spiske-197281-unsplash-250x375.jpg",250,375,true],"square":["https:\/\/www.internetsociety.org\/wp-content\/uploads\/2018\/05\/markus-spiske-197281-unsplash-600x600.jpg",600,600,true],"gform-image-choice-sm":["https:\/\/www.internetsociety.org\/wp-content\/uploads\/2018\/05\/markus-spiske-197281-unsplash-e1638293270368.jpg",200,300,false],"gform-image-choice-md":["https:\/\/www.internetsociety.org\/wp-content\/uploads\/2018\/05\/markus-spiske-197281-unsplash-e1638293270368.jpg",267,400,false],"gform-image-choice-lg":["https:\/\/www.internetsociety.org\/wp-content\/uploads\/2018\/05\/markus-spiske-197281-unsplash-e1638293270368.jpg",400,600,false]},"uagb_author_info":{"display_name":"Internet Society","author_link":"https:\/\/www.internetsociety.org\/fr\/author\/isoc\/"},"uagb_comment_info":0,"uagb_excerpt":"Quarante-trois chapitres ont particip\u00e9 au d\u00e9fi 2018 de l'Internet des objets (IoT).","_links":{"self":[{"href":"https:\/\/www.internetsociety.org\/fr\/wp-json\/wp\/v2\/pages\/158136","targetHints":{"allow":["GET"]}}],"collection":[{"href":"https:\/\/www.internetsociety.org\/fr\/wp-json\/wp\/v2\/pages"}],"about":[{"href":"https:\/\/www.internetsociety.org\/fr\/wp-json\/wp\/v2\/types\/page"}],"author":[{"embeddable":true,"href":"https:\/\/www.internetsociety.org\/fr\/wp-json\/wp\/v2\/users\/11"}],"replies":[{"embeddable":true,"href":"https:\/\/www.internetsociety.org\/fr\/wp-json\/wp\/v2\/comments?post=158136"}],"version-history":[{"count":0,"href":"https:\/\/www.internetsociety.org\/fr\/wp-json\/wp\/v2\/pages\/158136\/revisions"}],"wp:featuredmedia":[{"embeddable":true,"href":"https:\/\/www.internetsociety.org\/fr\/wp-json\/wp\/v2\/media\/79963"}],"wp:attachment":[{"href":"https:\/\/www.internetsociety.org\/fr\/wp-json\/wp\/v2\/media?parent=158136"}],"wp:term":[{"taxonomy":"category","embeddable":true,"href":"https:\/\/www.internetsociety.org\/fr\/wp-json\/wp\/v2\/categories?post=158136"},{"taxonomy":"post_tag","embeddable":true,"href":"https:\/\/www.internetsociety.org\/fr\/wp-json\/wp\/v2\/tags?post=158136"},{"taxonomy":"region_news_regions","embeddable":true,"href":"https:\/\/www.internetsociety.org\/fr\/wp-json\/wp\/v2\/region_news_regions?post=158136"},{"taxonomy":"content_category","embeddable":true,"href":"https:\/\/www.internetsociety.org\/fr\/wp-json\/wp\/v2\/content_category?post=158136"},{"taxonomy":"author","embeddable":true,"href":"https:\/\/www.internetsociety.org\/fr\/wp-json\/wp\/v2\/ppma_author?post=158136"}],"curies":[{"name":"wp","href":"https:\/\/api.w.org\/{rel}","templated":true}]}}