{"id":151606,"date":"2021-09-28T11:17:29","date_gmt":"2021-09-28T11:17:29","guid":{"rendered":"https:\/\/www.internetsociety.org\/?page_id=151606"},"modified":"2023-12-11T15:43:16","modified_gmt":"2023-12-11T15:43:16","slug":"chapterthon-2021-projets","status":"publish","type":"page","link":"https:\/\/www.internetsociety.org\/fr\/grants\/chapterthon\/2021\/projects\/","title":{"rendered":"Chapterthon 2021 Projets"},"content":{"rendered":"\n<section class=\"wp-block-uagb-columns uagb-columns__wrap uagb-columns__background-image uagb-columns__stack-mobile uagb-columns__valign- uagb-columns__gap-10 align uagb-block-8461eb40 uagb-columns__columns-1 uagb-columns__max_width-theme background-image-fallback-black\"><div class=\"uagb-columns__overlay\"><\/div><div class=\"uagb-columns__inner-wrap uagb-columns__columns-1\">\n<div class=\"wp-block-uagb-column uagb-column__wrap uagb-column__background-undefined uagb-block-b7e9c526\"><div class=\"uagb-column__overlay\"><\/div>\n<div style=\"height:60px\" aria-hidden=\"true\" class=\"wp-block-spacer\"><\/div>\n\n\n\n<p class=\"has-neutral-white-color has-text-color has-18-font-size\"><a href=\"https:\/\/www.internetsociety.org\/fr\/grants\/chapterthon\/2021\/\"><span class=\"tadv-color\" style=\"color:#eff2ec\">Chapterthon 2021<\/span><\/a> &gt; Chapterthon 2021 Projets<\/p>\n\n\n\n<div style=\"height:30px\" aria-hidden=\"true\" class=\"wp-block-spacer\"><\/div>\n\n\n\n<h1 class=\"wp-block-heading has-neutral-white-color has-text-color\">Chapterthon 2021 Projets<\/h1>\n\n\n\n<div style=\"height:60px\" aria-hidden=\"true\" class=\"wp-block-spacer\"><\/div>\n<\/div>\n<\/div><\/section>\n\n\n\n<div class=\"wp-block-columns is-layout-flex wp-container-core-columns-is-layout-9d6595d7 wp-block-columns-is-layout-flex\">\n<div class=\"wp-block-column is-layout-flow wp-block-column-is-layout-flow\" style=\"flex-basis:10%\"><\/div>\n\n\n\n<div class=\"wp-block-column is-layout-flow wp-block-column-is-layout-flow\" style=\"flex-basis:80%\">\n<div style=\"height:40px\" aria-hidden=\"true\" class=\"wp-block-spacer\"><\/div>\n\n\n\n<h2 class=\"wp-block-heading has-accent-purple-color has-text-color has-32-font-size\">Nous sommes l&rsquo;Internet Society. Nous d\u00e9fendons, \u00e9duquons, collaborons et nous mobilisons pour un Internet sain et prosp\u00e8re pour tous.<\/h2>\n\n\n\n<div style=\"height:20px\" aria-hidden=\"true\" class=\"wp-block-spacer\"><\/div>\n\n\n\n<p class=\"has-18-font-size\">Pour notre <a href=\"https:\/\/www.internetsociety.org\/fr\/grants\/chapterthon\/2021\/\">2021 Chapterthon<\/a>, les chapitres de l\u2019Internet Society ont d\u00e9velopp\u00e9 des projets qui font une diff\u00e9rence significative dans leurs communaut\u00e9s et au-del\u00e0. Ils ont choisi un probl\u00e8me urgent et ont travaill\u00e9 ensemble afin de le r\u00e9soudre et maintenant vous et les autres pouvez payer pour le suivant. T\u00e9l\u00e9chargez les plans, puis r\u00e9pliquez et mettez \u00e0 l&rsquo;\u00e9chelle l&rsquo;impact du projet.<\/p>\n\n\n\n<p class=\"has-18-font-size\">Les gagnants du Chapterthon de chacune des r\u00e9gions gagneront des r\u00e9compenses, y compris la possibilit\u00e9 d&rsquo;h\u00e9berger leur propre stand lors de la semaine de la communaut\u00e9 Internet Society (novembre 2021) afin de pr\u00e9senter leurs projets Chapterthon au sein de la communaut\u00e9.<\/p>\n\n\n\n<p class=\"has-18-font-size\">Merci \u00e0 tous les membres qui ont vot\u00e9, les gagnants seront annonc\u00e9s bient\u00f4t.<\/p>\n\n\n\n<p class=\"has-18-font-size\"><a href=\"https:\/\/www.internetsociety.org\/grants\/chapterthon\/2021\/projects\/\">Visitez notre page en anglais<\/a> pour voir tous les projets soumis.<\/p>\n\n\n\n<div style=\"height:30px\" aria-hidden=\"true\" class=\"wp-block-spacer\"><\/div>\n\n\n\n<p class=\"has-12-font-size\">Pas encore membre? <a href=\"https:\/\/community.internetsociety.org\/s\/new-registration?locale=fr\">Inscrivez-vous<\/a> d\u00e8s aujourd&rsquo;hui pour rejoindre une communaut\u00e9 de champions de l&rsquo;Internet mondial. Pour toute question, veuillez contacter <a href=\"mailto:globalmembership@isoc.org\">globalmembership@isoc.org<\/a>.<\/p>\n\n\n\n<div style=\"height:40px\" aria-hidden=\"true\" class=\"wp-block-spacer\"><\/div>\n<\/div>\n\n\n\n<div class=\"wp-block-column is-layout-flow wp-block-column-is-layout-flow\" style=\"flex-basis:10%\"><\/div>\n<\/div>\n","protected":false},"excerpt":{"rendered":"<p>Pour notre 2021 Chapterthon, les chapitres de l\u2019Internet Society ont d\u00e9velopp\u00e9 des projets qui font une diff\u00e9rence significative dans leurs communaut\u00e9s et au-del\u00e0.<\/p>\n","protected":false},"author":46,"featured_media":151597,"parent":141477,"menu_order":0,"comment_status":"closed","ping_status":"closed","template":"page-wide.php","meta":{"_acf_changed":false,"_uag_custom_page_level_css":"","footnotes":""},"categories":[5695],"tags":[],"region_news_regions":[],"content_category":[],"ppma_author":[4057],"class_list":["post-151606","page","type-page","status-publish","has-post-thumbnail","hentry","category-communaute"],"acf":[],"uagb_featured_image_src":{"full":["https:\/\/www.internetsociety.org\/wp-content\/uploads\/2021\/10\/IMG_3552-e1633080691786.jpeg",1280,611,false],"thumbnail":["https:\/\/www.internetsociety.org\/wp-content\/uploads\/2021\/10\/IMG_3552-150x150.jpeg",150,150,true],"medium":["https:\/\/www.internetsociety.org\/wp-content\/uploads\/2021\/10\/IMG_3552-450x215.jpeg",450,215,true],"medium_large":["https:\/\/www.internetsociety.org\/wp-content\/uploads\/2021\/10\/IMG_3552-768x367.jpeg",768,367,true],"large":["https:\/\/www.internetsociety.org\/wp-content\/uploads\/2021\/10\/IMG_3552-1024x489.jpeg",1024,489,true],"1536x1536":["https:\/\/www.internetsociety.org\/wp-content\/uploads\/2021\/10\/IMG_3552-e1633080691786.jpeg",1280,611,false],"2048x2048":["https:\/\/www.internetsociety.org\/wp-content\/uploads\/2021\/10\/IMG_3552-e1633080691786.jpeg",1280,611,false],"post-thumbnail":["https:\/\/www.internetsociety.org\/wp-content\/uploads\/2021\/10\/IMG_3552-250x119.jpeg",250,119,true],"square":["https:\/\/www.internetsociety.org\/wp-content\/uploads\/2021\/10\/IMG_3552-600x600.jpeg",600,600,true],"gform-image-choice-sm":["https:\/\/www.internetsociety.org\/wp-content\/uploads\/2021\/10\/IMG_3552-e1633080691786.jpeg",300,143,false],"gform-image-choice-md":["https:\/\/www.internetsociety.org\/wp-content\/uploads\/2021\/10\/IMG_3552-e1633080691786.jpeg",400,191,false],"gform-image-choice-lg":["https:\/\/www.internetsociety.org\/wp-content\/uploads\/2021\/10\/IMG_3552-e1633080691786.jpeg",600,286,false]},"uagb_author_info":{"display_name":"Ivana Trbovic","author_link":"https:\/\/www.internetsociety.org\/fr\/author\/trbovic\/"},"uagb_comment_info":0,"uagb_excerpt":"Pour notre 2021 Chapterthon, les chapitres de l\u2019Internet Society ont d\u00e9velopp\u00e9 des projets qui font une diff\u00e9rence significative dans leurs communaut\u00e9s et au-del\u00e0.","_links":{"self":[{"href":"https:\/\/www.internetsociety.org\/fr\/wp-json\/wp\/v2\/pages\/151606","targetHints":{"allow":["GET"]}}],"collection":[{"href":"https:\/\/www.internetsociety.org\/fr\/wp-json\/wp\/v2\/pages"}],"about":[{"href":"https:\/\/www.internetsociety.org\/fr\/wp-json\/wp\/v2\/types\/page"}],"author":[{"embeddable":true,"href":"https:\/\/www.internetsociety.org\/fr\/wp-json\/wp\/v2\/users\/46"}],"replies":[{"embeddable":true,"href":"https:\/\/www.internetsociety.org\/fr\/wp-json\/wp\/v2\/comments?post=151606"}],"version-history":[{"count":0,"href":"https:\/\/www.internetsociety.org\/fr\/wp-json\/wp\/v2\/pages\/151606\/revisions"}],"up":[{"embeddable":true,"href":"https:\/\/www.internetsociety.org\/fr\/wp-json\/wp\/v2\/pages\/141477"}],"wp:featuredmedia":[{"embeddable":true,"href":"https:\/\/www.internetsociety.org\/fr\/wp-json\/wp\/v2\/media\/151597"}],"wp:attachment":[{"href":"https:\/\/www.internetsociety.org\/fr\/wp-json\/wp\/v2\/media?parent=151606"}],"wp:term":[{"taxonomy":"category","embeddable":true,"href":"https:\/\/www.internetsociety.org\/fr\/wp-json\/wp\/v2\/categories?post=151606"},{"taxonomy":"post_tag","embeddable":true,"href":"https:\/\/www.internetsociety.org\/fr\/wp-json\/wp\/v2\/tags?post=151606"},{"taxonomy":"region_news_regions","embeddable":true,"href":"https:\/\/www.internetsociety.org\/fr\/wp-json\/wp\/v2\/region_news_regions?post=151606"},{"taxonomy":"content_category","embeddable":true,"href":"https:\/\/www.internetsociety.org\/fr\/wp-json\/wp\/v2\/content_category?post=151606"},{"taxonomy":"author","embeddable":true,"href":"https:\/\/www.internetsociety.org\/fr\/wp-json\/wp\/v2\/ppma_author?post=151606"}],"curies":[{"name":"wp","href":"https:\/\/api.w.org\/{rel}","templated":true}]}}