{"id":149341,"date":"2020-08-31T19:20:44","date_gmt":"2020-08-31T19:20:44","guid":{"rendered":"https:\/\/www.internetsociety.org\/?page_id=149341"},"modified":"2026-03-31T18:25:16","modified_gmt":"2026-03-31T18:25:16","slug":"rapports-de-lorganisation","status":"publish","type":"page","link":"https:\/\/www.internetsociety.org\/fr\/about-internet-society\/rapports-de-lorganisation\/","title":{"rendered":"Rapports annuels et finances"},"content":{"rendered":"\n<section class=\"wp-block-uagb-columns uagb-columns__wrap uagb-columns__background-image uagb-columns__stack-mobile uagb-columns__valign- uagb-columns__gap-10 align uagb-block-d6a40f3e uagb-columns__columns-1 uagb-columns__max_width-custom background-image-fallback-white\"><div class=\"uagb-columns__overlay\"><\/div><div class=\"uagb-columns__inner-wrap uagb-columns__columns-1\">\n<div class=\"wp-block-uagb-column uagb-column__wrap uagb-column__background-undefined uagb-block-87a6a79b\"><div class=\"uagb-column__overlay\"><\/div>\n<h1 class=\"wp-block-heading\">Rapports annuels et finances<\/h1>\n\n\n\n<div style=\"height:40px\" aria-hidden=\"true\" class=\"wp-block-spacer\"><\/div>\n\n\n\n<h2 class=\"wp-block-heading has-32-font-size\">Nous nous engageons \u00e0 une responsabilit\u00e9 et une transparence continues.<\/h2>\n<\/div>\n<\/div><\/section>\n\n\n\n<section class=\"wp-block-uagb-columns uagb-columns__wrap uagb-columns__background-color uagb-columns__stack-tablet uagb-columns__valign- uagb-columns__gap-10 align uagb-block-29daa086 uagb-columns__columns-1 uagb-columns__max_width-custom grid-post-filter-view\"><div class=\"uagb-columns__overlay\"><\/div><div class=\"uagb-columns__inner-wrap uagb-columns__columns-1\">\n<div class=\"wp-block-uagb-column uagb-column__wrap uagb-column__background-undefined uagb-block-48634806\"><div class=\"uagb-column__overlay\"><\/div>\n<p class=\"has-18-font-size\">Nous publions chaque ann\u00e9e des rapports annuels, un plan d\u2019action et un bilan annuel, des \u00e9tats financiers annuels et le formulaire 990 du service des imp\u00f4ts (de l\u2019anglais, Internal Revenue Service).<\/p>\n\n\n\n<p class=\"has-18-font-size\">Veuillez noter que les \u00e9tats financiers et le formulaire 990 sont publi\u00e9s en anglais uniquement.<\/p>\n\n\n\n<section class=\"wp-block-uagb-columns uagb-columns__wrap uagb-columns__background-none uagb-columns__stack-mobile uagb-columns__valign- uagb-columns__gap-10 align uagb-block-beeaa7b8 uagb-columns__columns-2 uagb-columns__max_width-theme\" id=\"financial-reports\"><div class=\"uagb-columns__overlay\"><\/div><div class=\"uagb-columns__inner-wrap uagb-columns__columns-2\">\n<div class=\"wp-block-uagb-column uagb-column__wrap uagb-column__background-undefined uagb-block-c230ec84\"><div class=\"uagb-column__overlay\"><\/div>\n<div class=\"wp-block-columns is-layout-flex wp-container-core-columns-is-layout-9d6595d7 wp-block-columns-is-layout-flex\">\n<div class=\"wp-block-column is-layout-flow wp-block-column-is-layout-flow\">\n<h3 class=\"wp-block-heading has-28-font-size\">2026<\/h3>\n\n\n\n<div style=\"height:10px\" aria-hidden=\"true\" class=\"wp-block-spacer\"><\/div>\n\n\n\n<p class=\"has-18-font-size\"><a href=\"https:\/\/www.internetsociety.org\/fr\/action-plan\/2026\/\">Plan d\u2019action<\/a><\/p>\n<\/div>\n\n\n\n<div class=\"wp-block-column is-layout-flow wp-block-column-is-layout-flow\">\n<h3 class=\"wp-block-heading has-28-font-size\">2025<\/h3>\n\n\n\n<div style=\"height:10px\" aria-hidden=\"true\" class=\"wp-block-spacer\"><\/div>\n\n\n\n<p class=\"has-18-font-size\"><a href=\"https:\/\/www.internetsociety.org\/fr\/action-plan\/2025\/\">Plan d\u2019action<\/a><br><a href=\"https:\/\/www.internetsociety.org\/wp-content\/uploads\/2026\/03\/2025-Annual-Report_FR.pdf\" type=\"link\" id=\"https:\/\/www.internetsociety.org\/wp-content\/uploads\/2026\/03\/2025-Annual-Report_FR.pdf\">Rapport annuel<\/a><\/p>\n<\/div>\n\n\n\n<div class=\"wp-block-column is-layout-flow wp-block-column-is-layout-flow\">\n<h3 class=\"wp-block-heading has-28-font-size\">2024<\/h3>\n\n\n\n<div style=\"height:10px\" aria-hidden=\"true\" class=\"wp-block-spacer\"><\/div>\n\n\n\n<p class=\"has-18-font-size\"><a href=\"https:\/\/www.internetsociety.org\/action-plan\/2024\/\" type=\"link\" id=\"https:\/\/www.internetsociety.org\/action-plan\/2024\/\">Plan d\u2019action<\/a><br><a href=\"https:\/\/www.internetsociety.org\/fr\/resources\/doc\/2025\/delivering-on-a-five-year-strategy\/\" type=\"link\" id=\"https:\/\/www.internetsociety.org\/fr\/resources\/doc\/2025\/delivering-on-a-five-year-strategy\/\">R\u00e9sultats de l\u2019impact 2019-2024<\/a><br><a href=\"https:\/\/www.internetsociety.org\/wp-content\/uploads\/2025\/07\/2024-Internet-Society-Financials.pdf\" type=\"link\" id=\"https:\/\/www.internetsociety.org\/wp-content\/uploads\/2025\/07\/2024-Internet-Society-Financials.pdf\">Financial Statements<\/a><br><a href=\"https:\/\/www.internetsociety.org\/wp-content\/uploads\/2025\/12\/2024-Filed-Form-990-Public-Disclosure-Copy-Internet-Society.pdf\" type=\"link\" id=\"https:\/\/www.internetsociety.org\/wp-content\/uploads\/2025\/12\/2024-Filed-Form-990-Public-Disclosure-Copy-Internet-Society.pdf\">Form 990<\/a><\/p>\n<\/div>\n<\/div>\n\n\n\n<div style=\"height:20px\" aria-hidden=\"true\" class=\"wp-block-spacer\"><\/div>\n\n\n\n<div class=\"wp-block-columns is-layout-flex wp-container-core-columns-is-layout-9d6595d7 wp-block-columns-is-layout-flex\">\n<div class=\"wp-block-column is-layout-flow wp-block-column-is-layout-flow\">\n<h3 class=\"wp-block-heading has-28-font-size\">2023<\/h3>\n\n\n\n<div style=\"height:10px\" aria-hidden=\"true\" class=\"wp-block-spacer\"><\/div>\n\n\n\n<p class=\"has-18-font-size\"><a href=\"https:\/\/www.internetsociety.org\/action-plan\/2023\/\" type=\"link\" id=\"https:\/\/www.internetsociety.org\/action-plan\/2023\/\">Plan d\u2019action<\/a><br><a href=\"https:\/\/www.internetsociety.org\/year-in-review\/2023\/\" type=\"link\" id=\"https:\/\/www.internetsociety.org\/year-in-review\/2023\/\">Bilan de l\u2019ann\u00e9e<\/a><br><a href=\"\/wp-content\/uploads\/2024\/08\/2023-Internet-Society-Financials.pdf\">Financial Statements<\/a><br><a href=\"https:\/\/www.internetsociety.org\/wp-content\/uploads\/2024\/11\/FY2023-Form-990-Internet-Society.pdf\">Form 990<\/a><\/p>\n<\/div>\n\n\n\n<div class=\"wp-block-column is-layout-flow wp-block-column-is-layout-flow\">\n<h3 class=\"wp-block-heading has-28-font-size\">2022<\/h3>\n\n\n\n<div style=\"height:10px\" aria-hidden=\"true\" class=\"wp-block-spacer\"><\/div>\n\n\n\n<p class=\"has-18-font-size\"><a href=\"https:\/\/www.internetsociety.org\/action-plan\/2022\/\">Plan d\u2019action<\/a><br><a href=\"https:\/\/www.internetsociety.org\/impact-report\/2022\/\">Rapport d\u2019impact<\/a><br><a href=\"\/wp-content\/uploads\/2023\/11\/2022-Financial-Statements.pdf\">Financial Statements<\/a><br><a href=\"\/wp-content\/uploads\/2023\/11\/Internet-Society-2022-Form-990.pdf\">Form 990<\/a><\/p>\n<\/div>\n\n\n\n<div class=\"wp-block-column is-layout-flow wp-block-column-is-layout-flow\">\n<h3 class=\"wp-block-heading has-28-font-size\">2021<\/h3>\n\n\n\n<div style=\"height:10px\" aria-hidden=\"true\" class=\"wp-block-spacer\"><\/div>\n\n\n\n<p class=\"has-18-font-size\"><a href=\"https:\/\/www.internetsociety.org\/action-plan\/2021\/\">Plan d\u2019action<\/a><br><a href=\"https:\/\/www.internetsociety.org\/impact-report\/2021\/\">Rapport d\u2019impact<\/a><br><a href=\"\/wp-content\/uploads\/2022\/12\/2021-Financial-Statements.pdf\">Financial Statements<br><\/a><a href=\"\/wp-content\/uploads\/2022\/11\/INTERNET-SOCIETY_CLIENT-990PD_2021.pdf\">Form 990<\/a><\/p>\n<\/div>\n<\/div>\n\n\n\n<div style=\"height:20px\" aria-hidden=\"true\" class=\"wp-block-spacer\"><\/div>\n\n\n\n<div class=\"wp-block-columns is-layout-flex wp-container-core-columns-is-layout-9d6595d7 wp-block-columns-is-layout-flex\">\n<div class=\"wp-block-column is-layout-flow wp-block-column-is-layout-flow\">\n<h3 class=\"wp-block-heading has-28-font-size\">2020<\/h3>\n\n\n\n<div style=\"height:10px\" aria-hidden=\"true\" class=\"wp-block-spacer\"><\/div>\n\n\n\n<p class=\"has-18-font-size\"><a href=\"https:\/\/www.internetsociety.org\/wp-content\/uploads\/2019\/12\/ActionPlan2020_FR.pdf\">Plan d\u2019action<\/a><br><a href=\"https:\/\/www.internetsociety.org\/wp-content\/uploads\/2021\/05\/Impact_Report_2020-FR.pdf\">Rapport d\u2019impact<\/a><br><a href=\"\/wp-content\/uploads\/2021\/11\/2020-Financial-Statements.pdf\">Financial Statements<\/a><br><a href=\"\/wp-content\/uploads\/2021\/11\/ISOC-2020-Form-990-Pub-Insp-Copy.pdf\">Form 990<\/a><\/p>\n<\/div>\n\n\n\n<div class=\"wp-block-column is-layout-flow wp-block-column-is-layout-flow\">\n<h3 class=\"wp-block-heading has-28-font-size\">2019<\/h3>\n\n\n\n<div style=\"height:10px\" aria-hidden=\"true\" class=\"wp-block-spacer\"><\/div>\n\n\n\n<p class=\"has-18-font-size\"><a href=\"https:\/\/www.internetsociety.org\/wp-content\/uploads\/2018\/12\/2019-ISOC-Action-Plan-FR.pdf\">Plan d\u2019action<\/a><br><a href=\"https:\/\/www.internetsociety.org\/wp-content\/uploads\/2020\/03\/2019_ImpactReport-FR.pdf\">Rapport d\u2019impact<\/a><br><a href=\"\/wp-content\/uploads\/2021\/04\/2019-Finacial-Statement.pdf\">Financial Statements<\/a><br><a href=\"\/wp-content\/uploads\/2020\/12\/ISOC-2019-Form-990-Pub-Insp-Copy.pdf\">Form 990<\/a><\/p>\n<\/div>\n\n\n\n<div class=\"wp-block-column is-layout-flow wp-block-column-is-layout-flow\">\n<h3 class=\"wp-block-heading has-28-font-size\">2018<\/h3>\n\n\n\n<div style=\"height:10px\" aria-hidden=\"true\" class=\"wp-block-spacer\"><\/div>\n\n\n\n<p class=\"has-18-font-size\"><a href=\"\/wp-content\/uploads\/2017\/09\/New-ISOC-2018-Action-Plan_BoT-Singapore_FINAL2-R.pdf\">Plan d\u2019action<\/a> (en anglais)<br><a href=\"https:\/\/www.internetsociety.org\/wp-content\/uploads\/2024\/12\/ISOC-2018-End-of-Year-FR.pdf\">L\u2019ann\u00e9e en chiffres<\/a><br><a href=\"\/wp-content\/uploads\/2019\/11\/2018-ISOC-Financials.pdf\">Financial Statements<br><\/a><a href=\"\/wp-content\/uploads\/2019\/11\/ISOC-2018-Form-990-Pub-Insp-Copy.pdf\">Form 990<\/a><\/p>\n<\/div>\n<\/div>\n\n\n\n<div style=\"height:20px\" aria-hidden=\"true\" class=\"wp-block-spacer\"><\/div>\n\n\n\n<div class=\"wp-block-columns is-layout-flex wp-container-core-columns-is-layout-9d6595d7 wp-block-columns-is-layout-flex\">\n<div class=\"wp-block-column uag-hide-mob is-layout-flow wp-block-column-is-layout-flow\">\n<h3 class=\"wp-block-heading has-28-font-size\">2017<\/h3>\n\n\n\n<div style=\"height:10px\" aria-hidden=\"true\" class=\"wp-block-spacer\"><\/div>\n\n\n\n<p class=\"has-18-font-size\"><a href=\"https:\/\/www.internetsociety.org\/wp-content\/uploads\/2017\/06\/Internet-Society-Action-Plan-2017.pdf\">Plan d&rsquo;action<\/a> (en anglais)<br><a href=\"https:\/\/www.internetsociety.org\/wp-content\/uploads\/2024\/12\/ISOC-2017-End-of-Year-FR.pdf\">L\u2019ann\u00e9e en chiffres<\/a><\/p>\n<\/div>\n\n\n\n<div class=\"wp-block-column is-layout-flow wp-block-column-is-layout-flow\">\n<h3 class=\"wp-block-heading has-28-font-size\">2016<\/h3>\n\n\n\n<div style=\"height:10px\" aria-hidden=\"true\" class=\"wp-block-spacer\"><\/div>\n\n\n\n<p class=\"has-18-font-size\"><a href=\"https:\/\/www.internetsociety.org\/wp-content\/uploads\/2017\/08\/2016-InternetSociety-Plan-Approved_0.pdf\">Plan d&rsquo;action<\/a> (en anglais)<br><a href=\"https:\/\/www.internetsociety.org\/wp-content\/uploads\/2024\/12\/ISOC-2016-End-of-Year-EN.pdf\">L\u2019ann\u00e9e en chiffres<\/a> (en anglais)<\/p>\n<\/div>\n\n\n\n<div class=\"wp-block-column is-layout-flow wp-block-column-is-layout-flow\">\n<h3 class=\"wp-block-heading has-28-font-size\">2015<\/h3>\n\n\n\n<div style=\"height:10px\" aria-hidden=\"true\" class=\"wp-block-spacer\"><\/div>\n\n\n\n<p class=\"has-18-font-size\"><a href=\"https:\/\/www.internetsociety.org\/wp-content\/uploads\/2017\/08\/11_2015-InternetSociety-Plan-Approved2028229.pdf\">Plan d&rsquo;action<\/a> (en anglais)<br><a href=\"https:\/\/www.internetsociety.org\/wp-content\/uploads\/2017\/10\/ISOCinNumbers2015.pdf\">L\u2019ann\u00e9e en chiffres<\/a> (en anglais)<\/p>\n<\/div>\n<\/div>\n\n\n\n<div style=\"height:30px\" aria-hidden=\"true\" class=\"wp-block-spacer\"><\/div>\n\n\n\n<p class=\"has-18-font-size\">Lisez la <a href=\"https:\/\/www.internetsociety.org\/about-internet-society\/financial-reports\/form-990-faq\/\">foire aux questions<\/a> sur le formulaire 990. Toute question concernant les informations financi\u00e8res de l\u2019Internet Society doit \u00eatre adress\u00e9e au service Comptabilit\u00e9 \u00e0 l\u2019adresse <a href=\"mailto:accounting@isoc.org\">accounting@isoc.org<\/a>.<\/p>\n\n\n\n<p class=\"has-18-font-size\">Vous pouvez retrouver les anciens rapports annuels sur <a href=\"https:\/\/www.internetsociety.org\/fr\/about-internet-society\/rapports-de-lorganisation\/archives\/\">notre page Archives<\/a>.<\/p>\n\n\n\n<div class=\"wp-block-columns are-vertically-aligned-center is-not-stacked-on-mobile uag-hide-desktop uag-hide-mob is-layout-flex wp-container-core-columns-is-layout-9d6595d7 wp-block-columns-is-layout-flex\">\n<div class=\"wp-block-column is-vertically-aligned-center uag-hide-tab is-layout-flow wp-block-column-is-layout-flow\" style=\"flex-basis:20%\"><\/div>\n\n\n\n<div class=\"wp-block-column is-vertically-aligned-center uag-hide-mob is-layout-flow wp-block-column-is-layout-flow\" style=\"flex-basis:20%\">\n<figure class=\"wp-block-image size-full is-style-default\"><a href=\"https:\/\/www.charitynavigator.org\/ein\/54-1650477\"><img loading=\"lazy\" decoding=\"async\" width=\"500\" height=\"500\" src=\"https:\/\/www.internetsociety.org\/wp-content\/uploads\/2024\/02\/Four-Star-Rating-Badge-CN.png\" alt=\"Label quatre \u00e9toiles de Charity Navigator\" class=\"wp-image-207155\" style=\"object-fit:cover\" srcset=\"https:\/\/www.internetsociety.org\/wp-content\/uploads\/2024\/02\/Four-Star-Rating-Badge-CN.png 500w, https:\/\/www.internetsociety.org\/wp-content\/uploads\/2024\/02\/Four-Star-Rating-Badge-CN-450x450.png 450w, https:\/\/www.internetsociety.org\/wp-content\/uploads\/2024\/02\/Four-Star-Rating-Badge-CN-150x150.png 150w, https:\/\/www.internetsociety.org\/wp-content\/uploads\/2024\/02\/Four-Star-Rating-Badge-CN-250x250.png 250w\" sizes=\"auto, (max-width: 500px) 100vw, 500px\" \/><\/a><\/figure>\n<\/div>\n\n\n\n<div class=\"wp-block-column is-vertically-aligned-center is-layout-flow wp-block-column-is-layout-flow\" style=\"flex-basis:10%\"><\/div>\n\n\n\n<div class=\"wp-block-column is-vertically-aligned-center uag-hide-mob is-layout-flow wp-block-column-is-layout-flow\" style=\"flex-basis:20%\">\n<figure class=\"wp-block-image size-medium is-style-default\"><a href=\"https:\/\/www.guidestar.org\/profile\/54-1650477\"><img loading=\"lazy\" decoding=\"async\" width=\"450\" height=\"450\" src=\"https:\/\/www.internetsociety.org\/wp-content\/uploads\/2024\/02\/candid-platinum-2024-450x450.png\" alt=\"Transparence Platine 2024 Candid\" class=\"wp-image-207159\" style=\"object-fit:cover\" srcset=\"https:\/\/www.internetsociety.org\/wp-content\/uploads\/2024\/02\/candid-platinum-2024-450x450.png 450w, https:\/\/www.internetsociety.org\/wp-content\/uploads\/2024\/02\/candid-platinum-2024-150x150.png 150w, https:\/\/www.internetsociety.org\/wp-content\/uploads\/2024\/02\/candid-platinum-2024-250x250.png 250w, https:\/\/www.internetsociety.org\/wp-content\/uploads\/2024\/02\/candid-platinum-2024.png 500w\" sizes=\"auto, (max-width: 450px) 100vw, 450px\" \/><\/a><\/figure>\n<\/div>\n\n\n\n<div class=\"wp-block-column is-vertically-aligned-center is-layout-flow wp-block-column-is-layout-flow\" style=\"flex-basis:20%\"><\/div>\n<\/div>\n\n\n\n<div class=\"wp-block-columns is-not-stacked-on-mobile uag-hide-desktop uag-hide-tab is-layout-flex wp-container-core-columns-is-layout-9d6595d7 wp-block-columns-is-layout-flex\">\n<div class=\"wp-block-column is-layout-flow wp-block-column-is-layout-flow\"><div class=\"wp-block-image is-style-default\">\n<figure class=\"aligncenter size-full\"><a href=\"https:\/\/www.charitynavigator.org\/ein\/54-1650477\"><img loading=\"lazy\" decoding=\"async\" width=\"500\" height=\"500\" src=\"https:\/\/www.internetsociety.org\/wp-content\/uploads\/2024\/02\/Four-Star-Rating-Badge-CN.png\" alt=\"Label quatre \u00e9toiles de Charity Navigator\" class=\"wp-image-207155\" style=\"object-fit:cover\" srcset=\"https:\/\/www.internetsociety.org\/wp-content\/uploads\/2024\/02\/Four-Star-Rating-Badge-CN.png 500w, https:\/\/www.internetsociety.org\/wp-content\/uploads\/2024\/02\/Four-Star-Rating-Badge-CN-450x450.png 450w, https:\/\/www.internetsociety.org\/wp-content\/uploads\/2024\/02\/Four-Star-Rating-Badge-CN-150x150.png 150w, https:\/\/www.internetsociety.org\/wp-content\/uploads\/2024\/02\/Four-Star-Rating-Badge-CN-250x250.png 250w\" sizes=\"auto, (max-width: 500px) 100vw, 500px\" \/><\/a><\/figure>\n<\/div><\/div>\n\n\n\n<div class=\"wp-block-column is-layout-flow wp-block-column-is-layout-flow\"><div class=\"wp-block-image is-style-default\">\n<figure class=\"aligncenter size-full\"><a href=\"https:\/\/www.guidestar.org\/profile\/54-1650477\"><img loading=\"lazy\" decoding=\"async\" width=\"500\" height=\"500\" src=\"https:\/\/www.internetsociety.org\/wp-content\/uploads\/2024\/02\/candid-platinum-2024.png\" alt=\"Transparence Platine 2024 Candid\" class=\"wp-image-207159\" style=\"object-fit:cover\" srcset=\"https:\/\/www.internetsociety.org\/wp-content\/uploads\/2024\/02\/candid-platinum-2024.png 500w, https:\/\/www.internetsociety.org\/wp-content\/uploads\/2024\/02\/candid-platinum-2024-450x450.png 450w, https:\/\/www.internetsociety.org\/wp-content\/uploads\/2024\/02\/candid-platinum-2024-150x150.png 150w, https:\/\/www.internetsociety.org\/wp-content\/uploads\/2024\/02\/candid-platinum-2024-250x250.png 250w\" sizes=\"auto, (max-width: 500px) 100vw, 500px\" \/><\/a><\/figure>\n<\/div><\/div>\n<\/div>\n<\/div>\n\n\n\n<div class=\"wp-block-uagb-column uagb-column__wrap uagb-column__background-undefined uagb-block-b00a52de uag-hide-tab uag-hide-mob\"><div class=\"uagb-column__overlay\"><\/div>\n<figure class=\"wp-block-image size-full is-style-default\"><a href=\"https:\/\/www.charitynavigator.org\/ein\/54-1650477\"><img loading=\"lazy\" decoding=\"async\" width=\"500\" height=\"500\" src=\"https:\/\/www.internetsociety.org\/wp-content\/uploads\/2024\/02\/Four-Star-Rating-Badge-CN.png\" alt=\"Label quatre \u00e9toiles de Charity Navigator\" class=\"wp-image-207155\" style=\"object-fit:cover\" srcset=\"https:\/\/www.internetsociety.org\/wp-content\/uploads\/2024\/02\/Four-Star-Rating-Badge-CN.png 500w, https:\/\/www.internetsociety.org\/wp-content\/uploads\/2024\/02\/Four-Star-Rating-Badge-CN-450x450.png 450w, https:\/\/www.internetsociety.org\/wp-content\/uploads\/2024\/02\/Four-Star-Rating-Badge-CN-150x150.png 150w, https:\/\/www.internetsociety.org\/wp-content\/uploads\/2024\/02\/Four-Star-Rating-Badge-CN-250x250.png 250w\" sizes=\"auto, (max-width: 500px) 100vw, 500px\" \/><\/a><\/figure>\n\n\n\n<div style=\"height:30px\" aria-hidden=\"true\" class=\"wp-block-spacer\"><\/div>\n\n\n\n<figure class=\"wp-block-image size-medium is-style-default\"><a href=\"https:\/\/www.guidestar.org\/profile\/54-1650477\"><img loading=\"lazy\" decoding=\"async\" width=\"450\" height=\"450\" src=\"https:\/\/www.internetsociety.org\/wp-content\/uploads\/2024\/02\/candid-platinum-2024-450x450.png\" alt=\"Transparence Platine 2024 Candid\" class=\"wp-image-207159\" style=\"object-fit:cover\" srcset=\"https:\/\/www.internetsociety.org\/wp-content\/uploads\/2024\/02\/candid-platinum-2024-450x450.png 450w, https:\/\/www.internetsociety.org\/wp-content\/uploads\/2024\/02\/candid-platinum-2024-150x150.png 150w, https:\/\/www.internetsociety.org\/wp-content\/uploads\/2024\/02\/candid-platinum-2024-250x250.png 250w, https:\/\/www.internetsociety.org\/wp-content\/uploads\/2024\/02\/candid-platinum-2024.png 500w\" sizes=\"auto, (max-width: 450px) 100vw, 450px\" \/><\/a><\/figure>\n<\/div>\n<\/div><\/section>\n<\/div>\n<\/div><\/section>\n","protected":false},"excerpt":{"rendered":"<p>Les rapports annuels et financiers de l&rsquo;Internet Society.<\/p>\n","protected":false},"author":46,"featured_media":125494,"parent":27400,"menu_order":0,"comment_status":"closed","ping_status":"closed","template":"page-wide.php","meta":{"_acf_changed":false,"_uag_custom_page_level_css":"","footnotes":""},"categories":[118],"tags":[],"region_news_regions":[6029],"content_category":[6105],"ppma_author":[4057],"class_list":["post-149341","page","type-page","status-publish","has-post-thumbnail","hentry","category-qui-sommes-nous","region_news_regions-mondial","content_category-resources-type"],"acf":[],"uagb_featured_image_src":{"full":["https:\/\/www.internetsociety.org\/wp-content\/uploads\/2020\/11\/internet-society-logo-bg.jpg",1280,554,false],"thumbnail":["https:\/\/www.internetsociety.org\/wp-content\/uploads\/2020\/11\/internet-society-logo-bg-150x150.jpg",150,150,true],"medium":["https:\/\/www.internetsociety.org\/wp-content\/uploads\/2020\/11\/internet-society-logo-bg-450x195.jpg",450,195,true],"medium_large":["https:\/\/www.internetsociety.org\/wp-content\/uploads\/2020\/11\/internet-society-logo-bg-768x332.jpg",768,332,true],"large":["https:\/\/www.internetsociety.org\/wp-content\/uploads\/2020\/11\/internet-society-logo-bg-1024x443.jpg",1024,443,true],"1536x1536":["https:\/\/www.internetsociety.org\/wp-content\/uploads\/2020\/11\/internet-society-logo-bg.jpg",1280,554,false],"2048x2048":["https:\/\/www.internetsociety.org\/wp-content\/uploads\/2020\/11\/internet-society-logo-bg.jpg",1280,554,false],"post-thumbnail":["https:\/\/www.internetsociety.org\/wp-content\/uploads\/2020\/11\/internet-society-logo-bg-250x108.jpg",250,108,true],"square":["https:\/\/www.internetsociety.org\/wp-content\/uploads\/2020\/11\/internet-society-logo-bg-600x554.jpg",600,554,true],"gform-image-choice-sm":["https:\/\/www.internetsociety.org\/wp-content\/uploads\/2020\/11\/internet-society-logo-bg.jpg",300,130,false],"gform-image-choice-md":["https:\/\/www.internetsociety.org\/wp-content\/uploads\/2020\/11\/internet-society-logo-bg.jpg",400,173,false],"gform-image-choice-lg":["https:\/\/www.internetsociety.org\/wp-content\/uploads\/2020\/11\/internet-society-logo-bg.jpg",600,260,false]},"uagb_author_info":{"display_name":"Ivana Trbovic","author_link":"https:\/\/www.internetsociety.org\/fr\/author\/trbovic\/"},"uagb_comment_info":0,"uagb_excerpt":"Les rapports annuels et financiers de l'Internet Society.","_links":{"self":[{"href":"https:\/\/www.internetsociety.org\/fr\/wp-json\/wp\/v2\/pages\/149341","targetHints":{"allow":["GET"]}}],"collection":[{"href":"https:\/\/www.internetsociety.org\/fr\/wp-json\/wp\/v2\/pages"}],"about":[{"href":"https:\/\/www.internetsociety.org\/fr\/wp-json\/wp\/v2\/types\/page"}],"author":[{"embeddable":true,"href":"https:\/\/www.internetsociety.org\/fr\/wp-json\/wp\/v2\/users\/46"}],"replies":[{"embeddable":true,"href":"https:\/\/www.internetsociety.org\/fr\/wp-json\/wp\/v2\/comments?post=149341"}],"version-history":[{"count":0,"href":"https:\/\/www.internetsociety.org\/fr\/wp-json\/wp\/v2\/pages\/149341\/revisions"}],"up":[{"embeddable":true,"href":"https:\/\/www.internetsociety.org\/fr\/wp-json\/wp\/v2\/pages\/27400"}],"wp:featuredmedia":[{"embeddable":true,"href":"https:\/\/www.internetsociety.org\/fr\/wp-json\/wp\/v2\/media\/125494"}],"wp:attachment":[{"href":"https:\/\/www.internetsociety.org\/fr\/wp-json\/wp\/v2\/media?parent=149341"}],"wp:term":[{"taxonomy":"category","embeddable":true,"href":"https:\/\/www.internetsociety.org\/fr\/wp-json\/wp\/v2\/categories?post=149341"},{"taxonomy":"post_tag","embeddable":true,"href":"https:\/\/www.internetsociety.org\/fr\/wp-json\/wp\/v2\/tags?post=149341"},{"taxonomy":"region_news_regions","embeddable":true,"href":"https:\/\/www.internetsociety.org\/fr\/wp-json\/wp\/v2\/region_news_regions?post=149341"},{"taxonomy":"content_category","embeddable":true,"href":"https:\/\/www.internetsociety.org\/fr\/wp-json\/wp\/v2\/content_category?post=149341"},{"taxonomy":"author","embeddable":true,"href":"https:\/\/www.internetsociety.org\/fr\/wp-json\/wp\/v2\/ppma_author?post=149341"}],"curies":[{"name":"wp","href":"https:\/\/api.w.org\/{rel}","templated":true}]}}