{"id":143479,"date":"2022-10-12T12:16:00","date_gmt":"2022-10-12T12:16:00","guid":{"rendered":"https:\/\/www.internetsociety.org\/?page_id=143479"},"modified":"2025-11-19T20:31:10","modified_gmt":"2025-11-19T20:31:10","slug":"jeunes-ambassadeurs-fgi","status":"publish","type":"page","link":"https:\/\/www.internetsociety.org\/fr\/policy-programs\/youth-ambassadors\/","title":{"rendered":"Programme Jeunes ambassadeurs"},"content":{"rendered":"\n<div class=\"wp-block-cover aligncenter is-light has-parallax\" style=\"min-height:600px;aspect-ratio:unset;\"><div class=\"wp-block-cover__image-background wp-image-151892 has-parallax\" style=\"background-position:50% 50%;background-image:url(https:\/\/www.internetsociety.org\/wp-content\/uploads\/2021\/10\/Image-from-iOS-1-e1633459238236.jpg)\"><\/div><span aria-hidden=\"true\" class=\"wp-block-cover__background has-background-dim-0 has-background-dim\"><\/span><div class=\"wp-block-cover__inner-container is-layout-flow wp-block-cover-is-layout-flow\">\n<p class=\"has-large-font-size\"><\/p>\n<\/div><\/div>\n\n\n\n<section class=\"wp-block-uagb-columns uagb-columns__wrap uagb-columns__background-color uagb-columns__stack-mobile uagb-columns__valign- uagb-columns__gap-10 align uagb-block-483db077 uagb-columns__columns-2 uagb-columns__max_width-theme\"><div class=\"uagb-columns__overlay\"><\/div><div class=\"uagb-columns__inner-wrap uagb-columns__columns-2\">\n<div class=\"wp-block-uagb-column uagb-column__wrap uagb-column__background-color uagb-block-a520f38e\"><div class=\"uagb-column__overlay\"><\/div>\n<h1 class=\"wp-block-heading has-depth-blue-color has-text-color uag-hide-desktop uag-hide-tab\">Programme Jeunes ambassadeurs<\/h1>\n\n\n\n<div style=\"height:20px\" aria-hidden=\"true\" class=\"wp-block-spacer uag-hide-desktop uag-hide-tab\"><\/div>\n\n\n\n<section class=\"wp-block-uagb-columns uagb-columns__wrap uagb-columns__background-color uagb-columns__stack-mobile uagb-columns__valign- uagb-columns__gap-10 align uagb-block-d419938b uagb-columns__columns-1 uagb-columns__max_width-theme background-image-fallback-black\"><div class=\"uagb-columns__overlay\"><\/div><div class=\"uagb-columns__inner-wrap uagb-columns__columns-1\">\n<div class=\"wp-block-uagb-column uagb-column__wrap uagb-column__background-undefined uagb-block-595c3f5a\"><div class=\"uagb-column__overlay\"><\/div>\n<h2 class=\"wp-block-heading has-neutral-white-color has-text-color has-28-font-size\" id=\"at-a-glance\">En bref<\/h2>\n\n\n\n<div style=\"height:20px\" aria-hidden=\"true\" class=\"wp-block-spacer\"><\/div>\n\n\n\n<p class=\"has-neutral-white-color has-text-color has-18-font-size\">Statut actuel:<br>ouvert<\/p>\n\n\n\n<p class=\"has-neutral-white-color has-text-color has-18-font-size\"><\/p>\n\n\n\n<div class=\"wp-block-buttons is-content-justification-left is-layout-flex wp-container-core-buttons-is-layout-fdcfc74e wp-block-buttons-is-layout-flex\">\n<div class=\"wp-block-button is-style-fill\"><a class=\"wp-block-button__link has-depth-blue-color has-neutral-white-background-color has-text-color has-background wp-element-button\" href=\"https:\/\/www.internetsociety.org\/policy-programs\/youth-ambassadors\/\"><strong>En savoir plus<\/strong><\/a><\/div>\n<\/div>\n\n\n\n<p class=\"has-neutral-white-color has-text-color has-18-font-size\"><\/p>\n<\/div>\n<\/div><\/section>\n<\/div>\n\n\n\n<div class=\"wp-block-uagb-column uagb-column__wrap uagb-column__background-undefined uagb-block-5c672ad5\"><div class=\"uagb-column__overlay\"><\/div>\n<h1 class=\"wp-block-heading has-depth-blue-color has-text-color uag-hide-mob\" id=\"early-career-fellowship\">Programme Jeunes ambassadeurs<\/h1>\n\n\n\n<div style=\"height:20px\" aria-hidden=\"true\" class=\"wp-block-spacer uag-hide-mob\"><\/div>\n\n\n\n<p>Vous souhaitez:<br>\u2713 apporter une grande diff\u00e9rence sur la gouvernance d&rsquo;Internet au sein de votre communaut\u00e9 ?<br>\u2713 recevoir une formation et entrer en relation avec des personnes influentes dans le domaine de la gouvernance d&rsquo;Internet ?<br>\u2713 assister \u00e0 un \u00e9v\u00e9nement sur l\u2019Internet ?<br>\u2713 avoir acc\u00e8s \u00e0 une plateforme vous permettant de vous exprimer sur les questions qui vous importent autour de l\u2019Internet ?<br>\u2713 influencier les politiques qui d\u00e9fendent l\u2019Internet ?<\/p>\n\n\n\n<h2 class=\"wp-block-heading has-text-color has-26-font-size\" style=\"color:#1d69d3\"><span style=\"line-height: 1.4\">Devenez un jeune ambassadeur !<\/span><\/h2>\n\n\n\n<div style=\"height:20px\" aria-hidden=\"true\" class=\"wp-block-spacer\"><\/div>\n\n\n\n<p>Chaque ann\u00e9e, l\u2019Internet Society s\u00e9lectionne quinze jeunes personnes passionn\u00e9es pour participer \u00e0 notre programme Jeunes ambassadeurs, dans le but de pr\u00e9parer au mieux la prochaine g\u00e9n\u00e9ration de leaders d\u2019Internet \u00e0 collaborer et innover pour un monde meilleur.<\/p>\n\n\n\n<div style=\"height:20px\" aria-hidden=\"true\" class=\"wp-block-spacer\"><\/div>\n\n\n\n<h3 class=\"wp-block-heading has-depth-blue-color has-text-color\">Qui est \u00e9ligible pour d\u00e9poser sa candidature?<\/h3>\n\n\n\n<div style=\"height:20px\" aria-hidden=\"true\" class=\"wp-block-spacer\"><\/div>\n\n\n\n<p>Votre candidature doit \u00eatre soumise en anglais.<\/p>\n\n\n\n<p>Tous les candidats doivent:<\/p>\n\n\n\n<ul class=\"wp-block-list\">\n<li>Avoir de 18 \u00e0 30 ans au moment de la soumission.<\/li>\n\n\n\n<li>Lire, \u00e9crire et parler couramment l\u2019anglais;<\/li>\n\n\n\n<li>\u00catre \u00e0 l\u2019aise pour parler en public et exposer leurs opinions.<\/li>\n\n\n\n<li>Avoir un acc\u00e8s continu \u00e0 Internet pendant toutes les phases du programme, ainsi que l\u2019\u00e9quipement appropi\u00e9.<\/li>\n\n\n\n<li>Pouvoir s\u2019engager \u00e0 consacrer au moins 4 heures par semaine pendant la dur\u00e9e du programme de 12 mois.<\/li>\n\n\n\n<li>\u00catre disponibles pour participer aux r\u00e9unions et aux webinaires hebdomadaires, g\u00e9n\u00e9ralement de 11h \u00e0 16h UTC.<\/li>\n\n\n\n<li>Pouvoir voyager et avoir un passeport valide.<\/li>\n\n\n\n<li>Ne pas avoir \u00e9t\u00e9 s\u00e9lectionn\u00e9s&nbsp;pr\u00e9c\u00e9demment&nbsp;par l\u2019Internet Society pour les programmes Ambassadeurs FGI, Jeunesse@FGI, Jeune Ambassadeurs FGI ou Jeunes ambassadeurs.<\/li>\n<\/ul>\n\n\n\n<div style=\"height:20px\" aria-hidden=\"true\" class=\"wp-block-spacer\"><\/div>\n\n\n\n<h4 class=\"wp-block-heading has-depth-blue-color has-text-color has-26-font-size\">Si vous r\u00e9pondez \u00e0 ces crit\u00e8res, veuillez vous rendre sur <a href=\"https:\/\/www.internetsociety.org\/policy-programs\/youth-ambassadors\/\">la&nbsp;page web en anglais<\/a>&nbsp;pour en savoir plus !<\/h4>\n<\/div>\n<\/div><\/section>\n","protected":false},"excerpt":{"rendered":"<p><b>Votre opportunit\u00e9 pour devenir un agent de changement. <\/b><br \/>Approfondissez votre expertise, soyez encadr\u00e9 par des leaders et des experts cl\u00e9s de l\u2019Internet, et d\u00e9veloppez vos comp\u00e9tences en mati\u00e8re de plaidoyer et de leadership. D\u00e9posez votre candidature au Programme Jeunes ambassadeurs d\u00e8s aujourd&rsquo;hui !<\/p>\n","protected":false},"author":46,"featured_media":186694,"parent":224071,"menu_order":0,"comment_status":"closed","ping_status":"closed","template":"page-wide.php","meta":{"_acf_changed":false,"_uag_custom_page_level_css":"","footnotes":""},"categories":[5695,5674,118],"tags":[6193,6157],"region_news_regions":[6029],"content_category":[],"ppma_author":[4057],"class_list":["post-143479","page","type-page","status-publish","has-post-thumbnail","hentry","category-communaute","category-faconner-le-futur-de-linternet","category-qui-sommes-nous","tag-anciens-eleves","tag-bourses","region_news_regions-mondial"],"acf":[],"uagb_featured_image_src":{"full":["https:\/\/www.internetsociety.org\/wp-content\/uploads\/2023\/02\/Fellows-at-table-small.jpg",600,274,false],"thumbnail":["https:\/\/www.internetsociety.org\/wp-content\/uploads\/2023\/02\/Fellows-at-table-small-150x150.jpg",150,150,true],"medium":["https:\/\/www.internetsociety.org\/wp-content\/uploads\/2023\/02\/Fellows-at-table-small-450x206.jpg",450,206,true],"medium_large":["https:\/\/www.internetsociety.org\/wp-content\/uploads\/2023\/02\/Fellows-at-table-small.jpg",600,274,false],"large":["https:\/\/www.internetsociety.org\/wp-content\/uploads\/2023\/02\/Fellows-at-table-small.jpg",600,274,false],"1536x1536":["https:\/\/www.internetsociety.org\/wp-content\/uploads\/2023\/02\/Fellows-at-table-small.jpg",600,274,false],"2048x2048":["https:\/\/www.internetsociety.org\/wp-content\/uploads\/2023\/02\/Fellows-at-table-small.jpg",600,274,false],"post-thumbnail":["https:\/\/www.internetsociety.org\/wp-content\/uploads\/2023\/02\/Fellows-at-table-small-250x114.jpg",250,114,true],"square":["https:\/\/www.internetsociety.org\/wp-content\/uploads\/2023\/02\/Fellows-at-table-small.jpg",600,274,false],"gform-image-choice-sm":["https:\/\/www.internetsociety.org\/wp-content\/uploads\/2023\/02\/Fellows-at-table-small.jpg",300,137,false],"gform-image-choice-md":["https:\/\/www.internetsociety.org\/wp-content\/uploads\/2023\/02\/Fellows-at-table-small.jpg",400,183,false],"gform-image-choice-lg":["https:\/\/www.internetsociety.org\/wp-content\/uploads\/2023\/02\/Fellows-at-table-small.jpg",600,274,false]},"uagb_author_info":{"display_name":"Ivana Trbovic","author_link":"https:\/\/www.internetsociety.org\/fr\/author\/trbovic\/"},"uagb_comment_info":0,"uagb_excerpt":"Votre opportunit\u00e9 pour devenir un agent de changement. Approfondissez votre expertise, soyez encadr\u00e9 par des leaders et des experts cl\u00e9s de l\u2019Internet, et d\u00e9veloppez vos comp\u00e9tences en mati\u00e8re de plaidoyer et de leadership. D\u00e9posez votre candidature au Programme Jeunes ambassadeurs d\u00e8s aujourd'hui !","_links":{"self":[{"href":"https:\/\/www.internetsociety.org\/fr\/wp-json\/wp\/v2\/pages\/143479","targetHints":{"allow":["GET"]}}],"collection":[{"href":"https:\/\/www.internetsociety.org\/fr\/wp-json\/wp\/v2\/pages"}],"about":[{"href":"https:\/\/www.internetsociety.org\/fr\/wp-json\/wp\/v2\/types\/page"}],"author":[{"embeddable":true,"href":"https:\/\/www.internetsociety.org\/fr\/wp-json\/wp\/v2\/users\/46"}],"replies":[{"embeddable":true,"href":"https:\/\/www.internetsociety.org\/fr\/wp-json\/wp\/v2\/comments?post=143479"}],"version-history":[{"count":0,"href":"https:\/\/www.internetsociety.org\/fr\/wp-json\/wp\/v2\/pages\/143479\/revisions"}],"up":[{"embeddable":true,"href":"https:\/\/www.internetsociety.org\/fr\/wp-json\/wp\/v2\/pages\/224071"}],"wp:featuredmedia":[{"embeddable":true,"href":"https:\/\/www.internetsociety.org\/fr\/wp-json\/wp\/v2\/media\/186694"}],"wp:attachment":[{"href":"https:\/\/www.internetsociety.org\/fr\/wp-json\/wp\/v2\/media?parent=143479"}],"wp:term":[{"taxonomy":"category","embeddable":true,"href":"https:\/\/www.internetsociety.org\/fr\/wp-json\/wp\/v2\/categories?post=143479"},{"taxonomy":"post_tag","embeddable":true,"href":"https:\/\/www.internetsociety.org\/fr\/wp-json\/wp\/v2\/tags?post=143479"},{"taxonomy":"region_news_regions","embeddable":true,"href":"https:\/\/www.internetsociety.org\/fr\/wp-json\/wp\/v2\/region_news_regions?post=143479"},{"taxonomy":"content_category","embeddable":true,"href":"https:\/\/www.internetsociety.org\/fr\/wp-json\/wp\/v2\/content_category?post=143479"},{"taxonomy":"author","embeddable":true,"href":"https:\/\/www.internetsociety.org\/fr\/wp-json\/wp\/v2\/ppma_author?post=143479"}],"curies":[{"name":"wp","href":"https:\/\/api.w.org\/{rel}","templated":true}]}}