{"id":135365,"date":"2021-10-02T21:35:00","date_gmt":"2021-10-02T21:35:00","guid":{"rendered":"https:\/\/www.internetsociety.org\/?page_id=135365"},"modified":"2025-09-22T11:51:06","modified_gmt":"2025-09-22T11:51:06","slug":"programme-de-debut-de-carriere","status":"publish","type":"page","link":"https:\/\/www.internetsociety.org\/fr\/fellowships\/early-career\/","title":{"rendered":"Programme de d\u00e9but de carri\u00e8re"},"content":{"rendered":"\n<div class=\"wp-block-cover is-light\" style=\"min-height:600px;aspect-ratio:unset;\"><span aria-hidden=\"true\" class=\"wp-block-cover__background has-background-dim-0 has-background-dim\"><\/span><img loading=\"lazy\" decoding=\"async\" width=\"1350\" height=\"900\" class=\"wp-block-cover__image-background wp-image-134860\" alt=\"a group of people looking at camera smiling\" src=\"https:\/\/www.internetsociety.org\/wp-content\/uploads\/2021\/03\/Day-1-197-min.jpg\" data-object-fit=\"cover\" srcset=\"https:\/\/www.internetsociety.org\/wp-content\/uploads\/2021\/03\/Day-1-197-min.jpg 1350w, https:\/\/www.internetsociety.org\/wp-content\/uploads\/2021\/03\/Day-1-197-min-450x300.jpg 450w, https:\/\/www.internetsociety.org\/wp-content\/uploads\/2021\/03\/Day-1-197-min-1024x683.jpg 1024w, https:\/\/www.internetsociety.org\/wp-content\/uploads\/2021\/03\/Day-1-197-min-768x512.jpg 768w, https:\/\/www.internetsociety.org\/wp-content\/uploads\/2021\/03\/Day-1-197-min-250x167.jpg 250w\" sizes=\"auto, (max-width: 1350px) 100vw, 1350px\" \/><div class=\"wp-block-cover__inner-container is-layout-flow wp-block-cover-is-layout-flow\">\n<p class=\"has-text-align-center has-large-font-size\"><\/p>\n<\/div><\/div>\n\n\n\n<section class=\"wp-block-uagb-columns uagb-columns__wrap uagb-columns__background-color uagb-columns__stack-mobile uagb-columns__valign- uagb-columns__gap-10 align uagb-block-483db077 uagb-columns__columns-2 uagb-columns__max_width-theme\"><div class=\"uagb-columns__overlay\"><\/div><div class=\"uagb-columns__inner-wrap uagb-columns__columns-2\">\n<div class=\"wp-block-uagb-column uagb-column__wrap uagb-column__background-color uagb-block-a520f38e\"><div class=\"uagb-column__overlay\"><\/div>\n<h1 class=\"wp-block-heading has-accent-purple-color has-text-color uag-hide-desktop uag-hide-tab\">Programme de d\u00e9but de carri\u00e8re<\/h1>\n\n\n\n<div style=\"height:20px\" aria-hidden=\"true\" class=\"wp-block-spacer uag-hide-desktop uag-hide-tab\"><\/div>\n\n\n\n<section class=\"wp-block-uagb-columns uagb-columns__wrap uagb-columns__background-color uagb-columns__stack-mobile uagb-columns__valign- uagb-columns__gap-10 align uagb-block-d419938b uagb-columns__columns-1 uagb-columns__max_width-theme background-image-fallback-black\"><div class=\"uagb-columns__overlay\"><\/div><div class=\"uagb-columns__inner-wrap uagb-columns__columns-1\">\n<div class=\"wp-block-uagb-column uagb-column__wrap uagb-column__background-undefined uagb-block-595c3f5a\"><div class=\"uagb-column__overlay\"><\/div>\n<h2 class=\"wp-block-heading has-neutral-white-color has-text-color has-28-font-size\" id=\"at-a-glance\">En bref<\/h2>\n\n\n\n<div style=\"height:20px\" aria-hidden=\"true\" class=\"wp-block-spacer\"><\/div>\n\n\n\n<p class=\"has-neutral-white-color has-text-color has-18-font-size\">Statut actuel:<br>ferm\u00e9<\/p>\n\n\n\n<p class=\"has-neutral-white-color has-text-color has-18-font-size\"><\/p>\n\n\n\n<div class=\"wp-block-buttons is-content-justification-left is-layout-flex wp-container-core-buttons-is-layout-fdcfc74e wp-block-buttons-is-layout-flex\">\n<div class=\"wp-block-button is-style-fill\"><a class=\"wp-block-button__link has-accent-purple-color has-neutral-white-background-color has-text-color has-background wp-element-button\" href=\"https:\/\/www.internetsociety.org\/fellowships\/early-career\/\"><strong>En savoir plus<\/strong><\/a><\/div>\n<\/div>\n\n\n\n<p class=\"has-neutral-white-color has-text-color has-18-font-size\"><\/p>\n<\/div>\n<\/div><\/section>\n<\/div>\n\n\n\n<div class=\"wp-block-uagb-column uagb-column__wrap uagb-column__background-undefined uagb-block-5c672ad5\"><div class=\"uagb-column__overlay\"><\/div>\n<h1 class=\"wp-block-heading has-accent-purple-color has-text-color uag-hide-mob\" id=\"early-career-fellowship\">Programme de d\u00e9but de carri\u00e8re<\/h1>\n\n\n\n<div style=\"height:20px\" aria-hidden=\"true\" class=\"wp-block-spacer uag-hide-mob\"><\/div>\n\n\n\n<p>L\u2019Internet est une source de possibilit\u00e9s et d\u2019opportunit\u00e9s qui a transform\u00e9 nos vies pour le mieux. Il nous permet de collaborer, de partager des id\u00e9es et de renforcer nos liens. Nous y travaillons, apprenons, communiquons et innovons.<\/p>\n\n\n\n<p>L\u2019Internet a prosp\u00e9r\u00e9 et \u00e9volu\u00e9 gr\u00e2ce \u00e0 sa philosophie fondamentale : une architecture ouverte et une culture de collaboration pour le bien commun.<\/p>\n\n\n\n<p>De plus en plus, les principes fondamentaux de l\u2019Internet sont remis en question dans le monde entier. Pour aider \u00e0 relever ces d\u00e9fis, notre\u00a0<em>programme de d\u00e9but de carri\u00e8re\u00a0<\/em>est con\u00e7ue de mani\u00e8re \u00e0 former une nouvelle g\u00e9n\u00e9ration diversifi\u00e9e de champions de l\u2019Internet capables de combler le foss\u00e9 entre la technologie et la politique, et de d\u00e9fendre un Internet ouvert, globalement connect\u00e9, s\u00e9curis\u00e9 et digne de confiance.<\/p>\n\n\n\n<p>Les boursiers auront acc\u00e8s \u00e0 certains acteurs du secteur de l\u2019Internet, aux plus grands penseurs et organisations actuels, tout en b\u00e9n\u00e9ficiant d\u2019un soutien direct pour favoriser leur d\u00e9veloppement professionnel.<\/p>\n\n\n\n<p><strong>Une comp\u00e9tence linguistique en anglais, tant \u00e0 l\u2019oral qu\u2019\u00e0 l\u2019\u00e9crit<\/strong>, est requise pour \u00eatre s\u00e9lectionn\u00e9 comme boursier pour le programme de d\u00e9but de carri\u00e8re.<\/p>\n\n\n\n<ul class=\"wp-block-list\">\n<li>De plus, pour postuler, les candidats doivent avoir :<\/li>\n\n\n\n<li>Disponibilit\u00e9 \u00e0 participer pleinement \u00e0 l\u2019exp\u00e9rience des 5 mois.<\/li>\n\n\n\n<li>Un dipl\u00f4me de premier cycle\/de formation professionnelle et au moins deux ans d\u2019exp\u00e9rience professionnelle dans un domaine li\u00e9 \u00e0 l\u2019Internet ; OU au moins quatre ans d\u2019exp\u00e9rience professionnelle dans un domaine li\u00e9 \u00e0 l\u2019Internet ;<\/li>\n\n\n\n<li>Une proposition de projet prometteuse pour le d\u00e9veloppement et\/ou le renforcement de l\u2019Internet ;<\/li>\n\n\n\n<li>Un acc\u00e8s fiable \u00e0 une connexion Internet \u00e0 haut d\u00e9bit et un appareil appropri\u00e9 ;<\/li>\n<\/ul>\n\n\n\n<div style=\"height:20px\" aria-hidden=\"true\" class=\"wp-block-spacer\"><\/div>\n\n\n\n<h2 class=\"wp-block-heading has-accent-purple-color has-text-color has-26-font-size\"><span style=\"line-height: 1.4\"><span class=\"tadv-color\" style=\"color:#7e245c\">Si vous r\u00e9pondez \u00e0 ces crit\u00e8res, veuillez vous rendre sur la <a href=\"https:\/\/www.internetsociety.org\/fellowships\/early-career\/\"><span style=\"text-decoration: underline;\">page Web en anglais<\/span><\/a><\/span><\/span>.<\/h2>\n<\/div>\n<\/div><\/section>\n\n\n\n<p class=\"has-text-align-center has-neutral-white-color has-ground-navy-background-color has-text-color has-background has-link-color has-12-font-size wp-elements-9c7337d1256cc44e1be06034514011f6\">Cr\u00e9dit d&rsquo;image: \u00a9 Urban Pixel Lebanon<\/p>\n","protected":false},"excerpt":{"rendered":"<p><b>Cette programme \u00e9quipe les champions d&rsquo;Internet pour qu&rsquo;ils deviennent les futurs leaders dont Internet a besoin.<\/b><br \/>\n<br \/>D\u00e9veloppez vos connaissances gr\u00e2ce \u00e0 des cours, des sessions de discussion, des projets et des opportunit\u00e9s de mentorat et de collaboration sans pr\u00e9c\u00e9dent.<\/p>\n","protected":false},"author":46,"featured_media":134790,"parent":224071,"menu_order":0,"comment_status":"closed","ping_status":"closed","template":"page-wide.php","meta":{"_acf_changed":false,"_uag_custom_page_level_css":"","footnotes":""},"categories":[5695,5674,118],"tags":[6193,6157],"region_news_regions":[6029],"content_category":[],"ppma_author":[4057],"class_list":["post-135365","page","type-page","status-publish","has-post-thumbnail","hentry","category-communaute","category-faconner-le-futur-de-linternet","category-qui-sommes-nous","tag-anciens-eleves","tag-bourses","region_news_regions-mondial"],"acf":[],"uagb_featured_image_src":{"full":["https:\/\/www.internetsociety.org\/wp-content\/uploads\/2021\/03\/early-career-fellowship-e1668597304544.jpeg",1280,550,false],"thumbnail":["https:\/\/www.internetsociety.org\/wp-content\/uploads\/2021\/03\/early-career-fellowship-150x150.jpeg",150,150,true],"medium":["https:\/\/www.internetsociety.org\/wp-content\/uploads\/2021\/03\/early-career-fellowship-450x193.jpeg",450,193,true],"medium_large":["https:\/\/www.internetsociety.org\/wp-content\/uploads\/2021\/03\/early-career-fellowship-768x330.jpeg",768,330,true],"large":["https:\/\/www.internetsociety.org\/wp-content\/uploads\/2021\/03\/early-career-fellowship-1024x440.jpeg",1024,440,true],"1536x1536":["https:\/\/www.internetsociety.org\/wp-content\/uploads\/2021\/03\/early-career-fellowship-e1668597304544.jpeg",1280,550,false],"2048x2048":["https:\/\/www.internetsociety.org\/wp-content\/uploads\/2021\/03\/early-career-fellowship-e1668597304544.jpeg",1280,550,false],"post-thumbnail":["https:\/\/www.internetsociety.org\/wp-content\/uploads\/2021\/03\/early-career-fellowship-250x107.jpeg",250,107,true],"square":["https:\/\/www.internetsociety.org\/wp-content\/uploads\/2021\/03\/early-career-fellowship-600x550.jpeg",600,550,true],"gform-image-choice-sm":["https:\/\/www.internetsociety.org\/wp-content\/uploads\/2021\/03\/early-career-fellowship-e1668597304544.jpeg",300,129,false],"gform-image-choice-md":["https:\/\/www.internetsociety.org\/wp-content\/uploads\/2021\/03\/early-career-fellowship-e1668597304544.jpeg",400,172,false],"gform-image-choice-lg":["https:\/\/www.internetsociety.org\/wp-content\/uploads\/2021\/03\/early-career-fellowship-e1668597304544.jpeg",600,258,false]},"uagb_author_info":{"display_name":"Ivana Trbovic","author_link":"https:\/\/www.internetsociety.org\/fr\/author\/trbovic\/"},"uagb_comment_info":0,"uagb_excerpt":"Cette programme \u00e9quipe les champions d'Internet pour qu'ils deviennent les futurs leaders dont Internet a besoin. D\u00e9veloppez vos connaissances gr\u00e2ce \u00e0 des cours, des sessions de discussion, des projets et des opportunit\u00e9s de mentorat et de collaboration sans pr\u00e9c\u00e9dent.","_links":{"self":[{"href":"https:\/\/www.internetsociety.org\/fr\/wp-json\/wp\/v2\/pages\/135365","targetHints":{"allow":["GET"]}}],"collection":[{"href":"https:\/\/www.internetsociety.org\/fr\/wp-json\/wp\/v2\/pages"}],"about":[{"href":"https:\/\/www.internetsociety.org\/fr\/wp-json\/wp\/v2\/types\/page"}],"author":[{"embeddable":true,"href":"https:\/\/www.internetsociety.org\/fr\/wp-json\/wp\/v2\/users\/46"}],"replies":[{"embeddable":true,"href":"https:\/\/www.internetsociety.org\/fr\/wp-json\/wp\/v2\/comments?post=135365"}],"version-history":[{"count":0,"href":"https:\/\/www.internetsociety.org\/fr\/wp-json\/wp\/v2\/pages\/135365\/revisions"}],"up":[{"embeddable":true,"href":"https:\/\/www.internetsociety.org\/fr\/wp-json\/wp\/v2\/pages\/224071"}],"wp:featuredmedia":[{"embeddable":true,"href":"https:\/\/www.internetsociety.org\/fr\/wp-json\/wp\/v2\/media\/134790"}],"wp:attachment":[{"href":"https:\/\/www.internetsociety.org\/fr\/wp-json\/wp\/v2\/media?parent=135365"}],"wp:term":[{"taxonomy":"category","embeddable":true,"href":"https:\/\/www.internetsociety.org\/fr\/wp-json\/wp\/v2\/categories?post=135365"},{"taxonomy":"post_tag","embeddable":true,"href":"https:\/\/www.internetsociety.org\/fr\/wp-json\/wp\/v2\/tags?post=135365"},{"taxonomy":"region_news_regions","embeddable":true,"href":"https:\/\/www.internetsociety.org\/fr\/wp-json\/wp\/v2\/region_news_regions?post=135365"},{"taxonomy":"content_category","embeddable":true,"href":"https:\/\/www.internetsociety.org\/fr\/wp-json\/wp\/v2\/content_category?post=135365"},{"taxonomy":"author","embeddable":true,"href":"https:\/\/www.internetsociety.org\/fr\/wp-json\/wp\/v2\/ppma_author?post=135365"}],"curies":[{"name":"wp","href":"https:\/\/api.w.org\/{rel}","templated":true}]}}