{"id":134575,"date":"2021-02-11T20:45:43","date_gmt":"2021-02-11T20:45:43","guid":{"rendered":"https:\/\/www.internetsociety.org\/?page_id=134575"},"modified":"2025-12-23T17:45:05","modified_gmt":"2025-12-23T17:45:05","slug":"principes-fondamentaux-de-la-gestion-des-chapitres-de-linternet-society","status":"publish","type":"page","link":"https:\/\/www.internetsociety.org\/fr\/learning\/chapter-management-essentials\/","title":{"rendered":"Les bases de la gestion d\u2019un chapitre local de l\u2019Internet Society"},"content":{"rendered":"\n<section class=\"wp-block-uagb-columns uagb-columns__wrap uagb-columns__background-image uagb-columns__stack-mobile uagb-columns__valign- uagb-columns__gap-10 align uagb-block-223b6709 uagb-columns__columns-1 uagb-columns__max_width-theme background-image-fallback-black\"><div class=\"uagb-columns__overlay\"><\/div><div class=\"uagb-columns__inner-wrap uagb-columns__columns-1\">\n<div class=\"wp-block-uagb-column uagb-column__wrap uagb-column__background-undefined uagb-block-fea30b0c\"><div class=\"uagb-column__overlay\"><\/div>\n<p class=\"has-neutral-white-color has-text-color has-18-font-size\"><a href=\"https:\/\/www.internetsociety.org\/fr\/learning\/\">Learning<\/a> &gt; Les bases de la gestion d&rsquo;un chapitre local de l&rsquo;Internet Society<\/p>\n\n\n\n<div style=\"height:30px\" aria-hidden=\"true\" class=\"wp-block-spacer\"><\/div>\n\n\n\n<h1 class=\"wp-block-heading has-neutral-white-color has-text-color\">Les bases de la gestion d&rsquo;un chapitre local de l&rsquo;Internet Society<\/h1>\n<\/div>\n<\/div><\/section>\n\n\n\n<section class=\"wp-block-uagb-columns uagb-columns__wrap uagb-columns__background-none uagb-columns__stack-tablet uagb-columns__valign- uagb-columns__gap-5 align uagb-columns__reverse-tablet uagb-block-aa1dbf1d uagb-columns__columns-2 uagb-columns__max_width-theme\"><div class=\"uagb-columns__overlay\"><\/div><div class=\"uagb-columns__inner-wrap uagb-columns__columns-2\">\n<div class=\"wp-block-uagb-column uagb-column__wrap uagb-column__background-undefined uagb-block-d558d8b6\"><div class=\"uagb-column__overlay\"><\/div>\n<h2 class=\"wp-block-heading has-48-font-size\" id=\"en-quoi-consiste-principes-fondamentaux-de-la-gestion-des-chapitres\">En quoi consiste les bases de la gestion d\u2019un chapitre local de l\u2019Internet Society?<\/h2>\n\n\n\n<div style=\"height:20px\" aria-hidden=\"true\" class=\"wp-block-spacer\"><\/div>\n\n\n\n<p>Cette formation vous aide \u00e0 apprendre le n\u00e9cessaire pour bien g\u00e9rer un chapitre de l&rsquo;Internet Society. Elle pr\u00e9sente notamment des conseils pour vous aider \u00e0 impliquer les communaut\u00e9s locales afin de concr\u00e9tiser notre vision partag\u00e9e. Elle traite \u00e9galement de sujets tels que la lev\u00e9e de fonds, le d\u00e9veloppement du nombre d&rsquo;adh\u00e9rents, les activit\u00e9s de d\u00e9veloppement et les bases d&rsquo;une communication efficace. <\/p>\n\n\n\n<div style=\"height:30px\" aria-hidden=\"true\" class=\"wp-block-spacer\"><\/div>\n\n\n\n<h3 class=\"wp-block-heading\" id=\"quels-sont-les-objectifs-de-la-formation\">Quels sont les objectifs de la formation?<\/h3>\n\n\n\n<div style=\"height:20px\" aria-hidden=\"true\" class=\"wp-block-spacer\"><\/div>\n\n\n\n<ul class=\"wp-block-list\">\n<li>D\u00e9couvrir comment bien diriger un chapitre <\/li>\n\n\n\n<li>D\u00e9couvrir comment trouver des financements pour cr\u00e9er et mettre en place un chapitre <\/li>\n\n\n\n<li>Apprendre comment augmenter le nombre d&rsquo;adh\u00e9rents \u00e0 un chapitre <\/li>\n\n\n\n<li>D\u00e9couvrir comment d\u00e9velopper des activit\u00e9s, des programmes et des \u00e9v\u00e9nements pour un chapitre <\/li>\n<\/ul>\n\n\n\n<div style=\"height:30px\" aria-hidden=\"true\" class=\"wp-block-spacer\"><\/div>\n\n\n\n<h3 class=\"wp-block-heading\" id=\"a-qui-est-destinee-cette-formation\">\u00c0 qui est destin\u00e9e cette formation?<\/h3>\n\n\n\n<div style=\"height:20px\" aria-hidden=\"true\" class=\"wp-block-spacer\"><\/div>\n\n\n\n<p><a href=\"https:\/\/www.internetsociety.org\/wp-content\/uploads\/2021\/04\/Chapter-handbook-2020_FR.pdf\">Guide \u00e0 l&rsquo;usage des chapitres<\/a> accompagne ce cours et couvre tout ce dont les dirigeants ont besoin pour d\u00e9marrer et maintenir un chapitre r\u00e9ussi de l&rsquo;Internet Society.<\/p>\n\n\n\n<p>Cette formation est faite pour vous si :<\/p>\n\n\n\n<ul class=\"wp-block-list\">\n<li>Vous \u00eates un nouveau dirigeant de chapitre de l&rsquo;Internet Society ou vous envisagez de le devenir pour nous aider \u00e0 rendre Internet ouvert, mondialement connect\u00e9, s\u00e9curis\u00e9 et digne de confiance pour tous <\/li>\n\n\n\n<li>Vous \u00eates d\u00e9j\u00e0 dirigeant de chapitre, et souhaiteriez revoir les bases de la gestion d&rsquo;un chapitre, ainsi que quelques normes, politiques et exigences de l&rsquo;Internet Society relatives aux chapitres <\/li>\n\n\n\n<li>Vous souhaitez contribuer au d\u00e9veloppement d&rsquo;Internet dans votre pays et votre r\u00e9gion en impliquant les communaut\u00e9s locales dans des probl\u00e9matiques relatives \u00e0 Internet, et touchant aux technologies, \u00e0 la politique et au d\u00e9veloppement, et en sensibilisant autour de questions ayant trait \u00e0 Internet <\/li>\n<\/ul>\n\n\n\n<div style=\"height:30px\" aria-hidden=\"true\" class=\"wp-block-spacer\"><\/div>\n\n\n\n<h3 class=\"wp-block-heading\" id=\"comment-s-inscrire-a-un-cours\">Comment s\u2019inscrire \u00e0 un cours?<\/h3>\n\n\n\n<div style=\"height:20px\" aria-hidden=\"true\" class=\"wp-block-spacer\"><\/div>\n\n\n<div class=\"wp-block-uagb-faq uagb-faq__outer-wrap uagb-block-9db2ad0a uagb-faq-icon-row-reverse uagb-faq-layout-accordion uagb-faq-expand-first-false uagb-faq-inactive-other-true uagb-faq__wrap uagb-buttons-layout-wrap uagb-faq-equal-height     \" data-faqtoggle=\"true\" role=\"tablist\"><div class=\"wp-block-uagb-faq-child uagb-faq-child__outer-wrap uagb-faq-item uagb-block-776b7b9f \" role=\"tab\" tabindex=\"0\"><div class=\"uagb-faq-questions-button uagb-faq-questions\">\t\t\t<span class=\"uagb-icon uagb-faq-icon-wrap\">\n\t\t\t\t\t\t\t\t<svg xmlns=\"https:\/\/www.w3.org\/2000\/svg\" viewBox= \"0 0 448 512\"><path d=\"M432 256c0 17.69-14.33 32.01-32 32.01H256v144c0 17.69-14.33 31.99-32 31.99s-32-14.3-32-31.99v-144H48c-17.67 0-32-14.32-32-32.01s14.33-31.99 32-31.99H192v-144c0-17.69 14.33-32.01 32-32.01s32 14.32 32 32.01v144h144C417.7 224 432 238.3 432 256z\"><\/path><\/svg>\n\t\t\t\t\t\t\t<\/span>\n\t\t\t\t\t\t<span class=\"uagb-icon-active uagb-faq-icon-wrap\">\n\t\t\t\t\t\t\t\t<svg xmlns=\"https:\/\/www.w3.org\/2000\/svg\" viewBox= \"0 0 448 512\"><path d=\"M400 288h-352c-17.69 0-32-14.32-32-32.01s14.31-31.99 32-31.99h352c17.69 0 32 14.3 32 31.99S417.7 288 400 288z\"><\/path><\/svg>\n\t\t\t\t\t\t\t<\/span>\n\t\t\t<h3 class=\"uagb-question\">Comment puis-je acc\u00e9der \u00e0 la plateforme d&rsquo;apprentissage en tant que membre de l&rsquo;Internet Society ?<\/h3><\/div><div class=\"uagb-faq-content\"><p>En tant que membre de l&rsquo;Internet Society, vous pouvez acc\u00e9der au lien suivant : <a href=\"https:\/\/learning.internetsociety.org\/\">learning.internetsociety.org<\/a>, avec vos identifiants de connexion de membre. Il n&rsquo;est pas n\u00e9cessaire de cr\u00e9er un nouveau compte. Si vous ne vous souvenez pas de vos informations de connexion, s\u00e9lectionnez <strong>Forgot Login ?<\/strong> pour recevoir votre nom d&rsquo;utilisateur et un lien pour r\u00e9initialiser votre mot de passe. Une fois connect\u00e9, vous allez pouvoir consulter le catalogue des cours et s\u00e9lectionner le cours auquel vous souhaitez vous inscrire.<\/p><\/div><\/div><div class=\"wp-block-uagb-faq-child uagb-faq-child__outer-wrap uagb-faq-item uagb-block-93a04c8f \" role=\"tab\" tabindex=\"0\"><div class=\"uagb-faq-questions-button uagb-faq-questions\">\t\t\t<span class=\"uagb-icon uagb-faq-icon-wrap\">\n\t\t\t\t\t\t\t\t<svg xmlns=\"https:\/\/www.w3.org\/2000\/svg\" viewBox= \"0 0 448 512\"><path d=\"M432 256c0 17.69-14.33 32.01-32 32.01H256v144c0 17.69-14.33 31.99-32 31.99s-32-14.3-32-31.99v-144H48c-17.67 0-32-14.32-32-32.01s14.33-31.99 32-31.99H192v-144c0-17.69 14.33-32.01 32-32.01s32 14.32 32 32.01v144h144C417.7 224 432 238.3 432 256z\"><\/path><\/svg>\n\t\t\t\t\t\t\t<\/span>\n\t\t\t\t\t\t<span class=\"uagb-icon-active uagb-faq-icon-wrap\">\n\t\t\t\t\t\t\t\t<svg xmlns=\"https:\/\/www.w3.org\/2000\/svg\" viewBox= \"0 0 448 512\"><path d=\"M400 288h-352c-17.69 0-32-14.32-32-32.01s14.31-31.99 32-31.99h352c17.69 0 32 14.3 32 31.99S417.7 288 400 288z\"><\/path><\/svg>\n\t\t\t\t\t\t\t<\/span>\n\t\t\t<h3 class=\"uagb-question\">Comment puis-je acc\u00e9der \u00e0 la plateforme d&rsquo;apprentissage en tant que non-membre ?<\/h3><\/div><div class=\"uagb-faq-content\"><p>Tant les visiteurs que les membres de l&rsquo;Internet Society peuvent acc\u00e9der \u00e0 la plateforme d&rsquo;apprentissage. Pour s&rsquo;inscrire comme l&rsquo;un ou l&rsquo;autre, cliquez sur <strong>Register <\/strong>dans la case de connexion \u00e0 <a href=\"https:\/\/learning.internetsociety.org\/\">learning.internetsociety.org<\/a>. Ensuite, soit inscrivez-vous en tant que membre, ou cliquez sur <strong>le formulaire d&rsquo;inscription<\/strong> pour vous inscrire en tant que visiteur. Une fois que vous avez cr\u00e9\u00e9 un compte, vous pouvez utiliser les informations d&rsquo;identification que vous avez cr\u00e9\u00e9es (nom d&rsquo;utilisateur et mot de passe) pour vous connecter \u00e0 <a href=\"https:\/\/learning.internetsociety.org\/\">learning.internetsociety.org<\/a>. Une fois connect\u00e9, vous allez pouvoir consulter le catalogue des cours et vous inscrire \u00e0 des cours.<\/p><\/div><\/div><div class=\"wp-block-uagb-faq-child uagb-faq-child__outer-wrap uagb-faq-item uagb-block-5a797527 \" role=\"tab\" tabindex=\"0\"><div class=\"uagb-faq-questions-button uagb-faq-questions\">\t\t\t<span class=\"uagb-icon uagb-faq-icon-wrap\">\n\t\t\t\t\t\t\t\t<svg xmlns=\"https:\/\/www.w3.org\/2000\/svg\" viewBox= \"0 0 448 512\"><path d=\"M432 256c0 17.69-14.33 32.01-32 32.01H256v144c0 17.69-14.33 31.99-32 31.99s-32-14.3-32-31.99v-144H48c-17.67 0-32-14.32-32-32.01s14.33-31.99 32-31.99H192v-144c0-17.69 14.33-32.01 32-32.01s32 14.32 32 32.01v144h144C417.7 224 432 238.3 432 256z\"><\/path><\/svg>\n\t\t\t\t\t\t\t<\/span>\n\t\t\t\t\t\t<span class=\"uagb-icon-active uagb-faq-icon-wrap\">\n\t\t\t\t\t\t\t\t<svg xmlns=\"https:\/\/www.w3.org\/2000\/svg\" viewBox= \"0 0 448 512\"><path d=\"M400 288h-352c-17.69 0-32-14.32-32-32.01s14.31-31.99 32-31.99h352c17.69 0 32 14.3 32 31.99S417.7 288 400 288z\"><\/path><\/svg>\n\t\t\t\t\t\t\t<\/span>\n\t\t\t<h3 class=\"uagb-question\">Comment puis-je m\u2019inscrire \u00e0 un cours ?<\/h3><\/div><div class=\"uagb-faq-content\"><p>Parcourez les cours disponibles dans le catalogue des cours ou utilisez la barre de recherche pour trouver le cours auquel vous souhaitez vous inscrire. Sur chaque page de cours, cliquez sur le bouton \u00ab <strong>Enroll <\/strong>\u00bb dans le coin en haut, \u00e0 droite de la page pour \u00eatre imm\u00e9diatement ajout\u00e9 \u00e0 un cours. Une fois votre inscription r\u00e9ussie, vous pourrez voir le cours sous \u00ab <strong>My Courses and Learning Plans<\/strong> \u00bb. Vous allez \u00e9galement voir des informations sur le formateur du cours, consulter les forums du cours et acc\u00e9der \u00e0 tous les modules qui sont disponibles. Si le cours n&rsquo;a pas encore commenc\u00e9, vous ne verrez aucun module tant que ce dernier n&rsquo;aura pas commenc\u00e9.\u00a0\u00a0<\/p><\/div><\/div><div class=\"wp-block-uagb-faq-child uagb-faq-child__outer-wrap uagb-faq-item uagb-block-bb92c086 \" role=\"tab\" tabindex=\"0\"><div class=\"uagb-faq-questions-button uagb-faq-questions\">\t\t\t<span class=\"uagb-icon uagb-faq-icon-wrap\">\n\t\t\t\t\t\t\t\t<svg xmlns=\"https:\/\/www.w3.org\/2000\/svg\" viewBox= \"0 0 448 512\"><path d=\"M432 256c0 17.69-14.33 32.01-32 32.01H256v144c0 17.69-14.33 31.99-32 31.99s-32-14.3-32-31.99v-144H48c-17.67 0-32-14.32-32-32.01s14.33-31.99 32-31.99H192v-144c0-17.69 14.33-32.01 32-32.01s32 14.32 32 32.01v144h144C417.7 224 432 238.3 432 256z\"><\/path><\/svg>\n\t\t\t\t\t\t\t<\/span>\n\t\t\t\t\t\t<span class=\"uagb-icon-active uagb-faq-icon-wrap\">\n\t\t\t\t\t\t\t\t<svg xmlns=\"https:\/\/www.w3.org\/2000\/svg\" viewBox= \"0 0 448 512\"><path d=\"M400 288h-352c-17.69 0-32-14.32-32-32.01s14.31-31.99 32-31.99h352c17.69 0 32 14.3 32 31.99S417.7 288 400 288z\"><\/path><\/svg>\n\t\t\t\t\t\t\t<\/span>\n\t\t\t<h3 class=\"uagb-question\">Comment puis-je m&rsquo;inscrire sur la liste d&rsquo;attente d&rsquo;un cours ?<\/h3><\/div><div class=\"uagb-faq-content\"><p>Si vous \u00eates sur la page d&rsquo;un cours et que le bouton en haut \u00e0 droite de la page indique \u00ab <strong>Enroll (Waiting List)<\/strong> \u00bb cela signifie que le cours a atteint le nombre maximum de participants pouvant s&rsquo;inscrire. Vous pouvez cliquer sur le bouton pour vous inscrire sur la liste d&rsquo;attente du cours et vous serez notifi\u00e9 si une place se lib\u00e8re.<\/p><\/div><\/div><div class=\"wp-block-uagb-faq-child uagb-faq-child__outer-wrap uagb-faq-item uagb-block-fef39966 \" role=\"tab\" tabindex=\"0\"><div class=\"uagb-faq-questions-button uagb-faq-questions\">\t\t\t<span class=\"uagb-icon uagb-faq-icon-wrap\">\n\t\t\t\t\t\t\t\t<svg xmlns=\"https:\/\/www.w3.org\/2000\/svg\" viewBox= \"0 0 448 512\"><path d=\"M432 256c0 17.69-14.33 32.01-32 32.01H256v144c0 17.69-14.33 31.99-32 31.99s-32-14.3-32-31.99v-144H48c-17.67 0-32-14.32-32-32.01s14.33-31.99 32-31.99H192v-144c0-17.69 14.33-32.01 32-32.01s32 14.32 32 32.01v144h144C417.7 224 432 238.3 432 256z\"><\/path><\/svg>\n\t\t\t\t\t\t\t<\/span>\n\t\t\t\t\t\t<span class=\"uagb-icon-active uagb-faq-icon-wrap\">\n\t\t\t\t\t\t\t\t<svg xmlns=\"https:\/\/www.w3.org\/2000\/svg\" viewBox= \"0 0 448 512\"><path d=\"M400 288h-352c-17.69 0-32-14.32-32-32.01s14.31-31.99 32-31.99h352c17.69 0 32 14.3 32 31.99S417.7 288 400 288z\"><\/path><\/svg>\n\t\t\t\t\t\t\t<\/span>\n\t\t\t<h3 class=\"uagb-question\">Comment puis-je choisir le bon format de cours ?<\/h3><\/div><div class=\"uagb-faq-content\"><p>En parcourant le catalogue de cours, vous verrez plusieurs versions d&rsquo;un m\u00eame cours mises \u00e0 disposition. Tous les cours \u00e9tant disponibles en anglais, en fran\u00e7ais et en espagnol, vous devez d&rsquo;abord s\u00e9lectionner la langue qui vous convient. Vous pouvez le faire en s\u00e9lectionnant la langue de votre choix dans le filtre de gauche du catalogue de cours ou en choisissant le cours qui indique la bonne langue (EN=Anglais, FR=Fran\u00e7ais, ES=Espagnol).<br>\u00a0<br>Vous avez \u00e9galement la possibilit\u00e9 de choisir le format qui convient le mieux \u00e0 votre type de connexion. Tous les cours ont trois options de format : haut d\u00e9bit, bas d\u00e9bit et \u00e0 base de texte pour toutes les connexions. Vous pouvez filtrer par option de bande passante dans le filtre de gauche du catalogue de cours ou s\u00e9lectionner l&rsquo;onglet \u00ab <strong>Additional Information<\/strong> \u00bb lorsque vous consultez un cours pour voir quelle connexion de bande passante vous avez s\u00e9lectionn\u00e9e.<br>\u00a0<br>Si vous avez des questions sur la version qui vous correspond le mieux, n&rsquo;h\u00e9sitez pas \u00e0 nous contacter \u00e0 l&rsquo;adresse <a href=\"mailto:learning@isoc.org\" target=\"_blank\" rel=\"noreferrer noopener\">learning@isoc.org<\/a> pour obtenir de l&rsquo;aide.<\/p><\/div><\/div><\/div>\n\n\n<div style=\"height:20px\" aria-hidden=\"true\" class=\"wp-block-spacer\"><\/div>\n\n\n\n\n<div class=\"wp-block-buttons is-vertical is-content-justification-left is-layout-flex wp-container-core-buttons-is-layout-c0ca7d81 wp-block-buttons-is-layout-flex\">\n<div class=\"wp-block-button\"><a class=\"wp-block-button__link has-depth-teal-background-color has-background wp-element-button\" href=\"https:\/\/learning.internetsociety.org\/learn\/lp\/1757\/les-bases-de-la-gestion-dun-chapitre-local-de-linternet-society-2026?generated_by=13044&amp;hash=bd4cc5ac231415357898aaae322f0bc137604921\">Inscrivez-vous maintenant<\/a><\/div>\n<\/div>\n\n\n\n<div style=\"height:40px\" aria-hidden=\"true\" class=\"wp-block-spacer\"><\/div>\n\n\n\n\n<h4 class=\"wp-block-heading\" id=\"quels-sont-les-chapitres\">Quels sont les chapitres?<\/h4>\n\n\n\n<div style=\"height:20px\" aria-hidden=\"true\" class=\"wp-block-spacer\"><\/div>\n\n\n\n<p>Les <a href=\"https:\/\/www.internetsociety.org\/fr\/chapters\/\">Chapitres<\/a> sont des entit\u00e9s ind\u00e9pendantes qui travaillent en collaboration avec l&rsquo;Internet Society pour faire progresser notre mission d&rsquo;un Internet plus grand et plus fort. Ils offrent des perspectives r\u00e9gionales uniques sur les probl\u00e8mes \u00e9mergents d&rsquo;Internet, sont passionn\u00e9s par notre mission et se sont engag\u00e9s \u00e0 promouvoir nos buts et objectifs au sein de leurs propres communaut\u00e9s.<\/p>\n\n\n\n<p>Les chapitres rassemblent des membres de l&rsquo;Internet Society pour soutenir notre vision commune d&rsquo;un Internet pour tous en organisant des \u00e9v\u00e9nements \u00e9ducatifs, des programmes communautaires, des contributions aux politiques publiques et des opportunit\u00e9s de r\u00e9seautage.<\/p>\n<\/div>\n\n\n\n<div class=\"wp-block-uagb-column uagb-column__wrap uagb-column__background-none uagb-block-ef2df238\"><div class=\"uagb-column__overlay\"><\/div>\n<div class=\"wp-block-cover is-light\" style=\"min-height:200px;aspect-ratio:unset;\"><span aria-hidden=\"true\" class=\"wp-block-cover__background has-neutral-white-background-color has-background-dim-100 has-background-dim\"><\/span><div class=\"wp-block-cover__inner-container is-layout-flow wp-block-cover-is-layout-flow\">\n<p class=\"has-text-align-center\">Tutoriel<br>\u00e0 suivre \u00e0 votre propre rythme<\/p>\n\n\n\n<p class=\"has-text-align-center\">Dur\u00e9e:<br>environ 3-4 heures<\/p>\n\n\n\n<p class=\"has-text-align-center\">Disponibles en anglais, fran\u00e7ais et espagnol<\/p>\n\n\n\n<p class=\"has-text-align-center\">Offert en ligne toute l\u2019ann\u00e9e<\/p>\n\n\n\n\n<div class=\"wp-block-buttons is-vertical is-content-justification-center is-layout-flex wp-container-core-buttons-is-layout-4b2eccd6 wp-block-buttons-is-layout-flex\">\n<div class=\"wp-block-button\"><a class=\"wp-block-button__link has-depth-teal-background-color has-background wp-element-button\" href=\"https:\/\/learning.internetsociety.org\/learn\/lp\/1757\/les-bases-de-la-gestion-dun-chapitre-local-de-linternet-society-2026?generated_by=13044&amp;hash=bd4cc5ac231415357898aaae322f0bc137604921\">Inscrivez-vous maintenant<\/a><\/div>\n<\/div>\n\n<\/div><\/div>\n<\/div>\n<\/div><\/section>\n","protected":false},"excerpt":{"rendered":"<p>Cette formation vous permet d&rsquo;apprendre comment administrer avec succ\u00e8s un chapitre de l&rsquo;Internet Society. <\/p>\n","protected":false},"author":46,"featured_media":187723,"parent":133586,"menu_order":8,"comment_status":"closed","ping_status":"closed","template":"page-wide.php","meta":{"_acf_changed":false,"_uag_custom_page_level_css":"","footnotes":""},"categories":[],"tags":[6028],"region_news_regions":[],"content_category":[],"ppma_author":[4057],"class_list":["post-134575","page","type-page","status-publish","has-post-thumbnail","hentry","tag-cours-en-autoformation"],"acf":[],"uagb_featured_image_src":{"full":["https:\/\/www.internetsociety.org\/wp-content\/uploads\/2023\/03\/TeL-Chapter-Management-Essentials-Course.jpg",800,400,false],"thumbnail":["https:\/\/www.internetsociety.org\/wp-content\/uploads\/2023\/03\/TeL-Chapter-Management-Essentials-Course-150x150.jpg",150,150,true],"medium":["https:\/\/www.internetsociety.org\/wp-content\/uploads\/2023\/03\/TeL-Chapter-Management-Essentials-Course-450x225.jpg",450,225,true],"medium_large":["https:\/\/www.internetsociety.org\/wp-content\/uploads\/2023\/03\/TeL-Chapter-Management-Essentials-Course-768x384.jpg",768,384,true],"large":["https:\/\/www.internetsociety.org\/wp-content\/uploads\/2023\/03\/TeL-Chapter-Management-Essentials-Course.jpg",800,400,false],"1536x1536":["https:\/\/www.internetsociety.org\/wp-content\/uploads\/2023\/03\/TeL-Chapter-Management-Essentials-Course.jpg",800,400,false],"2048x2048":["https:\/\/www.internetsociety.org\/wp-content\/uploads\/2023\/03\/TeL-Chapter-Management-Essentials-Course.jpg",800,400,false],"post-thumbnail":["https:\/\/www.internetsociety.org\/wp-content\/uploads\/2023\/03\/TeL-Chapter-Management-Essentials-Course-250x125.jpg",250,125,true],"square":["https:\/\/www.internetsociety.org\/wp-content\/uploads\/2023\/03\/TeL-Chapter-Management-Essentials-Course-600x400.jpg",600,400,true],"gform-image-choice-sm":["https:\/\/www.internetsociety.org\/wp-content\/uploads\/2023\/03\/TeL-Chapter-Management-Essentials-Course.jpg",300,150,false],"gform-image-choice-md":["https:\/\/www.internetsociety.org\/wp-content\/uploads\/2023\/03\/TeL-Chapter-Management-Essentials-Course.jpg",400,200,false],"gform-image-choice-lg":["https:\/\/www.internetsociety.org\/wp-content\/uploads\/2023\/03\/TeL-Chapter-Management-Essentials-Course.jpg",600,300,false]},"uagb_author_info":{"display_name":"Ivana Trbovic","author_link":"https:\/\/www.internetsociety.org\/fr\/author\/trbovic\/"},"uagb_comment_info":0,"uagb_excerpt":"Cette formation vous permet d'apprendre comment administrer avec succ\u00e8s un chapitre de l'Internet Society.","_links":{"self":[{"href":"https:\/\/www.internetsociety.org\/fr\/wp-json\/wp\/v2\/pages\/134575","targetHints":{"allow":["GET"]}}],"collection":[{"href":"https:\/\/www.internetsociety.org\/fr\/wp-json\/wp\/v2\/pages"}],"about":[{"href":"https:\/\/www.internetsociety.org\/fr\/wp-json\/wp\/v2\/types\/page"}],"author":[{"embeddable":true,"href":"https:\/\/www.internetsociety.org\/fr\/wp-json\/wp\/v2\/users\/46"}],"replies":[{"embeddable":true,"href":"https:\/\/www.internetsociety.org\/fr\/wp-json\/wp\/v2\/comments?post=134575"}],"version-history":[{"count":0,"href":"https:\/\/www.internetsociety.org\/fr\/wp-json\/wp\/v2\/pages\/134575\/revisions"}],"up":[{"embeddable":true,"href":"https:\/\/www.internetsociety.org\/fr\/wp-json\/wp\/v2\/pages\/133586"}],"wp:featuredmedia":[{"embeddable":true,"href":"https:\/\/www.internetsociety.org\/fr\/wp-json\/wp\/v2\/media\/187723"}],"wp:attachment":[{"href":"https:\/\/www.internetsociety.org\/fr\/wp-json\/wp\/v2\/media?parent=134575"}],"wp:term":[{"taxonomy":"category","embeddable":true,"href":"https:\/\/www.internetsociety.org\/fr\/wp-json\/wp\/v2\/categories?post=134575"},{"taxonomy":"post_tag","embeddable":true,"href":"https:\/\/www.internetsociety.org\/fr\/wp-json\/wp\/v2\/tags?post=134575"},{"taxonomy":"region_news_regions","embeddable":true,"href":"https:\/\/www.internetsociety.org\/fr\/wp-json\/wp\/v2\/region_news_regions?post=134575"},{"taxonomy":"content_category","embeddable":true,"href":"https:\/\/www.internetsociety.org\/fr\/wp-json\/wp\/v2\/content_category?post=134575"},{"taxonomy":"author","embeddable":true,"href":"https:\/\/www.internetsociety.org\/fr\/wp-json\/wp\/v2\/ppma_author?post=134575"}],"curies":[{"name":"wp","href":"https:\/\/api.w.org\/{rel}","templated":true}]}}