{"id":133644,"date":"2021-02-09T18:12:16","date_gmt":"2021-02-09T18:12:16","guid":{"rendered":"https:\/\/www.internetsociety.org\/?page_id=133644"},"modified":"2025-12-23T17:40:45","modified_gmt":"2025-12-23T17:40:45","slug":"empreintes-numeriques","status":"publish","type":"page","link":"https:\/\/www.internetsociety.org\/fr\/learning\/empreintes-numeriques\/","title":{"rendered":"Empreintes num\u00e9riques"},"content":{"rendered":"\n<section class=\"wp-block-uagb-columns uagb-columns__wrap uagb-columns__background-image uagb-columns__stack-mobile uagb-columns__valign- uagb-columns__gap-10 align uagb-block-527b28e6 uagb-columns__columns-1 uagb-columns__max_width-theme background-image-fallback-black\"><div class=\"uagb-columns__overlay\"><\/div><div class=\"uagb-columns__inner-wrap uagb-columns__columns-1\">\n<div class=\"wp-block-uagb-column uagb-column__wrap uagb-column__background-undefined uagb-block-02d7a8c4\"><div class=\"uagb-column__overlay\"><\/div>\n<p class=\"has-neutral-white-color has-text-color has-18-font-size\"><a href=\"https:\/\/www.internetsociety.org\/fr\/learning\/\">Learning<\/a> &gt; Empreintes num\u00e9riques<\/p>\n\n\n\n<div style=\"height:30px\" aria-hidden=\"true\" class=\"wp-block-spacer\"><\/div>\n\n\n\n<h1 class=\"wp-block-heading has-neutral-white-color has-text-color\">Empreintes num\u00e9riques<\/h1>\n<\/div>\n<\/div><\/section>\n\n\n\n<section class=\"wp-block-uagb-columns uagb-columns__wrap uagb-columns__background-none uagb-columns__stack-tablet uagb-columns__valign- uagb-columns__gap-5 align uagb-columns__reverse-tablet uagb-block-024f2254 uagb-columns__columns-2 uagb-columns__max_width-theme\"><div class=\"uagb-columns__overlay\"><\/div><div class=\"uagb-columns__inner-wrap uagb-columns__columns-2\">\n<div class=\"wp-block-uagb-column uagb-column__wrap uagb-column__background-undefined uagb-block-449f004d\"><div class=\"uagb-column__overlay\"><\/div>\n<h2 class=\"wp-block-heading has-48-font-size\" id=\"en-quoi-consiste-empreintes-numeriques\">En quoi consiste Empreintes num\u00e9riques?<\/h2>\n\n\n\n<div style=\"height:20px\" aria-hidden=\"true\" class=\"wp-block-spacer\"><\/div>\n\n\n\n<p>Chaque jour, que nous le voulions ou non, la plupart d\u2019entre nous enrichissent leur portrait num\u00e9rique ; un portrait qui est probablement plus public que nous le croyons. <\/p>\n\n\n\n<p>Il aide les entreprises \u00e0 cibler du contenu sur des march\u00e9s et des consommateurs sp\u00e9cifiques ; il aide les employeurs \u00e0 consulter vos ant\u00e9c\u00e9dents ; et il permet aux annonceurs de suivre vos mouvements sur plusieurs sites. Quoi que vous fassiez en ligne, vous risquez de laisser des empreintes num\u00e9riques derri\u00e8re vous. <\/p>\n\n\n\n<p>Cette formation vous permettra de mieux comprendre les diff\u00e9rentes pistes que vous laissez sur Internet, et les mani\u00e8res dont celles-ci peuvent vous nuire. M\u00eame s&rsquo;il est impossible de ne laisser aucune trace, il n&rsquo;est pas si difficile de commencer \u00e0 r\u00e9duire vos empreintes num\u00e9riques et \u00e0 g\u00e9rer votre identit\u00e9 num\u00e9rique. <\/p>\n\n\n\n<div style=\"height:30px\" aria-hidden=\"true\" class=\"wp-block-spacer\"><\/div>\n\n\n\n<h3 class=\"wp-block-heading\" id=\"quels-sont-les-objectifs-de-la-formation\">Quels sont les objectifs de la formation?<\/h3>\n\n\n\n<div style=\"height:20px\" aria-hidden=\"true\" class=\"wp-block-spacer\"><\/div>\n\n\n\n<ul class=\"wp-block-list\">\n<li>Comprendre ce qu&rsquo;est une empreinte num\u00e9rique, et quels en sont les avantages et inconv\u00e9nients <\/li>\n\n\n\n<li>Comprendre comment les internautes de base peuvent accumuler une quantit\u00e9 importante d&#8217;empreintes num\u00e9riques <\/li>\n\n\n\n<li>Comprendre les aspects \u00e9conomiques des empreintes num\u00e9riques pour les utilisateurs d&rsquo;Internet <\/li>\n\n\n\n<li>Savoir si le prix en termes de confidentialit\u00e9 sur Internet est consid\u00e9r\u00e9 comme un probl\u00e8me<\/li>\n\n\n\n<li>Comprendre les diff\u00e9rences des empreintes num\u00e9riques produites par diff\u00e9rents p\u00e9riph\u00e9riques <\/li>\n\n\n\n<li>Comprendre comment g\u00e9rer votre empreinte num\u00e9rique gr\u00e2ce \u00e0 vos habitudes en ligne <\/li>\n\n\n\n<li>Apprendre qui vous suit sur Internet, et comment ils le font <\/li>\n\n\n\n<li>Avoir un aper\u00e7u des nuances dans ce que signifie l&#8217;empreinte num\u00e9rique dans diff\u00e9rentes parties du monde <\/li>\n\n\n\n<li>D\u00e9couvrir les effets potentiels des l\u00e9gislations relatives \u00e0 la confidentialit\u00e9 de diff\u00e9rentes parties du monde sur votre empreinte num\u00e9rique <\/li>\n<\/ul>\n\n\n\n<div style=\"height:30px\" aria-hidden=\"true\" class=\"wp-block-spacer\"><\/div>\n\n\n\n<h3 class=\"wp-block-heading\" id=\"a-qui-est-destinee-cette-formation\">Quels sont les acquis attendus de ce cours ?<\/h3>\n\n\n\n<div style=\"height:20px\" aria-hidden=\"true\" class=\"wp-block-spacer\"><\/div>\n\n\n\n<ul class=\"wp-block-list\">\n<li><strong>Module 1 <\/strong>: Qu&rsquo;est-ce qu&rsquo;une empreinte num\u00e9rique ?\n<ul class=\"wp-block-list\">\n<li>Les apprenants seront en mesure de <strong>formuler<\/strong> une d\u00e9finition claire de l&#8217;empreinte num\u00e9rique et de fournir des exemples de cons\u00e9quences \u00e0 la fois positives et n\u00e9gatives.<\/li>\n<\/ul>\n<\/li>\n\n\n\n<li><strong>Module 2<\/strong> : Pourquoi avons-nous commenc\u00e9 \u00e0 laisser des empreintes num\u00e9riques aussi importantes ?\n<ul class=\"wp-block-list\">\n<li>Les apprenants seront en mesure de <strong>d\u00e9crire<\/strong> diff\u00e9rentes fa\u00e7ons par lesquelles les individus contribuent sans le savoir \u00e0 leur empreinte num\u00e9rique, telles que l&rsquo;activit\u00e9 sur les r\u00e9seaux sociaux, les achats en ligne et l&rsquo;historique de navigation sur le Web.<\/li>\n<\/ul>\n<\/li>\n\n\n\n<li><strong>Module 3<\/strong> : Quel est l\u2019int\u00e9r\u00eat \u00e9conomique pour les internautes ?\n<ul class=\"wp-block-list\">\n<li>Les apprenants seront en mesure de <strong>discuter<\/strong> de la mani\u00e8re dont les entreprises et les organisations tirent profit des donn\u00e9es des utilisateurs et de l\u2019impact que cela a sur la confidentialit\u00e9 des individus et le bien-\u00eatre de la soci\u00e9t\u00e9.<\/li>\n<\/ul>\n<\/li>\n\n\n\n<li><strong>Module 4<\/strong> : Les empreintes num\u00e9riques sont-elles un probl\u00e8me ?\n<ul class=\"wp-block-list\">\n<li>Les apprenants seront en mesure d\u2019<strong>\u00e9valuer de mani\u00e8re critique<\/strong> les risques associ\u00e9s aux violations de donn\u00e9es, au vol d\u2019identit\u00e9 et \u00e0 la surveillance, et d\u2019argumenter pour ou contre l\u2019importance de la confidentialit\u00e9 en ligne.<\/li>\n<\/ul>\n<\/li>\n\n\n\n<li><strong>Module 5<\/strong> : Est-ce que chaque appareil laisse une empreinte num\u00e9rique ?\n<ul class=\"wp-block-list\">\n<li>Les apprenants seront en mesure d&rsquo;<strong>identifier <\/strong>les empreintes num\u00e9riques uniques cr\u00e9\u00e9es par divers appareils, tels que les smartphones, les ordinateurs portables et les appareils IdO, et d&rsquo;expliquer comment ces empreintes diff\u00e8rent en termes de sensibilit\u00e9 des donn\u00e9es et de risques potentiels.<\/li>\n<\/ul>\n<\/li>\n\n\n\n<li><strong>Module 6<\/strong> : Comment g\u00e9rer mes empreintes num\u00e9riques ?\n<ul class=\"wp-block-list\">\n<li>Les apprenants seront en mesure de <strong>mettre en \u0153uvre des techniques pratiques<\/strong> telles que des mots de passe forts, des param\u00e8tres de confidentialit\u00e9 et des habitudes de navigation s\u00e9curis\u00e9es, pour minimiser leur empreinte num\u00e9rique et prot\u00e9ger leurs informations personnelles.<\/li>\n<\/ul>\n<\/li>\n\n\n\n<li><strong>Module 7<\/strong> : Qui me suit \u00e0 la trace en ligne et de quelle mani\u00e8re ?\n<ul class=\"wp-block-list\">\n<li>Les apprenants seront en mesure de <strong>reconna\u00eetre<\/strong> les diff\u00e9rents acteurs impliqu\u00e9s dans le suivi en ligne, notamment les annonceurs, les courtiers en donn\u00e9es et les agences gouvernementales, et d\u2019expliquer les tactiques qu\u2019ils utilisent pour collecter les donn\u00e9es des utilisateurs.<\/li>\n<\/ul>\n<\/li>\n\n\n\n<li><strong>Module 8<\/strong> : Quelles dynamiques sont \u00e0 l&rsquo;\u0153uvre dans le monde des empreintes num\u00e9riques ?\n<ul class=\"wp-block-list\">\n<li>Les apprenants seront en mesure de <strong>comparer<\/strong> la mani\u00e8re dont diff\u00e9rentes cultures et syst\u00e8mes juridiques per\u00e7oivent la confidentialit\u00e9 num\u00e9rique et les implications pour les droits individuels et les normes soci\u00e9tales.<\/li>\n<\/ul>\n<\/li>\n\n\n\n<li><strong>Module 9<\/strong> : Comment la l\u00e9gislation affecte-t-elle les empreintes num\u00e9riques ?\n<ul class=\"wp-block-list\">\n<li>Les apprenants seront en mesure d\u2019<strong>\u00e9valuer<\/strong> l\u2019impact de r\u00e9glementations sp\u00e9cifiques en mati\u00e8re de confidentialit\u00e9, telles que le RGPD et le CCPA, sur les droits individuels \u00e0 la confidentialit\u00e9 et les pratiques des entreprises, et de discuter des d\u00e9fis li\u00e9s \u00e0 l\u2019application de ces lois dans un paysage num\u00e9rique mondialis\u00e9.<\/li>\n<\/ul>\n<\/li>\n<\/ul>\n\n\n\n<div style=\"height:30px\" aria-hidden=\"true\" class=\"wp-block-spacer\"><\/div>\n\n\n\n<h3 class=\"wp-block-heading\" id=\"a-qui-est-destinee-cette-formation\">\u00c0 qui est destin\u00e9e cette formation?<\/h3>\n\n\n\n<div style=\"height:20px\" aria-hidden=\"true\" class=\"wp-block-spacer\"><\/div>\n\n\n\n<p>Cette formation n&rsquo;a pas de pr\u00e9requis.<\/p>\n\n\n\n<p>Cette formation est faite pour vous si :<\/p>\n\n\n\n<ul class=\"wp-block-list\">\n<li>Vous souhaitez comprendre ce qu&rsquo;est une empreinte num\u00e9rique   <\/li>\n\n\n\n<li>Vous souhaitez comprendre les cons\u00e9quences et les effets de votre empreinte num\u00e9rique <\/li>\n\n\n\n<li>Vous souhaitez r\u00e9duire votre empreinte num\u00e9rique et g\u00e9rer votre identit\u00e9 num\u00e9rique sur Internet <\/li>\n<\/ul>\n\n\n\n<div style=\"height:30px\" aria-hidden=\"true\" class=\"wp-block-spacer\"><\/div>\n\n\n\n<h3 class=\"wp-block-heading\" id=\"comment-s-inscrire-a-un-cours\">Comment s\u2019inscrire \u00e0 un cours?<\/h3>\n\n\n\n<div style=\"height:20px\" aria-hidden=\"true\" class=\"wp-block-spacer\"><\/div>\n\n\n<div class=\"wp-block-uagb-faq uagb-faq__outer-wrap uagb-block-b4f7d015 uagb-faq-icon-row-reverse uagb-faq-layout-accordion uagb-faq-expand-first-false uagb-faq-inactive-other-true uagb-faq__wrap uagb-buttons-layout-wrap uagb-faq-equal-height     \" data-faqtoggle=\"true\" role=\"tablist\"><div class=\"wp-block-uagb-faq-child uagb-faq-child__outer-wrap uagb-faq-item uagb-block-9a6b92ab \" role=\"tab\" tabindex=\"0\"><div class=\"uagb-faq-questions-button uagb-faq-questions\">\t\t\t<span class=\"uagb-icon uagb-faq-icon-wrap\">\n\t\t\t\t\t\t\t\t<svg xmlns=\"https:\/\/www.w3.org\/2000\/svg\" viewBox= \"0 0 448 512\"><path d=\"M432 256c0 17.69-14.33 32.01-32 32.01H256v144c0 17.69-14.33 31.99-32 31.99s-32-14.3-32-31.99v-144H48c-17.67 0-32-14.32-32-32.01s14.33-31.99 32-31.99H192v-144c0-17.69 14.33-32.01 32-32.01s32 14.32 32 32.01v144h144C417.7 224 432 238.3 432 256z\"><\/path><\/svg>\n\t\t\t\t\t\t\t<\/span>\n\t\t\t\t\t\t<span class=\"uagb-icon-active uagb-faq-icon-wrap\">\n\t\t\t\t\t\t\t\t<svg xmlns=\"https:\/\/www.w3.org\/2000\/svg\" viewBox= \"0 0 448 512\"><path d=\"M400 288h-352c-17.69 0-32-14.32-32-32.01s14.31-31.99 32-31.99h352c17.69 0 32 14.3 32 31.99S417.7 288 400 288z\"><\/path><\/svg>\n\t\t\t\t\t\t\t<\/span>\n\t\t\t<h3 class=\"uagb-question\">Comment puis-je acc\u00e9der \u00e0 la plateforme d&rsquo;apprentissage en tant que membre de l&rsquo;Internet Society ?<\/h3><\/div><div class=\"uagb-faq-content\"><p>En tant que membre de l&rsquo;Internet Society, vous pouvez acc\u00e9der au lien suivant : <a href=\"https:\/\/learning.internetsociety.org\/\">learning.internetsociety.org<\/a>, avec vos identifiants de connexion de membre. Il n&rsquo;est pas n\u00e9cessaire de cr\u00e9er un nouveau compte. Si vous ne vous souvenez pas de vos informations de connexion, s\u00e9lectionnez <strong>Forgot Login ?<\/strong> pour recevoir votre nom d&rsquo;utilisateur et un lien pour r\u00e9initialiser votre mot de passe. Une fois connect\u00e9, vous allez pouvoir consulter le catalogue des cours et s\u00e9lectionner le cours auquel vous souhaitez vous inscrire.<\/p><\/div><\/div><div class=\"wp-block-uagb-faq-child uagb-faq-child__outer-wrap uagb-faq-item uagb-block-27d801e3 \" role=\"tab\" tabindex=\"0\"><div class=\"uagb-faq-questions-button uagb-faq-questions\">\t\t\t<span class=\"uagb-icon uagb-faq-icon-wrap\">\n\t\t\t\t\t\t\t\t<svg xmlns=\"https:\/\/www.w3.org\/2000\/svg\" viewBox= \"0 0 448 512\"><path d=\"M432 256c0 17.69-14.33 32.01-32 32.01H256v144c0 17.69-14.33 31.99-32 31.99s-32-14.3-32-31.99v-144H48c-17.67 0-32-14.32-32-32.01s14.33-31.99 32-31.99H192v-144c0-17.69 14.33-32.01 32-32.01s32 14.32 32 32.01v144h144C417.7 224 432 238.3 432 256z\"><\/path><\/svg>\n\t\t\t\t\t\t\t<\/span>\n\t\t\t\t\t\t<span class=\"uagb-icon-active uagb-faq-icon-wrap\">\n\t\t\t\t\t\t\t\t<svg xmlns=\"https:\/\/www.w3.org\/2000\/svg\" viewBox= \"0 0 448 512\"><path d=\"M400 288h-352c-17.69 0-32-14.32-32-32.01s14.31-31.99 32-31.99h352c17.69 0 32 14.3 32 31.99S417.7 288 400 288z\"><\/path><\/svg>\n\t\t\t\t\t\t\t<\/span>\n\t\t\t<h3 class=\"uagb-question\">Comment puis-je acc\u00e9der \u00e0 la plateforme d&rsquo;apprentissage en tant que non-membre ?<\/h3><\/div><div class=\"uagb-faq-content\"><p>Tant les visiteurs que les membres de l&rsquo;Internet Society peuvent acc\u00e9der \u00e0 la plateforme d&rsquo;apprentissage. Pour s&rsquo;inscrire comme l&rsquo;un ou l&rsquo;autre, cliquez sur <strong>Register <\/strong>dans la case de connexion \u00e0 <a href=\"https:\/\/learning.internetsociety.org\/\">learning.internetsociety.org<\/a>. Ensuite, soit inscrivez-vous en tant que membre, ou cliquez sur <strong>le formulaire d&rsquo;inscription<\/strong> pour vous inscrire en tant que visiteur. Une fois que vous avez cr\u00e9\u00e9 un compte, vous pouvez utiliser les informations d&rsquo;identification que vous avez cr\u00e9\u00e9es (nom d&rsquo;utilisateur et mot de passe) pour vous connecter \u00e0 <a href=\"https:\/\/learning.internetsociety.org\/\">learning.internetsociety.org<\/a>. Une fois connect\u00e9, vous allez pouvoir consulter le catalogue des cours et vous inscrire \u00e0 des cours.<\/p><\/div><\/div><div class=\"wp-block-uagb-faq-child uagb-faq-child__outer-wrap uagb-faq-item uagb-block-3e50d4e0 \" role=\"tab\" tabindex=\"0\"><div class=\"uagb-faq-questions-button uagb-faq-questions\">\t\t\t<span class=\"uagb-icon uagb-faq-icon-wrap\">\n\t\t\t\t\t\t\t\t<svg xmlns=\"https:\/\/www.w3.org\/2000\/svg\" viewBox= \"0 0 448 512\"><path d=\"M432 256c0 17.69-14.33 32.01-32 32.01H256v144c0 17.69-14.33 31.99-32 31.99s-32-14.3-32-31.99v-144H48c-17.67 0-32-14.32-32-32.01s14.33-31.99 32-31.99H192v-144c0-17.69 14.33-32.01 32-32.01s32 14.32 32 32.01v144h144C417.7 224 432 238.3 432 256z\"><\/path><\/svg>\n\t\t\t\t\t\t\t<\/span>\n\t\t\t\t\t\t<span class=\"uagb-icon-active uagb-faq-icon-wrap\">\n\t\t\t\t\t\t\t\t<svg xmlns=\"https:\/\/www.w3.org\/2000\/svg\" viewBox= \"0 0 448 512\"><path d=\"M400 288h-352c-17.69 0-32-14.32-32-32.01s14.31-31.99 32-31.99h352c17.69 0 32 14.3 32 31.99S417.7 288 400 288z\"><\/path><\/svg>\n\t\t\t\t\t\t\t<\/span>\n\t\t\t<h3 class=\"uagb-question\">Comment puis-je m\u2019inscrire \u00e0 un cours ?<\/h3><\/div><div class=\"uagb-faq-content\"><p>Parcourez les cours disponibles dans le catalogue des cours ou utilisez la barre de recherche pour trouver le cours auquel vous souhaitez vous inscrire. Sur chaque page de cours, cliquez sur le bouton \u00ab <strong>Enroll <\/strong>\u00bb dans le coin en haut, \u00e0 droite de la page pour \u00eatre imm\u00e9diatement ajout\u00e9 \u00e0 un cours. Une fois votre inscription r\u00e9ussie, vous pourrez voir le cours sous \u00ab <strong>My Courses and Learning Plans<\/strong> \u00bb. Vous allez \u00e9galement voir des informations sur le formateur du cours, consulter les forums du cours et acc\u00e9der \u00e0 tous les modules qui sont disponibles. Si le cours n&rsquo;a pas encore commenc\u00e9, vous ne verrez aucun module tant que ce dernier n&rsquo;aura pas commenc\u00e9.\u00a0\u00a0<\/p><\/div><\/div><div class=\"wp-block-uagb-faq-child uagb-faq-child__outer-wrap uagb-faq-item uagb-block-5c8a51a7 \" role=\"tab\" tabindex=\"0\"><div class=\"uagb-faq-questions-button uagb-faq-questions\">\t\t\t<span class=\"uagb-icon uagb-faq-icon-wrap\">\n\t\t\t\t\t\t\t\t<svg xmlns=\"https:\/\/www.w3.org\/2000\/svg\" viewBox= \"0 0 448 512\"><path d=\"M432 256c0 17.69-14.33 32.01-32 32.01H256v144c0 17.69-14.33 31.99-32 31.99s-32-14.3-32-31.99v-144H48c-17.67 0-32-14.32-32-32.01s14.33-31.99 32-31.99H192v-144c0-17.69 14.33-32.01 32-32.01s32 14.32 32 32.01v144h144C417.7 224 432 238.3 432 256z\"><\/path><\/svg>\n\t\t\t\t\t\t\t<\/span>\n\t\t\t\t\t\t<span class=\"uagb-icon-active uagb-faq-icon-wrap\">\n\t\t\t\t\t\t\t\t<svg xmlns=\"https:\/\/www.w3.org\/2000\/svg\" viewBox= \"0 0 448 512\"><path d=\"M400 288h-352c-17.69 0-32-14.32-32-32.01s14.31-31.99 32-31.99h352c17.69 0 32 14.3 32 31.99S417.7 288 400 288z\"><\/path><\/svg>\n\t\t\t\t\t\t\t<\/span>\n\t\t\t<h3 class=\"uagb-question\">Comment puis-je m&rsquo;inscrire sur la liste d&rsquo;attente d&rsquo;un cours ?<\/h3><\/div><div class=\"uagb-faq-content\"><p>Si vous \u00eates sur la page d&rsquo;un cours et que le bouton en haut \u00e0 droite de la page indique \u00ab <strong>Enroll (Waiting List)<\/strong> \u00bb cela signifie que le cours a atteint le nombre maximum de participants pouvant s&rsquo;inscrire. Vous pouvez cliquer sur le bouton pour vous inscrire sur la liste d&rsquo;attente du cours et vous serez notifi\u00e9 si une place se lib\u00e8re.<\/p><\/div><\/div><div class=\"wp-block-uagb-faq-child uagb-faq-child__outer-wrap uagb-faq-item uagb-block-4c8a4508 \" role=\"tab\" tabindex=\"0\"><div class=\"uagb-faq-questions-button uagb-faq-questions\">\t\t\t<span class=\"uagb-icon uagb-faq-icon-wrap\">\n\t\t\t\t\t\t\t\t<svg xmlns=\"https:\/\/www.w3.org\/2000\/svg\" viewBox= \"0 0 448 512\"><path d=\"M432 256c0 17.69-14.33 32.01-32 32.01H256v144c0 17.69-14.33 31.99-32 31.99s-32-14.3-32-31.99v-144H48c-17.67 0-32-14.32-32-32.01s14.33-31.99 32-31.99H192v-144c0-17.69 14.33-32.01 32-32.01s32 14.32 32 32.01v144h144C417.7 224 432 238.3 432 256z\"><\/path><\/svg>\n\t\t\t\t\t\t\t<\/span>\n\t\t\t\t\t\t<span class=\"uagb-icon-active uagb-faq-icon-wrap\">\n\t\t\t\t\t\t\t\t<svg xmlns=\"https:\/\/www.w3.org\/2000\/svg\" viewBox= \"0 0 448 512\"><path d=\"M400 288h-352c-17.69 0-32-14.32-32-32.01s14.31-31.99 32-31.99h352c17.69 0 32 14.3 32 31.99S417.7 288 400 288z\"><\/path><\/svg>\n\t\t\t\t\t\t\t<\/span>\n\t\t\t<h3 class=\"uagb-question\">Comment puis-je choisir le bon format de cours ?<\/h3><\/div><div class=\"uagb-faq-content\"><p>En parcourant le catalogue de cours, vous verrez plusieurs versions d&rsquo;un m\u00eame cours mises \u00e0 disposition. Tous les cours \u00e9tant disponibles en anglais, en fran\u00e7ais et en espagnol, vous devez d&rsquo;abord s\u00e9lectionner la langue qui vous convient. Vous pouvez le faire en s\u00e9lectionnant la langue de votre choix dans le filtre de gauche du catalogue de cours ou en choisissant le cours qui indique la bonne langue (EN=Anglais, FR=Fran\u00e7ais, ES=Espagnol).<br>\u00a0<br>Vous avez \u00e9galement la possibilit\u00e9 de choisir le format qui convient le mieux \u00e0 votre type de connexion. Tous les cours ont trois options de format : haut d\u00e9bit, bas d\u00e9bit et \u00e0 base de texte pour toutes les connexions. Vous pouvez filtrer par option de bande passante dans le filtre de gauche du catalogue de cours ou s\u00e9lectionner l&rsquo;onglet \u00ab <strong>Additional Information<\/strong> \u00bb lorsque vous consultez un cours pour voir quelle connexion de bande passante vous avez s\u00e9lectionn\u00e9e.<br>\u00a0<br>Si vous avez des questions sur la version qui vous correspond le mieux, n&rsquo;h\u00e9sitez pas \u00e0 nous contacter \u00e0 l&rsquo;adresse <a href=\"mailto:learning@isoc.org\" target=\"_blank\" rel=\"noreferrer noopener\">learning@isoc.org<\/a> pour obtenir de l&rsquo;aide.<\/p><\/div><\/div><\/div>\n\n\n<div style=\"height:20px\" aria-hidden=\"true\" class=\"wp-block-spacer\"><\/div>\n\n\n\n\n<div class=\"wp-block-buttons is-vertical is-content-justification-left is-layout-flex wp-container-core-buttons-is-layout-c0ca7d81 wp-block-buttons-is-layout-flex\">\n<div class=\"wp-block-button\"><a class=\"wp-block-button__link has-depth-teal-background-color has-background wp-element-button\" href=\"https:\/\/learning.internetsociety.org\/learn\/lp\/1749\/empreintes-numeriques-2026?generated_by=13044&amp;hash=ac23f3f175598b55a0018e422bf7f4d1cffd7854\">Inscrivez-vous maintenant<\/a><\/div>\n<\/div>\n\n<\/div>\n\n\n\n<div class=\"wp-block-uagb-column uagb-column__wrap uagb-column__background-none uagb-block-4a28fd92\"><div class=\"uagb-column__overlay\"><\/div>\n<div class=\"wp-block-cover is-light\" style=\"min-height:200px;aspect-ratio:unset;\"><span aria-hidden=\"true\" class=\"wp-block-cover__background has-neutral-white-background-color has-background-dim-100 has-background-dim\"><\/span><div class=\"wp-block-cover__inner-container is-layout-flow wp-block-cover-is-layout-flow\">\n<p class=\"has-text-align-center\">Tutoriel<br> \u00e0 suivre \u00e0 votre propre rythme<\/p>\n\n\n\n<p class=\"has-text-align-center\">Dur\u00e9e:<br>environ 20 heures<\/p>\n\n\n\n<p class=\"has-text-align-center\">Disponibles en anglais, fran\u00e7ais et espagnol<\/p>\n\n\n\n<p class=\"has-text-align-center\">Offert en ligne toute l&rsquo;ann\u00e9e<\/p>\n\n\n\n\n<div class=\"wp-block-buttons is-vertical is-content-justification-center is-layout-flex wp-container-core-buttons-is-layout-4b2eccd6 wp-block-buttons-is-layout-flex\">\n<div class=\"wp-block-button\"><a class=\"wp-block-button__link has-depth-teal-background-color has-background wp-element-button\" href=\"https:\/\/learning.internetsociety.org\/learn\/lp\/1749\/empreintes-numeriques-2026?generated_by=13044&amp;hash=ac23f3f175598b55a0018e422bf7f4d1cffd7854\">Inscrivez-vous maintenant<\/a><\/div>\n<\/div>\n\n<\/div><\/div>\n<\/div>\n<\/div><\/section>\n","protected":false},"excerpt":{"rendered":"<p>Ce cours vous permet de comprendre les diff\u00e9rentes traces que vous laissez sur Internet et quelles sont les cons\u00e9quences \u00e9ventuelles.<\/p>\n","protected":false},"author":46,"featured_media":187578,"parent":133586,"menu_order":2,"comment_status":"closed","ping_status":"closed","template":"page-wide.php","meta":{"_acf_changed":false,"_uag_custom_page_level_css":"","footnotes":""},"categories":[],"tags":[6028],"region_news_regions":[],"content_category":[],"ppma_author":[4057],"class_list":["post-133644","page","type-page","status-publish","has-post-thumbnail","hentry","tag-cours-en-autoformation"],"acf":[],"uagb_featured_image_src":{"full":["https:\/\/www.internetsociety.org\/wp-content\/uploads\/2023\/03\/TeL-Digital-Footprints-Course.jpg",800,400,false],"thumbnail":["https:\/\/www.internetsociety.org\/wp-content\/uploads\/2023\/03\/TeL-Digital-Footprints-Course-150x150.jpg",150,150,true],"medium":["https:\/\/www.internetsociety.org\/wp-content\/uploads\/2023\/03\/TeL-Digital-Footprints-Course-450x225.jpg",450,225,true],"medium_large":["https:\/\/www.internetsociety.org\/wp-content\/uploads\/2023\/03\/TeL-Digital-Footprints-Course-768x384.jpg",768,384,true],"large":["https:\/\/www.internetsociety.org\/wp-content\/uploads\/2023\/03\/TeL-Digital-Footprints-Course.jpg",800,400,false],"1536x1536":["https:\/\/www.internetsociety.org\/wp-content\/uploads\/2023\/03\/TeL-Digital-Footprints-Course.jpg",800,400,false],"2048x2048":["https:\/\/www.internetsociety.org\/wp-content\/uploads\/2023\/03\/TeL-Digital-Footprints-Course.jpg",800,400,false],"post-thumbnail":["https:\/\/www.internetsociety.org\/wp-content\/uploads\/2023\/03\/TeL-Digital-Footprints-Course-250x125.jpg",250,125,true],"square":["https:\/\/www.internetsociety.org\/wp-content\/uploads\/2023\/03\/TeL-Digital-Footprints-Course-600x400.jpg",600,400,true],"gform-image-choice-sm":["https:\/\/www.internetsociety.org\/wp-content\/uploads\/2023\/03\/TeL-Digital-Footprints-Course.jpg",300,150,false],"gform-image-choice-md":["https:\/\/www.internetsociety.org\/wp-content\/uploads\/2023\/03\/TeL-Digital-Footprints-Course.jpg",400,200,false],"gform-image-choice-lg":["https:\/\/www.internetsociety.org\/wp-content\/uploads\/2023\/03\/TeL-Digital-Footprints-Course.jpg",600,300,false]},"uagb_author_info":{"display_name":"Ivana Trbovic","author_link":"https:\/\/www.internetsociety.org\/fr\/author\/trbovic\/"},"uagb_comment_info":0,"uagb_excerpt":"Ce cours vous permet de comprendre les diff\u00e9rentes traces que vous laissez sur Internet et quelles sont les cons\u00e9quences \u00e9ventuelles.","_links":{"self":[{"href":"https:\/\/www.internetsociety.org\/fr\/wp-json\/wp\/v2\/pages\/133644","targetHints":{"allow":["GET"]}}],"collection":[{"href":"https:\/\/www.internetsociety.org\/fr\/wp-json\/wp\/v2\/pages"}],"about":[{"href":"https:\/\/www.internetsociety.org\/fr\/wp-json\/wp\/v2\/types\/page"}],"author":[{"embeddable":true,"href":"https:\/\/www.internetsociety.org\/fr\/wp-json\/wp\/v2\/users\/46"}],"replies":[{"embeddable":true,"href":"https:\/\/www.internetsociety.org\/fr\/wp-json\/wp\/v2\/comments?post=133644"}],"version-history":[{"count":0,"href":"https:\/\/www.internetsociety.org\/fr\/wp-json\/wp\/v2\/pages\/133644\/revisions"}],"up":[{"embeddable":true,"href":"https:\/\/www.internetsociety.org\/fr\/wp-json\/wp\/v2\/pages\/133586"}],"wp:featuredmedia":[{"embeddable":true,"href":"https:\/\/www.internetsociety.org\/fr\/wp-json\/wp\/v2\/media\/187578"}],"wp:attachment":[{"href":"https:\/\/www.internetsociety.org\/fr\/wp-json\/wp\/v2\/media?parent=133644"}],"wp:term":[{"taxonomy":"category","embeddable":true,"href":"https:\/\/www.internetsociety.org\/fr\/wp-json\/wp\/v2\/categories?post=133644"},{"taxonomy":"post_tag","embeddable":true,"href":"https:\/\/www.internetsociety.org\/fr\/wp-json\/wp\/v2\/tags?post=133644"},{"taxonomy":"region_news_regions","embeddable":true,"href":"https:\/\/www.internetsociety.org\/fr\/wp-json\/wp\/v2\/region_news_regions?post=133644"},{"taxonomy":"content_category","embeddable":true,"href":"https:\/\/www.internetsociety.org\/fr\/wp-json\/wp\/v2\/content_category?post=133644"},{"taxonomy":"author","embeddable":true,"href":"https:\/\/www.internetsociety.org\/fr\/wp-json\/wp\/v2\/ppma_author?post=133644"}],"curies":[{"name":"wp","href":"https:\/\/api.w.org\/{rel}","templated":true}]}}