{"id":130383,"date":"2020-09-24T09:51:50","date_gmt":"2020-09-24T09:51:50","guid":{"rendered":"http:\/\/www.internetsociety.org\/?page_id=130383"},"modified":"2023-09-27T17:31:48","modified_gmt":"2023-09-27T17:31:48","slug":"partenariats","status":"publish","type":"page","link":"https:\/\/www.internetsociety.org\/fr\/issues\/infrastructure-and-community-development\/partnerships\/","title":{"rendered":"Partenariats pour le d\u00e9veloppement d&rsquo;infrastructures et de communaut\u00e9s"},"content":{"rendered":"\n<section class=\"wp-block-uagb-columns uagb-columns__wrap uagb-columns__background-image uagb-columns__stack-mobile uagb-columns__valign- uagb-columns__gap-10 align uagb-block-17c780e7 uagb-columns__columns-1 uagb-columns__max_width-theme background-image-fallback-black\"><div class=\"uagb-columns__overlay\"><\/div><div class=\"uagb-columns__inner-wrap uagb-columns__columns-1\">\n<div class=\"wp-block-uagb-column uagb-column__wrap uagb-column__background-undefined uagb-block-b8b24735\"><div class=\"uagb-column__overlay\"><\/div>\n<div style=\"height:60px\" aria-hidden=\"true\" class=\"wp-block-spacer\"><\/div>\n\n\n\n<p class=\"has-neutral-white-color has-text-color has-18-font-size\"><a href=\"https:\/\/www.internetsociety.org\/fr\/action-plan\/sustainable-peering-infrastructure\/\">Infrastructure durable pour le peering<\/a> &gt; Partenariats pour le d\u00e9veloppement d\u2019infrastructures et de communaut\u00e9s<\/p>\n\n\n\n<div style=\"height:30px\" aria-hidden=\"true\" class=\"wp-block-spacer\"><\/div>\n\n\n\n<h1 class=\"wp-block-heading has-neutral-white-color has-text-color\">Partenariats pour le d\u00e9veloppement d\u2019infrastructures et de communaut\u00e9s<\/h1>\n\n\n\n<div style=\"height:60px\" aria-hidden=\"true\" class=\"wp-block-spacer\"><\/div>\n<\/div>\n<\/div><\/section>\n\n\n\n<div class=\"wp-block-columns margin-bottom-0 has-neutral-white-background-color has-background is-layout-flex wp-container-core-columns-is-layout-9d6595d7 wp-block-columns-is-layout-flex\">\n<div class=\"wp-block-column is-layout-flow wp-block-column-is-layout-flow\" style=\"flex-basis:10%\"><\/div>\n\n\n\n<div class=\"wp-block-column is-layout-flow wp-block-column-is-layout-flow\" style=\"flex-basis:80%\">\n<div style=\"height:40px\" aria-hidden=\"true\" class=\"wp-block-spacer\"><\/div>\n\n\n\n<h2 class=\"wp-block-heading has-accent-purple-color has-text-color has-32-font-size\">Cr\u00e9er une infrastructure r\u00e9siliente et donner naissance \u00e0 des communaut\u00e9s collaboratives n\u00e9cessite le soutien de partenaires.<\/h2>\n\n\n\n<div style=\"height:20px\" aria-hidden=\"true\" class=\"wp-block-spacer\"><\/div>\n\n\n\n<p class=\"has-18-font-size\">Nous avons l\u2019honneur d\u2019avoir un partenariat inestimable avec :<\/p>\n<\/div>\n\n\n\n<div class=\"wp-block-column is-layout-flow wp-block-column-is-layout-flow\" style=\"flex-basis:10%\"><\/div>\n<\/div>\n\n\n\n<section class=\"wp-block-uagb-columns uagb-columns__wrap uagb-columns__background-color uagb-columns__stack-mobile uagb-columns__valign- uagb-columns__gap-10 align uagb-block-58347409 uagb-columns__columns-4 uagb-columns__max_width-theme margin-bottom-0\"><div class=\"uagb-columns__overlay\"><\/div><div class=\"uagb-columns__inner-wrap uagb-columns__columns-4\">\n<div class=\"wp-block-uagb-column uagb-column__wrap uagb-column__background-color uagb-block-9cbdba68\"><div class=\"uagb-column__overlay\"><\/div>\n<div style=\"height:30px\" aria-hidden=\"true\" class=\"wp-block-spacer\"><\/div>\n\n\n<div class=\"wp-block-image\">\n<figure class=\"aligncenter size-full is-resized\"><a href=\"https:\/\/www.flexoptix.net\/en\/\"><img loading=\"lazy\" decoding=\"async\" src=\"https:\/\/www.internetsociety.org\/wp-content\/uploads\/2021\/04\/2021FlexoptixLinearLogo_rgb_white.png\" alt=\"Flexoptix horizontal logo\" class=\"wp-image-139053\" style=\"object-fit:contain;width:250px;height:38px\" width=\"250\" height=\"38\" srcset=\"https:\/\/www.internetsociety.org\/wp-content\/uploads\/2021\/04\/2021FlexoptixLinearLogo_rgb_white.png 500w, https:\/\/www.internetsociety.org\/wp-content\/uploads\/2021\/04\/2021FlexoptixLinearLogo_rgb_white-450x66.png 450w, https:\/\/www.internetsociety.org\/wp-content\/uploads\/2021\/04\/2021FlexoptixLinearLogo_rgb_white-250x37.png 250w\" sizes=\"auto, (max-width: 250px) 100vw, 250px\" \/><\/a><\/figure>\n<\/div>\n\n\n<div style=\"height:30px\" aria-hidden=\"true\" class=\"wp-block-spacer\"><\/div>\n\n\n\n<p class=\"has-18-font-size\">Nous avons \u00e9tabli un partenariat avec Flexoptix pour fournir des \u00e9metteurs-r\u00e9cepteurs optiques et&nbsp;<a href=\"https:\/\/www.internetsociety.org\/fr\/events\/atelier-virtuel-bases-des-emetteurs-recepteurs-optiques-pour-les-ixp-africains\/\">des formations techniques<\/a> aux points d\u2019\u00e9change Internet.<\/p>\n<\/div>\n\n\n\n<div class=\"wp-block-uagb-column uagb-column__wrap uagb-column__background-color uagb-block-fe83d12e\"><div class=\"uagb-column__overlay\"><\/div><div class=\"wp-block-image\">\n<figure class=\"aligncenter size-full is-resized\"><a href=\"https:\/\/www.icann.org\/\"><img loading=\"lazy\" decoding=\"async\" src=\"https:\/\/www.internetsociety.org\/wp-content\/uploads\/2021\/12\/ICANN-250x150-1.png\" alt=\"ICANN logo\" class=\"wp-image-162355\" style=\"object-fit:cover;width:100px;height:80px\" width=\"100\" height=\"80\"\/><\/a><\/figure>\n<\/div>\n\n\n<div style=\"height:20px\" aria-hidden=\"true\" class=\"wp-block-spacer\"><\/div>\n\n\n\n<p class=\"has-18-font-size\">L\u2019Internet Society collabore avec la Soci\u00e9t\u00e9 pour l\u2019attribution des noms de domaine et des num\u00e9ros sur Internet, soit l\u2019ICANN, pour r\u00e9aliser <a href=\"https:\/\/www.internetsociety.org\/fr\/news\/communiques-de-presse\/2023\/la-coalition-pour-une-afrique-numerique-annonce-une-initiative-portant-sur-les-points-dechange-internet\/\">l\u2019initiative des points d\u2019\u00e9change Internet (IXP) de la Coalition for Digital Africa<\/a> afin de soutenir le d\u00e9veloppement d\u2019une infrastructure Internet robuste et s\u00e9curis\u00e9e en Afrique. <\/p>\n<\/div>\n\n\n\n<div class=\"wp-block-uagb-column uagb-column__wrap uagb-column__background-color uagb-block-d6acb8e4\"><div class=\"uagb-column__overlay\"><\/div>\n<div style=\"height:25px\" aria-hidden=\"true\" class=\"wp-block-spacer\"><\/div>\n\n\n<div class=\"wp-block-image is-style-default margin-bottom-0 vertical-align-bottom\">\n<figure class=\"aligncenter size-full is-resized\"><a href=\"https:\/\/www.ixpmanager.org\/\"><img loading=\"lazy\" decoding=\"async\" src=\"https:\/\/www.internetsociety.org\/wp-content\/uploads\/2020\/09\/ixp-manager-logo.png\" alt=\"IXP Manager logo\" class=\"wp-image-123980\" style=\"object-fit:cover;width:112px;height:42px\" width=\"112\" height=\"42\" srcset=\"https:\/\/www.internetsociety.org\/wp-content\/uploads\/2020\/09\/ixp-manager-logo.png 376w, https:\/\/www.internetsociety.org\/wp-content\/uploads\/2020\/09\/ixp-manager-logo-250x94.png 250w\" sizes=\"auto, (max-width: 112px) 100vw, 112px\" \/><\/a><\/figure>\n<\/div>\n\n\n<div style=\"height:30px\" aria-hidden=\"true\" class=\"wp-block-spacer\"><\/div>\n\n\n\n<p class=\"has-18-font-size\"><a href=\"https:\/\/www.ixpmanager.org\/\">IXP Manager<\/a> est un outil en open source utilis\u00e9 par plus de 130 IXP du monde entier. IXP Manager est un excellent partenaire de l\u2019Internet Society depuis plus de quatre ans. En 2020, nous sommes devenus m\u00e9c\u00e8nes de platine d\u2019IXP Manager, et nous continuons de renforcer notre partenariat pour aider au d\u00e9veloppement des IXP.<\/p>\n<\/div>\n\n\n\n<div class=\"wp-block-uagb-column uagb-column__wrap uagb-column__background-color uagb-block-655111ca\"><div class=\"uagb-column__overlay\"><\/div><div class=\"wp-block-image is-style-default margin-bottom-0 vertical-align-bottom\">\n<figure class=\"aligncenter size-full is-resized\"><a href=\"https:\/\/about.meta.com\/\"><img loading=\"lazy\" decoding=\"async\" src=\"https:\/\/www.internetsociety.org\/wp-content\/uploads\/2022\/01\/meta-logo.png\" alt=\"Meta logo\" class=\"wp-image-163060\" style=\"object-fit:cover;width:195px;height:84px\" width=\"195\" height=\"84\" srcset=\"https:\/\/www.internetsociety.org\/wp-content\/uploads\/2022\/01\/meta-logo.png 650w, https:\/\/www.internetsociety.org\/wp-content\/uploads\/2022\/01\/meta-logo-450x194.png 450w, https:\/\/www.internetsociety.org\/wp-content\/uploads\/2022\/01\/meta-logo-250x108.png 250w\" sizes=\"auto, (max-width: 195px) 100vw, 195px\" \/><\/a><\/figure>\n<\/div>\n\n\n<div style=\"height:10px\" aria-hidden=\"true\" class=\"wp-block-spacer\"><\/div>\n\n\n\n<p class=\"has-18-font-size\">L\u2019Internet Society et Meta collaborent pour promouvoir <a href=\"https:\/\/www.internetsociety.org\/news\/press-releases\/2023\/global-partnership-with-meta-to-grow-the-internet-and-strengthen-local-ecosystems\/\">le d\u00e9veloppement de l\u2019infrastructure des points d\u2019\u00e9change Internet (IXP), la formation et l\u2019engagement communautaire<\/a> en vue d\u2019augmenter le nombre des IXP, et de soutenir l\u2019expansion des IXP existants \u00e0 travers le monde. <\/p>\n<\/div>\n<\/div><\/section>\n\n\n\n<div class=\"wp-block-columns margin-bottom-0 has-neutral-white-background-color has-background is-layout-flex wp-container-core-columns-is-layout-9d6595d7 wp-block-columns-is-layout-flex\">\n<div class=\"wp-block-column is-layout-flow wp-block-column-is-layout-flow\" style=\"flex-basis:10%\"><\/div>\n\n\n\n<div class=\"wp-block-column is-layout-flow wp-block-column-is-layout-flow\" style=\"flex-basis:80%\">\n<h3 class=\"wp-block-heading has-32-font-size\">Associations r\u00e9gionales pour les IXP<\/h3>\n<\/div>\n\n\n\n<div class=\"wp-block-column is-layout-flow wp-block-column-is-layout-flow\" style=\"flex-basis:10%\"><\/div>\n<\/div>\n\n\n\n<section class=\"wp-block-uagb-columns uagb-columns__wrap uagb-columns__background-color uagb-columns__stack-mobile uagb-columns__valign- uagb-columns__gap-10 align uagb-block-4ee0553e uagb-columns__columns-4 uagb-columns__max_width-theme\"><div class=\"uagb-columns__overlay\"><\/div><div class=\"uagb-columns__inner-wrap uagb-columns__columns-4\">\n<div class=\"wp-block-uagb-column uagb-column__wrap uagb-column__background-color uagb-block-af4382d4\"><div class=\"uagb-column__overlay\"><\/div>\n<div style=\"height:20px\" aria-hidden=\"true\" class=\"wp-block-spacer\"><\/div>\n\n\n<div class=\"wp-block-image is-style-default\">\n<figure class=\"aligncenter size-large is-resized\"><a href=\"https:\/\/www.af-ix.net\/\"><img loading=\"lazy\" decoding=\"async\" src=\"https:\/\/www.internetsociety.org\/wp-content\/uploads\/2020\/05\/AF-IX-Logo.jpg\" alt=\"African IXP Association logo\" class=\"wp-image-114596\" style=\"width:100px;height:75px\" width=\"100\" height=\"75\" srcset=\"https:\/\/www.internetsociety.org\/wp-content\/uploads\/2020\/05\/AF-IX-Logo.jpg 536w, https:\/\/www.internetsociety.org\/wp-content\/uploads\/2020\/05\/AF-IX-Logo-450x338.jpg 450w, https:\/\/www.internetsociety.org\/wp-content\/uploads\/2020\/05\/AF-IX-Logo-250x188.jpg 250w\" sizes=\"auto, (max-width: 100px) 100vw, 100px\" \/><\/a><\/figure>\n<\/div>\n\n\n<div style=\"height:20px\" aria-hidden=\"true\" class=\"wp-block-spacer\"><\/div>\n\n\n\n<p class=\"has-18-font-size\">Nous sommes partenaires de l\u2019association africaine des IXP (AF-IX) pour l\u2019organisation des \u00e9v\u00e9nements de&nbsp;<a href=\"https:\/\/www.afpif.org\/fr\/\">l\u2019AfPIF<\/a>&nbsp;et de&nbsp;<a href=\"https:\/\/www.afpif.org\/fr\/serie-de-peering-virtuels-afrique\/\">la s\u00e9rie virtuelle sur le peering<\/a>, ainsi que pour d\u2019autres activit\u00e9s pour le d\u00e9veloppement des IXP, telles que le renforcement des capacit\u00e9s,&nbsp;<a href=\"http:\/\/arda.af-ix.net\/ARP\/index.php\">les projets de mesure<\/a>, etc.<\/p>\n<\/div>\n\n\n\n<div class=\"wp-block-uagb-column uagb-column__wrap uagb-column__background-color uagb-block-618956e7\"><div class=\"uagb-column__overlay\"><\/div>\n<div style=\"height:25px\" aria-hidden=\"true\" class=\"wp-block-spacer\"><\/div>\n\n\n<div class=\"wp-block-image is-style-default\">\n<figure class=\"aligncenter size-medium is-resized\"><a href=\"https:\/\/apix.asia\/\"><img loading=\"lazy\" decoding=\"async\" src=\"https:\/\/www.internetsociety.org\/wp-content\/uploads\/2020\/10\/apix-logo-450x269.png\" alt=\"Asia Pacific Internet Exchange Association logo\" class=\"wp-image-125143\" style=\"width:113px;height:67px\" width=\"113\" height=\"67\" srcset=\"https:\/\/www.internetsociety.org\/wp-content\/uploads\/2020\/10\/apix-logo-450x269.png 450w, https:\/\/www.internetsociety.org\/wp-content\/uploads\/2020\/10\/apix-logo-1024x612.png 1024w, https:\/\/www.internetsociety.org\/wp-content\/uploads\/2020\/10\/apix-logo-768x459.png 768w, https:\/\/www.internetsociety.org\/wp-content\/uploads\/2020\/10\/apix-logo-250x150.png 250w, https:\/\/www.internetsociety.org\/wp-content\/uploads\/2020\/10\/apix-logo.png 1162w\" sizes=\"auto, (max-width: 113px) 100vw, 113px\" \/><\/a><\/figure>\n<\/div>\n\n\n<div style=\"height:25px\" aria-hidden=\"true\" class=\"wp-block-spacer\"><\/div>\n\n\n\n<p class=\"has-18-font-size\">Notre partenariat le plus r\u00e9cent est celui avec <a href=\"https:\/\/apix.asia\/\">l\u2019Asia Pacific Internet Exchange Association (APIX)<\/a>, qui vise \u00e0 coordonner et soutenir les activit\u00e9s de d\u00e9veloppement des IXP dans la r\u00e9gion Asie-Pacifique.<\/p>\n<\/div>\n\n\n\n<div class=\"wp-block-uagb-column uagb-column__wrap uagb-column__background-color uagb-block-8b713340\"><div class=\"uagb-column__overlay\"><\/div>\n<div style=\"height:35px\" aria-hidden=\"true\" class=\"wp-block-spacer\"><\/div>\n\n\n<div class=\"wp-block-image is-style-default\">\n<figure class=\"aligncenter size-large is-resized\"><a href=\"https:\/\/lac-ix.org\/\"><img loading=\"lazy\" decoding=\"async\" src=\"https:\/\/www.internetsociety.org\/wp-content\/uploads\/2020\/09\/logo_LAC-IX.png\" alt=\"Latin America and Caribbean IXPs logo\" class=\"wp-image-124211\" style=\"object-fit:cover;width:140px;height:51px\" width=\"140\" height=\"51\"\/><\/a><\/figure>\n<\/div>\n\n\n<div style=\"height:33px\" aria-hidden=\"true\" class=\"wp-block-spacer\"><\/div>\n\n\n\n<p class=\"has-18-font-size\">Nous pilotons un programme avec le LACNIC pour soutenir les d\u00e9buts des IXP. Ensemble, nous nous impliquons dans des activit\u00e9s de renforcement des capacit\u00e9s et de la communaut\u00e9 pour les IXP, notamment avec&nbsp;<a href=\"https:\/\/www.manrs.org\/ixps\/\">le programme MANRS<\/a>.<\/p>\n<\/div>\n\n\n\n<div class=\"wp-block-uagb-column uagb-column__wrap uagb-column__background-color uagb-block-e8fc3ff4\"><div class=\"uagb-column__overlay\"><\/div>\n<div style=\"height:40px\" aria-hidden=\"true\" class=\"wp-block-spacer\"><\/div>\n\n\n<div class=\"wp-block-image\">\n<figure class=\"aligncenter size-full is-resized\"><a href=\"https:\/\/www.euro-ix.net\/en\/\"><img loading=\"lazy\" decoding=\"async\" src=\"https:\/\/www.internetsociety.org\/wp-content\/uploads\/2018\/03\/logo.132b1317c927.png\" alt=\"European Internet Exchange Association logo\" class=\"wp-image-76426\" style=\"object-fit:cover;width:160px;height:35px\" width=\"160\" height=\"35\" srcset=\"https:\/\/www.internetsociety.org\/wp-content\/uploads\/2018\/03\/logo.132b1317c927.png 320w, https:\/\/www.internetsociety.org\/wp-content\/uploads\/2018\/03\/logo.132b1317c927-300x66.png 300w, https:\/\/www.internetsociety.org\/wp-content\/uploads\/2018\/03\/logo.132b1317c927-250x55.png 250w\" sizes=\"auto, (max-width: 160px) 100vw, 160px\" \/><\/a><\/figure>\n<\/div>\n\n\n<div style=\"height:37px\" aria-hidden=\"true\" class=\"wp-block-spacer\"><\/div>\n\n\n\n<p class=\"has-18-font-size\">Nous avons \u00e9tabli un partenariat avec l\u2019European Internet Exchange Association (EURO-IX) afin de soutenir le d\u00e9veloppement des IXP gr\u00e2ce \u00e0 leur&nbsp;<a href=\"https:\/\/www.euro-ix.net\/en\/support-ixps\/fellowship-sponsors\/\">programme de bourse&nbsp;<\/a>et \u00e0 leur projet&nbsp;<a href=\"https:\/\/ixpdb.euro-ix.net\/en\/sponsors\/\">de base de donn\u00e9es des IXP<\/a>.<\/p>\n<\/div>\n<\/div><\/section>\n\n\n\n<div class=\"wp-block-columns are-vertically-aligned-center margin-bottom-0 has-neutral-green-background-color has-background is-layout-flex wp-container-core-columns-is-layout-9d6595d7 wp-block-columns-is-layout-flex\">\n<div class=\"wp-block-column is-vertically-aligned-center is-layout-flow wp-block-column-is-layout-flow\" style=\"flex-basis:10%\"><\/div>\n\n\n\n<div class=\"wp-block-column is-vertically-aligned-center is-layout-flow wp-block-column-is-layout-flow\" style=\"flex-basis:50%\">\n<div style=\"height:40px\" aria-hidden=\"true\" class=\"wp-block-spacer\"><\/div>\n\n\n\n<h4 class=\"wp-block-heading has-28-font-size\">Pour se d\u00e9velopper, Internet a besoin d\u2019\u00eatre soutenu par une communaut\u00e9 forte.<\/h4>\n\n\n\n<div style=\"height:40px\" aria-hidden=\"true\" class=\"wp-block-spacer\"><\/div>\n<\/div>\n\n\n\n<div class=\"wp-block-column is-vertically-aligned-center is-layout-flow wp-block-column-is-layout-flow\" style=\"flex-basis:30%\">\n<div style=\"height:40px\" aria-hidden=\"true\" class=\"wp-block-spacer\"><\/div>\n\n\n\n<div class=\"wp-block-buttons is-horizontal is-content-justification-center is-layout-flex wp-container-core-buttons-is-layout-499968f5 wp-block-buttons-is-layout-flex\">\n<div class=\"wp-block-button is-style-outline is-style-outline--1\"><a class=\"wp-block-button__link has-depth-green-color has-text-color has-background wp-element-button\" href=\"mailto:partnerships@isoc.org\" style=\"background-color:#ffffff\">Devenir partenaire<\/a><\/div>\n\n\n\n<div class=\"wp-block-button\"><a class=\"wp-block-button__link has-depth-green-background-color has-background wp-element-button\" href=\"https:\/\/www.internetsociety.org\/fr\/issues\/developper-linfrastructure-et-les-communautes-techniques\/\">En savoir plus sur les travaux de nos projets<\/a><\/div>\n<\/div>\n\n\n\n<div style=\"height:40px\" aria-hidden=\"true\" class=\"wp-block-spacer\"><\/div>\n<\/div>\n\n\n\n<div class=\"wp-block-column is-vertically-aligned-center is-layout-flow wp-block-column-is-layout-flow\" style=\"flex-basis:10%\"><\/div>\n<\/div>\n\n\n\n<p class=\"has-text-align-center has-neutral-white-color has-ground-navy-background-color has-text-color has-background has-12-font-size\">Droits d\u2019auteur: \u00a9 Nyani Quarmyne \/ Panos Pictures<\/p>\n","protected":false},"excerpt":{"rendered":"<p>Construire des infrastructures r\u00e9silientes et favoriser des communaut\u00e9s collaboratives n\u00e9cessitent le soutien des partenaires.<\/p>\n","protected":false},"author":46,"featured_media":114898,"parent":167597,"menu_order":0,"comment_status":"closed","ping_status":"closed","template":"page-wide.php","meta":{"_acf_changed":false,"_uag_custom_page_level_css":"","footnotes":""},"categories":[32],"tags":[],"region_news_regions":[],"content_category":[],"ppma_author":[4057],"class_list":["post-130383","page","type-page","status-publish","has-post-thumbnail","hentry","category-internet-access"],"acf":[],"uagb_featured_image_src":{"full":["https:\/\/www.internetsociety.org\/wp-content\/uploads\/2020\/05\/20190822_093047_DSCF3480.jpg",1400,700,false],"thumbnail":["https:\/\/www.internetsociety.org\/wp-content\/uploads\/2020\/05\/20190822_093047_DSCF3480-150x150.jpg",150,150,true],"medium":["https:\/\/www.internetsociety.org\/wp-content\/uploads\/2020\/05\/20190822_093047_DSCF3480-450x225.jpg",450,225,true],"medium_large":["https:\/\/www.internetsociety.org\/wp-content\/uploads\/2020\/05\/20190822_093047_DSCF3480-768x384.jpg",768,384,true],"large":["https:\/\/www.internetsociety.org\/wp-content\/uploads\/2020\/05\/20190822_093047_DSCF3480-1024x512.jpg",1024,512,true],"1536x1536":["https:\/\/www.internetsociety.org\/wp-content\/uploads\/2020\/05\/20190822_093047_DSCF3480.jpg",1400,700,false],"2048x2048":["https:\/\/www.internetsociety.org\/wp-content\/uploads\/2020\/05\/20190822_093047_DSCF3480.jpg",1400,700,false],"post-thumbnail":["https:\/\/www.internetsociety.org\/wp-content\/uploads\/2020\/05\/20190822_093047_DSCF3480-250x125.jpg",250,125,true],"square":["https:\/\/www.internetsociety.org\/wp-content\/uploads\/2020\/05\/20190822_093047_DSCF3480-600x600.jpg",600,600,true],"gform-image-choice-sm":["https:\/\/www.internetsociety.org\/wp-content\/uploads\/2020\/05\/20190822_093047_DSCF3480.jpg",300,150,false],"gform-image-choice-md":["https:\/\/www.internetsociety.org\/wp-content\/uploads\/2020\/05\/20190822_093047_DSCF3480.jpg",400,200,false],"gform-image-choice-lg":["https:\/\/www.internetsociety.org\/wp-content\/uploads\/2020\/05\/20190822_093047_DSCF3480.jpg",600,300,false]},"uagb_author_info":{"display_name":"Ivana Trbovic","author_link":"https:\/\/www.internetsociety.org\/fr\/author\/trbovic\/"},"uagb_comment_info":0,"uagb_excerpt":"Construire des infrastructures r\u00e9silientes et favoriser des communaut\u00e9s collaboratives n\u00e9cessitent le soutien des partenaires.","_links":{"self":[{"href":"https:\/\/www.internetsociety.org\/fr\/wp-json\/wp\/v2\/pages\/130383","targetHints":{"allow":["GET"]}}],"collection":[{"href":"https:\/\/www.internetsociety.org\/fr\/wp-json\/wp\/v2\/pages"}],"about":[{"href":"https:\/\/www.internetsociety.org\/fr\/wp-json\/wp\/v2\/types\/page"}],"author":[{"embeddable":true,"href":"https:\/\/www.internetsociety.org\/fr\/wp-json\/wp\/v2\/users\/46"}],"replies":[{"embeddable":true,"href":"https:\/\/www.internetsociety.org\/fr\/wp-json\/wp\/v2\/comments?post=130383"}],"version-history":[{"count":0,"href":"https:\/\/www.internetsociety.org\/fr\/wp-json\/wp\/v2\/pages\/130383\/revisions"}],"up":[{"embeddable":true,"href":"https:\/\/www.internetsociety.org\/fr\/wp-json\/wp\/v2\/pages\/167597"}],"wp:featuredmedia":[{"embeddable":true,"href":"https:\/\/www.internetsociety.org\/fr\/wp-json\/wp\/v2\/media\/114898"}],"wp:attachment":[{"href":"https:\/\/www.internetsociety.org\/fr\/wp-json\/wp\/v2\/media?parent=130383"}],"wp:term":[{"taxonomy":"category","embeddable":true,"href":"https:\/\/www.internetsociety.org\/fr\/wp-json\/wp\/v2\/categories?post=130383"},{"taxonomy":"post_tag","embeddable":true,"href":"https:\/\/www.internetsociety.org\/fr\/wp-json\/wp\/v2\/tags?post=130383"},{"taxonomy":"region_news_regions","embeddable":true,"href":"https:\/\/www.internetsociety.org\/fr\/wp-json\/wp\/v2\/region_news_regions?post=130383"},{"taxonomy":"content_category","embeddable":true,"href":"https:\/\/www.internetsociety.org\/fr\/wp-json\/wp\/v2\/content_category?post=130383"},{"taxonomy":"author","embeddable":true,"href":"https:\/\/www.internetsociety.org\/fr\/wp-json\/wp\/v2\/ppma_author?post=130383"}],"curies":[{"name":"wp","href":"https:\/\/api.w.org\/{rel}","templated":true}]}}