{"id":127178,"date":"2020-08-12T15:01:54","date_gmt":"2020-08-12T15:01:54","guid":{"rendered":"http:\/\/www.internetsociety.org\/covid19-policy-recommendations\/"},"modified":"2022-07-14T10:05:03","modified_gmt":"2022-07-14T10:05:03","slug":"covid19-policy-recommendations","status":"publish","type":"page","link":"https:\/\/www.internetsociety.org\/fr\/covid19-policy-recommendations\/","title":{"rendered":"Recommandations sur les politiques pendant la pand\u00e9mie de COVID-19"},"content":{"rendered":"\n<div class=\"wp-block-cover aligncenter\" style=\"min-height:500px;aspect-ratio:unset;\"><span aria-hidden=\"true\" class=\"wp-block-cover__background has-background-dim\"><\/span><img loading=\"lazy\" decoding=\"async\" width=\"1024\" height=\"680\" class=\"wp-block-cover__image-background wp-image-119815\" src=\"https:\/\/www.internetsociety.org\/wp-content\/uploads\/2020\/08\/GirlsLearningToType.jpg\" style=\"object-position:50% 30%\" data-object-fit=\"cover\" data-object-position=\"50% 30%\" srcset=\"https:\/\/www.internetsociety.org\/wp-content\/uploads\/2020\/08\/GirlsLearningToType.jpg 1024w, https:\/\/www.internetsociety.org\/wp-content\/uploads\/2020\/08\/GirlsLearningToType-450x299.jpg 450w, https:\/\/www.internetsociety.org\/wp-content\/uploads\/2020\/08\/GirlsLearningToType-768x510.jpg 768w, https:\/\/www.internetsociety.org\/wp-content\/uploads\/2020\/08\/GirlsLearningToType-250x166.jpg 250w\" sizes=\"auto, (max-width: 1024px) 100vw, 1024px\" \/><div class=\"wp-block-cover__inner-container is-layout-flow wp-block-cover-is-layout-flow\">\n<h1 class=\"has-text-align-center wp-block-heading\">Construire un Internet plus grand et plus robust?<\/h1>\n\n\n\n<div style=\"height:40px\" aria-hidden=\"true\" class=\"wp-block-spacer\"><\/div>\n\n\n\n<div class=\"wp-block-buttons animated zoomIn is-content-justification-center is-layout-flex wp-container-core-buttons-is-layout-16018d1d wp-block-buttons-is-layout-flex\">\n<div class=\"wp-block-button\"><a class=\"wp-block-button__link has-green-background-color has-background\" href=\"https:\/\/www.internetsociety.org\/wp-content\/uploads\/2020\/09\/COVID-19-policy-asks.pdf\">T\u00e9l\u00e9charger les recommandations sur les politiques<\/a><\/div>\n<\/div>\n<\/div><\/div>\n\n\n\n<div class=\"wp-block-group has-ground-navy-color has-neutral-white-background-color has-text-color has-background\"><div class=\"wp-block-group__inner-container is-layout-flow wp-block-group-is-layout-flow\">\n<h2 class=\"has-text-align-center wp-block-heading\">Recommandations sur les politiques pendant la pand\u00e9mie de COVID-19<\/h2>\n\n\n\n<div style=\"height:40px\" aria-hidden=\"true\" class=\"wp-block-spacer\"><\/div>\n\n\n\n<p><span style=\"color:#0c1c2c\" class=\"tadv-color\">Au cours des derniers mois, le coronavirus a r\u00e9v\u00e9l\u00e9 au monde entier l&rsquo;importance d&rsquo;Internet en temps de crise.<\/span><\/p>\n\n\n\n<p><span style=\"color:#0c1c2c\" class=\"tadv-color\">Internet a permis \u00e0 des millions de personnes de continuer \u00e0 travailler et \u00e0 \u00e9tudier tout en respectant le confinement. Il a donn\u00e9 acc\u00e8s \u00e0 des informations sanitaires cruciales et a permis aux familles, s\u00e9par\u00e9es en raison de restrictions de voyage ou de quarantaines, de rester en contact. Et, malgr\u00e9 une augmentation significative du volume de trafic sur ses r\u00e9seaux, Internet a prouv\u00e9 qu&rsquo;il \u00e9tait \u00e0 la hauteur. Sa base technique, un r\u00e9seau de r\u00e9seaux exploit\u00e9s en coop\u00e9ration par des fournisseurs de services et des plateformes, a permis d&rsquo;\u00e9viter qu&rsquo;Internet ne connaisse une d\u00e9faillance catastrophique.<\/span><\/p>\n\n\n\n<p class=\"has-ground-navy-color has-text-color\">La pand\u00e9mie actuelle a d\u00e9montr\u00e9 qu&rsquo;Internet constitue, en effet, une force pour le bien.<\/p>\n\n\n\n<p class=\"has-ground-navy-color has-text-color\">Cependant, le coronavirus a \u00e9galement mis en lumi\u00e8re de nombreux d\u00e9fis. Pr\u00e8s de 50 % de la population mondiale n&rsquo;a pas pu travailler ou \u00e9tudier \u00e0 domicile parce qu&rsquo;elle n&rsquo;avait pas acc\u00e8s \u00e0 Internet. Pour beaucoup de ceux qui y ont acc\u00e8s, le service Internet se caract\u00e9rise par un d\u00e9bit tr\u00e8s lent et des prix \u00e9lev\u00e9s, ce qui les emp\u00eache de participer \u00e0 la vie quotidienne. Les applications d&rsquo;identification des cas contacts soul\u00e8vent des pr\u00e9occupations en mati\u00e8re de protection de la vie priv\u00e9e dans le monde entier. Le nombre de cyber-attaques visant le secteur de la sant\u00e9 a augment\u00e9. Et, malgr\u00e9 le besoin \u00e9vident d&rsquo;un chiffrement robuste de bout en bout, alors que de plus en plus de personnes travaillent, effectuent des op\u00e9rations bancaires et acc\u00e8dent aux soins de sant\u00e9 en ligne, les agences des forces de l&rsquo;ordre continuent de r\u00e9clamer un acc\u00e8s d\u00e9tourn\u00e9 aux communications et aux donn\u00e9es chiffr\u00e9es.<\/p>\n\n\n\n<p>Nous pouvons sortir de cette crise avec un Internet plus grand, plus robuste et plus fiable, quelles que soient les conditions temporaires de la crise. Si elles sont adopt\u00e9es maintenant, les politiques du num\u00e9rique ad\u00e9quates peuvent soutenir la reprise \u00e9conomique mondiale et veiller \u00e0 ce que personne ne soit laiss\u00e9 pour compte.<\/p>\n<\/div><\/div>\n\n\n\n<div class=\"wp-block-group animated pulse fast has-neutral-white-color has-ground-blue-background-color has-text-color has-background\"><div class=\"wp-block-group__inner-container is-layout-flow wp-block-group-is-layout-flow\">\n<h4 class=\"has-neutral-white-color has-text-color wp-block-heading\">Il existe des mesures sp\u00e9cifiques que nous pouvons prendre pour nous assurer que les communaut\u00e9s rurales, isol\u00e9es et urbaines non desservies ou mal desservies ont l&rsquo;acc\u00e8s dont elles ont besoin, et pour prot\u00e9ger les utilisateurs d&rsquo;Internet et les infrastructures d&rsquo;Internet essentielles.<\/h4>\n<\/div><\/div>\n\n\n\n<div class=\"wp-block-cover is-light\" style=\"min-height:350px;aspect-ratio:unset;\"><span aria-hidden=\"true\" class=\"wp-block-cover__background has-background-dim\"><\/span><img decoding=\"async\" class=\"wp-block-cover__image-background wp-image-118422\" src=\"https:\/\/www.internetsociety.org\/wp-content\/uploads\/2020\/07\/DSC_7717-e1594837456289.jpg\" style=\"object-position:50% 50%\" data-object-fit=\"cover\" data-object-position=\"50% 50%\"\/><div class=\"wp-block-cover__inner-container is-layout-flow wp-block-cover-is-layout-flow\">\n<h3 class=\"has-text-align-center wp-block-heading\">Veillez \u00e0 fournir un acc\u00e8s \u00e0 ceux qui en ont un besoin urgent.&nbsp;<\/h3>\n<\/div><\/div>\n\n\n\n<div class=\"wp-block-group animated pulse has-neutral-white-background-color has-background\"><div class=\"wp-block-group__inner-container is-layout-flow wp-block-group-is-layout-flow\">\n<h4 class=\"has-ground-blue-color has-text-color wp-block-heading\">Pour garantir un acc\u00e8s permanent et durable pour tous, les l\u00e9gislateurs et les organismes de r\u00e9glementation doivent supprimer les obstacles \u00e0 la connectivit\u00e9 communautaire et faciliter l&rsquo;acc\u00e8s des communaut\u00e9s aux ressources.<\/h4>\n<\/div><\/div>\n\n\n\n<div class=\"wp-block-group has-neutral-white-background-color has-background\"><div class=\"wp-block-group__inner-container is-layout-flow wp-block-group-is-layout-flow\">\n<ol class=\"wp-block-list\" type=\"1\"><li>Faire des investissements pour que chacun puisse acc\u00e9der \u00e0 Internet en temps de crise, avant qu&rsquo;une crise ne se produise. La r\u00e9ponse \u00e0 la crise doit \u00eatre prise en compte dans les processus politiques quotidiens afin que les mesures d&rsquo;urgence, comme les points d&rsquo;acc\u00e8s Wi-Fi communautaires, puissent \u00eatre mises en \u0153uvre en cas de besoin.<\/li><li>Veiller \u00e0 ce que l&rsquo;acc\u00e8s au spectre accord\u00e9 aux installations accueillant des stations d&rsquo;acc\u00e8s Wi-Fi d&rsquo;urgence reste permanent apr\u00e8s la lev\u00e9e des mesures de confinement.<\/li><li>Encourager les compagnies de transport \u00e0 accorder une plus grande priorit\u00e9 \u00e0 la livraison des \u00e9quipements de t\u00e9l\u00e9communications afin d&rsquo;assurer un d\u00e9ploiement rapide des r\u00e9seaux. Suspendre ou acc\u00e9l\u00e9rer les formalit\u00e9s douani\u00e8res et les frais d&rsquo;importation pour faciliter l&rsquo;aide aux communaut\u00e9s touch\u00e9es.<\/li><li>Renforcer les connaissances et les capacit\u00e9s locales pour d\u00e9ployer et entretenir rapidement les r\u00e9seaux. Au cours des derniers mois, il s&rsquo;est av\u00e9r\u00e9 difficile de d\u00e9ployer de nouveaux r\u00e9seaux ou de r\u00e9parer les r\u00e9seaux existants dans le cadre des mesures de confinement et de distanciation sociale.<\/li><li>Encourager les politiques qui soutiennent le d\u00e9veloppement de r\u00e9seaux communautaires au niveau f\u00e9d\u00e9ral, r\u00e9gional et local. Modifier la l\u00e9gislation interdisant ou limitant le d\u00e9veloppement de ces r\u00e9seaux. Donner la priorit\u00e9 aux r\u00e9seaux maill\u00e9s pour r\u00e9pondre \u00e0 la question de l&rsquo;accessibilit\u00e9 financi\u00e8re dans les zones urbaines.<\/li><li>Engager les gouvernements locaux et\/ou les organisations repr\u00e9sentatives au cours des premi\u00e8res \u00e9tapes de la planification de tout projet ou politique dans leur r\u00e9gion. Cet engagement doit \u00eatre pris communaut\u00e9 par communaut\u00e9 pour s&rsquo;assurer que leurs priorit\u00e9s, d\u00e9fis et opportunit\u00e9s uniques sont pris en compte.<\/li><li>D\u00e9finir des crit\u00e8res pour les m\u00e9canismes de financement nouveaux et existants, tels que les bourses et les pr\u00eats du gouvernement, les fonds de service universel et les bourses de fondations priv\u00e9es pour les solutions d&rsquo;acc\u00e8s compl\u00e9mentaires, telles que les r\u00e9seaux communautaires.<\/li><li>Cr\u00e9er un acc\u00e8s abordable au spectre pour des solutions de connectivit\u00e9 compl\u00e9mentaires, telles que les r\u00e9seaux communautaires. Donner la priorit\u00e9 aux zones rurales, isol\u00e9es et autres zones mal desservies pour l&rsquo;attribution du spectre.<\/li><li>Rationaliser les cadres d&rsquo;octroi de licences abordables au profit de la communaut\u00e9 et des fournisseurs d&rsquo;acc\u00e8s \u00e0 Internet (FAI) locaux\/r\u00e9gionaux.<\/li><li>Envisager d&rsquo;appliquer Dig Once (une politique qui rendrait obligatoire le d\u00e9ploiement de la fibre dans le cadre de projets de construction comme la construction de routes) et le partage des infrastructures (o\u00f9 des fournisseurs de t\u00e9l\u00e9communications partagent les infrastructures physiques dans un effort de r\u00e9duction des co\u00fbts) pour faciliter le d\u00e9ploiement efficace de la fibre au kilom\u00e8tre moyen.<\/li><\/ol>\n<\/div><\/div>\n\n\n\n<div class=\"wp-block-cover\" style=\"min-height:350px;aspect-ratio:unset;\"><span aria-hidden=\"true\" class=\"wp-block-cover__background has-background-dim\"><\/span><img loading=\"lazy\" decoding=\"async\" width=\"1400\" height=\"933\" class=\"wp-block-cover__image-background wp-image-116966\" src=\"https:\/\/www.internetsociety.org\/wp-content\/uploads\/2020\/06\/20191028_111839_DSCF5752.jpg\" style=\"object-position:51% 30%\" data-object-fit=\"cover\" data-object-position=\"51% 30%\" srcset=\"https:\/\/www.internetsociety.org\/wp-content\/uploads\/2020\/06\/20191028_111839_DSCF5752.jpg 1400w, https:\/\/www.internetsociety.org\/wp-content\/uploads\/2020\/06\/20191028_111839_DSCF5752-450x300.jpg 450w, https:\/\/www.internetsociety.org\/wp-content\/uploads\/2020\/06\/20191028_111839_DSCF5752-1024x682.jpg 1024w, https:\/\/www.internetsociety.org\/wp-content\/uploads\/2020\/06\/20191028_111839_DSCF5752-768x512.jpg 768w, https:\/\/www.internetsociety.org\/wp-content\/uploads\/2020\/06\/20191028_111839_DSCF5752-250x167.jpg 250w\" sizes=\"auto, (max-width: 1400px) 100vw, 1400px\" \/><div class=\"wp-block-cover__inner-container is-layout-flow wp-block-cover-is-layout-flow\">\n<h3 class=\"has-text-align-center wp-block-heading\">Maintenir la force d&rsquo;Internet.<\/h3>\n\n\n\n<p><\/p>\n<\/div><\/div>\n\n\n\n<div class=\"wp-block-group animated pulse has-neutral-white-background-color has-background\"><div class=\"wp-block-group__inner-container is-layout-flow wp-block-group-is-layout-flow\">\n<h4 class=\"has-ground-blue-color has-text-color wp-block-heading\">Les l\u00e9gislateurs et les op\u00e9rateurs de r\u00e9seaux doivent prot\u00e9ger les flux de donn\u00e9es en ligne et veiller \u00e0 ce que les personnes et les organisations continuent \u00e0 faire confiance \u00e0 Internet.<\/h4>\n<\/div><\/div>\n\n\n\n<div class=\"wp-block-group has-neutral-white-background-color has-background\"><div class=\"wp-block-group__inner-container is-layout-flow wp-block-group-is-layout-flow\">\n<ol class=\"wp-block-list\" type=\"1\"><li>Veiller \u00e0 ce qu&rsquo;Internet reste ouvert, connect\u00e9 au niveau mondial, s\u00fbr et digne de confiance. Les discussions complexes sur la r\u00e9glementation ne doivent pas \u00eatre prises \u00e0 la l\u00e9g\u00e8re dans le contexte de la pand\u00e9mie. Toute politique ou r\u00e9glementation d&rsquo;urgence adopt\u00e9e doit reconna\u00eetre la nature d\u00e9centralis\u00e9e et distribu\u00e9e d&rsquo;Internet.<\/li><li>Conserver la s\u00e9curit\u00e9 comme priorit\u00e9 absolue des politiques et r\u00e9glementations gouvernementales. Les politiques et les r\u00e9glementations devraient soutenir l&rsquo;utilisation du chiffrement de bout en bout pour prot\u00e9ger partout les citoyens, les pays et les \u00e9conomies nationales.<\/li><li>Ne pas utiliser les coupures d&rsquo;Internet et les actions de blocage de contenus pour r\u00e9soudre des probl\u00e8mes sociaux ou civiques. Ces mesures exacerbent souvent le probl\u00e8me plut\u00f4t que de le r\u00e9soudre, car elles ne servent qu&rsquo;\u00e0 dissimuler le probl\u00e8me de fa\u00e7on temporaire.<\/li><\/ol>\n<\/div><\/div>\n\n\n\n<div class=\"wp-block-cover\" style=\"min-height:350px;aspect-ratio:unset;\"><span aria-hidden=\"true\" class=\"wp-block-cover__background has-background-dim\"><\/span><img loading=\"lazy\" decoding=\"async\" width=\"1280\" height=\"550\" class=\"wp-block-cover__image-background wp-image-119341\" src=\"https:\/\/www.internetsociety.org\/wp-content\/uploads\/2020\/07\/community-networks-covid-india.jpg\" style=\"object-position:49% 19%\" data-object-fit=\"cover\" data-object-position=\"49% 19%\" srcset=\"https:\/\/www.internetsociety.org\/wp-content\/uploads\/2020\/07\/community-networks-covid-india.jpg 1280w, https:\/\/www.internetsociety.org\/wp-content\/uploads\/2020\/07\/community-networks-covid-india-450x193.jpg 450w, https:\/\/www.internetsociety.org\/wp-content\/uploads\/2020\/07\/community-networks-covid-india-1024x440.jpg 1024w, https:\/\/www.internetsociety.org\/wp-content\/uploads\/2020\/07\/community-networks-covid-india-768x330.jpg 768w, https:\/\/www.internetsociety.org\/wp-content\/uploads\/2020\/07\/community-networks-covid-india-250x107.jpg 250w\" sizes=\"auto, (max-width: 1280px) 100vw, 1280px\" \/><div class=\"wp-block-cover__inner-container is-layout-flow wp-block-cover-is-layout-flow\">\n<h3 class=\"has-text-align-center wp-block-heading\">Une bonne politique repose sur des informations solides, des mesures fiables et des donn\u00e9es pr\u00e9cises.<\/h3>\n<\/div><\/div>\n\n\n\n<div class=\"wp-block-group animated pulse has-neutral-white-background-color has-background\"><div class=\"wp-block-group__inner-container is-layout-flow wp-block-group-is-layout-flow\">\n<h4 class=\"has-ground-blue-color has-text-color wp-block-heading\">Les l\u00e9gislateurs et les organismes de r\u00e9glementation doivent prendre des mesures pour mieux comprendre les d\u00e9fis de la connectivit\u00e9 et de la s\u00e9curit\u00e9.<\/h4>\n<\/div><\/div>\n\n\n\n<div class=\"wp-block-group has-neutral-white-background-color has-background\"><div class=\"wp-block-group__inner-container is-layout-flow wp-block-group-is-layout-flow\">\n<ol class=\"wp-block-list\" type=\"1\"><li>S&rsquo;engager avec les petits, moyens et grands fournisseurs d&rsquo;acc\u00e8s \u00e0 Internet (FAI), les parties prenantes locales et les experts techniques reconnus lors de l&rsquo;\u00e9laboration de politiques visant \u00e0 prot\u00e9ger ou \u00e0 soutenir les infrastructures des services Internet. Des sources de donn\u00e9es fiables doivent \u00eatre consult\u00e9es, telles que les groupes d&rsquo;op\u00e9rateurs de r\u00e9seaux (GOR), les registres de noms de domaine et les registres Internet r\u00e9gionaux (RIR).<\/li><li>Les gouvernements et les organismes de r\u00e9glementation doivent mener, soutenir et pr\u00e9coniser des recherches qui permettraient :<ul><li>de mesurer la vitesse\/le d\u00e9bit et la qualit\u00e9 de la connexion Internet, en partenariat avec des organisations d&rsquo;experts comme Measurement Lab, Ookla et OpenSignal ;<\/li><li>de collecter des statistiques et des donn\u00e9es fiables sur l&rsquo;utilisation d&rsquo;internet dans les zones mal desservies, ainsi que sur la tarification des services internet, y compris les plafonds de bande passante et les frais d&rsquo;utilisation exc\u00e9dentaire ;<\/li><li>de donner un aper\u00e7u qualitatif des personnes non desservies et mal desservies, et de d\u00e9terminer les cas o\u00f9 des investissements et des actions appropri\u00e9s sont n\u00e9cessaires ; et<\/li><\/ul><\/li><li>dans la mesure du possible, de compiler, de fournir un acc\u00e8s ouvert et d&rsquo;exploiter les donn\u00e9es concernant l&#8217;emplacement des infrastructures essentielles pour l&rsquo;acc\u00e8s \u00e0 Internet, telles que les tours de t\u00e9l\u00e9phonie cellulaire, la fibre terrestre, les c\u00e2bles sous-marins et les centres de donn\u00e9es.<\/li><\/ol>\n\n\n\n<div class=\"wp-block-buttons animated zoomIn is-content-justification-center is-layout-flex wp-container-core-buttons-is-layout-16018d1d wp-block-buttons-is-layout-flex\">\n<div class=\"wp-block-button\"><a class=\"wp-block-button__link has-green-background-color has-background\" href=\"https:\/\/www.internetsociety.org\/wp-content\/uploads\/2020\/09\/COVID-19-policy-asks.pdf\">T\u00e9l\u00e9charger les recommandations sur les politiques<\/a><\/div>\n<\/div>\n<\/div><\/div>\n\n\n\n<p class=\"has-text-align-center has-neutral-white-color has-ground-navy-background-color has-text-color has-background has-12-font-size\"><em>Images:<\/em><br><em><em>Participants au programme de formation sur les r\u00e9seaux communautaires et membres de la communaut\u00e9 \u00e0 Ulukhaktok, Territoires du Nord-Ouest \u00a9 Angela Gzowski<\/em><\/em><br><em><em>Les d\u00e9l\u00e9gu\u00e9s au 4e sommet annuel sur les r\u00e9seaux communautaires en Afrique \u00e0 l&rsquo;Universit\u00e9 de Dodoma, Tanzanie, le 30 octobre 2019. \u00a9 Internet Society \/ Nyani Quarmyne \/ Panos Pictures<\/em><\/em><br><em><em>Le projet Community Network Champions de l&rsquo;Internet Society a rassembl\u00e9 des boursiers d&rsquo;Afrique, des Cara\u00efbes, d&rsquo;Asie centrale, du Moyen-Orient et des \u00eeles du Pacifique dans un programme de formation immersive et d&rsquo;\u00e9change de connaissances de 10 jours en Inde. \u00a9 Internet Society \/ Atul Loke \/ Panos Pictures<\/em><\/em><\/p>\n","protected":false},"excerpt":{"rendered":"<p>Recommandations sur les politiques pendant la pand\u00e9mie de COVID-19 Au cours des derniers mois, le coronavirus a r\u00e9v\u00e9l\u00e9 au monde entier l&rsquo;importance d&rsquo;Internet en temps de crise. Internet a permis \u00e0 des millions de personnes de continuer \u00e0 travailler et \u00e0 \u00e9tudier tout en respectant le confinement. Il a donn\u00e9 acc\u00e8s \u00e0 des informations sanitaires [&hellip;]<\/p>\n","protected":false},"author":46,"featured_media":118396,"parent":0,"menu_order":0,"comment_status":"closed","ping_status":"closed","template":"page-wide.php","meta":{"_acf_changed":false,"_uag_custom_page_level_css":"","footnotes":""},"categories":[98],"tags":[],"region_news_regions":[],"content_category":[],"ppma_author":[4057],"class_list":["post-127178","page","type-page","status-publish","has-post-thumbnail","hentry","category-public-policy"],"acf":[],"uagb_featured_image_src":{"full":["https:\/\/www.internetsociety.org\/wp-content\/uploads\/2020\/07\/DSC_7949.jpg",1400,933,false],"thumbnail":["https:\/\/www.internetsociety.org\/wp-content\/uploads\/2020\/07\/DSC_7949-150x150.jpg",150,150,true],"medium":["https:\/\/www.internetsociety.org\/wp-content\/uploads\/2020\/07\/DSC_7949-450x300.jpg",450,300,true],"medium_large":["https:\/\/www.internetsociety.org\/wp-content\/uploads\/2020\/07\/DSC_7949-768x512.jpg",768,512,true],"large":["https:\/\/www.internetsociety.org\/wp-content\/uploads\/2020\/07\/DSC_7949-1024x682.jpg",1024,682,true],"1536x1536":["https:\/\/www.internetsociety.org\/wp-content\/uploads\/2020\/07\/DSC_7949.jpg",1400,933,false],"2048x2048":["https:\/\/www.internetsociety.org\/wp-content\/uploads\/2020\/07\/DSC_7949.jpg",1400,933,false],"post-thumbnail":["https:\/\/www.internetsociety.org\/wp-content\/uploads\/2020\/07\/DSC_7949-250x167.jpg",250,167,true],"square":["https:\/\/www.internetsociety.org\/wp-content\/uploads\/2020\/07\/DSC_7949-600x600.jpg",600,600,true],"gform-image-choice-sm":["https:\/\/www.internetsociety.org\/wp-content\/uploads\/2020\/07\/DSC_7949.jpg",300,200,false],"gform-image-choice-md":["https:\/\/www.internetsociety.org\/wp-content\/uploads\/2020\/07\/DSC_7949.jpg",400,267,false],"gform-image-choice-lg":["https:\/\/www.internetsociety.org\/wp-content\/uploads\/2020\/07\/DSC_7949.jpg",600,400,false]},"uagb_author_info":{"display_name":"Ivana Trbovic","author_link":"https:\/\/www.internetsociety.org\/fr\/author\/trbovic\/"},"uagb_comment_info":0,"uagb_excerpt":"Recommandations sur les politiques pendant la pand\u00e9mie de COVID-19 Au cours des derniers mois, le coronavirus a r\u00e9v\u00e9l\u00e9 au monde entier l&rsquo;importance d&rsquo;Internet en temps de crise. Internet a permis \u00e0 des millions de personnes de continuer \u00e0 travailler et \u00e0 \u00e9tudier tout en respectant le confinement. Il a donn\u00e9 acc\u00e8s \u00e0 des informations sanitaires\u2026","_links":{"self":[{"href":"https:\/\/www.internetsociety.org\/fr\/wp-json\/wp\/v2\/pages\/127178","targetHints":{"allow":["GET"]}}],"collection":[{"href":"https:\/\/www.internetsociety.org\/fr\/wp-json\/wp\/v2\/pages"}],"about":[{"href":"https:\/\/www.internetsociety.org\/fr\/wp-json\/wp\/v2\/types\/page"}],"author":[{"embeddable":true,"href":"https:\/\/www.internetsociety.org\/fr\/wp-json\/wp\/v2\/users\/46"}],"replies":[{"embeddable":true,"href":"https:\/\/www.internetsociety.org\/fr\/wp-json\/wp\/v2\/comments?post=127178"}],"version-history":[{"count":0,"href":"https:\/\/www.internetsociety.org\/fr\/wp-json\/wp\/v2\/pages\/127178\/revisions"}],"wp:featuredmedia":[{"embeddable":true,"href":"https:\/\/www.internetsociety.org\/fr\/wp-json\/wp\/v2\/media\/118396"}],"wp:attachment":[{"href":"https:\/\/www.internetsociety.org\/fr\/wp-json\/wp\/v2\/media?parent=127178"}],"wp:term":[{"taxonomy":"category","embeddable":true,"href":"https:\/\/www.internetsociety.org\/fr\/wp-json\/wp\/v2\/categories?post=127178"},{"taxonomy":"post_tag","embeddable":true,"href":"https:\/\/www.internetsociety.org\/fr\/wp-json\/wp\/v2\/tags?post=127178"},{"taxonomy":"region_news_regions","embeddable":true,"href":"https:\/\/www.internetsociety.org\/fr\/wp-json\/wp\/v2\/region_news_regions?post=127178"},{"taxonomy":"content_category","embeddable":true,"href":"https:\/\/www.internetsociety.org\/fr\/wp-json\/wp\/v2\/content_category?post=127178"},{"taxonomy":"author","embeddable":true,"href":"https:\/\/www.internetsociety.org\/fr\/wp-json\/wp\/v2\/ppma_author?post=127178"}],"curies":[{"name":"wp","href":"https:\/\/api.w.org\/{rel}","templated":true}]}}