{"id":101962,"date":"2019-06-13T10:39:17","date_gmt":"2019-06-13T10:39:17","guid":{"rendered":"https:\/\/www.internetsociety.org\/become-a-member\/code-of-conduct\/"},"modified":"2024-08-14T18:33:36","modified_gmt":"2024-08-14T18:33:36","slug":"code-of-conduct","status":"publish","type":"page","link":"https:\/\/www.internetsociety.org\/fr\/become-a-member\/code-of-conduct\/","title":{"rendered":"Code de conduite pour les membres individuels de l&rsquo;Internet Society"},"content":{"rendered":"\n<section class=\"wp-block-uagb-columns uagb-columns__wrap uagb-columns__background-image uagb-columns__stack-mobile uagb-columns__valign- uagb-columns__gap-10 align uagb-block-d6a40f3e uagb-columns__columns-1 uagb-columns__max_width-theme background-image-fallback-black\"><div class=\"uagb-columns__overlay\"><\/div><div class=\"uagb-columns__inner-wrap uagb-columns__columns-1\">\n<div class=\"wp-block-uagb-column uagb-column__wrap uagb-column__background-undefined uagb-block-87a6a79b\"><div class=\"uagb-column__overlay\"><\/div>\n<h1 class=\"wp-block-heading has-neutral-white-color has-text-color\">Code de conduite des membres individuels de l&rsquo;Internet Society<\/h1>\n\n\n\n<div style=\"height:40px\" aria-hidden=\"true\" class=\"wp-block-spacer\"><\/div>\n\n\n\n<h2 class=\"wp-block-heading has-neutral-white-color has-text-color has-link-color wp-elements-1512a7b05ee0f30e041d2d1790488d06\">Engagement, r\u00e8gles communautaires et savoir-vivre<\/h2>\n\n\n\n<div style=\"height:40px\" aria-hidden=\"true\" class=\"wp-block-spacer\"><\/div>\n\n\n\n<p class=\"has-neutral-white-color has-text-color has-link-color wp-elements-f2c664e7912bbc8b52e463bcabe2edd3\">Version 2019 (ax\u00e9e sur les r\u00e8gles de communication et de savoir-vivre)<\/p>\n<\/div>\n<\/div><\/section>\n\n\n\n<div class=\"wp-block-columns is-layout-flex wp-container-core-columns-is-layout-9d6595d7 wp-block-columns-is-layout-flex\">\n<div class=\"wp-block-column is-layout-flow wp-block-column-is-layout-flow\" style=\"flex-basis:10%\"><\/div>\n\n\n\n<div class=\"wp-block-column is-layout-flow wp-block-column-is-layout-flow\" style=\"flex-basis:80%\">\n<div style=\"height:40px\" aria-hidden=\"true\" class=\"wp-block-spacer uag-hide-mob\"><\/div>\n\n\n\n<h3 class=\"wp-block-heading has-accent-purple-color has-text-color has-link-color wp-elements-6053b4ab7218763f6d3ee8519d8d3d3b\">Merci de faire partie de la communaut\u00e9 des membres de l\u2019Internet Society\u00a0!<\/h3>\n\n\n\n<div style=\"height:20px\" aria-hidden=\"true\" class=\"wp-block-spacer\"><\/div>\n\n\n\n<p class=\"has-18-font-size\"> <a href=\"https:\/\/www.internetsociety.org\/fr\/mission\/\">Notre mission<\/a> consiste \u00e0 cr\u00e9er un Internet ouvert, s\u00e9curis\u00e9 et digne de confiance pour tous, dans le monde entier.<\/p>\n\n\n\n<p class=\"has-18-font-size\">Pour que notre communaut\u00e9 mondiale puisse \u00e9changer, collaborer et s\u2019impliquer, nous avons mis en place des listes de discussion et des communaut\u00e9s en ligne. Ces forums en ligne permettent de partager des informations et des id\u00e9es en rapport avec cette mission. Bien que nous encouragions un \u00e9change anim\u00e9 d\u2019id\u00e9es et d\u2019opinions, nous vous demandons de bien vouloir lire et respecter le code de conduite ci-dessous.<\/p>\n\n\n\n<p class=\"has-18-font-size\">Si vous avez des questions, n\u2019h\u00e9sitez pas \u00e0 contacter l\u2019\u00e9quipe d\u2019adh\u00e9sion mondiale (<a href=\"mailto:globalmembership@isoc.org\">globalmembership@isoc.org<\/a>) . Le dialogue courtois et poli est notre priorit\u00e9. Nous nous r\u00e9servons le droit de suspendre l\u2019adh\u00e9sion de quiconque enfreint ce code de conduite.<\/p>\n\n\n\n<div style=\"height:20px\" aria-hidden=\"true\" class=\"wp-block-spacer\"><\/div>\n\n\n\n<h4 class=\"wp-block-heading\">Engagement de l\u2019Internet Society et r\u00e8gles communautaires<\/h4>\n\n\n\n<div style=\"height:20px\" aria-hidden=\"true\" class=\"wp-block-spacer\"><\/div>\n\n\n\n<ul class=\"has-18-font-size wp-block-list\">\n<li>Traiter tous les utilisateurs et coll\u00e8gues de mani\u00e8re juste et \u00e9quitable. Stimuler la conversation, se montrer respectueux des points de vue des autres et \u00e9viter les attaques personnelles.<\/li>\n\n\n\n<li>Respecter les droits de propri\u00e9t\u00e9 intellectuelle l\u00e9gitimes, ne pas plagier le travail d\u2019autrui et accorder aux cr\u00e9ateurs d\u2019id\u00e9es le cr\u00e9dit qui leur revient de droit.<\/li>\n\n\n\n<li>Ne pas partager les publications d\u2019autrui sans autorisation.<\/li>\n<\/ul>\n\n\n\n<div style=\"height:20px\" aria-hidden=\"true\" class=\"wp-block-spacer\"><\/div>\n\n\n\n<h4 class=\"wp-block-heading\">Savoir-vivre dans les groupes de discussion<\/h4>\n\n\n\n<div style=\"height:20px\" aria-hidden=\"true\" class=\"wp-block-spacer\"><\/div>\n\n\n\n<ul class=\"has-18-font-size wp-block-list\">\n<li>Tout contenu diffamatoire, abusif, vulgaire, mena\u00e7ant, offensant ou ill\u00e9gal est strictement interdit.<\/li>\n\n\n\n<li>Les messages ou un langage discriminatoires, hostiles ou intimidants ne seront pas tol\u00e9r\u00e9s, qu\u2019ils soient fond\u00e9s sur la couleur de peau, l\u2019appartenance ethnique, la culture, l\u2019origine nationale, la classe sociale ou \u00e9conomique, le niveau d\u2019\u00e9ducation, le sexe, l\u2019orientation sexuelle, l\u2019identit\u00e9 et l\u2019expression de genre, l\u2019\u00e2ge, la taille, la situation familiale, la croyance politique, la religion ou les capacit\u00e9s mentales ou physiques.<\/li>\n\n\n\n<li>L\u2019Internet Society s\u2019efforce de cr\u00e9er et de maintenir une communaut\u00e9 au sein de laquelle les personnes d\u2019origines et de cultures diff\u00e9rentes sont trait\u00e9es avec respect.<\/li>\n\n\n\n<li>Soyez indulgent\u00a0et respectueux des ant\u00e9c\u00e9dents linguistiques\u00a0: m\u00eame si la langue utilis\u00e9e pour les discussions en ligne est principalement l\u2019anglais (sauf indication contraire), n\u2019oubliez pas que tout le monde n\u2019a pas l\u2019anglais comme langue maternelle.<\/li>\n\n\n\n<li>Gardez vos lignes d\u2019objet concises et claires afin que les membres puissent r\u00e9pondre de mani\u00e8re appropri\u00e9e et effectuer facilement une recherche dans les archives.<\/li>\n\n\n\n<li>Incluez uniquement les parties pertinentes du message d\u2019origine dans les r\u00e9ponses.<\/li>\n\n\n\n<li>Envoyez un message \u00e0 toute la liste uniquement si tout le monde peut en b\u00e9n\u00e9ficier. N\u2019envoyez pas de r\u00e9ponses comme \u00ab\u00a0merci\u00a0\u00bb et \u00ab\u00a0moi aussi\u00a0\u00bb \u00e0 l\u2019int\u00e9gralit\u00e9 de la liste.<\/li>\n\n\n\n<li>\u00c9vitez les messages administratifs, tels que \u00ab\u00a0merci de me retirer de la liste\u00a0\u00bb (utilisez l\u2019interface Web pour modifier vos param\u00e8tres personnels).<\/li>\n\n\n\n<li>Le cas \u00e9ch\u00e9ant, ajoutez \u00ab\u00a0Message long\u00a0\u00bb \u00e0 la ligne d\u2019objet ou au d\u00e9but du corps du message.<\/li>\n\n\n\n<li>N\u2019envoyez pas le m\u00eame message \u00e0 r\u00e9p\u00e9tition \u00e0 plusieurs listes ou biblioth\u00e8ques.<\/li>\n\n\n\n<li>Ne publiez pas de messages commerciaux.<\/li>\n\n\n\n<li>Soyez prudent lorsque vous parlez de produits. Les informations affich\u00e9es sur les listes et dans les biblioth\u00e8ques sont accessibles \u00e0 tous les membres. Les commentaires sont soumis aux lois sur la diffamation, la calomnie et antitrust.<\/li>\n\n\n\n<li>Veuillez lire attentivement les \u00e9l\u00e9ments \u00e9num\u00e9r\u00e9s dans la clause de non-responsabilit\u00e9 et les r\u00e8gles juridiques ci-dessous, notamment en ce qui concerne les droits de propri\u00e9t\u00e9 des informations publi\u00e9es.<\/li>\n<\/ul>\n\n\n\n<div style=\"height:20px\" aria-hidden=\"true\" class=\"wp-block-spacer\"><\/div>\n\n\n\n<h4 class=\"wp-block-heading\">Politique de confidentialit\u00e9<\/h4>\n\n\n\n<div style=\"height:20px\" aria-hidden=\"true\" class=\"wp-block-spacer\"><\/div>\n\n\n\n<p class=\"has-18-font-size\">L\u2019Internet Society\u00a0s\u2019engage\u00a0\u00e0 respecter la vie priv\u00e9e de ses membres et des visiteurs de son site. Nous ne vendons pas, ne louons pas ou ne partageons pas les informations personnellement identifiables partag\u00e9es par les visiteurs ou notre liste de diffusion des membres. Pour en savoir plus, veuillez\u00a0<a href=\"https:\/\/www.internetsociety.org\/fr\/privacy-policy\/\">consulter\u00a0notre politique de confidentialit\u00e9 compl\u00e8te<\/a>.<\/p>\n\n\n\n<div style=\"height:20px\" aria-hidden=\"true\" class=\"wp-block-spacer\"><\/div>\n\n\n\n<h4 class=\"wp-block-heading\">Aspects juridiques<\/h4>\n\n\n\n<div style=\"height:20px\" aria-hidden=\"true\" class=\"wp-block-spacer\"><\/div>\n\n\n\n<p class=\"has-18-font-size\">Ne publiez aucune information ou autre contenu prot\u00e9g\u00e9 par le droit d\u2019auteur sans autorisation. En publiant tout contenu, le publieur garantit et d\u00e9clare qu\u2019il est propri\u00e9taire du droit d\u2019auteur sur ce contenu ou qu\u2019il a re\u00e7u l\u2019autorisation du titulaire du droit d\u2019auteur. En outre, le publieur accorde \u00e0 l\u2019Internet Society et aux utilisateurs de ce site le droit et la licence non exclusifs d\u2019afficher, de copier, de publier, de distribuer, de transmettre, d\u2019imprimer et d\u2019utiliser ces informations ou autre contenu.<\/p>\n\n\n\n<p class=\"has-18-font-size\">L\u2019Internet Society&nbsp;fournit&nbsp;des outils de communication en tant que service \u00e0 ses membres. L\u2019Internet Society n\u2019est pas responsable des opinions et des informations publi\u00e9es sur ce site ou cette liste. L\u2019Internet Society surveille mais ne mod\u00e8re pas les publications sur ce site ou cette liste, mais si une publication inappropri\u00e9e est port\u00e9e \u00e0 son attention, elle se r\u00e9serve le droit de prendre les mesures appropri\u00e9es, notamment de mettre fin \u00e0 l\u2019acc\u00e8s de tout utilisateur qui ne respecte pas ces consignes.<\/p>\n\n\n\n<div style=\"height:20px\" aria-hidden=\"true\" class=\"wp-block-spacer\"><\/div>\n\n\n\n<h4 class=\"wp-block-heading\">Limitation de responsabilit\u00e9<\/h4>\n\n\n\n<div style=\"height:20px\" aria-hidden=\"true\" class=\"wp-block-spacer\"><\/div>\n\n\n\n<p class=\"has-18-font-size\">Dans la mesure autoris\u00e9e par la loi, l\u2019Internet Society (a) d\u00e9cline toutes garanties et repr\u00e9sentations implicites (par ex., les garanties de qualit\u00e9 marchande, d\u2019adaptation \u00e0 un usage particulier, d\u2019exactitude des donn\u00e9es et de non-violation, etc.), (b) ne garantit pas que les outils de communication fonctionneront sans interruption ni erreurs, et (c) fournira les outils de communication (y compris le contenu et les informations) sur une base \u00ab tels quels \u00bb et \u00ab selon disponibilit\u00e9 \u00bb. Dans la mesure autoris\u00e9e par la loi (et sauf si l\u2019Internet Society a conclu un accord \u00e9crit distinct annulant ce contrat), l\u2019Internet Society ne saura \u00eatre tenue responsable envers vous ou toute autre personne pour tout dommage indirect, accessoire, sp\u00e9cial, cons\u00e9cutif ou punitif, ou toute perte de donn\u00e9es, d\u2019opportunit\u00e9s, de r\u00e9putation, de profits ou de revenus, li\u00e9s aux outils de communication (par ex., des d\u00e9clarations offensantes ou diffamatoires, des p\u00e9riodes d\u2019indisponibilit\u00e9 ou des pertes, des utilisations ou des modifications de vos informations ou de votre contenu, etc.). La responsabilit\u00e9 de l\u2019Internet Society ne d\u00e9passera en aucun cas un total de 1 000 USD pour toute r\u00e9clamation. Cette limitation de responsabilit\u00e9 fait partie du fondement de l\u2019accord pass\u00e9 entre vous-m\u00eame et l\u2019Internet Society et s\u2019applique \u00e0 toutes les r\u00e9clamations portant sur la responsabilit\u00e9 (par ex., garantie, d\u00e9lit, n\u00e9gligence, contrat, loi, etc.), et ce m\u00eame si l\u2019Internet Society a \u00e9t\u00e9 inform\u00e9e de la possibilit\u00e9 de tels dommages, et m\u00eame si ces recours ne remplissent pas leur objectif essentiel.<\/p>\n\n\n\n<p class=\"has-neutral-white-background-color has-background has-18-font-size\"><strong>Connectez-vous au <a href=\"https:\/\/community.internetsociety.org\/\">portail de membre (AMS)<\/a> pour mettre \u00e0 jour votre profil et vos pr\u00e9f\u00e9rences.<\/strong><\/p>\n\n\n\n<div style=\"height:40px\" aria-hidden=\"true\" class=\"wp-block-spacer uag-hide-mob\"><\/div>\n<\/div>\n\n\n\n<div class=\"wp-block-column is-layout-flow wp-block-column-is-layout-flow\" style=\"flex-basis:10%\"><\/div>\n<\/div>\n","protected":false},"excerpt":{"rendered":"<p>Code de conduite des membres individuels de l&rsquo;Internet Society Engagement, r\u00e8gles communautaires et savoir-vivre Version 2019 (ax\u00e9e sur les r\u00e8gles de communication et de savoir-vivre) Merci de faire partie de la communaut\u00e9 des membres de l\u2019Internet Society\u00a0! Notre mission consiste \u00e0 cr\u00e9er un Internet ouvert, s\u00e9curis\u00e9 et digne de confiance pour tous, dans le monde [&hellip;]<\/p>\n","protected":false},"author":46,"featured_media":0,"parent":9101,"menu_order":0,"comment_status":"closed","ping_status":"closed","template":"page-wide.php","meta":{"_acf_changed":false,"_uag_custom_page_level_css":"","footnotes":""},"categories":[5695],"tags":[],"region_news_regions":[],"content_category":[],"ppma_author":[4057],"class_list":["post-101962","page","type-page","status-publish","hentry","category-communaute"],"acf":[],"uagb_featured_image_src":{"full":false,"thumbnail":false,"medium":false,"medium_large":false,"large":false,"1536x1536":false,"2048x2048":false,"post-thumbnail":false,"square":false,"gform-image-choice-sm":false,"gform-image-choice-md":false,"gform-image-choice-lg":false},"uagb_author_info":{"display_name":"Ivana Trbovic","author_link":"https:\/\/www.internetsociety.org\/fr\/author\/trbovic\/"},"uagb_comment_info":0,"uagb_excerpt":"Code de conduite des membres individuels de l&rsquo;Internet Society Engagement, r\u00e8gles communautaires et savoir-vivre Version 2019 (ax\u00e9e sur les r\u00e8gles de communication et de savoir-vivre) Merci de faire partie de la communaut\u00e9 des membres de l\u2019Internet Society\u00a0! Notre mission consiste \u00e0 cr\u00e9er un Internet ouvert, s\u00e9curis\u00e9 et digne de confiance pour tous, dans le monde\u2026","_links":{"self":[{"href":"https:\/\/www.internetsociety.org\/fr\/wp-json\/wp\/v2\/pages\/101962","targetHints":{"allow":["GET"]}}],"collection":[{"href":"https:\/\/www.internetsociety.org\/fr\/wp-json\/wp\/v2\/pages"}],"about":[{"href":"https:\/\/www.internetsociety.org\/fr\/wp-json\/wp\/v2\/types\/page"}],"author":[{"embeddable":true,"href":"https:\/\/www.internetsociety.org\/fr\/wp-json\/wp\/v2\/users\/46"}],"replies":[{"embeddable":true,"href":"https:\/\/www.internetsociety.org\/fr\/wp-json\/wp\/v2\/comments?post=101962"}],"version-history":[{"count":0,"href":"https:\/\/www.internetsociety.org\/fr\/wp-json\/wp\/v2\/pages\/101962\/revisions"}],"up":[{"embeddable":true,"href":"https:\/\/www.internetsociety.org\/fr\/wp-json\/wp\/v2\/pages\/9101"}],"wp:attachment":[{"href":"https:\/\/www.internetsociety.org\/fr\/wp-json\/wp\/v2\/media?parent=101962"}],"wp:term":[{"taxonomy":"category","embeddable":true,"href":"https:\/\/www.internetsociety.org\/fr\/wp-json\/wp\/v2\/categories?post=101962"},{"taxonomy":"post_tag","embeddable":true,"href":"https:\/\/www.internetsociety.org\/fr\/wp-json\/wp\/v2\/tags?post=101962"},{"taxonomy":"region_news_regions","embeddable":true,"href":"https:\/\/www.internetsociety.org\/fr\/wp-json\/wp\/v2\/region_news_regions?post=101962"},{"taxonomy":"content_category","embeddable":true,"href":"https:\/\/www.internetsociety.org\/fr\/wp-json\/wp\/v2\/content_category?post=101962"},{"taxonomy":"author","embeddable":true,"href":"https:\/\/www.internetsociety.org\/fr\/wp-json\/wp\/v2\/ppma_author?post=101962"}],"curies":[{"name":"wp","href":"https:\/\/api.w.org\/{rel}","templated":true}]}}