{"id":9027,"date":"2017-05-19T12:50:36","date_gmt":"2017-05-19T12:50:36","guid":{"rendered":"http:\/\/www.internetsociety.org\/affiliated-sites\/"},"modified":"2025-05-16T07:03:45","modified_gmt":"2025-05-16T07:03:45","slug":"affiliated-sites","status":"publish","type":"page","link":"https:\/\/www.internetsociety.org\/es\/affiliated-sites\/","title":{"rendered":"Sitios Afiliados"},"content":{"rendered":"\n<section class=\"wp-block-uagb-columns uagb-columns__wrap uagb-columns__background-image uagb-columns__stack-mobile uagb-columns__valign- uagb-columns__gap-10 align uagb-block-348970f6 uagb-columns__columns-1 uagb-columns__max_width-theme background-image-fallback-black\"><div class=\"uagb-columns__overlay\"><\/div><div class=\"uagb-columns__inner-wrap uagb-columns__columns-1\">\n<div class=\"wp-block-uagb-column uagb-column__wrap uagb-column__background-undefined uagb-block-630388c2\"><div class=\"uagb-column__overlay\"><\/div>\n<div style=\"height:100px\" aria-hidden=\"true\" class=\"wp-block-spacer\"><\/div>\n\n\n\n<h1 class=\"wp-block-heading has-neutral-white-color has-text-color\">Sitios Afiliados<\/h1>\n\n\n\n<div style=\"height:100px\" aria-hidden=\"true\" class=\"wp-block-spacer\"><\/div>\n<\/div>\n<\/div><\/section>\n\n\n\n<div class=\"wp-block-columns is-not-stacked-on-mobile margin-bottom-0 is-layout-flex wp-container-core-columns-is-layout-9d6595d7 wp-block-columns-is-layout-flex\">\n<div class=\"wp-block-column is-layout-flow wp-block-column-is-layout-flow\" style=\"flex-basis:10%\"><\/div>\n\n\n\n<div class=\"wp-block-column is-layout-flow wp-block-column-is-layout-flow\" style=\"flex-basis:84%\">\n<div style=\"height:40px\" aria-hidden=\"true\" class=\"wp-block-spacer\"><\/div>\n\n\n\n<p class=\"has-18-font-size\">Internet Society apoya una variedad de proyectos, eventos e iniciativas que se encuentran en otros sitios web. Algunos de estos sitios son mantenidos por Internet Society y funcionan en nuestra infraestructura. Algunos son proyectos directos de Internet Society, mientras que otros son sitios que administramos en nombre de otras organizaciones o comunidades.<\/p>\n\n\n\n<p class=\"has-18-font-size\">El contenido m\u00e1s reciente publicado en todos nuestros sitios se puede consultar en <a href=\"https:\/\/news.internetsociety.org\/\">news.internetsociety.org<\/a>.<\/p>\n\n\n\n<div style=\"height:20px\" aria-hidden=\"true\" class=\"wp-block-spacer\"><\/div>\n\n\n\n<div class=\"wp-block-columns is-layout-flex wp-container-core-columns-is-layout-9d6595d7 wp-block-columns-is-layout-flex\">\n<div class=\"wp-block-column is-layout-flow wp-block-column-is-layout-flow\">\n<h2 class=\"wp-block-heading has-32-font-size\">Sitios que actualmente administra Internet Society<\/h2>\n\n\n\n<div style=\"height:20px\" aria-hidden=\"true\" class=\"wp-block-spacer\"><\/div>\n\n\n\n<ul class=\"wp-block-list has-18-font-size\">\n<li><span class=\"tadv-color\" style=\"color:#2b72d6\"><a href=\"https:\/\/www.internetsociety.org\/es\/\">Internet Society<\/a><\/span><\/li>\n\n\n\n<li><span class=\"tadv-color\" style=\"color:#2b72d6\"><a href=\"https:\/\/www.isocfoundation.org\/es\/\">La fundaci\u00f3n Internet Society<\/a><\/span><\/li>\n\n\n\n<li><span class=\"tadv-color\" style=\"color:#2b72d6\"><a href=\"https:\/\/community.internetsociety.org\/s\/\">Portal para los miembros de Internet Society (Fonteva)<\/a><\/span><\/li>\n\n\n\n<li><span class=\"tadv-color\" style=\"color:#2b72d6\"><a href=\"https:\/\/learning.internetsociety.org\/\">Sistema de gesti\u00f3n de aprendizaje (LMS) de Internet Society<\/a><\/span><\/li>\n\n\n\n<li><span class=\"tadv-color\" style=\"color:#2b72d6\"><a href=\"https:\/\/donate.internetsociety.org\/\">Donaciones para Internet Society<\/a><\/span><\/li>\n<\/ul>\n\n\n\n<div style=\"height:20px\" aria-hidden=\"true\" class=\"wp-block-spacer\"><\/div>\n\n\n\n<h3 class=\"wp-block-heading has-28-font-size\">Proyectos de Internet Society<\/h3>\n\n\n\n<div style=\"height:20px\" aria-hidden=\"true\" class=\"wp-block-spacer\"><\/div>\n\n\n\n<ul class=\"wp-block-list has-18-font-size\">\n<li><span class=\"tadv-color\" style=\"color:#2b72d6\"><a href=\"https:\/\/www.internethalloffame.org\/\">Sal\u00f3n de la Fama de Internet<\/a><\/span><\/li>\n\n\n\n<li><span class=\"tadv-color\" style=\"color:#2b72d6\"><a href=\"https:\/\/pulse.internetsociety.org\/\">Plataforma Pulse<\/a><\/span><\/li>\n<\/ul>\n\n\n\n<div style=\"height:20px\" aria-hidden=\"true\" class=\"wp-block-spacer\"><\/div>\n\n\n\n<h3 class=\"wp-block-heading has-28-font-size\">Proyectos comunitarios y de nuestros socios<\/h3>\n\n\n\n<div style=\"height:20px\" aria-hidden=\"true\" class=\"wp-block-spacer\"><\/div>\n\n\n\n<ul class=\"wp-block-list has-18-font-size\">\n<li><span class=\"tadv-color\" style=\"color:#2b72d6\"><a href=\"https:\/\/www.afpif.org\/\">Foro Africano de Peering e Interconexi\u00f3n (AfPIF)<\/a><\/span><\/li>\n\n\n\n<li><span class=\"tadv-color\" style=\"color:#2b72d6\"><a href=\"https:\/\/www.globalencryption.org\/\">Coalici\u00f3n Global del Cifrado<\/a><\/span><\/li>\n\n\n\n<li><span class=\"tadv-color\" style=\"color:#2b72d6\"><a href=\"https:\/\/www.ndss-symposium.org\/\">Simposio de Seguridad de Redes y Sistemas Distribuidos (NDSS)<\/a><\/span><\/li>\n\n\n\n<li><span class=\"tadv-color\" style=\"color:#2b72d6\"><a href=\"https:\/\/www.internetac.org\/\">Comit\u00e9 Asesor T\u00e9cnico de Internet (ITAC)<\/a><\/span><\/li>\n\n\n\n<li><span class=\"tadv-color\" style=\"color:#2b72d6\"><a href=\"https:\/\/www.internetcollaboration.org\/\">Grupo de Colaboraci\u00f3n T\u00e9cnica en Internet<\/a><\/span><\/li>\n<\/ul>\n\n\n\n<div style=\"height:20px\" aria-hidden=\"true\" class=\"wp-block-spacer\"><\/div>\n\n\n\n<h3 class=\"wp-block-heading has-28-font-size\">Sitios web de los cap\u00edtulos, grupos de inter\u00e9s especial y grupos permanentes de Internet Society<\/h3>\n\n\n\n<div style=\"height:20px\" aria-hidden=\"true\" class=\"wp-block-spacer\"><\/div>\n\n\n\n<p class=\"has-18-font-size\">Internet Society tiene cap\u00edtulos, grupos de inter\u00e9s especial y grupos permanentes. Estas entidades administran sus propios sitios web independientes. Mantenemos&nbsp;<a href=\"https:\/\/www.internetsociety.org\/es\/chapters\/\">un mapa y una lista de nuestros cap\u00edtulos<\/a>, adem\u00e1s de <a href=\"https:\/\/www.internetsociety.org\/es\/sigs\/\">una lista de nuestros grupos de inter\u00e9s especial y permanentes<\/a>&nbsp;que incluyen enlaces a sus sitios web. El contenido que publican regularmente los cap\u00edtulos, SIG y grupos permanentes est\u00e1 disponible en&nbsp;<a href=\"https:\/\/news.internetsociety.org\/\">news.internetsociety.org<\/a>. <\/p>\n\n\n\n<div style=\"height:20px\" aria-hidden=\"true\" class=\"wp-block-spacer\"><\/div>\n\n\n\n<h4 class=\"wp-block-heading has-28-font-size\">Sitios de organizaciones con las que colabora Internet Society<\/h4>\n\n\n\n<div style=\"height:20px\" aria-hidden=\"true\" class=\"wp-block-spacer\"><\/div>\n\n\n\n<p class=\"has-18-font-size\">Internet Society apoya las actividades de estas organizaciones, pero no participa directamente en la administraci\u00f3n de sus sitios web.<\/p>\n\n\n\n<ul class=\"wp-block-list has-18-font-size\">\n<li><span class=\"tadv-color\" style=\"color:#1d69d3\"><a href=\"https:\/\/www.ietf.org\/\">Internet Engineering Task Force (IETF)<\/a><\/span>: conozca m\u00e1s sobre <span class=\"tadv-color\" style=\"color:#1d69d3\"><a href=\"https:\/\/www.internetsociety.org\/es\/about-the-ietf\/\">nuestra relaci\u00f3n con el IETF<\/a><\/span>.<\/li>\n\n\n\n<li><span class=\"tadv-color\" style=\"color:#1d69d3\"><a href=\"https:\/\/manrs.org\/\">Normas Mutuamente Acordadas para la Seguridad del Enrutamiento (MANRS)<\/a><\/span>: proyecto auspiciado por Internet Society hasta enero del 2024, cuando la Global Cyber Alliance asumi\u00f3 las funciones operativas y de secretar\u00eda. Hoy en d\u00eda, seguimos ofreciendo financiamiento, promoci\u00f3n y capacitaci\u00f3n.<\/li>\n\n\n\n<li><span class=\"tadv-color\" style=\"color:#1d69d3\"><a href=\"https:\/\/pir.org\/\">Public Interest Registry (PIR)<\/a><\/span>: operador sin fines de lucro de los dominios .ORG y .NGO. Visite&nbsp;<span class=\"tadv-color\" style=\"color:#1d69d3\"><a href=\"https:\/\/www.internetsociety.org\/pir\/\">nuestras p\u00e1ginas sobre PIR<\/a><\/span>&nbsp;para entender la relaci\u00f3n entre ambas organizaciones.<\/li>\n<\/ul>\n<\/div>\n<\/div>\n\n\n\n<div style=\"height:30px\" aria-hidden=\"true\" class=\"wp-block-spacer\"><\/div>\n<\/div>\n\n\n\n<div class=\"wp-block-column is-layout-flow wp-block-column-is-layout-flow\" style=\"flex-basis:10%\"><\/div>\n<\/div>\n\n\n\n<div class=\"wp-block-columns is-not-stacked-on-mobile margin-bottom-0 has-neutral-white-background-color has-background is-layout-flex wp-container-core-columns-is-layout-9d6595d7 wp-block-columns-is-layout-flex\">\n<div class=\"wp-block-column is-layout-flow wp-block-column-is-layout-flow\" style=\"flex-basis:10%\"><\/div>\n\n\n\n<div class=\"wp-block-column is-layout-flow wp-block-column-is-layout-flow\" style=\"flex-basis:84%\">\n<div style=\"height:40px\" aria-hidden=\"true\" class=\"wp-block-spacer\"><\/div>\n\n\n\n<div class=\"wp-block-columns is-layout-flex wp-container-core-columns-is-layout-9d6595d7 wp-block-columns-is-layout-flex\">\n<div class=\"wp-block-column is-layout-flow wp-block-column-is-layout-flow\">\n<h3 class=\"wp-block-heading has-28-font-size\">Archivos<\/h3>\n\n\n\n<div style=\"height:20px\" aria-hidden=\"true\" class=\"wp-block-spacer\"><\/div>\n\n\n\n<ul class=\"wp-block-list has-18-font-size\">\n<li><span class=\"tadv-color\" style=\"color:#1d69d3\"><a href=\"https:\/\/www.dnssec-deployment.org\/\">Iniciativa de Despliegue de DNSSEC<\/a><\/span>&nbsp;(a\u00fan mantenido por Internet Society)<\/li>\n\n\n\n<li><span class=\"tadv-color\" style=\"color:#1d69d3\"><a href=\"https:\/\/www.worldipv6launch.org\/\">Lanzamiento Mundial de IPv6<\/a><\/span>&nbsp;(archivado)<\/li>\n\n\n\n<li><span class=\"tadv-color\" style=\"color:#1d69d3\"><a href=\"https:\/\/www.ixptoolkit.org\/\">IXP Toolkit<\/a><\/span>&nbsp;(archivado)<\/li>\n\n\n\n<li><span class=\"tadv-color\" style=\"color:#1d69d3\"><a href=\"https:\/\/www.ietfjournal.org\/\">IETF Journal<\/a><\/span>&nbsp;(archivado)<\/li>\n\n\n\n<li><span class=\"tadv-color\" style=\"color:#1d69d3\"><a href=\"https:\/\/www.networktimesecurity.org\/\">Seguridad del tiempo de red<\/a><\/span>(archivado)<\/li>\n\n\n\n<li><span class=\"tadv-color\" style=\"color:#1d69d3\"><a href=\"https:\/\/www.openwsis2015.org\/\">Llamado a un proceso preparatorio abierto para la CMSI+10 (2015)<\/a><\/span>&nbsp;(archivado)<\/li>\n\n\n\n<li><span class=\"tadv-color\" style=\"color:#1d69d3\"><a href=\"http:\/\/www.eastafricasymposium.org\/\">Simposio sobre TIC y Educaci\u00f3n Superior en \u00c1frica Oriental 2010<\/a><\/span>&nbsp;(archivado)<\/li>\n<\/ul>\n<\/div>\n<\/div>\n\n\n\n<div style=\"height:30px\" aria-hidden=\"true\" class=\"wp-block-spacer\"><\/div>\n<\/div>\n\n\n\n<div class=\"wp-block-column is-layout-flow wp-block-column-is-layout-flow\" style=\"flex-basis:10%\"><\/div>\n<\/div>\n\n\n\n<div class=\"wp-block-columns are-vertically-aligned-top is-not-stacked-on-mobile has-depth-blue-background-color has-background is-layout-flex wp-container-core-columns-is-layout-9d6595d7 wp-block-columns-is-layout-flex\">\n<div class=\"wp-block-column is-vertically-aligned-top is-layout-flow wp-block-column-is-layout-flow\" style=\"flex-basis:10%\"><\/div>\n\n\n\n<div class=\"wp-block-column is-vertically-aligned-top is-layout-flow wp-block-column-is-layout-flow\" style=\"flex-basis:80%\">\n<div style=\"height:30px\" aria-hidden=\"true\" class=\"wp-block-spacer\"><\/div>\n\n\n\n<div class=\"wp-block-columns are-vertically-aligned-center is-layout-flex wp-container-core-columns-is-layout-9d6595d7 wp-block-columns-is-layout-flex\">\n<div class=\"wp-block-column is-vertically-aligned-center is-layout-flow wp-block-column-is-layout-flow\" style=\"flex-basis:66.66%\">\n<h4 class=\"wp-block-heading has-neutral-white-color has-text-color has-28-font-size\">Ayuda a que Internet siga siendo para todos. Dona a nuestra causa.<\/h4>\n<\/div>\n\n\n\n<div class=\"wp-block-column is-vertically-aligned-center is-layout-flow wp-block-column-is-layout-flow\" style=\"flex-basis:33.33%\">\n<div class=\"wp-block-buttons is-vertical is-content-justification-left is-layout-flex wp-container-core-buttons-is-layout-0d4b66b7 wp-block-buttons-is-layout-flex\">\n<div class=\"wp-block-button hover-background-transparent hover-border-white is-style-fill\"><a class=\"wp-block-button__link has-ground-navy-color has-accent-yellow-background-color has-text-color has-background wp-element-button\" href=\"https:\/\/www.internetsociety.org\/es\/donate\/\"><strong>\u2665 Donar<\/strong><\/a><\/div>\n<\/div>\n<\/div>\n<\/div>\n\n\n\n<div style=\"height:20px\" aria-hidden=\"true\" class=\"wp-block-spacer\"><\/div>\n<\/div>\n\n\n\n<div class=\"wp-block-column is-vertically-aligned-top is-layout-flow wp-block-column-is-layout-flow\" style=\"flex-basis:10%\"><\/div>\n<\/div>\n","protected":false},"excerpt":{"rendered":"<p>Sitios Afiliados Internet Society apoya una variedad de proyectos, eventos e iniciativas que se encuentran en otros sitios web. Algunos de estos sitios son mantenidos por Internet Society y funcionan en nuestra infraestructura. Algunos son proyectos directos de Internet Society, mientras que otros son sitios que administramos en nombre de otras organizaciones o comunidades. El [&hellip;]<\/p>\n","protected":false},"author":11,"featured_media":0,"parent":0,"menu_order":0,"comment_status":"closed","ping_status":"closed","template":"page-wide.php","meta":{"_acf_changed":false,"_uag_custom_page_level_css":"","footnotes":""},"categories":[],"tags":[],"region_news_regions":[],"content_category":[],"ppma_author":[4374],"class_list":["post-9027","page","type-page","status-publish","hentry"],"acf":[],"uagb_featured_image_src":{"full":false,"thumbnail":false,"medium":false,"medium_large":false,"large":false,"1536x1536":false,"2048x2048":false,"post-thumbnail":false,"square":false,"gform-image-choice-sm":false,"gform-image-choice-md":false,"gform-image-choice-lg":false},"uagb_author_info":{"display_name":"Internet Society","author_link":"https:\/\/www.internetsociety.org\/es\/author\/isoc\/"},"uagb_comment_info":0,"uagb_excerpt":"Sitios Afiliados Internet Society apoya una variedad de proyectos, eventos e iniciativas que se encuentran en otros sitios web. Algunos de estos sitios son mantenidos por Internet Society y funcionan en nuestra infraestructura. Algunos son proyectos directos de Internet Society, mientras que otros son sitios que administramos en nombre de otras organizaciones o comunidades. El&hellip;","_links":{"self":[{"href":"https:\/\/www.internetsociety.org\/es\/wp-json\/wp\/v2\/pages\/9027","targetHints":{"allow":["GET"]}}],"collection":[{"href":"https:\/\/www.internetsociety.org\/es\/wp-json\/wp\/v2\/pages"}],"about":[{"href":"https:\/\/www.internetsociety.org\/es\/wp-json\/wp\/v2\/types\/page"}],"author":[{"embeddable":true,"href":"https:\/\/www.internetsociety.org\/es\/wp-json\/wp\/v2\/users\/11"}],"replies":[{"embeddable":true,"href":"https:\/\/www.internetsociety.org\/es\/wp-json\/wp\/v2\/comments?post=9027"}],"version-history":[{"count":0,"href":"https:\/\/www.internetsociety.org\/es\/wp-json\/wp\/v2\/pages\/9027\/revisions"}],"wp:attachment":[{"href":"https:\/\/www.internetsociety.org\/es\/wp-json\/wp\/v2\/media?parent=9027"}],"wp:term":[{"taxonomy":"category","embeddable":true,"href":"https:\/\/www.internetsociety.org\/es\/wp-json\/wp\/v2\/categories?post=9027"},{"taxonomy":"post_tag","embeddable":true,"href":"https:\/\/www.internetsociety.org\/es\/wp-json\/wp\/v2\/tags?post=9027"},{"taxonomy":"region_news_regions","embeddable":true,"href":"https:\/\/www.internetsociety.org\/es\/wp-json\/wp\/v2\/region_news_regions?post=9027"},{"taxonomy":"content_category","embeddable":true,"href":"https:\/\/www.internetsociety.org\/es\/wp-json\/wp\/v2\/content_category?post=9027"},{"taxonomy":"author","embeddable":true,"href":"https:\/\/www.internetsociety.org\/es\/wp-json\/wp\/v2\/ppma_author?post=9027"}],"curies":[{"name":"wp","href":"https:\/\/api.w.org\/{rel}","templated":true}]}}