{"id":87063,"date":"2011-06-15T00:00:00","date_gmt":"2011-06-15T00:00:00","guid":{"rendered":"https:\/\/www.internetsociety.org\/programa-de-lideres-de-la-proxima-generacion-ngl-del-ingles-next-generation-leaders\/"},"modified":"2025-09-19T18:06:45","modified_gmt":"2025-09-19T18:06:45","slug":"next-generation-leaders-ngl-programme","status":"publish","type":"page","link":"https:\/\/www.internetsociety.org\/es\/past-ngl-programs\/","title":{"rendered":"Programa de L\u00edderes de la pr\u00f3xima generaci\u00f3n (NGL, del ingl\u00e9s Next Generation Leaders)"},"content":{"rendered":"\n<section class=\"wp-block-uagb-columns uagb-columns__wrap uagb-columns__background-color uagb-columns__stack-mobile uagb-columns__valign- uagb-columns__gap-10 align uagb-block-3c721851 uagb-columns__columns-2 uagb-columns__max_width-theme\"><div class=\"uagb-columns__overlay\"><\/div><div class=\"uagb-columns__inner-wrap uagb-columns__columns-2\">\n<div class=\"wp-block-uagb-column uagb-column__wrap uagb-column__background-color uagb-block-455946f2\"><div class=\"uagb-column__overlay\"><\/div>\n<div style=\"height:40px\" aria-hidden=\"true\" class=\"wp-block-spacer\"><\/div>\n\n\n\n<section class=\"wp-block-uagb-columns uagb-columns__wrap uagb-columns__background-color uagb-columns__stack-mobile uagb-columns__valign- uagb-columns__gap-10 align uagb-block-84bb0e94 uagb-columns__columns-1 uagb-columns__max_width-theme\"><div class=\"uagb-columns__overlay\"><\/div><div class=\"uagb-columns__inner-wrap uagb-columns__columns-1\">\n<div class=\"wp-block-uagb-column uagb-column__wrap uagb-column__background-undefined uagb-block-6ecd8aa9\"><div class=\"uagb-column__overlay\"><\/div>\n<h5 class=\"has-accent-yellow-color has-text-color wp-block-heading\">Estado Actual: <br>Terminado<\/h5>\n\n\n\n<div style=\"height:20px\" aria-hidden=\"true\" class=\"wp-block-spacer\"><\/div>\n\n\n\n<p class=\"has-neutral-white-color has-text-color has-18-font-size\">Este programa ha cerrado. \u00bfEst\u00e1 interesado en desarrollar su potencial como campe\u00f3n de Internet?<\/p>\n<\/div>\n<\/div><\/section>\n\n\n\n<div style=\"height:20px\" aria-hidden=\"true\" class=\"wp-block-spacer\"><\/div>\n\n\n\n<div class=\"wp-block-buttons is-content-justification-center is-layout-flex wp-container-core-buttons-is-layout-16018d1d wp-block-buttons-is-layout-flex\">\n<div class=\"wp-block-button\"><a class=\"wp-block-button__link has-ground-navy-color has-accent-yellow-background-color has-text-color has-background wp-element-button\" href=\"https:\/\/www.internetsociety.org\/es\/shaping-future-of-the-internet\/\">Consulta&nbsp;nuestros nuevos programas.<\/a><\/div>\n<\/div>\n<\/div>\n\n\n\n<div class=\"wp-block-uagb-column uagb-column__wrap uagb-column__background-undefined uagb-block-e2842af9\"><div class=\"uagb-column__overlay\"><\/div>\n<div style=\"height:40px\" aria-hidden=\"true\" class=\"wp-block-spacer\"><\/div>\n\n\n\n<h1 class=\"has-text-align-left has-ground-navy-color has-text-color wp-block-heading\">Programa de L\u00edderes de la pr\u00f3xima generaci\u00f3n <br>(NGL, del ingl\u00e9s Next Generation Leaders)<\/h1>\n\n\n\n<div style=\"height:20px\" aria-hidden=\"true\" class=\"wp-block-spacer\"><\/div>\n\n\n\n<p>El \u00e9xito de Internet no es un accidente. Y no podemos dar su futuro por sentado. Por eso Internet Society invierte en la pr\u00f3xima generaci\u00f3n de l\u00edderes de Internet.<\/p>\n\n\n\n<p>El programa de L\u00edderes de la pr\u00f3xima generaci\u00f3n (NGL) de Internet Society ayuda a los profesionales de Internet, de entre 20 y 40 a\u00f1os, a desarrollar su potencial de liderazgo en los campos de la tecnolog\u00eda, los negocios, la pol\u00edtica y la educaci\u00f3n.<\/p>\n\n\n\n<p>Los participantes en el NGL obtienen una oportunidad \u00fanica para crecer profesionalmente y obtener la experiencia y la confianza que necesitan para contribuir al desarrollo de Internet en sus propias comunidades y en todo el ecosistema de Internet.<\/p>\n\n\n\n<p>El NGL combina teor\u00eda y experiencia pr\u00e1ctica para ayudar a preparar a j\u00f3venes profesionales de todo el mundo con el objetivo de que se conviertan en la pr\u00f3xima generaci\u00f3n de l\u00edderes de los campos de la tecnolog\u00eda, la pol\u00edtica y la empresa en lo relativo a Internet.<\/p>\n\n\n\n<div style=\"height:20px\" aria-hidden=\"true\" class=\"wp-block-spacer\"><\/div>\n\n\n\n<h3 class=\"has-ground-navy-color has-text-color wp-block-heading\">El plan de estudios de NGL<\/h3>\n\n\n\n<div style=\"height:20px\" aria-hidden=\"true\" class=\"wp-block-spacer\"><\/div>\n\n\n\n<p>El plan de estudios de NGL consta de componentes te\u00f3ricos y pr\u00e1cticos. Cada componente puede completarse por separado, o combinarse varios componentes, seg\u00fan las capacidades e intereses de cada participante.<\/p>\n\n\n\n<p>Los participantes que combinan el eLearning con uno o m\u00e1s componentes pr\u00e1cticos pueden graduarse con un certificado de NGL y contar con la oportunidad de proponer proyectos de impacto local. Se llamar\u00e1 Galardonados a los mejores graduados y recibir\u00e1n la ayuda de ISOC para sus proyectos y oportunidades de formaci\u00f3n adicionales.<\/p>\n\n\n\n<p>Los componentes del programa NGL son: <\/p>\n\n\n\n<ul class=\"wp-block-list\">\n<li><a href=\"https:\/\/www.internetsociety.org\/es\/inforum\/shaping-internet\/\">Curso de eLearning moderado: \u201cShaping the Internet \u2013 History and Futures\u201d&nbsp; (Dando forma a Internet: historia y futuro)<\/a><\/li>\n\n\n\n<li><a href=\"https:\/\/www.internetsociety.org\/leadership\/fellowship-to-ietf\/\">Las becas de Internet Society para la Fuerza de Tareas de Ingenier\u00eda de Internet (IETF)<\/a>&nbsp;(programa cerrado)<\/li>\n\n\n\n<li><a href=\"https:\/\/www.internetsociety.org\/es\/leadership\/igf-ambassadors\/\">El programa de Embajadores del Foro de Gobernanza de Internet (IGF)<\/a>&nbsp;(programa cerrado)<\/li>\n\n\n\n<li><a href=\"https:\/\/www.internetsociety.org\/es\/past-ngl-programs\/youth-igf-program\/\">Programa&nbsp;Juventud@IGF<\/a>&nbsp;(programa cerrado)<\/li>\n<\/ul>\n\n\n\n<div style=\"height:20px\" aria-hidden=\"true\" class=\"wp-block-spacer\"><\/div>\n\n\n\n<h3 class=\"has-ground-navy-color has-text-color wp-block-heading\">M\u00e1s informaci\u00f3n<\/h3>\n\n\n\n<div style=\"height:20px\" aria-hidden=\"true\" class=\"wp-block-spacer\"><\/div>\n\n\n\n<p><a href=\"http:\/\/www.internetsociety.org\/next-generation-leaders-faq\">Preguntas frecuentes sobre el NGL<\/a><\/p>\n\n\n\n<p>Para cualquier informaci\u00f3n adicional, p\u00f3ngase en contacto con nosotros en&nbsp;<a href=\"mailto:leaders@isoc.org\">leaders@isoc.org<\/a>.<\/p>\n\n\n\n<div style=\"height:20px\" aria-hidden=\"true\" class=\"wp-block-spacer\"><\/div>\n<\/div>\n<\/div><\/section>\n","protected":false},"excerpt":{"rendered":"<p>El programa de L\u00edderes de la pr\u00f3xima generaci\u00f3n (NGL) de Internet Society ayuda a los profesionales de Internet, de entre 20 y 40 a\u00f1os, a desarrollar su potencial de liderazgo en los campos de la tecnolog\u00eda, los negocios, la pol\u00edtica y la educaci\u00f3n.<\/p>\n","protected":false},"author":11,"featured_media":124675,"parent":224073,"menu_order":0,"comment_status":"closed","ping_status":"closed","template":"page-wide.php","meta":{"_acf_changed":false,"_uag_custom_page_level_css":"","footnotes":""},"categories":[5694,119],"tags":[6150,6149],"region_news_regions":[6030],"content_category":[],"ppma_author":[4374],"class_list":["post-87063","page","type-page","status-publish","has-post-thumbnail","hentry","category-comunidad","category-quienes-somos","tag-becas","tag-exalumnos","region_news_regions-global"],"acf":[],"uagb_featured_image_src":{"full":["https:\/\/www.internetsociety.org\/wp-content\/uploads\/2020\/10\/blue-node-small.png",1400,375,false],"thumbnail":["https:\/\/www.internetsociety.org\/wp-content\/uploads\/2020\/10\/blue-node-small-150x150.png",150,150,true],"medium":["https:\/\/www.internetsociety.org\/wp-content\/uploads\/2020\/10\/blue-node-small-450x121.png",450,121,true],"medium_large":["https:\/\/www.internetsociety.org\/wp-content\/uploads\/2020\/10\/blue-node-small-768x206.png",768,206,true],"large":["https:\/\/www.internetsociety.org\/wp-content\/uploads\/2020\/10\/blue-node-small-1024x274.png",1024,274,true],"1536x1536":["https:\/\/www.internetsociety.org\/wp-content\/uploads\/2020\/10\/blue-node-small.png",1400,375,false],"2048x2048":["https:\/\/www.internetsociety.org\/wp-content\/uploads\/2020\/10\/blue-node-small.png",1400,375,false],"post-thumbnail":["https:\/\/www.internetsociety.org\/wp-content\/uploads\/2020\/10\/blue-node-small-250x67.png",250,67,true],"square":["https:\/\/www.internetsociety.org\/wp-content\/uploads\/2020\/10\/blue-node-small-600x375.png",600,375,true],"gform-image-choice-sm":["https:\/\/www.internetsociety.org\/wp-content\/uploads\/2020\/10\/blue-node-small.png",300,80,false],"gform-image-choice-md":["https:\/\/www.internetsociety.org\/wp-content\/uploads\/2020\/10\/blue-node-small.png",400,107,false],"gform-image-choice-lg":["https:\/\/www.internetsociety.org\/wp-content\/uploads\/2020\/10\/blue-node-small.png",600,161,false]},"uagb_author_info":{"display_name":"Internet Society","author_link":"https:\/\/www.internetsociety.org\/es\/author\/isoc\/"},"uagb_comment_info":0,"uagb_excerpt":"El programa de L\u00edderes de la pr\u00f3xima generaci\u00f3n (NGL) de Internet Society ayuda a los profesionales de Internet, de entre 20 y 40 a\u00f1os, a desarrollar su potencial de liderazgo en los campos de la tecnolog\u00eda, los negocios, la pol\u00edtica y la educaci\u00f3n.","_links":{"self":[{"href":"https:\/\/www.internetsociety.org\/es\/wp-json\/wp\/v2\/pages\/87063","targetHints":{"allow":["GET"]}}],"collection":[{"href":"https:\/\/www.internetsociety.org\/es\/wp-json\/wp\/v2\/pages"}],"about":[{"href":"https:\/\/www.internetsociety.org\/es\/wp-json\/wp\/v2\/types\/page"}],"author":[{"embeddable":true,"href":"https:\/\/www.internetsociety.org\/es\/wp-json\/wp\/v2\/users\/11"}],"replies":[{"embeddable":true,"href":"https:\/\/www.internetsociety.org\/es\/wp-json\/wp\/v2\/comments?post=87063"}],"version-history":[{"count":0,"href":"https:\/\/www.internetsociety.org\/es\/wp-json\/wp\/v2\/pages\/87063\/revisions"}],"up":[{"embeddable":true,"href":"https:\/\/www.internetsociety.org\/es\/wp-json\/wp\/v2\/pages\/224073"}],"wp:featuredmedia":[{"embeddable":true,"href":"https:\/\/www.internetsociety.org\/es\/wp-json\/wp\/v2\/media\/124675"}],"wp:attachment":[{"href":"https:\/\/www.internetsociety.org\/es\/wp-json\/wp\/v2\/media?parent=87063"}],"wp:term":[{"taxonomy":"category","embeddable":true,"href":"https:\/\/www.internetsociety.org\/es\/wp-json\/wp\/v2\/categories?post=87063"},{"taxonomy":"post_tag","embeddable":true,"href":"https:\/\/www.internetsociety.org\/es\/wp-json\/wp\/v2\/tags?post=87063"},{"taxonomy":"region_news_regions","embeddable":true,"href":"https:\/\/www.internetsociety.org\/es\/wp-json\/wp\/v2\/region_news_regions?post=87063"},{"taxonomy":"content_category","embeddable":true,"href":"https:\/\/www.internetsociety.org\/es\/wp-json\/wp\/v2\/content_category?post=87063"},{"taxonomy":"author","embeddable":true,"href":"https:\/\/www.internetsociety.org\/es\/wp-json\/wp\/v2\/ppma_author?post=87063"}],"curies":[{"name":"wp","href":"https:\/\/api.w.org\/{rel}","templated":true}]}}