{"id":86974,"date":"2011-06-15T00:00:00","date_gmt":"2011-06-15T00:00:00","guid":{"rendered":"https:\/\/www.internetsociety.org\/igf-ambassadors-programme-2\/"},"modified":"2025-09-19T18:05:36","modified_gmt":"2025-09-19T18:05:36","slug":"igf-ambassadors-programme-2","status":"publish","type":"page","link":"https:\/\/www.internetsociety.org\/es\/past-ngl-programs\/igf-ambassadors\/","title":{"rendered":"Los embajadores de Internet Society en el Foro de Gobernanza de Internet (IGF)"},"content":{"rendered":"\n<section class=\"wp-block-uagb-columns uagb-columns__wrap uagb-columns__background-color uagb-columns__stack-mobile uagb-columns__valign- uagb-columns__gap-10 align uagb-block-0eaf3e3c uagb-columns__columns-2 uagb-columns__max_width-theme\"><div class=\"uagb-columns__overlay\"><\/div><div class=\"uagb-columns__inner-wrap uagb-columns__columns-2\">\n<div class=\"wp-block-uagb-column uagb-column__wrap uagb-column__background-color uagb-block-22d7d7ea\"><div class=\"uagb-column__overlay\"><\/div>\n<div style=\"height:40px\" aria-hidden=\"true\" class=\"wp-block-spacer\"><\/div>\n\n\n\n<section class=\"wp-block-uagb-columns uagb-columns__wrap uagb-columns__background-color uagb-columns__stack-mobile uagb-columns__valign- uagb-columns__gap-10 align uagb-block-e829da8e uagb-columns__columns-1 uagb-columns__max_width-theme\"><div class=\"uagb-columns__overlay\"><\/div><div class=\"uagb-columns__inner-wrap uagb-columns__columns-1\">\n<div class=\"wp-block-uagb-column uagb-column__wrap uagb-column__background-undefined uagb-block-01ebaf9e\"><div class=\"uagb-column__overlay\"><\/div>\n<h5 class=\"has-accent-yellow-color has-text-color wp-block-heading\">Estado Actual: <br>Terminado<\/h5>\n\n\n\n<div style=\"height:20px\" aria-hidden=\"true\" class=\"wp-block-spacer\"><\/div>\n\n\n\n<p class=\"has-neutral-white-color has-text-color has-18-font-size\">Este programa ha terminado. En 2019, Internet Society combin\u00f3 este programa junto con el programa IGF Ambassadors y lanz\u00f3 un nuevo programa llamado Programa de J\u00f3venes Embajadores del IGF. <\/p>\n<\/div>\n<\/div><\/section>\n\n\n\n<div style=\"height:20px\" aria-hidden=\"true\" class=\"wp-block-spacer\"><\/div>\n\n\n\n<div class=\"wp-block-buttons is-content-justification-center is-layout-flex wp-container-core-buttons-is-layout-16018d1d wp-block-buttons-is-layout-flex\">\n<div class=\"wp-block-button\"><a class=\"wp-block-button__link has-ground-navy-color has-accent-yellow-background-color has-text-color has-background wp-element-button\" href=\"https:\/\/www.internetsociety.org\/es\/policy-programs\/igf-youth-ambassadors\/\">Saber m\u00e1s sobre Programa de de J\u00f3venes Embajadores del IGF<\/a><\/div>\n<\/div>\n<\/div>\n\n\n\n<div class=\"wp-block-uagb-column uagb-column__wrap uagb-column__background-undefined uagb-block-ffdaefc7\"><div class=\"uagb-column__overlay\"><\/div>\n<div style=\"height:40px\" aria-hidden=\"true\" class=\"wp-block-spacer\"><\/div>\n\n\n\n<h6 class=\"has-ground-navy-color has-text-color wp-block-heading\"><a href=\"https:\/\/www.internetsociety.org\/es\/past-ngl-programs\/\">Programa de L\u00edderes de la pr\u00f3xima generaci\u00f3n (NGL)<\/a> > IGF Ambassadors Program <\/h6>\n\n\n\n<div style=\"height:30px\" aria-hidden=\"true\" class=\"wp-block-spacer\"><\/div>\n\n\n\n<h1 class=\"has-ground-navy-color has-text-color wp-block-heading\">IGF Ambassadors Program<\/h1>\n\n\n\n<div style=\"height:20px\" aria-hidden=\"true\" class=\"wp-block-spacer\"><\/div>\n\n\n\n<p>Los individuos elegidos como Embajadores de IGF participan en el Foro de Gobernanza de Internet, (<a href=\"https:\/\/web.archive.org\/web\/20220328133054\/https:\/\/www.internetsociety.org\/events\/igf\" target=\"_blank\" rel=\"noreferrer noopener\">Internet Governance Forum<\/a>) proporcionando experiencia en la materia y facilitando el intercambio de informaci\u00f3n y mejores pr\u00e1cticas con los principales interesados que participan en las reuniones. En el per\u00edodo previo al Foro, cada embajador estar\u00e1 emparejado con un mentor (un participante experimentado del IGF, a menudo un antiguo receptor de este premio) que los ayudar\u00e1 a prepararse y familiarizarse con los materiales pertinentes del IGF, as\u00ed como a actuar como un punto de contacto en la reuni\u00f3n en s\u00ed.<\/p>\n\n\n\n<p>Los embajadores representan a la Internet Society al promover las posiciones de la organizaci\u00f3n en cuestiones de pol\u00edtica p\u00fablica relacionadas con&nbsp;<a href=\"https:\/\/web.archive.org\/web\/20220328133054\/https:\/\/www.internetsociety.org\/events\/igf\">las discusiones que tienen lugar en el IGF<\/a>. Tambi\u00e9n contribuyen proporcionando perspectivas y opiniones locales y regionales para mejorar la calidad de las diversas sesiones y talleres.<\/p>\n\n\n\n<div style=\"height:20px\" aria-hidden=\"true\" class=\"wp-block-spacer\"><\/div>\n\n\n\n<div class=\"wp-block-buttons is-vertical is-layout-flex wp-container-core-buttons-is-layout-8cf370e7 wp-block-buttons-is-layout-flex\">\n<div class=\"wp-block-button\"><a class=\"wp-block-button__link has-ground-navy-background-color has-background wp-element-button\" href=\"https:\/\/www.internetsociety.org\/past-ngl-programs\/igf-ambassadors\/past\/\">Conozca a todos los embajadores anteriores<\/a><\/div>\n<\/div>\n\n\n\n<div style=\"height:20px\" aria-hidden=\"true\" class=\"wp-block-spacer\"><\/div>\n\n\n\n<div style=\"height:20px\" aria-hidden=\"true\" class=\"wp-block-spacer\"><\/div>\n<\/div>\n<\/div><\/section>\n","protected":false},"excerpt":{"rendered":"<p>Los embajadores en el Foro de Gobernanza de Internet (IGF) participan en actividades globales sobre pol\u00edticas al tiempo que ofrecen experiencia y conocimientos valiosos a los pol\u00edticos que participan en las reuniones de IGF.<\/p>\n","protected":false},"author":46,"featured_media":124675,"parent":224073,"menu_order":0,"comment_status":"closed","ping_status":"closed","template":"page-wide.php","meta":{"_acf_changed":false,"_uag_custom_page_level_css":"","footnotes":""},"categories":[5694,119],"tags":[6150,6149],"region_news_regions":[6030],"content_category":[],"ppma_author":[4057],"class_list":["post-86974","page","type-page","status-publish","has-post-thumbnail","hentry","category-comunidad","category-quienes-somos","tag-becas","tag-exalumnos","region_news_regions-global"],"acf":[],"uagb_featured_image_src":{"full":["https:\/\/www.internetsociety.org\/wp-content\/uploads\/2020\/10\/blue-node-small.png",1400,375,false],"thumbnail":["https:\/\/www.internetsociety.org\/wp-content\/uploads\/2020\/10\/blue-node-small-150x150.png",150,150,true],"medium":["https:\/\/www.internetsociety.org\/wp-content\/uploads\/2020\/10\/blue-node-small-450x121.png",450,121,true],"medium_large":["https:\/\/www.internetsociety.org\/wp-content\/uploads\/2020\/10\/blue-node-small-768x206.png",768,206,true],"large":["https:\/\/www.internetsociety.org\/wp-content\/uploads\/2020\/10\/blue-node-small-1024x274.png",1024,274,true],"1536x1536":["https:\/\/www.internetsociety.org\/wp-content\/uploads\/2020\/10\/blue-node-small.png",1400,375,false],"2048x2048":["https:\/\/www.internetsociety.org\/wp-content\/uploads\/2020\/10\/blue-node-small.png",1400,375,false],"post-thumbnail":["https:\/\/www.internetsociety.org\/wp-content\/uploads\/2020\/10\/blue-node-small-250x67.png",250,67,true],"square":["https:\/\/www.internetsociety.org\/wp-content\/uploads\/2020\/10\/blue-node-small-600x375.png",600,375,true],"gform-image-choice-sm":["https:\/\/www.internetsociety.org\/wp-content\/uploads\/2020\/10\/blue-node-small.png",300,80,false],"gform-image-choice-md":["https:\/\/www.internetsociety.org\/wp-content\/uploads\/2020\/10\/blue-node-small.png",400,107,false],"gform-image-choice-lg":["https:\/\/www.internetsociety.org\/wp-content\/uploads\/2020\/10\/blue-node-small.png",600,161,false]},"uagb_author_info":{"display_name":"Ivana Trbovic","author_link":"https:\/\/www.internetsociety.org\/es\/author\/trbovic\/"},"uagb_comment_info":0,"uagb_excerpt":"Los embajadores en el Foro de Gobernanza de Internet (IGF) participan en actividades globales sobre pol\u00edticas al tiempo que ofrecen experiencia y conocimientos valiosos a los pol\u00edticos que participan en las reuniones de IGF.","_links":{"self":[{"href":"https:\/\/www.internetsociety.org\/es\/wp-json\/wp\/v2\/pages\/86974","targetHints":{"allow":["GET"]}}],"collection":[{"href":"https:\/\/www.internetsociety.org\/es\/wp-json\/wp\/v2\/pages"}],"about":[{"href":"https:\/\/www.internetsociety.org\/es\/wp-json\/wp\/v2\/types\/page"}],"author":[{"embeddable":true,"href":"https:\/\/www.internetsociety.org\/es\/wp-json\/wp\/v2\/users\/46"}],"replies":[{"embeddable":true,"href":"https:\/\/www.internetsociety.org\/es\/wp-json\/wp\/v2\/comments?post=86974"}],"version-history":[{"count":0,"href":"https:\/\/www.internetsociety.org\/es\/wp-json\/wp\/v2\/pages\/86974\/revisions"}],"up":[{"embeddable":true,"href":"https:\/\/www.internetsociety.org\/es\/wp-json\/wp\/v2\/pages\/224073"}],"wp:featuredmedia":[{"embeddable":true,"href":"https:\/\/www.internetsociety.org\/es\/wp-json\/wp\/v2\/media\/124675"}],"wp:attachment":[{"href":"https:\/\/www.internetsociety.org\/es\/wp-json\/wp\/v2\/media?parent=86974"}],"wp:term":[{"taxonomy":"category","embeddable":true,"href":"https:\/\/www.internetsociety.org\/es\/wp-json\/wp\/v2\/categories?post=86974"},{"taxonomy":"post_tag","embeddable":true,"href":"https:\/\/www.internetsociety.org\/es\/wp-json\/wp\/v2\/tags?post=86974"},{"taxonomy":"region_news_regions","embeddable":true,"href":"https:\/\/www.internetsociety.org\/es\/wp-json\/wp\/v2\/region_news_regions?post=86974"},{"taxonomy":"content_category","embeddable":true,"href":"https:\/\/www.internetsociety.org\/es\/wp-json\/wp\/v2\/content_category?post=86974"},{"taxonomy":"author","embeddable":true,"href":"https:\/\/www.internetsociety.org\/es\/wp-json\/wp\/v2\/ppma_author?post=86974"}],"curies":[{"name":"wp","href":"https:\/\/api.w.org\/{rel}","templated":true}]}}