{"id":8105,"date":"2017-06-28T17:10:44","date_gmt":"2017-06-28T17:10:44","guid":{"rendered":"http:\/\/www.internetsociety.org\/governance-policies\/"},"modified":"2023-12-22T10:56:32","modified_gmt":"2023-12-22T10:56:32","slug":"governance-policies","status":"publish","type":"page","link":"https:\/\/www.internetsociety.org\/es\/about-internet-society\/governance-policies\/","title":{"rendered":"Gobernanza y Pol\u00edticas"},"content":{"rendered":"\n<section class=\"wp-block-uagb-columns uagb-columns__wrap uagb-columns__background-image uagb-columns__stack-mobile uagb-columns__valign- uagb-columns__gap-10 align uagb-block-26f76a50 uagb-columns__columns-1 uagb-columns__max_width-theme\"><div class=\"uagb-columns__overlay\"><\/div><div class=\"uagb-columns__inner-wrap uagb-columns__columns-1\">\n<div class=\"wp-block-uagb-column uagb-column__wrap uagb-column__background-undefined uagb-block-bd4d2171\"><div class=\"uagb-column__overlay\"><\/div>\n<div style=\"height:60px\" aria-hidden=\"true\" class=\"wp-block-spacer\"><\/div>\n\n\n\n<h1 class=\"wp-block-heading has-neutral-white-color has-text-color\">Gobernanza y Pol\u00edticas<\/h1>\n\n\n\n<div style=\"height:60px\" aria-hidden=\"true\" class=\"wp-block-spacer\"><\/div>\n<\/div>\n<\/div><\/section>\n\n\n\n<div class=\"wp-block-columns are-vertically-aligned-top padding-0 margin-bottom-0 is-layout-flex wp-container-core-columns-is-layout-9d6595d7 wp-block-columns-is-layout-flex\">\n<div class=\"wp-block-column is-vertically-aligned-top is-layout-flow wp-block-column-is-layout-flow\" style=\"flex-basis:10%\"><\/div>\n\n\n\n<div class=\"wp-block-column is-vertically-aligned-top is-layout-flow wp-block-column-is-layout-flow\" style=\"flex-basis:80%\">\n<div style=\"height:40px\" aria-hidden=\"true\" class=\"wp-block-spacer\"><\/div>\n\n\n\n<p>Solo los t\u00edtulos han sido traducidos. Toda la documentaci\u00f3n jur\u00eddica est\u00e1 por momento en Ingl\u00e9s.<\/p>\n\n\n\n<h4 class=\"wp-block-heading has-depth-blue-color has-text-color\">Internet Society<\/h4>\n\n\n\n<div style=\"height:20px\" aria-hidden=\"true\" class=\"wp-block-spacer\"><\/div>\n\n\n\n<ul class=\"wp-block-list\">\n<li><span style=\"color:#2b72d6\" class=\"tadv-color\"><a href=\"https:\/\/www.internetsociety.org\/about-internet-society\/governance-policies\/by-laws\/\">Reglamentos enmendados y reformulados de la Internet Society, <\/a><\/span>17 de mayo de 2021<\/li>\n\n\n\n<li><span style=\"color:#2b72d6\" class=\"tadv-color\"><a href=\"\/wp-content\/uploads\/2017\/06\/Form_1023_IRS.pdf\" target=\"_blank\" rel=\"noopener noreferrer\">Solicitud de Reconocimiento de Exenci\u00f3n, Formulario 1023<\/a><\/span><\/li>\n\n\n\n<li><span style=\"color:#2b72d6\" class=\"tadv-color\"><a href=\"https:\/\/www.internetsociety.org\/about-internet-society\/governance-policies\/articles-of-incorporation\/\">Art\u00edculos de Incorporaci\u00f3n de Internet Society<\/a><\/span><\/li>\n<\/ul>\n\n\n\n<div style=\"height:40px\" aria-hidden=\"true\" class=\"wp-block-spacer\"><\/div>\n\n\n\n<h4 class=\"wp-block-heading has-depth-blue-color has-text-color\">Junta Directiva de Internet Society<\/h4>\n\n\n\n<div style=\"height:20px\" aria-hidden=\"true\" class=\"wp-block-spacer\"><\/div>\n\n\n\n<ul class=\"wp-block-list\">\n<li><span style=\"color:#2b72d6\" class=\"tadv-color\"><a href=\"https:\/\/www.internetsociety.org\/about-internet-society\/governance-policies\/board-officer-code-ethics\/\">C\u00f3digo de \u00c9tica de la Junta y del Oficial<\/a><\/span><\/li>\n\n\n\n<li><span style=\"color:#2b72d6\" class=\"tadv-color\"><a href=\"\/wp-content\/uploads\/2017\/06\/conflictofinterest-trustees.pdf\">Pol\u00edtica de Conflicto de Intereses para Fiduciarios y Oficiales (PDF)<\/a><\/span><\/li>\n\n\n\n<li><span style=\"color:#2b72d6\" class=\"tadv-color\"><a href=\"https:\/\/www.internetsociety.org\/about-internet-society\/governance-policies\/fiduciary-obligations-trustees\/\">Obligaciones fiduciarias de los fideicomisarios<\/a><\/span><\/li>\n\n\n\n<li><span style=\"color:#2b72d6\" class=\"tadv-color\"><a href=\"https:\/\/www.internetsociety.org\/about-internet-society\/governance-policies\/guidelines-internet-society-board-trustees-liaison-ietf-nomination-committee\/\">Directrices para la Junta Directiva de Internet Society y Enlace con el Comit\u00e9 de Nombramientos de la IETF<\/a><\/span><\/li>\n\n\n\n<li><span style=\"color:#2b72d6\" class=\"tadv-color\"><a href=\"https:\/\/www.internetsociety.org\/about-internet-society\/governance-policies\/procedures-selecting-trustees\/\">Procedimientos para la selecci\u00f3n de fideicomisarios<\/a><\/span><\/li>\n\n\n\n<li><span style=\"color:#2b72d6\" class=\"tadv-color\"><a href=\"https:\/\/www.internetsociety.org\/about-internet-society\/governance-policies\/procedures-selecting-trustees\/\">Procedimiento para la realizaci\u00f3n de reuniones<\/a><\/span><\/li>\n\n\n\n<li><span style=\"color:#2b72d6\" class=\"tadv-color\"><a href=\"https:\/\/www.internetsociety.org\/about-internet-society\/governance-policies\/procedure-conducting-electronic-votes\/\">Procedimiento para la realizaci\u00f3n de votaciones electr\u00f3nicas<\/a><\/span><\/li>\n\n\n\n<li><span style=\"color:#2b72d6\" class=\"tadv-color\"><a href=\"https:\/\/www.internetsociety.org\/about-internet-society\/governance-policies\/procedure-conducting-election-officers-board\/\">Procedimiento para la elecci\u00f3n de funcionarios de la Junta<\/a><\/span><\/li>\n\n\n\n<li><span style=\"color:#2b72d6\" class=\"tadv-color\"><a href=\"https:\/\/www.internetsociety.org\/about-internet-society\/governance-policies\/procedure-mailing-lists\/\">Procedimiento para las listas de correo electr\u00f3nico<\/a><\/span><\/li>\n\n\n\n<li><span style=\"color:#2b72d6\" class=\"tadv-color\"><a href=\"https:\/\/www.internetsociety.org\/about-internet-society\/governance-policies\/travel-policy-trustees\/\">Pol\u00edtica de viaje para los fideicomisarios<\/a><\/span><\/li>\n\n\n\n<li><span style=\"color:#2b72d6\" class=\"tadv-color\"><a href=\"https:\/\/www.internetsociety.org\/about-internet-society\/governance-policies\/trustee-payment-disclosure-policy\/\">Pol\u00edtica de divulgaci\u00f3n de pagos de fiduciario<\/a><\/span><\/li>\n<\/ul>\n\n\n\n<div style=\"height:40px\" aria-hidden=\"true\" class=\"wp-block-spacer\"><\/div>\n<\/div>\n\n\n\n<div class=\"wp-block-column is-vertically-aligned-top is-layout-flow wp-block-column-is-layout-flow\" style=\"flex-basis:10%\"><\/div>\n<\/div>\n","protected":false},"excerpt":{"rendered":"<p>Una lista de las pol\u00edticas de Internet Society.<\/p>\n","protected":false},"author":11,"featured_media":0,"parent":27401,"menu_order":0,"comment_status":"closed","ping_status":"closed","template":"page-wide.php","meta":{"_acf_changed":false,"_uag_custom_page_level_css":"","footnotes":""},"categories":[119],"tags":[],"region_news_regions":[6030],"content_category":[6106],"ppma_author":[4374],"class_list":["post-8105","page","type-page","status-publish","hentry","category-quienes-somos","region_news_regions-global","content_category-resources-type"],"acf":[],"uagb_featured_image_src":{"full":false,"thumbnail":false,"medium":false,"medium_large":false,"large":false,"1536x1536":false,"2048x2048":false,"post-thumbnail":false,"square":false,"gform-image-choice-sm":false,"gform-image-choice-md":false,"gform-image-choice-lg":false},"uagb_author_info":{"display_name":"Internet Society","author_link":"https:\/\/www.internetsociety.org\/es\/author\/isoc\/"},"uagb_comment_info":0,"uagb_excerpt":"Una lista de las pol\u00edticas de Internet Society.","_links":{"self":[{"href":"https:\/\/www.internetsociety.org\/es\/wp-json\/wp\/v2\/pages\/8105","targetHints":{"allow":["GET"]}}],"collection":[{"href":"https:\/\/www.internetsociety.org\/es\/wp-json\/wp\/v2\/pages"}],"about":[{"href":"https:\/\/www.internetsociety.org\/es\/wp-json\/wp\/v2\/types\/page"}],"author":[{"embeddable":true,"href":"https:\/\/www.internetsociety.org\/es\/wp-json\/wp\/v2\/users\/11"}],"replies":[{"embeddable":true,"href":"https:\/\/www.internetsociety.org\/es\/wp-json\/wp\/v2\/comments?post=8105"}],"version-history":[{"count":0,"href":"https:\/\/www.internetsociety.org\/es\/wp-json\/wp\/v2\/pages\/8105\/revisions"}],"up":[{"embeddable":true,"href":"https:\/\/www.internetsociety.org\/es\/wp-json\/wp\/v2\/pages\/27401"}],"wp:attachment":[{"href":"https:\/\/www.internetsociety.org\/es\/wp-json\/wp\/v2\/media?parent=8105"}],"wp:term":[{"taxonomy":"category","embeddable":true,"href":"https:\/\/www.internetsociety.org\/es\/wp-json\/wp\/v2\/categories?post=8105"},{"taxonomy":"post_tag","embeddable":true,"href":"https:\/\/www.internetsociety.org\/es\/wp-json\/wp\/v2\/tags?post=8105"},{"taxonomy":"region_news_regions","embeddable":true,"href":"https:\/\/www.internetsociety.org\/es\/wp-json\/wp\/v2\/region_news_regions?post=8105"},{"taxonomy":"content_category","embeddable":true,"href":"https:\/\/www.internetsociety.org\/es\/wp-json\/wp\/v2\/content_category?post=8105"},{"taxonomy":"author","embeddable":true,"href":"https:\/\/www.internetsociety.org\/es\/wp-json\/wp\/v2\/ppma_author?post=8105"}],"curies":[{"name":"wp","href":"https:\/\/api.w.org\/{rel}","templated":true}]}}