{"id":80719,"date":"2018-05-24T13:23:58","date_gmt":"2018-05-24T13:23:58","guid":{"rendered":"https:\/\/www.internetsociety.org\/iot-trust-framework\/"},"modified":"2025-09-24T10:50:56","modified_gmt":"2025-09-24T10:50:56","slug":"iot-trust-framework","status":"publish","type":"page","link":"https:\/\/www.internetsociety.org\/es\/iot\/trust-framework\/","title":{"rendered":"IoT Trust Framework"},"content":{"rendered":"<div class=\"content-container\"><main id=\"content\" class=\"content\"><\/p>\n<section class=\"component-row component-theme-background  padding-top padding-bottom row-text-white  \" style=\"background-repeat: no-repeat; background-size: cover; background-position: center center; background-color: #0c1c2c; background-image: url('https:\/\/www.internetsociety.org\/wp-content\/uploads\/2018\/05\/markus-spiske-197281-unsplash-768x1152.jpg');\" data-bgverylarge=\"https:\/\/www.internetsociety.org\/wp-content\/uploads\/2018\/05\/markus-spiske-197281-unsplash-e1638293270368.jpg\" data-bglarge=\"https:\/\/www.internetsociety.org\/wp-content\/uploads\/2018\/05\/markus-spiske-197281-unsplash-683x1024.jpg\" data-bgmediumlarge=\"https:\/\/www.internetsociety.org\/wp-content\/uploads\/2018\/05\/markus-spiske-197281-unsplash-768x1152.jpg\" data-bgmedium=\"https:\/\/www.internetsociety.org\/wp-content\/uploads\/2018\/05\/markus-spiske-197281-unsplash-200x300.jpg\" data-logo-color=\"row-text-white\">\n<div class=\"background-gradient\"><\/div>\n<div class=\"component-row-inner pure-g component-row-standard component-alignment-center \">\n<div class=\"column desktop-hidden tablet-hidden mobile-hidden component-theme-default\"><\/div>\n<div class=\"column  pure-u-lg--1 pure-u-md-1-1 pure-u-sm-1-1 component-theme-default \">\n<section class=\"component component-text\">\n<div class=\"content-wrapper\">\n<h1 class=\"headline2 align-center\">OTA IoT Trust Framework<\/h1>\n<h2 class=\"font-size:48px; headline6 align-center\">El futuro conectado est\u00e1 aqu\u00ed, hagamos de el un mundo seguro<\/h2>\n<\/div>\n<\/section>\n<\/div>\n<\/div>\n<\/section>\n<section class=\"component-row component-theme-default  padding-top-small padding-bottom-small row-text-black  \" data-logo-color=\"row-text-black\">\n<div class=\"component-row-inner pure-g component-row-standard component-alignment-center \">\n<div class=\"column desktop-hidden tablet-hidden mobile-hidden component-theme-default\"><\/div>\n<div class=\"column  pure-u-lg--1 pure-u-md-1-1 pure-u-sm-1-1 component-theme-default \">\n<section class=\"component component-text\">\n<div class=\"content-wrapper\">\n<div class=\"body-text align-center\">\n<p class=\"p1\"><span class=\"s2\"><a href=\"https:\/\/www.internetsociety.org\/iot\/\">Internet de las cosas (IdO)<\/a> ofrece innumerables beneficios a consumidores, empresas y gobiernos de todo el mundo. Sin embargo, como ocurre con la mayor\u00eda de las tecnolog\u00edas emergentes, existen algunos desaf\u00edos importantes. <a href=\"https:\/\/otalliance.org\/initiatives\/internet-things\"><span class=\"s1\">Online Trust Alliance (OTA)<\/span><\/a>), una iniciativa de la Internet Society, cree que a trav\u00e9s del <strong>liderazgo, la innovaci\u00f3n y la colaboraci\u00f3n,<\/strong> podemos superar estos desaf\u00edos y crear un mundo conectado confiable. Abrazar la seguridad y la privacidad por dise\u00f1o, y adoptar pr\u00e1cticas de privacidad responsable.<\/span><\/p>\n<\/div>\n<\/div>\n<\/section>\n<\/div>\n<\/div>\n<\/section>\n<section class=\"component-row component-theme-neutral-green  padding-top-small padding-bottom-small row-text-black  \" data-logo-color=\"row-text-black\">\n<div class=\"component-row-inner pure-g component-row-standard component-alignment-center \">\n<div class=\"column desktop-hidden tablet-hidden mobile-hidden component-theme-default\"><\/div>\n<div class=\"column  pure-u-lg--1 pure-u-md-1-1 pure-u-sm-1-1 component-theme-default \">\n<section class=\"component component-text\">\n<div class=\"content-wrapper\">\n<h3 class=\"font-size:32px; eyebrow align-center\">IoT Trust Framework &#8211; Resumen<\/h3>\n<h2 class=\"headline2 align-center\">IoT confianza por dise\u00f1o<\/h2>\n<div class=\"body-text align-center\">\n<a href=\"https:\/\/www.internetsociety.org\/resources\/doc\/2018\/iot-trust-by-design\/\"><img loading=\"lazy\" decoding=\"async\" class=\"post-img post-img-left 79780 alignleft\" style=\"width: 250px; padding-right: 20px;\" src=\"https:\/\/www.internetsociety.org\/wp-content\/uploads\/2018\/05\/IoTtrustFrameworkOverviewCover.png\" alt=\"\" width=\"585\" height=\"848\" \/><\/a>\n<p class=\"p1\"><span class=\"s1\">El Marco de Confianza IoT de Internet Society identifica los requisitos b\u00e1sicos que los fabricantes, proveedores de servicios, distribuidores \/ policiales y legisladores necesitan para comprender, evaluar y respaldar el Internet de los objetos.<\/span><\/p>\n<p class=\"p1\"><span class=\"s1\">Aunque hay otros marcos relacionados con IoT, este IoT Trust Framework es \u00fanico en dos aspectos importantes:<\/span><\/p>\n<p class=\"p1\"><span class=\"s1\"><strong>1. Cubre temas de seguridad, privacidad y sostenibilidad a largo plazo (ciclo de vida)<\/strong>. Muchos otros se centran s\u00f3lo en la seguridad o la interoperabilidad o privacidad, y pocos tienen en cuenta las cuestiones de ciclo de vida asociados con productos de s\u00edntesis y servicios ,: tales como c\u00f3mo hacer la transici\u00f3n de datos y cuentas asociadas a una casa inteligente o qu\u00e9 hacer cuando las actualizaciones de software ya no est\u00e1n disponibles para una b\u00fasqueda de dispositivo de larga duraci\u00f3n como un abridor de puerta de garaje.<\/span><\/p>\n<p class=\"p1\"><span class=\"s1\"><strong>2. Aborda hol\u00edsticamente todo el ecosistema<\/strong>. Esto incluye dispositivos \/ sensores, aplicaciones m\u00f3viles y servicios de backend. La mayor\u00eda de los marcos se centran \u00fanicamente en los dispositivos, sino un sistema es s\u00f3lo tan fuerte como su eslab\u00f3n m\u00e1s d\u00e9bil.<\/span><\/p>\n<p class=\"p1\"><span class=\"s1\">La descripci\u00f3n general del marco est\u00e1 disponible en los siguientes idiomas:<\/span><\/p>\n<ul>\n<li><a href=\"https:\/\/www.internetsociety.org\/resources\/doc\/2018\/iot-trust-by-design\/\">English<\/a><\/li>\n<li><a href=\"https:\/\/www.internetsociety.org\/resources\/doc\/2018\/iot-trust-by-design\/\">French<\/a><\/li>\n<li><a href=\"https:\/\/www.internetsociety.org\/resources\/doc\/2018\/iot-trust-by-design\/\">Spanish<\/a><\/li>\n<li><a href=\"https:\/\/www.internetsociety.org\/wp-content\/uploads\/2018\/05\/ota_iot_framework_overview_Chinese_Simplified.pdf\" target=\"_blank\" rel=\"noopener\">Chinese<\/a><\/li>\n<\/ul>\n<\/div>\n<\/div>\n<\/section>\n<\/div>\n<\/div>\n<\/section>\n<section class=\"component-row component-theme-teal  padding-top-small padding-bottom-small row-text-white  \" data-logo-color=\"row-text-white\">\n<div class=\"component-row-inner pure-g component-row-standard component-alignment-center \">\n<div class=\"column desktop-hidden tablet-hidden mobile-hidden component-theme-default\"><\/div>\n<div class=\"column  pure-u-lg--1 pure-u-md-1-1 pure-u-sm-1-1 component-theme-default \">\n<section class=\"component component-text\">\n<div class=\"content-wrapper\">\n<h3 class=\"eyebrow align-center\">IoT Trust Framework &#8211; Version entera<\/h3>\n<h2 class=\"font-size:48px; headline2 align-center\">Framework v2.5<\/h2>\n<h3 class=\"headline6 align-center\">Enfocado en dispositivos y servicios de \u00abgrado de consumo\u00bb para el hogar y la empresa, incluidos los dispositivos m\u00f3viles<\/h3>\n<div class=\"body-text align-center\">\n<p class=\"p1\"><span class=\"s1\">IoT Trust Framework\u00ae incluye dispositivos IoT y sus datos cuando se env\u00edan y durante todo su ciclo de vida. A trav\u00e9s de un proceso de m\u00faltiples partes interesadas, basado en el consenso, tecnolog\u00edas port\u00e1tiles y de uso dom\u00e9stico que incluyen juguetes, rastreadores de actividad y dispositivos de acondicionamiento f\u00edsico.<\/span><\/p>\n<p class=\"p1\"><span class=\"s1\"><b>El marco se divide en 4 \u00e1reas clave:<\/b><\/span><\/p>\n<p class=\"p1\"><span class=\"s1\"><b>Principios de seguridad:<\/b> aplicable a cualquier dispositivo y servicios en la nube de back-end. Estos van desde la aplicaci\u00f3n de un riguroso procedimiento de seguridad de desarrollo de software hasta la adhesi\u00f3n a los principios de seguridad de datos almacenados y por el dispositivo, a los programas de gesti\u00f3n de cadena de suministro, pruebas de penetraci\u00f3n y de informes de vulnerabilidad. Otros principios describen el requisito de parcheo de seguridad del ciclo de vida.<\/span><\/p>\n<p class=\"p1\"><span class=\"s1\"><b>Acceso de usuario y sus credenciales: <\/b>requisito del cifrado de todas las contrase\u00f1as y nombres de usuario, env\u00edo de dispositivos con contrase\u00f1as \u00fanicas, implementaci\u00f3n de procesos de restablecimiento de contrase\u00f1a generalmente aceptados e integraci\u00f3n de mecanismos para ayudar a prevenir intentos de inicio de sesi\u00f3n de \u00abfuerza bruta\u201d.<\/span><\/p>\n<p class=\"p1\"><span class=\"s1\"><b>Privacidad, divulgaci\u00f3n y transparencia:<\/b> requisitos coherentes con los principios de privacidad generalmente aceptados, incluidas divulgaciones prominentes en el empaque, punto de venta y \/ o publicado en l\u00ednea, capacidad para que los usuarios puedan de restablecer los dispositivos a la configuraci\u00f3n de f\u00e1brica y el cumplimiento de los requisitos reglamentarios aplicables por la UE y RGPD y las normas de privacidad de los ni\u00f1os. Por lo tanto, divulgaci\u00f3n se refiere las caracter\u00edsticas o la funcionalidad del producto, cuando un corto de la red tiene lugar.<\/span><\/p>\n<p class=\"p1\"><span class=\"s1\"><b>Notificaciones y mejores pr\u00e1cticas relacionadas:<\/b> la clave para mantener la seguridad del dispositivo es contar con mecanismos y procesos para notificar r\u00e1pidamente al usuario de las amenazas y las acciones requeridas. Los principios deben comunicarse claramente a los usuarios de todos los niveles de lectura. Adem\u00e1s, se destacan los requisitos de embalaje y accesibilidad a prueba de manipulaciones.<\/span><\/p>\n<p class=\"p1\"><span class=\"s1\">Encuentre el Marco en los siguientes idiomas:<\/span><\/p>\n<\/div>\n<\/div>\n<\/section>\n<\/div>\n<\/div>\n<\/section>\n<section class=\"component-row component-theme-orange  padding-top-small padding-bottom-small row-text-white  \" data-logo-color=\"row-text-white\">\n<div class=\"component-row-inner pure-g component-row-standard component-alignment-center \">\n<div class=\"column desktop-hidden tablet-hidden mobile-hidden component-theme-default\"><\/div>\n<div class=\"column  pure-u-lg-1-4 pure-u-md-1-4 pure-u-sm-4-4 component-theme-default \">\n<section class=\"component component-text\">\n<div class=\"content-wrapper\">\n<h3 class=\"headline6 align-center\">#Secureit<\/h3>\n<\/div>\n<\/section>\n<\/div>\n<div class=\"column desktop-hidden tablet-hidden mobile-hidden component-theme-default\"><\/div>\n<div class=\"column  pure-u-lg-3-4 pure-u-md-3-4 pure-u-sm-4-4 component-theme-default \">\n<section class=\"component component-text\">\n<div class=\"content-wrapper\">\n<div class=\"ctas align-center\"><a class=\"button button-secondary\" href=\"https:\/\/www.internetsociety.org\/resources\/doc\/2018\/iot-trust-framework-v2-5\/\" target=\"_blank\" rel=\"noopener\">Lea \u00abThe IoT Trust Framework\u00bb<\/a> <a class=\"button button-tertiary\" href=\"https:\/\/www.internetsociety.org\/iot\/\" target=\"_blank\" rel=\"noopener\">Saber m\u00e1s sobre Internet de las cosas <\/a><\/div>\n<\/div>\n<\/section>\n<\/div>\n<div class=\"column desktop-hidden tablet-hidden mobile-hidden component-theme-\"><\/div>\n<div class=\"column  pure-u-lg-- pure-u-md-1- pure-u-sm-- component-theme- \"><\/div>\n<\/div>\n<\/section>\n<section class=\"component-row component-theme-  padding-top padding-bottom row-text-black  \" data-logo-color=\"row-text-black\">\n<div class=\"component-row-inner pure-g component-row-standard component-alignment-center \">\n<div class=\"column desktop-hidden tablet-hidden mobile-hidden component-theme-\"><\/div>\n<div class=\"column  pure-u-lg-- pure-u-md-1- pure-u-sm-- component-theme- \"><\/div>\n<div class=\"column desktop-hidden tablet-hidden mobile-hidden component-theme-\"><\/div>\n<div class=\"column  pure-u-lg-- pure-u-md-1- pure-u-sm-- component-theme- \"><\/div>\n<\/div>\n<\/section>\n<p><\/main><\/div>\n","protected":false},"excerpt":{"rendered":"<p>OTA IoT Trust Framework El futuro conectado est\u00e1 aqu\u00ed, hagamos de el un mundo seguro Internet de las cosas (IdO) ofrece innumerables beneficios a consumidores, empresas y gobiernos de todo el mundo. Sin embargo, como ocurre con la mayor\u00eda de las tecnolog\u00edas emergentes, existen algunos desaf\u00edos importantes. Online Trust Alliance (OTA)), una iniciativa de la [&hellip;]<\/p>\n","protected":false},"author":46,"featured_media":0,"parent":0,"menu_order":0,"comment_status":"closed","ping_status":"closed","template":"page-wide.php","meta":{"_acf_changed":false,"_uag_custom_page_level_css":"","footnotes":""},"categories":[],"tags":[],"region_news_regions":[6030],"content_category":[6106],"ppma_author":[4057],"class_list":["post-80719","page","type-page","status-publish","hentry","region_news_regions-global","content_category-resources-type"],"acf":[],"uagb_featured_image_src":{"full":false,"thumbnail":false,"medium":false,"medium_large":false,"large":false,"1536x1536":false,"2048x2048":false,"post-thumbnail":false,"square":false,"gform-image-choice-sm":false,"gform-image-choice-md":false,"gform-image-choice-lg":false},"uagb_author_info":{"display_name":"Ivana Trbovic","author_link":"https:\/\/www.internetsociety.org\/es\/author\/trbovic\/"},"uagb_comment_info":0,"uagb_excerpt":"OTA IoT Trust Framework El futuro conectado est\u00e1 aqu\u00ed, hagamos de el un mundo seguro Internet de las cosas (IdO) ofrece innumerables beneficios a consumidores, empresas y gobiernos de todo el mundo. Sin embargo, como ocurre con la mayor\u00eda de las tecnolog\u00edas emergentes, existen algunos desaf\u00edos importantes. Online Trust Alliance (OTA)), una iniciativa de la&hellip;","_links":{"self":[{"href":"https:\/\/www.internetsociety.org\/es\/wp-json\/wp\/v2\/pages\/80719","targetHints":{"allow":["GET"]}}],"collection":[{"href":"https:\/\/www.internetsociety.org\/es\/wp-json\/wp\/v2\/pages"}],"about":[{"href":"https:\/\/www.internetsociety.org\/es\/wp-json\/wp\/v2\/types\/page"}],"author":[{"embeddable":true,"href":"https:\/\/www.internetsociety.org\/es\/wp-json\/wp\/v2\/users\/46"}],"replies":[{"embeddable":true,"href":"https:\/\/www.internetsociety.org\/es\/wp-json\/wp\/v2\/comments?post=80719"}],"version-history":[{"count":0,"href":"https:\/\/www.internetsociety.org\/es\/wp-json\/wp\/v2\/pages\/80719\/revisions"}],"wp:attachment":[{"href":"https:\/\/www.internetsociety.org\/es\/wp-json\/wp\/v2\/media?parent=80719"}],"wp:term":[{"taxonomy":"category","embeddable":true,"href":"https:\/\/www.internetsociety.org\/es\/wp-json\/wp\/v2\/categories?post=80719"},{"taxonomy":"post_tag","embeddable":true,"href":"https:\/\/www.internetsociety.org\/es\/wp-json\/wp\/v2\/tags?post=80719"},{"taxonomy":"region_news_regions","embeddable":true,"href":"https:\/\/www.internetsociety.org\/es\/wp-json\/wp\/v2\/region_news_regions?post=80719"},{"taxonomy":"content_category","embeddable":true,"href":"https:\/\/www.internetsociety.org\/es\/wp-json\/wp\/v2\/content_category?post=80719"},{"taxonomy":"author","embeddable":true,"href":"https:\/\/www.internetsociety.org\/es\/wp-json\/wp\/v2\/ppma_author?post=80719"}],"curies":[{"name":"wp","href":"https:\/\/api.w.org\/{rel}","templated":true}]}}