{"id":75935,"date":"2017-07-05T17:52:32","date_gmt":"2017-07-05T17:52:32","guid":{"rendered":"https:\/\/www.internetsociety.org\/about-the-ietf\/"},"modified":"2023-03-17T19:19:38","modified_gmt":"2023-03-17T19:19:38","slug":"about-the-ietf","status":"publish","type":"page","link":"https:\/\/www.internetsociety.org\/es\/about-the-ietf\/","title":{"rendered":"Acerca de IETF"},"content":{"rendered":"\n<section class=\"wp-block-uagb-columns uagb-columns__wrap uagb-columns__background-image uagb-columns__stack-mobile uagb-columns__valign- uagb-columns__gap-10 align uagb-block-37e72048 uagb-columns__columns-1 uagb-columns__max_width-theme background-image-fallback-black\"><div class=\"uagb-columns__overlay\"><\/div><div class=\"uagb-columns__inner-wrap uagb-columns__columns-1\">\n<div class=\"wp-block-uagb-column uagb-column__wrap uagb-column__background-undefined uagb-block-977c0a6b\"><div class=\"uagb-column__overlay\"><\/div>\n<h1 class=\"has-neutral-white-color has-text-color wp-block-heading\">Acerca del Grupo de trabajo de ingenier\u00eda de Internet (IETF)<\/h1>\n<\/div>\n<\/div><\/section>\n\n\n\n<div class=\"wp-block-columns is-layout-flex wp-container-core-columns-is-layout-9d6595d7 wp-block-columns-is-layout-flex\">\n<div class=\"wp-block-column is-layout-flow wp-block-column-is-layout-flow\" style=\"flex-basis:10%\"><\/div>\n\n\n\n<div class=\"wp-block-column is-layout-flow wp-block-column-is-layout-flow\" style=\"flex-basis:80%\">\n<div style=\"height:40px\" aria-hidden=\"true\" class=\"wp-block-spacer\"><\/div>\n\n\n<div class=\"wp-block-image\">\n<figure class=\"alignright size-full\"><img loading=\"lazy\" decoding=\"async\" width=\"139\" height=\"80\" src=\"https:\/\/www.internetsociety.org\/wp-content\/uploads\/2021\/11\/ietf-logo-200x115-1-e1664390923121.jpg\" alt=\"IETF logo\" class=\"wp-image-154939\"\/><\/figure>\n<\/div>\n\n\n<p class=\"has-18-font-size\">El Grupo de trabajo de ingenier\u00eda de Internet (IETF) o\u00a0Internet Engineering Task Force (IETF)\u00a0es el primer organismo de normas de Internet que desarrolla est\u00e1ndares abiertos a trav\u00e9s de procesos abiertos para hacer que Internet funcione mejor. El IETF es una gran comunidad internacional abierta de dise\u00f1adores, operadores, comercializadores e investigadores de redes que se ocupan de la evoluci\u00f3n de Internet y su buen funcionamiento. El Internet Architecture Board (IAB) y el Internet Research Task Force (IRTF), (Internet Architecture Board (IAB)\u00a0y\u00a0Internet Research Task Force (IRTF))\u00a0que proporcionan una direcci\u00f3n t\u00e9cnica de largo alcance para el desarrollo de Internet y promueven la investigaci\u00f3n para la evoluci\u00f3n de Internet.<\/p>\n\n\n\n<p class=\"has-18-font-size\">Internet Society es el hogar organizativo del IETF y lo apoya con fondos, y a trav\u00e9s de programas como la Beca ISOC al IETF.<\/p>\n\n\n\n<div class=\"wp-block-buttons is-layout-flex wp-block-buttons-is-layout-flex\">\n<div class=\"wp-block-button\"><a class=\"wp-block-button__link has-neutral-white-color has-depth-blue-background-color has-text-color has-background wp-element-button\" href=\"https:\/\/www.ietf.org\/\">Conosca m\u00e1s sobre IETF<\/a><\/div>\n<\/div>\n\n\n\n<div style=\"height:40px\" aria-hidden=\"true\" class=\"wp-block-spacer\"><\/div>\n<\/div>\n\n\n\n<div class=\"wp-block-column is-layout-flow wp-block-column-is-layout-flow\" style=\"flex-basis:10%\"><\/div>\n<\/div>\n\n\n","protected":false},"excerpt":{"rendered":"<p>Acerca del Grupo de trabajo de ingenier\u00eda de Internet (IETF) El Grupo de trabajo de ingenier\u00eda de Internet (IETF) o\u00a0Internet Engineering Task Force (IETF)\u00a0es el primer organismo de normas de Internet que desarrolla est\u00e1ndares abiertos a trav\u00e9s de procesos abiertos para hacer que Internet funcione mejor. El IETF es una gran comunidad internacional abierta de [&hellip;]<\/p>\n","protected":false},"author":46,"featured_media":0,"parent":0,"menu_order":0,"comment_status":"closed","ping_status":"closed","template":"page-wide.php","meta":{"_acf_changed":false,"_uag_custom_page_level_css":"","footnotes":""},"categories":[99],"tags":[],"region_news_regions":[],"content_category":[],"ppma_author":[4057],"class_list":["post-75935","page","type-page","status-publish","hentry","category-about-internet-society"],"acf":[],"uagb_featured_image_src":{"full":false,"thumbnail":false,"medium":false,"medium_large":false,"large":false,"1536x1536":false,"2048x2048":false,"post-thumbnail":false,"square":false,"gform-image-choice-sm":false,"gform-image-choice-md":false,"gform-image-choice-lg":false},"uagb_author_info":{"display_name":"Ivana Trbovic","author_link":"https:\/\/www.internetsociety.org\/es\/author\/trbovic\/"},"uagb_comment_info":0,"uagb_excerpt":"Acerca del Grupo de trabajo de ingenier\u00eda de Internet (IETF) El Grupo de trabajo de ingenier\u00eda de Internet (IETF) o\u00a0Internet Engineering Task Force (IETF)\u00a0es el primer organismo de normas de Internet que desarrolla est\u00e1ndares abiertos a trav\u00e9s de procesos abiertos para hacer que Internet funcione mejor. El IETF es una gran comunidad internacional abierta de&hellip;","_links":{"self":[{"href":"https:\/\/www.internetsociety.org\/es\/wp-json\/wp\/v2\/pages\/75935","targetHints":{"allow":["GET"]}}],"collection":[{"href":"https:\/\/www.internetsociety.org\/es\/wp-json\/wp\/v2\/pages"}],"about":[{"href":"https:\/\/www.internetsociety.org\/es\/wp-json\/wp\/v2\/types\/page"}],"author":[{"embeddable":true,"href":"https:\/\/www.internetsociety.org\/es\/wp-json\/wp\/v2\/users\/46"}],"replies":[{"embeddable":true,"href":"https:\/\/www.internetsociety.org\/es\/wp-json\/wp\/v2\/comments?post=75935"}],"version-history":[{"count":0,"href":"https:\/\/www.internetsociety.org\/es\/wp-json\/wp\/v2\/pages\/75935\/revisions"}],"wp:attachment":[{"href":"https:\/\/www.internetsociety.org\/es\/wp-json\/wp\/v2\/media?parent=75935"}],"wp:term":[{"taxonomy":"category","embeddable":true,"href":"https:\/\/www.internetsociety.org\/es\/wp-json\/wp\/v2\/categories?post=75935"},{"taxonomy":"post_tag","embeddable":true,"href":"https:\/\/www.internetsociety.org\/es\/wp-json\/wp\/v2\/tags?post=75935"},{"taxonomy":"region_news_regions","embeddable":true,"href":"https:\/\/www.internetsociety.org\/es\/wp-json\/wp\/v2\/region_news_regions?post=75935"},{"taxonomy":"content_category","embeddable":true,"href":"https:\/\/www.internetsociety.org\/es\/wp-json\/wp\/v2\/content_category?post=75935"},{"taxonomy":"author","embeddable":true,"href":"https:\/\/www.internetsociety.org\/es\/wp-json\/wp\/v2\/ppma_author?post=75935"}],"curies":[{"name":"wp","href":"https:\/\/api.w.org\/{rel}","templated":true}]}}