{"id":71024,"date":"2017-09-07T16:03:43","date_gmt":"2017-09-07T16:03:43","guid":{"rendered":"https:\/\/www.internetsociety.org\/internet-society-25\/25-under-25\/"},"modified":"2025-10-24T17:19:57","modified_gmt":"2025-10-24T17:19:57","slug":"25-under-25","status":"publish","type":"page","link":"https:\/\/www.internetsociety.org\/es\/25th\/25-under-25\/","title":{"rendered":"25 under 25"},"content":{"rendered":"<div class=\"content-container\"><main id=\"content\" class=\"content\"><\/p>\n<section class=\"component-row component-theme-animated-large  padding-top padding-bottom row-text-white  \" data-logo-color=\"row-text-white\">\n<div class=\"component-row-inner pure-g component-row-standard component-alignment-center \">\n<div class=\"column desktop-hidden tablet-hidden mobile-hidden component-theme-default\"><\/div>\n<div class=\"column  pure-u-lg--1 pure-u-md-1-1 pure-u-sm-1-1 component-theme-default \">\n<section class=\"component component-text\">\n<div class=\"content-wrapper\">\n<h1 class=\"headline2 align-center\">25 Under 25<\/h1>\n<div class=\"body-text align-center\">\n<p>Los j\u00f3venes de todo el mundo est\u00e1n cambiando Internet mientras hablamos. Celebramos a 25 de ellos (seleccionados entre j\u00f3venes de mundo entero) est\u00e1n formando ma\u00f1ana mediante el uso de Internet como una fuerza para el bien.<\/p>\n<\/div>\n<\/div>\n<\/section>\n<\/div>\n<\/div>\n<\/section>\n<section class=\"component-row component-theme-lt-gray  padding-top padding-bottom row-text-black  \" data-logo-color=\"row-text-black\">\n<div class=\"component-row-inner pure-g component-row-standard component-alignment-center \">\n<div class=\"column desktop-hidden tablet-hidden mobile-hidden component-theme-default\"><\/div>\n<div class=\"column  pure-u-lg--1 pure-u-md-1-1 pure-u-sm-1-1 component-theme-default \">\n<section class=\"component component-text\">\n<div class=\"content-wrapper\">\n<div class=\"body-text align-center\">\n<p><a href=\"https:\/\/www.internetsociety.org\/25th\/\">Hace 25 a\u00f1os, Internet Society fue fundada<\/a> por un grupo de personas que cre\u00edan que Internet es para todos. Ahora nos encontramos con la pr\u00f3xima generaci\u00f3n de innovadores en l\u00ednea, que utilizan Internet de una forma que solo podemos imaginar. Le pedimos que nominara a alguien que conozca que est\u00e9 usando Internet para tener un impacto en su comunidad y m\u00e1s all\u00e1. Nos inspiramos para leer las muchas nominaciones de todo el mundo. Los ganadores fueron reconocidos en una ceremonia especial en Los Angeles el 18 de septiembre de 2017:<\/p>\n<h2 style=\"font-size: 32px; text-align: center;\">Vea la ceremonia de reconocimiento<\/h2>\n<p style=\"text-align: center;\">\n<div id=\"aarWKuOf\" class=\"video-placeholder-youtube\" style=\"width: 560px; height: 315px; background-image: linear-gradient(rgba(76, 72, 72, 0.7), rgba(76, 72, 72, 0.7)), url('https:\/\/img.youtube.com\/vi\/4l751NRGTRI\/maxresdefault.jpg');\" data-cky-tag=\"video-placeholder\">\n<p class=\"video-placeholder-text-youtube\" style=\"display: block; border-color: #000000; background-color: #000000; color: #ffffff;\" data-cky-tag=\"placeholder-title\">Por favor acepte el consentimiento de cookies<\/p>\n<\/div>\n<p style=\"text-align: center;\"><a href=\"https:\/\/www.internetsociety.org\/25th\/25-under-25\/awardees\/\">Obtenga m\u00e1s informaci\u00f3n sobre los 25 menores de 25 ganadores que est\u00e1n usando Internet para dar forma al ma\u00f1ana.<\/a><\/p>\n<\/div>\n<\/div>\n<\/section>\n<\/div>\n<\/div>\n<\/section>\n<p><\/main><\/div>\n","protected":false},"excerpt":{"rendered":"<p>25 Under 25 Los j\u00f3venes de todo el mundo est\u00e1n cambiando Internet mientras hablamos. Celebramos a 25 de ellos (seleccionados entre j\u00f3venes de mundo entero) est\u00e1n formando ma\u00f1ana mediante el uso de Internet como una fuerza para el bien. Hace 25 a\u00f1os, Internet Society fue fundada por un grupo de personas que cre\u00edan que Internet [&hellip;]<\/p>\n","protected":false},"author":46,"featured_media":0,"parent":68217,"menu_order":0,"comment_status":"closed","ping_status":"closed","template":"page-wide.php","meta":{"_acf_changed":false,"_uag_custom_page_level_css":"","footnotes":""},"categories":[99],"tags":[6209],"region_news_regions":[],"content_category":[],"ppma_author":[4057],"class_list":["post-71024","page","type-page","status-publish","hentry","category-about-internet-society","tag-25-anniversario"],"acf":[],"uagb_featured_image_src":{"full":false,"thumbnail":false,"medium":false,"medium_large":false,"large":false,"1536x1536":false,"2048x2048":false,"post-thumbnail":false,"square":false,"gform-image-choice-sm":false,"gform-image-choice-md":false,"gform-image-choice-lg":false},"uagb_author_info":{"display_name":"Ivana Trbovic","author_link":"https:\/\/www.internetsociety.org\/es\/author\/trbovic\/"},"uagb_comment_info":0,"uagb_excerpt":"25 Under 25 Los j\u00f3venes de todo el mundo est\u00e1n cambiando Internet mientras hablamos. Celebramos a 25 de ellos (seleccionados entre j\u00f3venes de mundo entero) est\u00e1n formando ma\u00f1ana mediante el uso de Internet como una fuerza para el bien. Hace 25 a\u00f1os, Internet Society fue fundada por un grupo de personas que cre\u00edan que Internet&hellip;","_links":{"self":[{"href":"https:\/\/www.internetsociety.org\/es\/wp-json\/wp\/v2\/pages\/71024","targetHints":{"allow":["GET"]}}],"collection":[{"href":"https:\/\/www.internetsociety.org\/es\/wp-json\/wp\/v2\/pages"}],"about":[{"href":"https:\/\/www.internetsociety.org\/es\/wp-json\/wp\/v2\/types\/page"}],"author":[{"embeddable":true,"href":"https:\/\/www.internetsociety.org\/es\/wp-json\/wp\/v2\/users\/46"}],"replies":[{"embeddable":true,"href":"https:\/\/www.internetsociety.org\/es\/wp-json\/wp\/v2\/comments?post=71024"}],"version-history":[{"count":0,"href":"https:\/\/www.internetsociety.org\/es\/wp-json\/wp\/v2\/pages\/71024\/revisions"}],"up":[{"embeddable":true,"href":"https:\/\/www.internetsociety.org\/es\/wp-json\/wp\/v2\/pages\/68217"}],"wp:attachment":[{"href":"https:\/\/www.internetsociety.org\/es\/wp-json\/wp\/v2\/media?parent=71024"}],"wp:term":[{"taxonomy":"category","embeddable":true,"href":"https:\/\/www.internetsociety.org\/es\/wp-json\/wp\/v2\/categories?post=71024"},{"taxonomy":"post_tag","embeddable":true,"href":"https:\/\/www.internetsociety.org\/es\/wp-json\/wp\/v2\/tags?post=71024"},{"taxonomy":"region_news_regions","embeddable":true,"href":"https:\/\/www.internetsociety.org\/es\/wp-json\/wp\/v2\/region_news_regions?post=71024"},{"taxonomy":"content_category","embeddable":true,"href":"https:\/\/www.internetsociety.org\/es\/wp-json\/wp\/v2\/content_category?post=71024"},{"taxonomy":"author","embeddable":true,"href":"https:\/\/www.internetsociety.org\/es\/wp-json\/wp\/v2\/ppma_author?post=71024"}],"curies":[{"name":"wp","href":"https:\/\/api.w.org\/{rel}","templated":true}]}}