{"id":68217,"date":"2017-09-08T14:28:50","date_gmt":"2017-09-08T14:28:50","guid":{"rendered":"https:\/\/www.internetsociety.org\/internet-society-25\/"},"modified":"2025-10-24T17:10:23","modified_gmt":"2025-10-24T17:10:23","slug":"internet-society-25","status":"publish","type":"page","link":"https:\/\/www.internetsociety.org\/es\/25th\/","title":{"rendered":"Internet Society cumple 25 a\u00f1os"},"content":{"rendered":"<div class=\"content-container\"><main id=\"content\" class=\"content\"><\/p>\n<section class=\"component-row component-theme-background  padding-top padding-bottom row-text-white  \" style=\"background-repeat: no-repeat; background-size: cover; background-position: center center; background-color: #0c1c2c; background-image: url('https:\/\/www.internetsociety.org\/wp-content\/uploads\/2017\/09\/ISOC-IMAGE-21-Fireworks-768x507.jpg');\" data-bgverylarge=\"https:\/\/www.internetsociety.org\/wp-content\/uploads\/2017\/09\/ISOC-IMAGE-21-Fireworks.jpg\" data-bglarge=\"https:\/\/www.internetsociety.org\/wp-content\/uploads\/2017\/09\/ISOC-IMAGE-21-Fireworks-1024x676.jpg\" data-bgmediumlarge=\"https:\/\/www.internetsociety.org\/wp-content\/uploads\/2017\/09\/ISOC-IMAGE-21-Fireworks-768x507.jpg\" data-bgmedium=\"https:\/\/www.internetsociety.org\/wp-content\/uploads\/2017\/09\/ISOC-IMAGE-21-Fireworks-300x198.jpg\" data-logo-color=\"row-text-white\">\n<div class=\"component-row-inner pure-g component-row-standard component-alignment-center \">\n<div class=\"column desktop-hidden tablet-hidden mobile-hidden component-theme-default\"><\/div>\n<div class=\"column  pure-u-lg--1 pure-u-md-1-1 pure-u-sm-1-1 component-theme-default \">\n<section class=\"component component-text\">\n<div class=\"content-wrapper\">\n<h1 class=\"headline2 align-center\">Internet Society cumple 25 a\u00f1os<\/h1>\n<\/div>\n<\/section>\n<\/div>\n<\/div>\n<\/section>\n<section class=\"component-row component-theme-white  row-text-black  \" data-logo-color=\"row-text-black\">\n<div class=\"component-row-inner pure-g component-row-standard component-alignment-center \">\n<div class=\"column desktop-hidden tablet-hidden mobile-hidden component-theme-default\"><\/div>\n<div class=\"column  pure-u-lg--1 pure-u-md-1-1 pure-u-sm-1-1 component-theme-default \">\n<section class=\"component component-subnav component-row-standard\" data-component-name=\"SubNav\">\n<div class=\"component-inner\">\n<nav class=\"align-center\"><span class=\"eyebrow subnav-item\" data-location=\"ihof\">Sal\u00f3n de la Fama de Internet<\/span><span class=\"eyebrow subnav-item\" data-location=\"25under25\">25 Under 25<\/span><span class=\"eyebrow subnav-item\" data-location=\"ReporteGlobal\">El Reporte Global de Internet Society 2017<\/span><span class=\"eyebrow subnav-item\" data-location=\"InterCommunity\">InterCommunity<\/span><span class=\"eyebrow subnav-item\" data-location=\"Otros-actividades\">Otros actividades<\/span><span class=\"eyebrow subnav-item\" data-location=\"News\">Noticias 25\u00b0 aniversario <\/span><\/nav>\n<\/div>\n<\/section>\n<\/div>\n<\/div>\n<\/section>\n<section class=\"component-row component-theme-lt-gray  padding-top padding-bottom row-text-black  \" data-logo-color=\"row-text-black\">\n<div class=\"component-row-inner pure-g component-row-standard component-alignment-center \">\n<div class=\"column desktop-hidden tablet-hidden mobile-hidden component-theme-default\"><\/div>\n<div class=\"column  pure-u-lg--1 pure-u-md-1-1 pure-u-sm-1-1 component-theme-default \">\n<section class=\"component component-text\">\n<div class=\"content-wrapper\">\n<div class=\"body-text align-center\">\n<img loading=\"lazy\" decoding=\"async\" class=\"post-img post-img-right alignright\" src=\"https:\/\/www.internetsociety.org\/wp-content\/uploads\/2017\/09\/ISOC-25Anniversary-Badge-Dark-RGB-400px.png\" alt=\"ISOC 25th Anniversary Badge\" width=\"400\" height=\"400\" \/>\n<p>Este a\u00f1o celebramos el vig\u00e9simo quinto a\u00f1o de abogac\u00eda de Internet Society por Internet abierta y confiable disponible para todos, en todas partes. Hoy estos desaf\u00edos nunca han sido tan grandes, y necesitamos que se una a nosotros para <a href=\"https:\/\/www.internetsociety.org\/shapetomorrow\/\">enfrentar esos desaf\u00edos<\/a>.<\/p>\n<p>En este a\u00f1o del 25 aniversario, esperamos unirnos con usted para construir Internet Society mejor y m\u00e1s fuerte en todo el mundo para el futuro. \u00danase a nosotros en el viaje a forjar ma\u00f1ana (<strong>#ShapeTomorrow<\/strong>.)<\/p>\n<\/div>\n<\/div>\n<\/section>\n<\/div>\n<\/div>\n<\/section>\n<section class=\"component-row component-theme-dark-teal  row-text-white  \" data-logo-color=\"row-text-white\">\n<div class=\"component-row-inner pure-g component-row-standard component-alignment-center \">\n<div class=\"column desktop-hidden tablet-hidden mobile-hidden component-theme-default\"><\/div>\n<div class=\"column  pure-u-lg--1 pure-u-md-1-1 pure-u-sm-1-1 component-theme-default \">\n<section class=\"component-video component\">\n<div class=\"content-wrapper\"><img decoding=\"async\" class=\"video-thumb\" title=\"video-thumbnail\" src=\"https:\/\/img.youtube.com\/vi\/WlEMim2Qj-A\/maxresdefault.jpg\" alt=\"video thumbnail\" \/> <mark id=\"playButton-WlEMim2Qj-A\" class=\"play-button\" data-video-id=\"WlEMim2Qj-A\"><\/mark><\/p>\n<div class=\"video-wrapper\"><\/div>\n<\/div>\n<div id=\"playerFrame-WlEMim2Qj-A\" class=\"video-popup\" data-video-id=\"WlEMim2Qj-A\"><mark id=\"closeVideo-WlEMim2Qj-A\" class=\"close\"><\/mark><\/p>\n<div class=\"video-wrapper\"><\/div>\n<\/div>\n<\/section>\n<p><script><br \/>\n      \/\/ 1. This code loads the IFrame Player API code asynchronously.<\/p>\n<p>      var tag = document.createElement('script');<\/p>\n<p>      tag.src = \"https:\/\/www.youtube.com\/iframe_api\";<br \/>\n      var firstScriptTag = document.getElementsByTagName('script')[0];<br \/>\n      firstScriptTag.parentNode.insertBefore(tag, firstScriptTag);<\/p>\n<p>      \/\/ 2. This function creates an <iframe> (and YouTube player)<br \/>\n      \/\/    after the API code downloads.<\/p>\n<p>      var players = {};<br \/>\n      var playerID;<\/p>\n<p>      function onYouTubeIframeAPIReady() {<br \/>\n        $('.video-popup').each(function(){<br \/>\n            player = this;<br \/>\n            playerID = $(player).data('video-id');<br \/>\n            var identifier = $(player).attr('id');<br \/>\n            if (playerID) {<br \/>\n                players[playerID] = new YT.Player(playerID, {<br \/>\n                    events: {<br \/>\n                        \"onReady\": createYTEvent(playerID, identifier)<br \/>\n                    }<br \/>\n                });<br \/>\n            }<br \/>\n         })<br \/>\n      }<\/p>\n<p>      \/\/3. play and pause functions<\/p>\n<p>      function createYTEvent(playerID, identifier) {<br \/>\n          return function (event) {<br \/>\n               \/\/ Set player reference<\/p>\n<p>              var playButton = document.getElementById('playButton-'+playerID);<br \/>\n              playButton.addEventListener('click', function() {<\/p>\n<p>                  playerID = $(this).data('video-id');<br \/>\n                  var player = players[playerID];<br \/>\n                  player.playVideo();<br \/>\n                  $('body').find('.video-popup[data-video-id=\"'+playerID+'\"]').addClass('playVideo');<br \/>\n              });<\/p>\n<p>              var closeButton = document.getElementById('closeVideo-'+playerID);<br \/>\n              closeButton.addEventListener('click', function() {<br \/>\n                  playerID = $(this).parent().data('video-id');<br \/>\n                  var player = players[playerID];<br \/>\n                  player.pauseVideo();<br \/>\n                  $('body').find('.playVideo').removeClass('playVideo');<br \/>\n             });<\/p>\n<p>          }<br \/>\n      }<\/p>\n<p><\/script><\/p>\n<\/div>\n<\/div>\n<\/section>\n<section id=\"ihof\" class=\"component-row component-theme-blue  padding-top padding-bottom row-text-white  \" data-logo-color=\"row-text-white\">\n<div class=\"component-row-inner pure-g component-row-standard component-alignment-center \">\n<div class=\"column desktop-hidden tablet-hidden mobile-hidden component-theme-default padding-right\"><\/div>\n<div class=\"column  pure-u-lg-1-2 pure-u-md-1-2 pure-u-sm-2-2 component-theme-default padding-right \">\n<section class=\"component component-text\">\n<div class=\"content-wrapper\">\n<h2 class=\"headline2 align-right\">Sal\u00f3n de la Fama de Internet<\/h2>\n<div class=\"body-text align-right\">\n<p>En septiembre, anunciamos la clase de los admitidos de 2017 en el <a href=\"http:\/\/internethalloffame.org\/\">Sal\u00f3n de la Fama de Internet<\/a>. Una ceremonia especial reconoci\u00f3 a personas que jugaron un papel extraordinario en el desarrollo y avance de Internet.<\/p>\n<\/div>\n<div class=\"ctas align-right\"><a class=\"button button-primary\" href=\"https:\/\/www.internethalloffame.org\/inductees\" target=\"_blank\" rel=\"noopener\">Vea los admitidos de 2017<\/a><\/div>\n<\/div>\n<\/section>\n<\/div>\n<div class=\"column desktop-hidden tablet-hidden mobile-hidden component-theme-default padding-left\"><\/div>\n<div class=\"column  pure-u-lg-1-2 pure-u-md-1-2 pure-u-sm-2-2 component-theme-default padding-left \">\n<section class=\"component component-text\">\n<div class=\"content-wrapper\">\n<div class=\"body-text align-center\">\n<div id=\"TcgGDgoY\" class=\"video-placeholder-youtube\" style=\"width: 500px; height: 281px; background-image: linear-gradient(rgba(76, 72, 72, 0.7), rgba(76, 72, 72, 0.7)), url('https:\/\/img.youtube.com\/vi\/U0AQ9lYgFRU\/maxresdefault.jpg');\" data-cky-tag=\"video-placeholder\">\n<p class=\"video-placeholder-text-youtube\" style=\"display: block; border-color: #000000; background-color: #000000; color: #ffffff;\" data-cky-tag=\"placeholder-title\">Por favor acepte el consentimiento de cookies<\/p>\n<\/div>\n<\/div>\n<\/div>\n<\/section>\n<\/div>\n<\/div>\n<\/section>\n<section id=\"25under25\" class=\"component-row component-theme-purple  padding-top padding-bottom row-text-white  \" data-logo-color=\"row-text-white\">\n<div class=\"component-row-inner pure-g component-row-standard component-alignment-center \">\n<div class=\"column desktop-hidden tablet-hidden mobile-hidden component-theme-default padding-right\"><\/div>\n<div class=\"column  pure-u-lg-1-2 pure-u-md-1-2 pure-u-sm-2-2 component-theme-default padding-right \">\n<section class=\"component component-text\">\n<div class=\"content-wrapper\">\n<div class=\"body-text align-center\">\n<div id=\"pCEIlfrM\" class=\"video-placeholder-youtube\" style=\"width: 500px; height: 281px; background-image: linear-gradient(rgba(76, 72, 72, 0.7), rgba(76, 72, 72, 0.7)), url('https:\/\/img.youtube.com\/vi\/4l751NRGTRI\/maxresdefault.jpg');\" data-cky-tag=\"video-placeholder\">\n<p class=\"video-placeholder-text-youtube\" style=\"display: block; border-color: #000000; background-color: #000000; color: #ffffff;\" data-cky-tag=\"placeholder-title\">Por favor acepte el consentimiento de cookies<\/p>\n<\/div>\n<\/div>\n<\/div>\n<\/section>\n<\/div>\n<div class=\"column desktop-hidden tablet-hidden mobile-hidden component-theme-default padding-left\"><\/div>\n<div class=\"column  pure-u-lg-1-2 pure-u-md-1-2 pure-u-sm-2-2 component-theme-default padding-left \">\n<section class=\"component component-text\">\n<div class=\"content-wrapper\">\n<h2 class=\"headline2 align-left\">25 Under 25<\/h2>\n<div class=\"body-text align-left\">\n<p>Conozca a la pr\u00f3xima generaci\u00f3n de innovadores en l\u00ednea, que utilizan Internet creando un impacto en sus comunidades y m\u00e1s all\u00e1. Los ganadores fueron reconocidos en Los Angeles el 18 de septiembre de 2017.<\/p>\n<\/div>\n<div class=\"ctas align-left\"><a class=\"button button-primary\" href=\"https:\/\/www.internetsociety.org\/es\/blog\/2017\/09\/25-menores-de-25-anos-utilizando-internet-para-marcar-la-diferencia-en-sus-comunidades\/\">Saber m\u00e1s sobre los becarios<\/a><\/div>\n<\/div>\n<\/section>\n<\/div>\n<\/div>\n<\/section>\n<section id=\"ReporteGlobal\" class=\"component-row component-theme-dark-teal  padding-top padding-bottom row-text-white  \" data-logo-color=\"row-text-white\">\n<div class=\"component-row-inner pure-g component-row-standard component-alignment-center \">\n<div class=\"column desktop-hidden tablet-hidden mobile-hidden component-theme-default padding-right\"><\/div>\n<div class=\"column  pure-u-lg-1-2 pure-u-md-1-2 pure-u-sm-2-2 component-theme-default padding-right \">\n<section class=\"component component-text\">\n<div class=\"content-wrapper\">\n<h2 class=\"headline2 align-right\">El Reporte Global de Internet Society 2017: Caminos hacia nuestro futuro digital<\/h2>\n<h3 class=\"headline6 align-right\">(Global Internet Report 2017: Paths to Our Digital Future)<\/h3>\n<div class=\"body-text align-right\">\n<p>\u00bfC\u00f3mo ser\u00e1 el futuro de Internet? En 2016, emprendimos una iniciativa para explorar las tendencias y los impulsores clave que podr\u00edan cambiar Internet tal como lo conocemos. <a href=\"https:\/\/future.internetsociety.org\/es\/\">El informe de<\/a><a href=\"https:\/\/future.internetsociety.org\/es\/\">Internet\u00a0<\/a><a href=\"https:\/\/future.internetsociety.org\/es\/\">Society sobre Internet mundial 2017: Caminos hacia nuestro futuro digital<\/a>\u00a0(<a href=\"https:\/\/future.internetsociety.org\/\">2017 Internet Society Global Internet Report: Paths to Our Digital Future<\/a>) se lanz\u00f3 en septiembre con informaci\u00f3n sobre esas fuerzas impulsoras clave, as\u00ed como recomendaciones para Internet que queremos en el futuro.<\/p>\n<\/div>\n<div class=\"ctas align-right\"><a class=\"button button-primary\" href=\"https:\/\/future.internetsociety.org\/\" target=\"_blank\" rel=\"noopener\">Explora el Reporte<\/a><\/div>\n<\/div>\n<\/section>\n<\/div>\n<div class=\"column desktop-hidden tablet-hidden mobile-hidden component-theme-default padding-left\"><\/div>\n<div class=\"column  pure-u-lg-1-2 pure-u-md-1-2 pure-u-sm-2-2 component-theme-default padding-left \">\n<section class=\"component component-text\">\n<div class=\"content-wrapper\">\n<div class=\"body-text align-center\">\n<div id=\"oKISpDvr\" class=\"video-placeholder-youtube\" style=\"width: 500px; height: 281px; background-image: linear-gradient(rgba(76, 72, 72, 0.7), rgba(76, 72, 72, 0.7)), url('https:\/\/img.youtube.com\/vi\/ZspQrSsx9ks\/maxresdefault.jpg');\" data-cky-tag=\"video-placeholder\">\n<p class=\"video-placeholder-text-youtube\" style=\"display: block; border-color: #000000; background-color: #000000; color: #ffffff;\" data-cky-tag=\"placeholder-title\">Por favor acepte el consentimiento de cookies<\/p>\n<\/div>\n<\/div>\n<\/div>\n<\/section>\n<\/div>\n<\/div>\n<\/section>\n<section id=\"InterCommunity\" class=\"component-row component-theme-teal  padding-top padding-bottom row-text-white  \" data-logo-color=\"row-text-white\">\n<div class=\"component-row-inner pure-g component-row-standard component-alignment-center \">\n<div class=\"column desktop-hidden tablet-hidden mobile-hidden component-theme-default padding-right\"><\/div>\n<div class=\"column  pure-u-lg-1-2 pure-u-md-1-2 pure-u-sm-2-2 component-theme-default padding-right \">\n<section class=\"component component-text\">\n<div class=\"content-wrapper\">\n<div class=\"body-text align-center\">\n<div class=\"video-wrapper\">\n<div id=\"RCcnIsEo\" class=\"video-placeholder-youtube\" style=\"width: 520px; height: 293px; background-image: linear-gradient(rgba(76, 72, 72, 0.7), rgba(76, 72, 72, 0.7)), url('https:\/\/img.youtube.com\/vi\/videoseries\/maxresdefault.jpg');\" data-cky-tag=\"video-placeholder\">\n<p class=\"video-placeholder-text-youtube\" style=\"display: block; border-color: #000000; background-color: #000000; color: #ffffff;\" data-cky-tag=\"placeholder-title\">Por favor acepte el consentimiento de cookies<\/p>\n<\/div>\n<\/div>\n<\/div>\n<\/div>\n<\/section>\n<\/div>\n<div class=\"column desktop-hidden tablet-hidden mobile-hidden component-theme-default padding-left\"><\/div>\n<div class=\"column  pure-u-lg-1-2 pure-u-md-1-2 pure-u-sm-2-2 component-theme-default padding-left \">\n<section class=\"component component-text\">\n<div class=\"content-wrapper\">\n<h2 class=\"headline2 align-left\">InterCommunity<\/h2>\n<div class=\"body-text align-left\">\n<p>Nuestra reuni\u00f3n de membres\u00eda global de \u00abInterCommunity\u00bb comenz\u00f3 con la presentaci\u00f3n de la nueva clase de miembros del Sal\u00f3n de la Fama de Internet. Despu\u00e9s de la ceremonia, pasamos el programa a nuestros nodos de todo el mundo para el di\u00e1logo comunitario sobre temas del informe Futuros de Internet, junto con un momento de celebraci\u00f3n.<\/p>\n<\/div>\n<div class=\"ctas align-left\"><a class=\"button button-primary\" href=\"https:\/\/www.internetsociety.org\/intercommunity\/2017\/videos\/\" target=\"_blank\" rel=\"noopener\">Vea la ceremonia <\/a><\/div>\n<\/div>\n<\/section>\n<\/div>\n<\/div>\n<\/section>\n<section id=\"Otros-actividades\" class=\"component-row component-theme-white  padding-top padding-bottom row-text-black  \" data-logo-color=\"row-text-black\">\n<div class=\"component-row-inner pure-g component-row-standard component-alignment-center \">\n<div class=\"column desktop-hidden tablet-hidden mobile-hidden component-theme-default\"><\/div>\n<div class=\"column  pure-u-lg--1 pure-u-md-1-1 pure-u-sm-1-1 component-theme-default \">\n<section class=\"component component-boxes \">\n<div class=\"content-wrapper align-center\">\n<h2 class=\"headline2 align-center\">Otros actividades<\/h2>\n<div class=\"boxes\">\n<div class=\"box-item row-text-white component-theme-blue\">\n<h3 class=\"font-size:32px; headline6\">Chatham House Roundtable<\/h3>\n<div class=\"body-text\">\n<p>el 26 de Octobre 2017<br \/>\n<a href=\"https:\/\/www.internetsociety.org\/es\/events\/chatham-house-roundtable-encryption-lawful-access\/\">El cifrado y acceso legal<\/a><\/p>\n<\/div>\n<\/div>\n<div class=\"box-item row-text-white component-theme-blue\">\n<h4 class=\"headline6\">Community Forum<\/h4>\n<div class=\"body-text\">\n<p>el 15 de Junio 2017<br \/>\n<a href=\"https:\/\/www.internetsociety.org\/es\/internet-society-25\/community-forum-15-june-2017\/\">\u00bfC\u00f3mo afectar\u00e1 Internet a las sociedades?<\/a><\/p>\n<\/div>\n<\/div>\n<div class=\"box-item row-text-white component-theme-blue\">\n<h3 class=\"font-size:32px; headline6\">Chatham House Roundtable<\/h3>\n<div class=\"body-text\">\n<p>el 11 Mayo 2017<br \/>\n<a href=\"https:\/\/www.internetsociety.org\/es\/internet-society-25\/brave-new-world-internet-affect-societies\/\" target=\"_blank\" rel=\"noopener\">Un mundo feliz: \u00bfC\u00f3mo afecta Internet a las sociedades?<\/a><\/p>\n<\/div>\n<\/div>\n<\/div>\n<\/div>\n<\/section>\n<\/div>\n<div class=\"column desktop-hidden tablet-hidden mobile-hidden component-theme-default\"><\/div>\n<div class=\"column  pure-u-lg--1 pure-u-md-1-1 pure-u-sm-1-1 component-theme-default \">\n<section class=\"component component-boxes \">\n<div class=\"content-wrapper align-center\">\n<div class=\"boxes\">\n<div class=\"box-item row-text-white component-theme-blue\">\n<h4 class=\"headline6\">Reflexiones de la comunidad sobre el pasado de Internet<\/h4>\n<div class=\"body-text\">\n<p>Un espacio en Connect, su \u00e1rea de discusi\u00f3n de miembros, para recopilar y compartir <a href=\"https:\/\/www.internetsociety.org\/es\/internet-society-25\/reflections-internets-past\/\">sus historias, desde su perspectiva personal, de sus recuerdos de los primeros d\u00edas de Internet en su regi\u00f3n.<\/a><\/p>\n<\/div>\n<\/div>\n<div class=\"box-item row-text-white component-theme-blue\">\n<h4 class=\"headline6\">Invertir en su comunidad<\/h4>\n<div class=\"body-text\">\n<p>Entregamos un conjunto de herramientas y recursos para ayudar a nuestros Cap\u00edtulos a promover su trabajo en Internet, construyendo relaciones locales y regionales.<\/p>\n<\/div>\n<\/div>\n<div class=\"box-item row-text-white component-theme-blue\">\n<h4 class=\"headline6\">Shape Tomorrow<\/h4>\n<div class=\"body-text\">\n<p><a href=\"https:\/\/www.internetsociety.org\/es\/shapetomorrow\/\">Ay\u00fade a formar el porvenir digital que pone la gente en primer lugar<\/a><\/p>\n<\/div>\n<\/div>\n<\/div>\n<\/div>\n<\/section>\n<\/div>\n<\/div>\n<\/section>\n<section id=\"News\" class=\"component-row component-theme-dark-teal  padding-top padding-bottom row-text-white  \" data-logo-color=\"row-text-white\">\n<div class=\"component-row-inner pure-g component-row-standard component-alignment-center \">\n<div class=\"column desktop-hidden tablet-hidden mobile-hidden component-theme-default\"><\/div>\n<div class=\"column  pure-u-lg--1 pure-u-md-1-1 pure-u-sm-1-1 component-theme-default \">\n<h2 class=\"headline2 align-center\">Noticias del 25\u00b0 aniversario<\/h2>\n<section class=\"component component-feed \" data-component-name=\"Feed\">\n<div class=\"content-wrapper align-center\">\n<div class=\"feed loadable masonryFeed\" style=\"position: relative; height: 0px;\" data-cat-exclude=\"\" data-tag=\"\" data-order=\"DESC\" data-orderby=\"date\" data-meta=\"0\" data-post-count=\"6\" data-taxonomy=\"\" data-region=\"\" data-search=\"\" data-post-parent=\"\" data-event-time=\"future\" data-category=\"117\" data-post-type=\"post,news\">\n<div class=\"grid-sizer\"><\/div>\n<div class=\"gutter-sizer\"><\/div>\n<\/div>\n<div class=\"content-wrapper align-center\"><button id=\"loadMore\" class=\"button component loadMore button-inactive\" tabindex=\"0\" data-component-name=\"LoadMore\">No items available<\/button><\/div>\n<\/div>\n<\/section>\n<\/div>\n<\/div>\n<\/section>\n<p><\/main><\/div>\n","protected":false},"excerpt":{"rendered":"<p>Internet Society cumple 25 a\u00f1os Sal\u00f3n de la Fama de Internet25 Under 25El Reporte Global de Internet Society 2017InterCommunityOtros actividadesNoticias 25\u00b0 aniversario Este a\u00f1o celebramos el vig\u00e9simo quinto a\u00f1o de abogac\u00eda de Internet Society por Internet abierta y confiable disponible para todos, en todas partes. Hoy estos desaf\u00edos nunca han sido tan grandes, y necesitamos [&hellip;]<\/p>\n","protected":false},"author":46,"featured_media":0,"parent":0,"menu_order":0,"comment_status":"closed","ping_status":"closed","template":"page-wide.php","meta":{"_acf_changed":false,"_uag_custom_page_level_css":"","footnotes":""},"categories":[119],"tags":[6209],"region_news_regions":[],"content_category":[],"ppma_author":[4057],"class_list":["post-68217","page","type-page","status-publish","hentry","category-quienes-somos","tag-25-anniversario"],"acf":[],"uagb_featured_image_src":{"full":false,"thumbnail":false,"medium":false,"medium_large":false,"large":false,"1536x1536":false,"2048x2048":false,"post-thumbnail":false,"square":false,"gform-image-choice-sm":false,"gform-image-choice-md":false,"gform-image-choice-lg":false},"uagb_author_info":{"display_name":"Ivana Trbovic","author_link":"https:\/\/www.internetsociety.org\/es\/author\/trbovic\/"},"uagb_comment_info":0,"uagb_excerpt":"Internet Society cumple 25 a\u00f1os Sal\u00f3n de la Fama de Internet25 Under 25El Reporte Global de Internet Society 2017InterCommunityOtros actividadesNoticias 25\u00b0 aniversario Este a\u00f1o celebramos el vig\u00e9simo quinto a\u00f1o de abogac\u00eda de Internet Society por Internet abierta y confiable disponible para todos, en todas partes. Hoy estos desaf\u00edos nunca han sido tan grandes, y necesitamos&hellip;","_links":{"self":[{"href":"https:\/\/www.internetsociety.org\/es\/wp-json\/wp\/v2\/pages\/68217","targetHints":{"allow":["GET"]}}],"collection":[{"href":"https:\/\/www.internetsociety.org\/es\/wp-json\/wp\/v2\/pages"}],"about":[{"href":"https:\/\/www.internetsociety.org\/es\/wp-json\/wp\/v2\/types\/page"}],"author":[{"embeddable":true,"href":"https:\/\/www.internetsociety.org\/es\/wp-json\/wp\/v2\/users\/46"}],"replies":[{"embeddable":true,"href":"https:\/\/www.internetsociety.org\/es\/wp-json\/wp\/v2\/comments?post=68217"}],"version-history":[{"count":0,"href":"https:\/\/www.internetsociety.org\/es\/wp-json\/wp\/v2\/pages\/68217\/revisions"}],"wp:attachment":[{"href":"https:\/\/www.internetsociety.org\/es\/wp-json\/wp\/v2\/media?parent=68217"}],"wp:term":[{"taxonomy":"category","embeddable":true,"href":"https:\/\/www.internetsociety.org\/es\/wp-json\/wp\/v2\/categories?post=68217"},{"taxonomy":"post_tag","embeddable":true,"href":"https:\/\/www.internetsociety.org\/es\/wp-json\/wp\/v2\/tags?post=68217"},{"taxonomy":"region_news_regions","embeddable":true,"href":"https:\/\/www.internetsociety.org\/es\/wp-json\/wp\/v2\/region_news_regions?post=68217"},{"taxonomy":"content_category","embeddable":true,"href":"https:\/\/www.internetsociety.org\/es\/wp-json\/wp\/v2\/content_category?post=68217"},{"taxonomy":"author","embeddable":true,"href":"https:\/\/www.internetsociety.org\/es\/wp-json\/wp\/v2\/ppma_author?post=68217"}],"curies":[{"name":"wp","href":"https:\/\/api.w.org\/{rel}","templated":true}]}}