{"id":67588,"date":"2017-09-26T11:49:13","date_gmt":"2017-09-26T11:49:13","guid":{"rendered":"https:\/\/www.internetsociety.org\/chapters\/chapters-advisory-council\/"},"modified":"2025-08-05T18:16:21","modified_gmt":"2025-08-05T18:16:21","slug":"chapters-advisory-council","status":"publish","type":"page","link":"https:\/\/www.internetsociety.org\/es\/chapters\/chapters-advisory-council\/","title":{"rendered":"Consejo Consultivo de los Cap\u00edtulos"},"content":{"rendered":"\n<section class=\"wp-block-uagb-columns uagb-columns__wrap uagb-columns__background-image uagb-columns__stack-mobile uagb-columns__valign- uagb-columns__gap-10 align uagb-block-d8e66504 uagb-columns__columns-1 uagb-columns__max_width-theme background-image-fallback-black\"><div class=\"uagb-columns__overlay\"><\/div><div class=\"uagb-columns__inner-wrap uagb-columns__columns-1\">\n<div class=\"wp-block-uagb-column uagb-column__wrap uagb-column__background-undefined uagb-block-e4b26bca\"><div class=\"uagb-column__overlay\"><\/div>\n<div style=\"height:60px\" aria-hidden=\"true\" class=\"wp-block-spacer\"><\/div>\n\n\n\n<p class=\"has-neutral-white-color has-text-color has-18-font-size\"><a href=\"https:\/\/www.internetsociety.org\/es\/chapters\/\">Cap\u00edtulos<\/a> &gt; Consejo Consultivo de los Cap\u00edtulos<\/p>\n\n\n\n<div style=\"height:30px\" aria-hidden=\"true\" class=\"wp-block-spacer\"><\/div>\n\n\n\n<h1 class=\"wp-block-heading has-neutral-white-color has-text-color\">Consejo Consultivo de los Cap\u00edtulos<\/h1>\n\n\n\n<div style=\"height:60px\" aria-hidden=\"true\" class=\"wp-block-spacer\"><\/div>\n<\/div>\n<\/div><\/section>\n\n\n\n<div class=\"wp-block-columns is-layout-flex wp-container-core-columns-is-layout-9d6595d7 wp-block-columns-is-layout-flex\">\n<div class=\"wp-block-column is-layout-flow wp-block-column-is-layout-flow\" style=\"flex-basis:10%\"><\/div>\n\n\n\n<div class=\"wp-block-column is-layout-flow wp-block-column-is-layout-flow\" style=\"flex-basis:80%\">\n<div style=\"height:30px\" aria-hidden=\"true\" class=\"wp-block-spacer\"><\/div>\n\n\n\n<p class=\"has-18-font-size\">El Consejo Consultivo de Cap\u00edtulos de Internet Society es el cuerpo asesor de Internet Society que representa a sus Cap\u00edtulos, seg\u00fan lo autorizado en el Art\u00edculo VIII, Secci\u00f3n 2 de los Estatutos de ISOC.<\/p>\n\n\n\n<p class=\"has-18-font-size\">El prop\u00f3sito principal del Consejo Consultivo de Cap\u00edtulos ser\u00e1 canalizar y facilitar consejos y recomendaciones al Presidente y a la Junta Directiva de Internet Society de manera ascendente, sobre cualquier asunto de inter\u00e9s o preocupaci\u00f3n para el Cap\u00edtulo AC y los Cap\u00edtulos de ISOC. Dichos consejos y recomendaciones pueden referirse a las pol\u00edticas, estrategias y operaciones de ISOC, especialmente en lo que se refiere a las necesidades y prioridades de los Cap\u00edtulos y sus miembros.<\/p>\n\n\n\n<p class=\"has-18-font-size\">El Consejo Consultivo de Cap\u00edtulos estimular\u00e1 y facilitar\u00e1 una mejor comunicaci\u00f3n y colaboraci\u00f3n entre los Cap\u00edtulos, la Junta, el personal de ISOC y otros miembros de la comunidad de ISOC.<\/p>\n\n\n\n<p class=\"has-18-font-size\">Adem\u00e1s, el Consejo Consultivo de Cap\u00edtulos puede servir como el cuerpo consultivo para el Presidente y los Fideicomisarios, en el caso de disputas o cambios de estado relacionados con los Cap\u00edtulos.<\/p>\n\n\n\n<p class=\"has-18-font-size\">Cada Cap\u00edtulo en regla puede nombrar un delegado al Consejo Consultivo de Cap\u00edtulos de acuerdo con sus propios procedimientos de selecci\u00f3n.<\/p>\n\n\n\n<p class=\"has-18-font-size\">Si tiene alguna pregunta sobre el Consejo por favor mande un correo a <a href=\"mailto:chapter-support@isoc.org\">chapter-support@isoc.org<\/a>.<\/p>\n\n\n\n<div style=\"height:20px\" aria-hidden=\"true\" class=\"wp-block-spacer\"><\/div>\n\n\n\n<h2 class=\"wp-block-heading has-accent-purple-color has-text-color has-32-font-size\">Comit\u00e9 Directivo<\/h2>\n\n\n\n<div style=\"height:30px\" aria-hidden=\"true\" class=\"wp-block-spacer\"><\/div>\n\n\n\n<p class=\"has-18-font-size\">Un Comit\u00e9 Directivo consta de nueve (9) miembros elegidos o nombrados entre los delegados del Cap\u00edtulo.<\/p>\n\n\n\n<div style=\"height:20px\" aria-hidden=\"true\" class=\"wp-block-spacer\"><\/div>\n\n\n\n<h3 class=\"wp-block-heading has-accent-purple-color has-text-color has-32-font-size\">Representativos de los Cap\u00edtulos<\/h3>\n\n\n\n<div style=\"height:30px\" aria-hidden=\"true\" class=\"wp-block-spacer\"><\/div>\n\n\n\n<p class=\"has-18-font-size\">La lista de representantes de Cap\u00edtulos existantes est\u00e1 disponible aqu\u00ed.<\/p>\n\n\n\n<div style=\"height:30px\" aria-hidden=\"true\" class=\"wp-block-spacer\"><\/div>\n\n\n\n<h4 class=\"wp-block-heading has-accent-purple-color has-text-color\"> M\u00e1s informaci\u00f3n (en ingl\u00e9s)<\/h4>\n\n\n\n<div style=\"height:30px\" aria-hidden=\"true\" class=\"wp-block-spacer\"><\/div>\n\n\n\n<ul class=\"wp-block-list has-18-font-size\">\n<li><a href=\"https:\/\/www.internetsociety.org\/chapters\/chapters-advisory-council\/charter\/\">Carta del Consejo Consultivo de los Cap\u00edtulos<\/a><\/li>\n\n\n\n<li><a href=\"https:\/\/www.internetsociety.org\/wp-content\/uploads\/2017\/12\/ISOC-ChaptersAC-Rulesandprocedures_Dec2017.pdf\">Reglas y procedimientos del Consejo Consultivo de Cap\u00edtulos<\/a><\/li>\n\n\n\n<li><a href=\"https:\/\/www.internetsociety.org\/chapters\/chapters-advisory-council\/steering-committee\/\">Comit\u00e9 Directivo de CA de los Cap\u00edtulos<\/a><\/li>\n<\/ul>\n\n\n\n<div style=\"height:40px\" aria-hidden=\"true\" class=\"wp-block-spacer\"><\/div>\n<\/div>\n\n\n\n<div class=\"wp-block-column is-layout-flow wp-block-column-is-layout-flow\" style=\"flex-basis:10%\"><\/div>\n<\/div>\n","protected":false},"excerpt":{"rendered":"<p>Cap\u00edtulos &gt; Consejo Consultivo de los Cap\u00edtulos Consejo Consultivo de los Cap\u00edtulos El Consejo Consultivo de Cap\u00edtulos de Internet Society es el cuerpo asesor de Internet Society que representa a sus Cap\u00edtulos, seg\u00fan lo autorizado en el Art\u00edculo VIII, Secci\u00f3n 2 de los Estatutos de ISOC. El prop\u00f3sito principal del Consejo Consultivo de Cap\u00edtulos ser\u00e1 [&hellip;]<\/p>\n","protected":false},"author":46,"featured_media":0,"parent":62277,"menu_order":0,"comment_status":"closed","ping_status":"closed","template":"page-wide.php","meta":{"_acf_changed":false,"_uag_custom_page_level_css":"","footnotes":""},"categories":[5694],"tags":[],"region_news_regions":[],"content_category":[],"ppma_author":[4057],"class_list":["post-67588","page","type-page","status-publish","hentry","category-comunidad"],"acf":[],"uagb_featured_image_src":{"full":false,"thumbnail":false,"medium":false,"medium_large":false,"large":false,"1536x1536":false,"2048x2048":false,"post-thumbnail":false,"square":false,"gform-image-choice-sm":false,"gform-image-choice-md":false,"gform-image-choice-lg":false},"uagb_author_info":{"display_name":"Ivana Trbovic","author_link":"https:\/\/www.internetsociety.org\/es\/author\/trbovic\/"},"uagb_comment_info":0,"uagb_excerpt":"Cap\u00edtulos &gt; Consejo Consultivo de los Cap\u00edtulos Consejo Consultivo de los Cap\u00edtulos El Consejo Consultivo de Cap\u00edtulos de Internet Society es el cuerpo asesor de Internet Society que representa a sus Cap\u00edtulos, seg\u00fan lo autorizado en el Art\u00edculo VIII, Secci\u00f3n 2 de los Estatutos de ISOC. El prop\u00f3sito principal del Consejo Consultivo de Cap\u00edtulos ser\u00e1&hellip;","_links":{"self":[{"href":"https:\/\/www.internetsociety.org\/es\/wp-json\/wp\/v2\/pages\/67588","targetHints":{"allow":["GET"]}}],"collection":[{"href":"https:\/\/www.internetsociety.org\/es\/wp-json\/wp\/v2\/pages"}],"about":[{"href":"https:\/\/www.internetsociety.org\/es\/wp-json\/wp\/v2\/types\/page"}],"author":[{"embeddable":true,"href":"https:\/\/www.internetsociety.org\/es\/wp-json\/wp\/v2\/users\/46"}],"replies":[{"embeddable":true,"href":"https:\/\/www.internetsociety.org\/es\/wp-json\/wp\/v2\/comments?post=67588"}],"version-history":[{"count":0,"href":"https:\/\/www.internetsociety.org\/es\/wp-json\/wp\/v2\/pages\/67588\/revisions"}],"up":[{"embeddable":true,"href":"https:\/\/www.internetsociety.org\/es\/wp-json\/wp\/v2\/pages\/62277"}],"wp:attachment":[{"href":"https:\/\/www.internetsociety.org\/es\/wp-json\/wp\/v2\/media?parent=67588"}],"wp:term":[{"taxonomy":"category","embeddable":true,"href":"https:\/\/www.internetsociety.org\/es\/wp-json\/wp\/v2\/categories?post=67588"},{"taxonomy":"post_tag","embeddable":true,"href":"https:\/\/www.internetsociety.org\/es\/wp-json\/wp\/v2\/tags?post=67588"},{"taxonomy":"region_news_regions","embeddable":true,"href":"https:\/\/www.internetsociety.org\/es\/wp-json\/wp\/v2\/region_news_regions?post=67588"},{"taxonomy":"content_category","embeddable":true,"href":"https:\/\/www.internetsociety.org\/es\/wp-json\/wp\/v2\/content_category?post=67588"},{"taxonomy":"author","embeddable":true,"href":"https:\/\/www.internetsociety.org\/es\/wp-json\/wp\/v2\/ppma_author?post=67588"}],"curies":[{"name":"wp","href":"https:\/\/api.w.org\/{rel}","templated":true}]}}