{"id":65463,"date":"2017-09-12T22:52:35","date_gmt":"2017-09-12T22:52:35","guid":{"rendered":"https:\/\/www.internetsociety.org\/about-the-internet\/how-it-works\/"},"modified":"2023-12-15T13:34:13","modified_gmt":"2023-12-15T13:34:13","slug":"how-it-works","status":"publish","type":"page","link":"https:\/\/www.internetsociety.org\/es\/internet\/how-it-works\/","title":{"rendered":"C\u00f3mo funciona"},"content":{"rendered":"<div class=\"content clearfix\">\n<div class=\"field field-name-body field-type-text-with-summary field-label-hidden\">\n<div class=\"field-items\">\n<div class=\"field-item even\">\n<p>Internet funciona porque los est\u00e1ndares abiertos permiten que todas las redes se conecten a todas las redes.<\/p>\n<p>Esto es lo que hace posible que cualquiera pueda crear contenido, ofrecer servicios y vender productos sin necesitar el permiso de una autoridad central.<\/p>\n<p>Iguala el campo para todos y es la raz\u00f3n por la cual tenemos la rica diversidad de aplicaciones y servicios que muchos de nosotros disfrutamos hoy en d\u00eda.<\/p>\n<h4>\u00bfQui\u00e9n es el responsable de Internet?<\/h4>\n<p>Nadie y todo el mundo.<\/p>\n<p>Al contrario que la red telef\u00f3nica, que durante a\u00f1os en muchos pa\u00edses, la dirig\u00eda una sola compa\u00f1\u00eda; Internet global consiste en millares de redes interconectadas dirigidas por proveedores de servicios, compa\u00f1\u00edas individuales, universidades, gobiernos y otras personas.<\/p>\n<h4>\u00bfQu\u00e9 aspecto tiene la infraestructura de Internet?<\/h4>\n<p>Internet es una red de redes que necesita operar en el mundo como si se tratase de una sola cosa.<\/p>\n<p>Al igual que la pol\u00edtica, la coordinaci\u00f3n t\u00e9cnica de Internet tiene estas caracter\u00edsticas comunes:<\/p>\n<ul>\n<li>Abierta<\/li>\n<li>Independiente<\/li>\n<li>Dirigida por organizaciones sin \u00e1nimo de lucro que trabajan juntas para cubrir las necesidades de todo el mundo.<\/li>\n<\/ul>\n<p>Esta regulaci\u00f3n autom\u00e1tica ha sido la clave para el crecimiento exitoso de Internet y su flexibilidad para adaptarse a los cambios de necesidades del futuro.<\/p>\n<p>Puede leer m\u00e1s informaci\u00f3n acerca de los\u00a0<a title=\"aspectos t\u00e9cnicos de Internet. \" href=\"https:\/\/www.internetsociety.org\/internet\/how-it-works\/technical-aspects\">aspectos t\u00e9cnicos de Internet<\/a>\u00a0(S\u00f3lo en Ingl\u00e9s)<\/p>\n<h4>\u00bfQu\u00e9 puede hacer para asegurar que Internet siga siendo abierta y accesible?<\/h4>\n<p>En un momento en el que se cuestionan muchos de los procesos existentes que est\u00e1n detr\u00e1s del desarrollo y la administraci\u00f3n de Internet, es muy importante que se involucre en su futuro.<br \/>\nInternet Society ofrece educaci\u00f3n e informaci\u00f3n sobre los beneficios de procesos y estructuras abiertos, basados en consenso.<\/p>\n<p>Tambi\u00e9n abarcamos organizaciones no gubernamentales, reguladoras y cuerpos gubernamentales.<\/p>\n<p>No importa si es un organismo regulador, una organizaci\u00f3n no gubernamental, un pol\u00edtico o una persona normal; necesitamos su ayuda.<\/p>\n<p><a title=\"\u00danase a Internet Society \" href=\"https:\/\/www.internetsociety.org\/es\/become-a-member\/\">\u00danase a Internet Society hoy<\/a>.<\/p>\n<\/div>\n<\/div>\n<\/div>\n<\/div>\n","protected":false},"excerpt":{"rendered":"<p>Internet funciona porque los est\u00e1ndares abiertos permiten que todas las redes se conecten a todas las redes. Esto es lo que hace posible que cualquiera pueda crear contenido, ofrecer servicios y vender productos sin necesitar el permiso de una autoridad central. Iguala el campo para todos y es la raz\u00f3n por la cual tenemos la [&hellip;]<\/p>\n","protected":false},"author":15,"featured_media":0,"parent":62648,"menu_order":0,"comment_status":"closed","ping_status":"closed","template":"","meta":{"_acf_changed":false,"_uag_custom_page_level_css":"","footnotes":""},"categories":[],"tags":[],"region_news_regions":[6030],"content_category":[6106],"ppma_author":[4040],"class_list":["post-65463","page","type-page","status-publish","hentry","region_news_regions-global","content_category-resources-type"],"acf":[],"uagb_featured_image_src":{"full":false,"thumbnail":false,"medium":false,"medium_large":false,"large":false,"1536x1536":false,"2048x2048":false,"post-thumbnail":false,"square":false,"gform-image-choice-sm":false,"gform-image-choice-md":false,"gform-image-choice-lg":false},"uagb_author_info":{"display_name":"April Froncek","author_link":"https:\/\/www.internetsociety.org\/es\/author\/froncek\/"},"uagb_comment_info":0,"uagb_excerpt":"Internet funciona porque los est\u00e1ndares abiertos permiten que todas las redes se conecten a todas las redes. Esto es lo que hace posible que cualquiera pueda crear contenido, ofrecer servicios y vender productos sin necesitar el permiso de una autoridad central. Iguala el campo para todos y es la raz\u00f3n por la cual tenemos la&hellip;","_links":{"self":[{"href":"https:\/\/www.internetsociety.org\/es\/wp-json\/wp\/v2\/pages\/65463","targetHints":{"allow":["GET"]}}],"collection":[{"href":"https:\/\/www.internetsociety.org\/es\/wp-json\/wp\/v2\/pages"}],"about":[{"href":"https:\/\/www.internetsociety.org\/es\/wp-json\/wp\/v2\/types\/page"}],"author":[{"embeddable":true,"href":"https:\/\/www.internetsociety.org\/es\/wp-json\/wp\/v2\/users\/15"}],"replies":[{"embeddable":true,"href":"https:\/\/www.internetsociety.org\/es\/wp-json\/wp\/v2\/comments?post=65463"}],"version-history":[{"count":0,"href":"https:\/\/www.internetsociety.org\/es\/wp-json\/wp\/v2\/pages\/65463\/revisions"}],"up":[{"embeddable":true,"href":"https:\/\/www.internetsociety.org\/es\/wp-json\/wp\/v2\/pages\/62648"}],"wp:attachment":[{"href":"https:\/\/www.internetsociety.org\/es\/wp-json\/wp\/v2\/media?parent=65463"}],"wp:term":[{"taxonomy":"category","embeddable":true,"href":"https:\/\/www.internetsociety.org\/es\/wp-json\/wp\/v2\/categories?post=65463"},{"taxonomy":"post_tag","embeddable":true,"href":"https:\/\/www.internetsociety.org\/es\/wp-json\/wp\/v2\/tags?post=65463"},{"taxonomy":"region_news_regions","embeddable":true,"href":"https:\/\/www.internetsociety.org\/es\/wp-json\/wp\/v2\/region_news_regions?post=65463"},{"taxonomy":"content_category","embeddable":true,"href":"https:\/\/www.internetsociety.org\/es\/wp-json\/wp\/v2\/content_category?post=65463"},{"taxonomy":"author","embeddable":true,"href":"https:\/\/www.internetsociety.org\/es\/wp-json\/wp\/v2\/ppma_author?post=65463"}],"curies":[{"name":"wp","href":"https:\/\/api.w.org\/{rel}","templated":true}]}}