{"id":62648,"date":"2017-05-29T12:14:52","date_gmt":"2017-05-29T12:14:52","guid":{"rendered":"https:\/\/www.internetsociety.org\/about-the-internet\/"},"modified":"2025-09-24T11:02:51","modified_gmt":"2025-09-24T11:02:51","slug":"about-the-internet","status":"publish","type":"page","link":"https:\/\/www.internetsociety.org\/es\/internet\/","title":{"rendered":"Sobre Internet"},"content":{"rendered":"<div class=\"content-container\"><main id=\"content\" class=\"content\"><\/p>\n<section class=\"component-row component-theme-animated-small  padding-top padding-bottom row-text-white  \" data-logo-color=\"row-text-white\">\n<div class=\"component-row-inner pure-g component-row-standard component-alignment-center \">\n<div class=\"column desktop-hidden tablet-hidden mobile-hidden component-theme-default\"><\/div>\n<div class=\"column  pure-u-lg--1 pure-u-md-1-1 pure-u-sm-1-1 component-theme-default \">\n<section class=\"component component-text\">\n<div class=\"content-wrapper\">\n<h1 class=\"headline2 align-center\">Acerca de Internet<\/h1>\n<\/div>\n<\/section>\n<\/div>\n<\/div>\n<\/section>\n<section class=\"component-row component-theme-lt-gray  padding-top padding-bottom row-text-black  \" data-logo-color=\"row-text-black\">\n<div class=\"component-row-inner pure-g component-row-standard component-alignment-center \">\n<div class=\"column desktop-hidden tablet-hidden mobile-hidden component-theme-default\"><\/div>\n<div class=\"column  pure-u-lg--1 pure-u-md-1-1 pure-u-sm-1-1 component-theme-default \">\n<section class=\"component component-text\">\n<div class=\"content-wrapper\"><img decoding=\"async\" class=\"text-icon align-center \" title=\"ISOC-Iconography-Settings-RGB\" src=\"https:\/\/www.internetsociety.org\/wp-content\/uploads\/2017\/05\/ISOC-Iconography-Settings-RGB.svg\" alt=\"ISOC-Iconography-Settings-RGB\" \/><\/p>\n<h2 class=\"headline2 align-center\">C\u00f3mo funciona<\/h2>\n<div class=\"body-text align-center\">\n<p style=\"text-align: center;\">A diferencia de la red telef\u00f3nica, que durante a\u00f1os en la mayor\u00eda de los pa\u00edses estuvo a cargo de una sola compa\u00f1\u00eda, Internet global consiste en decenas de miles de redes interconectadas operadas por proveedores de servicios, compa\u00f1\u00edas individuales, universidades, gobiernos y otros. Los est\u00e1ndares abiertos permiten que esta red de redes puede comunicar. Esto hace posible que cualquiera pueda crear contenido, ofrecer servicios y vender productos sin requerir el permiso de una autoridad central.<\/p>\n<\/div>\n<div class=\"ctas align-center\"><a class=\"button button-primary\" href=\"https:\/\/www.internetsociety.org\/es\/internet\/how-it-works\/\">Saber m\u00e1s<\/a><\/div>\n<\/div>\n<\/section>\n<\/div>\n<\/div>\n<\/section>\n<section class=\"component-row component-theme-background  padding-top padding-bottom row-text-white  \" style=\"background-repeat: no-repeat; background-size: auto 580px; background-position: right top; background-color: #0c1c2c; background-image: url('https:\/\/www.internetsociety.org\/wp-content\/uploads\/2017\/05\/hands-768x533.png');\" data-bgverylarge=\"https:\/\/www.internetsociety.org\/wp-content\/uploads\/2017\/05\/hands.png\" data-bglarge=\"https:\/\/www.internetsociety.org\/wp-content\/uploads\/2017\/05\/hands-1024x711.png\" data-bgmediumlarge=\"https:\/\/www.internetsociety.org\/wp-content\/uploads\/2017\/05\/hands-768x533.png\" data-bgmedium=\"https:\/\/www.internetsociety.org\/wp-content\/uploads\/2017\/05\/hands-300x208.png\" data-logo-color=\"row-text-white\">\n<div class=\"component-row-inner pure-g component-row-standard component-alignment-top \">\n<div class=\"column desktop-hidden tablet-hidden mobile-hidden component-theme-default\"><\/div>\n<div class=\"column  pure-u-lg-6-12 pure-u-md-6-12 pure-u-sm-12-12 component-theme-default \">\n<section class=\"component component-text\">\n<div class=\"content-wrapper\">\n<h2 class=\"headline2 align-left\">Qui\u00e9n lo hace funcionar<\/h2>\n<div class=\"body-text align-left\">\n<p>El ecosistema de Internet est\u00e1 formado por muchas organizaciones y comunidades que ayudan a Internet a funcionar y evolucionar. El r\u00e1pido y continuo desarrollo y adopci\u00f3n de tecnolog\u00edas de Internet puede atribuirse a la participaci\u00f3n de una amplia gama de personas y organizaciones; procesos abiertos, transparentes y colaborativos; y el uso de productos e infraestructura con propiedad y control dispersos.<\/p>\n<\/div>\n<div class=\"ctas align-left\"><a class=\"button button-primary\" href=\"https:\/\/www.internetsociety.org\/internet\/who-makes-it-work\/\">Saber m\u00e1s<\/a><\/div>\n<\/div>\n<\/section>\n<\/div>\n<div class=\"column pure-u-lg-1-12 pure-u-md-1-12 mobile-hidden component-theme-blue padding-top padding-bottom padding-right padding-left\"><\/div>\n<div class=\"column  pure-u-lg-5-12 pure-u-md-5-12 pure-u-sm-12-12 component-theme-blue padding-top padding-bottom padding-right padding-left \">\n<section class=\"component component-text\">\n<div class=\"content-wrapper\">\n<div class=\"body-text align-center\">\n<h3 style=\"font-size: 32px;\">\u201cThe Internet belongs to everyone and no one.\u201d<\/h3>\n<p><cite>\u2013 Bruce Sterling, Short History of the Internet<\/cite><\/p>\n<\/div>\n<\/div>\n<\/section>\n<\/div>\n<\/div>\n<\/section>\n<section id=\"facts\" class=\"component-row component-theme-lt-gray  padding-top padding-bottom row-text-black  \" data-logo-color=\"row-text-black\">\n<div class=\"component-row-inner pure-g component-row-standard component-alignment-top \">\n<div class=\"column desktop-hidden tablet-hidden mobile-hidden component-theme-default\"><\/div>\n<div class=\"column  pure-u-lg--1 pure-u-md-1-1 pure-u-sm-1-1 component-theme-default \">\n<section class=\"component component-text\">\n<div class=\"content-wrapper\">\n<h2 class=\"headline2 align-left\">Hechos y Cifras<\/h2>\n<div class=\"body-text align-left\">\n<p style=\"text-align: left;\">\u00bfQui\u00e9n usa Internet? \u00bfC\u00f3mo se usa? \u00bfC\u00f3mo nos afecta? Internet est\u00e1 cambiando constantemente, para comprenderlo o medirlo es un desaf\u00edo. Hemos recopilado una variedad de recursos sobre su estad\u00edsticas, tendencias y datos demogr\u00e1ficos.<\/p>\n<\/div>\n<\/div>\n<\/section>\n<\/div>\n<div class=\"column desktop-hidden tablet-hidden mobile-hidden component-theme-default padding-top-small padding-right\"><\/div>\n<div class=\"column  pure-u-lg-1-2 pure-u-md-1-2 pure-u-sm-2-2 component-theme-default padding-top-small padding-right \">\n<section class=\"component component-text\">\n<div class=\"content-wrapper\">\n<div class=\"body-text align-center\">\n<h3>Nonprofit<\/h3>\n<p><a href=\"https:\/\/pulse.internetsociety.org\/\">The Internet Society\u2019s Pulse Platform<\/a><br \/>\nCurates data from trusted sources to help everyone understand the health, availability and evolution of the global Internet.<\/p>\n<p><a href=\"https:\/\/www.internetsociety.org\/globalinternetreport\/\">The Internet Society\u2019s Global Internet Report<\/a><br \/>\nThe forces of change that will shape the Internet.<\/p>\n<p><a href=\"http:\/\/www.caida.org\/data\/overview\/\">Center\u00a0for Applied\u00a0Internet\u00a0Data\u00a0Analysis (CAIDA)<\/a><br \/>\nInternet data from and across a wide variety of Internet infrastructure.<\/p>\n<p><a href=\"https:\/\/internethealthreport.org\/\">Mozilla\u2019s Internet Health Report<\/a><br \/>\nWhat\u2019s happening to the health of the Internet.<\/p>\n<p><a href=\"https:\/\/nsrc.org\/networkstatus\">NSRC Connectivity Providers Database<\/a><br \/>\nInternational networking developments and Internet connectivity providers, with major emphasis on countries in Asia, Africa, Latin America and the Caribbean, the Middle East, and Oceania.<\/p>\n<p><a href=\"https:\/\/atlas.ripe.net\/results\/analyses\/\">RIPE Atlas Analyses and Use Cases<\/a><br \/>\nA global network of probes that measure Internet connectivity and reachability, providing an understanding of the state of the Internet in real time.<\/p>\n<p><a href=\"https:\/\/data.worldbank.org\/indicator\/IT.NET.USER.ZS\">The World Bank<\/a><br \/>\nIndividuals using the Internet (% of population).<\/p>\n<\/div>\n<\/div>\n<\/section>\n<\/div>\n<div class=\"column desktop-hidden tablet-hidden mobile-hidden component-theme-default padding-top-small padding-left\"><\/div>\n<div class=\"column  pure-u-lg-1-2 pure-u-md-1-2 pure-u-sm-2-2 component-theme-default padding-top-small padding-left \">\n<section class=\"component component-text\">\n<div class=\"content-wrapper\">\n<div class=\"body-text align-center\">\n<h3>Commercial<\/h3>\n<p><a href=\"http:\/\/internettrafficreport.com\/\">Internet Traffic Report<\/a><br \/>\nThe flow of data around the world.<\/p>\n<p><a href=\"https:\/\/www.akamai.com\/us\/en\/about\/our-thinking\/state-of-the-internet-report\/\">Akamai Research<\/a><br \/>\nThe state of the Internet.<\/p>\n<p><a href=\"https:\/\/www.statista.com\/topics\/1145\/internet-usage-worldwide\/\">Statista<\/a><br \/>\nInternet usage worldwide: statistics and facts.<\/p>\n<p>Unfamiliar with an Internet term?\u00a0<a href=\"https:\/\/www.internetsociety.org\/internet\/glossary-internet-terms\/\">Learn what it means<\/a>.<\/p>\n<\/div>\n<\/div>\n<\/section>\n<\/div>\n<\/div>\n<\/section>\n<section class=\"component-row component-theme-background  row-text-white  medium-hero\" style=\"background-repeat: no-repeat; background-size: cover; background-position: center center; background-color: #0c1c2c; background-image: url('https:\/\/www.internetsociety.org\/wp-content\/uploads\/2017\/09\/Berners-Lee-Cerf_BriefHistory-768x346.jpg');\" data-bgverylarge=\"https:\/\/www.internetsociety.org\/wp-content\/uploads\/2017\/09\/Berners-Lee-Cerf_BriefHistory-e1521122023355.jpg\" data-bglarge=\"https:\/\/www.internetsociety.org\/wp-content\/uploads\/2017\/09\/Berners-Lee-Cerf_BriefHistory-1024x461.jpg\" data-bgmediumlarge=\"https:\/\/www.internetsociety.org\/wp-content\/uploads\/2017\/09\/Berners-Lee-Cerf_BriefHistory-768x346.jpg\" data-bgmedium=\"https:\/\/www.internetsociety.org\/wp-content\/uploads\/2017\/09\/Berners-Lee-Cerf_BriefHistory-300x135.jpg\" data-logo-color=\"row-text-white\">\n<div class=\"component-row-inner pure-g component-row-standard component-alignment-center \">\n<div class=\"column desktop-hidden tablet-hidden mobile-hidden component-theme-default\"><\/div>\n<div class=\"column  pure-u-lg--1 pure-u-md-1-1 pure-u-sm-1-1 component-theme-default \">\n<section class=\"component component-text\">\n<div class=\"content-wrapper\">\n<h2 class=\"headline2 align-center\">La historia de Internet<\/h2>\n<div class=\"body-text align-center\">\n<p>Internet es hoy una infraestructura de informaci\u00f3n generalizada, el prototipo inicial de lo que a menudo se denomina Infraestructura de informaci\u00f3n nacional (o global o gal\u00e1ctica). Su historia es compleja e involucra muchos aspectos.<\/p>\n<\/div>\n<div class=\"ctas align-center\"><a class=\"button button-secondary\" href=\"https:\/\/www.internetsociety.org\/es\/internet\/history-internet\/brief-history-internet\/\">Leer una breve historia de Internet, Escrita por las personas que la convirtieron en historia<\/a> <a class=\"button button-tertiary\" href=\"https:\/\/www.internetsociety.org\/es\/internet\/history-internet\/\">Encontrar m\u00e1s historias<\/a><\/div>\n<\/div>\n<\/section>\n<\/div>\n<\/div>\n<\/section>\n<section class=\"component-row component-theme-background  padding-top row-text-white tall-hero \" style=\"background-repeat: no-repeat; background-size: cover; background-position: center bottom; background-color: #0c1c2c; background-image: url('https:\/\/www.internetsociety.org\/wp-content\/uploads\/2017\/05\/evolving-768x454.png');\" data-bgverylarge=\"https:\/\/www.internetsociety.org\/wp-content\/uploads\/2017\/05\/evolving.png\" data-bglarge=\"https:\/\/www.internetsociety.org\/wp-content\/uploads\/2017\/05\/evolving-1024x606.png\" data-bgmediumlarge=\"https:\/\/www.internetsociety.org\/wp-content\/uploads\/2017\/05\/evolving-768x454.png\" data-bgmedium=\"https:\/\/www.internetsociety.org\/wp-content\/uploads\/2017\/05\/evolving-300x178.png\" data-logo-color=\"row-text-white\">\n<div class=\"component-row-inner pure-g component-row-standard component-alignment-top \">\n<div class=\"column desktop-hidden tablet-hidden mobile-hidden component-theme-default\"><\/div>\n<div class=\"column  pure-u-lg--1 pure-u-md-1-1 pure-u-sm-1-1 component-theme-default \">\n<section class=\"component component-text\">\n<div class=\"content-wrapper\">\n<h2 class=\"headline2 align-center\">\u00bfC\u00f3mo evoluciona Internet?<\/h2>\n<div class=\"body-text align-center\">\n<p style=\"text-align: center;\">La evoluci\u00f3n de Internet est\u00e1 sucediendo ahora. Su infraestructura, c\u00f3mo le usamos y d\u00f3nde nos conectamos a el, estos factores cambian constantemente. \u00bfC\u00f3mo se ver\u00eda Internet en 10 a\u00f1os? \u00bfCu\u00e1les son algunos de los mayores desaf\u00edos a los que nos enfrentamos y c\u00f3mo podemos garantizar el desarrollo continuo de Internet abierta para todos por todas partes?<\/p>\n<p style=\"text-align: center;\">Explore las posibilidades para el desarrollo futuro de Internet y las estrategias para ayudarlo a evolucionar de la mejor manera posible.<\/p>\n<\/div>\n<div class=\"ctas align-center\"><a class=\"button button-secondary\" href=\"https:\/\/future.internetsociety.org\/es\/\" target=\"_blank\" rel=\"noopener\">Saber m\u00e1s<\/a><\/div>\n<\/div>\n<\/section>\n<\/div>\n<\/div>\n<\/section>\n<section class=\"component-row component-theme-background  padding-top padding-bottom row-text-white  \" style=\"background-repeat: no-repeat; background-size: cover; background-position: center center; background-color: #0c1c2c; background-image: url('&quot;&quot;');\" data-bgverylarge=\"\" data-bglarge=\"\" data-bgmediumlarge=\"\" data-bgmedium=\"\" data-logo-color=\"row-text-white\">\n<div class=\"component-row-inner pure-g component-row-standard component-alignment-center \">\n<div class=\"column desktop-hidden tablet-hidden mobile-hidden component-theme-default\"><\/div>\n<div class=\"column  pure-u-lg--1 pure-u-md-1-1 pure-u-sm-1-1 component-theme-default \">\n<section class=\"component component-text\">\n<div class=\"content-wrapper\">\n<h2 class=\"headline2 align-left\">Shape Tomorrow<\/h2>\n<div class=\"body-text align-left\">\n<p>\u00bfNecesitas ayuda para convertir tu pasi\u00f3n por Internet en acci\u00f3n? Donar es una de las formas m\u00e1s sencillas de contribuir.<\/p>\n<\/div>\n<div class=\"ctas align-left\"><a class=\"button button-secondary\" href=\"https:\/\/www.internetsociety.org\/es\/donate\/\">Donar<\/a><\/div>\n<\/div>\n<\/section>\n<\/div>\n<\/div>\n<\/section>\n<p><\/main><\/div>\n","protected":false},"excerpt":{"rendered":"<p>Acerca de Internet C\u00f3mo funciona A diferencia de la red telef\u00f3nica, que durante a\u00f1os en la mayor\u00eda de los pa\u00edses estuvo a cargo de una sola compa\u00f1\u00eda, Internet global consiste en decenas de miles de redes interconectadas operadas por proveedores de servicios, compa\u00f1\u00edas individuales, universidades, gobiernos y otros. Los est\u00e1ndares abiertos permiten que esta red [&hellip;]<\/p>\n","protected":false},"author":46,"featured_media":0,"parent":0,"menu_order":0,"comment_status":"closed","ping_status":"closed","template":"page-wide.php","meta":{"_acf_changed":false,"_uag_custom_page_level_css":"","footnotes":""},"categories":[],"tags":[],"region_news_regions":[6030],"content_category":[6106],"ppma_author":[4057],"class_list":["post-62648","page","type-page","status-publish","hentry","region_news_regions-global","content_category-resources-type"],"acf":[],"uagb_featured_image_src":{"full":false,"thumbnail":false,"medium":false,"medium_large":false,"large":false,"1536x1536":false,"2048x2048":false,"post-thumbnail":false,"square":false,"gform-image-choice-sm":false,"gform-image-choice-md":false,"gform-image-choice-lg":false},"uagb_author_info":{"display_name":"Ivana Trbovic","author_link":"https:\/\/www.internetsociety.org\/es\/author\/trbovic\/"},"uagb_comment_info":0,"uagb_excerpt":"Acerca de Internet C\u00f3mo funciona A diferencia de la red telef\u00f3nica, que durante a\u00f1os en la mayor\u00eda de los pa\u00edses estuvo a cargo de una sola compa\u00f1\u00eda, Internet global consiste en decenas de miles de redes interconectadas operadas por proveedores de servicios, compa\u00f1\u00edas individuales, universidades, gobiernos y otros. Los est\u00e1ndares abiertos permiten que esta red&hellip;","_links":{"self":[{"href":"https:\/\/www.internetsociety.org\/es\/wp-json\/wp\/v2\/pages\/62648","targetHints":{"allow":["GET"]}}],"collection":[{"href":"https:\/\/www.internetsociety.org\/es\/wp-json\/wp\/v2\/pages"}],"about":[{"href":"https:\/\/www.internetsociety.org\/es\/wp-json\/wp\/v2\/types\/page"}],"author":[{"embeddable":true,"href":"https:\/\/www.internetsociety.org\/es\/wp-json\/wp\/v2\/users\/46"}],"replies":[{"embeddable":true,"href":"https:\/\/www.internetsociety.org\/es\/wp-json\/wp\/v2\/comments?post=62648"}],"version-history":[{"count":0,"href":"https:\/\/www.internetsociety.org\/es\/wp-json\/wp\/v2\/pages\/62648\/revisions"}],"wp:attachment":[{"href":"https:\/\/www.internetsociety.org\/es\/wp-json\/wp\/v2\/media?parent=62648"}],"wp:term":[{"taxonomy":"category","embeddable":true,"href":"https:\/\/www.internetsociety.org\/es\/wp-json\/wp\/v2\/categories?post=62648"},{"taxonomy":"post_tag","embeddable":true,"href":"https:\/\/www.internetsociety.org\/es\/wp-json\/wp\/v2\/tags?post=62648"},{"taxonomy":"region_news_regions","embeddable":true,"href":"https:\/\/www.internetsociety.org\/es\/wp-json\/wp\/v2\/region_news_regions?post=62648"},{"taxonomy":"content_category","embeddable":true,"href":"https:\/\/www.internetsociety.org\/es\/wp-json\/wp\/v2\/content_category?post=62648"},{"taxonomy":"author","embeddable":true,"href":"https:\/\/www.internetsociety.org\/es\/wp-json\/wp\/v2\/ppma_author?post=62648"}],"curies":[{"name":"wp","href":"https:\/\/api.w.org\/{rel}","templated":true}]}}