{"id":60548,"date":"2017-09-13T01:51:28","date_gmt":"2017-09-13T01:51:28","guid":{"rendered":"https:\/\/www.internetsociety.org\/youthigf-programme\/"},"modified":"2025-09-19T18:07:17","modified_gmt":"2025-09-19T18:07:17","slug":"youthigf-programme","status":"publish","type":"page","link":"https:\/\/www.internetsociety.org\/es\/past-ngl-programs\/youth-igf-program\/","title":{"rendered":"Programa Youth@IGF"},"content":{"rendered":"\n<section class=\"wp-block-uagb-columns uagb-columns__wrap uagb-columns__background-color uagb-columns__stack-mobile uagb-columns__valign- uagb-columns__gap-10 align uagb-block-57ed26a7 uagb-columns__columns-2 uagb-columns__max_width-theme\"><div class=\"uagb-columns__overlay\"><\/div><div class=\"uagb-columns__inner-wrap uagb-columns__columns-2\">\n<div class=\"wp-block-uagb-column uagb-column__wrap uagb-column__background-color uagb-block-077030eb\"><div class=\"uagb-column__overlay\"><\/div>\n<div style=\"height:40px\" aria-hidden=\"true\" class=\"wp-block-spacer\"><\/div>\n\n\n\n<section class=\"wp-block-uagb-columns uagb-columns__wrap uagb-columns__background-color uagb-columns__stack-mobile uagb-columns__valign- uagb-columns__gap-10 align uagb-block-6df0dde2 uagb-columns__columns-1 uagb-columns__max_width-theme\"><div class=\"uagb-columns__overlay\"><\/div><div class=\"uagb-columns__inner-wrap uagb-columns__columns-1\">\n<div class=\"wp-block-uagb-column uagb-column__wrap uagb-column__background-undefined uagb-block-d0348bb2\"><div class=\"uagb-column__overlay\"><\/div>\n<h5 class=\"has-accent-yellow-color has-text-color wp-block-heading\">Estado Actual:<br>Terminado<\/h5>\n\n\n\n<div style=\"height:20px\" aria-hidden=\"true\" class=\"wp-block-spacer\"><\/div>\n\n\n\n<p class=\"has-neutral-white-color has-text-color has-18-font-size\">Este programa ha terminado. En 2019, Internet Society combin\u00f3 este programa junto con el programa IGF Ambassadors y lanz\u00f3 un nuevo programa llamado Programa de <a href=\"https:\/\/www.internetsociety.org\/es\/policy-programs\/igf-youth-ambassadors\/\"><mark style=\"background-color:rgba(0, 0, 0, 0)\" class=\"has-inline-color has-neutral-white-color\">J\u00f3venes Embajadores del IGF.<\/mark><\/a><\/p>\n<\/div>\n<\/div><\/section>\n\n\n\n<div style=\"height:20px\" aria-hidden=\"true\" class=\"wp-block-spacer\"><\/div>\n\n\n\n<div class=\"wp-block-buttons is-content-justification-center is-layout-flex wp-container-core-buttons-is-layout-16018d1d wp-block-buttons-is-layout-flex\">\n<div class=\"wp-block-button\"><a class=\"wp-block-button__link has-ground-navy-color has-accent-yellow-background-color has-text-color has-background wp-element-button\" href=\"https:\/\/www.internetsociety.org\/es\/policy-programs\/igf-youth-ambassadors\/\">Saber m\u00e1s sobre Programa de de J\u00f3venes Embajadores del IGF<\/a><\/div>\n<\/div>\n<\/div>\n\n\n\n<div class=\"wp-block-uagb-column uagb-column__wrap uagb-column__background-undefined uagb-block-99673251\"><div class=\"uagb-column__overlay\"><\/div>\n<div style=\"height:40px\" aria-hidden=\"true\" class=\"wp-block-spacer\"><\/div>\n\n\n\n<h6 class=\"has-ground-navy-color has-text-color wp-block-heading\"><a href=\"https:\/\/www.internetsociety.org\/es\/past-ngl-programs\/\">Programa de L\u00edderes de la pr\u00f3xima generaci\u00f3n (NGL)<\/a> > Programa Youth@IGF <\/h6>\n\n\n\n<div style=\"height:30px\" aria-hidden=\"true\" class=\"wp-block-spacer\"><\/div>\n\n\n\n<h1 class=\"has-ground-navy-color has-text-color wp-block-heading\">Programa Youth@IGF<\/h1>\n\n\n\n<div style=\"height:20px\" aria-hidden=\"true\" class=\"wp-block-spacer\"><\/div>\n\n\n\n<p>Muchos j\u00f3venes de entre 18 y 25 a\u00f1os son la primera generaci\u00f3n que crecieron sin conocer el mundo en el que no exist\u00eda Internet. Para quienes no tienen acceso, estos j\u00f3venes son algunas de las personas que est\u00e1n presionando m\u00e1s para conseguirlo.<\/p>\n\n\n\n<p>Los j\u00f3venes est\u00e1n dando forma a la cultura de Internet de muchas maneras. Usan Internet para conocer gente de todo el mundo, crear los videos que se vuelven virales, crear el arte que nos conmueve e iniciar y respaldar los movimientos sociales que nos hacen pensar.<\/p>\n\n\n\n<p>Est\u00e1n construyendo la Internet de sus sue\u00f1os.<\/p>\n\n\n\n<p>Pero cuando se trata de discusiones pol\u00edticas, la mayor\u00eda de ellos no participan.<\/p>\n\n\n\n<p>Internet Society, en colaboraci\u00f3n con CGI.br, decidi\u00f3 en 2015 cambiar esto.<\/p>\n\n\n\n<p>Junto con colaboradores como NIC.MX, el gobierno de M\u00e9xico, y otros patrocinadores, incluyendo Microsoft y Verizon, hemos hecho posible que m\u00e1s de 200 j\u00f3venes de todo el mundo participen en el IGF 2015, 2016, 2017 y 2018, bajo el programa&nbsp;Juventud@IGF.<\/p>\n\n\n\n<p>Esto ha sido parte del compromiso de Internet Society y sus socios para asegurar que la nueva generaci\u00f3n de l\u00edderes de Internet fomente el avance del \u201cInternet de las Oportunidades\u201d. Como resultado de estos esfuerzos, muchos j\u00f3venes contribuyen ahora al Grupo de inter\u00e9s Especial de J\u00f3venes y a eventos regionales, como la Cumbre Africana de Internet, EuroDIG y otros. Adem\u00e1s, algunos j\u00f3venes de programas anteriores han creado organizaciones de la sociedad civil, como&nbsp;<a href=\"https:\/\/www.digitalgrassroots.org\/\" target=\"_blank\" rel=\"noreferrer noopener\">Digital Grassroots<\/a>.<\/p>\n\n\n\n<div style=\"height:20px\" aria-hidden=\"true\" class=\"wp-block-spacer\"><\/div>\n<\/div>\n<\/div><\/section>\n\n\n\n<section class=\"wp-block-uagb-columns uagb-columns__wrap uagb-columns__background-color uagb-columns__stack-mobile uagb-columns__valign- uagb-columns__gap-10 align uagb-block-03dce9bb uagb-columns__columns-2 uagb-columns__max_width-theme\"><div class=\"uagb-columns__overlay\"><\/div><div class=\"uagb-columns__inner-wrap uagb-columns__columns-2\">\n<div class=\"wp-block-uagb-column uagb-column__wrap uagb-column__background-color uagb-block-1f787419\"><div class=\"uagb-column__overlay\"><\/div>\n<section class=\"wp-block-uagb-columns uagb-columns__wrap uagb-columns__background-none uagb-columns__stack-mobile uagb-columns__valign- uagb-columns__gap-10 align uagb-block-cf74f5b6 uagb-columns__columns-1 uagb-columns__max_width-theme\"><div class=\"uagb-columns__overlay\"><\/div><div class=\"uagb-columns__inner-wrap uagb-columns__columns-1\">\n<div class=\"wp-block-uagb-column uagb-column__wrap uagb-column__background-undefined uagb-block-3fcf4c4c\"><div class=\"uagb-column__overlay\"><\/div><\/div>\n<\/div><\/section>\n<\/div>\n\n\n\n<div class=\"wp-block-uagb-column uagb-column__wrap uagb-column__background-undefined uagb-block-11db59bf\"><div class=\"uagb-column__overlay\"><\/div>\n<h3 class=\"has-ground-navy-color has-text-color wp-block-heading\">Objectivos del programa<\/h3>\n\n\n\n<div style=\"height:20px\" aria-hidden=\"true\" class=\"wp-block-spacer\"><\/div>\n\n\n\n<p>El programa ha apoyado a los futuros l\u00edderes de Internet a trav\u00e9s de: <\/p>\n\n\n\n<div style=\"height:20px\" aria-hidden=\"true\" class=\"wp-block-spacer\"><\/div>\n\n\n\n<ul class=\"wp-block-list\">\n<li>Formaciones para construir capacidad regional y global.<\/li>\n\n\n\n<li>Apoyo directo a los nuevos l\u00edderes de Internet que est\u00e1n motivados a aprender, comprometerse y actuar con su regi\u00f3n y m\u00e1s all\u00e1.<\/li>\n\n\n\n<li>Movilizaci\u00f3n de los j\u00f3venes m\u00e1s all\u00e1 de los temas espec\u00edficos de IG.<\/li>\n\n\n\n<li>Colaboraciones con m\u00e1s organizaciones para ampliar el impacto.<\/li>\n<\/ul>\n\n\n\n<div style=\"height:20px\" aria-hidden=\"true\" class=\"wp-block-spacer\"><\/div>\n\n\n\n\n<div style=\"height:20px\" aria-hidden=\"true\" class=\"wp-block-spacer\"><\/div>\n\n\n\n<h3 class=\"has-ground-navy-color has-text-color wp-block-heading\">Patrocinadores del programa<\/h3>\n\n\n\n<div style=\"height:20px\" aria-hidden=\"true\" class=\"wp-block-spacer\"><\/div>\n\n\n\n<div class=\"wp-block-columns is-layout-flex wp-container-core-columns-is-layout-9d6595d7 wp-block-columns-is-layout-flex\">\n<div class=\"wp-block-column is-vertically-aligned-center is-layout-flow wp-block-column-is-layout-flow\" style=\"flex-basis:25%\">\n<figure class=\"wp-block-image size-large\"><a href=\"https:\/\/www.google.com\/\"><img decoding=\"async\" src=\"https:\/\/www.internetsociety.org\/wp-content\/uploads\/2018\/11\/800px-Google_2015_logo-450x152.png\" alt=\"\"\/><\/a><\/figure>\n<\/div>\n\n\n\n<div class=\"wp-block-column is-vertically-aligned-center is-layout-flow wp-block-column-is-layout-flow\" style=\"flex-basis:25%\">\n<figure class=\"wp-block-image size-large\"><a href=\"https:\/\/www.microsoft.com\/\"><img decoding=\"async\" src=\"https:\/\/www.internetsociety.org\/wp-content\/uploads\/2018\/10\/Microsoft-logo_rgb_gray-450x202.png\" alt=\"\"\/><\/a><\/figure>\n<\/div>\n\n\n\n<div class=\"wp-block-column is-layout-flow wp-block-column-is-layout-flow\" style=\"flex-basis:25%\"><\/div>\n\n\n\n<div class=\"wp-block-column is-layout-flow wp-block-column-is-layout-flow\" style=\"flex-basis:25%\"><\/div>\n<\/div>\n\n\n\n\n<div style=\"height:10px\" aria-hidden=\"true\" class=\"wp-block-spacer\"><\/div>\n<\/div>\n<\/div><\/section>\n","protected":false},"excerpt":{"rendered":"<p>Para mejor construir Internet, necesitamos a los j\u00f3venes.<\/p>\n","protected":false},"author":46,"featured_media":81560,"parent":224073,"menu_order":0,"comment_status":"closed","ping_status":"closed","template":"page-wide.php","meta":{"_acf_changed":false,"_uag_custom_page_level_css":"","footnotes":""},"categories":[5694,119],"tags":[6150,6149],"region_news_regions":[6030],"content_category":[],"ppma_author":[4057],"class_list":["post-60548","page","type-page","status-publish","has-post-thumbnail","hentry","category-comunidad","category-quienes-somos","tag-becas","tag-exalumnos","region_news_regions-global"],"acf":[],"uagb_featured_image_src":{"full":["https:\/\/www.internetsociety.org\/wp-content\/uploads\/2018\/06\/ISOC-IMAGE-73-RGB.jpg",1280,853,false],"thumbnail":["https:\/\/www.internetsociety.org\/wp-content\/uploads\/2018\/06\/ISOC-IMAGE-73-RGB-150x150.jpg",150,150,true],"medium":["https:\/\/www.internetsociety.org\/wp-content\/uploads\/2018\/06\/ISOC-IMAGE-73-RGB-300x200.jpg",300,200,true],"medium_large":["https:\/\/www.internetsociety.org\/wp-content\/uploads\/2018\/06\/ISOC-IMAGE-73-RGB-768x512.jpg",768,512,true],"large":["https:\/\/www.internetsociety.org\/wp-content\/uploads\/2018\/06\/ISOC-IMAGE-73-RGB-1024x682.jpg",1024,682,true],"1536x1536":["https:\/\/www.internetsociety.org\/wp-content\/uploads\/2018\/06\/ISOC-IMAGE-73-RGB.jpg",1280,853,false],"2048x2048":["https:\/\/www.internetsociety.org\/wp-content\/uploads\/2018\/06\/ISOC-IMAGE-73-RGB.jpg",1280,853,false],"post-thumbnail":["https:\/\/www.internetsociety.org\/wp-content\/uploads\/2018\/06\/ISOC-IMAGE-73-RGB-250x167.jpg",250,167,true],"square":["https:\/\/www.internetsociety.org\/wp-content\/uploads\/2018\/06\/ISOC-IMAGE-73-RGB-600x600.jpg",600,600,true],"gform-image-choice-sm":["https:\/\/www.internetsociety.org\/wp-content\/uploads\/2018\/06\/ISOC-IMAGE-73-RGB.jpg",300,200,false],"gform-image-choice-md":["https:\/\/www.internetsociety.org\/wp-content\/uploads\/2018\/06\/ISOC-IMAGE-73-RGB.jpg",400,267,false],"gform-image-choice-lg":["https:\/\/www.internetsociety.org\/wp-content\/uploads\/2018\/06\/ISOC-IMAGE-73-RGB.jpg",600,400,false]},"uagb_author_info":{"display_name":"Ivana Trbovic","author_link":"https:\/\/www.internetsociety.org\/es\/author\/trbovic\/"},"uagb_comment_info":0,"uagb_excerpt":"Para mejor construir Internet, necesitamos a los j\u00f3venes.","_links":{"self":[{"href":"https:\/\/www.internetsociety.org\/es\/wp-json\/wp\/v2\/pages\/60548","targetHints":{"allow":["GET"]}}],"collection":[{"href":"https:\/\/www.internetsociety.org\/es\/wp-json\/wp\/v2\/pages"}],"about":[{"href":"https:\/\/www.internetsociety.org\/es\/wp-json\/wp\/v2\/types\/page"}],"author":[{"embeddable":true,"href":"https:\/\/www.internetsociety.org\/es\/wp-json\/wp\/v2\/users\/46"}],"replies":[{"embeddable":true,"href":"https:\/\/www.internetsociety.org\/es\/wp-json\/wp\/v2\/comments?post=60548"}],"version-history":[{"count":0,"href":"https:\/\/www.internetsociety.org\/es\/wp-json\/wp\/v2\/pages\/60548\/revisions"}],"up":[{"embeddable":true,"href":"https:\/\/www.internetsociety.org\/es\/wp-json\/wp\/v2\/pages\/224073"}],"wp:featuredmedia":[{"embeddable":true,"href":"https:\/\/www.internetsociety.org\/es\/wp-json\/wp\/v2\/media\/81560"}],"wp:attachment":[{"href":"https:\/\/www.internetsociety.org\/es\/wp-json\/wp\/v2\/media?parent=60548"}],"wp:term":[{"taxonomy":"category","embeddable":true,"href":"https:\/\/www.internetsociety.org\/es\/wp-json\/wp\/v2\/categories?post=60548"},{"taxonomy":"post_tag","embeddable":true,"href":"https:\/\/www.internetsociety.org\/es\/wp-json\/wp\/v2\/tags?post=60548"},{"taxonomy":"region_news_regions","embeddable":true,"href":"https:\/\/www.internetsociety.org\/es\/wp-json\/wp\/v2\/region_news_regions?post=60548"},{"taxonomy":"content_category","embeddable":true,"href":"https:\/\/www.internetsociety.org\/es\/wp-json\/wp\/v2\/content_category?post=60548"},{"taxonomy":"author","embeddable":true,"href":"https:\/\/www.internetsociety.org\/es\/wp-json\/wp\/v2\/ppma_author?post=60548"}],"curies":[{"name":"wp","href":"https:\/\/api.w.org\/{rel}","templated":true}]}}