{"id":57825,"date":"2017-09-12T16:38:31","date_gmt":"2017-09-12T16:38:31","guid":{"rendered":"https:\/\/www.internetsociety.org\/?page_id=57825\/"},"modified":"2018-03-05T12:18:16","modified_gmt":"2018-03-05T12:18:16","slug":"tertulias-latinoamericanas-de-internet","status":"publish","type":"page","link":"https:\/\/www.internetsociety.org\/es\/regions\/latin-america-caribbean\/internet-coffee-talks\/","title":{"rendered":"Tertulias Latinoamericanas de Internet"},"content":{"rendered":"<h4>.. Un espacio de nuestros Miembros para nuestros Miembros &#8230;<\/h4>\n<p>Para Internet Society el papel que juegan nuestros Miembros y Cap\u00edtulos es primordial para el desarrollo y ejecuci\u00f3n de nuestra estrategia organizacional: Nuestra comunidad se ha convertido en un pilar importante para entender y recopilar los requerimientos y necesidades existentes a nivel local, regional y global. Hoy por hoy, podemos decir con certeza que la experiencia y conocimiento de cada uno de nuestros Miembros es uno de los valores m\u00e1s importantes que nos destacan como organizaci\u00f3n, y por ello, consideramos que el habilitar espacios para el intercambio de conocimiento y perspectivas es clave en el desarrollo y construcci\u00f3n del Internet del futuro.<\/p>\n<p>La iniciativa \u201cTertulias Latinoamericanas de Internet\u201d, nace como un proyecto virtual que habilita ese espacio de comunicaci\u00f3n, bajo un concepto de pl\u00e1tica relajada e informal, donde se incentiva el intercambio de conocimientos y perspectivas entre nuestros Miembros. El formato consta de un espacio de 60 a 90 minutos virtuales, donde Miembros realizar\u00e1n paneles o exposiciones sobre temas de su inter\u00e9s, habilitando la posibilidad de recibir preguntas de otros Miembros para incentivar la pl\u00e1tica.\u00a0<strong>Internet Society respeta las perspectivas y opiniones de los expositores y Miembros dentro de las Tertulias, sin embargo, son de car\u00e1cter personal y no representan posiciones oficiales de ISOC.\u00a0<\/strong><\/p>\n<p><b>A continuaci\u00f3n, los detalles de la iniciativa:<\/b><\/p>\n<h5>\u00bfC\u00f3mo Participar?<\/h5>\n<p>Si eres miembro de ISOC y te interesa desarrollar un panel, mesa redonda o exposici\u00f3n de forma virtual, sobre un tema espec\u00edfico, s\u00f3lo debes seguir las siguientes instrucciones:<\/p>\n<p>1. Enviar un correo a\u00a0<a href=\"mailto:quiros@isoc.org\">quiros@isoc.org<\/a>\u00a0con la siguiente informaci\u00f3n:<\/p>\n<p>a. Persona responsable de la Tertulia (Nombre y correo)<br \/>\nb. Fecha y hora (en UTC) en la que desea realizar la tertulia<br \/>\nc. Tema a desarrollar<br \/>\nd. Subtemas a desarrollar<br \/>\ne. Nombre y correo electr\u00f3nico de los panelistas, expositores y\/o moderadores, con una biograf\u00eda de no m\u00e1s de 10 l\u00edneas. Debe haber al menos un miembro de staff o\u00a0<a href=\"https:\/\/www.internetsociety.org\/find-chapter#chapterlist\">un miembro de junta directiva de cualquier Cap\u00edtulo o SIG<\/a>. Si no tiene uno, por favor especif\u00edquelo en la aplicaci\u00f3n para hacerle una designaci\u00f3n.<br \/>\nf. Agenda: Distribuci\u00f3n del tiempo de acuerdo a los subtemas. La tertulia no puede exceder un tiempo m\u00e1ximo de 90 minutos y debe incluir un espacio para habilitar preguntas de la comunidad.<br \/>\ng. La aplicaci\u00f3n debe enviarse 15 d\u00edas naturales antes de la fecha en la que se desea hacer la tertulia.<\/p>\n<p><strong>Notas<\/strong>:<\/p>\n<ul>\n<li>Todas las Tertulias deber\u00e1n respetar\u00a0<a href=\"https:\/\/www.internetsociety.org\/es\/valores-y-principios\">los principios y valores de Internet Society<\/a>.<\/li>\n<li>Una vez agendada la tertulia y enviadas las invitaciones a la comunidad, no se podr\u00e1 cancelar o modificar el d\u00eda y la hora de la sesi\u00f3n virtual. Si por motivos de razones mayores el organizador o alg\u00fan panelista no puede participar, responsable deber\u00e1 asignar una persona sustituta y notificar a\u00a0<a href=\"mailto:quiros@isoc.org\">quiros@isoc.org<\/a>\u00a0en un plazo no mayor a 2 d\u00edas previo a la fecha de la sesi\u00f3n programada.<\/li>\n<li>Aplicaciones que no especifiquen alguna de la informaci\u00f3n anterior, ser\u00e1n rechazadas.<\/li>\n<li>La sesi\u00f3n virtual tiene un m\u00e1ximo de 100 participantes en l\u00ednea.<\/li>\n<\/ul>\n<p>2. Una vez enviada la solicitud, el personal de ISOC evaluar\u00e1 la aplicaci\u00f3n y dar\u00e1 respuesta. La aprobaci\u00f3n de temas queda a discreci\u00f3n del personal de ISOC.<\/p>\n<p>3. ISOC se encargar\u00e1 de hacer la convocatoria a los Miembros de la comunidad (Latinoam\u00e9rica y el Caribe) y enviar\u00e1 el link correspondiente a la sesi\u00f3n virtual (ZOOM).<\/p>\n<p>4. La sesi\u00f3n ser\u00e1 grabada y se subir\u00e1 a nuestro CANAL regional de YouTube.<\/p>\n<h5>\u00bfQue temas se pueden desarrollar?<\/h5>\n<p>Temas relacionados con Internet en sus diferentes taxonom\u00edas: Infraestructura, estandarizaci\u00f3n, aspectos legales y de pol\u00edtica p\u00fablica, econ\u00f3micos, de desarrollo y socioculturales, entre otros.<\/p>\n<h5>\u00bfQui\u00e9n puede participar?<\/h5>\n<p>El programa es abierto a todos los Miembros de ISOC, ya sean globales o que pertenezcan a un Cap\u00edtulo. Cualquier miembro de la regi\u00f3n podr\u00e1 desarrollar el tema del que tenga mayor inter\u00e9s.<\/p>\n<h5>\u00bfA qui\u00e9n va dirigido?<\/h5>\n<p>A todo p\u00fablico. Las Tertulias ser\u00e1n comunicadas con antelaci\u00f3n a nuestros Miembros para que puedan escoger los temas que m\u00e1s les interesen y puedan unirse a la llamada espec\u00edfica.<\/p>\n<h5>\u00bfSe cobrar\u00e1 por unirse a la llamada?<\/h5>\n<p>No, el acceso a las Tertulias es completamente gratuito.<\/p>\n<h5>\u00bfQu\u00e9 herramienta se utilizar\u00e1?<\/h5>\n<p>Las Tertulias se llevar\u00e1n a cabo de forma virtual utilizando la aplicaci\u00f3n ZOOM\u00a0<a href=\"https:\/\/zoom.us\/\">https:\/\/zoom.us\/<\/a>, la cual puede descargarse de forma gratuita.<\/p>\n<p><strong>Consideraciones importantes\u00a0<\/strong><\/p>\n<ul>\n<li>Todo participante ya sea del panel o de la comunidad accede a que la tertulia se grabe y suba a nuestro canal de YouTube y revista mensual.<\/li>\n<li>Internet Society respeta las perspectivas y opiniones de los expositores y Miembros dentro de las Tertulias, sin embargo, son de car\u00e1cter personal y no representan posiciones oficiales de ISOC.<\/li>\n<li>Internet Society no se hace cargo de cubrir costos relacionados con la Tertulia, como, por ejemplo: expositores, panelistas, material audiovisual, entre otros. \u00danicamente aportar\u00e1 el canal virtual y coordinar\u00e1 la convocatoria de los Miembros.<\/li>\n<\/ul>\n<h5>\u00bfM\u00e1s informaci\u00f3n?<\/h5>\n<p>Para mayor informaci\u00f3n, comun\u00edquese con nosotros al correo\u00a0<a href=\"mailto:quiros@isoc.org\">quiros@isoc.org<\/a>.<\/p>\n","protected":false},"excerpt":{"rendered":"<p>.. Un espacio de nuestros Miembros para nuestros Miembros &#8230; Para Internet Society el papel que juegan nuestros Miembros y Cap\u00edtulos es primordial para el desarrollo y ejecuci\u00f3n de nuestra estrategia organizacional: Nuestra comunidad se ha convertido en un pilar importante para entender y recopilar los requerimientos y necesidades existentes a nivel local, regional y [&hellip;]<\/p>\n","protected":false},"author":46,"featured_media":57828,"parent":0,"menu_order":0,"comment_status":"closed","ping_status":"closed","template":"","meta":{"_acf_changed":false,"_uag_custom_page_level_css":"","footnotes":""},"categories":[],"tags":[],"region_news_regions":[],"content_category":[],"ppma_author":[4057],"class_list":["post-57825","page","type-page","status-publish","has-post-thumbnail","hentry"],"acf":[],"uagb_featured_image_src":{"full":["https:\/\/www.internetsociety.org\/wp-content\/uploads\/2017\/09\/dan-gold-297904.jpg",6000,3376,false],"thumbnail":["https:\/\/www.internetsociety.org\/wp-content\/uploads\/2017\/09\/dan-gold-297904-150x150.jpg",150,150,true],"medium":["https:\/\/www.internetsociety.org\/wp-content\/uploads\/2017\/09\/dan-gold-297904-300x169.jpg",300,169,true],"medium_large":["https:\/\/www.internetsociety.org\/wp-content\/uploads\/2017\/09\/dan-gold-297904-768x432.jpg",768,432,true],"large":["https:\/\/www.internetsociety.org\/wp-content\/uploads\/2017\/09\/dan-gold-297904-1024x576.jpg",1024,576,true],"1536x1536":["https:\/\/www.internetsociety.org\/wp-content\/uploads\/2017\/09\/dan-gold-297904.jpg",1536,864,false],"2048x2048":["https:\/\/www.internetsociety.org\/wp-content\/uploads\/2017\/09\/dan-gold-297904.jpg",2048,1152,false],"post-thumbnail":["https:\/\/www.internetsociety.org\/wp-content\/uploads\/2017\/09\/dan-gold-297904-250x141.jpg",250,141,true],"square":["https:\/\/www.internetsociety.org\/wp-content\/uploads\/2017\/09\/dan-gold-297904-600x600.jpg",600,600,true],"gform-image-choice-sm":["https:\/\/www.internetsociety.org\/wp-content\/uploads\/2017\/09\/dan-gold-297904.jpg",300,169,false],"gform-image-choice-md":["https:\/\/www.internetsociety.org\/wp-content\/uploads\/2017\/09\/dan-gold-297904.jpg",400,225,false],"gform-image-choice-lg":["https:\/\/www.internetsociety.org\/wp-content\/uploads\/2017\/09\/dan-gold-297904.jpg",600,338,false]},"uagb_author_info":{"display_name":"Ivana Trbovic","author_link":"https:\/\/www.internetsociety.org\/es\/author\/trbovic\/"},"uagb_comment_info":0,"uagb_excerpt":".. Un espacio de nuestros Miembros para nuestros Miembros &#8230; Para Internet Society el papel que juegan nuestros Miembros y Cap\u00edtulos es primordial para el desarrollo y ejecuci\u00f3n de nuestra estrategia organizacional: Nuestra comunidad se ha convertido en un pilar importante para entender y recopilar los requerimientos y necesidades existentes a nivel local, regional y&hellip;","_links":{"self":[{"href":"https:\/\/www.internetsociety.org\/es\/wp-json\/wp\/v2\/pages\/57825","targetHints":{"allow":["GET"]}}],"collection":[{"href":"https:\/\/www.internetsociety.org\/es\/wp-json\/wp\/v2\/pages"}],"about":[{"href":"https:\/\/www.internetsociety.org\/es\/wp-json\/wp\/v2\/types\/page"}],"author":[{"embeddable":true,"href":"https:\/\/www.internetsociety.org\/es\/wp-json\/wp\/v2\/users\/46"}],"replies":[{"embeddable":true,"href":"https:\/\/www.internetsociety.org\/es\/wp-json\/wp\/v2\/comments?post=57825"}],"version-history":[{"count":0,"href":"https:\/\/www.internetsociety.org\/es\/wp-json\/wp\/v2\/pages\/57825\/revisions"}],"wp:featuredmedia":[{"embeddable":true,"href":"https:\/\/www.internetsociety.org\/es\/wp-json\/wp\/v2\/media\/57828"}],"wp:attachment":[{"href":"https:\/\/www.internetsociety.org\/es\/wp-json\/wp\/v2\/media?parent=57825"}],"wp:term":[{"taxonomy":"category","embeddable":true,"href":"https:\/\/www.internetsociety.org\/es\/wp-json\/wp\/v2\/categories?post=57825"},{"taxonomy":"post_tag","embeddable":true,"href":"https:\/\/www.internetsociety.org\/es\/wp-json\/wp\/v2\/tags?post=57825"},{"taxonomy":"region_news_regions","embeddable":true,"href":"https:\/\/www.internetsociety.org\/es\/wp-json\/wp\/v2\/region_news_regions?post=57825"},{"taxonomy":"content_category","embeddable":true,"href":"https:\/\/www.internetsociety.org\/es\/wp-json\/wp\/v2\/content_category?post=57825"},{"taxonomy":"author","embeddable":true,"href":"https:\/\/www.internetsociety.org\/es\/wp-json\/wp\/v2\/ppma_author?post=57825"}],"curies":[{"name":"wp","href":"https:\/\/api.w.org\/{rel}","templated":true}]}}