{"id":47380,"date":"2017-05-26T13:56:16","date_gmt":"2017-05-26T13:56:16","guid":{"rendered":"http:\/\/www.internetsociety.org\/key-issues\/"},"modified":"2025-05-09T13:03:52","modified_gmt":"2025-05-09T13:03:52","slug":"our-work","status":"publish","type":"page","link":"https:\/\/www.internetsociety.org\/es\/our-work\/","title":{"rendered":"Nuestro trabajo"},"content":{"rendered":"\n<section class=\"wp-block-uagb-columns uagb-columns__wrap uagb-columns__background-image uagb-columns__stack-mobile uagb-columns__valign- uagb-columns__gap-10 align uagb-block-97cd7c03 uagb-columns__columns-1 uagb-columns__max_width-theme background-image-fallback-black uag-hide-tab uag-hide-mob\"><div class=\"uagb-columns__overlay\"><\/div><div class=\"uagb-columns__inner-wrap uagb-columns__columns-1\">\n<div class=\"wp-block-uagb-column uagb-column__wrap uagb-column__background-color uagb-block-6c4fbb6d\"><div class=\"uagb-column__overlay\"><\/div>\n<h1 class=\"wp-block-heading has-neutral-white-color has-text-color has-60-font-size uag-hide-tab uag-hide-mob\">Nuestro trabajo<\/h1>\n<\/div>\n<\/div><\/section>\n\n\n\n<section class=\"wp-block-uagb-columns uagb-columns__wrap uagb-columns__background-none uagb-columns__stack-tablet uagb-columns__valign-top uagb-columns__gap-10 align uagb-block-de3d1d5d uagb-columns__columns-1 uagb-columns__max_width-theme uag-hide-desktop\"><div class=\"uagb-columns__overlay\"><\/div><div class=\"uagb-columns__inner-wrap uagb-columns__columns-1\">\n<div class=\"wp-block-uagb-column uagb-column__wrap uagb-column__background-undefined uagb-block-f338041f\"><div class=\"uagb-column__overlay\"><\/div>\n<h1 class=\"wp-block-heading has-text-align-left\">Nuestro trabajo<\/h1>\n\n\n\n<div style=\"height:30px\" aria-hidden=\"true\" class=\"wp-block-spacer\"><\/div>\n\n\n\n<figure class=\"wp-block-image size-full\"><img loading=\"lazy\" decoding=\"async\" width=\"1500\" height=\"728\" src=\"https:\/\/www.internetsociety.org\/wp-content\/uploads\/2025\/04\/P1104828-2-1.jpg\" alt=\"A woman engaged in conversation with a group of people, surrounded by lush green trees\" class=\"wp-image-222787\" srcset=\"https:\/\/www.internetsociety.org\/wp-content\/uploads\/2025\/04\/P1104828-2-1.jpg 1500w, https:\/\/www.internetsociety.org\/wp-content\/uploads\/2025\/04\/P1104828-2-1-450x218.jpg 450w, https:\/\/www.internetsociety.org\/wp-content\/uploads\/2025\/04\/P1104828-2-1-1024x497.jpg 1024w, https:\/\/www.internetsociety.org\/wp-content\/uploads\/2025\/04\/P1104828-2-1-768x373.jpg 768w, https:\/\/www.internetsociety.org\/wp-content\/uploads\/2025\/04\/P1104828-2-1-250x121.jpg 250w\" sizes=\"auto, (max-width: 1500px) 100vw, 1500px\" \/><\/figure>\n<\/div>\n<\/div><\/section>\n\n\n\n<section class=\"wp-block-uagb-columns uagb-columns__wrap uagb-columns__background-color uagb-columns__stack-tablet uagb-columns__valign-top uagb-columns__gap-10 align uagb-block-0c8abc1f uagb-columns__columns-1 uagb-columns__max_width-theme\"><div class=\"uagb-columns__overlay\"><\/div><div class=\"uagb-columns__inner-wrap uagb-columns__columns-1\">\n<div class=\"wp-block-uagb-column uagb-column__wrap uagb-column__background-color uagb-block-c5cbb46e\"><div class=\"uagb-column__overlay\"><\/div>\n<h2 class=\"wp-block-heading has-32-font-size uag-hide-tab uag-hide-mob\">Ayudamos a construir y proteger una Internet inclusiva, confiable y comunitaria.<\/h2>\n\n\n\n<h2 class=\"wp-block-heading has-32-font-size uag-hide-desktop\"><strong>Ayudamos a construir y proteger una Internet inclusiva, confiable y comunitaria.<\/strong><\/h2>\n<\/div>\n<\/div><\/section>\n\n\n\n<section class=\"wp-block-uagb-columns uagb-columns__wrap uagb-columns__background-none uagb-columns__stack-tablet uagb-columns__valign-top uagb-columns__gap-10 align uagb-columns__reverse-tablet uagb-block-28598c2e uagb-columns__columns-2 uagb-columns__max_width-theme\"><div class=\"uagb-columns__overlay\"><\/div><div class=\"uagb-columns__inner-wrap uagb-columns__columns-2\">\n<div class=\"wp-block-uagb-column uagb-column__wrap uagb-column__background-color uagb-block-0876264a\"><div class=\"uagb-column__overlay\"><\/div>\n<p class=\"has-18-font-size\">Ofrecemos capacitaci\u00f3n en conectividad y soluciones lideradas por la comunidad, a la vez que impulsamos pol\u00edticas que ayudan <a href=\"https:\/\/www.internetsociety.org\/es\/our-work\/closing-the-digital-divide\/\">a cerrar la brecha digital para quienes suelen quedar rezagados.<\/a><\/p>\n\n\n\n<div style=\"height:30px\" aria-hidden=\"true\" class=\"wp-block-spacer uag-hide-tab uag-hide-mob\"><\/div>\n\n\n\n<div style=\"height:30px\" aria-hidden=\"true\" class=\"wp-block-spacer uag-hide-desktop\"><\/div>\n\n\n\n<div class=\"wp-block-uagb-blockquote uagb-block-e9857f3a uagb-blockquote__skin-quotation uagb-blockquote__align-left uagb-blockquote__style-style_2 uagb-blockquote__stack-img-mobile\"><blockquote class=\"uagb-blockquote\"><span class=\"uagb-blockquote__icon\"><svg width=\"20\" height=\"20\" viewBox=\"0 0 32 32\"><path d=\"M7.031 14c3.866 0 7 3.134 7 7s-3.134 7-7 7-7-3.134-7-7l-0.031-1c0-7.732 6.268-14 14-14v4c-2.671 0-5.182 1.040-7.071 2.929-0.364 0.364-0.695 0.751-0.995 1.157 0.357-0.056 0.724-0.086 1.097-0.086zM25.031 14c3.866 0 7 3.134 7 7s-3.134 7-7 7-7-3.134-7-7l-0.031-1c0-7.732 6.268-14 14-14v4c-2.671 0-5.182 1.040-7.071 2.929-0.364 0.364-0.695 0.751-0.995 1.157 0.358-0.056 0.724-0.086 1.097-0.086z\"><\/path><\/svg><\/span><div class=\"uagb-blockquote__content\">No se trata solo de jugar videojuegos o mirar Netflix. Sin acceso a Internet, no podemos aprender ni trabajar.\u00bb<\/div><footer><div class=\"uagb-blockquote__author-wrap uagb-blockquote__author-at-right\"><cite class=\"uagb-blockquote__author\">Laura Jones, urbanista, Ayuntamiento de Williston<\/cite><\/div><\/footer><\/blockquote><\/div>\n<\/div>\n\n\n\n<div class=\"wp-block-uagb-column uagb-column__wrap uagb-column__background-color uagb-block-e26e6e61\"><div class=\"uagb-column__overlay\"><\/div>\n<figure class=\"wp-block-image size-full is-resized\"><img loading=\"lazy\" decoding=\"async\" width=\"1000\" height=\"667\" src=\"https:\/\/www.internetsociety.org\/wp-content\/uploads\/2025\/03\/Networking-students.jpg\" alt=\"Three people look at wires and other networking supplies\" class=\"wp-image-221543\" style=\"aspect-ratio:16\/9;object-fit:cover;width:550px\" srcset=\"https:\/\/www.internetsociety.org\/wp-content\/uploads\/2025\/03\/Networking-students.jpg 1000w, https:\/\/www.internetsociety.org\/wp-content\/uploads\/2025\/03\/Networking-students-450x300.jpg 450w, https:\/\/www.internetsociety.org\/wp-content\/uploads\/2025\/03\/Networking-students-768x512.jpg 768w, https:\/\/www.internetsociety.org\/wp-content\/uploads\/2025\/03\/Networking-students-250x167.jpg 250w\" sizes=\"auto, (max-width: 1000px) 100vw, 1000px\" \/><\/figure>\n<\/div>\n<\/div><\/section>\n\n\n\n<section class=\"wp-block-uagb-columns uagb-columns__wrap uagb-columns__background-none uagb-columns__stack-tablet uagb-columns__valign-top uagb-columns__gap-10 align uagb-columns__reverse-tablet uagb-block-c3e69639 uagb-columns__columns-2 uagb-columns__max_width-theme\"><div class=\"uagb-columns__overlay\"><\/div><div class=\"uagb-columns__inner-wrap uagb-columns__columns-2\">\n<div class=\"wp-block-uagb-column uagb-column__wrap uagb-column__background-color uagb-block-6bed580a\"><div class=\"uagb-column__overlay\"><\/div>\n<p class=\"has-18-font-size\">Promovemos la alfabetizaci\u00f3n digital, fomentamos las colaboraciones comunitarias y abogamos por pol\u00edticas m\u00e1s s\u00f3lidas para garantizar que <a href=\"https:\/\/www.internetsociety.org\/es\/our-work\/supporting-a-secure-and-trustworthy-internet\/\">Internet siga siendo un espacio seguro y confiable para todas las personas.<\/a><\/p>\n\n\n\n<div style=\"height:30px\" aria-hidden=\"true\" class=\"wp-block-spacer uag-hide-tab uag-hide-mob\"><\/div>\n\n\n\n<div style=\"height:30px\" aria-hidden=\"true\" class=\"wp-block-spacer uag-hide-desktop\"><\/div>\n\n\n\n<div class=\"wp-block-uagb-blockquote uagb-block-a3a4a376 uagb-blockquote__skin-quotation uagb-blockquote__align-left uagb-blockquote__style-style_2 uagb-blockquote__stack-img-mobile\"><blockquote class=\"uagb-blockquote\"><span class=\"uagb-blockquote__icon\"><svg width=\"20\" height=\"20\" viewBox=\"0 0 32 32\"><path d=\"M7.031 14c3.866 0 7 3.134 7 7s-3.134 7-7 7-7-3.134-7-7l-0.031-1c0-7.732 6.268-14 14-14v4c-2.671 0-5.182 1.040-7.071 2.929-0.364 0.364-0.695 0.751-0.995 1.157 0.357-0.056 0.724-0.086 1.097-0.086zM25.031 14c3.866 0 7 3.134 7 7s-3.134 7-7 7-7-3.134-7-7l-0.031-1c0-7.732 6.268-14 14-14v4c-2.671 0-5.182 1.040-7.071 2.929-0.364 0.364-0.695 0.751-0.995 1.157 0.358-0.056 0.724-0.086 1.097-0.086z\"><\/path><\/svg><\/span><div class=\"uagb-blockquote__content\">En realidad, estamos preparando una generaci\u00f3n que dir\u00e1: \u00abEste espacio nos pertenece. Esta es mi Internet\u00bb.\u00bb<\/div><footer><div class=\"uagb-blockquote__author-wrap uagb-blockquote__author-at-right\"><cite class=\"uagb-blockquote__author\">Nighat Dad, fundadora y directora ejecutiva de la Digital Rights Foundation<\/cite><\/div><\/footer><\/blockquote><\/div>\n<\/div>\n\n\n\n<div class=\"wp-block-uagb-column uagb-column__wrap uagb-column__background-color uagb-block-ab934cd9\"><div class=\"uagb-column__overlay\"><\/div>\n<figure class=\"wp-block-image size-full is-resized\"><img loading=\"lazy\" decoding=\"async\" width=\"1000\" height=\"667\" src=\"https:\/\/www.internetsociety.org\/wp-content\/uploads\/2025\/04\/NDSS-2025-participants.jpg\" alt=\"people engaged into conversation\" class=\"wp-image-222986\" style=\"aspect-ratio:16\/9;object-fit:cover;width:550px\" srcset=\"https:\/\/www.internetsociety.org\/wp-content\/uploads\/2025\/04\/NDSS-2025-participants.jpg 1000w, https:\/\/www.internetsociety.org\/wp-content\/uploads\/2025\/04\/NDSS-2025-participants-450x300.jpg 450w, https:\/\/www.internetsociety.org\/wp-content\/uploads\/2025\/04\/NDSS-2025-participants-768x512.jpg 768w, https:\/\/www.internetsociety.org\/wp-content\/uploads\/2025\/04\/NDSS-2025-participants-250x167.jpg 250w\" sizes=\"auto, (max-width: 1000px) 100vw, 1000px\" \/><\/figure>\n<\/div>\n<\/div><\/section>\n\n\n\n<section class=\"wp-block-uagb-columns uagb-columns__wrap uagb-columns__background-image uagb-columns__stack-mobile uagb-columns__valign- uagb-columns__gap-10 align uagb-block-d53d1486 uagb-columns__columns-1 uagb-columns__max_width-theme background-image-fallback-black uag-hide-mob\"><div class=\"uagb-columns__overlay\"><\/div><div class=\"uagb-columns__inner-wrap uagb-columns__columns-1\">\n<div class=\"wp-block-uagb-column uagb-column__wrap uagb-column__background-color uagb-block-e5f1ee51\"><div class=\"uagb-column__overlay\"><\/div>\n<h3 class=\"wp-block-heading has-neutral-white-color has-text-color has-32-font-size\"><strong>Ay\u00fadenos a llegar a m\u00e1s comunidades.<\/strong><\/h3>\n\n\n\n<div style=\"height:30px\" aria-hidden=\"true\" class=\"wp-block-spacer\"><\/div>\n\n\n\n<p class=\"has-neutral-white-color has-text-color has-18-font-size\">Done ahora y apoye los esfuerzos para construir, proteger y promover una Internet inclusiva y confiable para todos.<\/p>\n\n\n\n<div style=\"height:20px\" aria-hidden=\"true\" class=\"wp-block-spacer\"><\/div>\n\n\n\n<div class=\"wp-block-buttons is-vertical is-layout-flex wp-container-core-buttons-is-layout-8cf370e7 wp-block-buttons-is-layout-flex\">\n<div class=\"wp-block-button hover-background-transparent hover-border-white is-style-fill\"><a class=\"wp-block-button__link has-ground-navy-color has-accent-yellow-background-color has-text-color has-background wp-element-button\" href=\"https:\/\/www.internetsociety.org\/es\/donate\/\"><strong>Dona<\/strong><\/a><\/div>\n<\/div>\n<\/div>\n<\/div><\/section>\n\n\n\n<section class=\"wp-block-uagb-columns uagb-columns__wrap uagb-columns__background-color uagb-columns__stack-tablet uagb-columns__valign-top uagb-columns__gap-10 align uagb-block-09b50100 uagb-columns__columns-1 uagb-columns__max_width-theme uag-hide-desktop uag-hide-tab\"><div class=\"uagb-columns__overlay\"><\/div><div class=\"uagb-columns__inner-wrap uagb-columns__columns-1\">\n<div class=\"wp-block-uagb-column uagb-column__wrap uagb-column__background-color uagb-block-187c2f04 animated fadeIn slow\"><div class=\"uagb-column__overlay\"><\/div>\n<figure class=\"wp-block-image size-full uag-hide-desktop\"><img loading=\"lazy\" decoding=\"async\" width=\"1400\" height=\"798\" src=\"https:\/\/www.internetsociety.org\/wp-content\/uploads\/2025\/04\/WaimanaloPortraits21-1-e1744821968570.jpg\" alt=\"A man stands in front of a lush jungle waterfall, surrounded by greenery\" class=\"wp-image-222751\" srcset=\"https:\/\/www.internetsociety.org\/wp-content\/uploads\/2025\/04\/WaimanaloPortraits21-1-e1744821968570.jpg 1400w, https:\/\/www.internetsociety.org\/wp-content\/uploads\/2025\/04\/WaimanaloPortraits21-1-e1744821968570-450x257.jpg 450w, https:\/\/www.internetsociety.org\/wp-content\/uploads\/2025\/04\/WaimanaloPortraits21-1-e1744821968570-1024x584.jpg 1024w, https:\/\/www.internetsociety.org\/wp-content\/uploads\/2025\/04\/WaimanaloPortraits21-1-e1744821968570-768x438.jpg 768w, https:\/\/www.internetsociety.org\/wp-content\/uploads\/2025\/04\/WaimanaloPortraits21-1-e1744821968570-250x143.jpg 250w\" sizes=\"auto, (max-width: 1400px) 100vw, 1400px\" \/><\/figure>\n\n\n\n<div style=\"height:30px\" aria-hidden=\"true\" class=\"wp-block-spacer\"><\/div>\n\n\n\n<h3 class=\"wp-block-heading\">Ay\u00fadenos a llegar a m\u00e1s comunidades.<\/h3>\n\n\n\n<div style=\"height:30px\" aria-hidden=\"true\" class=\"wp-block-spacer\"><\/div>\n\n\n\n<p class=\"has-18-font-size\">Done ahora y apoye los esfuerzos para construir, proteger y promover una Internet inclusiva y confiable para todos.<\/p>\n\n\n\n<div style=\"height:10px\" aria-hidden=\"true\" class=\"wp-block-spacer\"><\/div>\n\n\n\n<div class=\"wp-block-buttons is-vertical is-layout-flex wp-container-core-buttons-is-layout-8cf370e7 wp-block-buttons-is-layout-flex\">\n<div class=\"wp-block-button hover-background-transparent hover-border-white is-style-fill\"><a class=\"wp-block-button__link has-ground-navy-color has-accent-yellow-background-color has-text-color has-background wp-element-button\" href=\"https:\/\/www.internetsociety.org\/es\/donate\/\"><strong>Dona<\/strong><\/a><\/div>\n<\/div>\n<\/div>\n<\/div><\/section>\n\n\n\n<p class=\"has-text-align-center has-neutral-white-color has-ground-navy-background-color has-text-color has-background has-12-font-size\">Derechos de autor:<br>\u00a9Jos\u00e9 Elizeche, \u00a9 Internet Society, \u00a9 Wes Hardaker, \u00a9 Elyse Butler<\/p>\n","protected":false},"excerpt":{"rendered":"<p>C\u00f3mo Internet Society trabaja para cerrar la brecha digital y reconstruir la confianza en la Internet global. Para todas las personas.<\/p>\n","protected":false},"author":46,"featured_media":222789,"parent":0,"menu_order":0,"comment_status":"closed","ping_status":"closed","template":"page-wide.php","meta":{"_acf_changed":false,"_uag_custom_page_level_css":"","footnotes":""},"categories":[99,119],"tags":[],"region_news_regions":[],"content_category":[],"ppma_author":[4057],"class_list":["post-47380","page","type-page","status-publish","has-post-thumbnail","hentry","category-about-internet-society","category-quienes-somos"],"acf":[],"uagb_featured_image_src":{"full":["https:\/\/www.internetsociety.org\/wp-content\/uploads\/2025\/04\/P1104828-2-1.jpg",1500,728,false],"thumbnail":["https:\/\/www.internetsociety.org\/wp-content\/uploads\/2025\/04\/P1104828-2-1-150x150.jpg",150,150,true],"medium":["https:\/\/www.internetsociety.org\/wp-content\/uploads\/2025\/04\/P1104828-2-1-450x218.jpg",450,218,true],"medium_large":["https:\/\/www.internetsociety.org\/wp-content\/uploads\/2025\/04\/P1104828-2-1-768x373.jpg",768,373,true],"large":["https:\/\/www.internetsociety.org\/wp-content\/uploads\/2025\/04\/P1104828-2-1-1024x497.jpg",1024,497,true],"1536x1536":["https:\/\/www.internetsociety.org\/wp-content\/uploads\/2025\/04\/P1104828-2-1.jpg",1500,728,false],"2048x2048":["https:\/\/www.internetsociety.org\/wp-content\/uploads\/2025\/04\/P1104828-2-1.jpg",1500,728,false],"post-thumbnail":["https:\/\/www.internetsociety.org\/wp-content\/uploads\/2025\/04\/P1104828-2-1-250x121.jpg",250,121,true],"square":["https:\/\/www.internetsociety.org\/wp-content\/uploads\/2025\/04\/P1104828-2-1-600x600.jpg",600,600,true],"gform-image-choice-sm":["https:\/\/www.internetsociety.org\/wp-content\/uploads\/2025\/04\/P1104828-2-1.jpg",300,146,false],"gform-image-choice-md":["https:\/\/www.internetsociety.org\/wp-content\/uploads\/2025\/04\/P1104828-2-1.jpg",400,194,false],"gform-image-choice-lg":["https:\/\/www.internetsociety.org\/wp-content\/uploads\/2025\/04\/P1104828-2-1.jpg",600,291,false]},"uagb_author_info":{"display_name":"Ivana Trbovic","author_link":"https:\/\/www.internetsociety.org\/es\/author\/trbovic\/"},"uagb_comment_info":0,"uagb_excerpt":"C\u00f3mo Internet Society trabaja para cerrar la brecha digital y reconstruir la confianza en la Internet global. Para todas las personas.","_links":{"self":[{"href":"https:\/\/www.internetsociety.org\/es\/wp-json\/wp\/v2\/pages\/47380","targetHints":{"allow":["GET"]}}],"collection":[{"href":"https:\/\/www.internetsociety.org\/es\/wp-json\/wp\/v2\/pages"}],"about":[{"href":"https:\/\/www.internetsociety.org\/es\/wp-json\/wp\/v2\/types\/page"}],"author":[{"embeddable":true,"href":"https:\/\/www.internetsociety.org\/es\/wp-json\/wp\/v2\/users\/46"}],"replies":[{"embeddable":true,"href":"https:\/\/www.internetsociety.org\/es\/wp-json\/wp\/v2\/comments?post=47380"}],"version-history":[{"count":0,"href":"https:\/\/www.internetsociety.org\/es\/wp-json\/wp\/v2\/pages\/47380\/revisions"}],"wp:featuredmedia":[{"embeddable":true,"href":"https:\/\/www.internetsociety.org\/es\/wp-json\/wp\/v2\/media\/222789"}],"wp:attachment":[{"href":"https:\/\/www.internetsociety.org\/es\/wp-json\/wp\/v2\/media?parent=47380"}],"wp:term":[{"taxonomy":"category","embeddable":true,"href":"https:\/\/www.internetsociety.org\/es\/wp-json\/wp\/v2\/categories?post=47380"},{"taxonomy":"post_tag","embeddable":true,"href":"https:\/\/www.internetsociety.org\/es\/wp-json\/wp\/v2\/tags?post=47380"},{"taxonomy":"region_news_regions","embeddable":true,"href":"https:\/\/www.internetsociety.org\/es\/wp-json\/wp\/v2\/region_news_regions?post=47380"},{"taxonomy":"content_category","embeddable":true,"href":"https:\/\/www.internetsociety.org\/es\/wp-json\/wp\/v2\/content_category?post=47380"},{"taxonomy":"author","embeddable":true,"href":"https:\/\/www.internetsociety.org\/es\/wp-json\/wp\/v2\/ppma_author?post=47380"}],"curies":[{"name":"wp","href":"https:\/\/api.w.org\/{rel}","templated":true}]}}