{"id":248125,"date":"2026-04-30T09:52:16","date_gmt":"2026-04-30T09:52:16","guid":{"rendered":"https:\/\/www.internetsociety.org\/?page_id=248125"},"modified":"2026-04-30T09:56:19","modified_gmt":"2026-04-30T09:56:19","slug":"introduccion-a-la-confianza-y-seguridad-en-linea","status":"publish","type":"page","link":"https:\/\/www.internetsociety.org\/es\/learning\/online-trust-and-safety\/","title":{"rendered":"Introducci\u00f3n a la confianza y seguridad en l\u00ednea"},"content":{"rendered":"\n<section class=\"wp-block-uagb-columns uagb-columns__wrap uagb-columns__background-image uagb-columns__stack-tablet uagb-columns__valign-center uagb-columns__gap-10 align uagb-block-c7ee66c6 uagb-columns__columns-1 uagb-columns__max_width-theme background-image-fallback-black\"><div class=\"uagb-columns__overlay\"><\/div><div class=\"uagb-columns__inner-wrap uagb-columns__columns-1\">\n<div class=\"wp-block-uagb-column uagb-column__wrap uagb-column__background-undefined uagb-block-96875791\"><div class=\"uagb-column__overlay\"><\/div>\n<p class=\"has-neutral-white-color has-text-color has-18-font-size\"><a href=\"https:\/\/www.internetsociety.org\/es\/learning\/\">Learning<\/a> &gt; Introducci\u00f3n a la confianza y seguridad en l\u00ednea&nbsp;<\/p>\n\n\n\n<div style=\"height:30px\" aria-hidden=\"true\" class=\"wp-block-spacer\"><\/div>\n\n\n\n<h1 class=\"wp-block-heading has-neutral-white-color has-text-color\">Introducci\u00f3n a la confianza y seguridad en l\u00ednea&nbsp;<\/h1>\n<\/div>\n<\/div><\/section>\n\n\n\n<section class=\"wp-block-uagb-columns uagb-columns__wrap uagb-columns__background-none uagb-columns__stack-tablet uagb-columns__valign- uagb-columns__gap-5 align uagb-columns__reverse-tablet uagb-block-b8c43796 uagb-columns__columns-2 uagb-columns__max_width-theme\"><div class=\"uagb-columns__overlay\"><\/div><div class=\"uagb-columns__inner-wrap uagb-columns__columns-2\">\n<div class=\"wp-block-uagb-column uagb-column__wrap uagb-column__background-undefined uagb-block-5aff12c7\"><div class=\"uagb-column__overlay\"><\/div>\n<h2 class=\"wp-block-heading has-48-font-size\" id=\"what-is-the-digital-footprints-course\">\u00bfQu\u00e9 es el curso&nbsp;Introducci\u00f3n a la confianza y seguridad en l\u00ednea?<\/h2>\n\n\n\n<div style=\"height:20px\" aria-hidden=\"true\" class=\"wp-block-spacer\"><\/div>\n\n\n\n<p>El curso Introducci\u00f3n a la confianza y seguridad en l\u00ednea ayuda a las personas a comprender los principios fundamentales para desenvolverse de manera segura en Internet. A trav\u00e9s de nueve videos breves que pueden ver a su propio ritmo, los participantes adquieren los conocimientos pr\u00e1cticos necesarios para proteger sus datos personales, asegurar sus cuentas y dispositivos, reconocer las estafas y la informaci\u00f3n err\u00f3nea, y navegar de forma segura. El curso destaca pasos sencillos y pr\u00e1cticos que pueden aplicarse de inmediato para fortalecer los h\u00e1bitos en l\u00ednea y reducir los riesgos digitales cotidianos.&nbsp;<\/p>\n\n\n\n<div style=\"height:30px\" aria-hidden=\"true\" class=\"wp-block-spacer\"><\/div>\n\n\n\n<h3 class=\"wp-block-heading\" id=\"what-are-the-course-objectives\">\u00bfCu\u00e1les son los objetivos del curso?<\/h3>\n\n\n\n<div style=\"height:20px\" aria-hidden=\"true\" class=\"wp-block-spacer\"><\/div>\n\n\n\n<ul class=\"wp-block-list\">\n<li>Identificar y evitar estafas en l\u00ednea e intentos de phishing comunes.<\/li>\n\n\n\n<li>Reforzar la seguridad de las cuentas y los dispositivos mediante el uso de contrase\u00f1as seguras, la actualizaci\u00f3n del software y la habilitaci\u00f3n de la autenticaci\u00f3n de dos factores.<\/li>\n\n\n\n<li>Gestionar la configuraci\u00f3n de privacidad en las redes sociales y aplicaciones de mensajer\u00eda.<\/li>\n\n\n\n<li>Evaluar la confiabilidad de los sitios web y las aplicaciones m\u00f3viles.<\/li>\n\n\n\n<li>Reconocer la informaci\u00f3n err\u00f3nea y verificar los contenidos antes de compartirlos.<\/li>\n\n\n\n<li>Saber c\u00f3mo actuar despu\u00e9s de hacer clic o descargar contenido sospechoso.<\/li>\n\n\n\n<li>Adoptar h\u00e1bitos de navegaci\u00f3n segura, como el uso de HTTPS y una VPN.<\/li>\n<\/ul>\n\n\n\n<div style=\"height:30px\" aria-hidden=\"true\" class=\"wp-block-spacer\"><\/div>\n\n\n\n<h3 class=\"wp-block-heading\">\u00bfCu\u00e1les son los resultados esperados de este curso?<\/h3>\n\n\n\n<div style=\"height:20px\" aria-hidden=\"true\" class=\"wp-block-spacer\"><\/div>\n\n\n\n<ul class=\"wp-block-list\">\n<li>Los participantes que completen este curso desarrollar\u00e1n conocimientos y habilidades pr\u00e1cticas para mejorar su confianza y seguridad en l\u00ednea.<\/li>\n\n\n\n<li>Aprender\u00e1n a reconocer estafas comunes y contenido enga\u00f1oso, a proteger sus cuentas, dispositivos e informaci\u00f3n personal, y a tomar decisiones informadas sobre las aplicaciones y sitios web que utilizan.<\/li>\n\n\n\n<li>El curso les proporciona h\u00e1bitos sencillos y pr\u00e1cticos que reducen el riesgo de sufrir da\u00f1os en l\u00ednea. Al finalizar, tambi\u00e9n podr\u00e1n aplicar estas habilidades en su vida diaria y ayudar a otros en sus comunidades a mantenerse seguros en internet.<\/li>\n<\/ul>\n\n\n\n<div style=\"height:20px\" aria-hidden=\"true\" class=\"wp-block-spacer\"><\/div>\n\n\n\n<h3 class=\"wp-block-heading\" id=\"who-should-attend-this-course\">\u00bfQui\u00e9n debe asistir a este curso?<\/h3>\n\n\n\n<div style=\"height:20px\" aria-hidden=\"true\" class=\"wp-block-spacer\"><\/div>\n\n\n\n<p>Este curso no tiene prerrequisitos.<\/p>\n\n\n\n<p>Debe asistir a este curso si:<\/p>\n\n\n\n<ul class=\"wp-block-list\">\n<li>Quienes deseen comprender y adoptar las mejores pr\u00e1cticas en materia de confianza y seguridad en l\u00ednea.<\/li>\n\n\n\n<li>Quienes se hayan conectado a Internet recientemente y deseen desarrollar habilidades de seguridad digital.<\/li>\n\n\n\n<li>Quienes deseen fortalecer sus pr\u00e1cticas de confianza y seguridad en l\u00ednea, ya sea a nivel personal o profesional.&nbsp;<\/li>\n<\/ul>\n\n\n\n<div style=\"height:30px\" aria-hidden=\"true\" class=\"wp-block-spacer\"><\/div>\n\n\n\n<h3 class=\"wp-block-heading\" id=\"how-do-i-enroll-in-a-course\">\u00bfC\u00f3mo me inscribo a un curso?<\/h3>\n\n\n\n<div style=\"height:20px\" aria-hidden=\"true\" class=\"wp-block-spacer\"><\/div>\n\n\n<div class=\"wp-block-uagb-faq uagb-faq__outer-wrap uagb-block-a5c11524 uagb-faq-icon-row-reverse uagb-faq-layout-accordion uagb-faq-expand-first-false uagb-faq-inactive-other-true uagb-faq__wrap uagb-buttons-layout-wrap uagb-faq-equal-height     \" data-faqtoggle=\"true\" role=\"tablist\"><div class=\"wp-block-uagb-faq-child uagb-faq-child__outer-wrap uagb-faq-item uagb-block-081a7e83 \" role=\"tab\" tabindex=\"0\"><div class=\"uagb-faq-questions-button uagb-faq-questions\">\t\t\t<span class=\"uagb-icon uagb-faq-icon-wrap\">\n\t\t\t\t\t\t\t\t<svg xmlns=\"https:\/\/www.w3.org\/2000\/svg\" viewBox= \"0 0 448 512\"><path d=\"M432 256c0 17.69-14.33 32.01-32 32.01H256v144c0 17.69-14.33 31.99-32 31.99s-32-14.3-32-31.99v-144H48c-17.67 0-32-14.32-32-32.01s14.33-31.99 32-31.99H192v-144c0-17.69 14.33-32.01 32-32.01s32 14.32 32 32.01v144h144C417.7 224 432 238.3 432 256z\"><\/path><\/svg>\n\t\t\t\t\t\t\t<\/span>\n\t\t\t\t\t\t<span class=\"uagb-icon-active uagb-faq-icon-wrap\">\n\t\t\t\t\t\t\t\t<svg xmlns=\"https:\/\/www.w3.org\/2000\/svg\" viewBox= \"0 0 448 512\"><path d=\"M400 288h-352c-17.69 0-32-14.32-32-32.01s14.31-31.99 32-31.99h352c17.69 0 32 14.3 32 31.99S417.7 288 400 288z\"><\/path><\/svg>\n\t\t\t\t\t\t\t<\/span>\n\t\t\t<h3 class=\"uagb-question\">\u00bfC\u00f3mo accedo a la plataforma de aprendizaje como miembro de Internet Society?<\/h3><\/div><div class=\"uagb-faq-content\"><p>Como miembro de Internet Society, puede iniciar sesi\u00f3n en <a href=\"https:\/\/learning.internetsociety.org\/\">learning.internetsociety.org<\/a> con sus credenciales de inicio de sesi\u00f3n de miembro. No es necesario crear una cuenta nueva. Si no recuerda su informaci\u00f3n de inicio de sesi\u00f3n, seleccione <strong>\u00bfOlvid\u00f3 su informaci\u00f3n de inicio de sesi\u00f3n?<\/strong> para recibir su nombre de usuario por correo electr\u00f3nico y recibir un enlace para restablecer su contrase\u00f1a. Una vez que haya iniciado sesi\u00f3n, podr\u00e1 ver el cat\u00e1logo de cursos y seleccionar el curso en el que desea inscribirse.<\/p><\/div><\/div><div class=\"wp-block-uagb-faq-child uagb-faq-child__outer-wrap uagb-faq-item uagb-block-a2b6f744 \" role=\"tab\" tabindex=\"0\"><div class=\"uagb-faq-questions-button uagb-faq-questions\">\t\t\t<span class=\"uagb-icon uagb-faq-icon-wrap\">\n\t\t\t\t\t\t\t\t<svg xmlns=\"https:\/\/www.w3.org\/2000\/svg\" viewBox= \"0 0 448 512\"><path d=\"M432 256c0 17.69-14.33 32.01-32 32.01H256v144c0 17.69-14.33 31.99-32 31.99s-32-14.3-32-31.99v-144H48c-17.67 0-32-14.32-32-32.01s14.33-31.99 32-31.99H192v-144c0-17.69 14.33-32.01 32-32.01s32 14.32 32 32.01v144h144C417.7 224 432 238.3 432 256z\"><\/path><\/svg>\n\t\t\t\t\t\t\t<\/span>\n\t\t\t\t\t\t<span class=\"uagb-icon-active uagb-faq-icon-wrap\">\n\t\t\t\t\t\t\t\t<svg xmlns=\"https:\/\/www.w3.org\/2000\/svg\" viewBox= \"0 0 448 512\"><path d=\"M400 288h-352c-17.69 0-32-14.32-32-32.01s14.31-31.99 32-31.99h352c17.69 0 32 14.3 32 31.99S417.7 288 400 288z\"><\/path><\/svg>\n\t\t\t\t\t\t\t<\/span>\n\t\t\t<h3 class=\"uagb-question\">\u00bfC\u00f3mo accedo a la plataforma de aprendizaje si no soy miembro?<\/h3><\/div><div class=\"uagb-faq-content\"><p>Tanto los invitados como los miembros de Internet Society pueden acceder a la plataforma de aprendizaje. Para registrarse bajo cualquiera de estas premisas, haga clic en <strong>Registrarse<\/strong> en el cuadro de inicio de sesi\u00f3n en <a href=\"https:\/\/learning.internetsociety.org\/\">learning.internetsociety.org<\/a>. A continuaci\u00f3n, reg\u00edstrese como miembro o haga clic en el <strong>formulario de registro de invitado<\/strong> para registrarse como invitado. Una vez que cree una cuenta, puede usar las credenciales que cre\u00f3 (nombre de usuario y contrase\u00f1a) para iniciar sesi\u00f3n en <a href=\"https:\/\/learning.internetsociety.org\/\">learning.internetsociety.org<\/a>. Despu\u00e9s de haber iniciado sesi\u00f3n, podr\u00e1 ver el cat\u00e1logo de cursos e inscribirse en ellos.<\/p><\/div><\/div><div class=\"wp-block-uagb-faq-child uagb-faq-child__outer-wrap uagb-faq-item uagb-block-220559bd \" role=\"tab\" tabindex=\"0\"><div class=\"uagb-faq-questions-button uagb-faq-questions\">\t\t\t<span class=\"uagb-icon uagb-faq-icon-wrap\">\n\t\t\t\t\t\t\t\t<svg xmlns=\"https:\/\/www.w3.org\/2000\/svg\" viewBox= \"0 0 448 512\"><path d=\"M432 256c0 17.69-14.33 32.01-32 32.01H256v144c0 17.69-14.33 31.99-32 31.99s-32-14.3-32-31.99v-144H48c-17.67 0-32-14.32-32-32.01s14.33-31.99 32-31.99H192v-144c0-17.69 14.33-32.01 32-32.01s32 14.32 32 32.01v144h144C417.7 224 432 238.3 432 256z\"><\/path><\/svg>\n\t\t\t\t\t\t\t<\/span>\n\t\t\t\t\t\t<span class=\"uagb-icon-active uagb-faq-icon-wrap\">\n\t\t\t\t\t\t\t\t<svg xmlns=\"https:\/\/www.w3.org\/2000\/svg\" viewBox= \"0 0 448 512\"><path d=\"M400 288h-352c-17.69 0-32-14.32-32-32.01s14.31-31.99 32-31.99h352c17.69 0 32 14.3 32 31.99S417.7 288 400 288z\"><\/path><\/svg>\n\t\t\t\t\t\t\t<\/span>\n\t\t\t<h3 class=\"uagb-question\">\u00bfC\u00f3mo me inscribo a un curso?<\/h3><\/div><div class=\"uagb-faq-content\"><p>Explore los cursos disponibles en el cat\u00e1logo de cursos o use la barra de b\u00fasqueda para encontrar el curso en el que le gustar\u00eda inscribirse. En la p\u00e1gina de cada curso, haga clic en el bot\u00f3n \u00abInscribirse\u00bb, en la esquina superior derecha de la p\u00e1gina para ser agregado inmediatamente a un curso. Una vez que se haya inscrito correctamente, podr\u00e1 ver el curso en \u00abMis cursos y planes de aprendizaje\u00bb. Tambi\u00e9n podr\u00e1 ver informaci\u00f3n sobre la persona instructora del curso, los foros del curso y acceder a los m\u00f3dulos que est\u00e9n disponibles. Si el curso a\u00fan no ha comenzado, no ver\u00e1 ning\u00fan m\u00f3dulo hasta el d\u00eda en que comience.<\/p><\/div><\/div><div class=\"wp-block-uagb-faq-child uagb-faq-child__outer-wrap uagb-faq-item uagb-block-f9f37445 \" role=\"tab\" tabindex=\"0\"><div class=\"uagb-faq-questions-button uagb-faq-questions\">\t\t\t<span class=\"uagb-icon uagb-faq-icon-wrap\">\n\t\t\t\t\t\t\t\t<svg xmlns=\"https:\/\/www.w3.org\/2000\/svg\" viewBox= \"0 0 448 512\"><path d=\"M432 256c0 17.69-14.33 32.01-32 32.01H256v144c0 17.69-14.33 31.99-32 31.99s-32-14.3-32-31.99v-144H48c-17.67 0-32-14.32-32-32.01s14.33-31.99 32-31.99H192v-144c0-17.69 14.33-32.01 32-32.01s32 14.32 32 32.01v144h144C417.7 224 432 238.3 432 256z\"><\/path><\/svg>\n\t\t\t\t\t\t\t<\/span>\n\t\t\t\t\t\t<span class=\"uagb-icon-active uagb-faq-icon-wrap\">\n\t\t\t\t\t\t\t\t<svg xmlns=\"https:\/\/www.w3.org\/2000\/svg\" viewBox= \"0 0 448 512\"><path d=\"M400 288h-352c-17.69 0-32-14.32-32-32.01s14.31-31.99 32-31.99h352c17.69 0 32 14.3 32 31.99S417.7 288 400 288z\"><\/path><\/svg>\n\t\t\t\t\t\t\t<\/span>\n\t\t\t<h3 class=\"uagb-question\">\u00bfC\u00f3mo me uno a la lista de espera de un curso?<\/h3><\/div><div class=\"uagb-faq-content\"><p>Si se encuentra en la p\u00e1gina de un curso y el bot\u00f3n en la esquina superior derecha de la p\u00e1gina dice \u00abInscribirse (lista de espera)\u00bb, esto significa que el curso ha alcanzado el n\u00famero m\u00e1ximo de participantes que pueden inscribirse. Puede hacer clic en el bot\u00f3n para unirse a la lista de espera del curso y se le notificar\u00e1 si hay un lugar disponible.<\/p><\/div><\/div><div class=\"wp-block-uagb-faq-child uagb-faq-child__outer-wrap uagb-faq-item uagb-block-a4b15fc3 \" role=\"tab\" tabindex=\"0\"><div class=\"uagb-faq-questions-button uagb-faq-questions\">\t\t\t<span class=\"uagb-icon uagb-faq-icon-wrap\">\n\t\t\t\t\t\t\t\t<svg xmlns=\"https:\/\/www.w3.org\/2000\/svg\" viewBox= \"0 0 448 512\"><path d=\"M432 256c0 17.69-14.33 32.01-32 32.01H256v144c0 17.69-14.33 31.99-32 31.99s-32-14.3-32-31.99v-144H48c-17.67 0-32-14.32-32-32.01s14.33-31.99 32-31.99H192v-144c0-17.69 14.33-32.01 32-32.01s32 14.32 32 32.01v144h144C417.7 224 432 238.3 432 256z\"><\/path><\/svg>\n\t\t\t\t\t\t\t<\/span>\n\t\t\t\t\t\t<span class=\"uagb-icon-active uagb-faq-icon-wrap\">\n\t\t\t\t\t\t\t\t<svg xmlns=\"https:\/\/www.w3.org\/2000\/svg\" viewBox= \"0 0 448 512\"><path d=\"M400 288h-352c-17.69 0-32-14.32-32-32.01s14.31-31.99 32-31.99h352c17.69 0 32 14.3 32 31.99S417.7 288 400 288z\"><\/path><\/svg>\n\t\t\t\t\t\t\t<\/span>\n\t\t\t<h3 class=\"uagb-question\">\u00bfC\u00f3mo selecciono el formato de curso correcto?<\/h3><\/div><div class=\"uagb-faq-content\"><p>Al navegar por el cat\u00e1logo de cursos, ver\u00e1 varias versiones del mismo curso disponibles. Todos los cursos est\u00e1n disponibles en ingl\u00e9s, franc\u00e9s y espa\u00f1ol, as\u00ed que primero seleccione el idioma adecuado para usted. Puede hacerlo en el cat\u00e1logo de cursos seleccionando el idioma de su elecci\u00f3n en el filtro de la izquierda, o eligiendo el curso que denota el idioma correcto (EN = ingl\u00e9s, FR = franc\u00e9s, ES = espa\u00f1ol).<br><br>Tambi\u00e9n tiene la opci\u00f3n de elegir el formato que mejor se adapte a su tipo de conexi\u00f3n. Todos los cursos tienen 3 opciones de formato: ancho de banda alto, ancho de banda bajo y basado en texto para todas las conexiones. En el cat\u00e1logo de cursos, puede filtrar por opci\u00f3n de ancho de banda en el filtro de la izquierda, o seleccionar la pesta\u00f1a \u00abInformaci\u00f3n adicional\u00bb al ver un curso para ver qu\u00e9 conexi\u00f3n de ancho de banda ha seleccionado.<br><br>Si tiene alguna pregunta sobre qu\u00e9 versi\u00f3n es mejor para usted, no dude en comunicarse con nosotros en <a href=\"mailto:learning@isoc.org\">learning@isoc.org<\/a> para obtener ayuda.<\/p><\/div><\/div><\/div>\n\n\n<div style=\"height:10px\" aria-hidden=\"true\" class=\"wp-block-spacer\"><\/div>\n\n\n\n\n<div class=\"wp-block-buttons is-vertical is-content-justification-left is-layout-flex wp-container-core-buttons-is-layout-c0ca7d81 wp-block-buttons-is-layout-flex\">\n<div class=\"wp-block-button\"><a class=\"wp-block-button__link has-depth-teal-background-color has-background wp-element-button\" href=\"https:\/\/learning.internetsociety.org\/learn\/learning-plans\/1880\/online-trust-and-safety-english-spanish-and-french?generated_by=40132&amp;hash=42dfd1ee1ed25798b4c8f1b509842166a0e9cd49\">Reg\u00edstrese ahora<\/a><\/div>\n<\/div>\n\n<\/div>\n\n\n\n<div class=\"wp-block-uagb-column uagb-column__wrap uagb-column__background-none uagb-block-ddcb1410\"><div class=\"uagb-column__overlay\"><\/div>\n<div class=\"wp-block-cover is-light\" style=\"min-height:200px;aspect-ratio:unset;\"><span aria-hidden=\"true\" class=\"wp-block-cover__background has-neutral-white-background-color has-background-dim-100 has-background-dim\"><\/span><div class=\"wp-block-cover__inner-container is-layout-flow wp-block-cover-is-layout-flow\">\n<p class=\"has-text-align-center\">Tutorial a su propio ritmo<\/p>\n\n\n\n<p class=\"has-text-align-center\">Duraci\u00f3n:<br><br>aproximadamente 35 minutos<\/p>\n\n\n\n<p class=\"has-text-align-center\">Disponible en ingl\u00e9s, franc\u00e9s, portugu\u00e9s e espa\u00f1ol.<\/p>\n\n\n\n<p class=\"has-text-align-center\">Ofrecido en l\u00ednea todo el a\u00f1o<\/p>\n\n\n\n\n<div class=\"wp-block-buttons is-vertical is-content-justification-center is-layout-flex wp-container-core-buttons-is-layout-4b2eccd6 wp-block-buttons-is-layout-flex\">\n<div class=\"wp-block-button\"><a class=\"wp-block-button__link has-depth-teal-background-color has-background wp-element-button\" href=\"https:\/\/learning.internetsociety.org\/learn\/learning-plans\/1880\/online-trust-and-safety-english-spanish-and-french?generated_by=40132&amp;hash=42dfd1ee1ed25798b4c8f1b509842166a0e9cd49\">Reg\u00edstrese ahora<\/a><\/div>\n<\/div>\n\n<\/div><\/div>\n<\/div>\n<\/div><\/section>\n","protected":false},"excerpt":{"rendered":"<p>El curso Introducci\u00f3n a la confianza y seguridad en l\u00ednea ayuda a las personas a comprender los principios fundamentales para desenvolverse de manera segura en Internet.<\/p>\n","protected":false},"author":1969,"featured_media":187773,"parent":134928,"menu_order":0,"comment_status":"closed","ping_status":"closed","template":"page-wide.php","meta":{"_acf_changed":false,"_uag_custom_page_level_css":"","footnotes":""},"categories":[],"tags":[6027],"region_news_regions":[],"content_category":[],"ppma_author":[6341],"class_list":["post-248125","page","type-page","status-publish","has-post-thumbnail","hentry","tag-curso-a-su-propio-ritmo"],"acf":[],"uagb_featured_image_src":{"full":["https:\/\/www.internetsociety.org\/wp-content\/uploads\/2023\/03\/TeL-Privacy-Course.jpg",800,400,false],"thumbnail":["https:\/\/www.internetsociety.org\/wp-content\/uploads\/2023\/03\/TeL-Privacy-Course-150x150.jpg",150,150,true],"medium":["https:\/\/www.internetsociety.org\/wp-content\/uploads\/2023\/03\/TeL-Privacy-Course-450x225.jpg",450,225,true],"medium_large":["https:\/\/www.internetsociety.org\/wp-content\/uploads\/2023\/03\/TeL-Privacy-Course-768x384.jpg",768,384,true],"large":["https:\/\/www.internetsociety.org\/wp-content\/uploads\/2023\/03\/TeL-Privacy-Course.jpg",800,400,false],"1536x1536":["https:\/\/www.internetsociety.org\/wp-content\/uploads\/2023\/03\/TeL-Privacy-Course.jpg",800,400,false],"2048x2048":["https:\/\/www.internetsociety.org\/wp-content\/uploads\/2023\/03\/TeL-Privacy-Course.jpg",800,400,false],"post-thumbnail":["https:\/\/www.internetsociety.org\/wp-content\/uploads\/2023\/03\/TeL-Privacy-Course-250x125.jpg",250,125,true],"square":["https:\/\/www.internetsociety.org\/wp-content\/uploads\/2023\/03\/TeL-Privacy-Course-600x400.jpg",600,400,true],"gform-image-choice-sm":["https:\/\/www.internetsociety.org\/wp-content\/uploads\/2023\/03\/TeL-Privacy-Course.jpg",300,150,false],"gform-image-choice-md":["https:\/\/www.internetsociety.org\/wp-content\/uploads\/2023\/03\/TeL-Privacy-Course.jpg",400,200,false],"gform-image-choice-lg":["https:\/\/www.internetsociety.org\/wp-content\/uploads\/2023\/03\/TeL-Privacy-Course.jpg",600,300,false]},"uagb_author_info":{"display_name":"Mint Web Design","author_link":"https:\/\/www.internetsociety.org\/es\/author\/mintwebdesign\/"},"uagb_comment_info":0,"uagb_excerpt":"El curso Introducci\u00f3n a la confianza y seguridad en l\u00ednea ayuda a las personas a comprender los principios fundamentales para desenvolverse de manera segura en Internet.","_links":{"self":[{"href":"https:\/\/www.internetsociety.org\/es\/wp-json\/wp\/v2\/pages\/248125","targetHints":{"allow":["GET"]}}],"collection":[{"href":"https:\/\/www.internetsociety.org\/es\/wp-json\/wp\/v2\/pages"}],"about":[{"href":"https:\/\/www.internetsociety.org\/es\/wp-json\/wp\/v2\/types\/page"}],"author":[{"embeddable":true,"href":"https:\/\/www.internetsociety.org\/es\/wp-json\/wp\/v2\/users\/1969"}],"replies":[{"embeddable":true,"href":"https:\/\/www.internetsociety.org\/es\/wp-json\/wp\/v2\/comments?post=248125"}],"version-history":[{"count":3,"href":"https:\/\/www.internetsociety.org\/es\/wp-json\/wp\/v2\/pages\/248125\/revisions"}],"predecessor-version":[{"id":248148,"href":"https:\/\/www.internetsociety.org\/es\/wp-json\/wp\/v2\/pages\/248125\/revisions\/248148"}],"up":[{"embeddable":true,"href":"https:\/\/www.internetsociety.org\/es\/wp-json\/wp\/v2\/pages\/134928"}],"wp:featuredmedia":[{"embeddable":true,"href":"https:\/\/www.internetsociety.org\/es\/wp-json\/wp\/v2\/media\/187773"}],"wp:attachment":[{"href":"https:\/\/www.internetsociety.org\/es\/wp-json\/wp\/v2\/media?parent=248125"}],"wp:term":[{"taxonomy":"category","embeddable":true,"href":"https:\/\/www.internetsociety.org\/es\/wp-json\/wp\/v2\/categories?post=248125"},{"taxonomy":"post_tag","embeddable":true,"href":"https:\/\/www.internetsociety.org\/es\/wp-json\/wp\/v2\/tags?post=248125"},{"taxonomy":"region_news_regions","embeddable":true,"href":"https:\/\/www.internetsociety.org\/es\/wp-json\/wp\/v2\/region_news_regions?post=248125"},{"taxonomy":"content_category","embeddable":true,"href":"https:\/\/www.internetsociety.org\/es\/wp-json\/wp\/v2\/content_category?post=248125"},{"taxonomy":"author","embeddable":true,"href":"https:\/\/www.internetsociety.org\/es\/wp-json\/wp\/v2\/ppma_author?post=248125"}],"curies":[{"name":"wp","href":"https:\/\/api.w.org\/{rel}","templated":true}]}}