{"id":245063,"date":"2026-02-10T13:12:51","date_gmt":"2026-02-10T13:12:51","guid":{"rendered":"https:\/\/www.internetsociety.org\/?page_id=245063"},"modified":"2026-02-27T09:51:17","modified_gmt":"2026-02-27T09:51:17","slug":"iniciativa-internet-mas-segura","status":"publish","type":"page","link":"https:\/\/www.internetsociety.org\/es\/our-work\/safer-internet\/","title":{"rendered":"Iniciativa Internet M\u00e1s Segura"},"content":{"rendered":"\n<section class=\"wp-block-uagb-columns uagb-columns__wrap uagb-columns__background-image uagb-columns__stack-mobile uagb-columns__valign- uagb-columns__gap-10 align uagb-block-ffc93ebd uagb-columns__columns-1 uagb-columns__max_width-custom background-image-fallback-black uag-hide-mob\"><div class=\"uagb-columns__overlay\"><\/div><div class=\"uagb-columns__inner-wrap uagb-columns__columns-1\">\n<div class=\"wp-block-uagb-column uagb-column__wrap uagb-column__background-undefined uagb-block-c95947c4\"><div class=\"uagb-column__overlay\"><\/div>\n<h1 class=\"wp-block-heading animated fadeIn has-neutral-white-color has-text-color\">Iniciativa Internet M\u00e1s Segura<\/h1>\n\n\n\n<div style=\"height:50px\" aria-hidden=\"true\" class=\"wp-block-spacer\"><\/div>\n\n\n\n<section class=\"wp-block-uagb-columns uagb-columns__wrap uagb-columns__background-color uagb-columns__stack-mobile uagb-columns__valign- uagb-columns__gap-10 align uagb-block-77f5da99 uagb-columns__columns-1 uagb-columns__max_width-theme animated fadeIn background-image-fallback-white\"><div class=\"uagb-columns__overlay\"><\/div><div class=\"uagb-columns__inner-wrap uagb-columns__columns-1\">\n<div class=\"wp-block-uagb-column uagb-column__wrap uagb-column__background-undefined uagb-block-bf6c64fb\"><div class=\"uagb-column__overlay\"><\/div>\n<p class=\"has-18-font-size\">La conectividad es fundamental, pero por s\u00ed sola no basta. Para demasiadas personas, las amenazas a la seguridad forman parte de su experiencia cotidiana en l\u00ednea.<\/p>\n\n\n\n<p class=\"has-18-font-size\">La desinformaci\u00f3n, las estafas en l\u00ednea, las amenazas a la ciberseguridad, las vulneraciones de la privacidad, los ataques al cifrado y las tecnolog\u00edas inseguras contribuyen a un panorama digital incierto. Pero nosotros creemos que todas las personas merecen una Internet segura.<\/p>\n\n\n\n<h2 class=\"wp-block-heading has-depth-blue-color has-text-color has-28-font-size uag-hide-tab uag-hide-mob\"><strong style=\"line-height:1.4\">Por eso lanzamos nuestra iniciativa Internet M\u00e1s Segura, una estrategia global y plurianual para combatir las amenazas en l\u00ednea aprovechando lo que sabemos que funciona: financiamiento espec\u00edfico, capacitaci\u00f3n y acciones de incidencia.<\/strong><\/h2>\n\n\n\n<h2 class=\"wp-block-heading has-depth-blue-color has-text-color has-32-font-size uag-hide-desktop\"><strong>Por eso lanzamos nuestra iniciativa Internet M\u00e1s Segura, una estrategia global y plurianual para combatir las amenazas en l\u00ednea aprovechando lo que sabemos que funciona: financiamiento espec\u00edfico, capacitaci\u00f3n y acciones de incidencia.<\/strong><\/h2>\n<\/div>\n<\/div><\/section>\n<\/div>\n<\/div><\/section>\n\n\n\n<section class=\"wp-block-uagb-columns uagb-columns__wrap uagb-columns__background-color uagb-columns__stack-tablet uagb-columns__valign-top uagb-columns__gap-10 align uagb-block-de3d1d5d uagb-columns__columns-1 uagb-columns__max_width-theme uag-hide-desktop uag-hide-tab\"><div class=\"uagb-columns__overlay\"><\/div><div class=\"uagb-columns__inner-wrap uagb-columns__columns-1\">\n<div class=\"wp-block-uagb-column uagb-column__wrap uagb-column__background-undefined uagb-block-f338041f\"><div class=\"uagb-column__overlay\"><\/div>\n<h1 class=\"wp-block-heading has-text-align-left\">Iniciativa Internet M\u00e1s Segura<\/h1>\n\n\n\n<div style=\"height:30px\" aria-hidden=\"true\" class=\"wp-block-spacer\"><\/div>\n\n\n\n<figure class=\"wp-block-image size-full\"><img loading=\"lazy\" decoding=\"async\" width=\"1440\" height=\"700\" src=\"https:\/\/www.internetsociety.org\/wp-content\/uploads\/2026\/02\/girl-smiling-computer.jpg\" alt=\"Una ni\u00f1a sonr\u00ede mientras usa felizmente una computadora.\" class=\"wp-image-245010\" srcset=\"https:\/\/www.internetsociety.org\/wp-content\/uploads\/2026\/02\/girl-smiling-computer.jpg 1440w, https:\/\/www.internetsociety.org\/wp-content\/uploads\/2026\/02\/girl-smiling-computer-450x219.jpg 450w, https:\/\/www.internetsociety.org\/wp-content\/uploads\/2026\/02\/girl-smiling-computer-1024x498.jpg 1024w, https:\/\/www.internetsociety.org\/wp-content\/uploads\/2026\/02\/girl-smiling-computer-768x373.jpg 768w, https:\/\/www.internetsociety.org\/wp-content\/uploads\/2026\/02\/girl-smiling-computer-250x122.jpg 250w\" sizes=\"auto, (max-width: 1440px) 100vw, 1440px\" \/><\/figure>\n\n\n\n<div style=\"height:20px\" aria-hidden=\"true\" class=\"wp-block-spacer\"><\/div>\n\n\n\n<p class=\"has-18-font-size\">La conectividad es fundamental, pero por s\u00ed sola no basta. Para demasiadas personas, las amenazas a la seguridad forman parte de su experiencia cotidiana en l\u00ednea.<\/p>\n\n\n\n<p class=\"has-18-font-size\">La desinformaci\u00f3n, las estafas en l\u00ednea, las amenazas a la ciberseguridad, las vulneraciones de la privacidad, los ataques al cifrado y las tecnolog\u00edas inseguras contribuyen a un panorama digital incierto. Pero nosotros creemos que todas las personas merecen una Internet segura.<\/p>\n\n\n\n<h2 class=\"wp-block-heading has-depth-blue-color has-text-color has-26-font-size\"><strong style=\"line-height:1.4\">Por eso lanzamos nuestra iniciativa Internet M\u00e1s Segura, una estrategia global y plurianual para combatir las amenazas en l\u00ednea aprovechando lo que sabemos que funciona: financiamiento espec\u00edfico, capacitaci\u00f3n y acciones de incidencia.<\/strong><\/h2>\n<\/div>\n<\/div><\/section>\n\n\n\n<section class=\"wp-block-uagb-columns uagb-columns__wrap uagb-columns__background-color uagb-columns__stack-mobile uagb-columns__valign-center uagb-columns__gap-10 align uagb-columns__reverse-mobile uagb-block-774cf726 uagb-columns__columns-2 uagb-columns__max_width-custom\"><div class=\"uagb-columns__overlay\"><\/div><div class=\"uagb-columns__inner-wrap uagb-columns__columns-2\">\n<div class=\"wp-block-uagb-column uagb-column__wrap uagb-column__background-undefined uagb-block-e1fd0b78\"><div class=\"uagb-column__overlay\"><\/div>\n<h3 class=\"wp-block-heading has-32-font-size uag-hide-tab uag-hide-mob\"><strong>Qu\u00e9 apoyar\u00e1 la iniciativa Internet M\u00e1s Segura<\/strong><\/h3>\n\n\n\n<h3 class=\"wp-block-heading uag-hide-desktop\"><strong>Qu\u00e9 apoyar\u00e1 la iniciativa Internet M\u00e1s Segura<\/strong><\/h3>\n\n\n\n<div style=\"height:20px\" aria-hidden=\"true\" class=\"wp-block-spacer\"><\/div>\n\n\n\n<p class=\"has-18-font-size\">La iniciativa Internet m\u00e1s Segura est\u00e1 dise\u00f1ada para fortalecer la sostenibilidad a largo plazo del trabajo que se hace en todo el mundo para promover la confianza y la seguridad en l\u00ednea. Es nuestra manera de <a href=\"https:\/\/www.internetsociety.org\/es\/resources\/doc\/2024\/estrategia-2030\/\" type=\"link\" id=\"https:\/\/www.internetsociety.org\/es\/resources\/doc\/2024\/estrategia-2030\/\">avanzar hacia el objetivo<\/a> de asegurar que todas las personas tengan una experiencia segura y confiable en Internet. La iniciativa apoyar\u00e1 diversos esfuerzos, entre ellos: <\/p>\n\n\n\n<ul class=\"wp-block-list has-18-font-size\">\n<li>Educaci\u00f3n, capacitaci\u00f3n y herramientas pr\u00e1cticas sobre seguridad en l\u00ednea que ayuden a las personas a tomar decisiones informadas y a protegerse.<\/li>\n\n\n\n<li>Un Centro de Confianza y Seguridad multiling\u00fce y de acceso p\u00fablico con recursos verificados (lanzamiento previsto para 2026).<\/li>\n\n\n\n<li>Promoci\u00f3n de pol\u00edticas, est\u00e1ndares t\u00e9cnicos y pr\u00e1cticas comerciales que prioricen la seguridad, la protecci\u00f3n y la privacidad de las personas usuarias.<\/li>\n\n\n\n<li>Financiamiento para organizaciones que mantienen infraestructura cr\u00edtica, defienden comunidades de alto riesgo y fortalecen la resiliencia digital.<\/li>\n\n\n\n<li>Financiamiento y desarrollo de capacidades para proyectos comunitarios implementados por beneficiarios y cap\u00edtulos de Internet Society para promover la seguridad en l\u00ednea a nivel local.<\/li>\n<\/ul>\n<\/div>\n\n\n\n<div class=\"wp-block-uagb-column uagb-column__wrap uagb-column__background-undefined uagb-block-9ec2654d\"><div class=\"uagb-column__overlay\"><\/div>\n<figure class=\"wp-block-image size-full\"><img loading=\"lazy\" decoding=\"async\" width=\"578\" height=\"664\" src=\"https:\/\/www.internetsociety.org\/wp-content\/uploads\/2025\/02\/Sherpa-people-Nepal-1.jpg\" alt=\"Un hombre y una mujer parados juntos frente a una estufa\" class=\"wp-image-220587\" style=\"aspect-ratio:1;object-fit:cover\" srcset=\"https:\/\/www.internetsociety.org\/wp-content\/uploads\/2025\/02\/Sherpa-people-Nepal-1.jpg 578w, https:\/\/www.internetsociety.org\/wp-content\/uploads\/2025\/02\/Sherpa-people-Nepal-1-392x450.jpg 392w, https:\/\/www.internetsociety.org\/wp-content\/uploads\/2025\/02\/Sherpa-people-Nepal-1-250x287.jpg 250w\" sizes=\"auto, (max-width: 578px) 100vw, 578px\" \/><\/figure>\n<\/div>\n<\/div><\/section>\n\n\n\n<section class=\"wp-block-uagb-columns uagb-columns__wrap uagb-columns__background-color uagb-columns__stack-mobile uagb-columns__valign- uagb-columns__gap-10 align uagb-block-597a0a40 uagb-columns__columns-1 uagb-columns__max_width-custom\"><div class=\"uagb-columns__overlay\"><\/div><div class=\"uagb-columns__inner-wrap uagb-columns__columns-1\">\n<div class=\"wp-block-uagb-column uagb-column__wrap uagb-column__background-undefined uagb-block-867c4a13\"><div class=\"uagb-column__overlay\"><\/div>\n<h3 class=\"wp-block-heading has-32-font-size uag-hide-tab uag-hide-mob\"><strong>Recursos para construir una Internet m\u00e1s segura<\/strong><\/h3>\n\n\n\n<h3 class=\"wp-block-heading uag-hide-desktop\"><strong><strong>Recursos para construir una Internet m\u00e1s segura<\/strong><\/strong><\/h3>\n\n\n\n<section class=\"wp-block-uagb-columns uagb-columns__wrap uagb-columns__background-none uagb-columns__stack-tablet uagb-columns__valign-top uagb-columns__gap-10 align uagb-block-0c8abc1f uagb-columns__columns-3 uagb-columns__max_width-custom\"><div class=\"uagb-columns__overlay\"><\/div><div class=\"uagb-columns__inner-wrap uagb-columns__columns-3\">\n<div class=\"wp-block-uagb-column uagb-column__wrap uagb-column__background-color uagb-block-c5cbb46e\"><div class=\"uagb-column__overlay\"><\/div>\n<figure class=\"wp-block-image size-full is-style-default margin-bottom-0 vertical-align-bottom\"><img loading=\"lazy\" decoding=\"async\" width=\"600\" height=\"400\" src=\"https:\/\/www.internetsociety.org\/wp-content\/uploads\/2026\/02\/people-at-course-Tusheti.jpg\" alt=\"Un grupo de personas en el aula miran la pantalla de una computadora port\u00e1til\" class=\"wp-image-244984\" style=\"aspect-ratio:3\/2;object-fit:cover\" srcset=\"https:\/\/www.internetsociety.org\/wp-content\/uploads\/2026\/02\/people-at-course-Tusheti.jpg 600w, https:\/\/www.internetsociety.org\/wp-content\/uploads\/2026\/02\/people-at-course-Tusheti-450x300.jpg 450w, https:\/\/www.internetsociety.org\/wp-content\/uploads\/2026\/02\/people-at-course-Tusheti-250x167.jpg 250w\" sizes=\"auto, (max-width: 600px) 100vw, 600px\" \/><\/figure>\n\n\n\n<div style=\"height:20px\" aria-hidden=\"true\" class=\"wp-block-spacer\"><\/div>\n\n\n\n<div class=\"wp-block-uagb-info-box uagb-block-7475369c uagb-infobox__content-wrap  uagb-infobox_cta-type-all uagb-infobox-icon-above-title uagb-infobox-image-valign-top\"><a href=\"https:\/\/www.internetsociety.org\/es\/learning\/#orientaciones\" class=\"uagb-infobox-link-wrap uagb-infbox__link-to-all\" target=\"_self\" aria-label=\"Infobox Link\" rel=\"noopener noreferrer\" onclick=\"return true;\"><\/a><div class=\"uagb-ifb-content\"><div class=\"uagb-ifb-title-wrap\"><h3 class=\"uagb-ifb-title\">Inscr\u00edbase en nuestros cursos gratuitos<\/h3><\/div><p class=\"uagb-ifb-desc\">Nuestro programa de formaci\u00f3n <em>Especialista en confianza y seguridad en l\u00ednea<\/em> cubre los fundamentos de la seguridad en l\u00ednea.<br><br>Aprender\u00e1 c\u00f3mo protegerse en l\u00ednea y c\u00f3mo todas las personas somos responsables de aplicar y promover mejores pr\u00e1cticas de privacidad y seguridad.<\/p><div class=\"uagb-ifb-button-wrapper wp-block-button\"><\/div><\/div><\/div>\n<\/div>\n\n\n\n<div class=\"wp-block-uagb-column uagb-column__wrap uagb-column__background-color uagb-block-74b7a2c7\"><div class=\"uagb-column__overlay\"><\/div>\n<figure class=\"wp-block-image size-full is-style-default margin-bottom-0 vertical-align-bottom\"><img loading=\"lazy\" decoding=\"async\" width=\"1024\" height=\"632\" src=\"https:\/\/www.internetsociety.org\/wp-content\/uploads\/2026\/02\/digitruck-girls.jpg\" alt=\"Un grupo de chicas bailan frente a un cami\u00f3n colorido\" class=\"wp-image-244970\" style=\"aspect-ratio:3\/2;object-fit:cover\" srcset=\"https:\/\/www.internetsociety.org\/wp-content\/uploads\/2026\/02\/digitruck-girls.jpg 1024w, https:\/\/www.internetsociety.org\/wp-content\/uploads\/2026\/02\/digitruck-girls-450x278.jpg 450w, https:\/\/www.internetsociety.org\/wp-content\/uploads\/2026\/02\/digitruck-girls-768x474.jpg 768w, https:\/\/www.internetsociety.org\/wp-content\/uploads\/2026\/02\/digitruck-girls-250x154.jpg 250w\" sizes=\"auto, (max-width: 1024px) 100vw, 1024px\" \/><\/figure>\n\n\n\n<div style=\"height:20px\" aria-hidden=\"true\" class=\"wp-block-spacer\"><\/div>\n\n\n\n<div class=\"wp-block-uagb-info-box uagb-block-8987a0a2 uagb-infobox__content-wrap  uagb-infobox_cta-type-all uagb-infobox-icon-above-title uagb-infobox-image-valign-top\"><a href=\"https:\/\/www.isocfoundation.org\/es\/programas-de-subvenciones\/\" class=\"uagb-infobox-link-wrap uagb-infbox__link-to-all\" target=\"_self\" aria-label=\"Infobox Link\" rel=\"noopener noreferrer\" onclick=\"return true;\"><\/a><div class=\"uagb-ifb-content\"><div class=\"uagb-ifb-title-wrap\"><h3 class=\"uagb-ifb-title\">Obtenga financiamiento<\/h3><\/div><p class=\"uagb-ifb-desc\">Nuestros programas de subvenciones apoyan a organizaciones de todo el mundo en la implementaci\u00f3n de iniciativas que ayudan a mantener la seguridad en l\u00ednea de personas y organizaciones.<br><br>Internet Society Foundation ofrece diferentes programas de subvenciones dirigidos a organizaciones que se enfocan en iniciativas de seguridad en l\u00ednea.<\/p><div class=\"uagb-ifb-button-wrapper wp-block-button\"><\/div><\/div><\/div>\n<\/div>\n\n\n\n<div class=\"wp-block-uagb-column uagb-column__wrap uagb-column__background-color uagb-block-4d8f3576\"><div class=\"uagb-column__overlay\"><\/div>\n<figure class=\"wp-block-image size-full is-style-default margin-bottom-0 vertical-align-bottom\"><img loading=\"lazy\" decoding=\"async\" width=\"1040\" height=\"585\" src=\"https:\/\/www.internetsociety.org\/wp-content\/uploads\/2026\/02\/newly-connected-man-woman.jpg\" alt=\"Un hombre y una mujer sonr\u00eden mientras miran las pantallas de sus tel\u00e9fonos\" class=\"wp-image-244973\" style=\"aspect-ratio:3\/2;object-fit:cover\" srcset=\"https:\/\/www.internetsociety.org\/wp-content\/uploads\/2026\/02\/newly-connected-man-woman.jpg 1040w, https:\/\/www.internetsociety.org\/wp-content\/uploads\/2026\/02\/newly-connected-man-woman-450x253.jpg 450w, https:\/\/www.internetsociety.org\/wp-content\/uploads\/2026\/02\/newly-connected-man-woman-1024x576.jpg 1024w, https:\/\/www.internetsociety.org\/wp-content\/uploads\/2026\/02\/newly-connected-man-woman-768x432.jpg 768w, https:\/\/www.internetsociety.org\/wp-content\/uploads\/2026\/02\/newly-connected-man-woman-250x141.jpg 250w\" sizes=\"auto, (max-width: 1040px) 100vw, 1040px\" \/><\/figure>\n\n\n\n<div style=\"height:20px\" aria-hidden=\"true\" class=\"wp-block-spacer\"><\/div>\n\n\n\n<div class=\"wp-block-uagb-info-box uagb-block-4fea2dee uagb-infobox__content-wrap  uagb-infobox_cta-type-all uagb-infobox-icon-above-title uagb-infobox-image-valign-top\"><a href=\"https:\/\/www.internetsociety.org\/es\/action-plan\/online-trust-and-safety\/\" class=\"uagb-infobox-link-wrap uagb-infbox__link-to-all\" target=\"_self\" aria-label=\"Infobox Link\" rel=\"noopener noreferrer\" onclick=\"return true;\"><\/a><div class=\"uagb-ifb-content\"><div class=\"uagb-ifb-title-wrap\"><h3 class=\"uagb-ifb-title\">Explore la confianza y la seguridad en l\u00ednea<\/h3><\/div><p class=\"uagb-ifb-desc\">Internet es un entorno digital complejo y navegarlo de forma segura puede resultar dif\u00edcil, especialmente sin capacitaci\u00f3n en habilidades digitales. <br><br>Conozca m\u00e1s sobre nuestro trabajo para abordar la falta de confianza en Internet, descubra c\u00f3mo puede participar y acceda a noticias y recursos relacionados.<\/p><div class=\"uagb-ifb-button-wrapper wp-block-button\"><\/div><\/div><\/div>\n<\/div>\n<\/div><\/section>\n\n\n\n<div style=\"height:20px\" aria-hidden=\"true\" class=\"wp-block-spacer\"><\/div>\n<\/div>\n<\/div><\/section>\n\n\n\n<section class=\"wp-block-uagb-columns uagb-columns__wrap uagb-columns__background-image uagb-columns__stack-mobile uagb-columns__valign- uagb-columns__gap-10 align uagb-block-d53d1486 uagb-columns__columns-1 uagb-columns__max_width-custom background-image-fallback-black uag-hide-mob\"><div class=\"uagb-columns__overlay\"><\/div><div class=\"uagb-columns__inner-wrap uagb-columns__columns-1\">\n<div class=\"wp-block-uagb-column uagb-column__wrap uagb-column__background-color uagb-block-e5f1ee51\"><div class=\"uagb-column__overlay\"><\/div>\n<h3 class=\"wp-block-heading has-text-align-left has-neutral-white-color has-text-color has-32-font-size uag-hide-tab uag-hide-mob\"><strong>Noticias destacadas de la comunidad: <\/strong><br><strong>Empoderamiento digital de las personas mayores en M\u00e9xico<\/strong><\/h3>\n\n\n\n<h3 class=\"wp-block-heading has-neutral-white-color has-text-color uag-hide-desktop\"><strong>Noticias destacadas de la comunidad: <\/strong><br><strong>Empoderamiento digital de las personas mayores en M\u00e9xico<\/strong><\/h3>\n\n\n\n<div style=\"height:30px\" aria-hidden=\"true\" class=\"wp-block-spacer\"><\/div>\n\n\n\n<p class=\"has-neutral-white-color has-text-color has-18-font-size\">Nuestros cap\u00edtulos, personal y organizaciones asociadas ya est\u00e1n trabajando para construir una Internet m\u00e1s segura y confiable para todas las personas.<\/p>\n\n\n\n<p class=\"has-neutral-white-color has-text-color has-link-color has-18-font-size wp-elements-e173aef36d2885e176e37bd6a29098a8\">En M\u00e9xico, nuestro cap\u00edtulo local organiz\u00f3 una serie de cursos cortos para ayudar a las personas mayores a adquirir los conocimientos, las habilidades y la confianza necesarios para identificar estafas en l\u00ednea y navegar por Internet de manera segura.<\/p>\n\n\n\n<p class=\"has-neutral-white-color has-text-color has-18-font-size\">Al trabajar directamente con poblaciones en riesgo, comprendiendo y respondiendo a sus desaf\u00edos y necesidades espec\u00edficos, este trabajo contribuye a reducir la brecha digital generacional y a promover buenas pr\u00e1cticas de seguridad en l\u00ednea.<\/p>\n\n\n\n<div style=\"height:20px\" aria-hidden=\"true\" class=\"wp-block-spacer\"><\/div>\n\n\n\n<div class=\"wp-block-buttons is-horizontal is-content-justification-left is-nowrap is-layout-flex wp-container-core-buttons-is-layout-bf8ef813 wp-block-buttons-is-layout-flex\">\n<div class=\"wp-block-button hover-background-transparent hover-border-white is-style-fill\"><a class=\"wp-block-button__link has-ground-navy-color has-accent-yellow-background-color has-text-color has-background has-link-color wp-element-button\" href=\"https:\/\/www.internetsociety.org\/es\/blog\/2025\/01\/entender-e-identificar-estafas-capacitar-digitalmente-a-los-adultos-mayores-en-mexico\/\"><strong>Leer la historia completa<\/strong><\/a><\/div>\n<\/div>\n<\/div>\n<\/div><\/section>\n\n\n\n<section class=\"wp-block-uagb-columns uagb-columns__wrap uagb-columns__background-color uagb-columns__stack-tablet uagb-columns__valign-top uagb-columns__gap-10 align uagb-block-09b50100 uagb-columns__columns-1 uagb-columns__max_width-theme uag-hide-desktop uag-hide-tab\"><div class=\"uagb-columns__overlay\"><\/div><div class=\"uagb-columns__inner-wrap uagb-columns__columns-1\">\n<div class=\"wp-block-uagb-column uagb-column__wrap uagb-column__background-color uagb-block-187c2f04 animated fadeIn slow\"><div class=\"uagb-column__overlay\"><\/div>\n<figure class=\"wp-block-image size-full uag-hide-desktop\"><img loading=\"lazy\" decoding=\"async\" width=\"1450\" height=\"885\" src=\"https:\/\/www.internetsociety.org\/wp-content\/uploads\/2026\/02\/elderly-woman-with-tablet-tusheti.jpg\" alt=\"Una mujer mirando una tableta sonriendo\" class=\"wp-image-244996\" srcset=\"https:\/\/www.internetsociety.org\/wp-content\/uploads\/2026\/02\/elderly-woman-with-tablet-tusheti.jpg 1450w, https:\/\/www.internetsociety.org\/wp-content\/uploads\/2026\/02\/elderly-woman-with-tablet-tusheti-450x275.jpg 450w, https:\/\/www.internetsociety.org\/wp-content\/uploads\/2026\/02\/elderly-woman-with-tablet-tusheti-1024x625.jpg 1024w, https:\/\/www.internetsociety.org\/wp-content\/uploads\/2026\/02\/elderly-woman-with-tablet-tusheti-768x469.jpg 768w, https:\/\/www.internetsociety.org\/wp-content\/uploads\/2026\/02\/elderly-woman-with-tablet-tusheti-250x153.jpg 250w\" sizes=\"auto, (max-width: 1450px) 100vw, 1450px\" \/><\/figure>\n\n\n\n<div style=\"height:30px\" aria-hidden=\"true\" class=\"wp-block-spacer\"><\/div>\n\n\n\n<h3 class=\"wp-block-heading\"><strong>Noticias destacadas de la comunidad: <br>Empoderamiento digital de las personas mayores en M\u00e9xico<\/strong><\/h3>\n\n\n\n<div style=\"height:30px\" aria-hidden=\"true\" class=\"wp-block-spacer\"><\/div>\n\n\n\n<p class=\"has-18-font-size\">Nuestros cap\u00edtulos, personal y organizaciones asociadas ya est\u00e1n trabajando para construir una Internet m\u00e1s segura y confiable para todas las personas.<\/p>\n\n\n\n<p class=\"has-18-font-size\">En M\u00e9xico, nuestro cap\u00edtulo local organiz\u00f3 una serie de cursos cortos para ayudar a las personas mayores a adquirir los conocimientos, las habilidades y la confianza necesarios para identificar estafas en l\u00ednea y navegar por Internet de manera segura.<\/p>\n\n\n\n<p class=\"has-18-font-size\">Al trabajar directamente con poblaciones en riesgo, comprendiendo y respondiendo a sus desaf\u00edos y necesidades espec\u00edficos, este trabajo contribuye a reducir la brecha digital generacional y a promover buenas pr\u00e1cticas de seguridad en l\u00ednea.<\/p>\n\n\n\n<div style=\"height:20px\" aria-hidden=\"true\" class=\"wp-block-spacer\"><\/div>\n\n\n\n<div class=\"wp-block-buttons is-horizontal is-content-justification-left is-nowrap is-layout-flex wp-container-core-buttons-is-layout-bf8ef813 wp-block-buttons-is-layout-flex\">\n<div class=\"wp-block-button hover-background-transparent hover-border-white is-style-fill\"><a class=\"wp-block-button__link has-ground-navy-color has-accent-yellow-background-color has-text-color has-background has-link-color wp-element-button\" href=\"https:\/\/www.internetsociety.org\/es\/blog\/2025\/01\/entender-e-identificar-estafas-capacitar-digitalmente-a-los-adultos-mayores-en-mexico\/\"><strong><strong>Leer la historia completa<\/strong><\/strong><\/a><\/div>\n<\/div>\n<\/div>\n<\/div><\/section>\n\n\n\n<p class=\"has-text-align-center has-neutral-white-color has-ground-navy-background-color has-text-color has-background has-12-font-size\">Copyright de las im\u00e1genes:<br>\u00a9 Nyani Quarmyne, \u00a9 Nyani Quarmyne, \u00a9 Nyani Quarmyne, \u00a9 Internet Society Foundation, \u00a9 Atma Connect,<br>\u00a9 Nyani Quarmyne<\/p>\n","protected":false},"excerpt":{"rendered":"<p><b>La conectividad es fundamental, pero por s\u00ed sola no basta. Para demasiadas personas, las amenazas en l\u00ednea se han convertido en una realidad cotidiana.<\/b><\/p>\n<p>Nuestra Iniciativa Internet M\u00e1s Segura combate las amenazas en l\u00ednea aprovechando lo que sabemos que funciona: financiamiento espec\u00edfico, capacitaci\u00f3n y acciones de incidencia.<\/p>\n","protected":false},"author":46,"featured_media":0,"parent":47380,"menu_order":0,"comment_status":"closed","ping_status":"closed","template":"page-wide.php","meta":{"_acf_changed":false,"_uag_custom_page_level_css":"","footnotes":""},"categories":[171,4910,4777],"tags":[6310],"region_news_regions":[],"content_category":[],"ppma_author":[4057],"class_list":["post-245063","page","type-page","status-publish","hentry","category-privacidad","category-fortalecimiento-de-internet","category-seguridad-es","tag-pagina-principal"],"acf":[],"uagb_featured_image_src":{"full":false,"thumbnail":false,"medium":false,"medium_large":false,"large":false,"1536x1536":false,"2048x2048":false,"post-thumbnail":false,"square":false,"gform-image-choice-sm":false,"gform-image-choice-md":false,"gform-image-choice-lg":false},"uagb_author_info":{"display_name":"Ivana Trbovic","author_link":"https:\/\/www.internetsociety.org\/es\/author\/trbovic\/"},"uagb_comment_info":0,"uagb_excerpt":"La conectividad es fundamental, pero por s\u00ed sola no basta. Para demasiadas personas, las amenazas en l\u00ednea se han convertido en una realidad cotidiana.Nuestra Iniciativa Internet M\u00e1s Segura combate las amenazas en l\u00ednea aprovechando lo que sabemos que funciona: financiamiento espec\u00edfico, capacitaci\u00f3n y acciones de incidencia.","_links":{"self":[{"href":"https:\/\/www.internetsociety.org\/es\/wp-json\/wp\/v2\/pages\/245063","targetHints":{"allow":["GET"]}}],"collection":[{"href":"https:\/\/www.internetsociety.org\/es\/wp-json\/wp\/v2\/pages"}],"about":[{"href":"https:\/\/www.internetsociety.org\/es\/wp-json\/wp\/v2\/types\/page"}],"author":[{"embeddable":true,"href":"https:\/\/www.internetsociety.org\/es\/wp-json\/wp\/v2\/users\/46"}],"replies":[{"embeddable":true,"href":"https:\/\/www.internetsociety.org\/es\/wp-json\/wp\/v2\/comments?post=245063"}],"version-history":[{"count":0,"href":"https:\/\/www.internetsociety.org\/es\/wp-json\/wp\/v2\/pages\/245063\/revisions"}],"up":[{"embeddable":true,"href":"https:\/\/www.internetsociety.org\/es\/wp-json\/wp\/v2\/pages\/47380"}],"wp:attachment":[{"href":"https:\/\/www.internetsociety.org\/es\/wp-json\/wp\/v2\/media?parent=245063"}],"wp:term":[{"taxonomy":"category","embeddable":true,"href":"https:\/\/www.internetsociety.org\/es\/wp-json\/wp\/v2\/categories?post=245063"},{"taxonomy":"post_tag","embeddable":true,"href":"https:\/\/www.internetsociety.org\/es\/wp-json\/wp\/v2\/tags?post=245063"},{"taxonomy":"region_news_regions","embeddable":true,"href":"https:\/\/www.internetsociety.org\/es\/wp-json\/wp\/v2\/region_news_regions?post=245063"},{"taxonomy":"content_category","embeddable":true,"href":"https:\/\/www.internetsociety.org\/es\/wp-json\/wp\/v2\/content_category?post=245063"},{"taxonomy":"author","embeddable":true,"href":"https:\/\/www.internetsociety.org\/es\/wp-json\/wp\/v2\/ppma_author?post=245063"}],"curies":[{"name":"wp","href":"https:\/\/api.w.org\/{rel}","templated":true}]}}