{"id":228139,"date":"2023-10-31T09:31:00","date_gmt":"2023-10-31T09:31:00","guid":{"rendered":"https:\/\/www.internetsociety.org\/?page_id=228139"},"modified":"2025-09-24T10:55:19","modified_gmt":"2025-09-24T10:55:19","slug":"otros-recursos","status":"publish","type":"page","link":"https:\/\/www.internetsociety.org\/es\/resources\/community-network-diy-toolkit\/additional-resources\/","title":{"rendered":"Otros recursos"},"content":{"rendered":"\n<section class=\"wp-block-uagb-columns uagb-columns__wrap uagb-columns__background-image uagb-columns__stack-mobile uagb-columns__valign- uagb-columns__gap-10 align uagb-block-1b60d478 uagb-columns__columns-1 uagb-columns__max_width-theme background-image-fallback-black uag-hide-tab uag-hide-mob\"><div class=\"uagb-columns__overlay\"><\/div><div class=\"uagb-columns__inner-wrap uagb-columns__columns-1\">\n<div class=\"wp-block-uagb-column uagb-column__wrap uagb-column__background-undefined uagb-block-6da44868\"><div class=\"uagb-column__overlay\"><\/div>\n<p class=\"has-neutral-white-color has-text-color has-18-font-size\"><a href=\"https:\/\/internetsociety.org\/es\/resources\/community-network-diy-toolkit\/\">Kit de herramientas \u201ch\u00e1galo usted mismo\u201d para redes comunitarias<\/a> &gt;  Otros recursos<\/p>\n\n\n\n<div style=\"height:30px\" aria-hidden=\"true\" class=\"wp-block-spacer\"><\/div>\n\n\n\n<h1 class=\"wp-block-heading has-neutral-white-color has-text-color\">Otros recursos<\/h1>\n<\/div>\n<\/div><\/section>\n\n\n\n<div class=\"wp-block-columns uag-hide-desktop is-layout-flex wp-container-core-columns-is-layout-9d6595d7 wp-block-columns-is-layout-flex\">\n<div class=\"wp-block-column uag-hide-tab uag-hide-mob is-layout-flow wp-block-column-is-layout-flow\" style=\"flex-basis:10%\"><\/div>\n\n\n\n<div class=\"wp-block-column is-layout-flow wp-block-column-is-layout-flow\" style=\"flex-basis:80%\">\n<div style=\"height:30px\" aria-hidden=\"true\" class=\"wp-block-spacer uag-hide-desktop\"><\/div>\n\n\n\n<p class=\"has-text-align-left has-18-font-size\"><a href=\"https:\/\/internetsociety.org\/es\/resources\/community-network-diy-toolkit\/\">Kit de herramientas \u201ch\u00e1galo usted mismo\u201d para redes comunitarias &gt;<\/a><\/p>\n\n\n\n<div style=\"height:10px\" aria-hidden=\"true\" class=\"wp-block-spacer\"><\/div>\n\n\n\n<h1 class=\"wp-block-heading has-text-align-left\">Otros<br>recursos<\/h1>\n\n\n\n<div style=\"height:30px\" aria-hidden=\"true\" class=\"wp-block-spacer uag-hide-desktop\"><\/div>\n\n\n\n<figure class=\"wp-block-image size-large\"><img loading=\"lazy\" decoding=\"async\" width=\"1300\" height=\"601\" src=\"https:\/\/www.internetsociety.org\/wp-content\/uploads\/2023\/11\/people-on-roof-computer-e1702056081636.jpg\" alt=\"two men holding a laptop looking at the screen on a house roof\" class=\"wp-image-202498\" srcset=\"https:\/\/www.internetsociety.org\/wp-content\/uploads\/2023\/11\/people-on-roof-computer-e1702056081636.jpg 1300w, https:\/\/www.internetsociety.org\/wp-content\/uploads\/2023\/11\/people-on-roof-computer-e1702056081636-450x208.jpg 450w, https:\/\/www.internetsociety.org\/wp-content\/uploads\/2023\/11\/people-on-roof-computer-e1702056081636-1024x473.jpg 1024w, https:\/\/www.internetsociety.org\/wp-content\/uploads\/2023\/11\/people-on-roof-computer-e1702056081636-768x355.jpg 768w, https:\/\/www.internetsociety.org\/wp-content\/uploads\/2023\/11\/people-on-roof-computer-e1702056081636-250x116.jpg 250w\" sizes=\"auto, (max-width: 1300px) 100vw, 1300px\" \/><\/figure>\n<\/div>\n\n\n\n<div class=\"wp-block-column uag-hide-tab uag-hide-mob is-layout-flow wp-block-column-is-layout-flow\" style=\"flex-basis:10%\"><\/div>\n<\/div>\n\n\n\n<div class=\"wp-block-columns margin-bottom-0 is-layout-flex wp-container-core-columns-is-layout-9d6595d7 wp-block-columns-is-layout-flex\">\n<div class=\"wp-block-column uag-hide-tab uag-hide-mob is-layout-flow wp-block-column-is-layout-flow\" style=\"flex-basis:10%\"><\/div>\n\n\n\n<div class=\"wp-block-column is-layout-flow wp-block-column-is-layout-flow\" style=\"flex-basis:80%\">\n<div style=\"height:40px\" aria-hidden=\"true\" class=\"wp-block-spacer uag-hide-tab uag-hide-mob\"><\/div>\n\n\n\n<div style=\"height:20px\" aria-hidden=\"true\" class=\"wp-block-spacer uag-hide-desktop\"><\/div>\n\n\n\n<h2 class=\"wp-block-heading has-text-align-left has-32-font-size\">Documentos<\/h2>\n\n\n\n<div style=\"height:20px\" aria-hidden=\"true\" class=\"wp-block-spacer\"><\/div>\n\n\n\n<ul class=\"wp-block-list has-18-font-size\">\n<li><span class=\"tadv-color\" style=\"color:#2b72d6\"><a href=\"https:\/\/www.internetsociety.org\/es\/resources\/doc\/2022\/manual-de-evaluacion-de-la-preparacion-de-las-redes-comunitarias\/\">Manual de evaluaci\u00f3n de la preparaci\u00f3n de las redes comunitarias<\/a><\/span> (Internet Society)<\/li>\n\n\n\n<li><span class=\"tadv-color\" style=\"color:#2b72d6\"><a href=\"https:\/\/www.internetsociety.org\/es\/resources\/doc\/2019\/soluciones-para-las-redes-de-retorno-de-trafico-en-redes-comunitarias\/\">Soluciones para las redes de retorno de tr\u00e1fico en redes comunitarias<\/a><\/span> (Internet Society)<\/li>\n\n\n\n<li><span class=\"tadv-color\" style=\"color:#2b72d6\"><a href=\"https:\/\/oasis.col.org\/items\/c0e7e530-d617-4f9d-a4ec-2842a2a7193c\">Instalaci\u00f3n de redes inal\u00e1mbricas: un curso para ingenieros inal\u00e1mbricos descalzos<\/a><\/span> (Internet Society)<\/li>\n\n\n\n<li><span class=\"tadv-color\" style=\"color:#2b72d6\"><a href=\"https:\/\/www.internetsociety.org\/resources\/doc\/2020\/telecommunications-reclaimed-a-hands-on-guide-to-networking-communities\/\">Telecommunications Reclaimed: A Hands-On Guide to Networking Communities<\/a><\/span> (Internet Society, netCommons, Asociaci\u00f3n para el Progreso de las Comunicaciones)<\/li>\n\n\n\n<li><span class=\"tadv-color\" style=\"color:#2b72d6\"><a href=\"https:\/\/wndw.net\/\">Redes comunitarias en el mundo en desarrollo<\/a><\/span> (The WNDW Project)<\/li>\n\n\n\n<li><span class=\"tadv-color\" style=\"color:#2b72d6\"><a href=\"https:\/\/www.internetsociety.org\/resources\/doc\/2022\/financing-mechanisms-for-locally-owned-internet-infrastructure\/\">Mecanismos de financiamiento para infraestructura de Internet de propiedad local<\/a><\/span> (Internet Society)<\/li>\n\n\n\n<li><span class=\"tadv-color\" style=\"color:#2b72d6\"><a href=\"https:\/\/comconnectivity.org\/wp-content\/uploads\/2021\/12\/Community-Networks-Towards-Sustainable-Funding-Models.pdf\">Redes comunitarias: hacia modelos de financiamiento sostenibles<\/a><\/span> (Coalici\u00f3n Din\u00e1mica sobre Conectividad Comunitaria )<\/li>\n<\/ul>\n\n\n\n<div style=\"height:20px\" aria-hidden=\"true\" class=\"wp-block-spacer\"><\/div>\n\n\n\n<h2 class=\"wp-block-heading has-32-font-size\">Cursos de capacitaci\u00f3n en l\u00ednea<\/h2>\n\n\n\n<div style=\"height:20px\" aria-hidden=\"true\" class=\"wp-block-spacer\"><\/div>\n\n\n\n<ul class=\"wp-block-list has-18-font-size\">\n<li><span class=\"tadv-color\" style=\"color:#2b72d6\"><a href=\"https:\/\/www.internetsociety.org\/learning\/community-network-readiness\/\">Evaluaci\u00f3n de la Preparaci\u00f3n de las Redes Comunitarias<\/a><\/span> (Internet Society)<\/li>\n\n\n\n<li><span class=\"tadv-color\" style=\"color:#2b72d6\"><a href=\"https:\/\/www.internetsociety.org\/es\/learning\/ddcn\/\">Dise\u00f1o e Implementaci\u00f3n de Redes Inform\u00e1ticas<\/a><\/span> (Internet Society)<\/li>\n\n\n\n<li><span class=\"tadv-color\" style=\"color:#2b72d6\"><a href=\"https:\/\/www.internetsociety.org\/es\/learning\/network-operations\/\">Introducci\u00f3n a las Operaciones de Red<\/a><\/span> (Internet Society)<\/li>\n\n\n\n<li><span class=\"tadv-color\" style=\"color:#2b72d6\"><a href=\"http:\/\/internetsociety.org\/es\/learning\/advanced-network-operations\/\">Operaciones de Red Avanzadas 2.0<\/a><\/span> (Internet Society)<\/li>\n<\/ul>\n\n\n\n<div style=\"height:20px\" aria-hidden=\"true\" class=\"wp-block-spacer\"><\/div>\n\n\n\n<h2 class=\"wp-block-heading has-32-font-size\">Estudios de caso<\/h2>\n\n\n\n<div style=\"height:20px\" aria-hidden=\"true\" class=\"wp-block-spacer\"><\/div>\n\n\n\n<ul class=\"wp-block-list has-18-font-size\">\n<li><span class=\"tadv-color\" style=\"color:#2b72d6\"><a href=\"https:\/\/www.internetsociety.org\/es\/issues\/community-networks\/success-stories\/\">Historias de \u00e9xito de redes comunitarias<\/a> <\/span>(Internet Society)<\/li>\n\n\n\n<li><span class=\"tadv-color\" style=\"color:#2b72d6\"><a href=\"https:\/\/www.isocfoundation.org\/es\/historias\/\">Historias con impacto<\/a><\/span> (Internet Society Foundation)<\/li>\n\n\n\n<li><span class=\"tadv-color\" style=\"color:#2b72d6\"><a href=\"https:\/\/cnlearning.apc.org\/es\/\">Repositorio del Espacio de Aprendizaje de las Redes Comunitarias<\/a><\/span> (Asociaci\u00f3n para el Progreso de las Comunicaciones [APC], Rhizomatica)<\/li>\n<\/ul>\n\n\n\n<div style=\"height:30px\" aria-hidden=\"true\" class=\"wp-block-spacer uag-hide-tab uag-hide-mob\"><\/div>\n<\/div>\n\n\n\n<div class=\"wp-block-column is-layout-flow wp-block-column-is-layout-flow\" style=\"flex-basis:10%\"><\/div>\n<\/div>\n\n\n\n<p class=\"has-text-align-center has-neutral-white-color has-ground-navy-background-color has-text-color has-background has-12-font-size\">Derechos de autor:<br>\u00a9 Christian O&#8217;Flaherty<\/p>\n","protected":false},"excerpt":{"rendered":"<p><b>\u00bfNecesita m\u00e1s informaci\u00f3n?<\/b><br \/>Acceda a documentaci\u00f3n adicional, casos pr\u00e1cticos, capacitaci\u00f3n en l\u00ednea y otros recursos que pueden ayudarle a planificar e implementar una red comunitaria.<\/p>\n","protected":false},"author":11,"featured_media":202500,"parent":226890,"menu_order":0,"comment_status":"closed","ping_status":"closed","template":"page-wide.php","meta":{"_acf_changed":false,"_uag_custom_page_level_css":"","footnotes":""},"categories":[67,122],"tags":[],"region_news_regions":[6030],"content_category":[6106],"ppma_author":[6073],"class_list":["post-228139","page","type-page","status-publish","has-post-thumbnail","hentry","category-acceso-es","category-redes-comunitarias","region_news_regions-global","content_category-resources-type"],"acf":[],"uagb_featured_image_src":{"full":["https:\/\/www.internetsociety.org\/wp-content\/uploads\/2023\/11\/people-on-roof-computer-e1702056081636.jpg",1450,601,false],"thumbnail":["https:\/\/www.internetsociety.org\/wp-content\/uploads\/2023\/11\/people-on-roof-computer-150x150.jpg",150,150,true],"medium":["https:\/\/www.internetsociety.org\/wp-content\/uploads\/2023\/11\/people-on-roof-computer-450x187.jpg",450,187,true],"medium_large":["https:\/\/www.internetsociety.org\/wp-content\/uploads\/2023\/11\/people-on-roof-computer-768x318.jpg",768,318,true],"large":["https:\/\/www.internetsociety.org\/wp-content\/uploads\/2023\/11\/people-on-roof-computer-1024x424.jpg",1024,424,true],"1536x1536":["https:\/\/www.internetsociety.org\/wp-content\/uploads\/2023\/11\/people-on-roof-computer-e1702056081636.jpg",1450,601,false],"2048x2048":["https:\/\/www.internetsociety.org\/wp-content\/uploads\/2023\/11\/people-on-roof-computer-e1702056081636.jpg",1450,601,false],"post-thumbnail":["https:\/\/www.internetsociety.org\/wp-content\/uploads\/2023\/11\/people-on-roof-computer-250x104.jpg",250,104,true],"square":["https:\/\/www.internetsociety.org\/wp-content\/uploads\/2023\/11\/people-on-roof-computer-600x600.jpg",600,600,true],"gform-image-choice-sm":["https:\/\/www.internetsociety.org\/wp-content\/uploads\/2023\/11\/people-on-roof-computer-e1702056081636.jpg",300,124,false],"gform-image-choice-md":["https:\/\/www.internetsociety.org\/wp-content\/uploads\/2023\/11\/people-on-roof-computer-e1702056081636.jpg",400,166,false],"gform-image-choice-lg":["https:\/\/www.internetsociety.org\/wp-content\/uploads\/2023\/11\/people-on-roof-computer-e1702056081636.jpg",600,249,false]},"uagb_author_info":{"display_name":"Internet Society","author_link":"https:\/\/www.internetsociety.org\/es\/author\/isoc\/"},"uagb_comment_info":0,"uagb_excerpt":"\u00bfNecesita m\u00e1s informaci\u00f3n?Acceda a documentaci\u00f3n adicional, casos pr\u00e1cticos, capacitaci\u00f3n en l\u00ednea y otros recursos que pueden ayudarle a planificar e implementar una red comunitaria.","_links":{"self":[{"href":"https:\/\/www.internetsociety.org\/es\/wp-json\/wp\/v2\/pages\/228139","targetHints":{"allow":["GET"]}}],"collection":[{"href":"https:\/\/www.internetsociety.org\/es\/wp-json\/wp\/v2\/pages"}],"about":[{"href":"https:\/\/www.internetsociety.org\/es\/wp-json\/wp\/v2\/types\/page"}],"author":[{"embeddable":true,"href":"https:\/\/www.internetsociety.org\/es\/wp-json\/wp\/v2\/users\/11"}],"replies":[{"embeddable":true,"href":"https:\/\/www.internetsociety.org\/es\/wp-json\/wp\/v2\/comments?post=228139"}],"version-history":[{"count":0,"href":"https:\/\/www.internetsociety.org\/es\/wp-json\/wp\/v2\/pages\/228139\/revisions"}],"up":[{"embeddable":true,"href":"https:\/\/www.internetsociety.org\/es\/wp-json\/wp\/v2\/pages\/226890"}],"wp:featuredmedia":[{"embeddable":true,"href":"https:\/\/www.internetsociety.org\/es\/wp-json\/wp\/v2\/media\/202500"}],"wp:attachment":[{"href":"https:\/\/www.internetsociety.org\/es\/wp-json\/wp\/v2\/media?parent=228139"}],"wp:term":[{"taxonomy":"category","embeddable":true,"href":"https:\/\/www.internetsociety.org\/es\/wp-json\/wp\/v2\/categories?post=228139"},{"taxonomy":"post_tag","embeddable":true,"href":"https:\/\/www.internetsociety.org\/es\/wp-json\/wp\/v2\/tags?post=228139"},{"taxonomy":"region_news_regions","embeddable":true,"href":"https:\/\/www.internetsociety.org\/es\/wp-json\/wp\/v2\/region_news_regions?post=228139"},{"taxonomy":"content_category","embeddable":true,"href":"https:\/\/www.internetsociety.org\/es\/wp-json\/wp\/v2\/content_category?post=228139"},{"taxonomy":"author","embeddable":true,"href":"https:\/\/www.internetsociety.org\/es\/wp-json\/wp\/v2\/ppma_author?post=228139"}],"curies":[{"name":"wp","href":"https:\/\/api.w.org\/{rel}","templated":true}]}}