{"id":227133,"date":"2023-10-31T09:33:00","date_gmt":"2023-10-31T09:33:00","guid":{"rendered":"https:\/\/www.internetsociety.org\/?page_id=227133"},"modified":"2025-09-24T10:55:07","modified_gmt":"2025-09-24T10:55:07","slug":"desplegar-la-red-comunitaria","status":"publish","type":"page","link":"https:\/\/www.internetsociety.org\/es\/resources\/community-network-diy-toolkit\/deploy-the-community-network\/","title":{"rendered":"9. Desplegar la red comunitaria"},"content":{"rendered":"\n<section class=\"wp-block-uagb-columns uagb-columns__wrap uagb-columns__background-image uagb-columns__stack-mobile uagb-columns__valign- uagb-columns__gap-10 align uagb-block-1b60d478 uagb-columns__columns-1 uagb-columns__max_width-theme background-image-fallback-black uag-hide-tab uag-hide-mob\"><div class=\"uagb-columns__overlay\"><\/div><div class=\"uagb-columns__inner-wrap uagb-columns__columns-1\">\n<div class=\"wp-block-uagb-column uagb-column__wrap uagb-column__background-undefined uagb-block-6da44868\"><div class=\"uagb-column__overlay\"><\/div>\n<p class=\"has-neutral-white-color has-text-color has-18-font-size\"><a href=\"https:\/\/internetsociety.org\/es\/resources\/community-network-diy-toolkit\/\">Kit de herramientas \u201ch\u00e1galo usted mismo\u201d para redes comunitarias<\/a> &gt; Desplegar la red comunitaria<\/p>\n\n\n\n<div style=\"height:30px\" aria-hidden=\"true\" class=\"wp-block-spacer\"><\/div>\n\n\n\n<h1 class=\"wp-block-heading has-neutral-white-color has-text-color\">9. Desplegar<br>la red comunitaria<\/h1>\n<\/div>\n<\/div><\/section>\n\n\n\n<div class=\"wp-block-columns uag-hide-desktop is-layout-flex wp-container-core-columns-is-layout-9d6595d7 wp-block-columns-is-layout-flex\">\n<div class=\"wp-block-column uag-hide-tab uag-hide-mob is-layout-flow wp-block-column-is-layout-flow\" style=\"flex-basis:10%\"><\/div>\n\n\n\n<div class=\"wp-block-column is-layout-flow wp-block-column-is-layout-flow\" style=\"flex-basis:80%\">\n<div style=\"height:30px\" aria-hidden=\"true\" class=\"wp-block-spacer uag-hide-desktop\"><\/div>\n\n\n\n<p class=\"has-text-align-left has-18-font-size\"><a href=\"https:\/\/internetsociety.org\/es\/resources\/community-network-diy-toolkit\/\">Kit de herramientas \u201ch\u00e1galo usted mismo\u201d para redes comunitarias<\/a> &gt;<\/p>\n\n\n\n<div style=\"height:10px\" aria-hidden=\"true\" class=\"wp-block-spacer\"><\/div>\n\n\n\n<h1 class=\"wp-block-heading has-text-align-left\">9. Desplegar la red comunitaria<\/h1>\n\n\n\n<div style=\"height:30px\" aria-hidden=\"true\" class=\"wp-block-spacer uag-hide-desktop\"><\/div>\n\n\n\n<figure class=\"wp-block-image size-large\"><img loading=\"lazy\" decoding=\"async\" width=\"1024\" height=\"683\" src=\"https:\/\/www.internetsociety.org\/wp-content\/uploads\/2022\/06\/men-antenna-installation-min-1024x683.jpg\" alt=\"two men climbing on an antenna\" class=\"wp-image-173011\" srcset=\"https:\/\/www.internetsociety.org\/wp-content\/uploads\/2022\/06\/men-antenna-installation-min-1024x683.jpg 1024w, https:\/\/www.internetsociety.org\/wp-content\/uploads\/2022\/06\/men-antenna-installation-min-450x300.jpg 450w, https:\/\/www.internetsociety.org\/wp-content\/uploads\/2022\/06\/men-antenna-installation-min-768x512.jpg 768w, https:\/\/www.internetsociety.org\/wp-content\/uploads\/2022\/06\/men-antenna-installation-min-250x167.jpg 250w, https:\/\/www.internetsociety.org\/wp-content\/uploads\/2022\/06\/men-antenna-installation-min.jpg 1500w\" sizes=\"auto, (max-width: 1024px) 100vw, 1024px\" \/><\/figure>\n<\/div>\n\n\n\n<div class=\"wp-block-column uag-hide-tab uag-hide-mob is-layout-flow wp-block-column-is-layout-flow\" style=\"flex-basis:10%\"><\/div>\n<\/div>\n\n\n\n<div class=\"wp-block-columns is-layout-flex wp-container-core-columns-is-layout-9d6595d7 wp-block-columns-is-layout-flex\">\n<div class=\"wp-block-column uag-hide-tab uag-hide-mob is-layout-flow wp-block-column-is-layout-flow\" style=\"flex-basis:10%\"><\/div>\n\n\n\n<div class=\"wp-block-column is-layout-flow wp-block-column-is-layout-flow\" style=\"flex-basis:80%\">\n<div style=\"height:40px\" aria-hidden=\"true\" class=\"wp-block-spacer uag-hide-tab uag-hide-mob\"><\/div>\n\n\n\n<div style=\"height:20px\" aria-hidden=\"true\" class=\"wp-block-spacer uag-hide-desktop\"><\/div>\n\n\n\n<h2 class=\"wp-block-heading has-accent-purple-color has-text-color has-48-font-size\" id=\"we-will-equip-the-global-encryption-coalition-and-the-internet-society-community-with-the-tools-needed-to-help-increase-awareness-of-the-value-of-encryption\">\u00a1Lleg\u00f3 el momento de conectar!<\/h2>\n\n\n\n<div style=\"height:30px\" aria-hidden=\"true\" class=\"wp-block-spacer\"><\/div>\n\n\n\n<p class=\"has-18-font-size\">Despu\u00e9s de completar los pasos de investigaci\u00f3n, planificaci\u00f3n y participaci\u00f3n, es hora de llevar la conectividad a su comunidad. Esta fase del proyecto no solo implica la instalaci\u00f3n de la infraestructura f\u00edsica, sino tambi\u00e9n la capacitaci\u00f3n de las personas que utilizar\u00e1n la red, la comunicaci\u00f3n sobre el proyecto y la puesta en marcha de todos los planes de negocio y sostenibilidad.<\/p>\n\n\n\n<div class=\"wp-block-columns is-not-stacked-on-mobile has-neutral-white-background-color has-background is-layout-flex wp-container-core-columns-is-layout-9d6595d7 wp-block-columns-is-layout-flex\">\n<div class=\"wp-block-column is-layout-flow wp-block-column-is-layout-flow\" style=\"flex-basis:2%\"><\/div>\n\n\n\n<div class=\"wp-block-column is-layout-flow wp-block-column-is-layout-flow\" style=\"flex-basis:90%\">\n<div style=\"height:30px\" aria-hidden=\"true\" class=\"wp-block-spacer\"><\/div>\n\n\n\n<h3 class=\"wp-block-heading has-32-font-size\">Puntos clave<\/h3>\n\n\n\n<div style=\"height:20px\" aria-hidden=\"true\" class=\"wp-block-spacer\"><\/div>\n\n\n\n<ul class=\"wp-block-list has-18-font-size\">\n<li>Todo el trabajo previo conduce a este momento. Ya deber\u00eda tener un plan de proyecto en desarrollo. Si a\u00fan no hay una persona encargada de la gesti\u00f3n del proyecto, este es un buen momento para designar a alguien que trabaje en la preparaci\u00f3n de la infraestructura f\u00edsica y los componentes finales.<\/li>\n\n\n\n<li>La comunicaci\u00f3n ser\u00e1 clave para garantizar que las personas usuarias est\u00e9n preparadas para unirse a la nueva red.<\/li>\n\n\n\n<li>Tambi\u00e9n es fundamental contar con sistemas de respaldo, tanto para el software y los sistemas, como para el suministro de energ\u00eda.<\/li>\n\n\n\n<li>Al comenzar la implementaci\u00f3n, es importante contar con un sistema para la resoluci\u00f3n de problemas y el monitoreo de fallas, errores y solicitudes de mejoras.<\/li>\n<\/ul>\n\n\n\n<div style=\"height:30px\" aria-hidden=\"true\" class=\"wp-block-spacer\"><\/div>\n<\/div>\n\n\n\n<div class=\"wp-block-column is-layout-flow wp-block-column-is-layout-flow\" style=\"flex-basis:2%\"><\/div>\n<\/div>\n\n\n\n<div style=\"height:20px\" aria-hidden=\"true\" class=\"wp-block-spacer uag-hide-tab uag-hide-mob\"><\/div>\n<\/div>\n\n\n\n<div class=\"wp-block-column uag-hide-tab uag-hide-mob is-layout-flow wp-block-column-is-layout-flow\" style=\"flex-basis:10%\"><\/div>\n<\/div>\n\n\n\n<section class=\"wp-block-uagb-columns uagb-columns__wrap uagb-columns__background-color uagb-columns__stack-mobile uagb-columns__valign- uagb-columns__gap-10 align uagb-block-3fc73a6d uagb-columns__columns-1 uagb-columns__max_width-theme\"><div class=\"uagb-columns__overlay\"><\/div><div class=\"uagb-columns__inner-wrap uagb-columns__columns-1\">\n<div class=\"wp-block-uagb-column uagb-column__wrap uagb-column__background-undefined uagb-block-cf0d325a\"><div class=\"uagb-column__overlay\"><\/div>\n<h4 class=\"wp-block-heading has-depth-green-color has-text-color\" id=\"how-the-ndss-symposium-helps-to-strengthen-the-internet\">Manos a la obra<\/h4>\n\n\n\n<div style=\"height:20px\" aria-hidden=\"true\" class=\"wp-block-spacer\"><\/div>\n\n\n\n<div class=\"wp-block-columns is-layout-flex wp-container-core-columns-is-layout-9d6595d7 wp-block-columns-is-layout-flex\">\n<div class=\"wp-block-column is-layout-flow wp-block-column-is-layout-flow\">\n<div class=\"wp-block-cover alignfull has-custom-content-position is-position-bottom-center\" style=\"margin-top:0;padding-top:48px;padding-right:48px;padding-bottom:48px;padding-left:48px\"><img loading=\"lazy\" decoding=\"async\" width=\"1450\" height=\"850\" class=\"wp-block-cover__image-background wp-image-197162\" alt=\"Workers with spades posing for a photo\" src=\"https:\/\/www.internetsociety.org\/wp-content\/uploads\/2023\/08\/Works-in-Nepal.jpg\" style=\"object-position:56% 69%\" data-object-fit=\"cover\" data-object-position=\"56% 69%\" srcset=\"https:\/\/www.internetsociety.org\/wp-content\/uploads\/2023\/08\/Works-in-Nepal.jpg 1450w, https:\/\/www.internetsociety.org\/wp-content\/uploads\/2023\/08\/Works-in-Nepal-450x264.jpg 450w, https:\/\/www.internetsociety.org\/wp-content\/uploads\/2023\/08\/Works-in-Nepal-1024x600.jpg 1024w, https:\/\/www.internetsociety.org\/wp-content\/uploads\/2023\/08\/Works-in-Nepal-768x450.jpg 768w, https:\/\/www.internetsociety.org\/wp-content\/uploads\/2023\/08\/Works-in-Nepal-250x147.jpg 250w\" sizes=\"auto, (max-width: 1450px) 100vw, 1450px\" \/><span aria-hidden=\"true\" class=\"wp-block-cover__background has-background-dim-30 has-background-dim\"><\/span><div class=\"wp-block-cover__inner-container is-layout-flow wp-block-cover-is-layout-flow\">\n<div class=\"wp-block-cover background-image-fallback-black has-neutral-white-color has-text-color has-18-font-size\" style=\"min-height:100px;aspect-ratio:unset;\"><span aria-hidden=\"true\" class=\"wp-block-cover__background has-depth-teal-background-color has-background-dim-100 has-background-dim\"><\/span><div class=\"wp-block-cover__inner-container is-layout-constrained wp-block-cover-is-layout-constrained\">\n<p class=\"has-text-align-left has-18-font-size\">Instale la infraestructura f\u00edsica.<\/p>\n<\/div><\/div>\n<\/div><\/div>\n<\/div>\n\n\n\n<div class=\"wp-block-column is-layout-flow wp-block-column-is-layout-flow\">\n<div class=\"wp-block-cover alignfull has-custom-content-position is-position-bottom-center\" style=\"margin-top:0;padding-top:48px;padding-right:48px;padding-bottom:48px;padding-left:48px\"><img loading=\"lazy\" decoding=\"async\" width=\"600\" height=\"400\" class=\"wp-block-cover__image-background wp-image-201220\" alt=\"People sitting at the table with laptops photographed from above\" src=\"https:\/\/www.internetsociety.org\/wp-content\/uploads\/2023\/10\/Community-Networks-Summit-South-Africa-8.jpg\" data-object-fit=\"cover\" srcset=\"https:\/\/www.internetsociety.org\/wp-content\/uploads\/2023\/10\/Community-Networks-Summit-South-Africa-8.jpg 600w, https:\/\/www.internetsociety.org\/wp-content\/uploads\/2023\/10\/Community-Networks-Summit-South-Africa-8-450x300.jpg 450w, https:\/\/www.internetsociety.org\/wp-content\/uploads\/2023\/10\/Community-Networks-Summit-South-Africa-8-250x167.jpg 250w\" sizes=\"auto, (max-width: 600px) 100vw, 600px\" \/><span aria-hidden=\"true\" class=\"wp-block-cover__background has-background-dim-30 has-background-dim\"><\/span><div class=\"wp-block-cover__inner-container is-layout-flow wp-block-cover-is-layout-flow\">\n<div class=\"wp-block-cover background-image-fallback-black has-neutral-white-color has-text-color has-18-font-size\" style=\"min-height:100px;aspect-ratio:unset;\"><span aria-hidden=\"true\" class=\"wp-block-cover__background has-depth-teal-background-color has-background-dim-100 has-background-dim\"><\/span><div class=\"wp-block-cover__inner-container is-layout-constrained wp-block-cover-is-layout-constrained\">\n<p class=\"has-text-align-left has-18-font-size\">Obtenga todos los permisos y licencias necesarios.<\/p>\n<\/div><\/div>\n<\/div><\/div>\n<\/div>\n\n\n\n<div class=\"wp-block-column is-layout-flow wp-block-column-is-layout-flow\">\n<div class=\"wp-block-cover alignfull has-custom-content-position is-position-bottom-center\" style=\"margin-top:0;padding-top:48px;padding-right:48px;padding-bottom:48px;padding-left:48px\"><img loading=\"lazy\" decoding=\"async\" width=\"600\" height=\"400\" class=\"wp-block-cover__image-background wp-image-201205\" alt=\"A group of people in Bolivia cutting the ribbon of a new CN\" src=\"https:\/\/www.internetsociety.org\/wp-content\/uploads\/2023\/10\/Community-netwotk-Bolivia.jpg\" data-object-fit=\"cover\" srcset=\"https:\/\/www.internetsociety.org\/wp-content\/uploads\/2023\/10\/Community-netwotk-Bolivia.jpg 600w, https:\/\/www.internetsociety.org\/wp-content\/uploads\/2023\/10\/Community-netwotk-Bolivia-450x300.jpg 450w, https:\/\/www.internetsociety.org\/wp-content\/uploads\/2023\/10\/Community-netwotk-Bolivia-250x167.jpg 250w\" sizes=\"auto, (max-width: 600px) 100vw, 600px\" \/><span aria-hidden=\"true\" class=\"wp-block-cover__background has-background-dim-30 has-background-dim\"><\/span><div class=\"wp-block-cover__inner-container is-layout-flow wp-block-cover-is-layout-flow\">\n<div class=\"wp-block-cover background-image-fallback-black has-neutral-white-color has-text-color has-18-font-size\" style=\"min-height:100px;aspect-ratio:unset;\"><span aria-hidden=\"true\" class=\"wp-block-cover__background has-depth-teal-background-color has-background-dim-100 has-background-dim\"><\/span><div class=\"wp-block-cover__inner-container is-layout-constrained wp-block-cover-is-layout-constrained\">\n<p class=\"has-text-align-left has-18-font-size\">Inaugure la red.<\/p>\n<\/div><\/div>\n<\/div><\/div>\n<\/div>\n<\/div>\n\n\n\n<div class=\"wp-block-columns is-layout-flex wp-container-core-columns-is-layout-9d6595d7 wp-block-columns-is-layout-flex\">\n<div class=\"wp-block-column is-layout-flow wp-block-column-is-layout-flow\">\n<div class=\"wp-block-cover alignfull has-custom-content-position is-position-bottom-center has-18-font-size\" style=\"margin-top:0;padding-top:48px;padding-right:48px;padding-bottom:48px;padding-left:48px\"><img loading=\"lazy\" decoding=\"async\" width=\"600\" height=\"400\" class=\"wp-block-cover__image-background wp-image-201214\" alt=\"Three women crimping cables at the Africa CN summit\" src=\"https:\/\/www.internetsociety.org\/wp-content\/uploads\/2023\/10\/Community-Networks-Summit-South-Africa-7.jpg\" data-object-fit=\"cover\" srcset=\"https:\/\/www.internetsociety.org\/wp-content\/uploads\/2023\/10\/Community-Networks-Summit-South-Africa-7.jpg 600w, https:\/\/www.internetsociety.org\/wp-content\/uploads\/2023\/10\/Community-Networks-Summit-South-Africa-7-450x300.jpg 450w, https:\/\/www.internetsociety.org\/wp-content\/uploads\/2023\/10\/Community-Networks-Summit-South-Africa-7-250x167.jpg 250w\" sizes=\"auto, (max-width: 600px) 100vw, 600px\" \/><span aria-hidden=\"true\" class=\"wp-block-cover__background has-background-dim-30 has-background-dim\"><\/span><div class=\"wp-block-cover__inner-container is-layout-flow wp-block-cover-is-layout-flow\">\n<div class=\"wp-block-cover has-custom-content-position is-position-bottom-center background-image-fallback-black has-neutral-white-color has-text-color\" style=\"min-height:100px;aspect-ratio:unset;\"><span aria-hidden=\"true\" class=\"wp-block-cover__background has-depth-teal-background-color has-background-dim-100 has-background-dim\"><\/span><div class=\"wp-block-cover__inner-container is-layout-constrained wp-block-cover-is-layout-constrained\">\n<p class=\"has-text-align-left has-18-font-size\">Ofrezca capacitaci\u00f3n y apoyo para ayudar a que las personas se conecten a Internet.<\/p>\n<\/div><\/div>\n<\/div><\/div>\n<\/div>\n\n\n\n<div class=\"wp-block-column is-layout-flow wp-block-column-is-layout-flow\">\n<div class=\"wp-block-cover alignfull is-light has-custom-content-position is-position-bottom-center has-18-font-size\" style=\"margin-top:0;padding-top:48px;padding-right:48px;padding-bottom:48px;padding-left:48px\"><img loading=\"lazy\" decoding=\"async\" width=\"1000\" height=\"667\" class=\"wp-block-cover__image-background wp-image-138146\" alt=\"A woman holding a wireless antenna in Hawaii\" src=\"https:\/\/www.internetsociety.org\/wp-content\/uploads\/2021\/04\/Medium-WaimanaloInternetSociety074.jpg\" data-object-fit=\"cover\" srcset=\"https:\/\/www.internetsociety.org\/wp-content\/uploads\/2021\/04\/Medium-WaimanaloInternetSociety074.jpg 1000w, https:\/\/www.internetsociety.org\/wp-content\/uploads\/2021\/04\/Medium-WaimanaloInternetSociety074-450x300.jpg 450w, https:\/\/www.internetsociety.org\/wp-content\/uploads\/2021\/04\/Medium-WaimanaloInternetSociety074-768x512.jpg 768w, https:\/\/www.internetsociety.org\/wp-content\/uploads\/2021\/04\/Medium-WaimanaloInternetSociety074-250x167.jpg 250w\" sizes=\"auto, (max-width: 1000px) 100vw, 1000px\" \/><span aria-hidden=\"true\" class=\"wp-block-cover__background has-background-dim-30 has-background-dim\"><\/span><div class=\"wp-block-cover__inner-container is-layout-flow wp-block-cover-is-layout-flow\">\n<div class=\"wp-block-cover background-image-fallback-black has-neutral-white-color has-text-color\" style=\"min-height:100px;aspect-ratio:unset;\"><span aria-hidden=\"true\" class=\"wp-block-cover__background has-depth-teal-background-color has-background-dim-100 has-background-dim\"><\/span><div class=\"wp-block-cover__inner-container is-layout-constrained wp-block-cover-is-layout-constrained\">\n<p class=\"has-text-align-left has-18-font-size\">Ofrezca soporte continuo.<\/p>\n<\/div><\/div>\n<\/div><\/div>\n<\/div>\n\n\n\n<div class=\"wp-block-column is-layout-flow wp-block-column-is-layout-flow\">\n<div class=\"wp-block-cover alignfull is-light has-custom-content-position is-position-bottom-center\" style=\"margin-top:0;padding-top:48px;padding-right:48px;padding-bottom:48px;padding-left:48px\"><img loading=\"lazy\" decoding=\"async\" width=\"600\" height=\"400\" class=\"wp-block-cover__image-background wp-image-201525\" alt=\"Woman operating an electrical panel in Bolivia\" src=\"https:\/\/www.internetsociety.org\/wp-content\/uploads\/2023\/10\/woman-operating-panel-NANUM.jpg\" data-object-fit=\"cover\" srcset=\"https:\/\/www.internetsociety.org\/wp-content\/uploads\/2023\/10\/woman-operating-panel-NANUM.jpg 600w, https:\/\/www.internetsociety.org\/wp-content\/uploads\/2023\/10\/woman-operating-panel-NANUM-450x300.jpg 450w, https:\/\/www.internetsociety.org\/wp-content\/uploads\/2023\/10\/woman-operating-panel-NANUM-250x167.jpg 250w\" sizes=\"auto, (max-width: 600px) 100vw, 600px\" \/><span aria-hidden=\"true\" class=\"wp-block-cover__background has-background-dim-30 has-background-dim\"><\/span><div class=\"wp-block-cover__inner-container is-layout-flow wp-block-cover-is-layout-flow\">\n<div class=\"wp-block-cover background-image-fallback-black has-neutral-white-color has-text-color has-18-font-size\" style=\"min-height:100px;aspect-ratio:unset;\"><span aria-hidden=\"true\" class=\"wp-block-cover__background has-depth-teal-background-color has-background-dim-100 has-background-dim\"><\/span><div class=\"wp-block-cover__inner-container is-layout-constrained wp-block-cover-is-layout-constrained\">\n<p class=\"has-text-align-left has-18-font-size\">Aseg\u00farese de contar con un sistema para la detecci\u00f3n y resoluci\u00f3n de problemas.<\/p>\n<\/div><\/div>\n<\/div><\/div>\n<\/div>\n<\/div>\n<\/div>\n<\/div><\/section>\n\n\n\n<div class=\"wp-block-columns margin-bottom-0 is-layout-flex wp-container-core-columns-is-layout-9d6595d7 wp-block-columns-is-layout-flex\">\n<div class=\"wp-block-column is-layout-flow wp-block-column-is-layout-flow\" style=\"flex-basis:10%\"><\/div>\n\n\n\n<div class=\"wp-block-column is-layout-flow wp-block-column-is-layout-flow\" style=\"flex-basis:80%\">\n<div style=\"height:40px\" aria-hidden=\"true\" class=\"wp-block-spacer uag-hide-tab uag-hide-mob\"><\/div>\n\n\n\n<h4 class=\"wp-block-heading has-text-align-left\">M\u00e1s informaci\u00f3n<\/h4>\n\n\n\n<div style=\"height:20px\" aria-hidden=\"true\" class=\"wp-block-spacer\"><\/div>\n\n\n\n<ul class=\"wp-block-list has-18-font-size\">\n<li><span class=\"tadv-color\" style=\"color:#2b72d6\"><a href=\"https:\/\/www.internetsociety.org\/es\/resources\/doc\/2022\/manual-de-evaluacion-de-la-preparacion-de-las-redes-comunitarias\/\" target=\"_blank\" rel=\"noreferrer noopener\">Manual de evaluaci\u00f3n de la preparaci\u00f3n de las redes comunitarias<\/a><\/span>, secci\u00f3n sobre \u201cPr\u00f3ximos pasos\u201d en la p\u00e1gina 87<\/li>\n\n\n\n<li>Cursos de capacitaci\u00f3n en l\u00ednea\n<ul class=\"wp-block-list\">\n<li><span class=\"tadv-color\" style=\"color:#2b72d6\"><a href=\"https:\/\/www.internetsociety.org\/es\/learning\/ddcn\/\">Dise\u00f1o e implementaci\u00f3n de redes inform\u00e1ticas<\/a><\/span><\/li>\n\n\n\n<li><span class=\"tadv-color\" style=\"color:#2b72d6\"><a href=\"https:\/\/www.internetsociety.org\/es\/learning\/network-operations\/\">Introducci\u00f3n a las operaciones de red<\/a><\/span><\/li>\n\n\n\n<li><span class=\"tadv-color\" style=\"color:#2b72d6\"><a href=\"http:\/\/internetsociety.org\/es\/learning\/advanced-network-operations\/\">Operaciones de red avanzadas 2.0<\/a><\/span><\/li>\n\n\n\n<li><span class=\"tadv-color\" style=\"color:#2b72d6\"><a href=\"https:\/\/blp.ieee.org\/courses\/building-wireless-community-networks-2-0\/\">Construcci\u00f3n de redes comunitarias inal\u00e1mbricas 2.0<\/a><\/span> (Internet Society, IEEE)<\/li>\n<\/ul>\n<\/li>\n<\/ul>\n\n\n\n<p class=\"has-18-font-size\"><a href=\"https:\/\/www.internetsociety.org\/es\/resources\/community-network-diy-toolkit\/monitor-maintain-and-improve\/\">Siguiente -&gt; 10. Monitorear, mantener y mejorar<\/a><\/p>\n\n\n\n<div style=\"height:30px\" aria-hidden=\"true\" class=\"wp-block-spacer uag-hide-tab uag-hide-mob\"><\/div>\n<\/div>\n\n\n\n<div class=\"wp-block-column is-layout-flow wp-block-column-is-layout-flow\" style=\"flex-basis:10%\"><\/div>\n<\/div>\n\n\n\n<p class=\"has-text-align-center has-neutral-white-color has-ground-navy-background-color has-text-color has-background has-12-font-size\">Derechos de autor:<br>\u00a9 Nyani Quarmyne, \u00a9 Naveed Haq, \u00a9 Nyani Quarmyne, \u00a9 Gustavo Castellanos Echaz\u00fa, \u00a9 Nyani Quarmyne, \u00a9 Elyse Butler, \u00a9 Gustavo Castellanos Echaz\u00fa<\/p>\n","protected":false},"excerpt":{"rendered":"<p><b>\u00a1Lleg\u00f3 el momento de conectar!<\/b><br \/>Despu\u00e9s de completar los pasos de investigaci\u00f3n, planificaci\u00f3n y participaci\u00f3n, es hora de llevar la conectividad a su comunidad.<\/p>\n","protected":false},"author":11,"featured_media":0,"parent":226890,"menu_order":0,"comment_status":"closed","ping_status":"closed","template":"page-wide.php","meta":{"_acf_changed":false,"_uag_custom_page_level_css":"","footnotes":""},"categories":[67,122],"tags":[],"region_news_regions":[6030],"content_category":[6106],"ppma_author":[6073],"class_list":["post-227133","page","type-page","status-publish","hentry","category-acceso-es","category-redes-comunitarias","region_news_regions-global","content_category-resources-type"],"acf":[],"uagb_featured_image_src":{"full":false,"thumbnail":false,"medium":false,"medium_large":false,"large":false,"1536x1536":false,"2048x2048":false,"post-thumbnail":false,"square":false,"gform-image-choice-sm":false,"gform-image-choice-md":false,"gform-image-choice-lg":false},"uagb_author_info":{"display_name":"Internet Society","author_link":"https:\/\/www.internetsociety.org\/es\/author\/isoc\/"},"uagb_comment_info":0,"uagb_excerpt":"\u00a1Lleg\u00f3 el momento de conectar!Despu\u00e9s de completar los pasos de investigaci\u00f3n, planificaci\u00f3n y participaci\u00f3n, es hora de llevar la conectividad a su comunidad.","_links":{"self":[{"href":"https:\/\/www.internetsociety.org\/es\/wp-json\/wp\/v2\/pages\/227133","targetHints":{"allow":["GET"]}}],"collection":[{"href":"https:\/\/www.internetsociety.org\/es\/wp-json\/wp\/v2\/pages"}],"about":[{"href":"https:\/\/www.internetsociety.org\/es\/wp-json\/wp\/v2\/types\/page"}],"author":[{"embeddable":true,"href":"https:\/\/www.internetsociety.org\/es\/wp-json\/wp\/v2\/users\/11"}],"replies":[{"embeddable":true,"href":"https:\/\/www.internetsociety.org\/es\/wp-json\/wp\/v2\/comments?post=227133"}],"version-history":[{"count":0,"href":"https:\/\/www.internetsociety.org\/es\/wp-json\/wp\/v2\/pages\/227133\/revisions"}],"up":[{"embeddable":true,"href":"https:\/\/www.internetsociety.org\/es\/wp-json\/wp\/v2\/pages\/226890"}],"wp:attachment":[{"href":"https:\/\/www.internetsociety.org\/es\/wp-json\/wp\/v2\/media?parent=227133"}],"wp:term":[{"taxonomy":"category","embeddable":true,"href":"https:\/\/www.internetsociety.org\/es\/wp-json\/wp\/v2\/categories?post=227133"},{"taxonomy":"post_tag","embeddable":true,"href":"https:\/\/www.internetsociety.org\/es\/wp-json\/wp\/v2\/tags?post=227133"},{"taxonomy":"region_news_regions","embeddable":true,"href":"https:\/\/www.internetsociety.org\/es\/wp-json\/wp\/v2\/region_news_regions?post=227133"},{"taxonomy":"content_category","embeddable":true,"href":"https:\/\/www.internetsociety.org\/es\/wp-json\/wp\/v2\/content_category?post=227133"},{"taxonomy":"author","embeddable":true,"href":"https:\/\/www.internetsociety.org\/es\/wp-json\/wp\/v2\/ppma_author?post=227133"}],"curies":[{"name":"wp","href":"https:\/\/api.w.org\/{rel}","templated":true}]}}