{"id":227108,"date":"2023-10-31T09:35:00","date_gmt":"2023-10-31T09:35:00","guid":{"rendered":"https:\/\/www.internetsociety.org\/?page_id=227108"},"modified":"2025-09-24T10:54:28","modified_gmt":"2025-09-24T10:54:28","slug":"investigar-la-sostenibilidad-financiera","status":"publish","type":"page","link":"https:\/\/www.internetsociety.org\/es\/resources\/community-network-diy-toolkit\/research-financial-sustainability\/","title":{"rendered":"6. Investigar la sostenibilidad financiera"},"content":{"rendered":"\n<section class=\"wp-block-uagb-columns uagb-columns__wrap uagb-columns__background-image uagb-columns__stack-mobile uagb-columns__valign- uagb-columns__gap-10 align uagb-block-1b60d478 uagb-columns__columns-1 uagb-columns__max_width-theme background-image-fallback-black uag-hide-tab uag-hide-mob\"><div class=\"uagb-columns__overlay\"><\/div><div class=\"uagb-columns__inner-wrap uagb-columns__columns-1\">\n<div class=\"wp-block-uagb-column uagb-column__wrap uagb-column__background-undefined uagb-block-6da44868\"><div class=\"uagb-column__overlay\"><\/div>\n<p class=\"has-neutral-white-color has-text-color has-18-font-size\"><a href=\"https:\/\/internetsociety.org\/es\/resources\/community-network-diy-toolkit\/\">Kit de herramientas \u201ch\u00e1galo usted mismo\u201d para redes comunitarias<\/a> &gt; Investigar la sostenibilidad financiera<\/p>\n\n\n\n<div style=\"height:30px\" aria-hidden=\"true\" class=\"wp-block-spacer\"><\/div>\n\n\n\n<h1 class=\"wp-block-heading has-neutral-white-color has-text-color\">6. Investigar<br>la sostenibilidad financiera<\/h1>\n<\/div>\n<\/div><\/section>\n\n\n\n<div class=\"wp-block-columns uag-hide-desktop is-layout-flex wp-container-core-columns-is-layout-9d6595d7 wp-block-columns-is-layout-flex\">\n<div class=\"wp-block-column uag-hide-tab uag-hide-mob is-layout-flow wp-block-column-is-layout-flow\" style=\"flex-basis:10%\"><\/div>\n\n\n\n<div class=\"wp-block-column is-layout-flow wp-block-column-is-layout-flow\" style=\"flex-basis:80%\">\n<div style=\"height:30px\" aria-hidden=\"true\" class=\"wp-block-spacer uag-hide-desktop\"><\/div>\n\n\n\n<p class=\"has-text-align-left has-18-font-size\"><a href=\"https:\/\/internetsociety.org\/es\/resources\/community-network-diy-toolkit\/\">Kit de herramientas \u201ch\u00e1galo usted mismo\u201d para redes comunitarias<\/a> &gt;<\/p>\n\n\n\n<div style=\"height:10px\" aria-hidden=\"true\" class=\"wp-block-spacer\"><\/div>\n\n\n\n<h1 class=\"wp-block-heading has-text-align-left\">6. Investigar la sostenibilidad financiera<\/h1>\n\n\n\n<div style=\"height:30px\" aria-hidden=\"true\" class=\"wp-block-spacer uag-hide-desktop\"><\/div>\n\n\n\n<figure class=\"wp-block-image size-full\"><img loading=\"lazy\" decoding=\"async\" width=\"600\" height=\"275\" src=\"https:\/\/www.internetsociety.org\/wp-content\/uploads\/2023\/10\/woman-looking-at-phone-hill.jpg\" alt=\"a woman looking at the phone sitting at the top of the hill\" class=\"wp-image-200044\" srcset=\"https:\/\/www.internetsociety.org\/wp-content\/uploads\/2023\/10\/woman-looking-at-phone-hill.jpg 600w, https:\/\/www.internetsociety.org\/wp-content\/uploads\/2023\/10\/woman-looking-at-phone-hill-450x206.jpg 450w, https:\/\/www.internetsociety.org\/wp-content\/uploads\/2023\/10\/woman-looking-at-phone-hill-250x115.jpg 250w\" sizes=\"auto, (max-width: 600px) 100vw, 600px\" \/><\/figure>\n<\/div>\n\n\n\n<div class=\"wp-block-column uag-hide-tab uag-hide-mob is-layout-flow wp-block-column-is-layout-flow\" style=\"flex-basis:10%\"><\/div>\n<\/div>\n\n\n\n<div class=\"wp-block-columns is-layout-flex wp-container-core-columns-is-layout-9d6595d7 wp-block-columns-is-layout-flex\">\n<div class=\"wp-block-column uag-hide-tab uag-hide-mob is-layout-flow wp-block-column-is-layout-flow\" style=\"flex-basis:10%\"><\/div>\n\n\n\n<div class=\"wp-block-column is-layout-flow wp-block-column-is-layout-flow\" style=\"flex-basis:80%\">\n<div style=\"height:40px\" aria-hidden=\"true\" class=\"wp-block-spacer uag-hide-tab uag-hide-mob\"><\/div>\n\n\n\n<div style=\"height:20px\" aria-hidden=\"true\" class=\"wp-block-spacer uag-hide-desktop\"><\/div>\n\n\n\n<h2 class=\"wp-block-heading has-accent-purple-color has-text-color has-48-font-size\" id=\"we-will-equip-the-global-encryption-coalition-and-the-internet-society-community-with-the-tools-needed-to-help-increase-awareness-of-the-value-of-encryption\">\u00bfC\u00f3mo financiar su red comunitaria a largo plazo?<\/h2>\n\n\n\n<div style=\"height:30px\" aria-hidden=\"true\" class=\"wp-block-spacer\"><\/div>\n\n\n\n<p class=\"has-18-font-size\">Si bien puede haber subvenciones y donaciones disponibles para iniciar una red comunitaria, depender de este tipo de financiamiento no es sostenible a largo plazo. Se requerir\u00e1 un gran esfuerzo para desarrollar un modelo de negocio que se adapte a su situaci\u00f3n y que garantice que las personas, las tecnolog\u00edas y los procesos puedan operar de forma sostenible a lo largo del tiempo.<\/p>\n\n\n\n<div class=\"wp-block-columns is-not-stacked-on-mobile has-neutral-white-background-color has-background is-layout-flex wp-container-core-columns-is-layout-9d6595d7 wp-block-columns-is-layout-flex\">\n<div class=\"wp-block-column is-layout-flow wp-block-column-is-layout-flow\" style=\"flex-basis:2%\"><\/div>\n\n\n\n<div class=\"wp-block-column is-layout-flow wp-block-column-is-layout-flow\" style=\"flex-basis:90%\">\n<div style=\"height:30px\" aria-hidden=\"true\" class=\"wp-block-spacer\"><\/div>\n\n\n\n<h3 class=\"wp-block-heading has-32-font-size\">Conceptos clave<\/h3>\n\n\n\n<div style=\"height:20px\" aria-hidden=\"true\" class=\"wp-block-spacer\"><\/div>\n\n\n\n<ul class=\"wp-block-list has-18-font-size\">\n<li>En las fases de inicio, mentor\u00eda y madurez operativa de una red comunitaria suelen aplicarse diferentes modelos de financiamiento e ingresos. Los costos, las fuentes de ingresos y las necesidades evolucionan a lo largo de estas etapas.<\/li>\n\n\n\n<li>Si bien cobrar a los usuarios una tarifa o costos de servicio genera ingresos, estos costos deben considerar los valores de la comunidad y su capacidad de pago real.<\/li>\n\n\n\n<li>La sostenibilidad a largo plazo se logra desarrollando eficiencias financieras y suficientes fuentes de ingresos.<\/li>\n\n\n\n<li>Las proyecciones financieras detalladas ayudan a evaluar exhaustivamente las ideas y los modelos de negocio, pero estas deben estar completamente fundamentadas en la realidad operativa.<\/li>\n\n\n\n<li>Enfoques estrat\u00e9gicos como la generaci\u00f3n de ingresos localizados y servicios compartidos con otras redes pueden tener un impacto positivo en la sostenibilidad.<\/li>\n<\/ul>\n\n\n\n<div style=\"height:30px\" aria-hidden=\"true\" class=\"wp-block-spacer\"><\/div>\n<\/div>\n\n\n\n<div class=\"wp-block-column is-layout-flow wp-block-column-is-layout-flow\" style=\"flex-basis:2%\"><\/div>\n<\/div>\n\n\n\n<div style=\"height:20px\" aria-hidden=\"true\" class=\"wp-block-spacer uag-hide-tab uag-hide-mob\"><\/div>\n<\/div>\n\n\n\n<div class=\"wp-block-column uag-hide-tab uag-hide-mob is-layout-flow wp-block-column-is-layout-flow\" style=\"flex-basis:10%\"><\/div>\n<\/div>\n\n\n\n<section class=\"wp-block-uagb-columns uagb-columns__wrap uagb-columns__background-color uagb-columns__stack-mobile uagb-columns__valign- uagb-columns__gap-10 align uagb-block-3fc73a6d uagb-columns__columns-1 uagb-columns__max_width-theme\"><div class=\"uagb-columns__overlay\"><\/div><div class=\"uagb-columns__inner-wrap uagb-columns__columns-1\">\n<div class=\"wp-block-uagb-column uagb-column__wrap uagb-column__background-undefined uagb-block-cf0d325a\"><div class=\"uagb-column__overlay\"><\/div>\n<h4 class=\"wp-block-heading has-depth-green-color has-text-color\" id=\"how-the-ndss-symposium-helps-to-strengthen-the-internet\">Manos a la obra<\/h4>\n\n\n\n<div style=\"height:20px\" aria-hidden=\"true\" class=\"wp-block-spacer\"><\/div>\n\n\n\n<div class=\"wp-block-columns is-layout-flex wp-container-core-columns-is-layout-9d6595d7 wp-block-columns-is-layout-flex\">\n<div class=\"wp-block-column is-layout-flow wp-block-column-is-layout-flow\">\n<div class=\"wp-block-cover alignfull has-custom-content-position is-position-bottom-center\" style=\"margin-top:0;padding-top:48px;padding-right:48px;padding-bottom:48px;padding-left:48px\"><img loading=\"lazy\" decoding=\"async\" width=\"1000\" height=\"667\" class=\"wp-block-cover__image-background wp-image-138137\" alt=\"a group of people around the computer searching for something online\" src=\"https:\/\/www.internetsociety.org\/wp-content\/uploads\/2021\/04\/Medium-WaimanaloInternetSociety002.jpg\" data-object-fit=\"cover\" srcset=\"https:\/\/www.internetsociety.org\/wp-content\/uploads\/2021\/04\/Medium-WaimanaloInternetSociety002.jpg 1000w, https:\/\/www.internetsociety.org\/wp-content\/uploads\/2021\/04\/Medium-WaimanaloInternetSociety002-450x300.jpg 450w, https:\/\/www.internetsociety.org\/wp-content\/uploads\/2021\/04\/Medium-WaimanaloInternetSociety002-768x512.jpg 768w, https:\/\/www.internetsociety.org\/wp-content\/uploads\/2021\/04\/Medium-WaimanaloInternetSociety002-250x167.jpg 250w\" sizes=\"auto, (max-width: 1000px) 100vw, 1000px\" \/><span aria-hidden=\"true\" class=\"wp-block-cover__background has-background-dim-30 has-background-dim\"><\/span><div class=\"wp-block-cover__inner-container is-layout-flow wp-block-cover-is-layout-flow\">\n<div class=\"wp-block-cover background-image-fallback-black has-neutral-white-color has-text-color has-18-font-size\" style=\"min-height:100px;aspect-ratio:unset;\"><span aria-hidden=\"true\" class=\"wp-block-cover__background has-depth-teal-background-color has-background-dim-100 has-background-dim\"><\/span><div class=\"wp-block-cover__inner-container is-layout-constrained wp-block-cover-is-layout-constrained\">\n<p class=\"has-text-align-left has-18-font-size\">Realice un estudio de mercado. Determine cu\u00e1nto gastan actualmente las personas en conectividad y cu\u00e1les son sus l\u00edmites de asequibilidad.<\/p>\n<\/div><\/div>\n<\/div><\/div>\n<\/div>\n\n\n\n<div class=\"wp-block-column is-layout-flow wp-block-column-is-layout-flow\">\n<div class=\"wp-block-cover alignfull is-light has-custom-content-position is-position-bottom-center\" style=\"margin-top:0;padding-top:48px;padding-right:48px;padding-bottom:48px;padding-left:48px\"><img loading=\"lazy\" decoding=\"async\" width=\"600\" height=\"400\" class=\"wp-block-cover__image-background wp-image-201165\" alt=\"Three women looking at the paper\" src=\"https:\/\/www.internetsociety.org\/wp-content\/uploads\/2023\/10\/Summit-on-Community-Networks-in-Africa-3.jpg\" data-object-fit=\"cover\" srcset=\"https:\/\/www.internetsociety.org\/wp-content\/uploads\/2023\/10\/Summit-on-Community-Networks-in-Africa-3.jpg 600w, https:\/\/www.internetsociety.org\/wp-content\/uploads\/2023\/10\/Summit-on-Community-Networks-in-Africa-3-450x300.jpg 450w, https:\/\/www.internetsociety.org\/wp-content\/uploads\/2023\/10\/Summit-on-Community-Networks-in-Africa-3-250x167.jpg 250w\" sizes=\"auto, (max-width: 600px) 100vw, 600px\" \/><span aria-hidden=\"true\" class=\"wp-block-cover__background has-background-dim-30 has-background-dim\"><\/span><div class=\"wp-block-cover__inner-container is-layout-flow wp-block-cover-is-layout-flow\">\n<div class=\"wp-block-cover background-image-fallback-black has-neutral-white-color has-text-color has-18-font-size\" style=\"min-height:100px;aspect-ratio:unset;\"><span aria-hidden=\"true\" class=\"wp-block-cover__background has-depth-teal-background-color has-background-dim-100 has-background-dim\"><\/span><div class=\"wp-block-cover__inner-container is-layout-constrained wp-block-cover-is-layout-constrained\">\n<p class=\"has-text-align-left has-18-font-size\">Prepare una lista de los costos iniciales para instalar y operar la red comunitaria.<\/p>\n<\/div><\/div>\n<\/div><\/div>\n<\/div>\n<\/div>\n\n\n\n<div class=\"wp-block-columns is-layout-flex wp-container-core-columns-is-layout-9d6595d7 wp-block-columns-is-layout-flex\">\n<div class=\"wp-block-column is-layout-flow wp-block-column-is-layout-flow\">\n<div class=\"wp-block-cover alignfull has-custom-content-position is-position-bottom-center\" style=\"margin-top:0;padding-top:48px;padding-right:48px;padding-bottom:48px;padding-left:48px\"><img loading=\"lazy\" decoding=\"async\" width=\"1280\" height=\"550\" class=\"wp-block-cover__image-background wp-image-119340\" alt=\"A woman holds a tablet while a group of people look at it together in India\" src=\"https:\/\/www.internetsociety.org\/wp-content\/uploads\/2020\/07\/community-networks-covid-india.jpg\" style=\"object-position:49% 63%\" data-object-fit=\"cover\" data-object-position=\"49% 63%\" srcset=\"https:\/\/www.internetsociety.org\/wp-content\/uploads\/2020\/07\/community-networks-covid-india.jpg 1280w, https:\/\/www.internetsociety.org\/wp-content\/uploads\/2020\/07\/community-networks-covid-india-450x193.jpg 450w, https:\/\/www.internetsociety.org\/wp-content\/uploads\/2020\/07\/community-networks-covid-india-1024x440.jpg 1024w, https:\/\/www.internetsociety.org\/wp-content\/uploads\/2020\/07\/community-networks-covid-india-768x330.jpg 768w, https:\/\/www.internetsociety.org\/wp-content\/uploads\/2020\/07\/community-networks-covid-india-250x107.jpg 250w\" sizes=\"auto, (max-width: 1280px) 100vw, 1280px\" \/><span aria-hidden=\"true\" class=\"wp-block-cover__background has-background-dim-30 has-background-dim\"><\/span><div class=\"wp-block-cover__inner-container is-layout-flow wp-block-cover-is-layout-flow\">\n<div class=\"wp-block-cover background-image-fallback-black has-neutral-white-color has-text-color\" style=\"min-height:100px;aspect-ratio:unset;\"><span aria-hidden=\"true\" class=\"wp-block-cover__background has-depth-teal-background-color has-background-dim-100 has-background-dim\"><\/span><div class=\"wp-block-cover__inner-container is-layout-constrained wp-block-cover-is-layout-constrained\">\n<p class=\"has-text-align-left has-18-font-size\">Desarrolle un plan financiero s\u00f3lido.<\/p>\n<\/div><\/div>\n<\/div><\/div>\n<\/div>\n\n\n\n<div class=\"wp-block-column is-layout-flow wp-block-column-is-layout-flow\">\n<div class=\"wp-block-cover alignfull is-light has-custom-content-position is-position-bottom-center\" style=\"margin-top:0;padding-top:48px;padding-right:48px;padding-bottom:48px;padding-left:48px\"><img loading=\"lazy\" decoding=\"async\" width=\"600\" height=\"400\" class=\"wp-block-cover__image-background wp-image-201722\" alt=\"a group of women surfing the Internet in a huge conference room\" src=\"https:\/\/www.internetsociety.org\/wp-content\/uploads\/2023\/10\/NANUM-classroom.jpg\" data-object-fit=\"cover\" srcset=\"https:\/\/www.internetsociety.org\/wp-content\/uploads\/2023\/10\/NANUM-classroom.jpg 600w, https:\/\/www.internetsociety.org\/wp-content\/uploads\/2023\/10\/NANUM-classroom-450x300.jpg 450w, https:\/\/www.internetsociety.org\/wp-content\/uploads\/2023\/10\/NANUM-classroom-250x167.jpg 250w\" sizes=\"auto, (max-width: 600px) 100vw, 600px\" \/><span aria-hidden=\"true\" class=\"wp-block-cover__background has-background-dim-30 has-background-dim\"><\/span><div class=\"wp-block-cover__inner-container is-layout-flow wp-block-cover-is-layout-flow\">\n<div class=\"wp-block-cover background-image-fallback-black has-neutral-white-color has-text-color has-18-font-size\" style=\"min-height:100px;aspect-ratio:unset;\"><span aria-hidden=\"true\" class=\"wp-block-cover__background has-depth-teal-background-color has-background-dim-100 has-background-dim\"><\/span><div class=\"wp-block-cover__inner-container is-layout-constrained wp-block-cover-is-layout-constrained\">\n<p class=\"has-text-align-left has-18-font-size\">Investigue las <a href=\"https:\/\/www.internetsociety.org\/es\/funding-areas\/connecting-the-unconnected\/\">subvenciones disponibles<\/a>.<\/p>\n<\/div><\/div>\n<\/div><\/div>\n<\/div>\n<\/div>\n<\/div>\n<\/div><\/section>\n\n\n\n<div class=\"wp-block-columns margin-bottom-0 is-layout-flex wp-container-core-columns-is-layout-9d6595d7 wp-block-columns-is-layout-flex\">\n<div class=\"wp-block-column is-layout-flow wp-block-column-is-layout-flow\" style=\"flex-basis:10%\"><\/div>\n\n\n\n<div class=\"wp-block-column is-layout-flow wp-block-column-is-layout-flow\" style=\"flex-basis:80%\">\n<div style=\"height:40px\" aria-hidden=\"true\" class=\"wp-block-spacer uag-hide-tab uag-hide-mob\"><\/div>\n\n\n\n<h4 class=\"wp-block-heading has-text-align-left\">M\u00e1s informaci\u00f3n<\/h4>\n\n\n\n<div style=\"height:20px\" aria-hidden=\"true\" class=\"wp-block-spacer\"><\/div>\n\n\n\n<ul class=\"wp-block-list has-18-font-size\">\n<li><span class=\"tadv-color\" style=\"color:#2b72d6\"><a href=\"https:\/\/www.internetsociety.org\/es\/resources\/doc\/2022\/manual-de-evaluacion-de-la-preparacion-de-las-redes-comunitarias\/\">Manual de evaluaci\u00f3n de la preparaci\u00f3n de las redes comunitarias<\/a><\/span>, secciones tituladas \u201cSostenibilidad financiera\u201d y la planilla Excel \u201cHerramienta tecnoecon\u00f3mica para completar el libro de trabajo de finanzas\u201d<\/li>\n\n\n\n<li><span class=\"tadv-color\" style=\"color:#2b72d6\"><a href=\"https:\/\/www.internetsociety.org\/resources\/doc\/2022\/financing-mechanisms-for-locally-owned-internet-infrastructure\/\">Mecanismos de financiamiento para infraestructura de Internet de propiedad local<\/a><\/span><\/li>\n\n\n\n<li><span class=\"tadv-color\" style=\"color:#2b72d6\"><a href=\"https:\/\/www.internetsociety.org\/es\/funding-areas\/connecting-the-unconnected\/\">Programa de subvenciones Conectar a los desconectados<\/a><\/span> (Internet Society Foundation)<\/li>\n\n\n\n<li><span class=\"tadv-color\" style=\"color:#2b72d6\"><a href=\"https:\/\/comconnectivity.org\/wp-content\/uploads\/2021\/12\/Community-Networks-Towards-Sustainable-Funding-Models.pdf\">Redes comunitarias: hacia modelos de financiamiento sostenibles<\/a><\/span> (Dynamic Coalition on Community Connectivity)<\/li>\n\n\n\n<li><span class=\"tadv-color\" style=\"color:#2b72d6\"><a href=\"https:\/\/www.internetsociety.org\/resources\/doc\/2021\/guide-to-broadband-funding-opportunities-in-us\/\" target=\"_blank\" rel=\"noreferrer noopener\">Gu\u00eda sobre oportunidades de financiaci\u00f3n federal para banda ancha en EE. UU<\/a><\/span><\/li>\n<\/ul>\n\n\n\n<p class=\"has-18-font-size\"><a href=\"https:\/\/www.internetsociety.org\/es\/resources\/community-network-diy-toolkit\/decide-on-organization-structure\/\">Siguiente -> 7. Decidir la estructura de la organizaci\u00f3n<\/a><\/p>\n\n\n\n<div style=\"height:30px\" aria-hidden=\"true\" class=\"wp-block-spacer uag-hide-tab uag-hide-mob\"><\/div>\n<\/div>\n\n\n\n<div class=\"wp-block-column is-layout-flow wp-block-column-is-layout-flow\" style=\"flex-basis:10%\"><\/div>\n<\/div>\n\n\n\n<p class=\"has-text-align-center has-neutral-white-color has-ground-navy-background-color has-text-color has-background has-12-font-size\">Derechos de autor:<br>\u00a9 Nyani Quarmyne, \u00a9 Elyse Butler, \u00a9 Nyani Quarmyne, \u00a9 Atul Loke, \u00a9 Gustavo Castellanos Echaz\u00fa<\/p>\n","protected":false},"excerpt":{"rendered":"<p><b>\u00bfC\u00f3mo financiar su red comunitaria a largo plazo?<\/b><br \/>\nEs necesario desarrollar un modelo de negocio exitoso para garantizar que las personas, las tecnolog\u00edas y los procesos puedan operar de manera sostenible a lo largo del tiempo.<\/p>\n","protected":false},"author":11,"featured_media":176882,"parent":226890,"menu_order":0,"comment_status":"closed","ping_status":"closed","template":"page-wide.php","meta":{"_acf_changed":false,"_uag_custom_page_level_css":"","footnotes":""},"categories":[67,122],"tags":[],"region_news_regions":[6030],"content_category":[6106],"ppma_author":[6073],"class_list":["post-227108","page","type-page","status-publish","has-post-thumbnail","hentry","category-acceso-es","category-redes-comunitarias","region_news_regions-global","content_category-resources-type"],"acf":[],"uagb_featured_image_src":{"full":["https:\/\/www.internetsociety.org\/wp-content\/uploads\/2022\/08\/woman-looking-at-phone-hill.jpeg",1300,800,false],"thumbnail":["https:\/\/www.internetsociety.org\/wp-content\/uploads\/2022\/08\/woman-looking-at-phone-hill-150x150.jpeg",150,150,true],"medium":["https:\/\/www.internetsociety.org\/wp-content\/uploads\/2022\/08\/woman-looking-at-phone-hill-450x277.jpeg",450,277,true],"medium_large":["https:\/\/www.internetsociety.org\/wp-content\/uploads\/2022\/08\/woman-looking-at-phone-hill-768x473.jpeg",768,473,true],"large":["https:\/\/www.internetsociety.org\/wp-content\/uploads\/2022\/08\/woman-looking-at-phone-hill-1024x630.jpeg",1024,630,true],"1536x1536":["https:\/\/www.internetsociety.org\/wp-content\/uploads\/2022\/08\/woman-looking-at-phone-hill.jpeg",1300,800,false],"2048x2048":["https:\/\/www.internetsociety.org\/wp-content\/uploads\/2022\/08\/woman-looking-at-phone-hill.jpeg",1300,800,false],"post-thumbnail":["https:\/\/www.internetsociety.org\/wp-content\/uploads\/2022\/08\/woman-looking-at-phone-hill-250x154.jpeg",250,154,true],"square":["https:\/\/www.internetsociety.org\/wp-content\/uploads\/2022\/08\/woman-looking-at-phone-hill-600x600.jpeg",600,600,true],"gform-image-choice-sm":["https:\/\/www.internetsociety.org\/wp-content\/uploads\/2022\/08\/woman-looking-at-phone-hill.jpeg",300,185,false],"gform-image-choice-md":["https:\/\/www.internetsociety.org\/wp-content\/uploads\/2022\/08\/woman-looking-at-phone-hill.jpeg",400,246,false],"gform-image-choice-lg":["https:\/\/www.internetsociety.org\/wp-content\/uploads\/2022\/08\/woman-looking-at-phone-hill.jpeg",600,369,false]},"uagb_author_info":{"display_name":"Internet Society","author_link":"https:\/\/www.internetsociety.org\/es\/author\/isoc\/"},"uagb_comment_info":0,"uagb_excerpt":"\u00bfC\u00f3mo financiar su red comunitaria a largo plazo? Es necesario desarrollar un modelo de negocio exitoso para garantizar que las personas, las tecnolog\u00edas y los procesos puedan operar de manera sostenible a lo largo del tiempo.","_links":{"self":[{"href":"https:\/\/www.internetsociety.org\/es\/wp-json\/wp\/v2\/pages\/227108","targetHints":{"allow":["GET"]}}],"collection":[{"href":"https:\/\/www.internetsociety.org\/es\/wp-json\/wp\/v2\/pages"}],"about":[{"href":"https:\/\/www.internetsociety.org\/es\/wp-json\/wp\/v2\/types\/page"}],"author":[{"embeddable":true,"href":"https:\/\/www.internetsociety.org\/es\/wp-json\/wp\/v2\/users\/11"}],"replies":[{"embeddable":true,"href":"https:\/\/www.internetsociety.org\/es\/wp-json\/wp\/v2\/comments?post=227108"}],"version-history":[{"count":0,"href":"https:\/\/www.internetsociety.org\/es\/wp-json\/wp\/v2\/pages\/227108\/revisions"}],"up":[{"embeddable":true,"href":"https:\/\/www.internetsociety.org\/es\/wp-json\/wp\/v2\/pages\/226890"}],"wp:featuredmedia":[{"embeddable":true,"href":"https:\/\/www.internetsociety.org\/es\/wp-json\/wp\/v2\/media\/176882"}],"wp:attachment":[{"href":"https:\/\/www.internetsociety.org\/es\/wp-json\/wp\/v2\/media?parent=227108"}],"wp:term":[{"taxonomy":"category","embeddable":true,"href":"https:\/\/www.internetsociety.org\/es\/wp-json\/wp\/v2\/categories?post=227108"},{"taxonomy":"post_tag","embeddable":true,"href":"https:\/\/www.internetsociety.org\/es\/wp-json\/wp\/v2\/tags?post=227108"},{"taxonomy":"region_news_regions","embeddable":true,"href":"https:\/\/www.internetsociety.org\/es\/wp-json\/wp\/v2\/region_news_regions?post=227108"},{"taxonomy":"content_category","embeddable":true,"href":"https:\/\/www.internetsociety.org\/es\/wp-json\/wp\/v2\/content_category?post=227108"},{"taxonomy":"author","embeddable":true,"href":"https:\/\/www.internetsociety.org\/es\/wp-json\/wp\/v2\/ppma_author?post=227108"}],"curies":[{"name":"wp","href":"https:\/\/api.w.org\/{rel}","templated":true}]}}