{"id":226961,"date":"2023-10-31T09:38:00","date_gmt":"2023-10-31T09:38:00","guid":{"rendered":"https:\/\/www.internetsociety.org\/?page_id=226961"},"modified":"2025-09-24T10:54:01","modified_gmt":"2025-09-24T10:54:01","slug":"define-the-functions-and-services","status":"publish","type":"page","link":"https:\/\/www.internetsociety.org\/es\/resources\/community-network-diy-toolkit\/define-the-functions-and-services\/","title":{"rendered":"3. Definir funciones y servicios"},"content":{"rendered":"\n<section class=\"wp-block-uagb-columns uagb-columns__wrap uagb-columns__background-image uagb-columns__stack-mobile uagb-columns__valign- uagb-columns__gap-10 align uagb-block-1b60d478 uagb-columns__columns-1 uagb-columns__max_width-theme background-image-fallback-black uag-hide-tab uag-hide-mob\"><div class=\"uagb-columns__overlay\"><\/div><div class=\"uagb-columns__inner-wrap uagb-columns__columns-1\">\n<div class=\"wp-block-uagb-column uagb-column__wrap uagb-column__background-undefined uagb-block-6da44868\"><div class=\"uagb-column__overlay\"><\/div>\n<p class=\"has-neutral-white-color has-text-color has-18-font-size\"><a href=\"https:\/\/internetsociety.org\/es\/resources\/community-network-diy-toolkit\/\">Kit de herramientas \u201ch\u00e1galo usted mismo\u201d para redes comunitarias<\/a> &gt; Definir funciones y servicios<\/p>\n\n\n\n<div style=\"height:30px\" aria-hidden=\"true\" class=\"wp-block-spacer\"><\/div>\n\n\n\n<h1 class=\"wp-block-heading has-neutral-white-color has-text-color\">3. Definir<br>funciones y servicios<\/h1>\n<\/div>\n<\/div><\/section>\n\n\n\n<div class=\"wp-block-columns uag-hide-desktop is-layout-flex wp-container-core-columns-is-layout-9d6595d7 wp-block-columns-is-layout-flex\">\n<div class=\"wp-block-column uag-hide-tab uag-hide-mob is-layout-flow wp-block-column-is-layout-flow\" style=\"flex-basis:10%\"><\/div>\n\n\n\n<div class=\"wp-block-column is-layout-flow wp-block-column-is-layout-flow\" style=\"flex-basis:80%\">\n<div style=\"height:30px\" aria-hidden=\"true\" class=\"wp-block-spacer uag-hide-desktop\"><\/div>\n\n\n\n<p class=\"has-text-align-left has-18-font-size\"><a href=\"https:\/\/internetsociety.org\/es\/resources\/community-network-diy-toolkit\/\">Kit de herramientas \u201ch\u00e1galo usted mismo\u201d para redes comunitarias<\/a> &gt;<\/p>\n\n\n\n<div style=\"height:10px\" aria-hidden=\"true\" class=\"wp-block-spacer\"><\/div>\n\n\n\n<h1 class=\"wp-block-heading has-text-align-left\">3. Definir funciones y servicios<\/h1>\n\n\n\n<div style=\"height:30px\" aria-hidden=\"true\" class=\"wp-block-spacer uag-hide-desktop\"><\/div>\n\n\n\n<figure class=\"wp-block-image size-large\"><img loading=\"lazy\" decoding=\"async\" width=\"1201\" height=\"501\" src=\"https:\/\/www.internetsociety.org\/wp-content\/uploads\/2019\/12\/2019-nyc-mesh-installathon-e1698658856234.jpg\" alt=\"a girl holding laptop on a roof\" class=\"wp-image-108550\" srcset=\"https:\/\/www.internetsociety.org\/wp-content\/uploads\/2019\/12\/2019-nyc-mesh-installathon-e1698658856234.jpg 1201w, https:\/\/www.internetsociety.org\/wp-content\/uploads\/2019\/12\/2019-nyc-mesh-installathon-e1698658856234-450x188.jpg 450w, https:\/\/www.internetsociety.org\/wp-content\/uploads\/2019\/12\/2019-nyc-mesh-installathon-e1698658856234-1024x427.jpg 1024w, https:\/\/www.internetsociety.org\/wp-content\/uploads\/2019\/12\/2019-nyc-mesh-installathon-e1698658856234-768x320.jpg 768w, https:\/\/www.internetsociety.org\/wp-content\/uploads\/2019\/12\/2019-nyc-mesh-installathon-e1698658856234-250x104.jpg 250w\" sizes=\"auto, (max-width: 1201px) 100vw, 1201px\" \/><\/figure>\n<\/div>\n\n\n\n<div class=\"wp-block-column uag-hide-tab uag-hide-mob is-layout-flow wp-block-column-is-layout-flow\" style=\"flex-basis:10%\"><\/div>\n<\/div>\n\n\n\n<div class=\"wp-block-columns is-layout-flex wp-container-core-columns-is-layout-9d6595d7 wp-block-columns-is-layout-flex\">\n<div class=\"wp-block-column uag-hide-tab uag-hide-mob is-layout-flow wp-block-column-is-layout-flow\" style=\"flex-basis:10%\"><\/div>\n\n\n\n<div class=\"wp-block-column is-layout-flow wp-block-column-is-layout-flow\" style=\"flex-basis:80%\">\n<div style=\"height:40px\" aria-hidden=\"true\" class=\"wp-block-spacer uag-hide-tab uag-hide-mob\"><\/div>\n\n\n\n<div style=\"height:20px\" aria-hidden=\"true\" class=\"wp-block-spacer uag-hide-desktop\"><\/div>\n\n\n\n<h2 class=\"wp-block-heading has-accent-purple-color has-text-color has-48-font-size\" id=\"we-will-equip-the-global-encryption-coalition-and-the-internet-society-community-with-the-tools-needed-to-help-increase-awareness-of-the-value-of-encryption\">\u00bfQu\u00e9 servicios necesita la comunidad? \u00bfQu\u00e9 son las brechas de conectividad?<\/h2>\n\n\n\n<div style=\"height:30px\" aria-hidden=\"true\" class=\"wp-block-spacer\"><\/div>\n\n\n\n<p class=\"has-18-font-size\">Despu\u00e9s de comprender a la comunidad, es importante reflexionar profundamente sobre los servicios que su red comunitaria puede ofrecer. Algunas redes pueden ofrecer unos pocos puntos de acceso. Otras pueden brindar acceso a trav\u00e9s de un \u201ccentro comunitario\u201d, como una escuela o una biblioteca. Tambi\u00e9n hay redes que proporcionan conectividad directa a hogares o negocios. Mientras que algunas se limitan a proporcionar conectividad, otras tambi\u00e9n ayudan a los usuarios locales a crear contenido o prestan otros servicios orientados al desarrollo.<\/p>\n\n\n\n<div class=\"wp-block-columns is-not-stacked-on-mobile has-neutral-white-background-color has-background is-layout-flex wp-container-core-columns-is-layout-9d6595d7 wp-block-columns-is-layout-flex\">\n<div class=\"wp-block-column is-layout-flow wp-block-column-is-layout-flow\" style=\"flex-basis:2%\"><\/div>\n\n\n\n<div class=\"wp-block-column is-layout-flow wp-block-column-is-layout-flow\" style=\"flex-basis:90%\">\n<div style=\"height:30px\" aria-hidden=\"true\" class=\"wp-block-spacer\"><\/div>\n\n\n\n<h3 class=\"wp-block-heading has-32-font-size\">Conceptos clave<\/h3>\n\n\n\n<div style=\"height:20px\" aria-hidden=\"true\" class=\"wp-block-spacer\"><\/div>\n\n\n\n<ul class=\"wp-block-list has-18-font-size\">\n<li>Los servicios y funciones de una red comunitaria deben estar alineados directamente con lo que los miembros de la comunidad realmente valoran y priorizan. La participaci\u00f3n local en este proceso es clave.<\/li>\n\n\n\n<li>Adem\u00e1s de brindar servicios, las redes comunitarias pueden desempe\u00f1ar un papel social y econ\u00f3mico significativo dentro de las propias comunidades.<\/li>\n\n\n\n<li>Cuando se introducen nuevas tecnolog\u00edas, cada persona las adopta a su propio ritmo, por lo que no se puede esperar una adopci\u00f3n inmediata ni uniforme.<\/li>\n\n\n\n<li>En los debates sobre conectividad, quienes promueven estas iniciativas tienen la responsabilidad de abordar tanto los riesgos como los beneficios de las tecnolog\u00edas digitales y el acceso a Internet.<\/li>\n\n\n\n<li>El dise\u00f1o de los servicios y los mensajes de concientizaci\u00f3n deben adaptarse a los miembros de la comunidad, que tienen capacidades y niveles de alfabetizaci\u00f3n muy diferentes. La accesibilidad es importante.<\/li>\n<\/ul>\n\n\n\n<div style=\"height:30px\" aria-hidden=\"true\" class=\"wp-block-spacer\"><\/div>\n<\/div>\n\n\n\n<div class=\"wp-block-column is-layout-flow wp-block-column-is-layout-flow\" style=\"flex-basis:2%\"><\/div>\n<\/div>\n\n\n\n<div style=\"height:20px\" aria-hidden=\"true\" class=\"wp-block-spacer uag-hide-tab uag-hide-mob\"><\/div>\n<\/div>\n\n\n\n<div class=\"wp-block-column uag-hide-tab uag-hide-mob is-layout-flow wp-block-column-is-layout-flow\" style=\"flex-basis:10%\"><\/div>\n<\/div>\n\n\n\n<section class=\"wp-block-uagb-columns uagb-columns__wrap uagb-columns__background-color uagb-columns__stack-mobile uagb-columns__valign- uagb-columns__gap-10 align uagb-block-3fc73a6d uagb-columns__columns-1 uagb-columns__max_width-theme\"><div class=\"uagb-columns__overlay\"><\/div><div class=\"uagb-columns__inner-wrap uagb-columns__columns-1\">\n<div class=\"wp-block-uagb-column uagb-column__wrap uagb-column__background-undefined uagb-block-cf0d325a\"><div class=\"uagb-column__overlay\"><\/div>\n<h4 class=\"wp-block-heading has-depth-green-color has-text-color\" id=\"how-the-ndss-symposium-helps-to-strengthen-the-internet\">Manos a la obra<\/h4>\n\n\n\n<div style=\"height:20px\" aria-hidden=\"true\" class=\"wp-block-spacer\"><\/div>\n\n\n\n<div class=\"wp-block-columns is-layout-flex wp-container-core-columns-is-layout-9d6595d7 wp-block-columns-is-layout-flex\">\n<div class=\"wp-block-column is-layout-flow wp-block-column-is-layout-flow\">\n<div class=\"wp-block-cover alignfull has-custom-content-position is-position-bottom-center has-18-font-size\" style=\"margin-top:0;padding-top:48px;padding-right:48px;padding-bottom:48px;padding-left:48px\"><img loading=\"lazy\" decoding=\"async\" width=\"600\" height=\"400\" class=\"wp-block-cover__image-background wp-image-201100\" alt=\"Three little girls studying from a school textbook in Nepal\" src=\"https:\/\/www.internetsociety.org\/wp-content\/uploads\/2023\/10\/Children-in-Nepal.jpg\" data-object-fit=\"cover\" srcset=\"https:\/\/www.internetsociety.org\/wp-content\/uploads\/2023\/10\/Children-in-Nepal.jpg 600w, https:\/\/www.internetsociety.org\/wp-content\/uploads\/2023\/10\/Children-in-Nepal-450x300.jpg 450w, https:\/\/www.internetsociety.org\/wp-content\/uploads\/2023\/10\/Children-in-Nepal-250x167.jpg 250w\" sizes=\"auto, (max-width: 600px) 100vw, 600px\" \/><span aria-hidden=\"true\" class=\"wp-block-cover__background has-background-dim-30 has-background-dim\"><\/span><div class=\"wp-block-cover__inner-container is-layout-flow wp-block-cover-is-layout-flow\">\n<div class=\"wp-block-cover background-image-fallback-black has-neutral-white-color has-text-color\" style=\"min-height:100px;aspect-ratio:unset;\"><span aria-hidden=\"true\" class=\"wp-block-cover__background has-depth-teal-background-color has-background-dim-100 has-background-dim\"><\/span><div class=\"wp-block-cover__inner-container is-layout-constrained wp-block-cover-is-layout-constrained\">\n<p class=\"has-text-align-left has-18-font-size\">Identifique las brechas de conectividad que existen en la comunidad.<\/p>\n<\/div><\/div>\n<\/div><\/div>\n<\/div>\n\n\n\n<div class=\"wp-block-column is-layout-flow wp-block-column-is-layout-flow\">\n<div class=\"wp-block-cover alignfull is-light has-custom-content-position is-position-bottom-center has-18-font-size\" style=\"margin-top:0;padding-top:48px;padding-right:48px;padding-bottom:48px;padding-left:48px\"><img loading=\"lazy\" decoding=\"async\" width=\"1000\" height=\"667\" class=\"wp-block-cover__image-background wp-image-197159\" alt=\"a man in a winter jacket sitting in a computer room\" src=\"https:\/\/www.internetsociety.org\/wp-content\/uploads\/2023\/08\/Chhepal-computer-room.jpg\" data-object-fit=\"cover\" srcset=\"https:\/\/www.internetsociety.org\/wp-content\/uploads\/2023\/08\/Chhepal-computer-room.jpg 1000w, https:\/\/www.internetsociety.org\/wp-content\/uploads\/2023\/08\/Chhepal-computer-room-450x300.jpg 450w, https:\/\/www.internetsociety.org\/wp-content\/uploads\/2023\/08\/Chhepal-computer-room-768x512.jpg 768w, https:\/\/www.internetsociety.org\/wp-content\/uploads\/2023\/08\/Chhepal-computer-room-250x167.jpg 250w\" sizes=\"auto, (max-width: 1000px) 100vw, 1000px\" \/><span aria-hidden=\"true\" class=\"wp-block-cover__background has-background-dim-30 has-background-dim\"><\/span><div class=\"wp-block-cover__inner-container is-layout-flow wp-block-cover-is-layout-flow\">\n<div class=\"wp-block-cover background-image-fallback-black has-neutral-white-color has-text-color\" style=\"min-height:100px;aspect-ratio:unset;\"><span aria-hidden=\"true\" class=\"wp-block-cover__background has-depth-teal-background-color has-background-dim-100 has-background-dim\"><\/span><div class=\"wp-block-cover__inner-container is-layout-constrained wp-block-cover-is-layout-constrained\">\n<p class=\"has-text-align-left has-18-font-size\">Desarrolle una lista de las posibles funciones, servicios y roles de la red comunitaria.<\/p>\n<\/div><\/div>\n<\/div><\/div>\n<\/div>\n\n\n\n<div class=\"wp-block-column is-layout-flow wp-block-column-is-layout-flow\">\n<div class=\"wp-block-cover alignfull has-custom-content-position is-position-bottom-center has-18-font-size\" style=\"margin-top:0;padding-top:48px;padding-right:48px;padding-bottom:48px;padding-left:48px\"><img loading=\"lazy\" decoding=\"async\" width=\"600\" height=\"400\" class=\"wp-block-cover__image-background wp-image-201297\" alt=\"Several women stare at a computer screen in Bolivia\" src=\"https:\/\/www.internetsociety.org\/wp-content\/uploads\/2023\/10\/NANUM-ladies.jpg\" data-object-fit=\"cover\" srcset=\"https:\/\/www.internetsociety.org\/wp-content\/uploads\/2023\/10\/NANUM-ladies.jpg 600w, https:\/\/www.internetsociety.org\/wp-content\/uploads\/2023\/10\/NANUM-ladies-450x300.jpg 450w, https:\/\/www.internetsociety.org\/wp-content\/uploads\/2023\/10\/NANUM-ladies-250x167.jpg 250w\" sizes=\"auto, (max-width: 600px) 100vw, 600px\" \/><span aria-hidden=\"true\" class=\"wp-block-cover__background has-background-dim-30 has-background-dim\"><\/span><div class=\"wp-block-cover__inner-container is-layout-flow wp-block-cover-is-layout-flow\">\n<div class=\"wp-block-cover background-image-fallback-black has-neutral-white-color has-text-color\" style=\"min-height:100px;aspect-ratio:unset;\"><span aria-hidden=\"true\" class=\"wp-block-cover__background has-depth-teal-background-color has-background-dim-100 has-background-dim\"><\/span><div class=\"wp-block-cover__inner-container is-layout-constrained wp-block-cover-is-layout-constrained\">\n<p class=\"has-text-align-left has-18-font-size\">Presente, analice y documente los servicios, las funciones y los roles que podr\u00eda ofrecer la red comunitaria (incluyendo una lista de servicios prioritarios y \u00e1reas de conectividad).<\/p>\n<\/div><\/div>\n<\/div><\/div>\n<\/div>\n<\/div>\n<\/div>\n<\/div><\/section>\n\n\n\n<div class=\"wp-block-columns margin-bottom-0 is-layout-flex wp-container-core-columns-is-layout-9d6595d7 wp-block-columns-is-layout-flex\">\n<div class=\"wp-block-column is-layout-flow wp-block-column-is-layout-flow\" style=\"flex-basis:10%\"><\/div>\n\n\n\n<div class=\"wp-block-column is-layout-flow wp-block-column-is-layout-flow\" style=\"flex-basis:80%\">\n<div style=\"height:40px\" aria-hidden=\"true\" class=\"wp-block-spacer uag-hide-tab uag-hide-mob\"><\/div>\n\n\n\n<h4 class=\"wp-block-heading has-text-align-left\">M\u00e1s informaci\u00f3n<\/h4>\n\n\n\n<div style=\"height:20px\" aria-hidden=\"true\" class=\"wp-block-spacer\"><\/div>\n\n\n\n<ul class=\"wp-block-list has-18-font-size\">\n<li><span class=\"tadv-color\" style=\"color:#2b72d6\"><a href=\"https:\/\/www.internetsociety.org\/es\/resources\/doc\/2022\/manual-de-evaluacion-de-la-preparacion-de-las-redes-comunitarias\/\">Manual de evaluaci\u00f3n de la preparaci\u00f3n de las redes comunitarias<\/a><\/span>, secciones sobre \u201cLa funci\u00f3n y los servicios de la red comunitaria\u201d<\/li>\n<\/ul>\n\n\n\n<p class=\"has-18-font-size\"><a href=\"https:\/\/www.internetsociety.org\/es\/resources\/community-network-diy-toolkit\/identify-the-regulatory-requirements\/\">Siguiente -&gt; 4.Identificar los requisitos regulatorios<\/a><\/p>\n\n\n\n<div style=\"height:30px\" aria-hidden=\"true\" class=\"wp-block-spacer uag-hide-tab uag-hide-mob\"><\/div>\n<\/div>\n\n\n\n<div class=\"wp-block-column is-layout-flow wp-block-column-is-layout-flow\" style=\"flex-basis:10%\"><\/div>\n<\/div>\n\n\n\n<p class=\"has-text-align-center has-neutral-white-color has-ground-navy-background-color has-text-color has-background has-12-font-size\">Derechos de autor:<br>\u00a9 Chris Gregory, \u00a9 Nyani Quarmyne, \u00a9 Nyani Quarmyne, \u00a9 Gustavo Castellanos Echaz\u00fa<\/p>\n","protected":false},"excerpt":{"rendered":"<p><b>\u00bfQu\u00e9 servicios y funciones puede ofrecer su red a su comunidad?<\/b><br \/>\nEstas son preguntas fundamentales que debe responder a la hora de planificar su red.<\/p>\n","protected":false},"author":11,"featured_media":108552,"parent":226890,"menu_order":0,"comment_status":"closed","ping_status":"closed","template":"page-wide.php","meta":{"_acf_changed":false,"_uag_custom_page_level_css":"","footnotes":""},"categories":[67,122],"tags":[],"region_news_regions":[6030],"content_category":[6106],"ppma_author":[6073],"class_list":["post-226961","page","type-page","status-publish","has-post-thumbnail","hentry","category-acceso-es","category-redes-comunitarias","region_news_regions-global","content_category-resources-type"],"acf":[],"uagb_featured_image_src":{"full":["https:\/\/www.internetsociety.org\/wp-content\/uploads\/2019\/12\/2019-nyc-mesh-installathon-e1698658856234.jpg",1280,550,false],"thumbnail":["https:\/\/www.internetsociety.org\/wp-content\/uploads\/2019\/12\/2019-nyc-mesh-installathon-150x150.jpg",150,150,true],"medium":["https:\/\/www.internetsociety.org\/wp-content\/uploads\/2019\/12\/2019-nyc-mesh-installathon-450x193.jpg",450,193,true],"medium_large":["https:\/\/www.internetsociety.org\/wp-content\/uploads\/2019\/12\/2019-nyc-mesh-installathon-768x330.jpg",768,330,true],"large":["https:\/\/www.internetsociety.org\/wp-content\/uploads\/2019\/12\/2019-nyc-mesh-installathon-1024x440.jpg",1024,440,true],"1536x1536":["https:\/\/www.internetsociety.org\/wp-content\/uploads\/2019\/12\/2019-nyc-mesh-installathon-e1698658856234.jpg",1280,550,false],"2048x2048":["https:\/\/www.internetsociety.org\/wp-content\/uploads\/2019\/12\/2019-nyc-mesh-installathon-e1698658856234.jpg",1280,550,false],"post-thumbnail":["https:\/\/www.internetsociety.org\/wp-content\/uploads\/2019\/12\/2019-nyc-mesh-installathon-250x107.jpg",250,107,true],"square":["https:\/\/www.internetsociety.org\/wp-content\/uploads\/2019\/12\/2019-nyc-mesh-installathon-600x550.jpg",600,550,true],"gform-image-choice-sm":["https:\/\/www.internetsociety.org\/wp-content\/uploads\/2019\/12\/2019-nyc-mesh-installathon-e1698658856234.jpg",300,129,false],"gform-image-choice-md":["https:\/\/www.internetsociety.org\/wp-content\/uploads\/2019\/12\/2019-nyc-mesh-installathon-e1698658856234.jpg",400,172,false],"gform-image-choice-lg":["https:\/\/www.internetsociety.org\/wp-content\/uploads\/2019\/12\/2019-nyc-mesh-installathon-e1698658856234.jpg",600,258,false]},"uagb_author_info":{"display_name":"Internet Society","author_link":"https:\/\/www.internetsociety.org\/es\/author\/isoc\/"},"uagb_comment_info":0,"uagb_excerpt":"\u00bfQu\u00e9 servicios y funciones puede ofrecer su red a su comunidad? Estas son preguntas fundamentales que debe responder a la hora de planificar su red.","_links":{"self":[{"href":"https:\/\/www.internetsociety.org\/es\/wp-json\/wp\/v2\/pages\/226961","targetHints":{"allow":["GET"]}}],"collection":[{"href":"https:\/\/www.internetsociety.org\/es\/wp-json\/wp\/v2\/pages"}],"about":[{"href":"https:\/\/www.internetsociety.org\/es\/wp-json\/wp\/v2\/types\/page"}],"author":[{"embeddable":true,"href":"https:\/\/www.internetsociety.org\/es\/wp-json\/wp\/v2\/users\/11"}],"replies":[{"embeddable":true,"href":"https:\/\/www.internetsociety.org\/es\/wp-json\/wp\/v2\/comments?post=226961"}],"version-history":[{"count":0,"href":"https:\/\/www.internetsociety.org\/es\/wp-json\/wp\/v2\/pages\/226961\/revisions"}],"up":[{"embeddable":true,"href":"https:\/\/www.internetsociety.org\/es\/wp-json\/wp\/v2\/pages\/226890"}],"wp:featuredmedia":[{"embeddable":true,"href":"https:\/\/www.internetsociety.org\/es\/wp-json\/wp\/v2\/media\/108552"}],"wp:attachment":[{"href":"https:\/\/www.internetsociety.org\/es\/wp-json\/wp\/v2\/media?parent=226961"}],"wp:term":[{"taxonomy":"category","embeddable":true,"href":"https:\/\/www.internetsociety.org\/es\/wp-json\/wp\/v2\/categories?post=226961"},{"taxonomy":"post_tag","embeddable":true,"href":"https:\/\/www.internetsociety.org\/es\/wp-json\/wp\/v2\/tags?post=226961"},{"taxonomy":"region_news_regions","embeddable":true,"href":"https:\/\/www.internetsociety.org\/es\/wp-json\/wp\/v2\/region_news_regions?post=226961"},{"taxonomy":"content_category","embeddable":true,"href":"https:\/\/www.internetsociety.org\/es\/wp-json\/wp\/v2\/content_category?post=226961"},{"taxonomy":"author","embeddable":true,"href":"https:\/\/www.internetsociety.org\/es\/wp-json\/wp\/v2\/ppma_author?post=226961"}],"curies":[{"name":"wp","href":"https:\/\/api.w.org\/{rel}","templated":true}]}}