{"id":226882,"date":"2023-10-31T09:39:59","date_gmt":"2023-10-31T09:39:59","guid":{"rendered":"https:\/\/www.internetsociety.org\/?page_id=226882"},"modified":"2025-09-24T10:53:36","modified_gmt":"2025-09-24T10:53:36","slug":"conocer-ejemplos-de-redes-comunitarias","status":"publish","type":"page","link":"https:\/\/www.internetsociety.org\/es\/resources\/community-network-diy-toolkit\/understand-community-network-examples\/","title":{"rendered":"1. Conocer ejemplos de redes comunitarias"},"content":{"rendered":"\n<section class=\"wp-block-uagb-columns uagb-columns__wrap uagb-columns__background-image uagb-columns__stack-mobile uagb-columns__valign- uagb-columns__gap-10 align uagb-block-1b60d478 uagb-columns__columns-1 uagb-columns__max_width-theme background-image-fallback-black uag-hide-tab uag-hide-mob\"><div class=\"uagb-columns__overlay\"><\/div><div class=\"uagb-columns__inner-wrap uagb-columns__columns-1\">\n<div class=\"wp-block-uagb-column uagb-column__wrap uagb-column__background-undefined uagb-block-6da44868\"><div class=\"uagb-column__overlay\"><\/div>\n<p class=\"has-neutral-white-color has-text-color has-18-font-size\"><a href=\"https:\/\/internetsociety.org\/es\/resources\/community-network-diy-toolkit\/\">Kit de herramientas \u201ch\u00e1galo usted mismo\u201d para redes comunitarias<\/a> &gt; Conocer ejemplos de redes comunitarias<\/p>\n\n\n\n<div style=\"height:30px\" aria-hidden=\"true\" class=\"wp-block-spacer\"><\/div>\n\n\n\n<h1 class=\"wp-block-heading has-neutral-white-color has-text-color\">1. Conocer<br>ejemplos de redes comunitarias<\/h1>\n<\/div>\n<\/div><\/section>\n\n\n\n<div class=\"wp-block-columns uag-hide-desktop is-layout-flex wp-container-core-columns-is-layout-9d6595d7 wp-block-columns-is-layout-flex\">\n<div class=\"wp-block-column uag-hide-tab uag-hide-mob is-layout-flow wp-block-column-is-layout-flow\" style=\"flex-basis:10%\"><\/div>\n\n\n\n<div class=\"wp-block-column is-layout-flow wp-block-column-is-layout-flow\" style=\"flex-basis:80%\">\n<div style=\"height:30px\" aria-hidden=\"true\" class=\"wp-block-spacer uag-hide-desktop\"><\/div>\n\n\n\n<p class=\"has-text-align-left has-18-font-size\"><a href=\"https:\/\/internetsociety.org\/es\/resources\/community-network-diy-toolkit\/\">Kit de herramientas \u201ch\u00e1galo usted mismo\u201d para redes comunitarias<\/a> &gt;<\/p>\n\n\n\n<div style=\"height:10px\" aria-hidden=\"true\" class=\"wp-block-spacer\"><\/div>\n\n\n\n<h1 class=\"wp-block-heading has-text-align-left\">1. Conocer ejemplos de redes comunitarias<\/h1>\n\n\n\n<div style=\"height:30px\" aria-hidden=\"true\" class=\"wp-block-spacer uag-hide-desktop\"><\/div>\n\n\n\n<figure class=\"wp-block-image size-large\"><img loading=\"lazy\" decoding=\"async\" width=\"1350\" height=\"725\" src=\"https:\/\/www.internetsociety.org\/wp-content\/uploads\/2021\/06\/20170702_190023_DSCF2655-e1624638648784.jpg\" alt=\"People putting up a tower for Internet access\" class=\"wp-image-145585\" srcset=\"https:\/\/www.internetsociety.org\/wp-content\/uploads\/2021\/06\/20170702_190023_DSCF2655-e1624638648784.jpg 1350w, https:\/\/www.internetsociety.org\/wp-content\/uploads\/2021\/06\/20170702_190023_DSCF2655-e1624638648784-450x242.jpg 450w, https:\/\/www.internetsociety.org\/wp-content\/uploads\/2021\/06\/20170702_190023_DSCF2655-e1624638648784-1024x550.jpg 1024w, https:\/\/www.internetsociety.org\/wp-content\/uploads\/2021\/06\/20170702_190023_DSCF2655-e1624638648784-768x412.jpg 768w, https:\/\/www.internetsociety.org\/wp-content\/uploads\/2021\/06\/20170702_190023_DSCF2655-e1624638648784-250x134.jpg 250w\" sizes=\"auto, (max-width: 1350px) 100vw, 1350px\" \/><\/figure>\n<\/div>\n\n\n\n<div class=\"wp-block-column uag-hide-tab uag-hide-mob is-layout-flow wp-block-column-is-layout-flow\" style=\"flex-basis:10%\"><\/div>\n<\/div>\n\n\n\n<div class=\"wp-block-columns is-layout-flex wp-container-core-columns-is-layout-9d6595d7 wp-block-columns-is-layout-flex\">\n<div class=\"wp-block-column uag-hide-tab uag-hide-mob is-layout-flow wp-block-column-is-layout-flow\" style=\"flex-basis:10%\"><\/div>\n\n\n\n<div class=\"wp-block-column is-layout-flow wp-block-column-is-layout-flow\" style=\"flex-basis:80%\">\n<div style=\"height:20px\" aria-hidden=\"true\" class=\"wp-block-spacer uag-hide-desktop\"><\/div>\n\n\n\n<div style=\"height:40px\" aria-hidden=\"true\" class=\"wp-block-spacer uag-hide-tab uag-hide-mob\"><\/div>\n\n\n\n<h2 class=\"wp-block-heading has-accent-purple-color has-text-color has-48-font-size\" id=\"we-will-equip-the-global-encryption-coalition-and-the-internet-society-community-with-the-tools-needed-to-help-increase-awareness-of-the-value-of-encryption\">\u00bfQu\u00e9 puede aprender de otras redes comunitarias?<\/h2>\n\n\n\n<div style=\"height:30px\" aria-hidden=\"true\" class=\"wp-block-spacer\"><\/div>\n\n\n\n<p class=\"has-18-font-size\">Al reflexionar sobre sus propias necesidades de conectividad a Internet, resulta \u00fatil conocer algunos ejemplos de los cientos de redes comunitarias que ya han sido creadas. En todo el mundo, las personas est\u00e1n uniendo fuerzas para construir y mantener sus propias conexiones a Internet mediante redes municipales y comunitarias, cooperativas y otras soluciones de acceso complementarias. Est\u00e1n conectando a los desconectados. \u00a1S\u00famese a ellos!<\/p>\n\n\n\n<div class=\"wp-block-columns is-not-stacked-on-mobile has-neutral-white-background-color has-background is-layout-flex wp-container-core-columns-is-layout-9d6595d7 wp-block-columns-is-layout-flex\">\n<div class=\"wp-block-column is-layout-flow wp-block-column-is-layout-flow\" style=\"flex-basis:2%\"><\/div>\n\n\n\n<div class=\"wp-block-column is-layout-flow wp-block-column-is-layout-flow\" style=\"flex-basis:90%\">\n<div style=\"height:30px\" aria-hidden=\"true\" class=\"wp-block-spacer\"><\/div>\n\n\n\n<h3 class=\"wp-block-heading has-32-font-size\">Conceptos clave<\/h3>\n\n\n\n<div style=\"height:20px\" aria-hidden=\"true\" class=\"wp-block-spacer\"><\/div>\n\n\n\n<ul class=\"wp-block-list has-18-font-size\">\n<li>Una red comunitaria puede ser tan peque\u00f1a como un \u00fanico punto de acceso Wi-Fi o tan extensa como una federaci\u00f3n de redes locales que cubren todo un pa\u00eds (como Guifi.net en Espa\u00f1a).<\/li>\n\n\n\n<li>Puede estar ubicada en una zona remota o en una gran ciudad (como New York City Mesh en Nueva York).<\/li>\n\n\n\n<li>Puede basarse en una serie de cables Ethernet (como en Cuba), un sistema celular local (como en M\u00e9xico) o, m\u00e1s com\u00fanmente, en una red Wi-Fi (NYC Mesh y Guifi.net complementan la suya con una red troncal de fibra \u00f3ptica).<\/li>\n\n\n\n<li>Los servicios que puede ofrecer van desde recursos fuera de l\u00ednea alojados localmente hasta llamadas de voz locales y conectividad de banda ancha de alta velocidad.<\/li>\n<\/ul>\n\n\n\n<div style=\"height:30px\" aria-hidden=\"true\" class=\"wp-block-spacer\"><\/div>\n<\/div>\n\n\n\n<div class=\"wp-block-column is-layout-flow wp-block-column-is-layout-flow\" style=\"flex-basis:2%\"><\/div>\n<\/div>\n\n\n\n<div style=\"height:20px\" aria-hidden=\"true\" class=\"wp-block-spacer uag-hide-tab uag-hide-mob\"><\/div>\n<\/div>\n\n\n\n<div class=\"wp-block-column uag-hide-tab uag-hide-mob is-layout-flow wp-block-column-is-layout-flow\" style=\"flex-basis:10%\"><\/div>\n<\/div>\n\n\n\n<section class=\"wp-block-uagb-columns uagb-columns__wrap uagb-columns__background-color uagb-columns__stack-mobile uagb-columns__valign- uagb-columns__gap-10 align uagb-block-3fc73a6d uagb-columns__columns-1 uagb-columns__max_width-theme\"><div class=\"uagb-columns__overlay\"><\/div><div class=\"uagb-columns__inner-wrap uagb-columns__columns-1\">\n<div class=\"wp-block-uagb-column uagb-column__wrap uagb-column__background-undefined uagb-block-cf0d325a\"><div class=\"uagb-column__overlay\"><\/div>\n<h4 class=\"wp-block-heading has-depth-green-color has-text-color\" id=\"how-the-ndss-symposium-helps-to-strengthen-the-internet\">Manos a la obra<\/h4>\n\n\n\n<div style=\"height:20px\" aria-hidden=\"true\" class=\"wp-block-spacer\"><\/div>\n\n\n\n<div class=\"wp-block-columns is-layout-flex wp-container-core-columns-is-layout-9d6595d7 wp-block-columns-is-layout-flex\">\n<div class=\"wp-block-column is-layout-flow wp-block-column-is-layout-flow\">\n<div class=\"wp-block-cover alignfull has-custom-content-position is-position-bottom-center\" style=\"margin-top:0;padding-top:48px;padding-right:48px;padding-bottom:48px;padding-left:48px\"><img loading=\"lazy\" decoding=\"async\" width=\"600\" height=\"400\" class=\"wp-block-cover__image-background wp-image-200826\" alt=\"A woman writing on a post-it note surrounded by people doing a group dynamic\" src=\"https:\/\/www.internetsociety.org\/wp-content\/uploads\/2023\/10\/woman-at-CN-summit.jpg\" data-object-fit=\"cover\" srcset=\"https:\/\/www.internetsociety.org\/wp-content\/uploads\/2023\/10\/woman-at-CN-summit.jpg 600w, https:\/\/www.internetsociety.org\/wp-content\/uploads\/2023\/10\/woman-at-CN-summit-450x300.jpg 450w, https:\/\/www.internetsociety.org\/wp-content\/uploads\/2023\/10\/woman-at-CN-summit-250x167.jpg 250w\" sizes=\"auto, (max-width: 600px) 100vw, 600px\" \/><span aria-hidden=\"true\" class=\"wp-block-cover__background has-background-dim-30 has-background-dim\"><\/span><div class=\"wp-block-cover__inner-container is-layout-flow wp-block-cover-is-layout-flow\">\n<div class=\"wp-block-cover background-image-fallback-black has-neutral-white-color has-text-color has-18-font-size\" style=\"min-height:100px;aspect-ratio:unset;\"><span aria-hidden=\"true\" class=\"wp-block-cover__background has-depth-teal-background-color has-background-dim-100 has-background-dim\"><\/span><div class=\"wp-block-cover__inner-container is-layout-constrained wp-block-cover-is-layout-constrained\">\n<p class=\"has-text-align-left has-18-font-size\"><a href=\"\/issues\/community-networks\/success-stories\/\">Conozca las historias de \u00e9xito de otras redes comunitarias<\/a> y descubra si alguna se parece a su situaci\u00f3n.<\/p>\n<\/div><\/div>\n<\/div><\/div>\n<\/div>\n\n\n\n<div class=\"wp-block-column is-layout-flow wp-block-column-is-layout-flow\">\n<div class=\"wp-block-cover alignfull has-custom-content-position is-position-bottom-center\" style=\"margin-top:0;padding-top:48px;padding-right:48px;padding-bottom:48px;padding-left:48px\"><img loading=\"lazy\" decoding=\"async\" width=\"666\" height=\"507\" class=\"wp-block-cover__image-background wp-image-107819\" alt=\"Three men talking Waimanalo Internet\" src=\"https:\/\/www.internetsociety.org\/wp-content\/uploads\/2019\/11\/Medium-WaimanaloInternetSociety057-e1682072686264.jpg\" data-object-fit=\"cover\" srcset=\"https:\/\/www.internetsociety.org\/wp-content\/uploads\/2019\/11\/Medium-WaimanaloInternetSociety057-e1682072686264.jpg 666w, https:\/\/www.internetsociety.org\/wp-content\/uploads\/2019\/11\/Medium-WaimanaloInternetSociety057-e1682072686264-450x343.jpg 450w, https:\/\/www.internetsociety.org\/wp-content\/uploads\/2019\/11\/Medium-WaimanaloInternetSociety057-e1682072686264-250x190.jpg 250w\" sizes=\"auto, (max-width: 666px) 100vw, 666px\" \/><span aria-hidden=\"true\" class=\"wp-block-cover__background has-background-dim-30 has-background-dim\"><\/span><div class=\"wp-block-cover__inner-container is-layout-flow wp-block-cover-is-layout-flow\">\n<div class=\"wp-block-cover background-image-fallback-black has-neutral-white-color has-text-color has-18-font-size\" style=\"min-height:100px;aspect-ratio:unset;\"><span aria-hidden=\"true\" class=\"wp-block-cover__background has-depth-teal-background-color has-background-dim-100 has-background-dim\"><\/span><div class=\"wp-block-cover__inner-container is-layout-constrained wp-block-cover-is-layout-constrained\">\n<p class=\"has-text-align-left has-18-font-size\">A partir de estas historias de \u00e9xito y otros ejemplos, desarrolle su visi\u00f3n inicial de lo que espera para su red comunitaria: \u00bfcu\u00e1l es su definici\u00f3n de \u201c\u00e9xito\u201d?<\/p>\n<\/div><\/div>\n<\/div><\/div>\n<\/div>\n<\/div>\n<\/div>\n<\/div><\/section>\n\n\n\n<div class=\"wp-block-columns margin-bottom-0 is-layout-flex wp-container-core-columns-is-layout-9d6595d7 wp-block-columns-is-layout-flex\">\n<div class=\"wp-block-column is-layout-flow wp-block-column-is-layout-flow\" style=\"flex-basis:10%\"><\/div>\n\n\n\n<div class=\"wp-block-column is-layout-flow wp-block-column-is-layout-flow\" style=\"flex-basis:80%\">\n<div style=\"height:40px\" aria-hidden=\"true\" class=\"wp-block-spacer uag-hide-tab uag-hide-mob\"><\/div>\n\n\n\n<h4 class=\"wp-block-heading has-text-align-left\">M\u00e1s informaci\u00f3n<\/h4>\n\n\n\n<div style=\"height:20px\" aria-hidden=\"true\" class=\"wp-block-spacer\"><\/div>\n\n\n\n<ul class=\"wp-block-list has-18-font-size\">\n<li><span class=\"tadv-color\" style=\"color:#2b72d6\"><a href=\"https:\/\/www.internetsociety.org\/issues\/community-networks\/success-stories\/\">Historias de \u00e9xito de redes comunitarias<\/a><\/span><\/li>\n\n\n\n<li><span class=\"tadv-color\" style=\"color:#2b72d6\"><a href=\"https:\/\/www.isocfoundation.org\/stories\/\">Historias con impacto<\/a><\/span> (Internet Society Foundation)<\/li>\n\n\n\n<li><span class=\"tadv-color\" style=\"color:#2b72d6\"><a href=\"https:\/\/www.internetsociety.org\/es\/resources\/doc\/2022\/manual-de-evaluacion-de-la-preparacion-de-las-redes-comunitarias\/\">Manual de evaluaci\u00f3n de la preparaci\u00f3n de las redes comunitarias<\/a><\/span><\/li>\n\n\n\n<li>Cursos de capacitaci\u00f3n en l\u00ednea:\n<ul class=\"wp-block-list\">\n<li><span class=\"tadv-color\" style=\"color:#2b72d6\"><a href=\"https:\/\/internetsociety.org\/es\/learning\/community-network-readiness\/\">Evaluaci\u00f3n de la preparaci\u00f3n de redes comunitarias<\/a><\/span><\/li>\n\n\n\n<li><span class=\"tadv-color\" style=\"color:#2b72d6\"><a href=\"https:\/\/www.internetsociety.org\/es\/learning\/ddcn\/\">Dise\u00f1o e implementaci\u00f3n de redes inform\u00e1ticas<\/a><\/span><\/li>\n<\/ul>\n<\/li>\n<\/ul>\n\n\n\n<p class=\"has-18-font-size\"><a href=\"https:\/\/www.internetsociety.org\/es\/resources\/community-network-diy-toolkit\/identify-the-community-and-champions\/\">Siguiente -&gt; 2. Identificar a la comunidad y a los promotores<\/a><\/p>\n\n\n\n<div style=\"height:30px\" aria-hidden=\"true\" class=\"wp-block-spacer uag-hide-tab uag-hide-mob\"><\/div>\n<\/div>\n\n\n\n<div class=\"wp-block-column is-layout-flow wp-block-column-is-layout-flow\" style=\"flex-basis:10%\"><\/div>\n<\/div>\n\n\n\n<p class=\"has-text-align-center has-neutral-white-color has-ground-navy-background-color has-text-color has-background has-12-font-size\">Derechos de autor:<br>\u00a9 Nyani Quarmyne, \u00a9 Nyani Quarmyne, \u00a9 Elyse Butler<\/p>\n","protected":false},"excerpt":{"rendered":"<p><b>\u00bfQu\u00e9 puede aprender de otras redes comunitarias?<\/b><\/br><br \/>\nEn todo el mundo, las personas se unen para construir y mantener sus propias conexiones a Internet mediante redes municipales y comunitarias, cooperativas y otras soluciones de acceso complementarias.<\/p>\n","protected":false},"author":11,"featured_media":145587,"parent":226890,"menu_order":0,"comment_status":"closed","ping_status":"closed","template":"page-wide.php","meta":{"_acf_changed":false,"_uag_custom_page_level_css":"","footnotes":""},"categories":[67,122],"tags":[],"region_news_regions":[6030],"content_category":[6106],"ppma_author":[6073],"class_list":["post-226882","page","type-page","status-publish","has-post-thumbnail","hentry","category-acceso-es","category-redes-comunitarias","region_news_regions-global","content_category-resources-type"],"acf":[],"uagb_featured_image_src":{"full":["https:\/\/www.internetsociety.org\/wp-content\/uploads\/2021\/06\/20170702_190023_DSCF2655-e1624638648784.jpg",1350,900,false],"thumbnail":["https:\/\/www.internetsociety.org\/wp-content\/uploads\/2021\/06\/20170702_190023_DSCF2655-150x150.jpg",150,150,true],"medium":["https:\/\/www.internetsociety.org\/wp-content\/uploads\/2021\/06\/20170702_190023_DSCF2655-450x300.jpg",450,300,true],"medium_large":["https:\/\/www.internetsociety.org\/wp-content\/uploads\/2021\/06\/20170702_190023_DSCF2655-768x512.jpg",768,512,true],"large":["https:\/\/www.internetsociety.org\/wp-content\/uploads\/2021\/06\/20170702_190023_DSCF2655-1024x683.jpg",1024,683,true],"1536x1536":["https:\/\/www.internetsociety.org\/wp-content\/uploads\/2021\/06\/20170702_190023_DSCF2655-e1624638648784.jpg",1350,900,false],"2048x2048":["https:\/\/www.internetsociety.org\/wp-content\/uploads\/2021\/06\/20170702_190023_DSCF2655-e1624638648784.jpg",1350,900,false],"post-thumbnail":["https:\/\/www.internetsociety.org\/wp-content\/uploads\/2021\/06\/20170702_190023_DSCF2655-250x167.jpg",250,167,true],"square":["https:\/\/www.internetsociety.org\/wp-content\/uploads\/2021\/06\/20170702_190023_DSCF2655-600x600.jpg",600,600,true],"gform-image-choice-sm":["https:\/\/www.internetsociety.org\/wp-content\/uploads\/2021\/06\/20170702_190023_DSCF2655-e1624638648784.jpg",300,200,false],"gform-image-choice-md":["https:\/\/www.internetsociety.org\/wp-content\/uploads\/2021\/06\/20170702_190023_DSCF2655-e1624638648784.jpg",400,267,false],"gform-image-choice-lg":["https:\/\/www.internetsociety.org\/wp-content\/uploads\/2021\/06\/20170702_190023_DSCF2655-e1624638648784.jpg",600,400,false]},"uagb_author_info":{"display_name":"Internet Society","author_link":"https:\/\/www.internetsociety.org\/es\/author\/isoc\/"},"uagb_comment_info":0,"uagb_excerpt":"\u00bfQu\u00e9 puede aprender de otras redes comunitarias? En todo el mundo, las personas se unen para construir y mantener sus propias conexiones a Internet mediante redes municipales y comunitarias, cooperativas y otras soluciones de acceso complementarias.","_links":{"self":[{"href":"https:\/\/www.internetsociety.org\/es\/wp-json\/wp\/v2\/pages\/226882","targetHints":{"allow":["GET"]}}],"collection":[{"href":"https:\/\/www.internetsociety.org\/es\/wp-json\/wp\/v2\/pages"}],"about":[{"href":"https:\/\/www.internetsociety.org\/es\/wp-json\/wp\/v2\/types\/page"}],"author":[{"embeddable":true,"href":"https:\/\/www.internetsociety.org\/es\/wp-json\/wp\/v2\/users\/11"}],"replies":[{"embeddable":true,"href":"https:\/\/www.internetsociety.org\/es\/wp-json\/wp\/v2\/comments?post=226882"}],"version-history":[{"count":0,"href":"https:\/\/www.internetsociety.org\/es\/wp-json\/wp\/v2\/pages\/226882\/revisions"}],"up":[{"embeddable":true,"href":"https:\/\/www.internetsociety.org\/es\/wp-json\/wp\/v2\/pages\/226890"}],"wp:featuredmedia":[{"embeddable":true,"href":"https:\/\/www.internetsociety.org\/es\/wp-json\/wp\/v2\/media\/145587"}],"wp:attachment":[{"href":"https:\/\/www.internetsociety.org\/es\/wp-json\/wp\/v2\/media?parent=226882"}],"wp:term":[{"taxonomy":"category","embeddable":true,"href":"https:\/\/www.internetsociety.org\/es\/wp-json\/wp\/v2\/categories?post=226882"},{"taxonomy":"post_tag","embeddable":true,"href":"https:\/\/www.internetsociety.org\/es\/wp-json\/wp\/v2\/tags?post=226882"},{"taxonomy":"region_news_regions","embeddable":true,"href":"https:\/\/www.internetsociety.org\/es\/wp-json\/wp\/v2\/region_news_regions?post=226882"},{"taxonomy":"content_category","embeddable":true,"href":"https:\/\/www.internetsociety.org\/es\/wp-json\/wp\/v2\/content_category?post=226882"},{"taxonomy":"author","embeddable":true,"href":"https:\/\/www.internetsociety.org\/es\/wp-json\/wp\/v2\/ppma_author?post=226882"}],"curies":[{"name":"wp","href":"https:\/\/api.w.org\/{rel}","templated":true}]}}