{"id":223920,"date":"2025-03-06T16:46:53","date_gmt":"2025-03-06T16:46:53","guid":{"rendered":"https:\/\/www.internetsociety.org\/?page_id=223920"},"modified":"2025-09-24T11:02:04","modified_gmt":"2025-09-24T11:02:04","slug":"promocion-de-la-conectividad-comunitaria","status":"publish","type":"page","link":"https:\/\/www.internetsociety.org\/es\/resources\/advancing-community-connectivity\/","title":{"rendered":"Promoci\u00f3n de la conectividad comunitaria"},"content":{"rendered":"\n<section class=\"wp-block-uagb-columns uagb-columns__wrap uagb-columns__background-image uagb-columns__stack-mobile uagb-columns__valign- uagb-columns__gap-10 align uagb-block-23a23ee5 uagb-columns__columns-1 uagb-columns__max_width-theme background-image-fallback-black uag-hide-tab uag-hide-mob\"><div class=\"uagb-columns__overlay\"><\/div><div class=\"uagb-columns__inner-wrap uagb-columns__columns-1\">\n<div class=\"wp-block-uagb-column uagb-column__wrap uagb-column__background-undefined uagb-block-2cac500f\"><div class=\"uagb-column__overlay\"><\/div>\n<h1 class=\"wp-block-heading has-neutral-white-color has-text-color\">Promoci\u00f3n de la conectividad comunitaria<\/h1>\n\n\n\n<div style=\"height:40px\" aria-hidden=\"true\" class=\"wp-block-spacer\"><\/div>\n\n\n\n<h2 class=\"wp-block-heading has-neutral-white-color has-text-color has-32-font-size\"><strong><strong>Estrategias de pol\u00edticas para cerrar la brecha digital<\/strong><\/strong><\/h2>\n<\/div>\n<\/div><\/section>\n\n\n\n<section class=\"wp-block-uagb-columns uagb-columns__wrap uagb-columns__background-none uagb-columns__stack-tablet uagb-columns__valign-top uagb-columns__gap-10 align uagb-block-de3d1d5d uagb-columns__columns-1 uagb-columns__max_width-theme uag-hide-desktop\"><div class=\"uagb-columns__overlay\"><\/div><div class=\"uagb-columns__inner-wrap uagb-columns__columns-1\">\n<div class=\"wp-block-uagb-column uagb-column__wrap uagb-column__background-undefined uagb-block-f338041f\"><div class=\"uagb-column__overlay\"><\/div>\n<h1 class=\"wp-block-heading has-text-align-left\">Promoci\u00f3n de la conectividad comunitaria<\/h1>\n\n\n\n<div style=\"height:20px\" aria-hidden=\"true\" class=\"wp-block-spacer\"><\/div>\n\n\n\n<h2 class=\"wp-block-heading has-text-align-left\"><strong>Estrategias de pol\u00edticas para cerrar la brecha digital<\/strong><\/h2>\n\n\n\n<div style=\"height:30px\" aria-hidden=\"true\" class=\"wp-block-spacer\"><\/div>\n\n\n\n<figure class=\"wp-block-image size-large\"><img loading=\"lazy\" decoding=\"async\" width=\"1024\" height=\"768\" src=\"https:\/\/www.internetsociety.org\/wp-content\/uploads\/2024\/04\/Nepal-phone-1024x768.jpg\" alt=\"Woman capturing scenic mountain village with camera.\" class=\"wp-image-209287\" srcset=\"https:\/\/www.internetsociety.org\/wp-content\/uploads\/2024\/04\/Nepal-phone-1024x768.jpg 1024w, https:\/\/www.internetsociety.org\/wp-content\/uploads\/2024\/04\/Nepal-phone-450x338.jpg 450w, https:\/\/www.internetsociety.org\/wp-content\/uploads\/2024\/04\/Nepal-phone-768x576.jpg 768w, https:\/\/www.internetsociety.org\/wp-content\/uploads\/2024\/04\/Nepal-phone-250x188.jpg 250w, https:\/\/www.internetsociety.org\/wp-content\/uploads\/2024\/04\/Nepal-phone.jpg 1440w\" sizes=\"auto, (max-width: 1024px) 100vw, 1024px\" \/><\/figure>\n<\/div>\n<\/div><\/section>\n\n\n\n<section class=\"wp-block-uagb-columns uagb-columns__wrap uagb-columns__background-none uagb-columns__stack-tablet uagb-columns__valign-top uagb-columns__gap-10 align uagb-block-7fc96a50 uagb-columns__columns-1 uagb-columns__max_width-theme\"><div class=\"uagb-columns__overlay\"><\/div><div class=\"uagb-columns__inner-wrap uagb-columns__columns-1\">\n<div class=\"wp-block-uagb-column uagb-column__wrap uagb-column__background-undefined uagb-block-8e5712d6\"><div class=\"uagb-column__overlay\"><\/div>\n<p class=\"has-18-font-size\">Las redes comunitarias, los proveedores de servicios de Internet (ISP) locales y otras soluciones de conectividad a peque\u00f1a escala pueden ayudar a llevar Internet asequible y de calidad a cada persona y hogar. Este tipo de iniciativas locales generadas con conocimiento local pueden abordar las brechas donde los modelos tradicionales no logran llegar.<br><\/p>\n\n\n\n<p class=\"has-18-font-size\">Sin embargo, la brecha digital persiste debido a fallas del mercado y las pol\u00edticas. Para cerrarla definitivamente, es necesario crear un entorno regulatorio que d\u00e9 cabida a todo tipo de conectividad. Una Internet para todos es posible, y requiere enfoques y modelos diversos que puedan satisfacer diversas necesidades.<\/p>\n\n\n\n<p class=\"has-18-font-size\">Estos consejos, recursos y ejemplos pueden ayudarle a empezar a reflexionar sobre qu\u00e9 pol\u00edticas son importantes para su pa\u00eds o comunidad, inspirarse en historias de \u00e9xito o descartar enfoques que no funcionan. De esta manera, podr\u00e1 avanzar hacia un entorno de pol\u00edticas que prepare a los promotores locales de Internet para el \u00e9xito.<\/p>\n\n\n\n<div style=\"height:40px\" aria-hidden=\"true\" class=\"wp-block-spacer uag-hide-tab uag-hide-mob\"><\/div>\n\n\n\n<h3 class=\"wp-block-heading has-32-font-size uag-hide-tab uag-hide-mob\">Para mejorar las pol\u00edticas es necesario considerar tres dimensiones:<\/h3>\n\n\n\n<h3 class=\"wp-block-heading uag-hide-desktop\">Para mejorar las pol\u00edticas es necesario considerar tres dimensiones:<\/h3>\n\n\n\n<section class=\"wp-block-uagb-columns uagb-columns__wrap uagb-columns__background-color uagb-columns__stack-tablet uagb-columns__valign-top uagb-columns__gap-10 align uagb-block-0c8abc1f uagb-columns__columns-3 uagb-columns__max_width-theme\"><div class=\"uagb-columns__overlay\"><\/div><div class=\"uagb-columns__inner-wrap uagb-columns__columns-3\">\n<div class=\"wp-block-uagb-column uagb-column__wrap uagb-column__background-color uagb-block-c5cbb46e\"><div class=\"uagb-column__overlay\"><\/div>\n<figure class=\"wp-block-image size-full is-style-default margin-bottom-0 vertical-align-bottom\"><img loading=\"lazy\" decoding=\"async\" width=\"1002\" height=\"932\" src=\"https:\/\/www.internetsociety.org\/wp-content\/uploads\/2020\/07\/DSC_7717-e1594837456289.jpg\" alt=\"A woman stands confidently in front of a large satellite dish\" class=\"wp-image-118421\" style=\"aspect-ratio:1;object-fit:cover\" srcset=\"https:\/\/www.internetsociety.org\/wp-content\/uploads\/2020\/07\/DSC_7717-e1594837456289.jpg 1002w, https:\/\/www.internetsociety.org\/wp-content\/uploads\/2020\/07\/DSC_7717-e1594837456289-450x419.jpg 450w, https:\/\/www.internetsociety.org\/wp-content\/uploads\/2020\/07\/DSC_7717-e1594837456289-768x714.jpg 768w, https:\/\/www.internetsociety.org\/wp-content\/uploads\/2020\/07\/DSC_7717-e1594837456289-250x233.jpg 250w\" sizes=\"auto, (max-width: 1002px) 100vw, 1002px\" \/><\/figure>\n\n\n\n<div style=\"height:20px\" aria-hidden=\"true\" class=\"wp-block-spacer\"><\/div>\n\n\n\n<div class=\"wp-block-uagb-info-box uagb-block-6e38d95b uagb-infobox__content-wrap  uagb-infobox-icon-above-title uagb-infobox-image-valign-top\"><div class=\"uagb-ifb-content\"><div class=\"uagb-ifb-title-wrap\"><h4 class=\"uagb-ifb-title\"><strong>Financiamiento<\/strong><\/h4><\/div><p class=\"uagb-ifb-desc\">La conectividad centrada en la comunidad debe ser financieramente sostenible\u2014no puede ser un proyecto ben\u00e9fico. <a href=\"https:\/\/www.internetsociety.org\/resources\/advancing-community-connectivity\/financing\/\">Consulte esta gu\u00eda para mejorar el acceso a los Fondos de Servicio Universal y otros tipos de financiamiento.<\/a><\/p><\/div><\/div>\n<\/div>\n\n\n\n<div class=\"wp-block-uagb-column uagb-column__wrap uagb-column__background-color uagb-block-74b7a2c7\"><div class=\"uagb-column__overlay\"><\/div>\n<figure class=\"wp-block-image size-full\"><img loading=\"lazy\" decoding=\"async\" width=\"667\" height=\"615\" src=\"https:\/\/www.internetsociety.org\/wp-content\/uploads\/2025\/02\/woman-man-discussing.jpg\" alt=\"A man and woman engaged in conversation\" class=\"wp-image-220550\" style=\"aspect-ratio:1;object-fit:cover\" srcset=\"https:\/\/www.internetsociety.org\/wp-content\/uploads\/2025\/02\/woman-man-discussing.jpg 667w, https:\/\/www.internetsociety.org\/wp-content\/uploads\/2025\/02\/woman-man-discussing-450x415.jpg 450w, https:\/\/www.internetsociety.org\/wp-content\/uploads\/2025\/02\/woman-man-discussing-250x231.jpg 250w\" sizes=\"auto, (max-width: 667px) 100vw, 667px\" \/><\/figure>\n\n\n\n<div style=\"height:20px\" aria-hidden=\"true\" class=\"wp-block-spacer\"><\/div>\n\n\n\n<div class=\"wp-block-uagb-info-box uagb-block-8afe33bc uagb-infobox__content-wrap  uagb-infobox-icon-above-title uagb-infobox-image-valign-top\"><div class=\"uagb-ifb-content\"><div class=\"uagb-ifb-title-wrap\"><h4 class=\"uagb-ifb-title\"><strong>Licencias<\/strong><\/h4><\/div><p class=\"uagb-ifb-desc\">En ciertas \u00e1reas, obtener una licencia para operar es complicado para quienes no son grandes proveedores. <a href=\"https:\/\/www.internetsociety.org\/resources\/advancing-community-connectivity\/licensing\/\">Inf\u00f3rmese sobre c\u00f3mo puede reducir los obst\u00e1culos para las peque\u00f1as empresas que desean obtener una licencia.<\/a><\/p><\/div><\/div>\n<\/div>\n\n\n\n<div class=\"wp-block-uagb-column uagb-column__wrap uagb-column__background-color uagb-block-4d8f3576\"><div class=\"uagb-column__overlay\"><\/div>\n<figure class=\"wp-block-image size-full is-style-default\"><img decoding=\"async\" src=\"https:\/\/www.internetsociety.org\/wp-content\/uploads\/2019\/12\/Medium-20170702_181556_DSCF2583.jpg\" alt=\"A man climbing on a tower adjusting equipment. He is in Tusheti.\" class=\"wp-image-108816\" style=\"aspect-ratio:1;object-fit:cover\"\/><\/figure>\n\n\n\n<div style=\"height:20px\" aria-hidden=\"true\" class=\"wp-block-spacer\"><\/div>\n\n\n\n<div class=\"wp-block-uagb-info-box uagb-block-4be958dc uagb-infobox__content-wrap  uagb-infobox-icon-above-title uagb-infobox-image-valign-top\"><div class=\"uagb-ifb-content\"><div class=\"uagb-ifb-title-wrap\"><h4 class=\"uagb-ifb-title\"><strong>Asignaci\u00f3n de espectro<\/strong><\/h4><\/div><p class=\"uagb-ifb-desc\">Con frecuencia existe espectro sin usar o subutilizado que podr\u00eda liberarse para permitir una mayor diversidad de operadores. <a href=\"https:\/\/www.internetsociety.org\/resources\/advancing-community-connectivity\/spectrum-allocation\/\">Descubra c\u00f3mo los cambios en las pol\u00edticas pueden ayudar a los proveedores de Internet a compartir el espectro de una forma m\u00e1s eficaz y a conectar a m\u00e1s personas.<\/a><\/p><\/div><\/div>\n<\/div>\n<\/div><\/section>\n<\/div>\n<\/div><\/section>\n\n\n\n<section class=\"wp-block-uagb-columns uagb-columns__wrap uagb-columns__background-image uagb-columns__stack-none uagb-columns__valign- uagb-columns__gap-10 align uagb-block-9a8ef2fd uagb-columns__columns-1 uagb-columns__max_width-theme background-image-fallback-white\"><div class=\"uagb-columns__overlay\"><\/div><div class=\"uagb-columns__inner-wrap uagb-columns__columns-1\">\n<div class=\"wp-block-uagb-column uagb-column__wrap uagb-column__background-undefined uagb-block-9d52efac\"><div class=\"uagb-column__overlay\"><\/div>\n<h3 class=\"wp-block-heading has-32-font-size uag-hide-tab uag-hide-mob\">\u00bfQu\u00e9 m\u00e1s puedo hacer?<\/h3>\n\n\n\n<h2 class=\"wp-block-heading uag-hide-desktop\">\u00bfQu\u00e9 m\u00e1s puedo hacer?<\/h2>\n\n\n\n<section class=\"wp-block-uagb-columns uagb-columns__wrap uagb-columns__background-color uagb-columns__stack-tablet uagb-columns__valign-top uagb-columns__gap-10 align uagb-block-ab3abb2e uagb-columns__columns-2 uagb-columns__max_width-theme\"><div class=\"uagb-columns__overlay\"><\/div><div class=\"uagb-columns__inner-wrap uagb-columns__columns-2\">\n<div class=\"wp-block-uagb-column uagb-column__wrap uagb-column__background-color uagb-block-4b15ad8e\"><div class=\"uagb-column__overlay\"><\/div>\n<div class=\"wp-block-uagb-info-box uagb-block-ae320300 uagb-infobox__content-wrap  uagb-infobox-icon-above-title uagb-infobox-image-valign-top\"><div class=\"uagb-ifb-content\"><div class=\"uagb-ifb-title-wrap\"><h4 class=\"uagb-ifb-title\"><strong>Realizar un an\u00e1lisis FODA de una pol\u00edtica<\/strong><\/h4><\/div><p class=\"uagb-ifb-desc\"><a href=\"https:\/\/www.internetsociety.org\/wp-content\/uploads\/2025\/04\/Policy-SWOT-ES.pdf\" target=\"_blank\" rel=\"noreferrer noopener\">Utilice el an\u00e1lisis FODA para pol\u00edticas de conectividad centrada en la comunidad<\/a> (fortalezas, debilidades, oportunidades y amenazas) para identificar prioridades, detectar posibles problemas y comprender las oportunidades de cambio. Puede descargar la hoja de trabajo o utilizar las preguntas para fomentar el debate.<\/p><\/div><\/div>\n<\/div>\n\n\n\n<div class=\"wp-block-uagb-column uagb-column__wrap uagb-column__background-color uagb-block-ae4d75dc\"><div class=\"uagb-column__overlay\"><\/div>\n<div class=\"wp-block-uagb-info-box uagb-block-ef81fd99 uagb-infobox__content-wrap  uagb-infobox-icon-above-title uagb-infobox-image-valign-top\"><div class=\"uagb-ifb-content\"><div class=\"uagb-ifb-title-wrap\"><h4 class=\"uagb-ifb-title\"><strong>Usar el kit de herramientas \u201ch\u00e1galo usted mismo\u201d para redes comunitarias<\/strong><\/h4><\/div><p class=\"uagb-ifb-desc\">Si ya tiene claro que una red comunitaria es la soluci\u00f3n,  <a href=\"https:\/\/www.internetsociety.org\/es\/resources\/advancing-community-connectivity\/diy-toolkit\/\">explore kit de herramientas \u201ch\u00e1galo usted mismo\u201d<\/a>. Ah\u00ed encontrar\u00e1 instrucciones paso a paso que lo guiar\u00e1n por todo lo necesario, incluyendo la selecci\u00f3n de equipos, las estructuras organizativas y la planificaci\u00f3n de su instalaci\u00f3n.<\/p><\/div><\/div>\n<\/div>\n<\/div><\/section>\n\n\n\n<p class=\"has-ground-navy-color has-text-color has-link-color has-18-font-size wp-elements-3c9ae05e43be48146ba1a3725d0a2cdb\">Si necesita m\u00e1s informaci\u00f3n sobre c\u00f3mo se pueden actualizar las pol\u00edticas o tiene dudas sobre c\u00f3mo empezar, con gusto lo ayudaremos. <a href=\"mailto:connectivity@isoc.org\">P\u00f3ngase en contacto con nosotros.<\/a><\/p>\n\n\n\n<p class=\"has-ground-navy-color has-text-color has-link-color has-18-font-size wp-elements-a179c8b9a1bf223e2fb1fde7fe8f90de\">Tambi\u00e9n puede descargar las <a href=\"https:\/\/www.internetsociety.org\/wp-content\/uploads\/2025\/06\/2025_Advancing_Community_Connectivity-ES.pdf\">Estrategias de pol\u00edticas para cerrar la brecha digital<\/a> en formato PDF..<\/p>\n<\/div>\n<\/div><\/section>\n\n\n\n<p class=\"has-text-align-center has-neutral-white-color has-ground-navy-background-color has-text-color has-background has-12-font-size\">Derechos de autor:<br>\u00a9 Jo\u00e3o Aguiar\/Internet Society, \u00a9 Angela Gzowski, \u00a9 Internet Society Rwanda, \u00a9 Nyani Quarmyne<\/p>\n","protected":false},"excerpt":{"rendered":"<p>Explore consejos, recursos e historias de \u00e9xito para crear pol\u00edticas de Internet inclusivas que potencien soluciones de conectividad local.<\/p>\n","protected":false},"author":46,"featured_media":0,"parent":232817,"menu_order":0,"comment_status":"closed","ping_status":"closed","template":"page-wide.php","meta":{"_acf_changed":false,"_uag_custom_page_level_css":"","footnotes":""},"categories":[67,122,173],"tags":[],"region_news_regions":[6030],"content_category":[6106],"ppma_author":[4057],"class_list":["post-223920","page","type-page","status-publish","hentry","category-acceso-es","category-redes-comunitarias","category-politicas-publicas","region_news_regions-global","content_category-resources-type"],"acf":[],"uagb_featured_image_src":{"full":false,"thumbnail":false,"medium":false,"medium_large":false,"large":false,"1536x1536":false,"2048x2048":false,"post-thumbnail":false,"square":false,"gform-image-choice-sm":false,"gform-image-choice-md":false,"gform-image-choice-lg":false},"uagb_author_info":{"display_name":"Ivana Trbovic","author_link":"https:\/\/www.internetsociety.org\/es\/author\/trbovic\/"},"uagb_comment_info":0,"uagb_excerpt":"Explore consejos, recursos e historias de \u00e9xito para crear pol\u00edticas de Internet inclusivas que potencien soluciones de conectividad local.","_links":{"self":[{"href":"https:\/\/www.internetsociety.org\/es\/wp-json\/wp\/v2\/pages\/223920","targetHints":{"allow":["GET"]}}],"collection":[{"href":"https:\/\/www.internetsociety.org\/es\/wp-json\/wp\/v2\/pages"}],"about":[{"href":"https:\/\/www.internetsociety.org\/es\/wp-json\/wp\/v2\/types\/page"}],"author":[{"embeddable":true,"href":"https:\/\/www.internetsociety.org\/es\/wp-json\/wp\/v2\/users\/46"}],"replies":[{"embeddable":true,"href":"https:\/\/www.internetsociety.org\/es\/wp-json\/wp\/v2\/comments?post=223920"}],"version-history":[{"count":0,"href":"https:\/\/www.internetsociety.org\/es\/wp-json\/wp\/v2\/pages\/223920\/revisions"}],"up":[{"embeddable":true,"href":"https:\/\/www.internetsociety.org\/es\/wp-json\/wp\/v2\/pages\/232817"}],"wp:attachment":[{"href":"https:\/\/www.internetsociety.org\/es\/wp-json\/wp\/v2\/media?parent=223920"}],"wp:term":[{"taxonomy":"category","embeddable":true,"href":"https:\/\/www.internetsociety.org\/es\/wp-json\/wp\/v2\/categories?post=223920"},{"taxonomy":"post_tag","embeddable":true,"href":"https:\/\/www.internetsociety.org\/es\/wp-json\/wp\/v2\/tags?post=223920"},{"taxonomy":"region_news_regions","embeddable":true,"href":"https:\/\/www.internetsociety.org\/es\/wp-json\/wp\/v2\/region_news_regions?post=223920"},{"taxonomy":"content_category","embeddable":true,"href":"https:\/\/www.internetsociety.org\/es\/wp-json\/wp\/v2\/content_category?post=223920"},{"taxonomy":"author","embeddable":true,"href":"https:\/\/www.internetsociety.org\/es\/wp-json\/wp\/v2\/ppma_author?post=223920"}],"curies":[{"name":"wp","href":"https:\/\/api.w.org\/{rel}","templated":true}]}}