{"id":223313,"date":"2025-04-01T15:36:19","date_gmt":"2025-04-01T15:36:19","guid":{"rendered":"https:\/\/www.internetsociety.org\/?page_id=223313"},"modified":"2025-07-08T18:27:23","modified_gmt":"2025-07-08T18:27:23","slug":"supporting-a-secure-and-trustworthy-internet","status":"publish","type":"page","link":"https:\/\/www.internetsociety.org\/es\/our-work\/supporting-a-secure-and-trustworthy-internet\/","title":{"rendered":"Apoyamos una Internet segura y confiable"},"content":{"rendered":"\n<section class=\"wp-block-uagb-columns uagb-columns__wrap uagb-columns__background-image uagb-columns__stack-mobile uagb-columns__valign- uagb-columns__gap-10 align uagb-block-97cd7c03 uagb-columns__columns-1 uagb-columns__max_width-theme background-image-fallback-black uag-hide-tab uag-hide-mob\"><div class=\"uagb-columns__overlay\"><\/div><div class=\"uagb-columns__inner-wrap uagb-columns__columns-1\">\n<div class=\"wp-block-uagb-column uagb-column__wrap uagb-column__background-color uagb-block-6c4fbb6d\"><div class=\"uagb-column__overlay\"><\/div>\n<h1 class=\"wp-block-heading has-neutral-white-color has-text-color\">Apoyamos <br>una Internet<br>segura y confiable<\/h1>\n<\/div>\n<\/div><\/section>\n\n\n\n<section class=\"wp-block-uagb-columns uagb-columns__wrap uagb-columns__background-none uagb-columns__stack-tablet uagb-columns__valign-top uagb-columns__gap-10 align uagb-block-de3d1d5d uagb-columns__columns-1 uagb-columns__max_width-theme uag-hide-desktop\"><div class=\"uagb-columns__overlay\"><\/div><div class=\"uagb-columns__inner-wrap uagb-columns__columns-1\">\n<div class=\"wp-block-uagb-column uagb-column__wrap uagb-column__background-undefined uagb-block-f338041f\"><div class=\"uagb-column__overlay\"><\/div>\n<h1 class=\"wp-block-heading has-text-align-left\">Apoyamos una Internet segura y confiable<\/h1>\n\n\n\n<div style=\"height:30px\" aria-hidden=\"true\" class=\"wp-block-spacer\"><\/div>\n\n\n\n<figure class=\"wp-block-image size-full\"><img loading=\"lazy\" decoding=\"async\" width=\"1280\" height=\"550\" src=\"https:\/\/www.internetsociety.org\/wp-content\/uploads\/2020\/04\/Kids-Need-Encryption.jpg\" alt=\"Indian father and child with smartphone\" class=\"wp-image-113656\" srcset=\"https:\/\/www.internetsociety.org\/wp-content\/uploads\/2020\/04\/Kids-Need-Encryption.jpg 1280w, https:\/\/www.internetsociety.org\/wp-content\/uploads\/2020\/04\/Kids-Need-Encryption-450x193.jpg 450w, https:\/\/www.internetsociety.org\/wp-content\/uploads\/2020\/04\/Kids-Need-Encryption-1024x440.jpg 1024w, https:\/\/www.internetsociety.org\/wp-content\/uploads\/2020\/04\/Kids-Need-Encryption-768x330.jpg 768w, https:\/\/www.internetsociety.org\/wp-content\/uploads\/2020\/04\/Kids-Need-Encryption-250x107.jpg 250w\" sizes=\"auto, (max-width: 1280px) 100vw, 1280px\" \/><\/figure>\n<\/div>\n<\/div><\/section>\n\n\n\n<section class=\"wp-block-uagb-columns uagb-columns__wrap uagb-columns__background-none uagb-columns__stack-tablet uagb-columns__valign-top uagb-columns__gap-10 align uagb-block-7fc96a50 uagb-columns__columns-1 uagb-columns__max_width-theme\"><div class=\"uagb-columns__overlay\"><\/div><div class=\"uagb-columns__inner-wrap uagb-columns__columns-1\">\n<div class=\"wp-block-uagb-column uagb-column__wrap uagb-column__background-undefined uagb-block-8e5712d6\"><div class=\"uagb-column__overlay\"><\/div>\n<h2 class=\"wp-block-heading has-accent-purple-color has-text-color has-32-font-size\"><strong>Las personas necesitan una Internet en la que puedan confiar. Nosotros luchamos para que eso suceda.<\/strong><\/h2>\n\n\n\n<div style=\"height:20px\" aria-hidden=\"true\" class=\"wp-block-spacer\"><\/div>\n\n\n\n<p class=\"has-18-font-size\">Cada minuto de cada hora, las personas se conectan entre s\u00ed en l\u00ednea, comparten informaci\u00f3n, ideas y sue\u00f1os.<\/p>\n\n\n\n<p class=\"has-18-font-size\">Trabajando con nuestra comunidad global, ayudamos a hacer de Internet un lugar confiable. Juntos, abogamos por mantener la resiliencia y el funcionamiento de Internet y educamos a las personas para que tomen decisiones m\u00e1s seguras en l\u00ednea.<\/p>\n\n\n\n<div style=\"height:40px\" aria-hidden=\"true\" class=\"wp-block-spacer uag-hide-tab uag-hide-mob\"><\/div>\n\n\n\n<div style=\"height:20px\" aria-hidden=\"true\" class=\"wp-block-spacer uag-hide-desktop\"><\/div>\n\n\n\n<h3 class=\"wp-block-heading has-32-font-size\">C\u00f3mo estamos reconstruyendo la confianza en Internet<\/h3>\n\n\n\n<div style=\"height:20px\" aria-hidden=\"true\" class=\"wp-block-spacer\"><\/div>\n\n\n\n<p class=\"has-18-font-size\">Nos aseguramos de que los desarrollos pol\u00edticos y tecnol\u00f3gicos respalden lo que Internet necesita para seguir siendo un recurso global para todos.<\/p>\n\n\n\n<p class=\"has-18-font-size\"><a href=\"https:\/\/www.internetsociety.org\/es\/action-plan\/online-trust-and-safety\/\">Apoyo para promover la confianza y la seguridad en l\u00ednea<br><\/a>Trabajamos para ayudar a las personas reci\u00e9n conectadas a tener una experiencia en l\u00ednea m\u00e1s segura.<\/p>\n\n\n\n<p class=\"has-18-font-size\"><a href=\"https:\/\/www.internetsociety.org\/es\/action-plan\/ndss-symposium\/\">Compartiendo los conocimientos m\u00e1s recientes sobre seguridad<\/a><br>Mediante el intercambio colaborativo de investigaciones de vanguardia sobre seguridad de sistemas, el Simposio NDSS ayuda a la comunidad de Internet a hacerla m\u00e1s segura.<\/p>\n\n\n\n<p class=\"has-18-font-size\"><a href=\"https:\/\/www.internetsociety.org\/es\/action-plan\/encryption\/\">Extendiendo el cifrado<\/a><br>Para fomentar la confianza de las personas en Internet, es necesario que puedan sentirse seguras en la red. El cifrado contribuye a esto al mantener la seguridad de nuestras acciones en l\u00ednea. Promovemos los beneficios del cifrado ante los formuladores de pol\u00edticas para evitar una legislaci\u00f3n que debilite este recurso fundamental.<\/p>\n\n\n\n<p class=\"has-18-font-size\"><a href=\"https:\/\/www.internetsociety.org\/es\/amicus-program\/\">Influyendo en las leyes de Internet<\/a><br>Los tribunales con frecuencia deciden sobre asuntos legales e interpretan los estatutos y normativas que afectan el funcionamiento de Internet. Compartimos nuestros puntos de vista con los tribunales para garantizar que cualquier ley que se apruebe apoye una Internet abierta, globalmente conectada, segura y confiable.<\/p>\n\n\n\n<p class=\"has-18-font-size\"><a href=\"https:\/\/internetsociety.org\/es\/issues\/internet-governance\/\">Promoci\u00f3n y defensa de un modelo de gobernanza de Internet de m\u00faltiples partes interesadas<br><\/a>Trabajamos para eliminar los obst\u00e1culos a la adopci\u00f3n de est\u00e1ndares y abrir las puertas para que todos puedan opinar sobre c\u00f3mo se desarrollan las pol\u00edticas y los est\u00e1ndares de Internet.<\/p>\n\n\n\n<p class=\"has-18-font-size\"><a href=\"https:\/\/www.internetsociety.org\/es\/action-plan\/countering-internet-threats\/\">Protegiendo una Internet abierta<\/a><br>Ya sea de manera intencional o no, las pol\u00edticas p\u00fablicas y las decisiones comerciales pueden amenazar los mismos principios que han hecho de Internet una red tan exitosa y hacerla menos segura. Trabajamos para abogar por pol\u00edticas que protejan a Internet, no que la debiliten.<\/p>\n<\/div>\n<\/div><\/section>\n\n\n\n<section class=\"wp-block-uagb-columns uagb-columns__wrap uagb-columns__background-image uagb-columns__stack-none uagb-columns__valign- uagb-columns__gap-10 align uagb-block-4d9bf2bb uagb-columns__columns-1 uagb-columns__max_width-theme background-image-fallback-white\"><div class=\"uagb-columns__overlay\"><\/div><div class=\"uagb-columns__inner-wrap uagb-columns__columns-1\">\n<div class=\"wp-block-uagb-column uagb-column__wrap uagb-column__background-undefined uagb-block-4c678b85\"><div class=\"uagb-column__overlay\"><\/div>\n<h3 class=\"wp-block-heading has-32-font-size\"><strong>Pasos que hemos dado hacia una Internet m\u00e1s confiable<\/strong><\/h3>\n\n\n\n<div style=\"height:20px\" aria-hidden=\"true\" class=\"wp-block-spacer\"><\/div>\n\n\n\n<div class=\"wp-block-uagb-slider uagb-block-ad603c61 uagb-slider-container\"><div class=\"uagb-slides uagb-swiper\"><div class=\"swiper-wrapper\">\n<div class=\"wp-block-uagb-slider-child uagb-slider-child-wrap swiper-slide uagb-block-be2a7d87\"><div class=\"swiper-content\">\n<div class=\"wp-block-uagb-container uagb-block-b5f2db99 default uagb-is-root-container\">\n<section class=\"wp-block-uagb-columns uagb-columns__wrap uagb-columns__background-none uagb-columns__stack-tablet uagb-columns__valign-center uagb-columns__gap-10 align uagb-columns__reverse-tablet uagb-block-28598c2e uagb-columns__columns-2 uagb-columns__max_width-theme\"><div class=\"uagb-columns__overlay\"><\/div><div class=\"uagb-columns__inner-wrap uagb-columns__columns-2\">\n<div class=\"wp-block-uagb-column uagb-column__wrap uagb-column__background-color uagb-block-0876264a\"><div class=\"uagb-column__overlay\"><\/div>\n<h3 class=\"wp-block-heading has-28-font-size\">Fomentar el cifrado para una Internet m\u00e1s segura<\/h3>\n\n\n\n<div style=\"height:20px\" aria-hidden=\"true\" class=\"wp-block-spacer\"><\/div>\n\n\n\n<p class=\"has-18-font-size\">Mientras m\u00e1s personas usen el cifrado de extremo a extremo, m\u00e1s segura y confiable se vuelve Internet para todos.<\/p>\n\n\n\n<p class=\"has-18-font-size\">Jessica Dickinson Goodman del cap\u00edtulo de Internet Society del \u00c1rea de la Bah\u00eda de San Francisco est\u00e1 <a href=\"https:\/\/www.youtube.com\/watch?v=CrUTpl6S95I\" target=\"_blank\" rel=\"noreferrer noopener\">luchando para difundir m\u00e1s el cifrado de extremo a extremo<\/a> y mantener a salvo a los ni\u00f1os en l\u00ednea.<\/p>\n<\/div>\n\n\n\n<div class=\"wp-block-uagb-column uagb-column__wrap uagb-column__background-color uagb-block-e26e6e61\"><div class=\"uagb-column__overlay\"><\/div><div class=\"wp-block-image\">\n<figure class=\"alignleft size-full\"><img loading=\"lazy\" decoding=\"async\" width=\"1200\" height=\"550\" src=\"https:\/\/www.internetsociety.org\/wp-content\/uploads\/2024\/12\/Kid-On-Computer.jpg\" alt=\"The back of a kid's head as he looks at a computer.\" class=\"wp-image-217110\" style=\"aspect-ratio:1;object-fit:cover\" srcset=\"https:\/\/www.internetsociety.org\/wp-content\/uploads\/2024\/12\/Kid-On-Computer.jpg 1200w, https:\/\/www.internetsociety.org\/wp-content\/uploads\/2024\/12\/Kid-On-Computer-450x206.jpg 450w, https:\/\/www.internetsociety.org\/wp-content\/uploads\/2024\/12\/Kid-On-Computer-1024x469.jpg 1024w, https:\/\/www.internetsociety.org\/wp-content\/uploads\/2024\/12\/Kid-On-Computer-768x352.jpg 768w, https:\/\/www.internetsociety.org\/wp-content\/uploads\/2024\/12\/Kid-On-Computer-250x115.jpg 250w\" sizes=\"auto, (max-width: 1200px) 100vw, 1200px\" \/><\/figure>\n<\/div><\/div>\n<\/div><\/section>\n<\/div>\n<\/div><\/div>\n\n\n\n<div class=\"wp-block-uagb-slider-child uagb-slider-child-wrap swiper-slide uagb-block-a93aaebc\"><div class=\"swiper-content\">\n<div class=\"wp-block-uagb-container uagb-block-3017b8a1 default uagb-is-root-container\">\n<section class=\"wp-block-uagb-columns uagb-columns__wrap uagb-columns__background-none uagb-columns__stack-tablet uagb-columns__valign-center uagb-columns__gap-10 align uagb-columns__reverse-tablet uagb-block-7013c569 uagb-columns__columns-2 uagb-columns__max_width-theme\"><div class=\"uagb-columns__overlay\"><\/div><div class=\"uagb-columns__inner-wrap uagb-columns__columns-2\">\n<div class=\"wp-block-uagb-column uagb-column__wrap uagb-column__background-color uagb-block-3d73278c\"><div class=\"uagb-column__overlay\"><\/div>\n<h3 class=\"wp-block-heading has-28-font-size\">Empoderar digitalmente a los adultos mayores en M\u00e9xico<\/h3>\n\n\n\n<div style=\"height:20px\" aria-hidden=\"true\" class=\"wp-block-spacer\"><\/div>\n\n\n\n<p class=\"has-18-font-size\">Gracias a la capacitaci\u00f3n ofrecida por el cap\u00edtulo de Internet Society de M\u00e9xico , <a href=\"https:\/\/www.internetsociety.org\/es\/blog\/2025\/01\/entender-e-identificar-estafas-capacitar-digitalmente-a-los-adultos-mayores-en-mexico\/\" target=\"_blank\" rel=\"noreferrer noopener\">los adultos mayores est\u00e1n adquiriendo habilidades para reconocer estafas y fraudes<\/a>.<\/p>\n\n\n\n<p class=\"has-18-font-size\">Hasta el momento, m\u00e1s de 200 participantes han aprendido a usar Internet de forma m\u00e1s segura, y sus nuevas herramientas y conocimientos les est\u00e1n ayudando a evitar las estafas y los fraudes en l\u00ednea.<\/p>\n<\/div>\n\n\n\n<div class=\"wp-block-uagb-column uagb-column__wrap uagb-column__background-color uagb-block-7779069c\"><div class=\"uagb-column__overlay\"><\/div><div class=\"wp-block-image\">\n<figure class=\"alignleft size-full\"><img loading=\"lazy\" decoding=\"async\" width=\"1000\" height=\"890\" src=\"https:\/\/www.internetsociety.org\/wp-content\/uploads\/2025\/01\/Jeffry-and-Man.jpg\" alt=\"Two men stand together next to an Internet Society Mexico Chapter sign\" class=\"wp-image-218566\" style=\"aspect-ratio:1;object-fit:cover\" srcset=\"https:\/\/www.internetsociety.org\/wp-content\/uploads\/2025\/01\/Jeffry-and-Man.jpg 1000w, https:\/\/www.internetsociety.org\/wp-content\/uploads\/2025\/01\/Jeffry-and-Man-450x401.jpg 450w, https:\/\/www.internetsociety.org\/wp-content\/uploads\/2025\/01\/Jeffry-and-Man-768x684.jpg 768w, https:\/\/www.internetsociety.org\/wp-content\/uploads\/2025\/01\/Jeffry-and-Man-250x223.jpg 250w\" sizes=\"auto, (max-width: 1000px) 100vw, 1000px\" \/><\/figure>\n<\/div><\/div>\n<\/div><\/section>\n<\/div>\n<\/div><\/div>\n\n\n\n<div class=\"wp-block-uagb-slider-child uagb-slider-child-wrap swiper-slide uagb-block-907235a6\"><div class=\"swiper-content\">\n<div class=\"wp-block-uagb-container uagb-block-00c745d0 default uagb-is-root-container\">\n<section class=\"wp-block-uagb-columns uagb-columns__wrap uagb-columns__background-none uagb-columns__stack-tablet uagb-columns__valign-center uagb-columns__gap-10 align uagb-columns__reverse-tablet uagb-block-239643ad uagb-columns__columns-2 uagb-columns__max_width-theme\"><div class=\"uagb-columns__overlay\"><\/div><div class=\"uagb-columns__inner-wrap uagb-columns__columns-2\">\n<div class=\"wp-block-uagb-column uagb-column__wrap uagb-column__background-color uagb-block-d94f760c\"><div class=\"uagb-column__overlay\"><\/div>\n<h3 class=\"wp-block-heading has-28-font-size\">Crear equidad en el acceso digital en Pakist\u00e1n<\/h3>\n\n\n\n<div style=\"height:20px\" aria-hidden=\"true\" class=\"wp-block-spacer\"><\/div>\n\n\n\n<p class=\"has-18-font-size\">Nighat Dad, abogada especializada en derechos humanos y defensora de los derechos digitales, cree que la brecha de g\u00e9nero fuera de Internet en Pakist\u00e1n se ve reflejada en los espacios en l\u00ednea.<\/p>\n\n\n\n<p class=\"has-18-font-size\">Ella trabaja arduamente para <a href=\"https:\/\/vimeo.com\/873715149\" target=\"_blank\" rel=\"noreferrer noopener\">darle a las voces marginadas una plataforma<\/a> en la que puedan ser escuchadas.<\/p>\n<\/div>\n\n\n\n<div class=\"wp-block-uagb-column uagb-column__wrap uagb-column__background-color uagb-block-338ce41f\"><div class=\"uagb-column__overlay\"><\/div><div class=\"wp-block-image\">\n<figure class=\"alignleft size-full\"><img loading=\"lazy\" decoding=\"async\" width=\"1000\" height=\"666\" src=\"https:\/\/www.internetsociety.org\/wp-content\/uploads\/2024\/11\/Woman-in-mask.jpg\" alt=\"A woman wearing a mask sits in a group\" class=\"wp-image-215801\" style=\"aspect-ratio:1;object-fit:cover\" srcset=\"https:\/\/www.internetsociety.org\/wp-content\/uploads\/2024\/11\/Woman-in-mask.jpg 1000w, https:\/\/www.internetsociety.org\/wp-content\/uploads\/2024\/11\/Woman-in-mask-450x300.jpg 450w, https:\/\/www.internetsociety.org\/wp-content\/uploads\/2024\/11\/Woman-in-mask-768x511.jpg 768w, https:\/\/www.internetsociety.org\/wp-content\/uploads\/2024\/11\/Woman-in-mask-250x167.jpg 250w\" sizes=\"auto, (max-width: 1000px) 100vw, 1000px\" \/><\/figure>\n<\/div><\/div>\n<\/div><\/section>\n<\/div>\n<\/div><\/div>\n<\/div><\/div><div class=\"swiper-pagination\"><\/div><div class=\"swiper-button-prev\"><\/div><div class=\"swiper-button-next\"><\/div><\/div>\n<\/div>\n<\/div><\/section>\n\n\n\n<section class=\"wp-block-uagb-columns uagb-columns__wrap uagb-columns__background-image uagb-columns__stack-mobile uagb-columns__valign- uagb-columns__gap-10 align uagb-block-e5f94c96 uagb-columns__columns-1 uagb-columns__max_width-theme background-image-fallback-black uag-hide-tab uag-hide-mob\"><div class=\"uagb-columns__overlay\"><\/div><div class=\"uagb-columns__inner-wrap uagb-columns__columns-1\">\n<div class=\"wp-block-uagb-column uagb-column__wrap uagb-column__background-color uagb-block-c7dd5692\"><div class=\"uagb-column__overlay\"><\/div>\n<h3 class=\"wp-block-heading has-white-color has-text-color has-48-font-size\"><strong>Juntos, podemos combatir la falta de confianza en Internet.<\/strong><\/h3>\n\n\n\n<div style=\"height:30px\" aria-hidden=\"true\" class=\"wp-block-spacer\"><\/div>\n\n\n\n<p class=\"has-neutral-white-color has-text-color has-18-font-size\">Restablecer la confianza en Internet requiere de un esfuerzo en conjunto. Sin importar si usted es un individuo, una organizaci\u00f3n, o un formulador de pol\u00edticas, su voz y sus acciones son importantes.<\/p>\n\n\n\n<p class=\"has-neutral-white-color has-text-color has-18-font-size\">Juntos, podemos empoderar a la gente y las comunidades para que tomen decisiones m\u00e1s seguras, promuevan el cambio y recuperen la confianza en la Internet como un recurso p\u00fablico global.<\/p>\n\n\n\n<div style=\"height:20px\" aria-hidden=\"true\" class=\"wp-block-spacer\"><\/div>\n\n\n\n<div class=\"wp-block-buttons is-horizontal is-content-justification-left is-layout-flex wp-container-core-buttons-is-layout-92fc3979 wp-block-buttons-is-layout-flex\">\n<div class=\"wp-block-button hover-background-transparent hover-border-white is-style-fill\"><a class=\"wp-block-button__link has-ground-navy-color has-accent-yellow-background-color has-text-color has-background wp-element-button\" href=\"https:\/\/www.internetsociety.org\/es\/get-involved\/\"><strong>Participe<\/strong><\/a><\/div>\n<\/div>\n<\/div>\n<\/div><\/section>\n\n\n\n<section class=\"wp-block-uagb-columns uagb-columns__wrap uagb-columns__background-color uagb-columns__stack-tablet uagb-columns__valign-top uagb-columns__gap-10 align uagb-block-456ebeaf uagb-columns__columns-1 uagb-columns__max_width-theme uag-hide-desktop\"><div class=\"uagb-columns__overlay\"><\/div><div class=\"uagb-columns__inner-wrap uagb-columns__columns-1\">\n<div class=\"wp-block-uagb-column uagb-column__wrap uagb-column__background-undefined uagb-block-a85a1003\"><div class=\"uagb-column__overlay\"><\/div>\n<h3 class=\"wp-block-heading has-ground-navy-color has-text-color has-32-font-size\"><strong>Juntos, podemos combatir la falta de confianza en Internet.<\/strong><\/h3>\n\n\n\n<div style=\"height:30px\" aria-hidden=\"true\" class=\"wp-block-spacer\"><\/div>\n\n\n\n<figure class=\"wp-block-image size-full\"><img loading=\"lazy\" decoding=\"async\" width=\"599\" height=\"275\" src=\"https:\/\/www.internetsociety.org\/wp-content\/uploads\/2024\/05\/NANUM-dancing-kids-small.jpg\" alt=\"\" class=\"wp-image-210955\" srcset=\"https:\/\/www.internetsociety.org\/wp-content\/uploads\/2024\/05\/NANUM-dancing-kids-small.jpg 599w, https:\/\/www.internetsociety.org\/wp-content\/uploads\/2024\/05\/NANUM-dancing-kids-small-450x207.jpg 450w, https:\/\/www.internetsociety.org\/wp-content\/uploads\/2024\/05\/NANUM-dancing-kids-small-250x115.jpg 250w\" sizes=\"auto, (max-width: 599px) 100vw, 599px\" \/><\/figure>\n\n\n\n<div style=\"height:30px\" aria-hidden=\"true\" class=\"wp-block-spacer\"><\/div>\n\n\n\n<p class=\"has-18-font-size\">Restablecer la confianza en Internet requiere de un esfuerzo en conjunto. Sin importar si usted es un individuo, una organizaci\u00f3n, o un formulador de pol\u00edticas, su voz y sus acciones son importantes.<\/p>\n\n\n\n<p class=\"has-18-font-size\">Juntos, podemos empoderar a la gente y las comunidades para que tomen decisiones m\u00e1s seguras, promuevan el cambio y recuperen la confianza en la Internet como un recurso p\u00fablico global.<\/p>\n\n\n\n<div style=\"height:20px\" aria-hidden=\"true\" class=\"wp-block-spacer\"><\/div>\n\n\n\n<div class=\"wp-block-buttons is-horizontal is-content-justification-left is-layout-flex wp-container-core-buttons-is-layout-92fc3979 wp-block-buttons-is-layout-flex\">\n<div class=\"wp-block-button hover-background-transparent hover-border-white is-style-fill\"><a class=\"wp-block-button__link has-ground-navy-color has-accent-yellow-background-color has-text-color has-background wp-element-button\" href=\"https:\/\/www.internetsociety.org\/es\/get-involved\/\"><strong>Participe<\/strong><\/a><\/div>\n<\/div>\n<\/div>\n<\/div><\/section>\n\n\n\n<p class=\"has-text-align-center has-neutral-white-color has-ground-navy-background-color has-text-color has-background has-12-font-size\">Derechos de autor:<br>\u00a9 Thomas Park via Unsplash, \u00a9 Internet Society Mexico Chapter, \u00a9 Welfare Association for New Generation, \u00a9 Jos\u00e9 Elizeche<\/p>\n","protected":false},"excerpt":{"rendered":"<p>En colaboraci\u00f3n con nuestra comunidad global, trabajamos para garantizar que Internet siga siendo un espacio seguro y confiable para todos.<\/p>\n","protected":false},"author":46,"featured_media":113658,"parent":47380,"menu_order":0,"comment_status":"closed","ping_status":"closed","template":"page-wide.php","meta":{"_acf_changed":false,"_uag_custom_page_level_css":"","footnotes":""},"categories":[119,4898,4910],"tags":[],"region_news_regions":[],"content_category":[],"ppma_author":[4057],"class_list":["post-223313","page","type-page","status-publish","has-post-thumbnail","hentry","category-quienes-somos","category-strong-internet","category-fortalecimiento-de-internet"],"acf":[],"uagb_featured_image_src":{"full":["https:\/\/www.internetsociety.org\/wp-content\/uploads\/2020\/04\/Kids-Need-Encryption.jpg",1280,550,false],"thumbnail":["https:\/\/www.internetsociety.org\/wp-content\/uploads\/2020\/04\/Kids-Need-Encryption-150x150.jpg",150,150,true],"medium":["https:\/\/www.internetsociety.org\/wp-content\/uploads\/2020\/04\/Kids-Need-Encryption-450x193.jpg",450,193,true],"medium_large":["https:\/\/www.internetsociety.org\/wp-content\/uploads\/2020\/04\/Kids-Need-Encryption-768x330.jpg",768,330,true],"large":["https:\/\/www.internetsociety.org\/wp-content\/uploads\/2020\/04\/Kids-Need-Encryption-1024x440.jpg",1024,440,true],"1536x1536":["https:\/\/www.internetsociety.org\/wp-content\/uploads\/2020\/04\/Kids-Need-Encryption.jpg",1280,550,false],"2048x2048":["https:\/\/www.internetsociety.org\/wp-content\/uploads\/2020\/04\/Kids-Need-Encryption.jpg",1280,550,false],"post-thumbnail":["https:\/\/www.internetsociety.org\/wp-content\/uploads\/2020\/04\/Kids-Need-Encryption-250x107.jpg",250,107,true],"square":["https:\/\/www.internetsociety.org\/wp-content\/uploads\/2020\/04\/Kids-Need-Encryption-600x550.jpg",600,550,true],"gform-image-choice-sm":["https:\/\/www.internetsociety.org\/wp-content\/uploads\/2020\/04\/Kids-Need-Encryption.jpg",300,129,false],"gform-image-choice-md":["https:\/\/www.internetsociety.org\/wp-content\/uploads\/2020\/04\/Kids-Need-Encryption.jpg",400,172,false],"gform-image-choice-lg":["https:\/\/www.internetsociety.org\/wp-content\/uploads\/2020\/04\/Kids-Need-Encryption.jpg",600,258,false]},"uagb_author_info":{"display_name":"Ivana Trbovic","author_link":"https:\/\/www.internetsociety.org\/es\/author\/trbovic\/"},"uagb_comment_info":0,"uagb_excerpt":"En colaboraci\u00f3n con nuestra comunidad global, trabajamos para garantizar que Internet siga siendo un espacio seguro y confiable para todos.","_links":{"self":[{"href":"https:\/\/www.internetsociety.org\/es\/wp-json\/wp\/v2\/pages\/223313","targetHints":{"allow":["GET"]}}],"collection":[{"href":"https:\/\/www.internetsociety.org\/es\/wp-json\/wp\/v2\/pages"}],"about":[{"href":"https:\/\/www.internetsociety.org\/es\/wp-json\/wp\/v2\/types\/page"}],"author":[{"embeddable":true,"href":"https:\/\/www.internetsociety.org\/es\/wp-json\/wp\/v2\/users\/46"}],"replies":[{"embeddable":true,"href":"https:\/\/www.internetsociety.org\/es\/wp-json\/wp\/v2\/comments?post=223313"}],"version-history":[{"count":0,"href":"https:\/\/www.internetsociety.org\/es\/wp-json\/wp\/v2\/pages\/223313\/revisions"}],"up":[{"embeddable":true,"href":"https:\/\/www.internetsociety.org\/es\/wp-json\/wp\/v2\/pages\/47380"}],"wp:featuredmedia":[{"embeddable":true,"href":"https:\/\/www.internetsociety.org\/es\/wp-json\/wp\/v2\/media\/113658"}],"wp:attachment":[{"href":"https:\/\/www.internetsociety.org\/es\/wp-json\/wp\/v2\/media?parent=223313"}],"wp:term":[{"taxonomy":"category","embeddable":true,"href":"https:\/\/www.internetsociety.org\/es\/wp-json\/wp\/v2\/categories?post=223313"},{"taxonomy":"post_tag","embeddable":true,"href":"https:\/\/www.internetsociety.org\/es\/wp-json\/wp\/v2\/tags?post=223313"},{"taxonomy":"region_news_regions","embeddable":true,"href":"https:\/\/www.internetsociety.org\/es\/wp-json\/wp\/v2\/region_news_regions?post=223313"},{"taxonomy":"content_category","embeddable":true,"href":"https:\/\/www.internetsociety.org\/es\/wp-json\/wp\/v2\/content_category?post=223313"},{"taxonomy":"author","embeddable":true,"href":"https:\/\/www.internetsociety.org\/es\/wp-json\/wp\/v2\/ppma_author?post=223313"}],"curies":[{"name":"wp","href":"https:\/\/api.w.org\/{rel}","templated":true}]}}